{"id":393,"date":"2016-11-14T09:33:28","date_gmt":"2016-11-14T09:33:28","guid":{"rendered":"http:\/\/www.aceitenovecientos.com\/tienda-online\/caja-aceite-sabores-aceite-jamon-aceite-curry-aceite-chocolate\/"},"modified":"2023-02-07T13:00:19","modified_gmt":"2023-02-07T12:00:19","slug":"aceite-de-sabores-jamon-curry-chocolate","status":"publish","type":"product","link":"https:\/\/www.aceitenovecientos.com\/en\/product\/aceite-de-sabores-jamon-curry-chocolate\/","title":{"rendered":"Trio Aceite de oliva aromatizado 900 de Jam\u00f3n Serrano, Curry y Chocolate"},"content":{"rendered":"<h2 class=\"product_title entry-title\">Caja aceites de oliva aromatizados y vinagres, aceite de chocolate, curry y jam\u00f3n.<\/h2>\n<p>Nuestro aceite de sabores de Curry, chocolate y Jam\u00f3n serrano<\/p>\n<h2 class=\"product_title entry-title\">Aceite de Sabores: Curry<\/h2>\n<div>\n<p class=\"price\"><span class=\"woocommerce-Price-amount amount\"><span class=\"woocommerce-Price-currencySymbol\">Condi<\/span><\/span>mento de aceite de oliva virgen extra con<strong> aroma de curry.<\/strong> Una forma original de tomar un alimento tradicional y saludable.<\/p>\n<\/div>\n<div>\n<p>Sabor de origen asi\u00e1tico pero mundialmente utilizado para aderezar pastas y carnes. Sus aplicaciones son infinitas y puedes probarlo con casi todo. Como plato tradicional sugerimos el kus-kus con verduras pero realmente puedes ali\u00f1ar cualquiera de tus recetas preferidas.<\/p>\n<p>&nbsp;<\/p>\n<\/div>\n<h2 class=\"product_title entry-title\">Aceite de \u00a0Sabores: Chocolate<\/h2>\n<div>\n<p>Condimento de aceite de \u00a0CHOCOLATE. Una forma original de tomar un alimento tradicional y saludable.<br \/>\nUn desayuno original: pan r\u00fastico, tu fruta favorita troceada (naranja o pl\u00e1tano por ejemplo) y un chorre\u00f3n de AOVE 900 CHOCOLATE. Posiblemente te lleven a recordar tu infancia.<br \/>\nPuedes utilizarlo como sustituto de otras grasas para el bizcocho o galletas. En reposter\u00eda se usa para hacer cremas y acompa\u00f1ar frutas como la pi\u00f1a. Tambi\u00e9n te recomendamos su utilizaci\u00f3n para cocinar pollo al chocolate o para saltear otras carnes a la plancha<\/p>\n<\/div>\n<h2><\/h2>\n<h2>Aceite de Sabores: Jam\u00f3n Serrano<\/h2>\n<p>Condimento de aceite de oliva virgen extra aromatizado con <strong>jam\u00f3n serrano<\/strong>. Una forma original de tomar un alimento tradicional y saludable.<\/p>\n<p>La mejor forma y m\u00e1s saludable de tomar AOVE 900 JAM\u00d3N SERRANO es como aderezo de ensaladas. Exaltar\u00e1 su delicioso paladar sin duda. Un chorre\u00f3n generoso de AOVE 900 JAM\u00d3N SERRANO, puede hacer que la tostada del desayuno, un s\u00e1ndwich o un bocadillo, no sean simplemente un alimento importante del d\u00eda, sino un momento para disfrutar de un capricho. Es ideal para saltear verduras ya que les aporta un aroma exquisito.<\/p>\n<p>&nbsp;<\/p>\n<p>Si necesitas o quieres saber m\u00e1s sobre el posible uso de los aceites saborizados en funci\u00f3n de la variedad, consulta el documento de Maridajes\u00a0y conoce todos los detalles.<\/p>\n<p><a href=\"http:\/\/www.aceitenovecientos.com\/wp-content\/uploads\/2016\/10\/maridajes.pdf\" target=\"_blank\" rel=\"noopener noreferrer\"><span class=\"boton\">Ver Documento<\/span><\/a><\/p>\n<p>&nbsp;<\/p>","protected":false},"excerpt":{"rendered":"<p><em>(3 Botellas 100ml. ) <\/em>Caja trio con 3 botellas de 100 ml. con una gama completamente diferente de\u00a0aceite de oliva virgen extra con diferentes\u00a0sabores\u00a0 para degustar y sorprender a tu paladar, experimentar en la cocina con ensaladas y platos fr\u00edos y para dar un toque especial y sabroso a carnes y pescados.<em><br \/>\n<\/em><\/p>\n<p>Tambi\u00e9n es un aceite\u00a0apropiado para preparar dulces, galletas o bizcochos.<em><br \/>\n<\/em><\/p>\n<p>La Caja\u00a0incluye:<\/p>\n<p>&#8211;\u00a0Botella Aceite de Oliva Sabor Jam\u00f3n Serrano<\/p>\n<p>&#8211; Botella Aceite de Oliva Sabor Curry<\/p>\n<p>&#8211; Botella Aceite de Oliva Sabor\u00a0Chocolate<\/p>\n<p>Si est\u00e1s interesado en comprar varios aceites saborizados, <strong>hazte con el pack de 3 y ahorra en la compra<\/strong>.<\/p>\n<p><strong>Y si quieres realizar cualquier\u00a0otra combinaci\u00f3n de sabores, p\u00f3ngase en contacto con nosotros a trav\u00e9s del email <a href=\"mailto:info@900foods.com\">info@900foods.com<\/a><\/strong><\/p>","protected":false},"featured_media":1628,"comment_status":"open","ping_status":"closed","template":"","meta":[],"product_cat":[179,8,186],"product_tag":[11,22,21,25,15,12],"class_list":{"0":"post-393","1":"product","2":"type-product","3":"status-publish","4":"has-post-thumbnail","6":"product_cat-aceite-de-oliva-aromatizado","7":"product_cat-aceite-de-oliva-virgen-extra","8":"product_cat-regalos","9":"product_tag-aceite-de-oliva","10":"product_tag-aceite-sabor-chocolate","11":"product_tag-aceite-sabor-curry","12":"product_tag-aceite-sabor-jamon-serrano","13":"product_tag-aceite-saborizado","14":"product_tag-virgen-extra","16":"first","17":"instock","18":"taxable","19":"shipping-taxable","20":"purchasable","21":"product-type-simple"},"yoast_head":"<!-- This site is optimized with the Yoast SEO plugin v24.1 - https:\/\/yoast.com\/wordpress\/plugins\/seo\/ -->\n<title>Aceite de sabores de Chocolate, Jam\u00f3n Serrano y Curry | Aceite 900<\/title>\n<meta name=\"description\" content=\"Caja aceite de sabores con 3 botellas de 100 ml. con una gama diferente de aceites de chocolate, jam\u00f3n y curry. Una forma diferente de tomar aceite aroma\" \/>\n<meta name=\"robots\" content=\"index, follow, max-snippet:-1, max-image-preview:large, max-video-preview:-1\" \/>\n<link rel=\"canonical\" href=\"https:\/\/www.aceitenovecientos.com\/en\/product\/aceite-de-sabores-jamon-curry-chocolate\/\" \/>\n<meta property=\"og:locale\" content=\"en_GB\" \/>\n<meta property=\"og:type\" content=\"article\" \/>\n<meta property=\"og:title\" content=\"Aceite de sabores de Chocolate, Jam\u00f3n Serrano y Curry | Aceite 900\" \/>\n<meta property=\"og:description\" content=\"Caja aceite de sabores con 3 botellas de 100 ml. con una gama diferente de aceites de chocolate, jam\u00f3n y curry. Una forma diferente de tomar aceite aroma\" \/>\n<meta property=\"og:url\" content=\"https:\/\/www.aceitenovecientos.com\/en\/product\/aceite-de-sabores-jamon-curry-chocolate\/\" \/>\n<meta property=\"og:site_name\" content=\"Aceite Novecientos\" \/>\n<meta property=\"article:publisher\" content=\"https:\/\/www.facebook.com\/aceitenovecientos\/\" \/>\n<meta property=\"article:modified_time\" content=\"2023-02-07T12:00:19+00:00\" \/>\n<meta property=\"og:image\" content=\"https:\/\/www.aceitenovecientos.com\/wp-content\/uploads\/2016\/11\/P1050647-2.jpg\" \/>\n\t<meta property=\"og:image:width\" content=\"1617\" \/>\n\t<meta property=\"og:image:height\" content=\"1332\" \/>\n\t<meta property=\"og:image:type\" content=\"image\/jpeg\" \/>\n<meta name=\"twitter:card\" content=\"summary_large_image\" \/>\n<meta name=\"twitter:label1\" content=\"Estimated reading time\" \/>\n\t<meta name=\"twitter:data1\" content=\"2 minutes\" \/>\n<script type=\"application\/ld+json\" class=\"yoast-schema-graph\">{\"@context\":\"https:\/\/schema.org\",\"@graph\":[{\"@type\":\"WebPage\",\"@id\":\"https:\/\/www.aceitenovecientos.com\/producto\/aceite-de-sabores-jamon-curry-chocolate\/\",\"url\":\"https:\/\/www.aceitenovecientos.com\/producto\/aceite-de-sabores-jamon-curry-chocolate\/\",\"name\":\"Aceite de sabores de Chocolate, Jam\u00f3n Serrano y Curry | Aceite 900\",\"isPartOf\":{\"@id\":\"https:\/\/www.aceitenovecientos.com\/#website\"},\"primaryImageOfPage\":{\"@id\":\"https:\/\/www.aceitenovecientos.com\/producto\/aceite-de-sabores-jamon-curry-chocolate\/#primaryimage\"},\"image\":{\"@id\":\"https:\/\/www.aceitenovecientos.com\/producto\/aceite-de-sabores-jamon-curry-chocolate\/#primaryimage\"},\"thumbnailUrl\":\"https:\/\/www.aceitenovecientos.com\/wp-content\/uploads\/2016\/11\/P1050647-2.jpg\",\"datePublished\":\"2016-11-14T09:33:28+00:00\",\"dateModified\":\"2023-02-07T12:00:19+00:00\",\"description\":\"Caja aceite de sabores con 3 botellas de 100 ml. con una gama diferente de aceites de chocolate, jam\u00f3n y curry. Una forma diferente de tomar aceite aroma\",\"breadcrumb\":{\"@id\":\"https:\/\/www.aceitenovecientos.com\/producto\/aceite-de-sabores-jamon-curry-chocolate\/#breadcrumb\"},\"inLanguage\":\"en-GB\",\"potentialAction\":[{\"@type\":\"ReadAction\",\"target\":[\"https:\/\/www.aceitenovecientos.com\/producto\/aceite-de-sabores-jamon-curry-chocolate\/\"]}]},{\"@type\":\"ImageObject\",\"inLanguage\":\"en-GB\",\"@id\":\"https:\/\/www.aceitenovecientos.com\/producto\/aceite-de-sabores-jamon-curry-chocolate\/#primaryimage\",\"url\":\"https:\/\/www.aceitenovecientos.com\/wp-content\/uploads\/2016\/11\/P1050647-2.jpg\",\"contentUrl\":\"https:\/\/www.aceitenovecientos.com\/wp-content\/uploads\/2016\/11\/P1050647-2.jpg\",\"width\":1617,\"height\":1332,\"caption\":\"cesta regalo aceite de chocolate curry y jam\u00f3n 900\"},{\"@type\":\"BreadcrumbList\",\"@id\":\"https:\/\/www.aceitenovecientos.com\/producto\/aceite-de-sabores-jamon-curry-chocolate\/#breadcrumb\",\"itemListElement\":[{\"@type\":\"ListItem\",\"position\":1,\"name\":\"Portada\",\"item\":\"https:\/\/www.aceitenovecientos.com\/\"},{\"@type\":\"ListItem\",\"position\":2,\"name\":\"Cat\u00e1logo\",\"item\":\"https:\/\/www.aceitenovecientos.com\/shop\/\"},{\"@type\":\"ListItem\",\"position\":3,\"name\":\"Trio Aceite de oliva aromatizado 900 de Jam\u00f3n Serrano, Curry y Chocolate\"}]},{\"@type\":\"WebSite\",\"@id\":\"https:\/\/www.aceitenovecientos.com\/#website\",\"url\":\"https:\/\/www.aceitenovecientos.com\/\",\"name\":\"Aceite Novecientos\",\"description\":\"Aceite de Oliva de Ja\u00e9n\",\"publisher\":{\"@id\":\"https:\/\/www.aceitenovecientos.com\/#organization\"},\"potentialAction\":[{\"@type\":\"SearchAction\",\"target\":{\"@type\":\"EntryPoint\",\"urlTemplate\":\"https:\/\/www.aceitenovecientos.com\/?s={search_term_string}\"},\"query-input\":{\"@type\":\"PropertyValueSpecification\",\"valueRequired\":true,\"valueName\":\"search_term_string\"}}],\"inLanguage\":\"en-GB\"},{\"@type\":\"Organization\",\"@id\":\"https:\/\/www.aceitenovecientos.com\/#organization\",\"name\":\"Aceite Novecientos\",\"url\":\"https:\/\/www.aceitenovecientos.com\/\",\"logo\":{\"@type\":\"ImageObject\",\"inLanguage\":\"en-GB\",\"@id\":\"https:\/\/www.aceitenovecientos.com\/#\/schema\/logo\/image\/\",\"url\":\"https:\/\/www.aceitenovecientos.com\/wp-content\/uploads\/2021\/12\/logo900-head.webp\",\"contentUrl\":\"https:\/\/www.aceitenovecientos.com\/wp-content\/uploads\/2021\/12\/logo900-head.webp\",\"width\":470,\"height\":110,\"caption\":\"Aceite Novecientos\"},\"image\":{\"@id\":\"https:\/\/www.aceitenovecientos.com\/#\/schema\/logo\/image\/\"},\"sameAs\":[\"https:\/\/www.facebook.com\/aceitenovecientos\/\"]}]}<\/script>\n<!-- \/ Yoast SEO plugin. -->","yoast_head_json":{"title":"Aceite de sabores de Chocolate, Jam\u00f3n Serrano y Curry | Aceite 900","description":"Caja aceite de sabores con 3 botellas de 100 ml. con una gama diferente de aceites de chocolate, jam\u00f3n y curry. Una forma diferente de tomar aceite aroma","robots":{"index":"index","follow":"follow","max-snippet":"max-snippet:-1","max-image-preview":"max-image-preview:large","max-video-preview":"max-video-preview:-1"},"canonical":"https:\/\/www.aceitenovecientos.com\/en\/product\/aceite-de-sabores-jamon-curry-chocolate\/","og_locale":"en_GB","og_type":"article","og_title":"Aceite de sabores de Chocolate, Jam\u00f3n Serrano y Curry | Aceite 900","og_description":"Caja aceite de sabores con 3 botellas de 100 ml. con una gama diferente de aceites de chocolate, jam\u00f3n y curry. Una forma diferente de tomar aceite aroma","og_url":"https:\/\/www.aceitenovecientos.com\/en\/product\/aceite-de-sabores-jamon-curry-chocolate\/","og_site_name":"Aceite Novecientos","article_publisher":"https:\/\/www.facebook.com\/aceitenovecientos\/","article_modified_time":"2023-02-07T12:00:19+00:00","og_image":[{"width":1617,"height":1332,"url":"https:\/\/www.aceitenovecientos.com\/wp-content\/uploads\/2016\/11\/P1050647-2.jpg","type":"image\/jpeg"}],"twitter_card":"summary_large_image","twitter_misc":{"Estimated reading time":"2 minutes"},"schema":{"@context":"https:\/\/schema.org","@graph":[{"@type":"WebPage","@id":"https:\/\/www.aceitenovecientos.com\/producto\/aceite-de-sabores-jamon-curry-chocolate\/","url":"https:\/\/www.aceitenovecientos.com\/producto\/aceite-de-sabores-jamon-curry-chocolate\/","name":"Aceite de sabores de Chocolate, Jam\u00f3n Serrano y Curry | Aceite 900","isPartOf":{"@id":"https:\/\/www.aceitenovecientos.com\/#website"},"primaryImageOfPage":{"@id":"https:\/\/www.aceitenovecientos.com\/producto\/aceite-de-sabores-jamon-curry-chocolate\/#primaryimage"},"image":{"@id":"https:\/\/www.aceitenovecientos.com\/producto\/aceite-de-sabores-jamon-curry-chocolate\/#primaryimage"},"thumbnailUrl":"https:\/\/www.aceitenovecientos.com\/wp-content\/uploads\/2016\/11\/P1050647-2.jpg","datePublished":"2016-11-14T09:33:28+00:00","dateModified":"2023-02-07T12:00:19+00:00","description":"Caja aceite de sabores con 3 botellas de 100 ml. con una gama diferente de aceites de chocolate, jam\u00f3n y curry. Una forma diferente de tomar aceite aroma","breadcrumb":{"@id":"https:\/\/www.aceitenovecientos.com\/producto\/aceite-de-sabores-jamon-curry-chocolate\/#breadcrumb"},"inLanguage":"en-GB","potentialAction":[{"@type":"ReadAction","target":["https:\/\/www.aceitenovecientos.com\/producto\/aceite-de-sabores-jamon-curry-chocolate\/"]}]},{"@type":"ImageObject","inLanguage":"en-GB","@id":"https:\/\/www.aceitenovecientos.com\/producto\/aceite-de-sabores-jamon-curry-chocolate\/#primaryimage","url":"https:\/\/www.aceitenovecientos.com\/wp-content\/uploads\/2016\/11\/P1050647-2.jpg","contentUrl":"https:\/\/www.aceitenovecientos.com\/wp-content\/uploads\/2016\/11\/P1050647-2.jpg","width":1617,"height":1332,"caption":"cesta regalo aceite de chocolate curry y jam\u00f3n 900"},{"@type":"BreadcrumbList","@id":"https:\/\/www.aceitenovecientos.com\/producto\/aceite-de-sabores-jamon-curry-chocolate\/#breadcrumb","itemListElement":[{"@type":"ListItem","position":1,"name":"Portada","item":"https:\/\/www.aceitenovecientos.com\/"},{"@type":"ListItem","position":2,"name":"Cat\u00e1logo","item":"https:\/\/www.aceitenovecientos.com\/shop\/"},{"@type":"ListItem","position":3,"name":"Trio Aceite de oliva aromatizado 900 de Jam\u00f3n Serrano, Curry y Chocolate"}]},{"@type":"WebSite","@id":"https:\/\/www.aceitenovecientos.com\/#website","url":"https:\/\/www.aceitenovecientos.com\/","name":"Aceite Novecientos","description":"Aceite de Oliva de Ja\u00e9n","publisher":{"@id":"https:\/\/www.aceitenovecientos.com\/#organization"},"potentialAction":[{"@type":"SearchAction","target":{"@type":"EntryPoint","urlTemplate":"https:\/\/www.aceitenovecientos.com\/?s={search_term_string}"},"query-input":{"@type":"PropertyValueSpecification","valueRequired":true,"valueName":"search_term_string"}}],"inLanguage":"en-GB"},{"@type":"Organization","@id":"https:\/\/www.aceitenovecientos.com\/#organization","name":"Aceite Novecientos","url":"https:\/\/www.aceitenovecientos.com\/","logo":{"@type":"ImageObject","inLanguage":"en-GB","@id":"https:\/\/www.aceitenovecientos.com\/#\/schema\/logo\/image\/","url":"https:\/\/www.aceitenovecientos.com\/wp-content\/uploads\/2021\/12\/logo900-head.webp","contentUrl":"https:\/\/www.aceitenovecientos.com\/wp-content\/uploads\/2021\/12\/logo900-head.webp","width":470,"height":110,"caption":"Aceite Novecientos"},"image":{"@id":"https:\/\/www.aceitenovecientos.com\/#\/schema\/logo\/image\/"},"sameAs":["https:\/\/www.facebook.com\/aceitenovecientos\/"]}]}},"_links":{"self":[{"href":"https:\/\/www.aceitenovecientos.com\/en\/wp-json\/wp\/v2\/product\/393","targetHints":{"allow":["GET"]}}],"collection":[{"href":"https:\/\/www.aceitenovecientos.com\/en\/wp-json\/wp\/v2\/product"}],"about":[{"href":"https:\/\/www.aceitenovecientos.com\/en\/wp-json\/wp\/v2\/types\/product"}],"replies":[{"embeddable":true,"href":"https:\/\/www.aceitenovecientos.com\/en\/wp-json\/wp\/v2\/comments?post=393"}],"wp:featuredmedia":[{"embeddable":true,"href":"https:\/\/www.aceitenovecientos.com\/en\/wp-json\/wp\/v2\/media\/1628"}],"wp:attachment":[{"href":"https:\/\/www.aceitenovecientos.com\/en\/wp-json\/wp\/v2\/media?parent=393"}],"wp:term":[{"taxonomy":"product_cat","embeddable":true,"href":"https:\/\/www.aceitenovecientos.com\/en\/wp-json\/wp\/v2\/product_cat?post=393"},{"taxonomy":"product_tag","embeddable":true,"href":"https:\/\/www.aceitenovecientos.com\/en\/wp-json\/wp\/v2\/product_tag?post=393"}],"curies":[{"name":"wp","href":"https:\/\/api.w.org\/{rel}","templated":true}]}}