{"id":391,"date":"2016-11-14T09:30:24","date_gmt":"2016-11-14T09:30:24","guid":{"rendered":"http:\/\/www.aceitenovecientos.com\/tienda-online\/caja-aceite-sabores-aceite-naranja-aceite-top-aceite-trufa-blanca\/"},"modified":"2023-02-07T13:01:00","modified_gmt":"2023-02-07T12:01:00","slug":"aceite-de-oliva-aromatizado","status":"publish","type":"product","link":"https:\/\/www.aceitenovecientos.com\/en\/product\/aceite-de-oliva-aromatizado\/","title":{"rendered":"Trio gourmet de Aceite de oliva Aromatizados 900 de Naranja y Trufa Blanca+ Aceite 900 TOP"},"content":{"rendered":"<h1 class=\"product_title entry-title\">Caja de aceite de oliva aromatizado. Aceite de sabores<\/h1>\n<h2 class=\"product_title entry-title\">Aceite de Oliva Virgen Extra 900 TOP<\/h2>\n<p>El aceite de oliva aromatizado, AOVE de calidad superior reconocido internacionalmente mediante varios galardones.<\/p>\n<p>El Aceite de Oliva Virgen Extra de Calidad Superior 900 TOP es un coupage de las variedades picual, picudo y hojiblanca obtenido de aceitunas cultivadas con la altitud y climatolog\u00eda id\u00f3neas y\u00a0 cosechadas en su \u00f3ptimo punto de maduraci\u00f3n que confieren a su zumo ese sabor y aroma a hierba y tomate reci\u00e9n cortado tan apreciado por el paladar.<\/p>\n<p>&nbsp;<\/p>\n<h2 class=\"product_title entry-title\">Aceite de Oliva Sabor Naranja<\/h2>\n<div>\n<p class=\"price\">Condimento de aceite de oliva virgen extra con<strong> aroma de naranja, un aceite de oliva aromatizado con\u00a0<\/strong>\u00a0una forma original de tomar un alimento tradicional y saludable.<\/p>\n<\/div>\n<div>\n<p>El m\u00e1s vers\u00e1til en la cocina. Potencia el sabor de cualquier plato ya sea dulce o salado, carne o pescado. Sea cual sea la elecci\u00f3n, el ACEITE DE OLIVA VIRGEN EXTRA 900 NARANJA, dar\u00e1 a tus platos un suculento y agradable aroma y sabor. La naranja aporta un sabor fresco a los alimentos cocinados en el horno.<\/p>\n<p>Si te decantas por un plato dulce, te proponemos el bizcocho de naranja como plato sencillo. Sustituye cualquier otra grasa por AOVE 900 NARANJA y lo convertir\u00e1s en un plato exquisito, esponjoso y m\u00e1s beneficioso para la salud. Puedes utilizarlo para reposter\u00eda en general.<\/p>\n<\/div>\n<h2 class=\"product_title entry-title\"><\/h2>\n<h2 class=\"product_title entry-title\">Aceite de Oliva Sabor Trufa Blanca<\/h2>\n<div>\n<p class=\"price\">Condimento de aceite de oliva virgen extra con<strong> aroma de trufa blanca<\/strong>. Una forma original de tomar un alimento tradicional y saludable.<\/p>\n<\/div>\n<div>\n<p>Saltea cualquier pasta una vez cocida, ACEITE DE OLIVA VIRGEN EXTRA 900 TRUFA BLANCA. A\u00f1ade los dem\u00e1s ingredientes seleccionados seg\u00fan tus preferencias, verduras, hierbas arom\u00e1ticas, trocitos de pescado al gusto o pollo. Un salteado de cebolla, calabac\u00edn y zanahoria ser\u00e1 estupendo. Si adem\u00e1s a\u00f1ades unas tiras de pollo o pavo a la plancha conseguir\u00e1s un plato incre\u00edblemente sabroso y nutritivo con alimentos sanos.<\/p>\n<\/div>\n<p>&nbsp;<\/p>\n<p>Si necesitas o quieres saber m\u00e1s sobre el posible uso de los aceites saborizados en funci\u00f3n de la variedad, consulta el documento de Maridajes\u00a0y conoce todos los detalles.<\/p>\n<p><a href=\"http:\/\/www.aceitenovecientos.com\/wp-content\/uploads\/2016\/10\/maridajes.pdf\" target=\"_blank\" rel=\"noopener noreferrer\"><span class=\"boton\">Ver Documento<\/span><\/a><\/p>\n<p>&nbsp;<\/p>","protected":false},"excerpt":{"rendered":"<p><em>(3 Botellas 100ml. ) <\/em>Caja trio con 3 botellas de 100 ml. con una gama completamente diferente de\u00a0aceite de oliva virgen extra con diferentes\u00a0sabores\u00a0 para degustar y sorprender a tu paladar, experimentar en la cocina con ensaladas y platos fr\u00edos y para dar un toque especial y sabroso a carnes y pescados.<\/p>\n<p>Tambi\u00e9n es un aceite\u00a0apropiado para preparar dulces, galletas o bizcochos.<em><br \/>\n<\/em><\/p>\n<p>La Caja\u00a0incluye:<\/p>\n<p>&#8211;\u00a0Botella Aceite de Oliva Sabor Naranja<\/p>\n<p>&#8211; Botella Aceite de Oliva\u00a0Virgen Extra\u00a0Top<\/p>\n<p>&#8211; Botella Aceite de Oliva Sabor Trufa Blanca<\/p>\n<p>Si est\u00e1s interesado en comprar varios aceites saborizados, <strong>hazte con el pack de 3 y ahorra en la compra<\/strong>.<\/p>\n<p><strong>Y, si quieres realizar cualquier\u00a0otra combinaci\u00f3n de sabores, p\u00f3ngase en contacto con nosotros a trav\u00e9s del email <a href=\"mailto:info@900foods.com\">info@900foods.com<\/a><\/strong><\/p>","protected":false},"featured_media":1627,"comment_status":"open","ping_status":"closed","template":"","meta":[],"product_cat":[179,8,186],"product_tag":[11,26,20,15,12],"class_list":{"0":"post-391","1":"product","2":"type-product","3":"status-publish","4":"has-post-thumbnail","6":"product_cat-aceite-de-oliva-aromatizado","7":"product_cat-aceite-de-oliva-virgen-extra","8":"product_cat-regalos","9":"product_tag-aceite-de-oliva","10":"product_tag-aceite-sabor-naranja","11":"product_tag-aceite-sabor-trufa-blanca","12":"product_tag-aceite-saborizado","13":"product_tag-virgen-extra","15":"first","16":"instock","17":"taxable","18":"shipping-taxable","19":"purchasable","20":"product-type-simple"},"yoast_head":"<!-- This site is optimized with the Yoast SEO plugin v24.1 - https:\/\/yoast.com\/wordpress\/plugins\/seo\/ -->\n<title>Aceite de oliva aromatizado: Naranja, Trufa Blanca | Aceite 900<\/title>\n<meta name=\"description\" content=\"Caja de aceite de sabores,aceite de oliva aromatizado con 3 botellas de 100 ml. con una gama completamente diferente de aceites de oliva virgen extra.\" \/>\n<meta name=\"robots\" content=\"index, follow, max-snippet:-1, max-image-preview:large, max-video-preview:-1\" \/>\n<link rel=\"canonical\" href=\"https:\/\/www.aceitenovecientos.com\/en\/product\/aceite-de-oliva-aromatizado\/\" \/>\n<meta property=\"og:locale\" content=\"en_GB\" \/>\n<meta property=\"og:type\" content=\"article\" \/>\n<meta property=\"og:title\" content=\"Aceite de oliva aromatizado: Naranja, Trufa Blanca | Aceite 900\" \/>\n<meta property=\"og:description\" content=\"Caja de aceite de sabores,aceite de oliva aromatizado con 3 botellas de 100 ml. con una gama completamente diferente de aceites de oliva virgen extra.\" \/>\n<meta property=\"og:url\" content=\"https:\/\/www.aceitenovecientos.com\/en\/product\/aceite-de-oliva-aromatizado\/\" \/>\n<meta property=\"og:site_name\" content=\"Aceite Novecientos\" \/>\n<meta property=\"article:publisher\" content=\"https:\/\/www.facebook.com\/aceitenovecientos\/\" \/>\n<meta property=\"article:modified_time\" content=\"2023-02-07T12:01:00+00:00\" \/>\n<meta property=\"og:image\" content=\"https:\/\/www.aceitenovecientos.com\/wp-content\/uploads\/2016\/11\/P1050646-2.jpg\" \/>\n\t<meta property=\"og:image:width\" content=\"1606\" \/>\n\t<meta property=\"og:image:height\" content=\"1329\" \/>\n\t<meta property=\"og:image:type\" content=\"image\/jpeg\" \/>\n<meta name=\"twitter:card\" content=\"summary_large_image\" \/>\n<meta name=\"twitter:label1\" content=\"Estimated reading time\" \/>\n\t<meta name=\"twitter:data1\" content=\"2 minutes\" \/>\n<script type=\"application\/ld+json\" class=\"yoast-schema-graph\">{\"@context\":\"https:\/\/schema.org\",\"@graph\":[{\"@type\":\"WebPage\",\"@id\":\"https:\/\/www.aceitenovecientos.com\/producto\/aceite-de-oliva-aromatizado\/\",\"url\":\"https:\/\/www.aceitenovecientos.com\/producto\/aceite-de-oliva-aromatizado\/\",\"name\":\"Aceite de oliva aromatizado: Naranja, Trufa Blanca | Aceite 900\",\"isPartOf\":{\"@id\":\"https:\/\/www.aceitenovecientos.com\/#website\"},\"primaryImageOfPage\":{\"@id\":\"https:\/\/www.aceitenovecientos.com\/producto\/aceite-de-oliva-aromatizado\/#primaryimage\"},\"image\":{\"@id\":\"https:\/\/www.aceitenovecientos.com\/producto\/aceite-de-oliva-aromatizado\/#primaryimage\"},\"thumbnailUrl\":\"https:\/\/www.aceitenovecientos.com\/wp-content\/uploads\/2016\/11\/P1050646-2.jpg\",\"datePublished\":\"2016-11-14T09:30:24+00:00\",\"dateModified\":\"2023-02-07T12:01:00+00:00\",\"description\":\"Caja de aceite de sabores,aceite de oliva aromatizado con 3 botellas de 100 ml. con una gama completamente diferente de aceites de oliva virgen extra.\",\"breadcrumb\":{\"@id\":\"https:\/\/www.aceitenovecientos.com\/producto\/aceite-de-oliva-aromatizado\/#breadcrumb\"},\"inLanguage\":\"en-GB\",\"potentialAction\":[{\"@type\":\"ReadAction\",\"target\":[\"https:\/\/www.aceitenovecientos.com\/producto\/aceite-de-oliva-aromatizado\/\"]}]},{\"@type\":\"ImageObject\",\"inLanguage\":\"en-GB\",\"@id\":\"https:\/\/www.aceitenovecientos.com\/producto\/aceite-de-oliva-aromatizado\/#primaryimage\",\"url\":\"https:\/\/www.aceitenovecientos.com\/wp-content\/uploads\/2016\/11\/P1050646-2.jpg\",\"contentUrl\":\"https:\/\/www.aceitenovecientos.com\/wp-content\/uploads\/2016\/11\/P1050646-2.jpg\",\"width\":1606,\"height\":1329,\"caption\":\"regalo aceite de trufa blanca, naranja y 900 TOP\"},{\"@type\":\"BreadcrumbList\",\"@id\":\"https:\/\/www.aceitenovecientos.com\/producto\/aceite-de-oliva-aromatizado\/#breadcrumb\",\"itemListElement\":[{\"@type\":\"ListItem\",\"position\":1,\"name\":\"Portada\",\"item\":\"https:\/\/www.aceitenovecientos.com\/\"},{\"@type\":\"ListItem\",\"position\":2,\"name\":\"Cat\u00e1logo\",\"item\":\"https:\/\/www.aceitenovecientos.com\/shop\/\"},{\"@type\":\"ListItem\",\"position\":3,\"name\":\"Trio gourmet de Aceite de oliva Aromatizados 900 de Naranja y Trufa Blanca+ Aceite 900 TOP\"}]},{\"@type\":\"WebSite\",\"@id\":\"https:\/\/www.aceitenovecientos.com\/#website\",\"url\":\"https:\/\/www.aceitenovecientos.com\/\",\"name\":\"Aceite Novecientos\",\"description\":\"Aceite de Oliva de Ja\u00e9n\",\"publisher\":{\"@id\":\"https:\/\/www.aceitenovecientos.com\/#organization\"},\"potentialAction\":[{\"@type\":\"SearchAction\",\"target\":{\"@type\":\"EntryPoint\",\"urlTemplate\":\"https:\/\/www.aceitenovecientos.com\/?s={search_term_string}\"},\"query-input\":{\"@type\":\"PropertyValueSpecification\",\"valueRequired\":true,\"valueName\":\"search_term_string\"}}],\"inLanguage\":\"en-GB\"},{\"@type\":\"Organization\",\"@id\":\"https:\/\/www.aceitenovecientos.com\/#organization\",\"name\":\"Aceite Novecientos\",\"url\":\"https:\/\/www.aceitenovecientos.com\/\",\"logo\":{\"@type\":\"ImageObject\",\"inLanguage\":\"en-GB\",\"@id\":\"https:\/\/www.aceitenovecientos.com\/#\/schema\/logo\/image\/\",\"url\":\"https:\/\/www.aceitenovecientos.com\/wp-content\/uploads\/2021\/12\/logo900-head.webp\",\"contentUrl\":\"https:\/\/www.aceitenovecientos.com\/wp-content\/uploads\/2021\/12\/logo900-head.webp\",\"width\":470,\"height\":110,\"caption\":\"Aceite Novecientos\"},\"image\":{\"@id\":\"https:\/\/www.aceitenovecientos.com\/#\/schema\/logo\/image\/\"},\"sameAs\":[\"https:\/\/www.facebook.com\/aceitenovecientos\/\"]}]}<\/script>\n<!-- \/ Yoast SEO plugin. -->","yoast_head_json":{"title":"Aceite de oliva aromatizado: Naranja, Trufa Blanca | Aceite 900","description":"Caja de aceite de sabores,aceite de oliva aromatizado con 3 botellas de 100 ml. con una gama completamente diferente de aceites de oliva virgen extra.","robots":{"index":"index","follow":"follow","max-snippet":"max-snippet:-1","max-image-preview":"max-image-preview:large","max-video-preview":"max-video-preview:-1"},"canonical":"https:\/\/www.aceitenovecientos.com\/en\/product\/aceite-de-oliva-aromatizado\/","og_locale":"en_GB","og_type":"article","og_title":"Aceite de oliva aromatizado: Naranja, Trufa Blanca | Aceite 900","og_description":"Caja de aceite de sabores,aceite de oliva aromatizado con 3 botellas de 100 ml. con una gama completamente diferente de aceites de oliva virgen extra.","og_url":"https:\/\/www.aceitenovecientos.com\/en\/product\/aceite-de-oliva-aromatizado\/","og_site_name":"Aceite Novecientos","article_publisher":"https:\/\/www.facebook.com\/aceitenovecientos\/","article_modified_time":"2023-02-07T12:01:00+00:00","og_image":[{"width":1606,"height":1329,"url":"https:\/\/www.aceitenovecientos.com\/wp-content\/uploads\/2016\/11\/P1050646-2.jpg","type":"image\/jpeg"}],"twitter_card":"summary_large_image","twitter_misc":{"Estimated reading time":"2 minutes"},"schema":{"@context":"https:\/\/schema.org","@graph":[{"@type":"WebPage","@id":"https:\/\/www.aceitenovecientos.com\/producto\/aceite-de-oliva-aromatizado\/","url":"https:\/\/www.aceitenovecientos.com\/producto\/aceite-de-oliva-aromatizado\/","name":"Aceite de oliva aromatizado: Naranja, Trufa Blanca | Aceite 900","isPartOf":{"@id":"https:\/\/www.aceitenovecientos.com\/#website"},"primaryImageOfPage":{"@id":"https:\/\/www.aceitenovecientos.com\/producto\/aceite-de-oliva-aromatizado\/#primaryimage"},"image":{"@id":"https:\/\/www.aceitenovecientos.com\/producto\/aceite-de-oliva-aromatizado\/#primaryimage"},"thumbnailUrl":"https:\/\/www.aceitenovecientos.com\/wp-content\/uploads\/2016\/11\/P1050646-2.jpg","datePublished":"2016-11-14T09:30:24+00:00","dateModified":"2023-02-07T12:01:00+00:00","description":"Caja de aceite de sabores,aceite de oliva aromatizado con 3 botellas de 100 ml. con una gama completamente diferente de aceites de oliva virgen extra.","breadcrumb":{"@id":"https:\/\/www.aceitenovecientos.com\/producto\/aceite-de-oliva-aromatizado\/#breadcrumb"},"inLanguage":"en-GB","potentialAction":[{"@type":"ReadAction","target":["https:\/\/www.aceitenovecientos.com\/producto\/aceite-de-oliva-aromatizado\/"]}]},{"@type":"ImageObject","inLanguage":"en-GB","@id":"https:\/\/www.aceitenovecientos.com\/producto\/aceite-de-oliva-aromatizado\/#primaryimage","url":"https:\/\/www.aceitenovecientos.com\/wp-content\/uploads\/2016\/11\/P1050646-2.jpg","contentUrl":"https:\/\/www.aceitenovecientos.com\/wp-content\/uploads\/2016\/11\/P1050646-2.jpg","width":1606,"height":1329,"caption":"regalo aceite de trufa blanca, naranja y 900 TOP"},{"@type":"BreadcrumbList","@id":"https:\/\/www.aceitenovecientos.com\/producto\/aceite-de-oliva-aromatizado\/#breadcrumb","itemListElement":[{"@type":"ListItem","position":1,"name":"Portada","item":"https:\/\/www.aceitenovecientos.com\/"},{"@type":"ListItem","position":2,"name":"Cat\u00e1logo","item":"https:\/\/www.aceitenovecientos.com\/shop\/"},{"@type":"ListItem","position":3,"name":"Trio gourmet de Aceite de oliva Aromatizados 900 de Naranja y Trufa Blanca+ Aceite 900 TOP"}]},{"@type":"WebSite","@id":"https:\/\/www.aceitenovecientos.com\/#website","url":"https:\/\/www.aceitenovecientos.com\/","name":"Aceite Novecientos","description":"Aceite de Oliva de Ja\u00e9n","publisher":{"@id":"https:\/\/www.aceitenovecientos.com\/#organization"},"potentialAction":[{"@type":"SearchAction","target":{"@type":"EntryPoint","urlTemplate":"https:\/\/www.aceitenovecientos.com\/?s={search_term_string}"},"query-input":{"@type":"PropertyValueSpecification","valueRequired":true,"valueName":"search_term_string"}}],"inLanguage":"en-GB"},{"@type":"Organization","@id":"https:\/\/www.aceitenovecientos.com\/#organization","name":"Aceite Novecientos","url":"https:\/\/www.aceitenovecientos.com\/","logo":{"@type":"ImageObject","inLanguage":"en-GB","@id":"https:\/\/www.aceitenovecientos.com\/#\/schema\/logo\/image\/","url":"https:\/\/www.aceitenovecientos.com\/wp-content\/uploads\/2021\/12\/logo900-head.webp","contentUrl":"https:\/\/www.aceitenovecientos.com\/wp-content\/uploads\/2021\/12\/logo900-head.webp","width":470,"height":110,"caption":"Aceite Novecientos"},"image":{"@id":"https:\/\/www.aceitenovecientos.com\/#\/schema\/logo\/image\/"},"sameAs":["https:\/\/www.facebook.com\/aceitenovecientos\/"]}]}},"_links":{"self":[{"href":"https:\/\/www.aceitenovecientos.com\/en\/wp-json\/wp\/v2\/product\/391","targetHints":{"allow":["GET"]}}],"collection":[{"href":"https:\/\/www.aceitenovecientos.com\/en\/wp-json\/wp\/v2\/product"}],"about":[{"href":"https:\/\/www.aceitenovecientos.com\/en\/wp-json\/wp\/v2\/types\/product"}],"replies":[{"embeddable":true,"href":"https:\/\/www.aceitenovecientos.com\/en\/wp-json\/wp\/v2\/comments?post=391"}],"wp:featuredmedia":[{"embeddable":true,"href":"https:\/\/www.aceitenovecientos.com\/en\/wp-json\/wp\/v2\/media\/1627"}],"wp:attachment":[{"href":"https:\/\/www.aceitenovecientos.com\/en\/wp-json\/wp\/v2\/media?parent=391"}],"wp:term":[{"taxonomy":"product_cat","embeddable":true,"href":"https:\/\/www.aceitenovecientos.com\/en\/wp-json\/wp\/v2\/product_cat?post=391"},{"taxonomy":"product_tag","embeddable":true,"href":"https:\/\/www.aceitenovecientos.com\/en\/wp-json\/wp\/v2\/product_tag?post=391"}],"curies":[{"name":"wp","href":"https:\/\/api.w.org\/{rel}","templated":true}]}}