{"id":389,"date":"2016-11-14T09:25:44","date_gmt":"2016-11-14T09:25:44","guid":{"rendered":"http:\/\/www.aceitenovecientos.com\/tienda-online\/caja-aceite-sabores-vinagre-frambuesa-aceite-top-aceite-trufa-blanca\/"},"modified":"2021-01-09T13:07:50","modified_gmt":"2021-01-09T13:07:50","slug":"aceite-delicatessen-aromas-vinagre","status":"publish","type":"product","link":"https:\/\/www.aceitenovecientos.com\/en\/product\/aceite-delicatessen-aromas-vinagre\/","title":{"rendered":"Trio regalo original Frambuesa 900, Aceite 900 TOP y Aromatizado Trufa Blanca"},"content":{"rendered":"<h1>Caja aceite delicatessen aromatizados y vinagres<\/h1>\n<p>Una gama diferente de condimento de aceite delicatessen de oliva virgen extra con diversos aromas que te van a sorprender, para crear nuevas salsas, para ensaladas y platos fr\u00edos y para darles un toque a carnes y pescados. Tambi\u00e9n puedes utilizar los aceites de oliva aromatizados para preparar tus dulces, galletas o bizcochos. Aceite original para tu mesa.<\/p>\n<h2>Vinagre de Frambuesa<\/h2>\n<p>Sorprende a tu paladar con un sabor inesperado a ex\u00f3tica frambuesa.<\/p>\n<p>El vinagre, como compa\u00f1ero inseparable de un excepcional aceite de oliva virgen extra de calidad, no puede faltar como aderezo en nuestros men\u00fas y especialmente en ensaladas, plato base de una dieta mediterr\u00e1nea y de consumo diario. En l\u00ednea con los dem\u00e1s productos de ORIGEN NOVECIENTOS , ofertamos no s\u00f3lo un vinagre de alta calidad, sino que aporte adem\u00e1s, un valor adicional por obtener un resultado de sabor diferenciador cuando se utiliza en la cocina.<\/p>\n<h2>Aceite de Oliva Virgen Extra Superior. Aceite original<\/h2>\n<p>Premio-aceite900Aceite de oliva virgen extra de calidad superior reconocido internacionalmente mediante varios galardones.<\/p>\n<p>El Aceite delicatessende Oliva Virgen Extra de Calidad Superior 900 TOP es un coupage de las variedades picual, picudo y hojiblanca obtenido de aceitunas cultivadas con la altitud y climatolog\u00eda id\u00f3neas y cosechadas en su \u00f3ptimo punto de maduraci\u00f3n que confieren a su zumo ese sabor y aroma a hierba y tomate reci\u00e9n cortado tan apreciado por el paladar.<\/p>\n<h2>Aceite de Oliva Sabor Trufa Blanca<\/h2>\n<p>Condimento de aceite de oliva virgen extra con aroma de trufa blanca. Una forma original de tomar un alimento tradicional y saludable.<\/p>\n<p>Saltea cualquier pasta una vez cocida, ACEITE DE OLIVA VIRGEN EXTRA 900 TRUFA BLANCA. A\u00f1ade los dem\u00e1s ingredientes seleccionados seg\u00fan tus preferencias, verduras, hierbas arom\u00e1ticas, trocitos de pescado al gusto o pollo. Un salteado de cebolla, calabac\u00edn y zanahoria ser\u00e1 estupendo. Si adem\u00e1s a\u00f1ades unas tiras de pollo o pavo a la plancha conseguir\u00e1s un plato incre\u00edblemente sabroso y nutritivo con alimentos sanos.<\/p>\n<p>Puedes utilizar el AOVE 900 TRUFA BLANCA para marcar cualquier carne o pescado a la plancha. Un aceite original para tus platos de siempre.<\/p>\n<p>Si necesitas o quieres saber m\u00e1s sobre el posible uso de los aceites saborizados en funci\u00f3n de la variedad, consulta el documento de Maridajes\u00a0y conoce todos los detalles.<\/p>\n<p><a href=\"http:\/\/www.aceitenovecientos.com\/wp-content\/uploads\/2016\/10\/maridajes.pdf\" target=\"_blank\" rel=\"noopener noreferrer\"><span class=\"boton\">Ver Documento<\/span><\/a><\/p>\n<p>&nbsp;<\/p>","protected":false},"excerpt":{"rendered":"<p><em>(3 Botellas 100 ml. )\u00a0<\/em>Caja trio con 3 botellas de 100 ml. con una gama completamente diferente de\u00a0aceite de oliva virgen extra aromatizado \u00a0para degustar y sorprender a tu paladar, experimentar en la cocina con ensaladas y platos fr\u00edos y para dar un toque especial y sabroso a carnes y pescados.<\/p>\n<p>Tambi\u00e9n es un aceite\u00a0apropiado para preparar dulces, galletas o bizcochos.<em><br \/>\n<\/em><\/p>\n<p>La Caja\u00a0incluye:<\/p>\n<p>&#8211;\u00a0Botella Vinagre\u00a0de Frambuesa<\/p>\n<p>&#8211; Botella Aceite de Oliva\u00a0Virgen Extra 900 TOP<\/p>\n<p>&#8211; Botella Aceite de Oliva Sabor Trufa Blanca<\/p>\n<p>Si est\u00e1s interesado en comprar varios aceites aromatizados, <strong>hazte con el pack de 3 y ahorra en tu compra<\/strong>.<\/p>\n<p><strong>Y si quieres realizar cualquier\u00a0otra combinaci\u00f3n de aromas, ponte en contacto con nosotros a trav\u00e9s del email <a href=\"mailto:info@900foods.com\">info@900foods.com<\/a><\/strong><\/p>","protected":false},"featured_media":1629,"comment_status":"open","ping_status":"closed","template":"","meta":[],"product_cat":[179,8,186,29],"product_tag":[11,20,15,18,12],"class_list":{"0":"post-389","1":"product","2":"type-product","3":"status-publish","4":"has-post-thumbnail","6":"product_cat-aceite-de-oliva-aromatizado","7":"product_cat-aceite-de-oliva-virgen-extra","8":"product_cat-regalos","9":"product_cat-vinagres","10":"product_tag-aceite-de-oliva","11":"product_tag-aceite-sabor-trufa-blanca","12":"product_tag-aceite-saborizado","13":"product_tag-vinagre-frambuesa","14":"product_tag-virgen-extra","16":"first","17":"instock","18":"taxable","19":"shipping-taxable","20":"purchasable","21":"product-type-simple"},"yoast_head":"<!-- This site is optimized with the Yoast SEO plugin v24.1 - https:\/\/yoast.com\/wordpress\/plugins\/seo\/ -->\n<title>Aceite delicatessen aromatizado: Vinagre Frambuesa, TOP y Trufa Blanca<\/title>\n<meta name=\"description\" content=\"Caja aceites de oliva aromatizados con 3 botellas de 100 ml. con una gama diferente de aceite delicatessen de oliva virgen extra con diferentes aromas\" \/>\n<meta name=\"robots\" content=\"index, follow, max-snippet:-1, max-image-preview:large, max-video-preview:-1\" \/>\n<link rel=\"canonical\" href=\"https:\/\/www.aceitenovecientos.com\/en\/product\/aceite-delicatessen-aromas-vinagre\/\" \/>\n<meta property=\"og:locale\" content=\"en_GB\" \/>\n<meta property=\"og:type\" content=\"article\" \/>\n<meta property=\"og:title\" content=\"Aceite delicatessen aromatizado: Vinagre Frambuesa, TOP y Trufa Blanca\" \/>\n<meta property=\"og:description\" content=\"Caja aceites de oliva aromatizados con 3 botellas de 100 ml. con una gama diferente de aceite delicatessen de oliva virgen extra con diferentes aromas\" \/>\n<meta property=\"og:url\" content=\"https:\/\/www.aceitenovecientos.com\/en\/product\/aceite-delicatessen-aromas-vinagre\/\" \/>\n<meta property=\"og:site_name\" content=\"Aceite Novecientos\" \/>\n<meta property=\"article:publisher\" content=\"https:\/\/www.facebook.com\/aceitenovecientos\/\" \/>\n<meta property=\"article:modified_time\" content=\"2021-01-09T13:07:50+00:00\" \/>\n<meta property=\"og:image\" content=\"https:\/\/www.aceitenovecientos.com\/wp-content\/uploads\/2016\/11\/P1050648-2.jpg\" \/>\n\t<meta property=\"og:image:width\" content=\"1600\" \/>\n\t<meta property=\"og:image:height\" content=\"1355\" \/>\n\t<meta property=\"og:image:type\" content=\"image\/jpeg\" \/>\n<meta name=\"twitter:card\" content=\"summary_large_image\" \/>\n<meta name=\"twitter:label1\" content=\"Estimated reading time\" \/>\n\t<meta name=\"twitter:data1\" content=\"2 minutes\" \/>\n<script type=\"application\/ld+json\" class=\"yoast-schema-graph\">{\"@context\":\"https:\/\/schema.org\",\"@graph\":[{\"@type\":\"WebPage\",\"@id\":\"https:\/\/www.aceitenovecientos.com\/producto\/aceite-delicatessen-aromas-vinagre\/\",\"url\":\"https:\/\/www.aceitenovecientos.com\/producto\/aceite-delicatessen-aromas-vinagre\/\",\"name\":\"Aceite delicatessen aromatizado: Vinagre Frambuesa, TOP y Trufa Blanca\",\"isPartOf\":{\"@id\":\"https:\/\/www.aceitenovecientos.com\/#website\"},\"primaryImageOfPage\":{\"@id\":\"https:\/\/www.aceitenovecientos.com\/producto\/aceite-delicatessen-aromas-vinagre\/#primaryimage\"},\"image\":{\"@id\":\"https:\/\/www.aceitenovecientos.com\/producto\/aceite-delicatessen-aromas-vinagre\/#primaryimage\"},\"thumbnailUrl\":\"https:\/\/www.aceitenovecientos.com\/wp-content\/uploads\/2016\/11\/P1050648-2.jpg\",\"datePublished\":\"2016-11-14T09:25:44+00:00\",\"dateModified\":\"2021-01-09T13:07:50+00:00\",\"description\":\"Caja aceites de oliva aromatizados con 3 botellas de 100 ml. con una gama diferente de aceite delicatessen de oliva virgen extra con diferentes aromas\",\"breadcrumb\":{\"@id\":\"https:\/\/www.aceitenovecientos.com\/producto\/aceite-delicatessen-aromas-vinagre\/#breadcrumb\"},\"inLanguage\":\"en-GB\",\"potentialAction\":[{\"@type\":\"ReadAction\",\"target\":[\"https:\/\/www.aceitenovecientos.com\/producto\/aceite-delicatessen-aromas-vinagre\/\"]}]},{\"@type\":\"ImageObject\",\"inLanguage\":\"en-GB\",\"@id\":\"https:\/\/www.aceitenovecientos.com\/producto\/aceite-delicatessen-aromas-vinagre\/#primaryimage\",\"url\":\"https:\/\/www.aceitenovecientos.com\/wp-content\/uploads\/2016\/11\/P1050648-2.jpg\",\"contentUrl\":\"https:\/\/www.aceitenovecientos.com\/wp-content\/uploads\/2016\/11\/P1050648-2.jpg\",\"width\":1600,\"height\":1355,\"caption\":\"caja aceite de trufa blanca, vinagre de frambuesa y AOVE 900 TOP\"},{\"@type\":\"BreadcrumbList\",\"@id\":\"https:\/\/www.aceitenovecientos.com\/producto\/aceite-delicatessen-aromas-vinagre\/#breadcrumb\",\"itemListElement\":[{\"@type\":\"ListItem\",\"position\":1,\"name\":\"Portada\",\"item\":\"https:\/\/www.aceitenovecientos.com\/\"},{\"@type\":\"ListItem\",\"position\":2,\"name\":\"Cat\u00e1logo\",\"item\":\"https:\/\/www.aceitenovecientos.com\/shop\/\"},{\"@type\":\"ListItem\",\"position\":3,\"name\":\"Trio regalo original Frambuesa 900, Aceite 900 TOP y Aromatizado Trufa Blanca\"}]},{\"@type\":\"WebSite\",\"@id\":\"https:\/\/www.aceitenovecientos.com\/#website\",\"url\":\"https:\/\/www.aceitenovecientos.com\/\",\"name\":\"Aceite Novecientos\",\"description\":\"Aceite de Oliva de Ja\u00e9n\",\"publisher\":{\"@id\":\"https:\/\/www.aceitenovecientos.com\/#organization\"},\"potentialAction\":[{\"@type\":\"SearchAction\",\"target\":{\"@type\":\"EntryPoint\",\"urlTemplate\":\"https:\/\/www.aceitenovecientos.com\/?s={search_term_string}\"},\"query-input\":{\"@type\":\"PropertyValueSpecification\",\"valueRequired\":true,\"valueName\":\"search_term_string\"}}],\"inLanguage\":\"en-GB\"},{\"@type\":\"Organization\",\"@id\":\"https:\/\/www.aceitenovecientos.com\/#organization\",\"name\":\"Aceite Novecientos\",\"url\":\"https:\/\/www.aceitenovecientos.com\/\",\"logo\":{\"@type\":\"ImageObject\",\"inLanguage\":\"en-GB\",\"@id\":\"https:\/\/www.aceitenovecientos.com\/#\/schema\/logo\/image\/\",\"url\":\"https:\/\/www.aceitenovecientos.com\/wp-content\/uploads\/2021\/12\/logo900-head.webp\",\"contentUrl\":\"https:\/\/www.aceitenovecientos.com\/wp-content\/uploads\/2021\/12\/logo900-head.webp\",\"width\":470,\"height\":110,\"caption\":\"Aceite Novecientos\"},\"image\":{\"@id\":\"https:\/\/www.aceitenovecientos.com\/#\/schema\/logo\/image\/\"},\"sameAs\":[\"https:\/\/www.facebook.com\/aceitenovecientos\/\"]}]}<\/script>\n<!-- \/ Yoast SEO plugin. -->","yoast_head_json":{"title":"Aceite delicatessen aromatizado: Vinagre Frambuesa, TOP y Trufa Blanca","description":"Caja aceites de oliva aromatizados con 3 botellas de 100 ml. con una gama diferente de aceite delicatessen de oliva virgen extra con diferentes aromas","robots":{"index":"index","follow":"follow","max-snippet":"max-snippet:-1","max-image-preview":"max-image-preview:large","max-video-preview":"max-video-preview:-1"},"canonical":"https:\/\/www.aceitenovecientos.com\/en\/product\/aceite-delicatessen-aromas-vinagre\/","og_locale":"en_GB","og_type":"article","og_title":"Aceite delicatessen aromatizado: Vinagre Frambuesa, TOP y Trufa Blanca","og_description":"Caja aceites de oliva aromatizados con 3 botellas de 100 ml. con una gama diferente de aceite delicatessen de oliva virgen extra con diferentes aromas","og_url":"https:\/\/www.aceitenovecientos.com\/en\/product\/aceite-delicatessen-aromas-vinagre\/","og_site_name":"Aceite Novecientos","article_publisher":"https:\/\/www.facebook.com\/aceitenovecientos\/","article_modified_time":"2021-01-09T13:07:50+00:00","og_image":[{"width":1600,"height":1355,"url":"https:\/\/www.aceitenovecientos.com\/wp-content\/uploads\/2016\/11\/P1050648-2.jpg","type":"image\/jpeg"}],"twitter_card":"summary_large_image","twitter_misc":{"Estimated reading time":"2 minutes"},"schema":{"@context":"https:\/\/schema.org","@graph":[{"@type":"WebPage","@id":"https:\/\/www.aceitenovecientos.com\/producto\/aceite-delicatessen-aromas-vinagre\/","url":"https:\/\/www.aceitenovecientos.com\/producto\/aceite-delicatessen-aromas-vinagre\/","name":"Aceite delicatessen aromatizado: Vinagre Frambuesa, TOP y Trufa Blanca","isPartOf":{"@id":"https:\/\/www.aceitenovecientos.com\/#website"},"primaryImageOfPage":{"@id":"https:\/\/www.aceitenovecientos.com\/producto\/aceite-delicatessen-aromas-vinagre\/#primaryimage"},"image":{"@id":"https:\/\/www.aceitenovecientos.com\/producto\/aceite-delicatessen-aromas-vinagre\/#primaryimage"},"thumbnailUrl":"https:\/\/www.aceitenovecientos.com\/wp-content\/uploads\/2016\/11\/P1050648-2.jpg","datePublished":"2016-11-14T09:25:44+00:00","dateModified":"2021-01-09T13:07:50+00:00","description":"Caja aceites de oliva aromatizados con 3 botellas de 100 ml. con una gama diferente de aceite delicatessen de oliva virgen extra con diferentes aromas","breadcrumb":{"@id":"https:\/\/www.aceitenovecientos.com\/producto\/aceite-delicatessen-aromas-vinagre\/#breadcrumb"},"inLanguage":"en-GB","potentialAction":[{"@type":"ReadAction","target":["https:\/\/www.aceitenovecientos.com\/producto\/aceite-delicatessen-aromas-vinagre\/"]}]},{"@type":"ImageObject","inLanguage":"en-GB","@id":"https:\/\/www.aceitenovecientos.com\/producto\/aceite-delicatessen-aromas-vinagre\/#primaryimage","url":"https:\/\/www.aceitenovecientos.com\/wp-content\/uploads\/2016\/11\/P1050648-2.jpg","contentUrl":"https:\/\/www.aceitenovecientos.com\/wp-content\/uploads\/2016\/11\/P1050648-2.jpg","width":1600,"height":1355,"caption":"caja aceite de trufa blanca, vinagre de frambuesa y AOVE 900 TOP"},{"@type":"BreadcrumbList","@id":"https:\/\/www.aceitenovecientos.com\/producto\/aceite-delicatessen-aromas-vinagre\/#breadcrumb","itemListElement":[{"@type":"ListItem","position":1,"name":"Portada","item":"https:\/\/www.aceitenovecientos.com\/"},{"@type":"ListItem","position":2,"name":"Cat\u00e1logo","item":"https:\/\/www.aceitenovecientos.com\/shop\/"},{"@type":"ListItem","position":3,"name":"Trio regalo original Frambuesa 900, Aceite 900 TOP y Aromatizado Trufa Blanca"}]},{"@type":"WebSite","@id":"https:\/\/www.aceitenovecientos.com\/#website","url":"https:\/\/www.aceitenovecientos.com\/","name":"Aceite Novecientos","description":"Aceite de Oliva de Ja\u00e9n","publisher":{"@id":"https:\/\/www.aceitenovecientos.com\/#organization"},"potentialAction":[{"@type":"SearchAction","target":{"@type":"EntryPoint","urlTemplate":"https:\/\/www.aceitenovecientos.com\/?s={search_term_string}"},"query-input":{"@type":"PropertyValueSpecification","valueRequired":true,"valueName":"search_term_string"}}],"inLanguage":"en-GB"},{"@type":"Organization","@id":"https:\/\/www.aceitenovecientos.com\/#organization","name":"Aceite Novecientos","url":"https:\/\/www.aceitenovecientos.com\/","logo":{"@type":"ImageObject","inLanguage":"en-GB","@id":"https:\/\/www.aceitenovecientos.com\/#\/schema\/logo\/image\/","url":"https:\/\/www.aceitenovecientos.com\/wp-content\/uploads\/2021\/12\/logo900-head.webp","contentUrl":"https:\/\/www.aceitenovecientos.com\/wp-content\/uploads\/2021\/12\/logo900-head.webp","width":470,"height":110,"caption":"Aceite Novecientos"},"image":{"@id":"https:\/\/www.aceitenovecientos.com\/#\/schema\/logo\/image\/"},"sameAs":["https:\/\/www.facebook.com\/aceitenovecientos\/"]}]}},"_links":{"self":[{"href":"https:\/\/www.aceitenovecientos.com\/en\/wp-json\/wp\/v2\/product\/389","targetHints":{"allow":["GET"]}}],"collection":[{"href":"https:\/\/www.aceitenovecientos.com\/en\/wp-json\/wp\/v2\/product"}],"about":[{"href":"https:\/\/www.aceitenovecientos.com\/en\/wp-json\/wp\/v2\/types\/product"}],"replies":[{"embeddable":true,"href":"https:\/\/www.aceitenovecientos.com\/en\/wp-json\/wp\/v2\/comments?post=389"}],"wp:featuredmedia":[{"embeddable":true,"href":"https:\/\/www.aceitenovecientos.com\/en\/wp-json\/wp\/v2\/media\/1629"}],"wp:attachment":[{"href":"https:\/\/www.aceitenovecientos.com\/en\/wp-json\/wp\/v2\/media?parent=389"}],"wp:term":[{"taxonomy":"product_cat","embeddable":true,"href":"https:\/\/www.aceitenovecientos.com\/en\/wp-json\/wp\/v2\/product_cat?post=389"},{"taxonomy":"product_tag","embeddable":true,"href":"https:\/\/www.aceitenovecientos.com\/en\/wp-json\/wp\/v2\/product_tag?post=389"}],"curies":[{"name":"wp","href":"https:\/\/api.w.org\/{rel}","templated":true}]}}