{"id":386,"date":"2016-11-14T09:12:51","date_gmt":"2016-11-14T09:12:51","guid":{"rendered":"http:\/\/www.aceitenovecientos.com\/tienda-online\/caja-aceite-sabores-balsamico-ahumado-albahaca\/"},"modified":"2021-01-09T13:08:50","modified_gmt":"2021-01-09T13:08:50","slug":"aceite-gourmet-balsamico","status":"publish","type":"product","link":"https:\/\/www.aceitenovecientos.com\/en\/product\/aceite-gourmet-balsamico\/","title":{"rendered":"Trio delicatessen Vinagre Bals\u00e1mico 900 y Aceite de Oliva Aromatizados 900 Albahaca y Ahumado"},"content":{"rendered":"<h1>Caja aceite Gourmet<\/h1>\n<p>Una gama diferente de condimento de aceite gourmet aromatizados de oliva virgen extra con diversos sabores que te van a sorprender, para crear nuevas salsas, para ensaladas y platos fr\u00edos y para darles un toque a carnes y pescados. Tambi\u00e9n puedes utilizarlo para preparar tus dulces, galletas o bizcochos.<\/p>\n<h2 class=\"product_title entry-title\">Aceite de Oliva Sabor Albahaca. Aceites aromatizados<\/h2>\n<div>\n<p>Condimento de aceite de oliva virgen extra con<strong> aroma de albahaca<\/strong>. Una forma original de tomar un alimento tradicional y saludable.<\/p>\n<p>La albahaca es el ingrediente principal de la salsa pesto para pastas. Para conseguir un plato perfecto, saltea la pasta con ACEITE DE OLIVA VIRGEN EXTRA 900 ALBAHACA.<\/p>\n<\/div>\n<h2 class=\"product_title entry-title\">Aceite de Oliva Sabor Ahumado<\/h2>\n<div><\/div>\n<div>\n<p>Condimento de aceite de oliva virgen extra con <strong>aroma ahumado<\/strong>. Una forma original de tomar un alimento tradicional y saludable.<\/p>\n<p>Aunque el ACEITE DE OLIVA VIRGEN EXTRA 900 AHUMADO tiene infinidad de aplicaciones con el \u00fanico l\u00edmite de tu imaginaci\u00f3n: es el ideal acompa\u00f1ante de cualquier pescado a la plancha, merluza, aguja, salm\u00f3n, etc. A\u00f1ade una hierba arom\u00e1tica al gusto, a ser posible fresca, como cilantro, eneldo, salvia o perejil. Un plato sencillo que te ahorrar\u00e1 tiempo sin renunciar al paladar y que le dar\u00e1 un toque singular que lo har\u00e1 apetitoso.<\/p>\n<h2 class=\"product_title entry-title\">Vinagre Bals\u00e1mico<\/h2>\n<p>Es un sustituto del vinagre tradicional que aportar\u00e1 a tus platos un sabor intenso y agradable.<\/p>\n<div>\n<p>El vinagre, como compa\u00f1ero inseparable de un excepcional AOVE, no puede faltar como aderezo en nuestros men\u00fas y especialmente en ensaladas, plato base de una dieta mediterr\u00e1nea y de consumo diario. En l\u00ednea con los dem\u00e1s productos de ORIGEN NOVECIENTOS , ofertamos no s\u00f3lo un vinagre de alta calidad, sino que aporte adem\u00e1s; un valor adicional por obtener un resultado de sabor diferenciador cuando se utiliza en la cocina.<\/p>\n<\/div>\n<p>&nbsp;<\/p>\n<\/div>\n<p>Si necesitas o quieres saber m\u00e1s sobre el posible uso de los aceites aromatizados en funci\u00f3n de la variedad; consulta el documento de Maridajes\u00a0y conoce todos los detalles.<\/p>\n<p><a href=\"http:\/\/www.aceitenovecientos.com\/wp-content\/uploads\/2016\/10\/maridajes.pdf\" target=\"_blank\" rel=\"noopener noreferrer\"><span class=\"boton\">Ver Documento<\/span><\/a><\/p>\n<p>&nbsp;<\/p>","protected":false},"excerpt":{"rendered":"<p><em>(3 Botellas 100ml. )<\/em> Caja trio con 3 botellas de 100 ml. con una gama completamente diferente de\u00a0aceite de oliva virgen extra con diferentes\u00a0sabores\u00a0 para degustar y sorprender a tu paladar, experimentar en la cocina con ensaladas y platos fr\u00edos y para dar un toque especial y sabroso a carnes y pescados.<\/p>\n<p>Tambi\u00e9n es un aceite\u00a0apropiado para preparar dulces, galletas o bizcochos.<\/p>\n<p>La Caja\u00a0incluye:<\/p>\n<p>&nbsp;<\/p>\n<p>&#8211;\u00a0Botella Vinagre\u00a0Bals\u00e1mico<\/p>\n<p>&#8211; Botella Aceite de Oliva Sabor\u00a0Ahumado<\/p>\n<p>&#8211; Botella Aceite de Oliva Sabor\u00a0Albahaca<\/p>\n<p>Si est\u00e1s interesado en comprar varios aceites saborizados, <strong>hazte con el pack de 3 y ahorra en la compra<\/strong>.<\/p>\n<p><strong>Y si quieres realizar cualquier\u00a0otra combinaci\u00f3n de sabores, p\u00f3ngase en contacto con nosotros a trav\u00e9s del email <a href=\"mailto:info@900foods.com\">info@900foods.com<\/a><\/strong><\/p>","protected":false},"featured_media":1630,"comment_status":"open","ping_status":"closed","template":"","meta":[],"product_cat":[179,8,186,29],"product_tag":[11,23,24,15,27,12],"class_list":{"0":"post-386","1":"product","2":"type-product","3":"status-publish","4":"has-post-thumbnail","6":"product_cat-aceite-de-oliva-aromatizado","7":"product_cat-aceite-de-oliva-virgen-extra","8":"product_cat-regalos","9":"product_cat-vinagres","10":"product_tag-aceite-de-oliva","11":"product_tag-aceite-sabor-ahumado","12":"product_tag-aceite-sabor-albahaca","13":"product_tag-aceite-saborizado","14":"product_tag-vinagre-balsamico","15":"product_tag-virgen-extra","17":"first","18":"instock","19":"taxable","20":"shipping-taxable","21":"purchasable","22":"product-type-simple"},"yoast_head":"<!-- This site is optimized with the Yoast SEO plugin v24.1 - https:\/\/yoast.com\/wordpress\/plugins\/seo\/ -->\n<title>Aceite gourmet: Ahumado, Albahaca y Vinagre Bals\u00e1mico<\/title>\n<meta name=\"description\" content=\"Caja aceite gourmet aromatizados con 3 botellas de 100 ml. con una gama diferente de aceites de oliva virgen extra aromatizados y vinagre.\" \/>\n<meta name=\"robots\" content=\"index, follow, max-snippet:-1, max-image-preview:large, max-video-preview:-1\" \/>\n<link rel=\"canonical\" href=\"https:\/\/www.aceitenovecientos.com\/en\/product\/aceite-gourmet-balsamico\/\" \/>\n<meta property=\"og:locale\" content=\"en_GB\" \/>\n<meta property=\"og:type\" content=\"article\" \/>\n<meta property=\"og:title\" content=\"Aceite gourmet: Ahumado, Albahaca y Vinagre Bals\u00e1mico\" \/>\n<meta property=\"og:description\" content=\"Caja aceite gourmet aromatizados con 3 botellas de 100 ml. con una gama diferente de aceites de oliva virgen extra aromatizados y vinagre.\" \/>\n<meta property=\"og:url\" content=\"https:\/\/www.aceitenovecientos.com\/en\/product\/aceite-gourmet-balsamico\/\" \/>\n<meta property=\"og:site_name\" content=\"Aceite Novecientos\" \/>\n<meta property=\"article:publisher\" content=\"https:\/\/www.facebook.com\/aceitenovecientos\/\" \/>\n<meta property=\"article:modified_time\" content=\"2021-01-09T13:08:50+00:00\" \/>\n<meta property=\"og:image\" content=\"https:\/\/www.aceitenovecientos.com\/wp-content\/uploads\/2016\/11\/P1050650-3.jpg\" \/>\n\t<meta property=\"og:image:width\" content=\"1602\" \/>\n\t<meta property=\"og:image:height\" content=\"1229\" \/>\n\t<meta property=\"og:image:type\" content=\"image\/jpeg\" \/>\n<meta name=\"twitter:card\" content=\"summary_large_image\" \/>\n<meta name=\"twitter:label1\" content=\"Estimated reading time\" \/>\n\t<meta name=\"twitter:data1\" content=\"2 minutes\" \/>\n<script type=\"application\/ld+json\" class=\"yoast-schema-graph\">{\"@context\":\"https:\/\/schema.org\",\"@graph\":[{\"@type\":\"WebPage\",\"@id\":\"https:\/\/www.aceitenovecientos.com\/producto\/aceite-gourmet-balsamico\/\",\"url\":\"https:\/\/www.aceitenovecientos.com\/producto\/aceite-gourmet-balsamico\/\",\"name\":\"Aceite gourmet: Ahumado, Albahaca y Vinagre Bals\u00e1mico\",\"isPartOf\":{\"@id\":\"https:\/\/www.aceitenovecientos.com\/#website\"},\"primaryImageOfPage\":{\"@id\":\"https:\/\/www.aceitenovecientos.com\/producto\/aceite-gourmet-balsamico\/#primaryimage\"},\"image\":{\"@id\":\"https:\/\/www.aceitenovecientos.com\/producto\/aceite-gourmet-balsamico\/#primaryimage\"},\"thumbnailUrl\":\"https:\/\/www.aceitenovecientos.com\/wp-content\/uploads\/2016\/11\/P1050650-3.jpg\",\"datePublished\":\"2016-11-14T09:12:51+00:00\",\"dateModified\":\"2021-01-09T13:08:50+00:00\",\"description\":\"Caja aceite gourmet aromatizados con 3 botellas de 100 ml. con una gama diferente de aceites de oliva virgen extra aromatizados y vinagre.\",\"breadcrumb\":{\"@id\":\"https:\/\/www.aceitenovecientos.com\/producto\/aceite-gourmet-balsamico\/#breadcrumb\"},\"inLanguage\":\"en-GB\",\"potentialAction\":[{\"@type\":\"ReadAction\",\"target\":[\"https:\/\/www.aceitenovecientos.com\/producto\/aceite-gourmet-balsamico\/\"]}]},{\"@type\":\"ImageObject\",\"inLanguage\":\"en-GB\",\"@id\":\"https:\/\/www.aceitenovecientos.com\/producto\/aceite-gourmet-balsamico\/#primaryimage\",\"url\":\"https:\/\/www.aceitenovecientos.com\/wp-content\/uploads\/2016\/11\/P1050650-3.jpg\",\"contentUrl\":\"https:\/\/www.aceitenovecientos.com\/wp-content\/uploads\/2016\/11\/P1050650-3.jpg\",\"width\":1602,\"height\":1229,\"caption\":\"caja regalo aceite de albahaca, ahumado y vinagre bals\u00e1mico 900\"},{\"@type\":\"BreadcrumbList\",\"@id\":\"https:\/\/www.aceitenovecientos.com\/producto\/aceite-gourmet-balsamico\/#breadcrumb\",\"itemListElement\":[{\"@type\":\"ListItem\",\"position\":1,\"name\":\"Portada\",\"item\":\"https:\/\/www.aceitenovecientos.com\/\"},{\"@type\":\"ListItem\",\"position\":2,\"name\":\"Cat\u00e1logo\",\"item\":\"https:\/\/www.aceitenovecientos.com\/shop\/\"},{\"@type\":\"ListItem\",\"position\":3,\"name\":\"Trio delicatessen Vinagre Bals\u00e1mico 900 y Aceite de Oliva Aromatizados 900 Albahaca y Ahumado\"}]},{\"@type\":\"WebSite\",\"@id\":\"https:\/\/www.aceitenovecientos.com\/#website\",\"url\":\"https:\/\/www.aceitenovecientos.com\/\",\"name\":\"Aceite Novecientos\",\"description\":\"Aceite de Oliva de Ja\u00e9n\",\"publisher\":{\"@id\":\"https:\/\/www.aceitenovecientos.com\/#organization\"},\"potentialAction\":[{\"@type\":\"SearchAction\",\"target\":{\"@type\":\"EntryPoint\",\"urlTemplate\":\"https:\/\/www.aceitenovecientos.com\/?s={search_term_string}\"},\"query-input\":{\"@type\":\"PropertyValueSpecification\",\"valueRequired\":true,\"valueName\":\"search_term_string\"}}],\"inLanguage\":\"en-GB\"},{\"@type\":\"Organization\",\"@id\":\"https:\/\/www.aceitenovecientos.com\/#organization\",\"name\":\"Aceite Novecientos\",\"url\":\"https:\/\/www.aceitenovecientos.com\/\",\"logo\":{\"@type\":\"ImageObject\",\"inLanguage\":\"en-GB\",\"@id\":\"https:\/\/www.aceitenovecientos.com\/#\/schema\/logo\/image\/\",\"url\":\"https:\/\/www.aceitenovecientos.com\/wp-content\/uploads\/2021\/12\/logo900-head.webp\",\"contentUrl\":\"https:\/\/www.aceitenovecientos.com\/wp-content\/uploads\/2021\/12\/logo900-head.webp\",\"width\":470,\"height\":110,\"caption\":\"Aceite Novecientos\"},\"image\":{\"@id\":\"https:\/\/www.aceitenovecientos.com\/#\/schema\/logo\/image\/\"},\"sameAs\":[\"https:\/\/www.facebook.com\/aceitenovecientos\/\"]}]}<\/script>\n<!-- \/ Yoast SEO plugin. -->","yoast_head_json":{"title":"Aceite gourmet: Ahumado, Albahaca y Vinagre Bals\u00e1mico","description":"Caja aceite gourmet aromatizados con 3 botellas de 100 ml. con una gama diferente de aceites de oliva virgen extra aromatizados y vinagre.","robots":{"index":"index","follow":"follow","max-snippet":"max-snippet:-1","max-image-preview":"max-image-preview:large","max-video-preview":"max-video-preview:-1"},"canonical":"https:\/\/www.aceitenovecientos.com\/en\/product\/aceite-gourmet-balsamico\/","og_locale":"en_GB","og_type":"article","og_title":"Aceite gourmet: Ahumado, Albahaca y Vinagre Bals\u00e1mico","og_description":"Caja aceite gourmet aromatizados con 3 botellas de 100 ml. con una gama diferente de aceites de oliva virgen extra aromatizados y vinagre.","og_url":"https:\/\/www.aceitenovecientos.com\/en\/product\/aceite-gourmet-balsamico\/","og_site_name":"Aceite Novecientos","article_publisher":"https:\/\/www.facebook.com\/aceitenovecientos\/","article_modified_time":"2021-01-09T13:08:50+00:00","og_image":[{"width":1602,"height":1229,"url":"https:\/\/www.aceitenovecientos.com\/wp-content\/uploads\/2016\/11\/P1050650-3.jpg","type":"image\/jpeg"}],"twitter_card":"summary_large_image","twitter_misc":{"Estimated reading time":"2 minutes"},"schema":{"@context":"https:\/\/schema.org","@graph":[{"@type":"WebPage","@id":"https:\/\/www.aceitenovecientos.com\/producto\/aceite-gourmet-balsamico\/","url":"https:\/\/www.aceitenovecientos.com\/producto\/aceite-gourmet-balsamico\/","name":"Aceite gourmet: Ahumado, Albahaca y Vinagre Bals\u00e1mico","isPartOf":{"@id":"https:\/\/www.aceitenovecientos.com\/#website"},"primaryImageOfPage":{"@id":"https:\/\/www.aceitenovecientos.com\/producto\/aceite-gourmet-balsamico\/#primaryimage"},"image":{"@id":"https:\/\/www.aceitenovecientos.com\/producto\/aceite-gourmet-balsamico\/#primaryimage"},"thumbnailUrl":"https:\/\/www.aceitenovecientos.com\/wp-content\/uploads\/2016\/11\/P1050650-3.jpg","datePublished":"2016-11-14T09:12:51+00:00","dateModified":"2021-01-09T13:08:50+00:00","description":"Caja aceite gourmet aromatizados con 3 botellas de 100 ml. con una gama diferente de aceites de oliva virgen extra aromatizados y vinagre.","breadcrumb":{"@id":"https:\/\/www.aceitenovecientos.com\/producto\/aceite-gourmet-balsamico\/#breadcrumb"},"inLanguage":"en-GB","potentialAction":[{"@type":"ReadAction","target":["https:\/\/www.aceitenovecientos.com\/producto\/aceite-gourmet-balsamico\/"]}]},{"@type":"ImageObject","inLanguage":"en-GB","@id":"https:\/\/www.aceitenovecientos.com\/producto\/aceite-gourmet-balsamico\/#primaryimage","url":"https:\/\/www.aceitenovecientos.com\/wp-content\/uploads\/2016\/11\/P1050650-3.jpg","contentUrl":"https:\/\/www.aceitenovecientos.com\/wp-content\/uploads\/2016\/11\/P1050650-3.jpg","width":1602,"height":1229,"caption":"caja regalo aceite de albahaca, ahumado y vinagre bals\u00e1mico 900"},{"@type":"BreadcrumbList","@id":"https:\/\/www.aceitenovecientos.com\/producto\/aceite-gourmet-balsamico\/#breadcrumb","itemListElement":[{"@type":"ListItem","position":1,"name":"Portada","item":"https:\/\/www.aceitenovecientos.com\/"},{"@type":"ListItem","position":2,"name":"Cat\u00e1logo","item":"https:\/\/www.aceitenovecientos.com\/shop\/"},{"@type":"ListItem","position":3,"name":"Trio delicatessen Vinagre Bals\u00e1mico 900 y Aceite de Oliva Aromatizados 900 Albahaca y Ahumado"}]},{"@type":"WebSite","@id":"https:\/\/www.aceitenovecientos.com\/#website","url":"https:\/\/www.aceitenovecientos.com\/","name":"Aceite Novecientos","description":"Aceite de Oliva de Ja\u00e9n","publisher":{"@id":"https:\/\/www.aceitenovecientos.com\/#organization"},"potentialAction":[{"@type":"SearchAction","target":{"@type":"EntryPoint","urlTemplate":"https:\/\/www.aceitenovecientos.com\/?s={search_term_string}"},"query-input":{"@type":"PropertyValueSpecification","valueRequired":true,"valueName":"search_term_string"}}],"inLanguage":"en-GB"},{"@type":"Organization","@id":"https:\/\/www.aceitenovecientos.com\/#organization","name":"Aceite Novecientos","url":"https:\/\/www.aceitenovecientos.com\/","logo":{"@type":"ImageObject","inLanguage":"en-GB","@id":"https:\/\/www.aceitenovecientos.com\/#\/schema\/logo\/image\/","url":"https:\/\/www.aceitenovecientos.com\/wp-content\/uploads\/2021\/12\/logo900-head.webp","contentUrl":"https:\/\/www.aceitenovecientos.com\/wp-content\/uploads\/2021\/12\/logo900-head.webp","width":470,"height":110,"caption":"Aceite Novecientos"},"image":{"@id":"https:\/\/www.aceitenovecientos.com\/#\/schema\/logo\/image\/"},"sameAs":["https:\/\/www.facebook.com\/aceitenovecientos\/"]}]}},"_links":{"self":[{"href":"https:\/\/www.aceitenovecientos.com\/en\/wp-json\/wp\/v2\/product\/386","targetHints":{"allow":["GET"]}}],"collection":[{"href":"https:\/\/www.aceitenovecientos.com\/en\/wp-json\/wp\/v2\/product"}],"about":[{"href":"https:\/\/www.aceitenovecientos.com\/en\/wp-json\/wp\/v2\/types\/product"}],"replies":[{"embeddable":true,"href":"https:\/\/www.aceitenovecientos.com\/en\/wp-json\/wp\/v2\/comments?post=386"}],"wp:featuredmedia":[{"embeddable":true,"href":"https:\/\/www.aceitenovecientos.com\/en\/wp-json\/wp\/v2\/media\/1630"}],"wp:attachment":[{"href":"https:\/\/www.aceitenovecientos.com\/en\/wp-json\/wp\/v2\/media?parent=386"}],"wp:term":[{"taxonomy":"product_cat","embeddable":true,"href":"https:\/\/www.aceitenovecientos.com\/en\/wp-json\/wp\/v2\/product_cat?post=386"},{"taxonomy":"product_tag","embeddable":true,"href":"https:\/\/www.aceitenovecientos.com\/en\/wp-json\/wp\/v2\/product_tag?post=386"}],"curies":[{"name":"wp","href":"https:\/\/api.w.org\/{rel}","templated":true}]}}