{"id":2969,"date":"2022-06-02T13:12:08","date_gmt":"2022-06-02T12:12:08","guid":{"rendered":"https:\/\/www.aceitenovecientos.com\/?post_type=product&#038;p=2969"},"modified":"2023-11-07T14:13:40","modified_gmt":"2023-11-07T13:13:40","slug":"caja-combinada-aromas-900-250ml","status":"publish","type":"product","link":"https:\/\/www.aceitenovecientos.com\/en\/product\/caja-combinada-aromas-900-250ml\/","title":{"rendered":"Caja regalo 4 botellas de Aceite de oliva virgen extra aromatizado 900"},"content":{"rendered":"<h1>Caja regalo con 4 botellas de 250 ml. de\u00a0 AOVE aromatizado 900<\/h1>\n<p>IDEAS PARA UTILIZAR ACEITES DE OLIVA VIRGEN EXTRA AROMATIZADOS<\/p>\n<p>Para facilitar el uso del aceite de oliva virgen extra (AOVE) y aportar a los plato un valor adicional en originalidad y sorpresa al paladar, te mostramos algunas ideas para triunfar en la mesa.<\/p>\n<h5><u>AOVE 900 TRUFA BLANCA<\/u><\/h5>\n<p>Saltea cualquier pasta una vez cocida, AOVE 900 TRUFA BLANCA. A\u00f1ade los dem\u00e1s ingredientes seleccionados seg\u00fan tus preferencias, verduras, hierbas arom\u00e1ticas, trocitos de pescado al gusto o pollo. Un salteado de cebolla, calabac\u00edn y zanahoria ser\u00e1 estupendo. Si adem\u00e1s a\u00f1ades unas tiras de pollo o pavo a la plancha conseguir\u00e1s un plato incre\u00edblemente sabroso y nutritivo con alimentos sanos.<\/p>\n<p>Puedes utilizar el AOVE 900 TRUFA BLANCA para marcar cualquier carne o pescado a la plancha.<\/p>\n<h5><u>\u00a0<\/u><u>AOVE 900 AHUMADO<\/u><\/h5>\n<p>El ahumado ha sido una t\u00e9cnica de conservaci\u00f3n de alimentos utilizada desde la antig\u00fcedad.\u00a0 Cualquier plato de carne o pescado cocinado con este aceite resultar\u00e1 delicioso.<\/p>\n<p>Aunque el AOVE 900 AHUMADO tiene infinidad de aplicaciones con el \u00fanico l\u00edmite de tu imaginaci\u00f3n, es el ideal acompa\u00f1ante de cualquier pescado a la plancha, merluza, aguja, salm\u00f3n, etc. A\u00f1ade una hierba arom\u00e1tica al gusto, a ser posible fresca, como cilantro, eneldo, salvia o perejil. Un plato sencillo que te ahorrar\u00e1 tiempo sin renunciar al\u00a0 paladar y que le dar\u00e1 un toque singular que lo har\u00e1 apetitoso.<\/p>\n<h5><u>AOVE 900 JAM\u00d3N SERRANO<\/u><\/h5>\n<p>El JAMON SERRANO es uno de los alimentos m\u00e1s valiosos de Espa\u00f1a y est\u00e1 totalmente integrado en nuestra cultura, al igual que el aceite de oliva virgen extra.<\/p>\n<p>La mejor forma y m\u00e1s saludable de tomar AOVE 900 JAM\u00d3N SERRANO es como aderezo de\u00a0 ensaladas. Exaltar\u00e1 su delicioso paladar sin duda. Un chorre\u00f3n generoso de AOVE 900 JAM\u00d3N SERRANO, \u00a0puede hacer que\u00a0 la tostada del desayuno, un s\u00e1ndwich o un bocadillo, no sean simplemente un alimento importante del d\u00eda, sino un momento para disfrutar de un capricho.<\/p>\n<p>Adereza el salmorejo, una vez terminado, con un chorre\u00f3n de este aceite y huevo cocido picado. Delicioso.<\/p>\n<h5><u>AOVE 900 ALBAHACA<\/u><\/h5>\n<p>La albahaca es el ingrediente principal de la salsa pesto para pastas. Para conseguir un plato perfecto, saltea la pasta con AOVE 900 ALBAHACA.<\/p>\n<p>A\u00f1ade este aceite a la sart\u00e9n para dar un sabor sofisticado a los alimentos cocinados a la plancha, ya sean pescados o carnes. Ali\u00f1a verduras cocidas al vapor con un chorre\u00f3n de AOVE 900 ALBAHACA y acompa\u00f1a con ella otros platos en el almuerzo o la cena. Un tomate troceado con queso fresco, nueces y este aceite, es una cena perfecta.<\/p>\n<p>En nuestra web encontrar\u00e1s ideas\u00a0 f\u00e1ciles pero originales para el d\u00eda a d\u00eda. Estar\u00edamos encantados de que nos contaras en que recetas lo has utilizado. Puedes ponerte en contacto con nosotros y\u00a0 sorprendernos.<\/p>\n<h5><u>AOVE 900 NARANJA<\/u><\/h5>\n<p>Quiz\u00e1 el m\u00e1s vers\u00e1til. Potencia el sabor de cualquier alimento ya sea dulce o salado. Ideal para todo tipo de carnes o pescados, aportando un agradable y fresco aroma a naranja. Si te decantas por lo dulce, prueba a hacer un bizcocho con AOVE 900 NARANJA.<\/p>\n<p>M\u00e9zclalo con miel para aderezar macedonias de frutas o postres l\u00e1cteos como cuajada, yogur griego, reques\u00f3n\u2026\u2026\u2026\u2026.. y lo que t\u00fa quieras. Ensaladas en sus m\u00faltiples versiones e ingredientes, verduras, hortalizas, legumbres, frutas, pastas, arroz\u2026.la imaginaci\u00f3n y tu gusto ponen el l\u00edmite. Aderezo de aperitivos y tapas.<\/p>\n<h5><u>AOVE 900 MEDITERR\u00c1NEO<\/u><\/h5>\n<p>Ali\u00f1o de ensaladas y verduras cocidas o a la plancha.\u00a0Maceraci\u00f3n y aderezo de pescado y marisco.<\/p>\n<p>Pizzas y pastas.\u00a0Tartar, carpaccio.\u00a0Base de salsas.<\/p>\n<h5><u>AOVE 900 PICANTE<\/u><\/h5>\n<p>Ali\u00f1o y maceraci\u00f3n de todo tipo de carnes y pescados, en crudo o ya cocinados.<\/p>\n<p>Pastas y pizzas. Guisos.\u00a0Base de salsas.<\/p>\n<h5><u>AOVE 900 ORIENTAL<\/u><\/h5>\n<p>Maceraci\u00f3n y ali\u00f1o de carnes (especialmente aves) y pescados.<\/p>\n<p>Pastas y arroces.\u00a0Aromatizar verduras y legumbres.\u00a0Base de salsas.<\/p>\n<h5><u>AOVE 900 MONTE<\/u><\/h5>\n<p>Aderezo y maceraci\u00f3n de carnes: aves,\u00a0 vacuno, ovino, cerdo. Guisos y arroces.<\/p>\n<p>Verduras cocidas o a la plancha. Base de salsas.<\/p>\n<h5><u>AOVE ECOL\u00d3GICO\u00a0 900 NARANJA-TOMILLO<\/u><\/h5>\n<p>Aderezo y maceraci\u00f3n de carnes: aves,\u00a0 vacuno, ovino, cerdo\u2026..<\/p>\n<p>Condimento para ensaladas y verduras cocidas o asadas.\u00a0Base de salsas.<\/p>\n<h5><u>AOVE ECOL\u00d3GICO\u00a0 900 LIM\u00d3N-ROMERO<\/u><\/h5>\n<p>Aderezo y maceraci\u00f3n de carnes: aves,\u00a0 vacuno, ovino, cerdo\u2026..<\/p>\n<p>Condimento para ensaladas y verduras cocidas o asadas.\u00a0Base de salsas.<\/p>","protected":false},"excerpt":{"rendered":"<p><em>Caja regalo con cuatro botellas de 250 ml. de AOVE aromatizado o infusionado 900.\u00a0<\/em><em>Completa tu caja regalo al gusto con aceite de oliva virgen extra de sabores 900.<\/em><\/p>\n<p><em>\u00a0Crea combinaciones con nuestras variedades de aromatizados :<\/em><\/p>\n<ul>\n<li>Aromatizado 900 Ahumado<\/li>\n<li>Aromatizado 900 Trufa Blanca<\/li>\n<li>Aromatizado 900 Jam\u00f3n Serrano<\/li>\n<li>Aromatizado 900 Albahaca<\/li>\n<li>Aromatizado 900 Lim\u00f3n<\/li>\n<li>Aromatizado 900 Naranja<\/li>\n<li>Aromatizado 900 Monte (naranja, piment\u00f3n, albahaca y tomillo)<\/li>\n<li>Aromatizado 900 Mediterr\u00e1neo (lim\u00f3n, ajo, albahaca y tomate)<\/li>\n<li>Aromatizado 900 Picante (chili y laurel)<\/li>\n<li>Aromatizado 900 Oriental (c\u00farcuma, comino, jengibre y canela)<\/li>\n<li>Aromatizado 900 Lim\u00f3n y Romero Ecol\u00f3gico<\/li>\n<li>Aromatizado 900 Naranja y Tomillo<\/li>\n<\/ul>\n<p>Un acierto para degustar y sorprender al paladar, experimentar en la cocina con ensaladas y platos fr\u00edos y para dar un toque especial y sabroso a carnes y pescados.<\/p>\n<p>Tambi\u00e9n es un aceite\u00a0apropiado para preparar dulces, galletas o bizcochos.<\/p>\n<p>Al realizar el pedido escribanos en \u00ab<strong>Notas del pedido\u00bb<\/strong> los sabores con lo que desee rellenar su caja, tambi\u00e9n puede mandarnos un correo a <a href=\"mailto:info@900foods.com\">info@900foods.com<\/a><\/p>","protected":false},"featured_media":2970,"comment_status":"open","ping_status":"closed","template":"","meta":[],"product_cat":[179,8,280,186,29],"product_tag":[142,143,139,140,141],"class_list":{"0":"post-2969","1":"product","2":"type-product","3":"status-publish","4":"has-post-thumbnail","6":"product_cat-aceite-de-oliva-aromatizado","7":"product_cat-aceite-de-oliva-virgen-extra","8":"product_cat-esferas-de-aceite-de-oliva-virgen-extra","9":"product_cat-regalos","10":"product_cat-vinagres","11":"product_tag-aceite-de-jaen","12":"product_tag-alimentacion-saludable","13":"product_tag-caviar-de-aceite","14":"product_tag-perlas-de-aceite","15":"product_tag-regala-aceite","17":"first","18":"instock","19":"taxable","20":"shipping-taxable","21":"purchasable","22":"product-type-simple"},"yoast_head":"<!-- This site is optimized with the Yoast SEO plugin v24.1 - https:\/\/yoast.com\/wordpress\/plugins\/seo\/ -->\n<title>Lote productos 900 caviar de aceite, aromatizados 900 y vinagre<\/title>\n<meta name=\"description\" content=\"Regala sabor, salud y originalidad con un pack de madera elegante con aceites aromatizados con naranja y trufa blanca, caviar de aceite, 900 TOP y vinagre.\" \/>\n<meta name=\"robots\" content=\"index, follow, max-snippet:-1, max-image-preview:large, max-video-preview:-1\" \/>\n<link rel=\"canonical\" href=\"https:\/\/www.aceitenovecientos.com\/en\/product\/caja-combinada-aromas-900-250ml\/\" \/>\n<meta property=\"og:locale\" content=\"en_GB\" \/>\n<meta property=\"og:type\" content=\"article\" \/>\n<meta property=\"og:title\" content=\"Lote productos 900 caviar de aceite, aromatizados 900 y vinagre\" \/>\n<meta property=\"og:description\" content=\"Regala sabor, salud y originalidad con un pack de madera elegante con aceites aromatizados con naranja y trufa blanca, caviar de aceite, 900 TOP y vinagre.\" \/>\n<meta property=\"og:url\" content=\"https:\/\/www.aceitenovecientos.com\/en\/product\/caja-combinada-aromas-900-250ml\/\" \/>\n<meta property=\"og:site_name\" content=\"Aceite Novecientos\" \/>\n<meta property=\"article:publisher\" content=\"https:\/\/www.facebook.com\/aceitenovecientos\/\" \/>\n<meta property=\"article:modified_time\" content=\"2023-11-07T13:13:40+00:00\" \/>\n<meta property=\"og:image\" content=\"https:\/\/www.aceitenovecientos.com\/wp-content\/uploads\/2022\/06\/Mockup-3D-4x250-ml-900-2.jpg\" \/>\n\t<meta property=\"og:image:width\" content=\"1734\" \/>\n\t<meta property=\"og:image:height\" content=\"1841\" \/>\n\t<meta property=\"og:image:type\" content=\"image\/jpeg\" \/>\n<meta name=\"twitter:card\" content=\"summary_large_image\" \/>\n<meta name=\"twitter:label1\" content=\"Estimated reading time\" \/>\n\t<meta name=\"twitter:data1\" content=\"4 minutes\" \/>\n<script type=\"application\/ld+json\" class=\"yoast-schema-graph\">{\"@context\":\"https:\/\/schema.org\",\"@graph\":[{\"@type\":\"WebPage\",\"@id\":\"https:\/\/www.aceitenovecientos.com\/producto\/caja-combinada-aromas-900-250ml\/\",\"url\":\"https:\/\/www.aceitenovecientos.com\/producto\/caja-combinada-aromas-900-250ml\/\",\"name\":\"Lote productos 900 caviar de aceite, aromatizados 900 y vinagre\",\"isPartOf\":{\"@id\":\"https:\/\/www.aceitenovecientos.com\/#website\"},\"primaryImageOfPage\":{\"@id\":\"https:\/\/www.aceitenovecientos.com\/producto\/caja-combinada-aromas-900-250ml\/#primaryimage\"},\"image\":{\"@id\":\"https:\/\/www.aceitenovecientos.com\/producto\/caja-combinada-aromas-900-250ml\/#primaryimage\"},\"thumbnailUrl\":\"https:\/\/www.aceitenovecientos.com\/wp-content\/uploads\/2022\/06\/Mockup-3D-4x250-ml-900-2.jpg\",\"datePublished\":\"2022-06-02T12:12:08+00:00\",\"dateModified\":\"2023-11-07T13:13:40+00:00\",\"description\":\"Regala sabor, salud y originalidad con un pack de madera elegante con aceites aromatizados con naranja y trufa blanca, caviar de aceite, 900 TOP y vinagre.\",\"breadcrumb\":{\"@id\":\"https:\/\/www.aceitenovecientos.com\/producto\/caja-combinada-aromas-900-250ml\/#breadcrumb\"},\"inLanguage\":\"en-GB\",\"potentialAction\":[{\"@type\":\"ReadAction\",\"target\":[\"https:\/\/www.aceitenovecientos.com\/producto\/caja-combinada-aromas-900-250ml\/\"]}]},{\"@type\":\"ImageObject\",\"inLanguage\":\"en-GB\",\"@id\":\"https:\/\/www.aceitenovecientos.com\/producto\/caja-combinada-aromas-900-250ml\/#primaryimage\",\"url\":\"https:\/\/www.aceitenovecientos.com\/wp-content\/uploads\/2022\/06\/Mockup-3D-4x250-ml-900-2.jpg\",\"contentUrl\":\"https:\/\/www.aceitenovecientos.com\/wp-content\/uploads\/2022\/06\/Mockup-3D-4x250-ml-900-2.jpg\",\"width\":1734,\"height\":1841,\"caption\":\"aromas\"},{\"@type\":\"BreadcrumbList\",\"@id\":\"https:\/\/www.aceitenovecientos.com\/producto\/caja-combinada-aromas-900-250ml\/#breadcrumb\",\"itemListElement\":[{\"@type\":\"ListItem\",\"position\":1,\"name\":\"Portada\",\"item\":\"https:\/\/www.aceitenovecientos.com\/\"},{\"@type\":\"ListItem\",\"position\":2,\"name\":\"Cat\u00e1logo\",\"item\":\"https:\/\/www.aceitenovecientos.com\/shop\/\"},{\"@type\":\"ListItem\",\"position\":3,\"name\":\"Caja regalo 4 botellas de Aceite de oliva virgen extra aromatizado 900\"}]},{\"@type\":\"WebSite\",\"@id\":\"https:\/\/www.aceitenovecientos.com\/#website\",\"url\":\"https:\/\/www.aceitenovecientos.com\/\",\"name\":\"Aceite Novecientos\",\"description\":\"Aceite de Oliva de Ja\u00e9n\",\"publisher\":{\"@id\":\"https:\/\/www.aceitenovecientos.com\/#organization\"},\"potentialAction\":[{\"@type\":\"SearchAction\",\"target\":{\"@type\":\"EntryPoint\",\"urlTemplate\":\"https:\/\/www.aceitenovecientos.com\/?s={search_term_string}\"},\"query-input\":{\"@type\":\"PropertyValueSpecification\",\"valueRequired\":true,\"valueName\":\"search_term_string\"}}],\"inLanguage\":\"en-GB\"},{\"@type\":\"Organization\",\"@id\":\"https:\/\/www.aceitenovecientos.com\/#organization\",\"name\":\"Aceite Novecientos\",\"url\":\"https:\/\/www.aceitenovecientos.com\/\",\"logo\":{\"@type\":\"ImageObject\",\"inLanguage\":\"en-GB\",\"@id\":\"https:\/\/www.aceitenovecientos.com\/#\/schema\/logo\/image\/\",\"url\":\"https:\/\/www.aceitenovecientos.com\/wp-content\/uploads\/2021\/12\/logo900-head.webp\",\"contentUrl\":\"https:\/\/www.aceitenovecientos.com\/wp-content\/uploads\/2021\/12\/logo900-head.webp\",\"width\":470,\"height\":110,\"caption\":\"Aceite Novecientos\"},\"image\":{\"@id\":\"https:\/\/www.aceitenovecientos.com\/#\/schema\/logo\/image\/\"},\"sameAs\":[\"https:\/\/www.facebook.com\/aceitenovecientos\/\"]}]}<\/script>\n<!-- \/ Yoast SEO plugin. -->","yoast_head_json":{"title":"Lote productos 900 caviar de aceite, aromatizados 900 y vinagre","description":"Regala sabor, salud y originalidad con un pack de madera elegante con aceites aromatizados con naranja y trufa blanca, caviar de aceite, 900 TOP y vinagre.","robots":{"index":"index","follow":"follow","max-snippet":"max-snippet:-1","max-image-preview":"max-image-preview:large","max-video-preview":"max-video-preview:-1"},"canonical":"https:\/\/www.aceitenovecientos.com\/en\/product\/caja-combinada-aromas-900-250ml\/","og_locale":"en_GB","og_type":"article","og_title":"Lote productos 900 caviar de aceite, aromatizados 900 y vinagre","og_description":"Regala sabor, salud y originalidad con un pack de madera elegante con aceites aromatizados con naranja y trufa blanca, caviar de aceite, 900 TOP y vinagre.","og_url":"https:\/\/www.aceitenovecientos.com\/en\/product\/caja-combinada-aromas-900-250ml\/","og_site_name":"Aceite Novecientos","article_publisher":"https:\/\/www.facebook.com\/aceitenovecientos\/","article_modified_time":"2023-11-07T13:13:40+00:00","og_image":[{"width":1734,"height":1841,"url":"https:\/\/www.aceitenovecientos.com\/wp-content\/uploads\/2022\/06\/Mockup-3D-4x250-ml-900-2.jpg","type":"image\/jpeg"}],"twitter_card":"summary_large_image","twitter_misc":{"Estimated reading time":"4 minutes"},"schema":{"@context":"https:\/\/schema.org","@graph":[{"@type":"WebPage","@id":"https:\/\/www.aceitenovecientos.com\/producto\/caja-combinada-aromas-900-250ml\/","url":"https:\/\/www.aceitenovecientos.com\/producto\/caja-combinada-aromas-900-250ml\/","name":"Lote productos 900 caviar de aceite, aromatizados 900 y vinagre","isPartOf":{"@id":"https:\/\/www.aceitenovecientos.com\/#website"},"primaryImageOfPage":{"@id":"https:\/\/www.aceitenovecientos.com\/producto\/caja-combinada-aromas-900-250ml\/#primaryimage"},"image":{"@id":"https:\/\/www.aceitenovecientos.com\/producto\/caja-combinada-aromas-900-250ml\/#primaryimage"},"thumbnailUrl":"https:\/\/www.aceitenovecientos.com\/wp-content\/uploads\/2022\/06\/Mockup-3D-4x250-ml-900-2.jpg","datePublished":"2022-06-02T12:12:08+00:00","dateModified":"2023-11-07T13:13:40+00:00","description":"Regala sabor, salud y originalidad con un pack de madera elegante con aceites aromatizados con naranja y trufa blanca, caviar de aceite, 900 TOP y vinagre.","breadcrumb":{"@id":"https:\/\/www.aceitenovecientos.com\/producto\/caja-combinada-aromas-900-250ml\/#breadcrumb"},"inLanguage":"en-GB","potentialAction":[{"@type":"ReadAction","target":["https:\/\/www.aceitenovecientos.com\/producto\/caja-combinada-aromas-900-250ml\/"]}]},{"@type":"ImageObject","inLanguage":"en-GB","@id":"https:\/\/www.aceitenovecientos.com\/producto\/caja-combinada-aromas-900-250ml\/#primaryimage","url":"https:\/\/www.aceitenovecientos.com\/wp-content\/uploads\/2022\/06\/Mockup-3D-4x250-ml-900-2.jpg","contentUrl":"https:\/\/www.aceitenovecientos.com\/wp-content\/uploads\/2022\/06\/Mockup-3D-4x250-ml-900-2.jpg","width":1734,"height":1841,"caption":"aromas"},{"@type":"BreadcrumbList","@id":"https:\/\/www.aceitenovecientos.com\/producto\/caja-combinada-aromas-900-250ml\/#breadcrumb","itemListElement":[{"@type":"ListItem","position":1,"name":"Portada","item":"https:\/\/www.aceitenovecientos.com\/"},{"@type":"ListItem","position":2,"name":"Cat\u00e1logo","item":"https:\/\/www.aceitenovecientos.com\/shop\/"},{"@type":"ListItem","position":3,"name":"Caja regalo 4 botellas de Aceite de oliva virgen extra aromatizado 900"}]},{"@type":"WebSite","@id":"https:\/\/www.aceitenovecientos.com\/#website","url":"https:\/\/www.aceitenovecientos.com\/","name":"Aceite Novecientos","description":"Aceite de Oliva de Ja\u00e9n","publisher":{"@id":"https:\/\/www.aceitenovecientos.com\/#organization"},"potentialAction":[{"@type":"SearchAction","target":{"@type":"EntryPoint","urlTemplate":"https:\/\/www.aceitenovecientos.com\/?s={search_term_string}"},"query-input":{"@type":"PropertyValueSpecification","valueRequired":true,"valueName":"search_term_string"}}],"inLanguage":"en-GB"},{"@type":"Organization","@id":"https:\/\/www.aceitenovecientos.com\/#organization","name":"Aceite Novecientos","url":"https:\/\/www.aceitenovecientos.com\/","logo":{"@type":"ImageObject","inLanguage":"en-GB","@id":"https:\/\/www.aceitenovecientos.com\/#\/schema\/logo\/image\/","url":"https:\/\/www.aceitenovecientos.com\/wp-content\/uploads\/2021\/12\/logo900-head.webp","contentUrl":"https:\/\/www.aceitenovecientos.com\/wp-content\/uploads\/2021\/12\/logo900-head.webp","width":470,"height":110,"caption":"Aceite Novecientos"},"image":{"@id":"https:\/\/www.aceitenovecientos.com\/#\/schema\/logo\/image\/"},"sameAs":["https:\/\/www.facebook.com\/aceitenovecientos\/"]}]}},"_links":{"self":[{"href":"https:\/\/www.aceitenovecientos.com\/en\/wp-json\/wp\/v2\/product\/2969","targetHints":{"allow":["GET"]}}],"collection":[{"href":"https:\/\/www.aceitenovecientos.com\/en\/wp-json\/wp\/v2\/product"}],"about":[{"href":"https:\/\/www.aceitenovecientos.com\/en\/wp-json\/wp\/v2\/types\/product"}],"replies":[{"embeddable":true,"href":"https:\/\/www.aceitenovecientos.com\/en\/wp-json\/wp\/v2\/comments?post=2969"}],"wp:featuredmedia":[{"embeddable":true,"href":"https:\/\/www.aceitenovecientos.com\/en\/wp-json\/wp\/v2\/media\/2970"}],"wp:attachment":[{"href":"https:\/\/www.aceitenovecientos.com\/en\/wp-json\/wp\/v2\/media?parent=2969"}],"wp:term":[{"taxonomy":"product_cat","embeddable":true,"href":"https:\/\/www.aceitenovecientos.com\/en\/wp-json\/wp\/v2\/product_cat?post=2969"},{"taxonomy":"product_tag","embeddable":true,"href":"https:\/\/www.aceitenovecientos.com\/en\/wp-json\/wp\/v2\/product_tag?post=2969"}],"curies":[{"name":"wp","href":"https:\/\/api.w.org\/{rel}","templated":true}]}}