{"id":2694,"date":"2021-10-15T09:54:48","date_gmt":"2021-10-15T09:54:48","guid":{"rendered":"https:\/\/www.aceitenovecientos.com\/?post_type=product&#038;p=2694"},"modified":"2022-03-02T08:56:23","modified_gmt":"2022-03-02T07:56:23","slug":"escamas-sal-pimenton-900","status":"publish","type":"product","link":"https:\/\/www.aceitenovecientos.com\/en\/product\/escamas-sal-pimenton-900\/","title":{"rendered":"Escamas de sal con piment\u00f3n 900"},"content":{"rendered":"<h1>Escamas de sal con piment\u00f3n 900<\/h1>\n<p>En 900 hemos conseguido este magnifico aderezo fusionando un alimento tan com\u00fan como son las escamas de sal con piment\u00f3n de la Vera.<\/p>\n<p>Adereza cualquier plato con este ideal combinado que sorprender\u00e1\u00a0 al paladar y dar\u00e1 un toque diferente a tus platos. Este tipo de Sal es baja en sodio, dando el toque justo de sabor y salud a nuestros platos. Crea diferentes maceraciones, donde la protagonista sea la sal en escamas.<\/p>\n<h2>Beneficios de las Escamas de sal con piment\u00f3n 900<\/h2>\n<p>En este sazonador encontramos una gran variedad de ben\u00e9ficos. La sal en escamas es baja en sodio, alta en magnesio y una gran fuente de yodo. Estos minerales son muy positivos para nuestro organismo, ya que, reducen la hipertensi\u00f3n, evitan la retenci\u00f3n de l\u00edquidos y reducen la presi\u00f3n arterial. Sin duda un super alimento que al combinarlo con el piment\u00f3n de la Vera se convierte en un excepcional sazonador.<\/p>","protected":false},"excerpt":{"rendered":"<p>La fusi\u00f3n perfecta entre la sal en escamas y el piment\u00f3n de vera har\u00e1n que tus platos tenga un toque unico.<\/p>\n<p>Peso Neto: 55 g<\/p>\n<p>&nbsp;<\/p>","protected":false},"featured_media":2695,"comment_status":"closed","ping_status":"closed","template":"","meta":[],"product_cat":[219],"product_tag":[523,527,526,506,510,509,528,525],"class_list":{"0":"post-2694","1":"product","2":"type-product","3":"status-publish","4":"has-post-thumbnail","6":"product_cat-semillas-de-olivo","7":"product_tag-523","8":"product_tag-escamas","9":"product_tag-escamas-de-sal","10":"product_tag-especias","11":"product_tag-especias-gourmet","12":"product_tag-novecientos","13":"product_tag-pimenton","14":"product_tag-sal","16":"first","17":"instock","18":"taxable","19":"shipping-taxable","20":"purchasable","21":"product-type-simple"},"yoast_head":"<!-- This site is optimized with the Yoast SEO plugin v24.1 - https:\/\/yoast.com\/wordpress\/plugins\/seo\/ -->\n<title>Escamas de sal con piment\u00f3n 900 - Aceite Novecientos<\/title>\n<meta name=\"robots\" content=\"index, follow, max-snippet:-1, max-image-preview:large, max-video-preview:-1\" \/>\n<link rel=\"canonical\" href=\"https:\/\/www.aceitenovecientos.com\/en\/product\/escamas-sal-pimenton-900\/\" \/>\n<meta property=\"og:locale\" content=\"en_GB\" \/>\n<meta property=\"og:type\" content=\"article\" \/>\n<meta property=\"og:title\" content=\"Escamas de sal con piment\u00f3n 900 - Aceite Novecientos\" \/>\n<meta property=\"og:description\" content=\"La fusi\u00f3n perfecta entre la sal en escamas y el piment\u00f3n de vera har\u00e1n que tus platos tenga un toque unico.  Peso Neto: 55 g  &nbsp;\" \/>\n<meta property=\"og:url\" content=\"https:\/\/www.aceitenovecientos.com\/en\/product\/escamas-sal-pimenton-900\/\" \/>\n<meta property=\"og:site_name\" content=\"Aceite Novecientos\" \/>\n<meta property=\"article:publisher\" content=\"https:\/\/www.facebook.com\/aceitenovecientos\/\" \/>\n<meta property=\"article:modified_time\" content=\"2022-03-02T07:56:23+00:00\" \/>\n<meta property=\"og:image\" content=\"https:\/\/www.aceitenovecientos.com\/wp-content\/uploads\/2021\/10\/DSC3946.jpg\" \/>\n\t<meta property=\"og:image:width\" content=\"700\" \/>\n\t<meta property=\"og:image:height\" content=\"700\" \/>\n\t<meta property=\"og:image:type\" content=\"image\/jpeg\" \/>\n<meta name=\"twitter:card\" content=\"summary_large_image\" \/>\n<meta name=\"twitter:label1\" content=\"Estimated reading time\" \/>\n\t<meta name=\"twitter:data1\" content=\"1 minute\" \/>\n<script type=\"application\/ld+json\" class=\"yoast-schema-graph\">{\"@context\":\"https:\/\/schema.org\",\"@graph\":[{\"@type\":\"WebPage\",\"@id\":\"https:\/\/www.aceitenovecientos.com\/producto\/escamas-sal-pimenton-900\/\",\"url\":\"https:\/\/www.aceitenovecientos.com\/producto\/escamas-sal-pimenton-900\/\",\"name\":\"Escamas de sal con piment\u00f3n 900 - Aceite Novecientos\",\"isPartOf\":{\"@id\":\"https:\/\/www.aceitenovecientos.com\/#website\"},\"primaryImageOfPage\":{\"@id\":\"https:\/\/www.aceitenovecientos.com\/producto\/escamas-sal-pimenton-900\/#primaryimage\"},\"image\":{\"@id\":\"https:\/\/www.aceitenovecientos.com\/producto\/escamas-sal-pimenton-900\/#primaryimage\"},\"thumbnailUrl\":\"https:\/\/www.aceitenovecientos.com\/wp-content\/uploads\/2021\/10\/DSC3946.jpg\",\"datePublished\":\"2021-10-15T09:54:48+00:00\",\"dateModified\":\"2022-03-02T07:56:23+00:00\",\"breadcrumb\":{\"@id\":\"https:\/\/www.aceitenovecientos.com\/producto\/escamas-sal-pimenton-900\/#breadcrumb\"},\"inLanguage\":\"en-GB\",\"potentialAction\":[{\"@type\":\"ReadAction\",\"target\":[\"https:\/\/www.aceitenovecientos.com\/producto\/escamas-sal-pimenton-900\/\"]}]},{\"@type\":\"ImageObject\",\"inLanguage\":\"en-GB\",\"@id\":\"https:\/\/www.aceitenovecientos.com\/producto\/escamas-sal-pimenton-900\/#primaryimage\",\"url\":\"https:\/\/www.aceitenovecientos.com\/wp-content\/uploads\/2021\/10\/DSC3946.jpg\",\"contentUrl\":\"https:\/\/www.aceitenovecientos.com\/wp-content\/uploads\/2021\/10\/DSC3946.jpg\",\"width\":700,\"height\":700,\"caption\":\"salt flakes\"},{\"@type\":\"BreadcrumbList\",\"@id\":\"https:\/\/www.aceitenovecientos.com\/producto\/escamas-sal-pimenton-900\/#breadcrumb\",\"itemListElement\":[{\"@type\":\"ListItem\",\"position\":1,\"name\":\"Portada\",\"item\":\"https:\/\/www.aceitenovecientos.com\/\"},{\"@type\":\"ListItem\",\"position\":2,\"name\":\"Cat\u00e1logo\",\"item\":\"https:\/\/www.aceitenovecientos.com\/shop\/\"},{\"@type\":\"ListItem\",\"position\":3,\"name\":\"Escamas de sal con piment\u00f3n 900\"}]},{\"@type\":\"WebSite\",\"@id\":\"https:\/\/www.aceitenovecientos.com\/#website\",\"url\":\"https:\/\/www.aceitenovecientos.com\/\",\"name\":\"Aceite Novecientos\",\"description\":\"Aceite de Oliva de Ja\u00e9n\",\"publisher\":{\"@id\":\"https:\/\/www.aceitenovecientos.com\/#organization\"},\"potentialAction\":[{\"@type\":\"SearchAction\",\"target\":{\"@type\":\"EntryPoint\",\"urlTemplate\":\"https:\/\/www.aceitenovecientos.com\/?s={search_term_string}\"},\"query-input\":{\"@type\":\"PropertyValueSpecification\",\"valueRequired\":true,\"valueName\":\"search_term_string\"}}],\"inLanguage\":\"en-GB\"},{\"@type\":\"Organization\",\"@id\":\"https:\/\/www.aceitenovecientos.com\/#organization\",\"name\":\"Aceite Novecientos\",\"url\":\"https:\/\/www.aceitenovecientos.com\/\",\"logo\":{\"@type\":\"ImageObject\",\"inLanguage\":\"en-GB\",\"@id\":\"https:\/\/www.aceitenovecientos.com\/#\/schema\/logo\/image\/\",\"url\":\"https:\/\/www.aceitenovecientos.com\/wp-content\/uploads\/2021\/12\/logo900-head.webp\",\"contentUrl\":\"https:\/\/www.aceitenovecientos.com\/wp-content\/uploads\/2021\/12\/logo900-head.webp\",\"width\":470,\"height\":110,\"caption\":\"Aceite Novecientos\"},\"image\":{\"@id\":\"https:\/\/www.aceitenovecientos.com\/#\/schema\/logo\/image\/\"},\"sameAs\":[\"https:\/\/www.facebook.com\/aceitenovecientos\/\"]}]}<\/script>\n<!-- \/ Yoast SEO plugin. -->","yoast_head_json":{"title":"Escamas de sal con piment\u00f3n 900 - Aceite Novecientos","robots":{"index":"index","follow":"follow","max-snippet":"max-snippet:-1","max-image-preview":"max-image-preview:large","max-video-preview":"max-video-preview:-1"},"canonical":"https:\/\/www.aceitenovecientos.com\/en\/product\/escamas-sal-pimenton-900\/","og_locale":"en_GB","og_type":"article","og_title":"Escamas de sal con piment\u00f3n 900 - Aceite Novecientos","og_description":"La fusi\u00f3n perfecta entre la sal en escamas y el piment\u00f3n de vera har\u00e1n que tus platos tenga un toque unico.  Peso Neto: 55 g  &nbsp;","og_url":"https:\/\/www.aceitenovecientos.com\/en\/product\/escamas-sal-pimenton-900\/","og_site_name":"Aceite Novecientos","article_publisher":"https:\/\/www.facebook.com\/aceitenovecientos\/","article_modified_time":"2022-03-02T07:56:23+00:00","og_image":[{"width":700,"height":700,"url":"https:\/\/www.aceitenovecientos.com\/wp-content\/uploads\/2021\/10\/DSC3946.jpg","type":"image\/jpeg"}],"twitter_card":"summary_large_image","twitter_misc":{"Estimated reading time":"1 minute"},"schema":{"@context":"https:\/\/schema.org","@graph":[{"@type":"WebPage","@id":"https:\/\/www.aceitenovecientos.com\/producto\/escamas-sal-pimenton-900\/","url":"https:\/\/www.aceitenovecientos.com\/producto\/escamas-sal-pimenton-900\/","name":"Escamas de sal con piment\u00f3n 900 - Aceite Novecientos","isPartOf":{"@id":"https:\/\/www.aceitenovecientos.com\/#website"},"primaryImageOfPage":{"@id":"https:\/\/www.aceitenovecientos.com\/producto\/escamas-sal-pimenton-900\/#primaryimage"},"image":{"@id":"https:\/\/www.aceitenovecientos.com\/producto\/escamas-sal-pimenton-900\/#primaryimage"},"thumbnailUrl":"https:\/\/www.aceitenovecientos.com\/wp-content\/uploads\/2021\/10\/DSC3946.jpg","datePublished":"2021-10-15T09:54:48+00:00","dateModified":"2022-03-02T07:56:23+00:00","breadcrumb":{"@id":"https:\/\/www.aceitenovecientos.com\/producto\/escamas-sal-pimenton-900\/#breadcrumb"},"inLanguage":"en-GB","potentialAction":[{"@type":"ReadAction","target":["https:\/\/www.aceitenovecientos.com\/producto\/escamas-sal-pimenton-900\/"]}]},{"@type":"ImageObject","inLanguage":"en-GB","@id":"https:\/\/www.aceitenovecientos.com\/producto\/escamas-sal-pimenton-900\/#primaryimage","url":"https:\/\/www.aceitenovecientos.com\/wp-content\/uploads\/2021\/10\/DSC3946.jpg","contentUrl":"https:\/\/www.aceitenovecientos.com\/wp-content\/uploads\/2021\/10\/DSC3946.jpg","width":700,"height":700,"caption":"salt flakes"},{"@type":"BreadcrumbList","@id":"https:\/\/www.aceitenovecientos.com\/producto\/escamas-sal-pimenton-900\/#breadcrumb","itemListElement":[{"@type":"ListItem","position":1,"name":"Portada","item":"https:\/\/www.aceitenovecientos.com\/"},{"@type":"ListItem","position":2,"name":"Cat\u00e1logo","item":"https:\/\/www.aceitenovecientos.com\/shop\/"},{"@type":"ListItem","position":3,"name":"Escamas de sal con piment\u00f3n 900"}]},{"@type":"WebSite","@id":"https:\/\/www.aceitenovecientos.com\/#website","url":"https:\/\/www.aceitenovecientos.com\/","name":"Aceite Novecientos","description":"Aceite de Oliva de Ja\u00e9n","publisher":{"@id":"https:\/\/www.aceitenovecientos.com\/#organization"},"potentialAction":[{"@type":"SearchAction","target":{"@type":"EntryPoint","urlTemplate":"https:\/\/www.aceitenovecientos.com\/?s={search_term_string}"},"query-input":{"@type":"PropertyValueSpecification","valueRequired":true,"valueName":"search_term_string"}}],"inLanguage":"en-GB"},{"@type":"Organization","@id":"https:\/\/www.aceitenovecientos.com\/#organization","name":"Aceite Novecientos","url":"https:\/\/www.aceitenovecientos.com\/","logo":{"@type":"ImageObject","inLanguage":"en-GB","@id":"https:\/\/www.aceitenovecientos.com\/#\/schema\/logo\/image\/","url":"https:\/\/www.aceitenovecientos.com\/wp-content\/uploads\/2021\/12\/logo900-head.webp","contentUrl":"https:\/\/www.aceitenovecientos.com\/wp-content\/uploads\/2021\/12\/logo900-head.webp","width":470,"height":110,"caption":"Aceite Novecientos"},"image":{"@id":"https:\/\/www.aceitenovecientos.com\/#\/schema\/logo\/image\/"},"sameAs":["https:\/\/www.facebook.com\/aceitenovecientos\/"]}]}},"_links":{"self":[{"href":"https:\/\/www.aceitenovecientos.com\/en\/wp-json\/wp\/v2\/product\/2694","targetHints":{"allow":["GET"]}}],"collection":[{"href":"https:\/\/www.aceitenovecientos.com\/en\/wp-json\/wp\/v2\/product"}],"about":[{"href":"https:\/\/www.aceitenovecientos.com\/en\/wp-json\/wp\/v2\/types\/product"}],"replies":[{"embeddable":true,"href":"https:\/\/www.aceitenovecientos.com\/en\/wp-json\/wp\/v2\/comments?post=2694"}],"wp:featuredmedia":[{"embeddable":true,"href":"https:\/\/www.aceitenovecientos.com\/en\/wp-json\/wp\/v2\/media\/2695"}],"wp:attachment":[{"href":"https:\/\/www.aceitenovecientos.com\/en\/wp-json\/wp\/v2\/media?parent=2694"}],"wp:term":[{"taxonomy":"product_cat","embeddable":true,"href":"https:\/\/www.aceitenovecientos.com\/en\/wp-json\/wp\/v2\/product_cat?post=2694"},{"taxonomy":"product_tag","embeddable":true,"href":"https:\/\/www.aceitenovecientos.com\/en\/wp-json\/wp\/v2\/product_tag?post=2694"}],"curies":[{"name":"wp","href":"https:\/\/api.w.org\/{rel}","templated":true}]}}