{"id":2690,"date":"2021-10-15T09:03:33","date_gmt":"2021-10-15T09:03:33","guid":{"rendered":"https:\/\/www.aceitenovecientos.com\/?post_type=product&#038;p=2690"},"modified":"2022-03-02T09:02:28","modified_gmt":"2022-03-02T08:02:28","slug":"especias-900-sabor-mediterraneo","status":"publish","type":"product","link":"https:\/\/www.aceitenovecientos.com\/en\/product\/especias-900-sabor-mediterraneo\/","title":{"rendered":"Especias 900 sabor Mediterr\u00e1neo"},"content":{"rendered":"<h1>Especias 900 sabor Mediterr\u00e1neo<\/h1>\n<p>Nuestro combinado de especias sabor Mediterr\u00e1neo es una selecci\u00f3n de diferentes especias que evocan la cocina tradicional mediterr\u00e1nea: albahaca, or\u00e9gano, tomillo, romero y ajo.<\/p>\n<p>Una combinaci\u00f3n de especias con la que hemos querido conseguir un sabor muy de muestra tierra y de nuestro mar.\u00a0 Crea una gran variedad de platos con esta combinaci\u00f3n realizada con especias tradicionales\u00a0 que al fusionarlas aportan sabor mediterr\u00e1neo.<\/p>\n<p>&nbsp;<\/p>\n<h2>Beneficios de las Especias 900 sabor Mediterr\u00e1neo<\/h2>\n<p>Esta combinaci\u00f3n de especias\u00a0 nos abre un gran abanico de sensaciones a la hora de cocinar platos basados en una dieta mediterr\u00e1nea. Una dieta caracterizada por la combinaci\u00f3n\u00a0 equilibrada de alimentos de origen vegetal con los de origen animal. Esto convierte cada alimento en la base de una dieta completa, aport\u00e1ndonos una gran cantidad de ben\u00e9ficos al organismo como la disminuci\u00f3n del colesterol total y el LDL<\/p>","protected":false},"excerpt":{"rendered":"<p>Especias sabor mediterr\u00e1neo 900 una combinaci\u00f3n ideal que le dar\u00e1 a cualquier plato ese sabor tan caracter\u00edstico de la tierra y nuestro mar. Una combinaci\u00f3n fresca e ideal para combinar con cualquier tipo de alimento ya sean carnes, pescados o verduras.<\/p>\n<p>Peso Neto: 35 g<\/p>\n<p>&nbsp;<\/p>","protected":false},"featured_media":2691,"comment_status":"closed","ping_status":"closed","template":"","meta":[],"product_cat":[219],"product_tag":[506,510,522,509],"class_list":{"0":"post-2690","1":"product","2":"type-product","3":"status-publish","4":"has-post-thumbnail","6":"product_cat-semillas-de-olivo","7":"product_tag-especias","8":"product_tag-especias-gourmet","9":"product_tag-mediterraneo","10":"product_tag-novecientos","12":"first","13":"instock","14":"taxable","15":"shipping-taxable","16":"purchasable","17":"product-type-simple"},"yoast_head":"<!-- This site is optimized with the Yoast SEO plugin v24.1 - https:\/\/yoast.com\/wordpress\/plugins\/seo\/ -->\n<title>Especias 900 sabor Mediterr\u00e1neo - Aceite Novecientos<\/title>\n<meta name=\"robots\" content=\"index, follow, max-snippet:-1, max-image-preview:large, max-video-preview:-1\" \/>\n<link rel=\"canonical\" href=\"https:\/\/www.aceitenovecientos.com\/en\/product\/especias-900-sabor-mediterraneo\/\" \/>\n<meta property=\"og:locale\" content=\"en_GB\" \/>\n<meta property=\"og:type\" content=\"article\" \/>\n<meta property=\"og:title\" content=\"Especias 900 sabor Mediterr\u00e1neo - Aceite Novecientos\" \/>\n<meta property=\"og:description\" content=\"Especias sabor mediterr\u00e1neo 900 una combinaci\u00f3n ideal que le dar\u00e1 a cualquier plato ese sabor tan caracter\u00edstico de la tierra y nuestro mar. Una combinaci\u00f3n fresca e ideal para combinar con cualquier tipo de alimento ya sean carnes, pescados o verduras.  Peso Neto: 35 g  &nbsp;\" \/>\n<meta property=\"og:url\" content=\"https:\/\/www.aceitenovecientos.com\/en\/product\/especias-900-sabor-mediterraneo\/\" \/>\n<meta property=\"og:site_name\" content=\"Aceite Novecientos\" \/>\n<meta property=\"article:publisher\" content=\"https:\/\/www.facebook.com\/aceitenovecientos\/\" \/>\n<meta property=\"article:modified_time\" content=\"2022-03-02T08:02:28+00:00\" \/>\n<meta property=\"og:image\" content=\"https:\/\/www.aceitenovecientos.com\/wp-content\/uploads\/2021\/10\/DSC3958.jpg\" \/>\n\t<meta property=\"og:image:width\" content=\"700\" \/>\n\t<meta property=\"og:image:height\" content=\"700\" \/>\n\t<meta property=\"og:image:type\" content=\"image\/jpeg\" \/>\n<meta name=\"twitter:card\" content=\"summary_large_image\" \/>\n<meta name=\"twitter:label1\" content=\"Estimated reading time\" \/>\n\t<meta name=\"twitter:data1\" content=\"1 minute\" \/>\n<script type=\"application\/ld+json\" class=\"yoast-schema-graph\">{\"@context\":\"https:\/\/schema.org\",\"@graph\":[{\"@type\":\"WebPage\",\"@id\":\"https:\/\/www.aceitenovecientos.com\/producto\/especias-900-sabor-mediterraneo\/\",\"url\":\"https:\/\/www.aceitenovecientos.com\/producto\/especias-900-sabor-mediterraneo\/\",\"name\":\"Especias 900 sabor Mediterr\u00e1neo - Aceite Novecientos\",\"isPartOf\":{\"@id\":\"https:\/\/www.aceitenovecientos.com\/#website\"},\"primaryImageOfPage\":{\"@id\":\"https:\/\/www.aceitenovecientos.com\/producto\/especias-900-sabor-mediterraneo\/#primaryimage\"},\"image\":{\"@id\":\"https:\/\/www.aceitenovecientos.com\/producto\/especias-900-sabor-mediterraneo\/#primaryimage\"},\"thumbnailUrl\":\"https:\/\/www.aceitenovecientos.com\/wp-content\/uploads\/2021\/10\/DSC3958.jpg\",\"datePublished\":\"2021-10-15T09:03:33+00:00\",\"dateModified\":\"2022-03-02T08:02:28+00:00\",\"breadcrumb\":{\"@id\":\"https:\/\/www.aceitenovecientos.com\/producto\/especias-900-sabor-mediterraneo\/#breadcrumb\"},\"inLanguage\":\"en-GB\",\"potentialAction\":[{\"@type\":\"ReadAction\",\"target\":[\"https:\/\/www.aceitenovecientos.com\/producto\/especias-900-sabor-mediterraneo\/\"]}]},{\"@type\":\"ImageObject\",\"inLanguage\":\"en-GB\",\"@id\":\"https:\/\/www.aceitenovecientos.com\/producto\/especias-900-sabor-mediterraneo\/#primaryimage\",\"url\":\"https:\/\/www.aceitenovecientos.com\/wp-content\/uploads\/2021\/10\/DSC3958.jpg\",\"contentUrl\":\"https:\/\/www.aceitenovecientos.com\/wp-content\/uploads\/2021\/10\/DSC3958.jpg\",\"width\":700,\"height\":700,\"caption\":\"mediterr\u00e1neo\"},{\"@type\":\"BreadcrumbList\",\"@id\":\"https:\/\/www.aceitenovecientos.com\/producto\/especias-900-sabor-mediterraneo\/#breadcrumb\",\"itemListElement\":[{\"@type\":\"ListItem\",\"position\":1,\"name\":\"Portada\",\"item\":\"https:\/\/www.aceitenovecientos.com\/\"},{\"@type\":\"ListItem\",\"position\":2,\"name\":\"Cat\u00e1logo\",\"item\":\"https:\/\/www.aceitenovecientos.com\/shop\/\"},{\"@type\":\"ListItem\",\"position\":3,\"name\":\"Especias 900 sabor Mediterr\u00e1neo\"}]},{\"@type\":\"WebSite\",\"@id\":\"https:\/\/www.aceitenovecientos.com\/#website\",\"url\":\"https:\/\/www.aceitenovecientos.com\/\",\"name\":\"Aceite Novecientos\",\"description\":\"Aceite de Oliva de Ja\u00e9n\",\"publisher\":{\"@id\":\"https:\/\/www.aceitenovecientos.com\/#organization\"},\"potentialAction\":[{\"@type\":\"SearchAction\",\"target\":{\"@type\":\"EntryPoint\",\"urlTemplate\":\"https:\/\/www.aceitenovecientos.com\/?s={search_term_string}\"},\"query-input\":{\"@type\":\"PropertyValueSpecification\",\"valueRequired\":true,\"valueName\":\"search_term_string\"}}],\"inLanguage\":\"en-GB\"},{\"@type\":\"Organization\",\"@id\":\"https:\/\/www.aceitenovecientos.com\/#organization\",\"name\":\"Aceite Novecientos\",\"url\":\"https:\/\/www.aceitenovecientos.com\/\",\"logo\":{\"@type\":\"ImageObject\",\"inLanguage\":\"en-GB\",\"@id\":\"https:\/\/www.aceitenovecientos.com\/#\/schema\/logo\/image\/\",\"url\":\"https:\/\/www.aceitenovecientos.com\/wp-content\/uploads\/2021\/12\/logo900-head.webp\",\"contentUrl\":\"https:\/\/www.aceitenovecientos.com\/wp-content\/uploads\/2021\/12\/logo900-head.webp\",\"width\":470,\"height\":110,\"caption\":\"Aceite Novecientos\"},\"image\":{\"@id\":\"https:\/\/www.aceitenovecientos.com\/#\/schema\/logo\/image\/\"},\"sameAs\":[\"https:\/\/www.facebook.com\/aceitenovecientos\/\"]}]}<\/script>\n<!-- \/ Yoast SEO plugin. -->","yoast_head_json":{"title":"Especias 900 sabor Mediterr\u00e1neo - Aceite Novecientos","robots":{"index":"index","follow":"follow","max-snippet":"max-snippet:-1","max-image-preview":"max-image-preview:large","max-video-preview":"max-video-preview:-1"},"canonical":"https:\/\/www.aceitenovecientos.com\/en\/product\/especias-900-sabor-mediterraneo\/","og_locale":"en_GB","og_type":"article","og_title":"Especias 900 sabor Mediterr\u00e1neo - Aceite Novecientos","og_description":"Especias sabor mediterr\u00e1neo 900 una combinaci\u00f3n ideal que le dar\u00e1 a cualquier plato ese sabor tan caracter\u00edstico de la tierra y nuestro mar. Una combinaci\u00f3n fresca e ideal para combinar con cualquier tipo de alimento ya sean carnes, pescados o verduras.  Peso Neto: 35 g  &nbsp;","og_url":"https:\/\/www.aceitenovecientos.com\/en\/product\/especias-900-sabor-mediterraneo\/","og_site_name":"Aceite Novecientos","article_publisher":"https:\/\/www.facebook.com\/aceitenovecientos\/","article_modified_time":"2022-03-02T08:02:28+00:00","og_image":[{"width":700,"height":700,"url":"https:\/\/www.aceitenovecientos.com\/wp-content\/uploads\/2021\/10\/DSC3958.jpg","type":"image\/jpeg"}],"twitter_card":"summary_large_image","twitter_misc":{"Estimated reading time":"1 minute"},"schema":{"@context":"https:\/\/schema.org","@graph":[{"@type":"WebPage","@id":"https:\/\/www.aceitenovecientos.com\/producto\/especias-900-sabor-mediterraneo\/","url":"https:\/\/www.aceitenovecientos.com\/producto\/especias-900-sabor-mediterraneo\/","name":"Especias 900 sabor Mediterr\u00e1neo - Aceite Novecientos","isPartOf":{"@id":"https:\/\/www.aceitenovecientos.com\/#website"},"primaryImageOfPage":{"@id":"https:\/\/www.aceitenovecientos.com\/producto\/especias-900-sabor-mediterraneo\/#primaryimage"},"image":{"@id":"https:\/\/www.aceitenovecientos.com\/producto\/especias-900-sabor-mediterraneo\/#primaryimage"},"thumbnailUrl":"https:\/\/www.aceitenovecientos.com\/wp-content\/uploads\/2021\/10\/DSC3958.jpg","datePublished":"2021-10-15T09:03:33+00:00","dateModified":"2022-03-02T08:02:28+00:00","breadcrumb":{"@id":"https:\/\/www.aceitenovecientos.com\/producto\/especias-900-sabor-mediterraneo\/#breadcrumb"},"inLanguage":"en-GB","potentialAction":[{"@type":"ReadAction","target":["https:\/\/www.aceitenovecientos.com\/producto\/especias-900-sabor-mediterraneo\/"]}]},{"@type":"ImageObject","inLanguage":"en-GB","@id":"https:\/\/www.aceitenovecientos.com\/producto\/especias-900-sabor-mediterraneo\/#primaryimage","url":"https:\/\/www.aceitenovecientos.com\/wp-content\/uploads\/2021\/10\/DSC3958.jpg","contentUrl":"https:\/\/www.aceitenovecientos.com\/wp-content\/uploads\/2021\/10\/DSC3958.jpg","width":700,"height":700,"caption":"mediterr\u00e1neo"},{"@type":"BreadcrumbList","@id":"https:\/\/www.aceitenovecientos.com\/producto\/especias-900-sabor-mediterraneo\/#breadcrumb","itemListElement":[{"@type":"ListItem","position":1,"name":"Portada","item":"https:\/\/www.aceitenovecientos.com\/"},{"@type":"ListItem","position":2,"name":"Cat\u00e1logo","item":"https:\/\/www.aceitenovecientos.com\/shop\/"},{"@type":"ListItem","position":3,"name":"Especias 900 sabor Mediterr\u00e1neo"}]},{"@type":"WebSite","@id":"https:\/\/www.aceitenovecientos.com\/#website","url":"https:\/\/www.aceitenovecientos.com\/","name":"Aceite Novecientos","description":"Aceite de Oliva de Ja\u00e9n","publisher":{"@id":"https:\/\/www.aceitenovecientos.com\/#organization"},"potentialAction":[{"@type":"SearchAction","target":{"@type":"EntryPoint","urlTemplate":"https:\/\/www.aceitenovecientos.com\/?s={search_term_string}"},"query-input":{"@type":"PropertyValueSpecification","valueRequired":true,"valueName":"search_term_string"}}],"inLanguage":"en-GB"},{"@type":"Organization","@id":"https:\/\/www.aceitenovecientos.com\/#organization","name":"Aceite Novecientos","url":"https:\/\/www.aceitenovecientos.com\/","logo":{"@type":"ImageObject","inLanguage":"en-GB","@id":"https:\/\/www.aceitenovecientos.com\/#\/schema\/logo\/image\/","url":"https:\/\/www.aceitenovecientos.com\/wp-content\/uploads\/2021\/12\/logo900-head.webp","contentUrl":"https:\/\/www.aceitenovecientos.com\/wp-content\/uploads\/2021\/12\/logo900-head.webp","width":470,"height":110,"caption":"Aceite Novecientos"},"image":{"@id":"https:\/\/www.aceitenovecientos.com\/#\/schema\/logo\/image\/"},"sameAs":["https:\/\/www.facebook.com\/aceitenovecientos\/"]}]}},"_links":{"self":[{"href":"https:\/\/www.aceitenovecientos.com\/en\/wp-json\/wp\/v2\/product\/2690","targetHints":{"allow":["GET"]}}],"collection":[{"href":"https:\/\/www.aceitenovecientos.com\/en\/wp-json\/wp\/v2\/product"}],"about":[{"href":"https:\/\/www.aceitenovecientos.com\/en\/wp-json\/wp\/v2\/types\/product"}],"replies":[{"embeddable":true,"href":"https:\/\/www.aceitenovecientos.com\/en\/wp-json\/wp\/v2\/comments?post=2690"}],"wp:featuredmedia":[{"embeddable":true,"href":"https:\/\/www.aceitenovecientos.com\/en\/wp-json\/wp\/v2\/media\/2691"}],"wp:attachment":[{"href":"https:\/\/www.aceitenovecientos.com\/en\/wp-json\/wp\/v2\/media?parent=2690"}],"wp:term":[{"taxonomy":"product_cat","embeddable":true,"href":"https:\/\/www.aceitenovecientos.com\/en\/wp-json\/wp\/v2\/product_cat?post=2690"},{"taxonomy":"product_tag","embeddable":true,"href":"https:\/\/www.aceitenovecientos.com\/en\/wp-json\/wp\/v2\/product_tag?post=2690"}],"curies":[{"name":"wp","href":"https:\/\/api.w.org\/{rel}","templated":true}]}}