{"id":2681,"date":"2021-10-08T10:34:55","date_gmt":"2021-10-08T10:34:55","guid":{"rendered":"https:\/\/www.aceitenovecientos.com\/?post_type=product&#038;p=2681"},"modified":"2022-03-02T09:05:44","modified_gmt":"2022-03-02T08:05:44","slug":"especias-900-sabor-picante","status":"publish","type":"product","link":"https:\/\/www.aceitenovecientos.com\/en\/product\/especias-900-sabor-picante\/","title":{"rendered":"Especias 900 sabor Picante"},"content":{"rendered":"<h1>Especias 900 sabor Picante<\/h1>\n<p>900 lleva a tu mesa este combinado de especias sabor Picante con una selecci\u00f3n de diferentes especias que potencian el sabor de los alimentos: sal, piment\u00f3n picante, cilantro, comino, aj\u00ed argentino, ajo, cayena.<\/p>\n<p>Una combinaci\u00f3n de especias\u00a0 caracterizada por su fuerte e intenso sabor se unen para crear esta mezcla.\u00a0 Sorprende a tus comensales mas apasionados por este tipo de sabores.<\/p>\n<p>A la hora de cocinar podemos encontrar una amplia gama de elaboraciones donde resulta apropiado utilizar 900 Picante. Si quieres que tus platos llamen la atenci\u00f3n y tus comensales disfruten de tu cocina, te proponemos realizar salsas y aderezos con este condimento. Puedes acompa\u00f1ar cualquier tipo de pasta, carne, pescado, verduras &#8230;&#8230;..<\/p>\n<h2>Beneficios de las Especias 900 sabor Picante<\/h2>\n<p>El picante\u00a0 aporta una gran cantidad beneficios a nuestro organismo. Entre ellos, estimula las secreciones digestivas favoreciendo el proceso de la digesti\u00f3n. Una forma saludable de aportar a nuestros platos este toque de intenso sabor que tanto nos gusta.<\/p>","protected":false},"excerpt":{"rendered":"<p>Especias sabor Picante 900, es la combinaci\u00f3n perfecta para los amantes del picante y del sabor intenso.\u00a0 Al espolvorear cualquier alimento con este condimento conseguiremos el sabor picante que tanto nos gusta.<\/p>\n<p>Peso Neto: 50 g<\/p>\n<p>&nbsp;<\/p>","protected":false},"featured_media":2682,"comment_status":"closed","ping_status":"closed","template":"","meta":[],"product_cat":[219],"product_tag":[506,508,510,519,509,518],"class_list":{"0":"post-2681","1":"product","2":"type-product","3":"status-publish","4":"has-post-thumbnail","6":"product_cat-semillas-de-olivo","7":"product_tag-especias","8":"product_tag-especias-900","9":"product_tag-especias-gourmet","10":"product_tag-especias-picantes","11":"product_tag-novecientos","12":"product_tag-picante","14":"first","15":"instock","16":"taxable","17":"shipping-taxable","18":"purchasable","19":"product-type-simple"},"yoast_head":"<!-- This site is optimized with the Yoast SEO plugin v24.1 - https:\/\/yoast.com\/wordpress\/plugins\/seo\/ -->\n<title>Especias 900 sabor Picante - Aceite Novecientos<\/title>\n<meta name=\"robots\" content=\"index, follow, max-snippet:-1, max-image-preview:large, max-video-preview:-1\" \/>\n<link rel=\"canonical\" href=\"https:\/\/www.aceitenovecientos.com\/en\/product\/especias-900-sabor-picante\/\" \/>\n<meta property=\"og:locale\" content=\"en_GB\" \/>\n<meta property=\"og:type\" content=\"article\" \/>\n<meta property=\"og:title\" content=\"Especias 900 sabor Picante - Aceite Novecientos\" \/>\n<meta property=\"og:description\" content=\"Especias sabor Picante 900, es la combinaci\u00f3n perfecta para los amantes del picante y del sabor intenso.\u00a0 Al espolvorear cualquier alimento con este condimento conseguiremos el sabor picante que tanto nos gusta.  Peso Neto: 50 g  &nbsp;\" \/>\n<meta property=\"og:url\" content=\"https:\/\/www.aceitenovecientos.com\/en\/product\/especias-900-sabor-picante\/\" \/>\n<meta property=\"og:site_name\" content=\"Aceite Novecientos\" \/>\n<meta property=\"article:publisher\" content=\"https:\/\/www.facebook.com\/aceitenovecientos\/\" \/>\n<meta property=\"article:modified_time\" content=\"2022-03-02T08:05:44+00:00\" \/>\n<meta property=\"og:image\" content=\"https:\/\/www.aceitenovecientos.com\/wp-content\/uploads\/2021\/10\/DSC3960.jpg\" \/>\n\t<meta property=\"og:image:width\" content=\"700\" \/>\n\t<meta property=\"og:image:height\" content=\"700\" \/>\n\t<meta property=\"og:image:type\" content=\"image\/jpeg\" \/>\n<meta name=\"twitter:card\" content=\"summary_large_image\" \/>\n<meta name=\"twitter:label1\" content=\"Estimated reading time\" \/>\n\t<meta name=\"twitter:data1\" content=\"1 minute\" \/>\n<script type=\"application\/ld+json\" class=\"yoast-schema-graph\">{\"@context\":\"https:\/\/schema.org\",\"@graph\":[{\"@type\":\"WebPage\",\"@id\":\"https:\/\/www.aceitenovecientos.com\/en\/product\/especias-900-sabor-picante\/\",\"url\":\"https:\/\/www.aceitenovecientos.com\/en\/product\/especias-900-sabor-picante\/\",\"name\":\"Especias 900 sabor Picante - Aceite Novecientos\",\"isPartOf\":{\"@id\":\"https:\/\/www.aceitenovecientos.com\/#website\"},\"primaryImageOfPage\":{\"@id\":\"https:\/\/www.aceitenovecientos.com\/en\/product\/especias-900-sabor-picante\/#primaryimage\"},\"image\":{\"@id\":\"https:\/\/www.aceitenovecientos.com\/en\/product\/especias-900-sabor-picante\/#primaryimage\"},\"thumbnailUrl\":\"https:\/\/www.aceitenovecientos.com\/wp-content\/uploads\/2021\/10\/DSC3960.jpg\",\"datePublished\":\"2021-10-08T10:34:55+00:00\",\"dateModified\":\"2022-03-02T08:05:44+00:00\",\"breadcrumb\":{\"@id\":\"https:\/\/www.aceitenovecientos.com\/en\/product\/especias-900-sabor-picante\/#breadcrumb\"},\"inLanguage\":\"en-GB\",\"potentialAction\":[{\"@type\":\"ReadAction\",\"target\":[\"https:\/\/www.aceitenovecientos.com\/en\/product\/especias-900-sabor-picante\/\"]}]},{\"@type\":\"ImageObject\",\"inLanguage\":\"en-GB\",\"@id\":\"https:\/\/www.aceitenovecientos.com\/en\/product\/especias-900-sabor-picante\/#primaryimage\",\"url\":\"https:\/\/www.aceitenovecientos.com\/wp-content\/uploads\/2021\/10\/DSC3960.jpg\",\"contentUrl\":\"https:\/\/www.aceitenovecientos.com\/wp-content\/uploads\/2021\/10\/DSC3960.jpg\",\"width\":700,\"height\":700,\"caption\":\"\u00e9pic\u00e9\"},{\"@type\":\"BreadcrumbList\",\"@id\":\"https:\/\/www.aceitenovecientos.com\/en\/product\/especias-900-sabor-picante\/#breadcrumb\",\"itemListElement\":[{\"@type\":\"ListItem\",\"position\":1,\"name\":\"Portada\",\"item\":\"https:\/\/www.aceitenovecientos.com\/\"},{\"@type\":\"ListItem\",\"position\":2,\"name\":\"Cat\u00e1logo\",\"item\":\"https:\/\/www.aceitenovecientos.com\/shop\/\"},{\"@type\":\"ListItem\",\"position\":3,\"name\":\"Especias 900 sabor Picante\"}]},{\"@type\":\"WebSite\",\"@id\":\"https:\/\/www.aceitenovecientos.com\/#website\",\"url\":\"https:\/\/www.aceitenovecientos.com\/\",\"name\":\"Aceite Novecientos\",\"description\":\"Aceite de Oliva de Ja\u00e9n\",\"publisher\":{\"@id\":\"https:\/\/www.aceitenovecientos.com\/#organization\"},\"potentialAction\":[{\"@type\":\"SearchAction\",\"target\":{\"@type\":\"EntryPoint\",\"urlTemplate\":\"https:\/\/www.aceitenovecientos.com\/?s={search_term_string}\"},\"query-input\":{\"@type\":\"PropertyValueSpecification\",\"valueRequired\":true,\"valueName\":\"search_term_string\"}}],\"inLanguage\":\"en-GB\"},{\"@type\":\"Organization\",\"@id\":\"https:\/\/www.aceitenovecientos.com\/#organization\",\"name\":\"Aceite Novecientos\",\"url\":\"https:\/\/www.aceitenovecientos.com\/\",\"logo\":{\"@type\":\"ImageObject\",\"inLanguage\":\"en-GB\",\"@id\":\"https:\/\/www.aceitenovecientos.com\/#\/schema\/logo\/image\/\",\"url\":\"https:\/\/www.aceitenovecientos.com\/wp-content\/uploads\/2021\/12\/logo900-head.webp\",\"contentUrl\":\"https:\/\/www.aceitenovecientos.com\/wp-content\/uploads\/2021\/12\/logo900-head.webp\",\"width\":470,\"height\":110,\"caption\":\"Aceite Novecientos\"},\"image\":{\"@id\":\"https:\/\/www.aceitenovecientos.com\/#\/schema\/logo\/image\/\"},\"sameAs\":[\"https:\/\/www.facebook.com\/aceitenovecientos\/\"]}]}<\/script>\n<!-- \/ Yoast SEO plugin. -->","yoast_head_json":{"title":"Especias 900 sabor Picante - Aceite Novecientos","robots":{"index":"index","follow":"follow","max-snippet":"max-snippet:-1","max-image-preview":"max-image-preview:large","max-video-preview":"max-video-preview:-1"},"canonical":"https:\/\/www.aceitenovecientos.com\/en\/product\/especias-900-sabor-picante\/","og_locale":"en_GB","og_type":"article","og_title":"Especias 900 sabor Picante - Aceite Novecientos","og_description":"Especias sabor Picante 900, es la combinaci\u00f3n perfecta para los amantes del picante y del sabor intenso.\u00a0 Al espolvorear cualquier alimento con este condimento conseguiremos el sabor picante que tanto nos gusta.  Peso Neto: 50 g  &nbsp;","og_url":"https:\/\/www.aceitenovecientos.com\/en\/product\/especias-900-sabor-picante\/","og_site_name":"Aceite Novecientos","article_publisher":"https:\/\/www.facebook.com\/aceitenovecientos\/","article_modified_time":"2022-03-02T08:05:44+00:00","og_image":[{"width":700,"height":700,"url":"https:\/\/www.aceitenovecientos.com\/wp-content\/uploads\/2021\/10\/DSC3960.jpg","type":"image\/jpeg"}],"twitter_card":"summary_large_image","twitter_misc":{"Estimated reading time":"1 minute"},"schema":{"@context":"https:\/\/schema.org","@graph":[{"@type":"WebPage","@id":"https:\/\/www.aceitenovecientos.com\/en\/product\/especias-900-sabor-picante\/","url":"https:\/\/www.aceitenovecientos.com\/en\/product\/especias-900-sabor-picante\/","name":"Especias 900 sabor Picante - Aceite Novecientos","isPartOf":{"@id":"https:\/\/www.aceitenovecientos.com\/#website"},"primaryImageOfPage":{"@id":"https:\/\/www.aceitenovecientos.com\/en\/product\/especias-900-sabor-picante\/#primaryimage"},"image":{"@id":"https:\/\/www.aceitenovecientos.com\/en\/product\/especias-900-sabor-picante\/#primaryimage"},"thumbnailUrl":"https:\/\/www.aceitenovecientos.com\/wp-content\/uploads\/2021\/10\/DSC3960.jpg","datePublished":"2021-10-08T10:34:55+00:00","dateModified":"2022-03-02T08:05:44+00:00","breadcrumb":{"@id":"https:\/\/www.aceitenovecientos.com\/en\/product\/especias-900-sabor-picante\/#breadcrumb"},"inLanguage":"en-GB","potentialAction":[{"@type":"ReadAction","target":["https:\/\/www.aceitenovecientos.com\/en\/product\/especias-900-sabor-picante\/"]}]},{"@type":"ImageObject","inLanguage":"en-GB","@id":"https:\/\/www.aceitenovecientos.com\/en\/product\/especias-900-sabor-picante\/#primaryimage","url":"https:\/\/www.aceitenovecientos.com\/wp-content\/uploads\/2021\/10\/DSC3960.jpg","contentUrl":"https:\/\/www.aceitenovecientos.com\/wp-content\/uploads\/2021\/10\/DSC3960.jpg","width":700,"height":700,"caption":"\u00e9pic\u00e9"},{"@type":"BreadcrumbList","@id":"https:\/\/www.aceitenovecientos.com\/en\/product\/especias-900-sabor-picante\/#breadcrumb","itemListElement":[{"@type":"ListItem","position":1,"name":"Portada","item":"https:\/\/www.aceitenovecientos.com\/"},{"@type":"ListItem","position":2,"name":"Cat\u00e1logo","item":"https:\/\/www.aceitenovecientos.com\/shop\/"},{"@type":"ListItem","position":3,"name":"Especias 900 sabor Picante"}]},{"@type":"WebSite","@id":"https:\/\/www.aceitenovecientos.com\/#website","url":"https:\/\/www.aceitenovecientos.com\/","name":"Aceite Novecientos","description":"Aceite de Oliva de Ja\u00e9n","publisher":{"@id":"https:\/\/www.aceitenovecientos.com\/#organization"},"potentialAction":[{"@type":"SearchAction","target":{"@type":"EntryPoint","urlTemplate":"https:\/\/www.aceitenovecientos.com\/?s={search_term_string}"},"query-input":{"@type":"PropertyValueSpecification","valueRequired":true,"valueName":"search_term_string"}}],"inLanguage":"en-GB"},{"@type":"Organization","@id":"https:\/\/www.aceitenovecientos.com\/#organization","name":"Aceite Novecientos","url":"https:\/\/www.aceitenovecientos.com\/","logo":{"@type":"ImageObject","inLanguage":"en-GB","@id":"https:\/\/www.aceitenovecientos.com\/#\/schema\/logo\/image\/","url":"https:\/\/www.aceitenovecientos.com\/wp-content\/uploads\/2021\/12\/logo900-head.webp","contentUrl":"https:\/\/www.aceitenovecientos.com\/wp-content\/uploads\/2021\/12\/logo900-head.webp","width":470,"height":110,"caption":"Aceite Novecientos"},"image":{"@id":"https:\/\/www.aceitenovecientos.com\/#\/schema\/logo\/image\/"},"sameAs":["https:\/\/www.facebook.com\/aceitenovecientos\/"]}]}},"_links":{"self":[{"href":"https:\/\/www.aceitenovecientos.com\/en\/wp-json\/wp\/v2\/product\/2681","targetHints":{"allow":["GET"]}}],"collection":[{"href":"https:\/\/www.aceitenovecientos.com\/en\/wp-json\/wp\/v2\/product"}],"about":[{"href":"https:\/\/www.aceitenovecientos.com\/en\/wp-json\/wp\/v2\/types\/product"}],"replies":[{"embeddable":true,"href":"https:\/\/www.aceitenovecientos.com\/en\/wp-json\/wp\/v2\/comments?post=2681"}],"wp:featuredmedia":[{"embeddable":true,"href":"https:\/\/www.aceitenovecientos.com\/en\/wp-json\/wp\/v2\/media\/2682"}],"wp:attachment":[{"href":"https:\/\/www.aceitenovecientos.com\/en\/wp-json\/wp\/v2\/media?parent=2681"}],"wp:term":[{"taxonomy":"product_cat","embeddable":true,"href":"https:\/\/www.aceitenovecientos.com\/en\/wp-json\/wp\/v2\/product_cat?post=2681"},{"taxonomy":"product_tag","embeddable":true,"href":"https:\/\/www.aceitenovecientos.com\/en\/wp-json\/wp\/v2\/product_tag?post=2681"}],"curies":[{"name":"wp","href":"https:\/\/api.w.org\/{rel}","templated":true}]}}