{"id":2678,"date":"2021-10-08T10:07:12","date_gmt":"2021-10-08T10:07:12","guid":{"rendered":"https:\/\/www.aceitenovecientos.com\/?post_type=product&#038;p=2678"},"modified":"2022-03-02T09:12:51","modified_gmt":"2022-03-02T08:12:51","slug":"especias-900-sabor-oriental","status":"publish","type":"product","link":"https:\/\/www.aceitenovecientos.com\/en\/product\/especias-900-sabor-oriental\/","title":{"rendered":"Especias 900 sabor Oriental"},"content":{"rendered":"<h1>Especias 900 sabor Oriental<\/h1>\n<p>900 te propone este combinado de especias sabor Oriental.\u00a0 Una selecci\u00f3n de diferentes especias que nos trasladan a los sabores de Oriente: sal rosa del Himalaya, canela, jengibre, nuez moscada, pimienta negra y clavo molido.<\/p>\n<p>Una combinaci\u00f3n de especia ex\u00f3ticas e incre\u00edblemente sabrosas con la que queremos transportar al paladar\u00a0 a las cocinas de Oriente.\u00a0 Tus comensales quedaran maravillados con cualquiera de tus platos aderezado con este surtido de especias tan peculiar e intenso.<\/p>\n<p>En la gastronom\u00eda oriental las especias juegan un papel primordial ya que, son la esencia de cualquier plato en este tipo de cocina. Innova elaborando platos especialmente arom\u00e1ticos de una forma sencilla, conf\u00eda en el sabor que 900 pone en tu mesa. 900 sabor Oriental se convertir\u00e1 en un indispensable ayudante en tu cocina.<\/p>\n<h2>Beneficios de las Especias 900 sabor Oriental<\/h2>\n<p>Este condimento es una fuente beneficios. Cada especia que compone esta magnifica combinaci\u00f3n deja en nuestro organismo sus distintas cualidades. Entre ellas destacamos las del clavo molido. Este super alimento nos deja una gran lista de beneficios como su control frente al tiroides y colesterol. Qu\u00e9 mejor forma de incluir en nuestra alimentaci\u00f3n este alimento que en\u00a0 esta combinaci\u00f3n de especias.<\/p>","protected":false},"excerpt":{"rendered":"<p>Para esta combinaci\u00f3n hemos jugado con las especias mas ex\u00f3ticas que se encuentran en el mercado, hasta conseguir esta maravillosa mezcla. Especias sabor Oriental 900. Un indispensable en la gastronom\u00eda Oriental.<\/p>\n<p>Preparado de especias orientales con el que conseguir\u00e1s dar a tus platos un toque ex\u00f3tico, arom\u00e1tico, intenso y muy diferente al que\u00a0 estamos acostumbrados en nuestra tierra.<\/p>\n<p>Peso Neto: 50 g<\/p>\n<p>&nbsp;<\/p>","protected":false},"featured_media":2679,"comment_status":"closed","ping_status":"closed","template":"","meta":[],"product_cat":[219],"product_tag":[506,508,510,515,509,514,516],"class_list":{"0":"post-2678","1":"product","2":"type-product","3":"status-publish","4":"has-post-thumbnail","6":"product_cat-semillas-de-olivo","7":"product_tag-especias","8":"product_tag-especias-900","9":"product_tag-especias-gourmet","10":"product_tag-especias-orientales","11":"product_tag-novecientos","12":"product_tag-orietal","13":"product_tag-sabor-de-oriente","15":"first","16":"instock","17":"taxable","18":"shipping-taxable","19":"purchasable","20":"product-type-simple"},"yoast_head":"<!-- This site is optimized with the Yoast SEO plugin v24.1 - https:\/\/yoast.com\/wordpress\/plugins\/seo\/ -->\n<title>Especias 900 sabor Oriental - Aceite Novecientos<\/title>\n<meta name=\"robots\" content=\"index, follow, max-snippet:-1, max-image-preview:large, max-video-preview:-1\" \/>\n<link rel=\"canonical\" href=\"https:\/\/www.aceitenovecientos.com\/en\/product\/especias-900-sabor-oriental\/\" \/>\n<meta property=\"og:locale\" content=\"en_GB\" \/>\n<meta property=\"og:type\" content=\"article\" \/>\n<meta property=\"og:title\" content=\"Especias 900 sabor Oriental - Aceite Novecientos\" \/>\n<meta property=\"og:description\" content=\"Para esta combinaci\u00f3n hemos jugado con las especias mas ex\u00f3ticas que se encuentran en el mercado, hasta conseguir esta maravillosa mezcla. Especias sabor Oriental 900. Un indispensable en la gastronom\u00eda Oriental.  Preparado de especias orientales con el que conseguir\u00e1s dar a tus platos un toque ex\u00f3tico, arom\u00e1tico, intenso y muy diferente al que\u00a0 estamos acostumbrados en nuestra tierra.  Peso Neto: 50 g  &nbsp;\" \/>\n<meta property=\"og:url\" content=\"https:\/\/www.aceitenovecientos.com\/en\/product\/especias-900-sabor-oriental\/\" \/>\n<meta property=\"og:site_name\" content=\"Aceite Novecientos\" \/>\n<meta property=\"article:publisher\" content=\"https:\/\/www.facebook.com\/aceitenovecientos\/\" \/>\n<meta property=\"article:modified_time\" content=\"2022-03-02T08:12:51+00:00\" \/>\n<meta property=\"og:image\" content=\"https:\/\/www.aceitenovecientos.com\/wp-content\/uploads\/2021\/10\/DSC3952.jpg\" \/>\n\t<meta property=\"og:image:width\" content=\"700\" \/>\n\t<meta property=\"og:image:height\" content=\"700\" \/>\n\t<meta property=\"og:image:type\" content=\"image\/jpeg\" \/>\n<meta name=\"twitter:card\" content=\"summary_large_image\" \/>\n<meta name=\"twitter:label1\" content=\"Estimated reading time\" \/>\n\t<meta name=\"twitter:data1\" content=\"1 minute\" \/>\n<script type=\"application\/ld+json\" class=\"yoast-schema-graph\">{\"@context\":\"https:\/\/schema.org\",\"@graph\":[{\"@type\":\"WebPage\",\"@id\":\"https:\/\/www.aceitenovecientos.com\/producto\/especias-900-sabor-oriental\/\",\"url\":\"https:\/\/www.aceitenovecientos.com\/producto\/especias-900-sabor-oriental\/\",\"name\":\"Especias 900 sabor Oriental - Aceite Novecientos\",\"isPartOf\":{\"@id\":\"https:\/\/www.aceitenovecientos.com\/#website\"},\"primaryImageOfPage\":{\"@id\":\"https:\/\/www.aceitenovecientos.com\/producto\/especias-900-sabor-oriental\/#primaryimage\"},\"image\":{\"@id\":\"https:\/\/www.aceitenovecientos.com\/producto\/especias-900-sabor-oriental\/#primaryimage\"},\"thumbnailUrl\":\"https:\/\/www.aceitenovecientos.com\/wp-content\/uploads\/2021\/10\/DSC3952.jpg\",\"datePublished\":\"2021-10-08T10:07:12+00:00\",\"dateModified\":\"2022-03-02T08:12:51+00:00\",\"breadcrumb\":{\"@id\":\"https:\/\/www.aceitenovecientos.com\/producto\/especias-900-sabor-oriental\/#breadcrumb\"},\"inLanguage\":\"en-GB\",\"potentialAction\":[{\"@type\":\"ReadAction\",\"target\":[\"https:\/\/www.aceitenovecientos.com\/producto\/especias-900-sabor-oriental\/\"]}]},{\"@type\":\"ImageObject\",\"inLanguage\":\"en-GB\",\"@id\":\"https:\/\/www.aceitenovecientos.com\/producto\/especias-900-sabor-oriental\/#primaryimage\",\"url\":\"https:\/\/www.aceitenovecientos.com\/wp-content\/uploads\/2021\/10\/DSC3952.jpg\",\"contentUrl\":\"https:\/\/www.aceitenovecientos.com\/wp-content\/uploads\/2021\/10\/DSC3952.jpg\",\"width\":700,\"height\":700,\"caption\":\"oriental spices\"},{\"@type\":\"BreadcrumbList\",\"@id\":\"https:\/\/www.aceitenovecientos.com\/producto\/especias-900-sabor-oriental\/#breadcrumb\",\"itemListElement\":[{\"@type\":\"ListItem\",\"position\":1,\"name\":\"Portada\",\"item\":\"https:\/\/www.aceitenovecientos.com\/\"},{\"@type\":\"ListItem\",\"position\":2,\"name\":\"Cat\u00e1logo\",\"item\":\"https:\/\/www.aceitenovecientos.com\/shop\/\"},{\"@type\":\"ListItem\",\"position\":3,\"name\":\"Especias 900 sabor Oriental\"}]},{\"@type\":\"WebSite\",\"@id\":\"https:\/\/www.aceitenovecientos.com\/#website\",\"url\":\"https:\/\/www.aceitenovecientos.com\/\",\"name\":\"Aceite Novecientos\",\"description\":\"Aceite de Oliva de Ja\u00e9n\",\"publisher\":{\"@id\":\"https:\/\/www.aceitenovecientos.com\/#organization\"},\"potentialAction\":[{\"@type\":\"SearchAction\",\"target\":{\"@type\":\"EntryPoint\",\"urlTemplate\":\"https:\/\/www.aceitenovecientos.com\/?s={search_term_string}\"},\"query-input\":{\"@type\":\"PropertyValueSpecification\",\"valueRequired\":true,\"valueName\":\"search_term_string\"}}],\"inLanguage\":\"en-GB\"},{\"@type\":\"Organization\",\"@id\":\"https:\/\/www.aceitenovecientos.com\/#organization\",\"name\":\"Aceite Novecientos\",\"url\":\"https:\/\/www.aceitenovecientos.com\/\",\"logo\":{\"@type\":\"ImageObject\",\"inLanguage\":\"en-GB\",\"@id\":\"https:\/\/www.aceitenovecientos.com\/#\/schema\/logo\/image\/\",\"url\":\"https:\/\/www.aceitenovecientos.com\/wp-content\/uploads\/2021\/12\/logo900-head.webp\",\"contentUrl\":\"https:\/\/www.aceitenovecientos.com\/wp-content\/uploads\/2021\/12\/logo900-head.webp\",\"width\":470,\"height\":110,\"caption\":\"Aceite Novecientos\"},\"image\":{\"@id\":\"https:\/\/www.aceitenovecientos.com\/#\/schema\/logo\/image\/\"},\"sameAs\":[\"https:\/\/www.facebook.com\/aceitenovecientos\/\"]}]}<\/script>\n<!-- \/ Yoast SEO plugin. -->","yoast_head_json":{"title":"Especias 900 sabor Oriental - Aceite Novecientos","robots":{"index":"index","follow":"follow","max-snippet":"max-snippet:-1","max-image-preview":"max-image-preview:large","max-video-preview":"max-video-preview:-1"},"canonical":"https:\/\/www.aceitenovecientos.com\/en\/product\/especias-900-sabor-oriental\/","og_locale":"en_GB","og_type":"article","og_title":"Especias 900 sabor Oriental - Aceite Novecientos","og_description":"Para esta combinaci\u00f3n hemos jugado con las especias mas ex\u00f3ticas que se encuentran en el mercado, hasta conseguir esta maravillosa mezcla. Especias sabor Oriental 900. Un indispensable en la gastronom\u00eda Oriental.  Preparado de especias orientales con el que conseguir\u00e1s dar a tus platos un toque ex\u00f3tico, arom\u00e1tico, intenso y muy diferente al que\u00a0 estamos acostumbrados en nuestra tierra.  Peso Neto: 50 g  &nbsp;","og_url":"https:\/\/www.aceitenovecientos.com\/en\/product\/especias-900-sabor-oriental\/","og_site_name":"Aceite Novecientos","article_publisher":"https:\/\/www.facebook.com\/aceitenovecientos\/","article_modified_time":"2022-03-02T08:12:51+00:00","og_image":[{"width":700,"height":700,"url":"https:\/\/www.aceitenovecientos.com\/wp-content\/uploads\/2021\/10\/DSC3952.jpg","type":"image\/jpeg"}],"twitter_card":"summary_large_image","twitter_misc":{"Estimated reading time":"1 minute"},"schema":{"@context":"https:\/\/schema.org","@graph":[{"@type":"WebPage","@id":"https:\/\/www.aceitenovecientos.com\/producto\/especias-900-sabor-oriental\/","url":"https:\/\/www.aceitenovecientos.com\/producto\/especias-900-sabor-oriental\/","name":"Especias 900 sabor Oriental - Aceite Novecientos","isPartOf":{"@id":"https:\/\/www.aceitenovecientos.com\/#website"},"primaryImageOfPage":{"@id":"https:\/\/www.aceitenovecientos.com\/producto\/especias-900-sabor-oriental\/#primaryimage"},"image":{"@id":"https:\/\/www.aceitenovecientos.com\/producto\/especias-900-sabor-oriental\/#primaryimage"},"thumbnailUrl":"https:\/\/www.aceitenovecientos.com\/wp-content\/uploads\/2021\/10\/DSC3952.jpg","datePublished":"2021-10-08T10:07:12+00:00","dateModified":"2022-03-02T08:12:51+00:00","breadcrumb":{"@id":"https:\/\/www.aceitenovecientos.com\/producto\/especias-900-sabor-oriental\/#breadcrumb"},"inLanguage":"en-GB","potentialAction":[{"@type":"ReadAction","target":["https:\/\/www.aceitenovecientos.com\/producto\/especias-900-sabor-oriental\/"]}]},{"@type":"ImageObject","inLanguage":"en-GB","@id":"https:\/\/www.aceitenovecientos.com\/producto\/especias-900-sabor-oriental\/#primaryimage","url":"https:\/\/www.aceitenovecientos.com\/wp-content\/uploads\/2021\/10\/DSC3952.jpg","contentUrl":"https:\/\/www.aceitenovecientos.com\/wp-content\/uploads\/2021\/10\/DSC3952.jpg","width":700,"height":700,"caption":"oriental spices"},{"@type":"BreadcrumbList","@id":"https:\/\/www.aceitenovecientos.com\/producto\/especias-900-sabor-oriental\/#breadcrumb","itemListElement":[{"@type":"ListItem","position":1,"name":"Portada","item":"https:\/\/www.aceitenovecientos.com\/"},{"@type":"ListItem","position":2,"name":"Cat\u00e1logo","item":"https:\/\/www.aceitenovecientos.com\/shop\/"},{"@type":"ListItem","position":3,"name":"Especias 900 sabor Oriental"}]},{"@type":"WebSite","@id":"https:\/\/www.aceitenovecientos.com\/#website","url":"https:\/\/www.aceitenovecientos.com\/","name":"Aceite Novecientos","description":"Aceite de Oliva de Ja\u00e9n","publisher":{"@id":"https:\/\/www.aceitenovecientos.com\/#organization"},"potentialAction":[{"@type":"SearchAction","target":{"@type":"EntryPoint","urlTemplate":"https:\/\/www.aceitenovecientos.com\/?s={search_term_string}"},"query-input":{"@type":"PropertyValueSpecification","valueRequired":true,"valueName":"search_term_string"}}],"inLanguage":"en-GB"},{"@type":"Organization","@id":"https:\/\/www.aceitenovecientos.com\/#organization","name":"Aceite Novecientos","url":"https:\/\/www.aceitenovecientos.com\/","logo":{"@type":"ImageObject","inLanguage":"en-GB","@id":"https:\/\/www.aceitenovecientos.com\/#\/schema\/logo\/image\/","url":"https:\/\/www.aceitenovecientos.com\/wp-content\/uploads\/2021\/12\/logo900-head.webp","contentUrl":"https:\/\/www.aceitenovecientos.com\/wp-content\/uploads\/2021\/12\/logo900-head.webp","width":470,"height":110,"caption":"Aceite Novecientos"},"image":{"@id":"https:\/\/www.aceitenovecientos.com\/#\/schema\/logo\/image\/"},"sameAs":["https:\/\/www.facebook.com\/aceitenovecientos\/"]}]}},"_links":{"self":[{"href":"https:\/\/www.aceitenovecientos.com\/en\/wp-json\/wp\/v2\/product\/2678","targetHints":{"allow":["GET"]}}],"collection":[{"href":"https:\/\/www.aceitenovecientos.com\/en\/wp-json\/wp\/v2\/product"}],"about":[{"href":"https:\/\/www.aceitenovecientos.com\/en\/wp-json\/wp\/v2\/types\/product"}],"replies":[{"embeddable":true,"href":"https:\/\/www.aceitenovecientos.com\/en\/wp-json\/wp\/v2\/comments?post=2678"}],"wp:featuredmedia":[{"embeddable":true,"href":"https:\/\/www.aceitenovecientos.com\/en\/wp-json\/wp\/v2\/media\/2679"}],"wp:attachment":[{"href":"https:\/\/www.aceitenovecientos.com\/en\/wp-json\/wp\/v2\/media?parent=2678"}],"wp:term":[{"taxonomy":"product_cat","embeddable":true,"href":"https:\/\/www.aceitenovecientos.com\/en\/wp-json\/wp\/v2\/product_cat?post=2678"},{"taxonomy":"product_tag","embeddable":true,"href":"https:\/\/www.aceitenovecientos.com\/en\/wp-json\/wp\/v2\/product_tag?post=2678"}],"curies":[{"name":"wp","href":"https:\/\/api.w.org\/{rel}","templated":true}]}}