{"id":2675,"date":"2021-10-08T09:04:21","date_gmt":"2021-10-08T09:04:21","guid":{"rendered":"https:\/\/www.aceitenovecientos.com\/?post_type=product&#038;p=2675"},"modified":"2022-03-02T09:13:39","modified_gmt":"2022-03-02T08:13:39","slug":"especias-900-sabor-oceano","status":"publish","type":"product","link":"https:\/\/www.aceitenovecientos.com\/en\/product\/especias-900-sabor-oceano\/","title":{"rendered":"Especias 900 sabor Oc\u00e9ano"},"content":{"rendered":"<h1>Especias 900 sabor Oc\u00e9ano<\/h1>\n<p>Nuestro combinado de especias sabor Oc\u00e9ano es la selecci\u00f3n de diferentes especias que tradiconalmente se han usado en nuestras fogones para aderezar frutos del mar: sal, cilantro, eneldo, perejil, ajo, acido c\u00edtrico y piment\u00f3n dulce.<\/p>\n<p>Un surtido muy variado de sabores y aromas frescos con lo que conseguimos en cada plato un toque muy peculiar que nos transporta al mar, a sus olas y a su gastronom\u00eda.\u00a0\u00a0Como era de esperar, este surtido de especias es el complemento ideal para cualquier tipo de pescado, marisco, molusco&#8230;&#8230;.<\/p>\n<p>Con las especias 900 sabor Oc\u00e9ano se nos abre un amplio abanico de opciones a la hora de condimentar nuestros platos. Una receta simple, como lo es un pescado al horno, se convertir\u00e1 en un viaje para los sentido si lo especias previamente con esta magnifica combinaci\u00f3n.<\/p>\n<p>&nbsp;<\/p>\n<h2>Beneficios de las Especias 900 sabor Oc\u00e9ano<\/h2>\n<p>Este condimento es una fuente beneficios. Cada especia que compone esta magnifica combinaci\u00f3n deja en nuestro organismo sus distintas cualidades. Entre ellas destacamos las del eneldo. \u00a0Es un excelente diur\u00e9tico natural que ayuda a eliminar toxinas de nuestro cuerpo. Y que mejor forma de incluir en nuestra alimentaci\u00f3n este alimento que con este combinado.<\/p>","protected":false},"excerpt":{"rendered":"<p>Especias sabor Oc\u00e9ano es una combinaci\u00f3n de especias frescas que recuerdan la gastronom\u00eda que nos acerca al mar: sal, cilantro, eneldo, perejil, ajo, \u00e1cido c\u00edtrico, piment\u00f3n dulce.<\/p>\n<p>Tambi\u00e9n se caracterizan por su perfecta combinaci\u00f3n a la hora de cocinar\u00a0 con los alimentos que nos proporciona la inmensa costa de nuestra tierra.<\/p>\n<p>Peso Neto: 35 g<\/p>\n<p>&nbsp;<\/p>","protected":false},"featured_media":2676,"comment_status":"closed","ping_status":"closed","template":"","meta":[],"product_cat":[219],"product_tag":[506,508,510,513,509,512,511],"class_list":{"0":"post-2675","1":"product","2":"type-product","3":"status-publish","4":"has-post-thumbnail","6":"product_cat-semillas-de-olivo","7":"product_tag-especias","8":"product_tag-especias-900","9":"product_tag-especias-gourmet","10":"product_tag-especias-oceano","11":"product_tag-novecientos","12":"product_tag-oceano","13":"product_tag-sabor-oceano","15":"first","16":"instock","17":"taxable","18":"shipping-taxable","19":"purchasable","20":"product-type-simple"},"yoast_head":"<!-- This site is optimized with the Yoast SEO plugin v24.1 - https:\/\/yoast.com\/wordpress\/plugins\/seo\/ -->\n<title>Especias 900 sabor Oc\u00e9ano - Aceite Novecientos<\/title>\n<meta name=\"robots\" content=\"index, follow, max-snippet:-1, max-image-preview:large, max-video-preview:-1\" \/>\n<link rel=\"canonical\" href=\"https:\/\/www.aceitenovecientos.com\/en\/product\/especias-900-sabor-oceano\/\" \/>\n<meta property=\"og:locale\" content=\"en_GB\" \/>\n<meta property=\"og:type\" content=\"article\" \/>\n<meta property=\"og:title\" content=\"Especias 900 sabor Oc\u00e9ano - Aceite Novecientos\" \/>\n<meta property=\"og:description\" content=\"Especias sabor Oc\u00e9ano es una combinaci\u00f3n de especias frescas que recuerdan la gastronom\u00eda que nos acerca al mar: sal, cilantro, eneldo, perejil, ajo, \u00e1cido c\u00edtrico, piment\u00f3n dulce.  Tambi\u00e9n se caracterizan por su perfecta combinaci\u00f3n a la hora de cocinar\u00a0 con los alimentos que nos proporciona la inmensa costa de nuestra tierra.  Peso Neto: 35 g  &nbsp;\" \/>\n<meta property=\"og:url\" content=\"https:\/\/www.aceitenovecientos.com\/en\/product\/especias-900-sabor-oceano\/\" \/>\n<meta property=\"og:site_name\" content=\"Aceite Novecientos\" \/>\n<meta property=\"article:publisher\" content=\"https:\/\/www.facebook.com\/aceitenovecientos\/\" \/>\n<meta property=\"article:modified_time\" content=\"2022-03-02T08:13:39+00:00\" \/>\n<meta property=\"og:image\" content=\"https:\/\/www.aceitenovecientos.com\/wp-content\/uploads\/2021\/10\/DSC3945.jpg\" \/>\n\t<meta property=\"og:image:width\" content=\"700\" \/>\n\t<meta property=\"og:image:height\" content=\"700\" \/>\n\t<meta property=\"og:image:type\" content=\"image\/jpeg\" \/>\n<meta name=\"twitter:card\" content=\"summary_large_image\" \/>\n<meta name=\"twitter:label1\" content=\"Estimated reading time\" \/>\n\t<meta name=\"twitter:data1\" content=\"1 minute\" \/>\n<script type=\"application\/ld+json\" class=\"yoast-schema-graph\">{\"@context\":\"https:\/\/schema.org\",\"@graph\":[{\"@type\":\"WebPage\",\"@id\":\"https:\/\/www.aceitenovecientos.com\/producto\/especias-900-sabor-oceano\/\",\"url\":\"https:\/\/www.aceitenovecientos.com\/producto\/especias-900-sabor-oceano\/\",\"name\":\"Especias 900 sabor Oc\u00e9ano - Aceite Novecientos\",\"isPartOf\":{\"@id\":\"https:\/\/www.aceitenovecientos.com\/#website\"},\"primaryImageOfPage\":{\"@id\":\"https:\/\/www.aceitenovecientos.com\/producto\/especias-900-sabor-oceano\/#primaryimage\"},\"image\":{\"@id\":\"https:\/\/www.aceitenovecientos.com\/producto\/especias-900-sabor-oceano\/#primaryimage\"},\"thumbnailUrl\":\"https:\/\/www.aceitenovecientos.com\/wp-content\/uploads\/2021\/10\/DSC3945.jpg\",\"datePublished\":\"2021-10-08T09:04:21+00:00\",\"dateModified\":\"2022-03-02T08:13:39+00:00\",\"breadcrumb\":{\"@id\":\"https:\/\/www.aceitenovecientos.com\/producto\/especias-900-sabor-oceano\/#breadcrumb\"},\"inLanguage\":\"en-GB\",\"potentialAction\":[{\"@type\":\"ReadAction\",\"target\":[\"https:\/\/www.aceitenovecientos.com\/producto\/especias-900-sabor-oceano\/\"]}]},{\"@type\":\"ImageObject\",\"inLanguage\":\"en-GB\",\"@id\":\"https:\/\/www.aceitenovecientos.com\/producto\/especias-900-sabor-oceano\/#primaryimage\",\"url\":\"https:\/\/www.aceitenovecientos.com\/wp-content\/uploads\/2021\/10\/DSC3945.jpg\",\"contentUrl\":\"https:\/\/www.aceitenovecientos.com\/wp-content\/uploads\/2021\/10\/DSC3945.jpg\",\"width\":700,\"height\":700,\"caption\":\"spice combination\"},{\"@type\":\"BreadcrumbList\",\"@id\":\"https:\/\/www.aceitenovecientos.com\/producto\/especias-900-sabor-oceano\/#breadcrumb\",\"itemListElement\":[{\"@type\":\"ListItem\",\"position\":1,\"name\":\"Portada\",\"item\":\"https:\/\/www.aceitenovecientos.com\/\"},{\"@type\":\"ListItem\",\"position\":2,\"name\":\"Cat\u00e1logo\",\"item\":\"https:\/\/www.aceitenovecientos.com\/shop\/\"},{\"@type\":\"ListItem\",\"position\":3,\"name\":\"Especias 900 sabor Oc\u00e9ano\"}]},{\"@type\":\"WebSite\",\"@id\":\"https:\/\/www.aceitenovecientos.com\/#website\",\"url\":\"https:\/\/www.aceitenovecientos.com\/\",\"name\":\"Aceite Novecientos\",\"description\":\"Aceite de Oliva de Ja\u00e9n\",\"publisher\":{\"@id\":\"https:\/\/www.aceitenovecientos.com\/#organization\"},\"potentialAction\":[{\"@type\":\"SearchAction\",\"target\":{\"@type\":\"EntryPoint\",\"urlTemplate\":\"https:\/\/www.aceitenovecientos.com\/?s={search_term_string}\"},\"query-input\":{\"@type\":\"PropertyValueSpecification\",\"valueRequired\":true,\"valueName\":\"search_term_string\"}}],\"inLanguage\":\"en-GB\"},{\"@type\":\"Organization\",\"@id\":\"https:\/\/www.aceitenovecientos.com\/#organization\",\"name\":\"Aceite Novecientos\",\"url\":\"https:\/\/www.aceitenovecientos.com\/\",\"logo\":{\"@type\":\"ImageObject\",\"inLanguage\":\"en-GB\",\"@id\":\"https:\/\/www.aceitenovecientos.com\/#\/schema\/logo\/image\/\",\"url\":\"https:\/\/www.aceitenovecientos.com\/wp-content\/uploads\/2021\/12\/logo900-head.webp\",\"contentUrl\":\"https:\/\/www.aceitenovecientos.com\/wp-content\/uploads\/2021\/12\/logo900-head.webp\",\"width\":470,\"height\":110,\"caption\":\"Aceite Novecientos\"},\"image\":{\"@id\":\"https:\/\/www.aceitenovecientos.com\/#\/schema\/logo\/image\/\"},\"sameAs\":[\"https:\/\/www.facebook.com\/aceitenovecientos\/\"]}]}<\/script>\n<!-- \/ Yoast SEO plugin. -->","yoast_head_json":{"title":"Especias 900 sabor Oc\u00e9ano - Aceite Novecientos","robots":{"index":"index","follow":"follow","max-snippet":"max-snippet:-1","max-image-preview":"max-image-preview:large","max-video-preview":"max-video-preview:-1"},"canonical":"https:\/\/www.aceitenovecientos.com\/en\/product\/especias-900-sabor-oceano\/","og_locale":"en_GB","og_type":"article","og_title":"Especias 900 sabor Oc\u00e9ano - Aceite Novecientos","og_description":"Especias sabor Oc\u00e9ano es una combinaci\u00f3n de especias frescas que recuerdan la gastronom\u00eda que nos acerca al mar: sal, cilantro, eneldo, perejil, ajo, \u00e1cido c\u00edtrico, piment\u00f3n dulce.  Tambi\u00e9n se caracterizan por su perfecta combinaci\u00f3n a la hora de cocinar\u00a0 con los alimentos que nos proporciona la inmensa costa de nuestra tierra.  Peso Neto: 35 g  &nbsp;","og_url":"https:\/\/www.aceitenovecientos.com\/en\/product\/especias-900-sabor-oceano\/","og_site_name":"Aceite Novecientos","article_publisher":"https:\/\/www.facebook.com\/aceitenovecientos\/","article_modified_time":"2022-03-02T08:13:39+00:00","og_image":[{"width":700,"height":700,"url":"https:\/\/www.aceitenovecientos.com\/wp-content\/uploads\/2021\/10\/DSC3945.jpg","type":"image\/jpeg"}],"twitter_card":"summary_large_image","twitter_misc":{"Estimated reading time":"1 minute"},"schema":{"@context":"https:\/\/schema.org","@graph":[{"@type":"WebPage","@id":"https:\/\/www.aceitenovecientos.com\/producto\/especias-900-sabor-oceano\/","url":"https:\/\/www.aceitenovecientos.com\/producto\/especias-900-sabor-oceano\/","name":"Especias 900 sabor Oc\u00e9ano - Aceite Novecientos","isPartOf":{"@id":"https:\/\/www.aceitenovecientos.com\/#website"},"primaryImageOfPage":{"@id":"https:\/\/www.aceitenovecientos.com\/producto\/especias-900-sabor-oceano\/#primaryimage"},"image":{"@id":"https:\/\/www.aceitenovecientos.com\/producto\/especias-900-sabor-oceano\/#primaryimage"},"thumbnailUrl":"https:\/\/www.aceitenovecientos.com\/wp-content\/uploads\/2021\/10\/DSC3945.jpg","datePublished":"2021-10-08T09:04:21+00:00","dateModified":"2022-03-02T08:13:39+00:00","breadcrumb":{"@id":"https:\/\/www.aceitenovecientos.com\/producto\/especias-900-sabor-oceano\/#breadcrumb"},"inLanguage":"en-GB","potentialAction":[{"@type":"ReadAction","target":["https:\/\/www.aceitenovecientos.com\/producto\/especias-900-sabor-oceano\/"]}]},{"@type":"ImageObject","inLanguage":"en-GB","@id":"https:\/\/www.aceitenovecientos.com\/producto\/especias-900-sabor-oceano\/#primaryimage","url":"https:\/\/www.aceitenovecientos.com\/wp-content\/uploads\/2021\/10\/DSC3945.jpg","contentUrl":"https:\/\/www.aceitenovecientos.com\/wp-content\/uploads\/2021\/10\/DSC3945.jpg","width":700,"height":700,"caption":"spice combination"},{"@type":"BreadcrumbList","@id":"https:\/\/www.aceitenovecientos.com\/producto\/especias-900-sabor-oceano\/#breadcrumb","itemListElement":[{"@type":"ListItem","position":1,"name":"Portada","item":"https:\/\/www.aceitenovecientos.com\/"},{"@type":"ListItem","position":2,"name":"Cat\u00e1logo","item":"https:\/\/www.aceitenovecientos.com\/shop\/"},{"@type":"ListItem","position":3,"name":"Especias 900 sabor Oc\u00e9ano"}]},{"@type":"WebSite","@id":"https:\/\/www.aceitenovecientos.com\/#website","url":"https:\/\/www.aceitenovecientos.com\/","name":"Aceite Novecientos","description":"Aceite de Oliva de Ja\u00e9n","publisher":{"@id":"https:\/\/www.aceitenovecientos.com\/#organization"},"potentialAction":[{"@type":"SearchAction","target":{"@type":"EntryPoint","urlTemplate":"https:\/\/www.aceitenovecientos.com\/?s={search_term_string}"},"query-input":{"@type":"PropertyValueSpecification","valueRequired":true,"valueName":"search_term_string"}}],"inLanguage":"en-GB"},{"@type":"Organization","@id":"https:\/\/www.aceitenovecientos.com\/#organization","name":"Aceite Novecientos","url":"https:\/\/www.aceitenovecientos.com\/","logo":{"@type":"ImageObject","inLanguage":"en-GB","@id":"https:\/\/www.aceitenovecientos.com\/#\/schema\/logo\/image\/","url":"https:\/\/www.aceitenovecientos.com\/wp-content\/uploads\/2021\/12\/logo900-head.webp","contentUrl":"https:\/\/www.aceitenovecientos.com\/wp-content\/uploads\/2021\/12\/logo900-head.webp","width":470,"height":110,"caption":"Aceite Novecientos"},"image":{"@id":"https:\/\/www.aceitenovecientos.com\/#\/schema\/logo\/image\/"},"sameAs":["https:\/\/www.facebook.com\/aceitenovecientos\/"]}]}},"_links":{"self":[{"href":"https:\/\/www.aceitenovecientos.com\/en\/wp-json\/wp\/v2\/product\/2675","targetHints":{"allow":["GET"]}}],"collection":[{"href":"https:\/\/www.aceitenovecientos.com\/en\/wp-json\/wp\/v2\/product"}],"about":[{"href":"https:\/\/www.aceitenovecientos.com\/en\/wp-json\/wp\/v2\/types\/product"}],"replies":[{"embeddable":true,"href":"https:\/\/www.aceitenovecientos.com\/en\/wp-json\/wp\/v2\/comments?post=2675"}],"wp:featuredmedia":[{"embeddable":true,"href":"https:\/\/www.aceitenovecientos.com\/en\/wp-json\/wp\/v2\/media\/2676"}],"wp:attachment":[{"href":"https:\/\/www.aceitenovecientos.com\/en\/wp-json\/wp\/v2\/media?parent=2675"}],"wp:term":[{"taxonomy":"product_cat","embeddable":true,"href":"https:\/\/www.aceitenovecientos.com\/en\/wp-json\/wp\/v2\/product_cat?post=2675"},{"taxonomy":"product_tag","embeddable":true,"href":"https:\/\/www.aceitenovecientos.com\/en\/wp-json\/wp\/v2\/product_tag?post=2675"}],"curies":[{"name":"wp","href":"https:\/\/api.w.org\/{rel}","templated":true}]}}