{"id":2671,"date":"2021-10-06T11:57:07","date_gmt":"2021-10-06T11:57:07","guid":{"rendered":"https:\/\/www.aceitenovecientos.com\/?post_type=product&#038;p=2671"},"modified":"2022-03-02T09:15:50","modified_gmt":"2022-03-02T08:15:50","slug":"especias-900-sabor-ras-al-hanout","status":"publish","type":"product","link":"https:\/\/www.aceitenovecientos.com\/en\/product\/especias-900-sabor-ras-al-hanout\/","title":{"rendered":"Especias 900 sabor Ras Al Hanout"},"content":{"rendered":"<h1>Especias 900 sabor Ras Al Hanout<\/h1>\n<p>Ras Al Hanout se crea a partir de la combinaci\u00f3n de diferentes especias: jengibre, c\u00farcuma, pimenta negra, cilantro, cayena, canela, alcaravea, matalah\u00faga, ajo, nuez moscada, clavo y sal.<\/p>\n<p>Un surtido muy variado con el que conseguimos esta magnifico producto que consigue transmitir a cualquier plato su esencia marroqu\u00ed. Tus comensales quedar\u00e1n maravillados con esta combinaci\u00f3n tan poco com\u00fan en nuestro paladar.<\/p>\n<p>Gracias a su caracter\u00edstico sabor y aroma intenso e inconfundible, es el complemento perfecto la hora de cocinar carne, legumbres, cusc\u00fas, arroces y pastas&#8230;<\/p>\n<p>Sin duda este producto nos deja una gran cantidad de opciones a la hora de cocinar. Te preponemos cocinar cordero al Ras Al Hanout, un plato muy t\u00edpico en la cocina de Marruecos, en donde esta combinaci\u00f3n de especias es la protagonista.<\/p>\n<p>&nbsp;<\/p>\n<h2>Beneficios del Ras Al Hanout<\/h2>\n<p>Este condimento aporta una gran cantidad beneficios a nuestro organismo. Entre ellos, mejorar la digesti\u00f3n y la asimilaci\u00f3n de los alimentos, ya que acelera los procesos digestivos. Tambi\u00e9n ayuda a la eliminaci\u00f3n de gases que se forman en el intestino.<\/p>\n<p>Una forma diferente de darle un toque de sabor a nuestros platos.<\/p>","protected":false},"excerpt":{"rendered":"<p>Ras Al Hanout es una combinaci\u00f3n de especias con origen marroqu\u00ed:<\/p>\n<p>Su nombre traducido al espa\u00f1ol significa \u201cCabeza de la Tienda\u201d. Ya que ofrece la mejor combinaci\u00f3n de especias encontradas en el mercado.<\/p>\n<p>Peso Neto:50 g<\/p>","protected":false},"featured_media":2674,"comment_status":"closed","ping_status":"closed","template":"","meta":[],"product_cat":[219],"product_tag":[506,508,510,509,507],"class_list":{"0":"post-2671","1":"product","2":"type-product","3":"status-publish","4":"has-post-thumbnail","6":"product_cat-semillas-de-olivo","7":"product_tag-especias","8":"product_tag-especias-900","9":"product_tag-especias-gourmet","10":"product_tag-novecientos","11":"product_tag-ras-al-hanout","13":"first","14":"instock","15":"taxable","16":"shipping-taxable","17":"purchasable","18":"product-type-simple"},"yoast_head":"<!-- This site is optimized with the Yoast SEO plugin v24.1 - https:\/\/yoast.com\/wordpress\/plugins\/seo\/ -->\n<title>Especias 900 sabor Ras Al Hanout - Aceite Novecientos<\/title>\n<meta name=\"robots\" content=\"index, follow, max-snippet:-1, max-image-preview:large, max-video-preview:-1\" \/>\n<link rel=\"canonical\" href=\"https:\/\/www.aceitenovecientos.com\/en\/product\/especias-900-sabor-ras-al-hanout\/\" \/>\n<meta property=\"og:locale\" content=\"en_GB\" \/>\n<meta property=\"og:type\" content=\"article\" \/>\n<meta property=\"og:title\" content=\"Especias 900 sabor Ras Al Hanout - Aceite Novecientos\" \/>\n<meta property=\"og:description\" content=\"Ras Al Hanout es una combinaci\u00f3n de especias con origen marroqu\u00ed:  Su nombre traducido al espa\u00f1ol significa \u201cCabeza de la Tienda\u201d. Ya que ofrece la mejor combinaci\u00f3n de especias encontradas en el mercado.  Peso Neto:50 g\" \/>\n<meta property=\"og:url\" content=\"https:\/\/www.aceitenovecientos.com\/en\/product\/especias-900-sabor-ras-al-hanout\/\" \/>\n<meta property=\"og:site_name\" content=\"Aceite Novecientos\" \/>\n<meta property=\"article:publisher\" content=\"https:\/\/www.facebook.com\/aceitenovecientos\/\" \/>\n<meta property=\"article:modified_time\" content=\"2022-03-02T08:15:50+00:00\" \/>\n<meta property=\"og:image\" content=\"https:\/\/www.aceitenovecientos.com\/wp-content\/uploads\/2021\/10\/DSC3935.jpg\" \/>\n\t<meta property=\"og:image:width\" content=\"700\" \/>\n\t<meta property=\"og:image:height\" content=\"700\" \/>\n\t<meta property=\"og:image:type\" content=\"image\/jpeg\" \/>\n<meta name=\"twitter:card\" content=\"summary_large_image\" \/>\n<meta name=\"twitter:label1\" content=\"Estimated reading time\" \/>\n\t<meta name=\"twitter:data1\" content=\"1 minute\" \/>\n<script type=\"application\/ld+json\" class=\"yoast-schema-graph\">{\"@context\":\"https:\/\/schema.org\",\"@graph\":[{\"@type\":\"WebPage\",\"@id\":\"https:\/\/www.aceitenovecientos.com\/producto\/especias-900-sabor-ras-al-hanout\/\",\"url\":\"https:\/\/www.aceitenovecientos.com\/producto\/especias-900-sabor-ras-al-hanout\/\",\"name\":\"Especias 900 sabor Ras Al Hanout - Aceite Novecientos\",\"isPartOf\":{\"@id\":\"https:\/\/www.aceitenovecientos.com\/#website\"},\"primaryImageOfPage\":{\"@id\":\"https:\/\/www.aceitenovecientos.com\/producto\/especias-900-sabor-ras-al-hanout\/#primaryimage\"},\"image\":{\"@id\":\"https:\/\/www.aceitenovecientos.com\/producto\/especias-900-sabor-ras-al-hanout\/#primaryimage\"},\"thumbnailUrl\":\"https:\/\/www.aceitenovecientos.com\/wp-content\/uploads\/2021\/10\/DSC3935.jpg\",\"datePublished\":\"2021-10-06T11:57:07+00:00\",\"dateModified\":\"2022-03-02T08:15:50+00:00\",\"breadcrumb\":{\"@id\":\"https:\/\/www.aceitenovecientos.com\/producto\/especias-900-sabor-ras-al-hanout\/#breadcrumb\"},\"inLanguage\":\"en-GB\",\"potentialAction\":[{\"@type\":\"ReadAction\",\"target\":[\"https:\/\/www.aceitenovecientos.com\/producto\/especias-900-sabor-ras-al-hanout\/\"]}]},{\"@type\":\"ImageObject\",\"inLanguage\":\"en-GB\",\"@id\":\"https:\/\/www.aceitenovecientos.com\/producto\/especias-900-sabor-ras-al-hanout\/#primaryimage\",\"url\":\"https:\/\/www.aceitenovecientos.com\/wp-content\/uploads\/2021\/10\/DSC3935.jpg\",\"contentUrl\":\"https:\/\/www.aceitenovecientos.com\/wp-content\/uploads\/2021\/10\/DSC3935.jpg\",\"width\":700,\"height\":700,\"caption\":\"ESPECIAS MARROQUIES\"},{\"@type\":\"BreadcrumbList\",\"@id\":\"https:\/\/www.aceitenovecientos.com\/producto\/especias-900-sabor-ras-al-hanout\/#breadcrumb\",\"itemListElement\":[{\"@type\":\"ListItem\",\"position\":1,\"name\":\"Portada\",\"item\":\"https:\/\/www.aceitenovecientos.com\/\"},{\"@type\":\"ListItem\",\"position\":2,\"name\":\"Cat\u00e1logo\",\"item\":\"https:\/\/www.aceitenovecientos.com\/shop\/\"},{\"@type\":\"ListItem\",\"position\":3,\"name\":\"Especias 900 sabor Ras Al Hanout\"}]},{\"@type\":\"WebSite\",\"@id\":\"https:\/\/www.aceitenovecientos.com\/#website\",\"url\":\"https:\/\/www.aceitenovecientos.com\/\",\"name\":\"Aceite Novecientos\",\"description\":\"Aceite de Oliva de Ja\u00e9n\",\"publisher\":{\"@id\":\"https:\/\/www.aceitenovecientos.com\/#organization\"},\"potentialAction\":[{\"@type\":\"SearchAction\",\"target\":{\"@type\":\"EntryPoint\",\"urlTemplate\":\"https:\/\/www.aceitenovecientos.com\/?s={search_term_string}\"},\"query-input\":{\"@type\":\"PropertyValueSpecification\",\"valueRequired\":true,\"valueName\":\"search_term_string\"}}],\"inLanguage\":\"en-GB\"},{\"@type\":\"Organization\",\"@id\":\"https:\/\/www.aceitenovecientos.com\/#organization\",\"name\":\"Aceite Novecientos\",\"url\":\"https:\/\/www.aceitenovecientos.com\/\",\"logo\":{\"@type\":\"ImageObject\",\"inLanguage\":\"en-GB\",\"@id\":\"https:\/\/www.aceitenovecientos.com\/#\/schema\/logo\/image\/\",\"url\":\"https:\/\/www.aceitenovecientos.com\/wp-content\/uploads\/2021\/12\/logo900-head.webp\",\"contentUrl\":\"https:\/\/www.aceitenovecientos.com\/wp-content\/uploads\/2021\/12\/logo900-head.webp\",\"width\":470,\"height\":110,\"caption\":\"Aceite Novecientos\"},\"image\":{\"@id\":\"https:\/\/www.aceitenovecientos.com\/#\/schema\/logo\/image\/\"},\"sameAs\":[\"https:\/\/www.facebook.com\/aceitenovecientos\/\"]}]}<\/script>\n<!-- \/ Yoast SEO plugin. -->","yoast_head_json":{"title":"Especias 900 sabor Ras Al Hanout - Aceite Novecientos","robots":{"index":"index","follow":"follow","max-snippet":"max-snippet:-1","max-image-preview":"max-image-preview:large","max-video-preview":"max-video-preview:-1"},"canonical":"https:\/\/www.aceitenovecientos.com\/en\/product\/especias-900-sabor-ras-al-hanout\/","og_locale":"en_GB","og_type":"article","og_title":"Especias 900 sabor Ras Al Hanout - Aceite Novecientos","og_description":"Ras Al Hanout es una combinaci\u00f3n de especias con origen marroqu\u00ed:  Su nombre traducido al espa\u00f1ol significa \u201cCabeza de la Tienda\u201d. Ya que ofrece la mejor combinaci\u00f3n de especias encontradas en el mercado.  Peso Neto:50 g","og_url":"https:\/\/www.aceitenovecientos.com\/en\/product\/especias-900-sabor-ras-al-hanout\/","og_site_name":"Aceite Novecientos","article_publisher":"https:\/\/www.facebook.com\/aceitenovecientos\/","article_modified_time":"2022-03-02T08:15:50+00:00","og_image":[{"width":700,"height":700,"url":"https:\/\/www.aceitenovecientos.com\/wp-content\/uploads\/2021\/10\/DSC3935.jpg","type":"image\/jpeg"}],"twitter_card":"summary_large_image","twitter_misc":{"Estimated reading time":"1 minute"},"schema":{"@context":"https:\/\/schema.org","@graph":[{"@type":"WebPage","@id":"https:\/\/www.aceitenovecientos.com\/producto\/especias-900-sabor-ras-al-hanout\/","url":"https:\/\/www.aceitenovecientos.com\/producto\/especias-900-sabor-ras-al-hanout\/","name":"Especias 900 sabor Ras Al Hanout - Aceite Novecientos","isPartOf":{"@id":"https:\/\/www.aceitenovecientos.com\/#website"},"primaryImageOfPage":{"@id":"https:\/\/www.aceitenovecientos.com\/producto\/especias-900-sabor-ras-al-hanout\/#primaryimage"},"image":{"@id":"https:\/\/www.aceitenovecientos.com\/producto\/especias-900-sabor-ras-al-hanout\/#primaryimage"},"thumbnailUrl":"https:\/\/www.aceitenovecientos.com\/wp-content\/uploads\/2021\/10\/DSC3935.jpg","datePublished":"2021-10-06T11:57:07+00:00","dateModified":"2022-03-02T08:15:50+00:00","breadcrumb":{"@id":"https:\/\/www.aceitenovecientos.com\/producto\/especias-900-sabor-ras-al-hanout\/#breadcrumb"},"inLanguage":"en-GB","potentialAction":[{"@type":"ReadAction","target":["https:\/\/www.aceitenovecientos.com\/producto\/especias-900-sabor-ras-al-hanout\/"]}]},{"@type":"ImageObject","inLanguage":"en-GB","@id":"https:\/\/www.aceitenovecientos.com\/producto\/especias-900-sabor-ras-al-hanout\/#primaryimage","url":"https:\/\/www.aceitenovecientos.com\/wp-content\/uploads\/2021\/10\/DSC3935.jpg","contentUrl":"https:\/\/www.aceitenovecientos.com\/wp-content\/uploads\/2021\/10\/DSC3935.jpg","width":700,"height":700,"caption":"ESPECIAS MARROQUIES"},{"@type":"BreadcrumbList","@id":"https:\/\/www.aceitenovecientos.com\/producto\/especias-900-sabor-ras-al-hanout\/#breadcrumb","itemListElement":[{"@type":"ListItem","position":1,"name":"Portada","item":"https:\/\/www.aceitenovecientos.com\/"},{"@type":"ListItem","position":2,"name":"Cat\u00e1logo","item":"https:\/\/www.aceitenovecientos.com\/shop\/"},{"@type":"ListItem","position":3,"name":"Especias 900 sabor Ras Al Hanout"}]},{"@type":"WebSite","@id":"https:\/\/www.aceitenovecientos.com\/#website","url":"https:\/\/www.aceitenovecientos.com\/","name":"Aceite Novecientos","description":"Aceite de Oliva de Ja\u00e9n","publisher":{"@id":"https:\/\/www.aceitenovecientos.com\/#organization"},"potentialAction":[{"@type":"SearchAction","target":{"@type":"EntryPoint","urlTemplate":"https:\/\/www.aceitenovecientos.com\/?s={search_term_string}"},"query-input":{"@type":"PropertyValueSpecification","valueRequired":true,"valueName":"search_term_string"}}],"inLanguage":"en-GB"},{"@type":"Organization","@id":"https:\/\/www.aceitenovecientos.com\/#organization","name":"Aceite Novecientos","url":"https:\/\/www.aceitenovecientos.com\/","logo":{"@type":"ImageObject","inLanguage":"en-GB","@id":"https:\/\/www.aceitenovecientos.com\/#\/schema\/logo\/image\/","url":"https:\/\/www.aceitenovecientos.com\/wp-content\/uploads\/2021\/12\/logo900-head.webp","contentUrl":"https:\/\/www.aceitenovecientos.com\/wp-content\/uploads\/2021\/12\/logo900-head.webp","width":470,"height":110,"caption":"Aceite Novecientos"},"image":{"@id":"https:\/\/www.aceitenovecientos.com\/#\/schema\/logo\/image\/"},"sameAs":["https:\/\/www.facebook.com\/aceitenovecientos\/"]}]}},"_links":{"self":[{"href":"https:\/\/www.aceitenovecientos.com\/en\/wp-json\/wp\/v2\/product\/2671","targetHints":{"allow":["GET"]}}],"collection":[{"href":"https:\/\/www.aceitenovecientos.com\/en\/wp-json\/wp\/v2\/product"}],"about":[{"href":"https:\/\/www.aceitenovecientos.com\/en\/wp-json\/wp\/v2\/types\/product"}],"replies":[{"embeddable":true,"href":"https:\/\/www.aceitenovecientos.com\/en\/wp-json\/wp\/v2\/comments?post=2671"}],"wp:featuredmedia":[{"embeddable":true,"href":"https:\/\/www.aceitenovecientos.com\/en\/wp-json\/wp\/v2\/media\/2674"}],"wp:attachment":[{"href":"https:\/\/www.aceitenovecientos.com\/en\/wp-json\/wp\/v2\/media?parent=2671"}],"wp:term":[{"taxonomy":"product_cat","embeddable":true,"href":"https:\/\/www.aceitenovecientos.com\/en\/wp-json\/wp\/v2\/product_cat?post=2671"},{"taxonomy":"product_tag","embeddable":true,"href":"https:\/\/www.aceitenovecientos.com\/en\/wp-json\/wp\/v2\/product_tag?post=2671"}],"curies":[{"name":"wp","href":"https:\/\/api.w.org\/{rel}","templated":true}]}}