{"id":2668,"date":"2021-10-05T16:15:40","date_gmt":"2021-10-05T15:15:40","guid":{"rendered":"https:\/\/www.aceitenovecientos.com\/?post_type=product&#038;p=2668"},"modified":"2023-02-07T10:10:51","modified_gmt":"2023-02-07T09:10:51","slug":"pate-ecologico-aceitunas-tomate-seco-900-copia","status":"publish","type":"product","link":"https:\/\/www.aceitenovecientos.com\/en\/product\/pate-ecologico-aceitunas-tomate-seco-900-copia\/","title":{"rendered":"Pat\u00e9 Ecol\u00f3gico de Esp\u00e1rragos 900"},"content":{"rendered":"<h1><strong>Pat\u00e9 de esp\u00e1rragos Ecol\u00f3gico.<\/strong><\/h1>\n<p class=\"entradilla\">Los pat\u00e9s o cremas para untar 900 est\u00e1n elaborados de forma artesanal con productos\u00a0 vegetales ecol\u00f3gicos. Son\u00a0 alimentos sencillos\u00a0 y muy apropiados para incluirlos en nuestro men\u00fa diario. Como idea principal se acompa\u00f1an de un tradicional pan casero, r\u00fastico, crackers, colines o palitos de verduras frescas.<\/p>\n<p>Adicionalmente se pueden utilizar para elaborar otros platos como relleno de empanadas, o como base para\u00a0 elaborar salsas en platos de pasta, carnes, pescados y verduras, haciendo que su sabor sea m\u00e1s intenso.<\/p>\n<p>Con nuestro pat\u00e9 de esp\u00e1rragos te ponemos f\u00e1cil consumir un alimento con amplias propiedades muy valoradas en la dieta mediterr\u00e1nea:<\/p>\n<h2><strong>Beneficios del consumo de esp\u00e1rragos<\/strong><\/h2>\n<ul>\n<li>Se trata de un alimento muy\u00a0 rico en minerales, especialmente f\u00f3sforo, potasio\u00a0 y hierro.<\/li>\n<li>El esp\u00e1rrago es un vegetal con bajo contenido de calor\u00edas, esto lo hace perfecto para incluirlo en dietas de control de peso<\/li>\n<li>Tiiene un alto contenido en fibra.<\/li>\n<li>Es altamente recomendado para personas con altos niveles de colesterol.<\/li>\n<li>Fuente de antioxidantes para el organismo.<\/li>\n<li>Es un reductor de homociste\u00edna en sangre, un componente asociado con las enfermedades del coraz\u00f3n y el aparato circulatorio.<\/li>\n<li>Ayuda a prevenir la degeneraci\u00f3n macular por su contenido en lute\u00edna.<\/li>\n<\/ul>\n<p>Un Pat\u00e9 acompa\u00f1ado de sello Ecol\u00f3gico para garantizar el consumo de\u00a0 un producto delicioso y sano. Tanto para peque\u00f1os como para mayores, es una forma distinta de proporcionar a nuestro organismo este superalimento elaborado con un ingrediente de lo m\u00e1s saludable como es, el Aceite e Oliva Virgen Extra.<\/p>\n<p>&nbsp;<\/p>\n<h2>USOS CULINARIOS<\/h2>\n<p>Nuestro Pat\u00e9 de Esp\u00e1rragos 900, nos abre un gran abanico de combinaciones a la hora de cocinar. El maridaje con el pescado blanco es muy interesante ya que conseguimos un toque sabroso y poco com\u00fan. Tambi\u00e9n puedes darle un toque de sabor mediterr\u00e1neo diferente a tus platos de pasta.<\/p>\n<p>Un complemento sabroso y saludable, el cual se convertir\u00e1 en el componente estrella de cualquier dieta. La selecci\u00f3n de ingredientes viene determinada por varios objetivos de calidad: conseguir un alimento saludable, obtener un productos exquisito al paladar,\u00a0 combinar productos tradicionales de nuestra dieta mediterr\u00e1nea y sobre todo disfrutar en la mesa.<\/p>\n<p>Este tipo de Pat\u00e9 encaja estupendamente en una dieta vegana, ya que no contiene ingredientes animales ni derivados de estos.<\/p>\n<p>&nbsp;<\/p>\n<h3>Ingredientes:<\/h3>\n<p>Esp\u00e1rragos*, aceite de oliva virgen extra*, pan* (harina de TRIGO, levadura, sal), vinagre*, ajos (SULFITOS), sal<br \/>\ny especias.<br \/>\nProcedentes de agricultura ecol\u00f3gica.<\/p>\n<table style=\"height: 478px;\" width=\"423\">\n<tbody>\n<tr>\n<td colspan=\"3\" width=\"330\">Valor Nutricional por 100 g.<\/td>\n<\/tr>\n<tr>\n<td width=\"170\"><strong>Valor energ\u00e9tico <\/strong><\/td>\n<td width=\"76\">\n<p style=\"text-align: right;\">485,47 KJ<\/p>\n<\/td>\n<td width=\"85\">\n<p style=\"text-align: right;\">115,95 kcal<\/p>\n<\/td>\n<\/tr>\n<tr>\n<td width=\"170\"><strong>Grasas<\/strong><\/td>\n<td colspan=\"2\" width=\"161\">\n<p style=\"text-align: right;\">9,88 g<\/p>\n<\/td>\n<\/tr>\n<tr>\n<td width=\"170\"><strong>De las cuales saturadas<\/strong><\/td>\n<td colspan=\"2\" width=\"161\">\n<p style=\"text-align: right;\">1,46 g<\/p>\n<\/td>\n<\/tr>\n<tr>\n<td width=\"170\"><strong>Hidratos de carbono<\/strong><\/td>\n<td colspan=\"2\" width=\"161\">\n<p style=\"text-align: right;\">4,03 g<\/p>\n<\/td>\n<\/tr>\n<tr>\n<td width=\"170\"><strong>De los cuales az\u00facares<\/strong><\/td>\n<td colspan=\"2\" width=\"161\">\n<p style=\"text-align: right;\">1,69 g<\/p>\n<\/td>\n<\/tr>\n<tr>\n<td width=\"170\"><strong>Fibra<\/strong><\/td>\n<td colspan=\"2\" width=\"161\">\n<p style=\"text-align: right;\">1,58g<\/p>\n<\/td>\n<\/tr>\n<tr>\n<td width=\"170\"><strong>Prote\u00edna<\/strong><\/td>\n<td colspan=\"2\" width=\"161\">\n<p style=\"text-align: right;\">2,88 g<\/p>\n<\/td>\n<\/tr>\n<tr>\n<td width=\"170\"><strong>Sal<\/strong><\/td>\n<td colspan=\"2\" width=\"161\">\n<p style=\"text-align: right;\">0,94 g<\/p>\n<\/td>\n<\/tr>\n<\/tbody>\n<\/table>\n<div><\/div>\n<figure id=\"attachment_2433\" aria-describedby=\"caption-attachment-2433\" style=\"width: 300px\" class=\"wp-caption alignnone\"><img loading=\"lazy\" decoding=\"async\" class=\"size-medium wp-image-2433\" src=\"https:\/\/www.aceitenovecientos.com\/wp-content\/uploads\/2016\/08\/etiquetalogohorizand-300x102.jpg\" alt=\"sello certificado CAAE ecol\u00f3gico Aceite de oliva virgen extra Novecientos\" width=\"300\" height=\"102\" srcset=\"https:\/\/www.aceitenovecientos.com\/wp-content\/uploads\/2016\/08\/etiquetalogohorizand-300x102.jpg 300w, https:\/\/www.aceitenovecientos.com\/wp-content\/uploads\/2016\/08\/etiquetalogohorizand-416x142.jpg 416w, https:\/\/www.aceitenovecientos.com\/wp-content\/uploads\/2016\/08\/etiquetalogohorizand-768x262.jpg 768w, https:\/\/www.aceitenovecientos.com\/wp-content\/uploads\/2016\/08\/etiquetalogohorizand-1024x349.jpg 1024w, https:\/\/www.aceitenovecientos.com\/wp-content\/uploads\/2016\/08\/etiquetalogohorizand-260x89.jpg 260w, https:\/\/www.aceitenovecientos.com\/wp-content\/uploads\/2016\/08\/etiquetalogohorizand-50x17.jpg 50w, https:\/\/www.aceitenovecientos.com\/wp-content\/uploads\/2016\/08\/etiquetalogohorizand-150x51.jpg 150w, https:\/\/www.aceitenovecientos.com\/wp-content\/uploads\/2016\/08\/etiquetalogohorizand.jpg 1340w\" sizes=\"auto, (max-width: 300px) 100vw, 300px\" \/><figcaption id=\"caption-attachment-2433\" class=\"wp-caption-text\">sello certificado CAAE ecol\u00f3gico Aceite de oliva virgen extra Novecientos<\/figcaption><\/figure>","protected":false},"excerpt":{"rendered":"<p>Our <strong>Pat\u00e9 de rEsp\u00e1rragos Ecol\u00f3gico 900<\/strong> una forma original de consumir un alimento tradicional, saludable y artesano.<\/p>\n<p>Tu paladar quedar\u00e1 maravillado con su textura ideal para untar. Sin olvidarnos de su sabor, disfruta de la textura suave. El aroma que desprende te va a transportar directo a la huerta mediterr\u00e1nea. Con propiedades depurativas y vitaminas del grupo B, A, C y E.<\/p>\n<p>Un producto ecol\u00f3gico, saludable y delicioso a su vez.<\/p>\n<p>Formato:<\/p>\n<p>Bote de cristal de 130 gr.<\/p>","protected":false},"featured_media":2669,"comment_status":"closed","ping_status":"closed","template":"","meta":[],"product_cat":[505,268],"product_tag":[142,11,500,498,501,499,287,504,12],"class_list":{"0":"post-2668","1":"product","2":"type-product","3":"status-publish","4":"has-post-thumbnail","6":"product_cat-pates","7":"product_cat-productos-ecologicos","8":"product_tag-aceite-de-jaen","9":"product_tag-aceite-de-oliva","10":"product_tag-aceitunas-verdes","11":"product_tag-pate","12":"product_tag-pate-aceitunas","13":"product_tag-pate-ecologico","14":"product_tag-superalimento-en","15":"product_tag-tomate-seco","16":"product_tag-virgen-extra","18":"first","19":"instock","20":"taxable","21":"shipping-taxable","22":"purchasable","23":"product-type-simple"},"yoast_head":"<!-- This site is optimized with the Yoast SEO plugin v24.1 - https:\/\/yoast.com\/wordpress\/plugins\/seo\/ -->\n<title>Pat\u00e9 Ecol\u00f3gico de Esp\u00e1rragos 900 - Aceite Novecientos<\/title>\n<meta name=\"robots\" content=\"index, follow, max-snippet:-1, max-image-preview:large, max-video-preview:-1\" \/>\n<link rel=\"canonical\" href=\"https:\/\/www.aceitenovecientos.com\/en\/product\/pate-ecologico-aceitunas-tomate-seco-900-copia\/\" \/>\n<meta property=\"og:locale\" content=\"en_GB\" \/>\n<meta property=\"og:type\" content=\"article\" \/>\n<meta property=\"og:title\" content=\"Pat\u00e9 Ecol\u00f3gico de Esp\u00e1rragos 900 - Aceite Novecientos\" \/>\n<meta property=\"og:description\" content=\"El Pat\u00e9 de rEsp\u00e1rragos Ecol\u00f3gico 900 una forma original de consumir un alimento tradicional, saludable y artesano.  Tu paladar quedar\u00e1 maravillado con su textura ideal para untar. Sin olvidarnos de su sabor, disfruta de la textura suave. El aroma que desprende te va a transportar directo a la huerta mediterr\u00e1nea. Con propiedades depurativas y vitaminas del grupo B, A, C y E.  Un producto ecol\u00f3gico, saludable y delicioso a su vez.  Formato:  Bote de cristal de 130 gr.\" \/>\n<meta property=\"og:url\" content=\"https:\/\/www.aceitenovecientos.com\/en\/product\/pate-ecologico-aceitunas-tomate-seco-900-copia\/\" \/>\n<meta property=\"og:site_name\" content=\"Aceite Novecientos\" \/>\n<meta property=\"article:publisher\" content=\"https:\/\/www.facebook.com\/aceitenovecientos\/\" \/>\n<meta property=\"article:modified_time\" content=\"2023-02-07T09:10:51+00:00\" \/>\n<meta property=\"og:image\" content=\"https:\/\/www.aceitenovecientos.com\/wp-content\/uploads\/2021\/10\/pate-de-esparragos.jpg\" \/>\n\t<meta property=\"og:image:width\" content=\"700\" \/>\n\t<meta property=\"og:image:height\" content=\"700\" \/>\n\t<meta property=\"og:image:type\" content=\"image\/jpeg\" \/>\n<meta name=\"twitter:card\" content=\"summary_large_image\" \/>\n<meta name=\"twitter:label1\" content=\"Estimated reading time\" \/>\n\t<meta name=\"twitter:data1\" content=\"2 minutes\" \/>\n<script type=\"application\/ld+json\" class=\"yoast-schema-graph\">{\"@context\":\"https:\/\/schema.org\",\"@graph\":[{\"@type\":\"WebPage\",\"@id\":\"https:\/\/www.aceitenovecientos.com\/producto\/pate-ecologico-aceitunas-tomate-seco-900-copia\/\",\"url\":\"https:\/\/www.aceitenovecientos.com\/producto\/pate-ecologico-aceitunas-tomate-seco-900-copia\/\",\"name\":\"Pat\u00e9 Ecol\u00f3gico de Esp\u00e1rragos 900 - Aceite Novecientos\",\"isPartOf\":{\"@id\":\"https:\/\/www.aceitenovecientos.com\/#website\"},\"primaryImageOfPage\":{\"@id\":\"https:\/\/www.aceitenovecientos.com\/producto\/pate-ecologico-aceitunas-tomate-seco-900-copia\/#primaryimage\"},\"image\":{\"@id\":\"https:\/\/www.aceitenovecientos.com\/producto\/pate-ecologico-aceitunas-tomate-seco-900-copia\/#primaryimage\"},\"thumbnailUrl\":\"https:\/\/www.aceitenovecientos.com\/wp-content\/uploads\/2021\/10\/pate-de-esparragos.jpg\",\"datePublished\":\"2021-10-05T15:15:40+00:00\",\"dateModified\":\"2023-02-07T09:10:51+00:00\",\"breadcrumb\":{\"@id\":\"https:\/\/www.aceitenovecientos.com\/producto\/pate-ecologico-aceitunas-tomate-seco-900-copia\/#breadcrumb\"},\"inLanguage\":\"en-GB\",\"potentialAction\":[{\"@type\":\"ReadAction\",\"target\":[\"https:\/\/www.aceitenovecientos.com\/producto\/pate-ecologico-aceitunas-tomate-seco-900-copia\/\"]}]},{\"@type\":\"ImageObject\",\"inLanguage\":\"en-GB\",\"@id\":\"https:\/\/www.aceitenovecientos.com\/producto\/pate-ecologico-aceitunas-tomate-seco-900-copia\/#primaryimage\",\"url\":\"https:\/\/www.aceitenovecientos.com\/wp-content\/uploads\/2021\/10\/pate-de-esparragos.jpg\",\"contentUrl\":\"https:\/\/www.aceitenovecientos.com\/wp-content\/uploads\/2021\/10\/pate-de-esparragos.jpg\",\"width\":700,\"height\":700,\"caption\":\"Pat\u00e9 de esp\u00e1rragos 900\"},{\"@type\":\"BreadcrumbList\",\"@id\":\"https:\/\/www.aceitenovecientos.com\/producto\/pate-ecologico-aceitunas-tomate-seco-900-copia\/#breadcrumb\",\"itemListElement\":[{\"@type\":\"ListItem\",\"position\":1,\"name\":\"Portada\",\"item\":\"https:\/\/www.aceitenovecientos.com\/\"},{\"@type\":\"ListItem\",\"position\":2,\"name\":\"Cat\u00e1logo\",\"item\":\"https:\/\/www.aceitenovecientos.com\/shop\/\"},{\"@type\":\"ListItem\",\"position\":3,\"name\":\"Pat\u00e9 Ecol\u00f3gico de Esp\u00e1rragos 900\"}]},{\"@type\":\"WebSite\",\"@id\":\"https:\/\/www.aceitenovecientos.com\/#website\",\"url\":\"https:\/\/www.aceitenovecientos.com\/\",\"name\":\"Aceite Novecientos\",\"description\":\"Aceite de Oliva de Ja\u00e9n\",\"publisher\":{\"@id\":\"https:\/\/www.aceitenovecientos.com\/#organization\"},\"potentialAction\":[{\"@type\":\"SearchAction\",\"target\":{\"@type\":\"EntryPoint\",\"urlTemplate\":\"https:\/\/www.aceitenovecientos.com\/?s={search_term_string}\"},\"query-input\":{\"@type\":\"PropertyValueSpecification\",\"valueRequired\":true,\"valueName\":\"search_term_string\"}}],\"inLanguage\":\"en-GB\"},{\"@type\":\"Organization\",\"@id\":\"https:\/\/www.aceitenovecientos.com\/#organization\",\"name\":\"Aceite Novecientos\",\"url\":\"https:\/\/www.aceitenovecientos.com\/\",\"logo\":{\"@type\":\"ImageObject\",\"inLanguage\":\"en-GB\",\"@id\":\"https:\/\/www.aceitenovecientos.com\/#\/schema\/logo\/image\/\",\"url\":\"https:\/\/www.aceitenovecientos.com\/wp-content\/uploads\/2021\/12\/logo900-head.webp\",\"contentUrl\":\"https:\/\/www.aceitenovecientos.com\/wp-content\/uploads\/2021\/12\/logo900-head.webp\",\"width\":470,\"height\":110,\"caption\":\"Aceite Novecientos\"},\"image\":{\"@id\":\"https:\/\/www.aceitenovecientos.com\/#\/schema\/logo\/image\/\"},\"sameAs\":[\"https:\/\/www.facebook.com\/aceitenovecientos\/\"]}]}<\/script>\n<!-- \/ Yoast SEO plugin. -->","yoast_head_json":{"title":"Pat\u00e9 Ecol\u00f3gico de Esp\u00e1rragos 900 - Aceite Novecientos","robots":{"index":"index","follow":"follow","max-snippet":"max-snippet:-1","max-image-preview":"max-image-preview:large","max-video-preview":"max-video-preview:-1"},"canonical":"https:\/\/www.aceitenovecientos.com\/en\/product\/pate-ecologico-aceitunas-tomate-seco-900-copia\/","og_locale":"en_GB","og_type":"article","og_title":"Pat\u00e9 Ecol\u00f3gico de Esp\u00e1rragos 900 - Aceite Novecientos","og_description":"El Pat\u00e9 de rEsp\u00e1rragos Ecol\u00f3gico 900 una forma original de consumir un alimento tradicional, saludable y artesano.  Tu paladar quedar\u00e1 maravillado con su textura ideal para untar. Sin olvidarnos de su sabor, disfruta de la textura suave. El aroma que desprende te va a transportar directo a la huerta mediterr\u00e1nea. Con propiedades depurativas y vitaminas del grupo B, A, C y E.  Un producto ecol\u00f3gico, saludable y delicioso a su vez.  Formato:  Bote de cristal de 130 gr.","og_url":"https:\/\/www.aceitenovecientos.com\/en\/product\/pate-ecologico-aceitunas-tomate-seco-900-copia\/","og_site_name":"Aceite Novecientos","article_publisher":"https:\/\/www.facebook.com\/aceitenovecientos\/","article_modified_time":"2023-02-07T09:10:51+00:00","og_image":[{"width":700,"height":700,"url":"https:\/\/www.aceitenovecientos.com\/wp-content\/uploads\/2021\/10\/pate-de-esparragos.jpg","type":"image\/jpeg"}],"twitter_card":"summary_large_image","twitter_misc":{"Estimated reading time":"2 minutes"},"schema":{"@context":"https:\/\/schema.org","@graph":[{"@type":"WebPage","@id":"https:\/\/www.aceitenovecientos.com\/producto\/pate-ecologico-aceitunas-tomate-seco-900-copia\/","url":"https:\/\/www.aceitenovecientos.com\/producto\/pate-ecologico-aceitunas-tomate-seco-900-copia\/","name":"Pat\u00e9 Ecol\u00f3gico de Esp\u00e1rragos 900 - Aceite Novecientos","isPartOf":{"@id":"https:\/\/www.aceitenovecientos.com\/#website"},"primaryImageOfPage":{"@id":"https:\/\/www.aceitenovecientos.com\/producto\/pate-ecologico-aceitunas-tomate-seco-900-copia\/#primaryimage"},"image":{"@id":"https:\/\/www.aceitenovecientos.com\/producto\/pate-ecologico-aceitunas-tomate-seco-900-copia\/#primaryimage"},"thumbnailUrl":"https:\/\/www.aceitenovecientos.com\/wp-content\/uploads\/2021\/10\/pate-de-esparragos.jpg","datePublished":"2021-10-05T15:15:40+00:00","dateModified":"2023-02-07T09:10:51+00:00","breadcrumb":{"@id":"https:\/\/www.aceitenovecientos.com\/producto\/pate-ecologico-aceitunas-tomate-seco-900-copia\/#breadcrumb"},"inLanguage":"en-GB","potentialAction":[{"@type":"ReadAction","target":["https:\/\/www.aceitenovecientos.com\/producto\/pate-ecologico-aceitunas-tomate-seco-900-copia\/"]}]},{"@type":"ImageObject","inLanguage":"en-GB","@id":"https:\/\/www.aceitenovecientos.com\/producto\/pate-ecologico-aceitunas-tomate-seco-900-copia\/#primaryimage","url":"https:\/\/www.aceitenovecientos.com\/wp-content\/uploads\/2021\/10\/pate-de-esparragos.jpg","contentUrl":"https:\/\/www.aceitenovecientos.com\/wp-content\/uploads\/2021\/10\/pate-de-esparragos.jpg","width":700,"height":700,"caption":"Pat\u00e9 de esp\u00e1rragos 900"},{"@type":"BreadcrumbList","@id":"https:\/\/www.aceitenovecientos.com\/producto\/pate-ecologico-aceitunas-tomate-seco-900-copia\/#breadcrumb","itemListElement":[{"@type":"ListItem","position":1,"name":"Portada","item":"https:\/\/www.aceitenovecientos.com\/"},{"@type":"ListItem","position":2,"name":"Cat\u00e1logo","item":"https:\/\/www.aceitenovecientos.com\/shop\/"},{"@type":"ListItem","position":3,"name":"Pat\u00e9 Ecol\u00f3gico de Esp\u00e1rragos 900"}]},{"@type":"WebSite","@id":"https:\/\/www.aceitenovecientos.com\/#website","url":"https:\/\/www.aceitenovecientos.com\/","name":"Aceite Novecientos","description":"Aceite de Oliva de Ja\u00e9n","publisher":{"@id":"https:\/\/www.aceitenovecientos.com\/#organization"},"potentialAction":[{"@type":"SearchAction","target":{"@type":"EntryPoint","urlTemplate":"https:\/\/www.aceitenovecientos.com\/?s={search_term_string}"},"query-input":{"@type":"PropertyValueSpecification","valueRequired":true,"valueName":"search_term_string"}}],"inLanguage":"en-GB"},{"@type":"Organization","@id":"https:\/\/www.aceitenovecientos.com\/#organization","name":"Aceite Novecientos","url":"https:\/\/www.aceitenovecientos.com\/","logo":{"@type":"ImageObject","inLanguage":"en-GB","@id":"https:\/\/www.aceitenovecientos.com\/#\/schema\/logo\/image\/","url":"https:\/\/www.aceitenovecientos.com\/wp-content\/uploads\/2021\/12\/logo900-head.webp","contentUrl":"https:\/\/www.aceitenovecientos.com\/wp-content\/uploads\/2021\/12\/logo900-head.webp","width":470,"height":110,"caption":"Aceite Novecientos"},"image":{"@id":"https:\/\/www.aceitenovecientos.com\/#\/schema\/logo\/image\/"},"sameAs":["https:\/\/www.facebook.com\/aceitenovecientos\/"]}]}},"_links":{"self":[{"href":"https:\/\/www.aceitenovecientos.com\/en\/wp-json\/wp\/v2\/product\/2668","targetHints":{"allow":["GET"]}}],"collection":[{"href":"https:\/\/www.aceitenovecientos.com\/en\/wp-json\/wp\/v2\/product"}],"about":[{"href":"https:\/\/www.aceitenovecientos.com\/en\/wp-json\/wp\/v2\/types\/product"}],"replies":[{"embeddable":true,"href":"https:\/\/www.aceitenovecientos.com\/en\/wp-json\/wp\/v2\/comments?post=2668"}],"wp:featuredmedia":[{"embeddable":true,"href":"https:\/\/www.aceitenovecientos.com\/en\/wp-json\/wp\/v2\/media\/2669"}],"wp:attachment":[{"href":"https:\/\/www.aceitenovecientos.com\/en\/wp-json\/wp\/v2\/media?parent=2668"}],"wp:term":[{"taxonomy":"product_cat","embeddable":true,"href":"https:\/\/www.aceitenovecientos.com\/en\/wp-json\/wp\/v2\/product_cat?post=2668"},{"taxonomy":"product_tag","embeddable":true,"href":"https:\/\/www.aceitenovecientos.com\/en\/wp-json\/wp\/v2\/product_tag?post=2668"}],"curies":[{"name":"wp","href":"https:\/\/api.w.org\/{rel}","templated":true}]}}