{"id":2657,"date":"2021-10-01T09:31:43","date_gmt":"2021-10-01T08:31:43","guid":{"rendered":"https:\/\/www.aceitenovecientos.com\/?post_type=product&#038;p=2657"},"modified":"2023-02-07T10:12:08","modified_gmt":"2023-02-07T09:12:08","slug":"pate-aceitunas-alcachofas-ecologico-900-copia","status":"publish","type":"product","link":"https:\/\/www.aceitenovecientos.com\/en\/product\/pate-aceitunas-alcachofas-ecologico-900-copia\/","title":{"rendered":"Pat\u00e9 de Aceitunas y Alcachofas Ecol\u00f3gico 900"},"content":{"rendered":"<h1><strong>Pat\u00e9 de Aceitunas y Alcachofas. Ecol\u00f3gico.\u00a0<\/strong><\/h1>\n<p>Se trata de una receta original de 900\u00a0 para el tambi\u00e9n llamado tapenade u olivada. El Pate de Aceitunas Verdes Ecol\u00f3gico 900 ya es una de las opciones mas sabrosas para disfrutar de un producto tan nuestro como lo es la aceituna. Si adem\u00e1s va acompa\u00f1ado del sabor de la alcachofa&#8230;.. una combinaci\u00f3n ideal.<\/p>\n<p>La alcachofa es una hortaliza muy rica en fibra, la cual ayuda a reducir la glucosa en sangre al mismo tiempo que te protege contra el estre\u00f1imiento. Tambi\u00e9n alivia la acidez del est\u00f3mago, eliminando el dolor y otras molestias. A todo esto le sumamos la cantidad de beneficios que aporta a nuestro organismo el consumos de aceitunas y su aceite de oliva virgen extra.<\/p>\n<p>No te dejar\u00e1 indiferente de la explosi\u00f3n de sabores que se produce en el paladar gracias a esta magn\u00edfica combinaci\u00f3n de ingredientes, en donde la Aceituna y la Alcachofa son las protagonistas por su peculiar sabor.<\/p>\n<p>Como garant\u00eda adicional de productos saludable y de alta calidad hemos querido certificar nuestro pat\u00e9 de aceitunas verdes y alcachofas con el sello de alimento ecol\u00f3gico certificado. Tanto para peque\u00f1os como para mayores es una forma distinta de proporcionar a nuestro organismo este superalimento. Realizado con uno de los ingredientes saludable m\u00e1s saludables, como lo es el Aceite e Oliva Virgen Extra.<\/p>\n<p>&nbsp;<\/p>\n<h2>USOS CULINARIOS<\/h2>\n<p>Nuestra principal recomendaci\u00f3n es utilizarlo como untable sobre una rebanada de tu pan favorito, r\u00fastico, tostado, de semillas, de avena&#8230;&#8230; No necesitas mucho m\u00e1s para disfrutar pero acompa\u00f1amos m\u00e1s sugerencias.<\/p>\n<p>Nuestro Pat\u00e9 de Aceitunas y Alcachofas Ecol\u00f3gico 900, nos abre un gran abanico de combinaciones a la hora de cocinar. Es ideal para acompa\u00f1ar a cualquier tipo de pescado o carne. En salsas dulces o incluso para vinagretas de ensaladas.<\/p>\n<p>Un complemento sabroso y saludable, el cual se convertir\u00e1 en el componente estrella de cualquier dieta. Sobre todo de la dieta Mediterr\u00e1nea. Ya que nuestro Pat\u00e9 de Aceitunas y Alcachofa Ecol\u00f3gico es un alimento con Aceite de Oliva Virgen extra, un componente fundamental en este tipo de dietas.<\/p>\n<p>Este tipo de Pat\u00e9 encaja estupendamente en una dieta vegana, ya que no contiene ingredientes animales ni derivados de estos.<\/p>\n<p>&nbsp;<\/p>\n<h3>Ingredientes:<\/h3>\n<p>Pat\u00e9 de Aceitunas y Alcachofas Ecol\u00f3gico 900 es una composici\u00f3n de: aceitunas verdes, alcachofas, aceite de oliva virgen extra, lim\u00f3n, ajo, or\u00e9gano, harina de ma\u00edz y sal.<br \/>\nProcedentes de agricultura ecol\u00f3gica.<\/p>\n<h3><strong>Informaci\u00f3n nutricional:<\/strong><\/h3>\n<p>&nbsp;<\/p>\n<table style=\"height: 327px;\" width=\"414\">\n<tbody>\n<tr>\n<td colspan=\"3\" width=\"312\">Valor Nutricional por 100 g.<\/td>\n<\/tr>\n<tr>\n<td width=\"170\"><strong>Valor energ\u00e9tico <\/strong><\/td>\n<td width=\"76\">\n<p style=\"text-align: right;\">284,51 KJ<\/p>\n<\/td>\n<td width=\"66\">\n<p style=\"text-align: right;\">68 kcal<\/p>\n<\/td>\n<\/tr>\n<tr>\n<td width=\"170\"><strong>Grasas<\/strong><\/td>\n<td colspan=\"2\" width=\"142\">\n<p style=\"text-align: right;\">6,3 g<\/p>\n<\/td>\n<\/tr>\n<tr>\n<td width=\"170\"><strong>De las cuales saturadas<\/strong><\/td>\n<td colspan=\"2\" width=\"142\">\n<p style=\"text-align: right;\">1,1 g<\/p>\n<\/td>\n<\/tr>\n<tr>\n<td width=\"170\"><strong>Hidratos de carbono<\/strong><\/td>\n<td colspan=\"2\" width=\"142\">\n<p style=\"text-align: right;\">1,5 g<\/p>\n<\/td>\n<\/tr>\n<tr>\n<td width=\"170\"><strong>De los cuales az\u00facares<\/strong><\/td>\n<td colspan=\"2\" width=\"142\">\n<p style=\"text-align: right;\">1,3 g<\/p>\n<\/td>\n<\/tr>\n<tr>\n<td width=\"170\"><strong>Prote\u00edna<\/strong><\/td>\n<td colspan=\"2\" width=\"142\">\n<p style=\"text-align: right;\">1,4 g<\/p>\n<\/td>\n<\/tr>\n<tr>\n<td width=\"170\"><strong>Sal<\/strong><\/td>\n<td colspan=\"2\" width=\"142\">\n<p style=\"text-align: right;\">1,7 g<\/p>\n<\/td>\n<\/tr>\n<\/tbody>\n<\/table>\n<p>&nbsp;<\/p>\n<h3>Sello Ecol\u00f3gico<\/h3>\n<figure id=\"attachment_2433\" aria-describedby=\"caption-attachment-2433\" style=\"width: 300px\" class=\"wp-caption alignnone\"><img loading=\"lazy\" decoding=\"async\" class=\"size-medium wp-image-2433\" src=\"https:\/\/www.aceitenovecientos.com\/wp-content\/uploads\/2016\/08\/etiquetalogohorizand-300x102.jpg\" alt=\"sello certificado CAAE ecol\u00f3gico Aceite de oliva virgen extra Novecientos\" width=\"300\" height=\"102\" srcset=\"https:\/\/www.aceitenovecientos.com\/wp-content\/uploads\/2016\/08\/etiquetalogohorizand-300x102.jpg 300w, https:\/\/www.aceitenovecientos.com\/wp-content\/uploads\/2016\/08\/etiquetalogohorizand-416x142.jpg 416w, https:\/\/www.aceitenovecientos.com\/wp-content\/uploads\/2016\/08\/etiquetalogohorizand-768x262.jpg 768w, https:\/\/www.aceitenovecientos.com\/wp-content\/uploads\/2016\/08\/etiquetalogohorizand-1024x349.jpg 1024w, https:\/\/www.aceitenovecientos.com\/wp-content\/uploads\/2016\/08\/etiquetalogohorizand-260x89.jpg 260w, https:\/\/www.aceitenovecientos.com\/wp-content\/uploads\/2016\/08\/etiquetalogohorizand-50x17.jpg 50w, https:\/\/www.aceitenovecientos.com\/wp-content\/uploads\/2016\/08\/etiquetalogohorizand-150x51.jpg 150w, https:\/\/www.aceitenovecientos.com\/wp-content\/uploads\/2016\/08\/etiquetalogohorizand.jpg 1340w\" sizes=\"auto, (max-width: 300px) 100vw, 300px\" \/><figcaption id=\"caption-attachment-2433\" class=\"wp-caption-text\">sello certificado CAAE ecol\u00f3gico Aceite de oliva virgen extra Novecientos<\/figcaption><\/figure>","protected":false},"excerpt":{"rendered":"<p>Our <strong>Pat\u00e9 de Aceitunas y alcachofas Ecol\u00f3gico 900<\/strong> una forma diferente y poco com\u00fan de consumir aceitunas y alcachofa.<\/p>\n<p>Tu paladar quedara maravillado con su textura ideal para untar. Sin olvidarnos de su sabor a la mejor combinaci\u00f3n de aceitunas con alcachofa. En este pat\u00e9 tan peculiar hemos conseguido fusionarlos de tal manera que ninguno de los dos productos estrella que lo compone pase desapercibidos.<\/p>\n<p>Un producto Ecol\u00f3gico, saludable y delicioso a su vez<\/p>\n<p>Formato:<\/p>\n<p>Bote de cristal de 120 gr.<\/p>","protected":false},"featured_media":2660,"comment_status":"closed","ping_status":"closed","template":"","meta":[],"product_cat":[268],"product_tag":[142,11,500,498,501,499,287,12],"class_list":{"0":"post-2657","1":"product","2":"type-product","3":"status-publish","4":"has-post-thumbnail","6":"product_cat-productos-ecologicos","7":"product_tag-aceite-de-jaen","8":"product_tag-aceite-de-oliva","9":"product_tag-aceitunas-verdes","10":"product_tag-pate","11":"product_tag-pate-aceitunas","12":"product_tag-pate-ecologico","13":"product_tag-superalimento-en","14":"product_tag-virgen-extra","16":"first","17":"instock","18":"taxable","19":"shipping-taxable","20":"purchasable","21":"product-type-simple"},"yoast_head":"<!-- This site is optimized with the Yoast SEO plugin v24.1 - https:\/\/yoast.com\/wordpress\/plugins\/seo\/ -->\n<title>Pat\u00e9 de Aceitunas y Alcachofas Ecol\u00f3gico 900 - Aceite Novecientos<\/title>\n<meta name=\"robots\" content=\"index, follow, max-snippet:-1, max-image-preview:large, max-video-preview:-1\" \/>\n<link rel=\"canonical\" href=\"https:\/\/www.aceitenovecientos.com\/en\/product\/pate-aceitunas-alcachofas-ecologico-900-copia\/\" \/>\n<meta property=\"og:locale\" content=\"en_GB\" \/>\n<meta property=\"og:type\" content=\"article\" \/>\n<meta property=\"og:title\" content=\"Pat\u00e9 de Aceitunas y Alcachofas Ecol\u00f3gico 900 - Aceite Novecientos\" \/>\n<meta property=\"og:description\" content=\"El Pat\u00e9 de Aceitunas y alcachofas Ecol\u00f3gico 900 una forma diferente y poco com\u00fan de consumir aceitunas y alcachofa.  Tu paladar quedara maravillado con su textura ideal para untar. Sin olvidarnos de su sabor a la mejor combinaci\u00f3n de aceitunas con alcachofa. En este pat\u00e9 tan peculiar hemos conseguido fusionarlos de tal manera que ninguno de los dos productos estrella que lo compone pase desapercibidos.  Un producto Ecol\u00f3gico, saludable y delicioso a su vez  Formato:  Bote de cristal de 120 gr.\" \/>\n<meta property=\"og:url\" content=\"https:\/\/www.aceitenovecientos.com\/en\/product\/pate-aceitunas-alcachofas-ecologico-900-copia\/\" \/>\n<meta property=\"og:site_name\" content=\"Aceite Novecientos\" \/>\n<meta property=\"article:publisher\" content=\"https:\/\/www.facebook.com\/aceitenovecientos\/\" \/>\n<meta property=\"article:modified_time\" content=\"2023-02-07T09:12:08+00:00\" \/>\n<meta property=\"og:image\" content=\"https:\/\/www.aceitenovecientos.com\/wp-content\/uploads\/2021\/10\/PATE-DE-ACEITUNAS-Y-ALCAHOFAS.jpg\" \/>\n\t<meta property=\"og:image:width\" content=\"700\" \/>\n\t<meta property=\"og:image:height\" content=\"700\" \/>\n\t<meta property=\"og:image:type\" content=\"image\/jpeg\" \/>\n<meta name=\"twitter:card\" content=\"summary_large_image\" \/>\n<meta name=\"twitter:label1\" content=\"Estimated reading time\" \/>\n\t<meta name=\"twitter:data1\" content=\"2 minutes\" \/>\n<script type=\"application\/ld+json\" class=\"yoast-schema-graph\">{\"@context\":\"https:\/\/schema.org\",\"@graph\":[{\"@type\":\"WebPage\",\"@id\":\"https:\/\/www.aceitenovecientos.com\/producto\/pate-aceitunas-alcachofas-ecologico-900-copia\/\",\"url\":\"https:\/\/www.aceitenovecientos.com\/producto\/pate-aceitunas-alcachofas-ecologico-900-copia\/\",\"name\":\"Pat\u00e9 de Aceitunas y Alcachofas Ecol\u00f3gico 900 - Aceite Novecientos\",\"isPartOf\":{\"@id\":\"https:\/\/www.aceitenovecientos.com\/#website\"},\"primaryImageOfPage\":{\"@id\":\"https:\/\/www.aceitenovecientos.com\/producto\/pate-aceitunas-alcachofas-ecologico-900-copia\/#primaryimage\"},\"image\":{\"@id\":\"https:\/\/www.aceitenovecientos.com\/producto\/pate-aceitunas-alcachofas-ecologico-900-copia\/#primaryimage\"},\"thumbnailUrl\":\"https:\/\/www.aceitenovecientos.com\/wp-content\/uploads\/2021\/10\/PATE-DE-ACEITUNAS-Y-ALCAHOFAS.jpg\",\"datePublished\":\"2021-10-01T08:31:43+00:00\",\"dateModified\":\"2023-02-07T09:12:08+00:00\",\"breadcrumb\":{\"@id\":\"https:\/\/www.aceitenovecientos.com\/producto\/pate-aceitunas-alcachofas-ecologico-900-copia\/#breadcrumb\"},\"inLanguage\":\"en-GB\",\"potentialAction\":[{\"@type\":\"ReadAction\",\"target\":[\"https:\/\/www.aceitenovecientos.com\/producto\/pate-aceitunas-alcachofas-ecologico-900-copia\/\"]}]},{\"@type\":\"ImageObject\",\"inLanguage\":\"en-GB\",\"@id\":\"https:\/\/www.aceitenovecientos.com\/producto\/pate-aceitunas-alcachofas-ecologico-900-copia\/#primaryimage\",\"url\":\"https:\/\/www.aceitenovecientos.com\/wp-content\/uploads\/2021\/10\/PATE-DE-ACEITUNAS-Y-ALCAHOFAS.jpg\",\"contentUrl\":\"https:\/\/www.aceitenovecientos.com\/wp-content\/uploads\/2021\/10\/PATE-DE-ACEITUNAS-Y-ALCAHOFAS.jpg\",\"width\":700,\"height\":700,\"caption\":\"p\u00e2t\u00e9 aux olives et artichauts\"},{\"@type\":\"BreadcrumbList\",\"@id\":\"https:\/\/www.aceitenovecientos.com\/producto\/pate-aceitunas-alcachofas-ecologico-900-copia\/#breadcrumb\",\"itemListElement\":[{\"@type\":\"ListItem\",\"position\":1,\"name\":\"Portada\",\"item\":\"https:\/\/www.aceitenovecientos.com\/\"},{\"@type\":\"ListItem\",\"position\":2,\"name\":\"Cat\u00e1logo\",\"item\":\"https:\/\/www.aceitenovecientos.com\/shop\/\"},{\"@type\":\"ListItem\",\"position\":3,\"name\":\"Pat\u00e9 de Aceitunas y Alcachofas Ecol\u00f3gico 900\"}]},{\"@type\":\"WebSite\",\"@id\":\"https:\/\/www.aceitenovecientos.com\/#website\",\"url\":\"https:\/\/www.aceitenovecientos.com\/\",\"name\":\"Aceite Novecientos\",\"description\":\"Aceite de Oliva de Ja\u00e9n\",\"publisher\":{\"@id\":\"https:\/\/www.aceitenovecientos.com\/#organization\"},\"potentialAction\":[{\"@type\":\"SearchAction\",\"target\":{\"@type\":\"EntryPoint\",\"urlTemplate\":\"https:\/\/www.aceitenovecientos.com\/?s={search_term_string}\"},\"query-input\":{\"@type\":\"PropertyValueSpecification\",\"valueRequired\":true,\"valueName\":\"search_term_string\"}}],\"inLanguage\":\"en-GB\"},{\"@type\":\"Organization\",\"@id\":\"https:\/\/www.aceitenovecientos.com\/#organization\",\"name\":\"Aceite Novecientos\",\"url\":\"https:\/\/www.aceitenovecientos.com\/\",\"logo\":{\"@type\":\"ImageObject\",\"inLanguage\":\"en-GB\",\"@id\":\"https:\/\/www.aceitenovecientos.com\/#\/schema\/logo\/image\/\",\"url\":\"https:\/\/www.aceitenovecientos.com\/wp-content\/uploads\/2021\/12\/logo900-head.webp\",\"contentUrl\":\"https:\/\/www.aceitenovecientos.com\/wp-content\/uploads\/2021\/12\/logo900-head.webp\",\"width\":470,\"height\":110,\"caption\":\"Aceite Novecientos\"},\"image\":{\"@id\":\"https:\/\/www.aceitenovecientos.com\/#\/schema\/logo\/image\/\"},\"sameAs\":[\"https:\/\/www.facebook.com\/aceitenovecientos\/\"]}]}<\/script>\n<!-- \/ Yoast SEO plugin. -->","yoast_head_json":{"title":"Pat\u00e9 de Aceitunas y Alcachofas Ecol\u00f3gico 900 - Aceite Novecientos","robots":{"index":"index","follow":"follow","max-snippet":"max-snippet:-1","max-image-preview":"max-image-preview:large","max-video-preview":"max-video-preview:-1"},"canonical":"https:\/\/www.aceitenovecientos.com\/en\/product\/pate-aceitunas-alcachofas-ecologico-900-copia\/","og_locale":"en_GB","og_type":"article","og_title":"Pat\u00e9 de Aceitunas y Alcachofas Ecol\u00f3gico 900 - Aceite Novecientos","og_description":"El Pat\u00e9 de Aceitunas y alcachofas Ecol\u00f3gico 900 una forma diferente y poco com\u00fan de consumir aceitunas y alcachofa.  Tu paladar quedara maravillado con su textura ideal para untar. Sin olvidarnos de su sabor a la mejor combinaci\u00f3n de aceitunas con alcachofa. En este pat\u00e9 tan peculiar hemos conseguido fusionarlos de tal manera que ninguno de los dos productos estrella que lo compone pase desapercibidos.  Un producto Ecol\u00f3gico, saludable y delicioso a su vez  Formato:  Bote de cristal de 120 gr.","og_url":"https:\/\/www.aceitenovecientos.com\/en\/product\/pate-aceitunas-alcachofas-ecologico-900-copia\/","og_site_name":"Aceite Novecientos","article_publisher":"https:\/\/www.facebook.com\/aceitenovecientos\/","article_modified_time":"2023-02-07T09:12:08+00:00","og_image":[{"width":700,"height":700,"url":"https:\/\/www.aceitenovecientos.com\/wp-content\/uploads\/2021\/10\/PATE-DE-ACEITUNAS-Y-ALCAHOFAS.jpg","type":"image\/jpeg"}],"twitter_card":"summary_large_image","twitter_misc":{"Estimated reading time":"2 minutes"},"schema":{"@context":"https:\/\/schema.org","@graph":[{"@type":"WebPage","@id":"https:\/\/www.aceitenovecientos.com\/producto\/pate-aceitunas-alcachofas-ecologico-900-copia\/","url":"https:\/\/www.aceitenovecientos.com\/producto\/pate-aceitunas-alcachofas-ecologico-900-copia\/","name":"Pat\u00e9 de Aceitunas y Alcachofas Ecol\u00f3gico 900 - Aceite Novecientos","isPartOf":{"@id":"https:\/\/www.aceitenovecientos.com\/#website"},"primaryImageOfPage":{"@id":"https:\/\/www.aceitenovecientos.com\/producto\/pate-aceitunas-alcachofas-ecologico-900-copia\/#primaryimage"},"image":{"@id":"https:\/\/www.aceitenovecientos.com\/producto\/pate-aceitunas-alcachofas-ecologico-900-copia\/#primaryimage"},"thumbnailUrl":"https:\/\/www.aceitenovecientos.com\/wp-content\/uploads\/2021\/10\/PATE-DE-ACEITUNAS-Y-ALCAHOFAS.jpg","datePublished":"2021-10-01T08:31:43+00:00","dateModified":"2023-02-07T09:12:08+00:00","breadcrumb":{"@id":"https:\/\/www.aceitenovecientos.com\/producto\/pate-aceitunas-alcachofas-ecologico-900-copia\/#breadcrumb"},"inLanguage":"en-GB","potentialAction":[{"@type":"ReadAction","target":["https:\/\/www.aceitenovecientos.com\/producto\/pate-aceitunas-alcachofas-ecologico-900-copia\/"]}]},{"@type":"ImageObject","inLanguage":"en-GB","@id":"https:\/\/www.aceitenovecientos.com\/producto\/pate-aceitunas-alcachofas-ecologico-900-copia\/#primaryimage","url":"https:\/\/www.aceitenovecientos.com\/wp-content\/uploads\/2021\/10\/PATE-DE-ACEITUNAS-Y-ALCAHOFAS.jpg","contentUrl":"https:\/\/www.aceitenovecientos.com\/wp-content\/uploads\/2021\/10\/PATE-DE-ACEITUNAS-Y-ALCAHOFAS.jpg","width":700,"height":700,"caption":"p\u00e2t\u00e9 aux olives et artichauts"},{"@type":"BreadcrumbList","@id":"https:\/\/www.aceitenovecientos.com\/producto\/pate-aceitunas-alcachofas-ecologico-900-copia\/#breadcrumb","itemListElement":[{"@type":"ListItem","position":1,"name":"Portada","item":"https:\/\/www.aceitenovecientos.com\/"},{"@type":"ListItem","position":2,"name":"Cat\u00e1logo","item":"https:\/\/www.aceitenovecientos.com\/shop\/"},{"@type":"ListItem","position":3,"name":"Pat\u00e9 de Aceitunas y Alcachofas Ecol\u00f3gico 900"}]},{"@type":"WebSite","@id":"https:\/\/www.aceitenovecientos.com\/#website","url":"https:\/\/www.aceitenovecientos.com\/","name":"Aceite Novecientos","description":"Aceite de Oliva de Ja\u00e9n","publisher":{"@id":"https:\/\/www.aceitenovecientos.com\/#organization"},"potentialAction":[{"@type":"SearchAction","target":{"@type":"EntryPoint","urlTemplate":"https:\/\/www.aceitenovecientos.com\/?s={search_term_string}"},"query-input":{"@type":"PropertyValueSpecification","valueRequired":true,"valueName":"search_term_string"}}],"inLanguage":"en-GB"},{"@type":"Organization","@id":"https:\/\/www.aceitenovecientos.com\/#organization","name":"Aceite Novecientos","url":"https:\/\/www.aceitenovecientos.com\/","logo":{"@type":"ImageObject","inLanguage":"en-GB","@id":"https:\/\/www.aceitenovecientos.com\/#\/schema\/logo\/image\/","url":"https:\/\/www.aceitenovecientos.com\/wp-content\/uploads\/2021\/12\/logo900-head.webp","contentUrl":"https:\/\/www.aceitenovecientos.com\/wp-content\/uploads\/2021\/12\/logo900-head.webp","width":470,"height":110,"caption":"Aceite Novecientos"},"image":{"@id":"https:\/\/www.aceitenovecientos.com\/#\/schema\/logo\/image\/"},"sameAs":["https:\/\/www.facebook.com\/aceitenovecientos\/"]}]}},"_links":{"self":[{"href":"https:\/\/www.aceitenovecientos.com\/en\/wp-json\/wp\/v2\/product\/2657","targetHints":{"allow":["GET"]}}],"collection":[{"href":"https:\/\/www.aceitenovecientos.com\/en\/wp-json\/wp\/v2\/product"}],"about":[{"href":"https:\/\/www.aceitenovecientos.com\/en\/wp-json\/wp\/v2\/types\/product"}],"replies":[{"embeddable":true,"href":"https:\/\/www.aceitenovecientos.com\/en\/wp-json\/wp\/v2\/comments?post=2657"}],"wp:featuredmedia":[{"embeddable":true,"href":"https:\/\/www.aceitenovecientos.com\/en\/wp-json\/wp\/v2\/media\/2660"}],"wp:attachment":[{"href":"https:\/\/www.aceitenovecientos.com\/en\/wp-json\/wp\/v2\/media?parent=2657"}],"wp:term":[{"taxonomy":"product_cat","embeddable":true,"href":"https:\/\/www.aceitenovecientos.com\/en\/wp-json\/wp\/v2\/product_cat?post=2657"},{"taxonomy":"product_tag","embeddable":true,"href":"https:\/\/www.aceitenovecientos.com\/en\/wp-json\/wp\/v2\/product_tag?post=2657"}],"curies":[{"name":"wp","href":"https:\/\/api.w.org\/{rel}","templated":true}]}}