{"id":2649,"date":"2021-10-01T08:31:47","date_gmt":"2021-10-01T07:31:47","guid":{"rendered":"https:\/\/www.aceitenovecientos.com\/?post_type=product&#038;p=2649"},"modified":"2023-02-07T10:12:32","modified_gmt":"2023-02-07T09:12:32","slug":"pate-aceitunas-verdes-ecologico-900","status":"publish","type":"product","link":"https:\/\/www.aceitenovecientos.com\/en\/product\/pate-aceitunas-verdes-ecologico-900\/","title":{"rendered":"Pat\u00e9 de Aceitunas Verdes Ecol\u00f3gico 900"},"content":{"rendered":"<h1>Pat\u00e9 de Aceitunas Verdes. Ecol\u00f3gico.<\/h1>\n<p>Puede que te suene m\u00e1s su nombre como tapenade u olivada. El Pate de Aceitunas Verdes Ecol\u00f3gico 900, es una de las opciones mas sabrosas de disfrutar de un producto tan nuestro como lo es la aceituna verde. Esta variedad de aceituna ayuda a prevenir enfermedades cardiovasculares ya que reducen el colesterol \u201cmalo\u201d y los triglic\u00e9ridos, pues son una rica fuente de grasas monoinsaturadas. Entre otros muchos beneficios.<\/p>\n<p>Sin olvidarnos de la explosi\u00f3n de sabores que se produce en el paladar gracias a esta magn\u00edfica combinaci\u00f3n de ingredientes en donde la Aceituna Verde es la protagonista por su peculiar sabor.<\/p>\n<p>Un Pat\u00e9 acompa\u00f1ado de sello Ecol\u00f3gico el cual se convertir\u00e1 en forma diferente de consumir un producto\u00a0 delicioso y sano. Tanto para peque\u00f1os y mayores es una forma distinta de proporcionar a nuestro organismo este superalimento. Realizado con una grasa saludable, como lo es el Aceite e Oliva Virgen Extra.<\/p>\n<p>&nbsp;<\/p>\n<h2>USOS CULINARIOS<\/h2>\n<p>Nuestro Pat\u00e9 de Aceitunas Verdes Ecol\u00f3gico 900, nos abre un gran abanico de combinaciones a la hora de cocinar. Desde un simple snack, el cual podemos conseguir impregnando con este Pat\u00e9 unas tostas crujientes o unos chips de verdura. Asta el desayuno perfecto, untando este magn\u00edfico producto en pan tostado.<\/p>\n<p>Un complemento sabroso y saludable, el cual se convertir\u00e1 en el componente estrella de cualquier dieta. Sobre todo de la dieta Mediterr\u00e1nea. Ya que nuestro Pat\u00e9 de Aceitunas Verdes Ecol\u00f3gico es un derivado del Aceite de Oliva Virgen extra, un componente fundamental en este tipo de dietas.<\/p>\n<p>Este tipo de Pat\u00e9 encaja estupendamente en una dieta vegana, ya que no contiene ingredientes animales ni derivados de estos.<\/p>\n<p>&nbsp;<\/p>\n<h3>Ingredientes:<\/h3>\n<p>Pat\u00e9 de Aceitunas Verdes Ecol\u00f3gico 900 es una composici\u00f3n de: aceitunas verdes, aceite de oliva virgen extra, lim\u00f3n, ajo, tomillo y pimienta.<br \/>\nProcedentes de agricultura ecol\u00f3gica.<\/p>\n<h3><strong>Informaci\u00f3n nutricional:<\/strong><\/h3>\n<p>&nbsp;<\/p>\n<table style=\"height: 291px;\" width=\"448\">\n<tbody>\n<tr>\n<td colspan=\"3\" width=\"312\">Valor Nutricional por 100 g.<\/td>\n<\/tr>\n<tr>\n<td width=\"170\"><strong>Valor energ\u00e9tico <\/strong><\/td>\n<td width=\"76\">\n<p style=\"text-align: right;\">832,61 KJ<\/p>\n<\/td>\n<td width=\"66\">\n<p style=\"text-align: right;\">199 kcal<\/p>\n<\/td>\n<\/tr>\n<tr>\n<td width=\"170\"><strong>Grasas<\/strong><\/td>\n<td colspan=\"2\" width=\"142\">\n<p style=\"text-align: right;\">20 g<\/p>\n<\/td>\n<\/tr>\n<tr>\n<td width=\"170\"><strong>De las cuales saturadas<\/strong><\/td>\n<td colspan=\"2\" width=\"142\">\n<p style=\"text-align: right;\">3,7 g<\/p>\n<\/td>\n<\/tr>\n<tr>\n<td width=\"170\"><strong>Hidratos de carbono<\/strong><\/td>\n<td colspan=\"2\" width=\"142\">\n<p style=\"text-align: right;\">3,4 g<\/p>\n<\/td>\n<\/tr>\n<tr>\n<td width=\"170\"><strong>De los cuales az\u00facares<\/strong><\/td>\n<td colspan=\"2\" width=\"142\">\n<p style=\"text-align: right;\">0,0 g<\/p>\n<\/td>\n<\/tr>\n<tr>\n<td width=\"170\"><strong>Prote\u00edna<\/strong><\/td>\n<td colspan=\"2\" width=\"142\">\n<p style=\"text-align: right;\">1,3 g<\/p>\n<\/td>\n<\/tr>\n<tr>\n<td width=\"170\">\n<p style=\"text-align: left;\"><strong>Sal<\/strong><\/p>\n<\/td>\n<td colspan=\"2\" width=\"142\">\n<p style=\"text-align: right;\">2,7 g<\/p>\n<\/td>\n<\/tr>\n<\/tbody>\n<\/table>\n<p>&nbsp;<\/p>\n<h3>Sello Ecol\u00f3gico<\/h3>\n<figure id=\"attachment_2433\" aria-describedby=\"caption-attachment-2433\" style=\"width: 300px\" class=\"wp-caption alignnone\"><img loading=\"lazy\" decoding=\"async\" class=\"size-medium wp-image-2433\" src=\"https:\/\/www.aceitenovecientos.com\/wp-content\/uploads\/2016\/08\/etiquetalogohorizand-300x102.jpg\" alt=\"sello certificado CAAE ecol\u00f3gico Aceite de oliva virgen extra Novecientos\" width=\"300\" height=\"102\" srcset=\"https:\/\/www.aceitenovecientos.com\/wp-content\/uploads\/2016\/08\/etiquetalogohorizand-300x102.jpg 300w, https:\/\/www.aceitenovecientos.com\/wp-content\/uploads\/2016\/08\/etiquetalogohorizand-416x142.jpg 416w, https:\/\/www.aceitenovecientos.com\/wp-content\/uploads\/2016\/08\/etiquetalogohorizand-768x262.jpg 768w, https:\/\/www.aceitenovecientos.com\/wp-content\/uploads\/2016\/08\/etiquetalogohorizand-1024x349.jpg 1024w, https:\/\/www.aceitenovecientos.com\/wp-content\/uploads\/2016\/08\/etiquetalogohorizand-260x89.jpg 260w, https:\/\/www.aceitenovecientos.com\/wp-content\/uploads\/2016\/08\/etiquetalogohorizand-50x17.jpg 50w, https:\/\/www.aceitenovecientos.com\/wp-content\/uploads\/2016\/08\/etiquetalogohorizand-150x51.jpg 150w, https:\/\/www.aceitenovecientos.com\/wp-content\/uploads\/2016\/08\/etiquetalogohorizand.jpg 1340w\" sizes=\"auto, (max-width: 300px) 100vw, 300px\" \/><figcaption id=\"caption-attachment-2433\" class=\"wp-caption-text\">sello certificado CAAE ecol\u00f3gico Aceite de oliva virgen extra Novecientos<\/figcaption><\/figure>","protected":false},"excerpt":{"rendered":"<p>Our <strong>Pat\u00e9 de Aceitunas Verdes Ecol\u00f3gico 900<\/strong> una forma diferente y poco com\u00fan de consumir aceitunas.<\/p>\n<p>Tu paladar quedara maravillado con su textura ideal para untar. Sin olvidarnos de su sabor a la mejor combinaci\u00f3n de aceitunas verdes y el aroma que desprende, el cual consigue transportarnos a lo mas profundo de nuestros mejores olivares.<\/p>\n<p>Un producto Ecol\u00f3gico, saludable y delicioso a su vez<\/p>\n<p>Formato:<\/p>\n<p>Bote de cristal de 120 gr.<\/p>","protected":false},"featured_media":2650,"comment_status":"closed","ping_status":"closed","template":"","meta":[],"product_cat":[268],"product_tag":[142,11,500,498,501,499,287,12],"class_list":{"0":"post-2649","1":"product","2":"type-product","3":"status-publish","4":"has-post-thumbnail","6":"product_cat-productos-ecologicos","7":"product_tag-aceite-de-jaen","8":"product_tag-aceite-de-oliva","9":"product_tag-aceitunas-verdes","10":"product_tag-pate","11":"product_tag-pate-aceitunas","12":"product_tag-pate-ecologico","13":"product_tag-superalimento-en","14":"product_tag-virgen-extra","16":"first","17":"instock","18":"taxable","19":"shipping-taxable","20":"purchasable","21":"product-type-simple"},"yoast_head":"<!-- This site is optimized with the Yoast SEO plugin v24.1 - https:\/\/yoast.com\/wordpress\/plugins\/seo\/ -->\n<title>Pat\u00e9 de Aceitunas Verdes Ecol\u00f3gico 900 - Aceite Novecientos<\/title>\n<meta name=\"robots\" content=\"index, follow, max-snippet:-1, max-image-preview:large, max-video-preview:-1\" \/>\n<link rel=\"canonical\" href=\"https:\/\/www.aceitenovecientos.com\/en\/product\/pate-aceitunas-verdes-ecologico-900\/\" \/>\n<meta property=\"og:locale\" content=\"en_GB\" \/>\n<meta property=\"og:type\" content=\"article\" \/>\n<meta property=\"og:title\" content=\"Pat\u00e9 de Aceitunas Verdes Ecol\u00f3gico 900 - Aceite Novecientos\" \/>\n<meta property=\"og:description\" content=\"El Pat\u00e9 de Aceitunas Verdes Ecol\u00f3gico 900 una forma diferente y poco com\u00fan de consumir aceitunas.  Tu paladar quedara maravillado con su textura ideal para untar. Sin olvidarnos de su sabor a la mejor combinaci\u00f3n de aceitunas verdes y el aroma que desprende, el cual consigue transportarnos a lo mas profundo de nuestros mejores olivares.  Un producto Ecol\u00f3gico, saludable y delicioso a su vez  Formato:  Bote de cristal de 120 gr.\" \/>\n<meta property=\"og:url\" content=\"https:\/\/www.aceitenovecientos.com\/en\/product\/pate-aceitunas-verdes-ecologico-900\/\" \/>\n<meta property=\"og:site_name\" content=\"Aceite Novecientos\" \/>\n<meta property=\"article:publisher\" content=\"https:\/\/www.facebook.com\/aceitenovecientos\/\" \/>\n<meta property=\"article:modified_time\" content=\"2023-02-07T09:12:32+00:00\" \/>\n<meta property=\"og:image\" content=\"https:\/\/www.aceitenovecientos.com\/wp-content\/uploads\/2021\/10\/PATE-DE-ACEITUNAS-VERDES.jpg\" \/>\n\t<meta property=\"og:image:width\" content=\"700\" \/>\n\t<meta property=\"og:image:height\" content=\"700\" \/>\n\t<meta property=\"og:image:type\" content=\"image\/jpeg\" \/>\n<meta name=\"twitter:card\" content=\"summary_large_image\" \/>\n<meta name=\"twitter:label1\" content=\"Estimated reading time\" \/>\n\t<meta name=\"twitter:data1\" content=\"2 minutes\" \/>\n<script type=\"application\/ld+json\" class=\"yoast-schema-graph\">{\"@context\":\"https:\/\/schema.org\",\"@graph\":[{\"@type\":\"WebPage\",\"@id\":\"https:\/\/www.aceitenovecientos.com\/producto\/pate-aceitunas-verdes-ecologico-900\/\",\"url\":\"https:\/\/www.aceitenovecientos.com\/producto\/pate-aceitunas-verdes-ecologico-900\/\",\"name\":\"Pat\u00e9 de Aceitunas Verdes Ecol\u00f3gico 900 - Aceite Novecientos\",\"isPartOf\":{\"@id\":\"https:\/\/www.aceitenovecientos.com\/#website\"},\"primaryImageOfPage\":{\"@id\":\"https:\/\/www.aceitenovecientos.com\/producto\/pate-aceitunas-verdes-ecologico-900\/#primaryimage\"},\"image\":{\"@id\":\"https:\/\/www.aceitenovecientos.com\/producto\/pate-aceitunas-verdes-ecologico-900\/#primaryimage\"},\"thumbnailUrl\":\"https:\/\/www.aceitenovecientos.com\/wp-content\/uploads\/2021\/10\/PATE-DE-ACEITUNAS-VERDES.jpg\",\"datePublished\":\"2021-10-01T07:31:47+00:00\",\"dateModified\":\"2023-02-07T09:12:32+00:00\",\"breadcrumb\":{\"@id\":\"https:\/\/www.aceitenovecientos.com\/producto\/pate-aceitunas-verdes-ecologico-900\/#breadcrumb\"},\"inLanguage\":\"en-GB\",\"potentialAction\":[{\"@type\":\"ReadAction\",\"target\":[\"https:\/\/www.aceitenovecientos.com\/producto\/pate-aceitunas-verdes-ecologico-900\/\"]}]},{\"@type\":\"ImageObject\",\"inLanguage\":\"en-GB\",\"@id\":\"https:\/\/www.aceitenovecientos.com\/producto\/pate-aceitunas-verdes-ecologico-900\/#primaryimage\",\"url\":\"https:\/\/www.aceitenovecientos.com\/wp-content\/uploads\/2021\/10\/PATE-DE-ACEITUNAS-VERDES.jpg\",\"contentUrl\":\"https:\/\/www.aceitenovecientos.com\/wp-content\/uploads\/2021\/10\/PATE-DE-ACEITUNAS-VERDES.jpg\",\"width\":700,\"height\":700,\"caption\":\"P\u00e2t\u00e9 d'olives vertes\"},{\"@type\":\"BreadcrumbList\",\"@id\":\"https:\/\/www.aceitenovecientos.com\/producto\/pate-aceitunas-verdes-ecologico-900\/#breadcrumb\",\"itemListElement\":[{\"@type\":\"ListItem\",\"position\":1,\"name\":\"Portada\",\"item\":\"https:\/\/www.aceitenovecientos.com\/\"},{\"@type\":\"ListItem\",\"position\":2,\"name\":\"Cat\u00e1logo\",\"item\":\"https:\/\/www.aceitenovecientos.com\/shop\/\"},{\"@type\":\"ListItem\",\"position\":3,\"name\":\"Pat\u00e9 de Aceitunas Verdes Ecol\u00f3gico 900\"}]},{\"@type\":\"WebSite\",\"@id\":\"https:\/\/www.aceitenovecientos.com\/#website\",\"url\":\"https:\/\/www.aceitenovecientos.com\/\",\"name\":\"Aceite Novecientos\",\"description\":\"Aceite de Oliva de Ja\u00e9n\",\"publisher\":{\"@id\":\"https:\/\/www.aceitenovecientos.com\/#organization\"},\"potentialAction\":[{\"@type\":\"SearchAction\",\"target\":{\"@type\":\"EntryPoint\",\"urlTemplate\":\"https:\/\/www.aceitenovecientos.com\/?s={search_term_string}\"},\"query-input\":{\"@type\":\"PropertyValueSpecification\",\"valueRequired\":true,\"valueName\":\"search_term_string\"}}],\"inLanguage\":\"en-GB\"},{\"@type\":\"Organization\",\"@id\":\"https:\/\/www.aceitenovecientos.com\/#organization\",\"name\":\"Aceite Novecientos\",\"url\":\"https:\/\/www.aceitenovecientos.com\/\",\"logo\":{\"@type\":\"ImageObject\",\"inLanguage\":\"en-GB\",\"@id\":\"https:\/\/www.aceitenovecientos.com\/#\/schema\/logo\/image\/\",\"url\":\"https:\/\/www.aceitenovecientos.com\/wp-content\/uploads\/2021\/12\/logo900-head.webp\",\"contentUrl\":\"https:\/\/www.aceitenovecientos.com\/wp-content\/uploads\/2021\/12\/logo900-head.webp\",\"width\":470,\"height\":110,\"caption\":\"Aceite Novecientos\"},\"image\":{\"@id\":\"https:\/\/www.aceitenovecientos.com\/#\/schema\/logo\/image\/\"},\"sameAs\":[\"https:\/\/www.facebook.com\/aceitenovecientos\/\"]}]}<\/script>\n<!-- \/ Yoast SEO plugin. -->","yoast_head_json":{"title":"Pat\u00e9 de Aceitunas Verdes Ecol\u00f3gico 900 - Aceite Novecientos","robots":{"index":"index","follow":"follow","max-snippet":"max-snippet:-1","max-image-preview":"max-image-preview:large","max-video-preview":"max-video-preview:-1"},"canonical":"https:\/\/www.aceitenovecientos.com\/en\/product\/pate-aceitunas-verdes-ecologico-900\/","og_locale":"en_GB","og_type":"article","og_title":"Pat\u00e9 de Aceitunas Verdes Ecol\u00f3gico 900 - Aceite Novecientos","og_description":"El Pat\u00e9 de Aceitunas Verdes Ecol\u00f3gico 900 una forma diferente y poco com\u00fan de consumir aceitunas.  Tu paladar quedara maravillado con su textura ideal para untar. Sin olvidarnos de su sabor a la mejor combinaci\u00f3n de aceitunas verdes y el aroma que desprende, el cual consigue transportarnos a lo mas profundo de nuestros mejores olivares.  Un producto Ecol\u00f3gico, saludable y delicioso a su vez  Formato:  Bote de cristal de 120 gr.","og_url":"https:\/\/www.aceitenovecientos.com\/en\/product\/pate-aceitunas-verdes-ecologico-900\/","og_site_name":"Aceite Novecientos","article_publisher":"https:\/\/www.facebook.com\/aceitenovecientos\/","article_modified_time":"2023-02-07T09:12:32+00:00","og_image":[{"width":700,"height":700,"url":"https:\/\/www.aceitenovecientos.com\/wp-content\/uploads\/2021\/10\/PATE-DE-ACEITUNAS-VERDES.jpg","type":"image\/jpeg"}],"twitter_card":"summary_large_image","twitter_misc":{"Estimated reading time":"2 minutes"},"schema":{"@context":"https:\/\/schema.org","@graph":[{"@type":"WebPage","@id":"https:\/\/www.aceitenovecientos.com\/producto\/pate-aceitunas-verdes-ecologico-900\/","url":"https:\/\/www.aceitenovecientos.com\/producto\/pate-aceitunas-verdes-ecologico-900\/","name":"Pat\u00e9 de Aceitunas Verdes Ecol\u00f3gico 900 - Aceite Novecientos","isPartOf":{"@id":"https:\/\/www.aceitenovecientos.com\/#website"},"primaryImageOfPage":{"@id":"https:\/\/www.aceitenovecientos.com\/producto\/pate-aceitunas-verdes-ecologico-900\/#primaryimage"},"image":{"@id":"https:\/\/www.aceitenovecientos.com\/producto\/pate-aceitunas-verdes-ecologico-900\/#primaryimage"},"thumbnailUrl":"https:\/\/www.aceitenovecientos.com\/wp-content\/uploads\/2021\/10\/PATE-DE-ACEITUNAS-VERDES.jpg","datePublished":"2021-10-01T07:31:47+00:00","dateModified":"2023-02-07T09:12:32+00:00","breadcrumb":{"@id":"https:\/\/www.aceitenovecientos.com\/producto\/pate-aceitunas-verdes-ecologico-900\/#breadcrumb"},"inLanguage":"en-GB","potentialAction":[{"@type":"ReadAction","target":["https:\/\/www.aceitenovecientos.com\/producto\/pate-aceitunas-verdes-ecologico-900\/"]}]},{"@type":"ImageObject","inLanguage":"en-GB","@id":"https:\/\/www.aceitenovecientos.com\/producto\/pate-aceitunas-verdes-ecologico-900\/#primaryimage","url":"https:\/\/www.aceitenovecientos.com\/wp-content\/uploads\/2021\/10\/PATE-DE-ACEITUNAS-VERDES.jpg","contentUrl":"https:\/\/www.aceitenovecientos.com\/wp-content\/uploads\/2021\/10\/PATE-DE-ACEITUNAS-VERDES.jpg","width":700,"height":700,"caption":"P\u00e2t\u00e9 d'olives vertes"},{"@type":"BreadcrumbList","@id":"https:\/\/www.aceitenovecientos.com\/producto\/pate-aceitunas-verdes-ecologico-900\/#breadcrumb","itemListElement":[{"@type":"ListItem","position":1,"name":"Portada","item":"https:\/\/www.aceitenovecientos.com\/"},{"@type":"ListItem","position":2,"name":"Cat\u00e1logo","item":"https:\/\/www.aceitenovecientos.com\/shop\/"},{"@type":"ListItem","position":3,"name":"Pat\u00e9 de Aceitunas Verdes Ecol\u00f3gico 900"}]},{"@type":"WebSite","@id":"https:\/\/www.aceitenovecientos.com\/#website","url":"https:\/\/www.aceitenovecientos.com\/","name":"Aceite Novecientos","description":"Aceite de Oliva de Ja\u00e9n","publisher":{"@id":"https:\/\/www.aceitenovecientos.com\/#organization"},"potentialAction":[{"@type":"SearchAction","target":{"@type":"EntryPoint","urlTemplate":"https:\/\/www.aceitenovecientos.com\/?s={search_term_string}"},"query-input":{"@type":"PropertyValueSpecification","valueRequired":true,"valueName":"search_term_string"}}],"inLanguage":"en-GB"},{"@type":"Organization","@id":"https:\/\/www.aceitenovecientos.com\/#organization","name":"Aceite Novecientos","url":"https:\/\/www.aceitenovecientos.com\/","logo":{"@type":"ImageObject","inLanguage":"en-GB","@id":"https:\/\/www.aceitenovecientos.com\/#\/schema\/logo\/image\/","url":"https:\/\/www.aceitenovecientos.com\/wp-content\/uploads\/2021\/12\/logo900-head.webp","contentUrl":"https:\/\/www.aceitenovecientos.com\/wp-content\/uploads\/2021\/12\/logo900-head.webp","width":470,"height":110,"caption":"Aceite Novecientos"},"image":{"@id":"https:\/\/www.aceitenovecientos.com\/#\/schema\/logo\/image\/"},"sameAs":["https:\/\/www.facebook.com\/aceitenovecientos\/"]}]}},"_links":{"self":[{"href":"https:\/\/www.aceitenovecientos.com\/en\/wp-json\/wp\/v2\/product\/2649","targetHints":{"allow":["GET"]}}],"collection":[{"href":"https:\/\/www.aceitenovecientos.com\/en\/wp-json\/wp\/v2\/product"}],"about":[{"href":"https:\/\/www.aceitenovecientos.com\/en\/wp-json\/wp\/v2\/types\/product"}],"replies":[{"embeddable":true,"href":"https:\/\/www.aceitenovecientos.com\/en\/wp-json\/wp\/v2\/comments?post=2649"}],"wp:featuredmedia":[{"embeddable":true,"href":"https:\/\/www.aceitenovecientos.com\/en\/wp-json\/wp\/v2\/media\/2650"}],"wp:attachment":[{"href":"https:\/\/www.aceitenovecientos.com\/en\/wp-json\/wp\/v2\/media?parent=2649"}],"wp:term":[{"taxonomy":"product_cat","embeddable":true,"href":"https:\/\/www.aceitenovecientos.com\/en\/wp-json\/wp\/v2\/product_cat?post=2649"},{"taxonomy":"product_tag","embeddable":true,"href":"https:\/\/www.aceitenovecientos.com\/en\/wp-json\/wp\/v2\/product_tag?post=2649"}],"curies":[{"name":"wp","href":"https:\/\/api.w.org\/{rel}","templated":true}]}}