{"id":2613,"date":"2021-09-08T09:50:13","date_gmt":"2021-09-08T09:50:13","guid":{"rendered":"https:\/\/www.aceitenovecientos.com\/?post_type=product&#038;p=2613"},"modified":"2023-11-07T14:19:18","modified_gmt":"2023-11-07T13:19:18","slug":"aceite-oliva-virgen-extra-aroma-oriental-900-copia","status":"publish","type":"product","link":"https:\/\/www.aceitenovecientos.com\/en\/product\/aceite-oliva-virgen-extra-aroma-oriental-900-copia\/","title":{"rendered":"Aceite de Oliva Virgen Extra aroma Oriental 900"},"content":{"rendered":"<h2>Aceite de Oliva Sabor Oriental<\/h2>\n<p>Condimento de\u00a0<b>aceite de oliva Oriental. Aceite de oliva virgen extra.<\/b><\/p>\n<p>Cuando pensamos en los sabores que nos recuerdan a la cocina tradicional oriental nos vienen a la mente el jengibre, la c\u00farcuma, la canela&#8230;&#8230;&#8230;. Lo que hemos hecho en 900 es reunir en nuestro aceite de oliva virgen extra infusionado oriental, los aromas que nos evocan estos recuerdos. Por ese motivo hemos seleccionado la canela como especia que aunque en la cocina mediterr\u00e1nea es m\u00e1s utilizada para platos dulces, en la cocina oriental no puede faltar en platos salados. El jengibre con su caracter\u00edstico picante, imprescindible en cocina oriental y que marida a la perfecci\u00f3n con carnes y pescados. Adem\u00e1s de beneficiarse de sus propiedades como alimento saludable.\u00a0 El comino que aporta su inconfundible sabor y que ha tenido una gran importancia hist\u00f3rica en el comercio de especias. Y por \u00faltimo y trat\u00e1ndose de aromas orientales no falta la c\u00farcuma, especia tradicional en su cocina e gran evocadora de sus sabores.<\/p>\n<h3><strong>Conservaci\u00f3n<\/strong><\/h3>\n<p>Conservar en lugar fresco y seco. Preservar de la luz y del exceso de calor. Aunque el envase ideal debe ser opaco para protegerlo de la fotoxidaci\u00f3n, si se adquiere en envase transparente, es aconsejable guardarlo dentro de un armario de cocina o trastero, as\u00ed mantendr\u00e1 todas sus propiedades durante muchos meses.<\/p>\n<h3><strong>Usos culinarios y maridaje<\/strong><\/h3>\n<p>Nuestro Aceite aromatizado sabor Mediterr\u00e1neo es el ali\u00f1o y maceraci\u00f3n perfecto para cualquier tipo de carne (especialmente de aves) o arroces. La combinaci\u00f3n para cualquier tipo de pasta.<\/p>\n<p>Otra opci\u00f3n para el uso de este aceite aromatizado tan peculiar es como aromatizador de verduras o legumbre. Tambi\u00e9n puedes sorprender a tus comensales us\u00e1ndolo como dase de salsas en cualquier plato elaborado.<\/p>\n<p>&nbsp;<\/p>\n<p>&nbsp;<\/p>\n<p><a href=\"http:\/\/www.aceitenovecientos.com\/wp-content\/uploads\/2016\/10\/maridajes.pdf\" target=\"_blank\" rel=\"noopener noreferrer\"><span class=\"boton\">Ver Documento<\/span><\/a><\/p>\n<p><b>Mas datos sobre Aromatizado Oriental 900:<\/b><\/p>\n<p><strong>Ingredientes: <\/strong>Aceite de Oliva Virgen Extra combinado con sabor jengibre, comino, canela y c\u00farcuma.<\/p>\n<p><img loading=\"lazy\" decoding=\"async\" class=\"alignnone size-full wp-image-2531\" src=\"https:\/\/www.aceitenovecientos.com\/wp-content\/uploads\/2016\/08\/Captura-tabla.png\" alt=\"\" width=\"584\" height=\"260\" srcset=\"https:\/\/www.aceitenovecientos.com\/wp-content\/uploads\/2016\/08\/Captura-tabla.png 584w, https:\/\/www.aceitenovecientos.com\/wp-content\/uploads\/2016\/08\/Captura-tabla-416x185.png 416w, https:\/\/www.aceitenovecientos.com\/wp-content\/uploads\/2016\/08\/Captura-tabla-300x134.png 300w, https:\/\/www.aceitenovecientos.com\/wp-content\/uploads\/2016\/08\/Captura-tabla-260x116.png 260w, https:\/\/www.aceitenovecientos.com\/wp-content\/uploads\/2016\/08\/Captura-tabla-50x22.png 50w, https:\/\/www.aceitenovecientos.com\/wp-content\/uploads\/2016\/08\/Captura-tabla-150x67.png 150w\" sizes=\"auto, (max-width: 584px) 100vw, 584px\" \/><\/p>","protected":false},"excerpt":{"rendered":"<p>Condimento de aceite de oliva virgen extra con<b> aroma Oriental<\/b>. Una forma original de tomar un alimento tradicional y saludable.<\/p>\n<p>Nuestro aromas sabor Oriental es uno de los componentes de nuestra gama Sabores del MUNDO.\u00a0 Este excepcional aceite aromatizado es la fusi\u00f3n ingredientes tales como jengibre, comino, canela y c\u00farcuma.. Los cuales se combinan con un maravilloso Aceite de Oliva virgen extra. Consiguiendo as\u00ed nuestro ACEITE DE OLIVA VIRGEN EXTRA 900 ORIENTAL.<\/p>\n<p>Un sabor muy peculiar, con el que tus sentidos se transportaran a Oriente.<\/p>\n<p>&nbsp;<\/p>","protected":false},"featured_media":2632,"comment_status":"open","ping_status":"closed","template":"","meta":[],"product_cat":[179,8],"product_tag":[11,25,15,12],"class_list":{"0":"post-2613","1":"product","2":"type-product","3":"status-publish","4":"has-post-thumbnail","6":"product_cat-aceite-de-oliva-aromatizado","7":"product_cat-aceite-de-oliva-virgen-extra","8":"product_tag-aceite-de-oliva","9":"product_tag-aceite-sabor-jamon-serrano","10":"product_tag-aceite-saborizado","11":"product_tag-virgen-extra","13":"first","14":"instock","15":"taxable","16":"shipping-taxable","17":"purchasable","18":"product-type-variable"},"yoast_head":"<!-- This site is optimized with the Yoast SEO plugin v24.1 - https:\/\/yoast.com\/wordpress\/plugins\/seo\/ -->\n<title>Aceite de Oliva Sabor Jam\u00f3n Serrano. Aceite Gourmet - Aceite900<\/title>\n<meta name=\"description\" content=\"el aceite de oliva sabor jam\u00f3n es un Condimento de aceite de oliva virgen extra aromatizado con jam\u00f3n serrano. Un aceite muy saludable.\" \/>\n<meta name=\"robots\" content=\"index, follow, max-snippet:-1, max-image-preview:large, max-video-preview:-1\" \/>\n<link rel=\"canonical\" href=\"https:\/\/www.aceitenovecientos.com\/en\/product\/aceite-oliva-virgen-extra-aroma-oriental-900-copia\/\" \/>\n<meta property=\"og:locale\" content=\"en_GB\" \/>\n<meta property=\"og:type\" content=\"article\" \/>\n<meta property=\"og:title\" content=\"Aceite de Oliva Sabor Jam\u00f3n Serrano. Aceite Gourmet - Aceite900\" \/>\n<meta property=\"og:description\" content=\"el aceite de oliva sabor jam\u00f3n es un Condimento de aceite de oliva virgen extra aromatizado con jam\u00f3n serrano. Un aceite muy saludable.\" \/>\n<meta property=\"og:url\" content=\"https:\/\/www.aceitenovecientos.com\/en\/product\/aceite-oliva-virgen-extra-aroma-oriental-900-copia\/\" \/>\n<meta property=\"og:site_name\" content=\"Aceite Novecientos\" \/>\n<meta property=\"article:publisher\" content=\"https:\/\/www.facebook.com\/aceitenovecientos\/\" \/>\n<meta property=\"article:modified_time\" content=\"2023-11-07T13:19:18+00:00\" \/>\n<meta property=\"og:image\" content=\"https:\/\/www.aceitenovecientos.com\/wp-content\/uploads\/2021\/09\/AROMA-ORIENTAL-250-ML.jpg\" \/>\n\t<meta property=\"og:image:width\" content=\"700\" \/>\n\t<meta property=\"og:image:height\" content=\"700\" \/>\n\t<meta property=\"og:image:type\" content=\"image\/jpeg\" \/>\n<meta name=\"twitter:card\" content=\"summary_large_image\" \/>\n<meta name=\"twitter:label1\" content=\"Estimated reading time\" \/>\n\t<meta name=\"twitter:data1\" content=\"2 minutes\" \/>\n<script type=\"application\/ld+json\" class=\"yoast-schema-graph\">{\"@context\":\"https:\/\/schema.org\",\"@graph\":[{\"@type\":\"WebPage\",\"@id\":\"https:\/\/www.aceitenovecientos.com\/producto\/aceite-oliva-virgen-extra-aroma-oriental-900-copia\/\",\"url\":\"https:\/\/www.aceitenovecientos.com\/producto\/aceite-oliva-virgen-extra-aroma-oriental-900-copia\/\",\"name\":\"Aceite de Oliva Sabor Jam\u00f3n Serrano. Aceite Gourmet - Aceite900\",\"isPartOf\":{\"@id\":\"https:\/\/www.aceitenovecientos.com\/#website\"},\"primaryImageOfPage\":{\"@id\":\"https:\/\/www.aceitenovecientos.com\/producto\/aceite-oliva-virgen-extra-aroma-oriental-900-copia\/#primaryimage\"},\"image\":{\"@id\":\"https:\/\/www.aceitenovecientos.com\/producto\/aceite-oliva-virgen-extra-aroma-oriental-900-copia\/#primaryimage\"},\"thumbnailUrl\":\"https:\/\/www.aceitenovecientos.com\/wp-content\/uploads\/2021\/09\/AROMA-ORIENTAL-250-ML.jpg\",\"datePublished\":\"2021-09-08T09:50:13+00:00\",\"dateModified\":\"2023-11-07T13:19:18+00:00\",\"description\":\"el aceite de oliva sabor jam\u00f3n es un Condimento de aceite de oliva virgen extra aromatizado con jam\u00f3n serrano. Un aceite muy saludable.\",\"breadcrumb\":{\"@id\":\"https:\/\/www.aceitenovecientos.com\/producto\/aceite-oliva-virgen-extra-aroma-oriental-900-copia\/#breadcrumb\"},\"inLanguage\":\"en-GB\",\"potentialAction\":[{\"@type\":\"ReadAction\",\"target\":[\"https:\/\/www.aceitenovecientos.com\/producto\/aceite-oliva-virgen-extra-aroma-oriental-900-copia\/\"]}]},{\"@type\":\"ImageObject\",\"inLanguage\":\"en-GB\",\"@id\":\"https:\/\/www.aceitenovecientos.com\/producto\/aceite-oliva-virgen-extra-aroma-oriental-900-copia\/#primaryimage\",\"url\":\"https:\/\/www.aceitenovecientos.com\/wp-content\/uploads\/2021\/09\/AROMA-ORIENTAL-250-ML.jpg\",\"contentUrl\":\"https:\/\/www.aceitenovecientos.com\/wp-content\/uploads\/2021\/09\/AROMA-ORIENTAL-250-ML.jpg\",\"width\":700,\"height\":700,\"caption\":\"saveur orientale\"},{\"@type\":\"BreadcrumbList\",\"@id\":\"https:\/\/www.aceitenovecientos.com\/producto\/aceite-oliva-virgen-extra-aroma-oriental-900-copia\/#breadcrumb\",\"itemListElement\":[{\"@type\":\"ListItem\",\"position\":1,\"name\":\"Portada\",\"item\":\"https:\/\/www.aceitenovecientos.com\/\"},{\"@type\":\"ListItem\",\"position\":2,\"name\":\"Cat\u00e1logo\",\"item\":\"https:\/\/www.aceitenovecientos.com\/shop\/\"},{\"@type\":\"ListItem\",\"position\":3,\"name\":\"Aceite de Oliva Virgen Extra aroma Oriental 900\"}]},{\"@type\":\"WebSite\",\"@id\":\"https:\/\/www.aceitenovecientos.com\/#website\",\"url\":\"https:\/\/www.aceitenovecientos.com\/\",\"name\":\"Aceite Novecientos\",\"description\":\"Aceite de Oliva de Ja\u00e9n\",\"publisher\":{\"@id\":\"https:\/\/www.aceitenovecientos.com\/#organization\"},\"potentialAction\":[{\"@type\":\"SearchAction\",\"target\":{\"@type\":\"EntryPoint\",\"urlTemplate\":\"https:\/\/www.aceitenovecientos.com\/?s={search_term_string}\"},\"query-input\":{\"@type\":\"PropertyValueSpecification\",\"valueRequired\":true,\"valueName\":\"search_term_string\"}}],\"inLanguage\":\"en-GB\"},{\"@type\":\"Organization\",\"@id\":\"https:\/\/www.aceitenovecientos.com\/#organization\",\"name\":\"Aceite Novecientos\",\"url\":\"https:\/\/www.aceitenovecientos.com\/\",\"logo\":{\"@type\":\"ImageObject\",\"inLanguage\":\"en-GB\",\"@id\":\"https:\/\/www.aceitenovecientos.com\/#\/schema\/logo\/image\/\",\"url\":\"https:\/\/www.aceitenovecientos.com\/wp-content\/uploads\/2021\/12\/logo900-head.webp\",\"contentUrl\":\"https:\/\/www.aceitenovecientos.com\/wp-content\/uploads\/2021\/12\/logo900-head.webp\",\"width\":470,\"height\":110,\"caption\":\"Aceite Novecientos\"},\"image\":{\"@id\":\"https:\/\/www.aceitenovecientos.com\/#\/schema\/logo\/image\/\"},\"sameAs\":[\"https:\/\/www.facebook.com\/aceitenovecientos\/\"]}]}<\/script>\n<!-- \/ Yoast SEO plugin. -->","yoast_head_json":{"title":"Aceite de Oliva Sabor Jam\u00f3n Serrano. Aceite Gourmet - Aceite900","description":"el aceite de oliva sabor jam\u00f3n es un Condimento de aceite de oliva virgen extra aromatizado con jam\u00f3n serrano. Un aceite muy saludable.","robots":{"index":"index","follow":"follow","max-snippet":"max-snippet:-1","max-image-preview":"max-image-preview:large","max-video-preview":"max-video-preview:-1"},"canonical":"https:\/\/www.aceitenovecientos.com\/en\/product\/aceite-oliva-virgen-extra-aroma-oriental-900-copia\/","og_locale":"en_GB","og_type":"article","og_title":"Aceite de Oliva Sabor Jam\u00f3n Serrano. Aceite Gourmet - Aceite900","og_description":"el aceite de oliva sabor jam\u00f3n es un Condimento de aceite de oliva virgen extra aromatizado con jam\u00f3n serrano. Un aceite muy saludable.","og_url":"https:\/\/www.aceitenovecientos.com\/en\/product\/aceite-oliva-virgen-extra-aroma-oriental-900-copia\/","og_site_name":"Aceite Novecientos","article_publisher":"https:\/\/www.facebook.com\/aceitenovecientos\/","article_modified_time":"2023-11-07T13:19:18+00:00","og_image":[{"width":700,"height":700,"url":"https:\/\/www.aceitenovecientos.com\/wp-content\/uploads\/2021\/09\/AROMA-ORIENTAL-250-ML.jpg","type":"image\/jpeg"}],"twitter_card":"summary_large_image","twitter_misc":{"Estimated reading time":"2 minutes"},"schema":{"@context":"https:\/\/schema.org","@graph":[{"@type":"WebPage","@id":"https:\/\/www.aceitenovecientos.com\/producto\/aceite-oliva-virgen-extra-aroma-oriental-900-copia\/","url":"https:\/\/www.aceitenovecientos.com\/producto\/aceite-oliva-virgen-extra-aroma-oriental-900-copia\/","name":"Aceite de Oliva Sabor Jam\u00f3n Serrano. Aceite Gourmet - Aceite900","isPartOf":{"@id":"https:\/\/www.aceitenovecientos.com\/#website"},"primaryImageOfPage":{"@id":"https:\/\/www.aceitenovecientos.com\/producto\/aceite-oliva-virgen-extra-aroma-oriental-900-copia\/#primaryimage"},"image":{"@id":"https:\/\/www.aceitenovecientos.com\/producto\/aceite-oliva-virgen-extra-aroma-oriental-900-copia\/#primaryimage"},"thumbnailUrl":"https:\/\/www.aceitenovecientos.com\/wp-content\/uploads\/2021\/09\/AROMA-ORIENTAL-250-ML.jpg","datePublished":"2021-09-08T09:50:13+00:00","dateModified":"2023-11-07T13:19:18+00:00","description":"el aceite de oliva sabor jam\u00f3n es un Condimento de aceite de oliva virgen extra aromatizado con jam\u00f3n serrano. Un aceite muy saludable.","breadcrumb":{"@id":"https:\/\/www.aceitenovecientos.com\/producto\/aceite-oliva-virgen-extra-aroma-oriental-900-copia\/#breadcrumb"},"inLanguage":"en-GB","potentialAction":[{"@type":"ReadAction","target":["https:\/\/www.aceitenovecientos.com\/producto\/aceite-oliva-virgen-extra-aroma-oriental-900-copia\/"]}]},{"@type":"ImageObject","inLanguage":"en-GB","@id":"https:\/\/www.aceitenovecientos.com\/producto\/aceite-oliva-virgen-extra-aroma-oriental-900-copia\/#primaryimage","url":"https:\/\/www.aceitenovecientos.com\/wp-content\/uploads\/2021\/09\/AROMA-ORIENTAL-250-ML.jpg","contentUrl":"https:\/\/www.aceitenovecientos.com\/wp-content\/uploads\/2021\/09\/AROMA-ORIENTAL-250-ML.jpg","width":700,"height":700,"caption":"saveur orientale"},{"@type":"BreadcrumbList","@id":"https:\/\/www.aceitenovecientos.com\/producto\/aceite-oliva-virgen-extra-aroma-oriental-900-copia\/#breadcrumb","itemListElement":[{"@type":"ListItem","position":1,"name":"Portada","item":"https:\/\/www.aceitenovecientos.com\/"},{"@type":"ListItem","position":2,"name":"Cat\u00e1logo","item":"https:\/\/www.aceitenovecientos.com\/shop\/"},{"@type":"ListItem","position":3,"name":"Aceite de Oliva Virgen Extra aroma Oriental 900"}]},{"@type":"WebSite","@id":"https:\/\/www.aceitenovecientos.com\/#website","url":"https:\/\/www.aceitenovecientos.com\/","name":"Aceite Novecientos","description":"Aceite de Oliva de Ja\u00e9n","publisher":{"@id":"https:\/\/www.aceitenovecientos.com\/#organization"},"potentialAction":[{"@type":"SearchAction","target":{"@type":"EntryPoint","urlTemplate":"https:\/\/www.aceitenovecientos.com\/?s={search_term_string}"},"query-input":{"@type":"PropertyValueSpecification","valueRequired":true,"valueName":"search_term_string"}}],"inLanguage":"en-GB"},{"@type":"Organization","@id":"https:\/\/www.aceitenovecientos.com\/#organization","name":"Aceite Novecientos","url":"https:\/\/www.aceitenovecientos.com\/","logo":{"@type":"ImageObject","inLanguage":"en-GB","@id":"https:\/\/www.aceitenovecientos.com\/#\/schema\/logo\/image\/","url":"https:\/\/www.aceitenovecientos.com\/wp-content\/uploads\/2021\/12\/logo900-head.webp","contentUrl":"https:\/\/www.aceitenovecientos.com\/wp-content\/uploads\/2021\/12\/logo900-head.webp","width":470,"height":110,"caption":"Aceite Novecientos"},"image":{"@id":"https:\/\/www.aceitenovecientos.com\/#\/schema\/logo\/image\/"},"sameAs":["https:\/\/www.facebook.com\/aceitenovecientos\/"]}]}},"_links":{"self":[{"href":"https:\/\/www.aceitenovecientos.com\/en\/wp-json\/wp\/v2\/product\/2613","targetHints":{"allow":["GET"]}}],"collection":[{"href":"https:\/\/www.aceitenovecientos.com\/en\/wp-json\/wp\/v2\/product"}],"about":[{"href":"https:\/\/www.aceitenovecientos.com\/en\/wp-json\/wp\/v2\/types\/product"}],"replies":[{"embeddable":true,"href":"https:\/\/www.aceitenovecientos.com\/en\/wp-json\/wp\/v2\/comments?post=2613"}],"wp:featuredmedia":[{"embeddable":true,"href":"https:\/\/www.aceitenovecientos.com\/en\/wp-json\/wp\/v2\/media\/2632"}],"wp:attachment":[{"href":"https:\/\/www.aceitenovecientos.com\/en\/wp-json\/wp\/v2\/media?parent=2613"}],"wp:term":[{"taxonomy":"product_cat","embeddable":true,"href":"https:\/\/www.aceitenovecientos.com\/en\/wp-json\/wp\/v2\/product_cat?post=2613"},{"taxonomy":"product_tag","embeddable":true,"href":"https:\/\/www.aceitenovecientos.com\/en\/wp-json\/wp\/v2\/product_tag?post=2613"}],"curies":[{"name":"wp","href":"https:\/\/api.w.org\/{rel}","templated":true}]}}