{"id":2604,"date":"2021-09-08T08:48:18","date_gmt":"2021-09-08T08:48:18","guid":{"rendered":"https:\/\/www.aceitenovecientos.com\/?post_type=product&#038;p=2604"},"modified":"2023-11-07T14:24:30","modified_gmt":"2023-11-07T13:24:30","slug":"aceite-oliva-virgen-extra-aroma-ecologico-limon-romero-900","status":"publish","type":"product","link":"https:\/\/www.aceitenovecientos.com\/en\/product\/aceite-oliva-virgen-extra-aroma-ecologico-limon-romero-900\/","title":{"rendered":"Aceite de Oliva Virgen Extra Ecol\u00f3gico con sabor Lim\u00f3n y Romero 900"},"content":{"rendered":"<h2>Aceite de Oliva Sabor Lim\u00f3n y Romero<\/h2>\n<p>Condimento de\u00a0<b>aceite de oliva\u00a0 Ecol\u00f3gico sabor Lim\u00f3n y Romero. Aceite virgen extra.<\/b><\/p>\n<p>Aceite aderezado con extractos de distintos sabores con caracter\u00edsticas especiales liposolubles. \u00a0El fin es obtener una gama de aceites de oliva virgen extra con los beneficios saludables de este, pero con un toque de originalidad. De este modo se hacen m\u00e1s apetecibles a cocineros que buscan sorprender con sabores interesantes a los comensales. Y tambi\u00e9n a comensales que por sus costumbres, no est\u00e1n familiarizados con el consumo de aceite de oliva. Estos sabores se convierten en un veh\u00edculo necesario para introducir el aceite de oliva virgen extra en consumidores que previamente no lo consum\u00edan. La gama de aromas es una representaci\u00f3n de sabores utilizados en diferentes puntos del mundo. Adem\u00e1s all\u00ed son utilizados para crear salsas, aderezos, condimentar ensaladas, platos fr\u00edos y carnes. As\u00ed como para la elaboraci\u00f3n de reposter\u00eda como bizcochos y galletas.<\/p>\n<h3><strong>Conservaci\u00f3n<\/strong><\/h3>\n<p>Conservar en lugar fresco y seco. Preservar de la luz y del exceso de calor. Aunque el envase ideal debe ser opaco para protegerlo de la fotoxidaci\u00f3n, si se adquiere en envase transparente, es aconsejable guardarlo dentro de un armario de cocina o trastero, as\u00ed mantendr\u00e1 todas sus propiedades durante muchos meses.<\/p>\n<h3><strong>Usos culinarios y maridaje<\/strong><\/h3>\n<p>Nuestro Aceite aromatizado sabor lim\u00f3n y tomillo es el aderezo y maceraci\u00f3n perfecto para cualquier tipo de de carnes: aves,\u00a0 vacuno, ovino, cerdo, entre otras.<\/p>\n<p>Otra opci\u00f3n para el uso de este aceite aromatizado tan peculiar es como\u00a0 condimento para ensaladas y verduras cocidas o asadas. Tambi\u00e9n puedes sorprender a tus comensales us\u00e1ndolo como dase de salsas en cualquier plato elaborado<\/p>\n<p><a href=\"http:\/\/www.aceitenovecientos.com\/wp-content\/uploads\/2016\/10\/maridajes.pdf\" target=\"_blank\" rel=\"noopener noreferrer\"><span class=\"boton\">Ver Documento<\/span><\/a><\/p>\n<p><b>Mas datos sobre Aromatizado Ecol\u00f3gico Lim\u00f3n y Romero 900:<\/b><\/p>\n<p><strong>Ingredientes: <\/strong>Aceite de Oliva Virgen Extra Ecol\u00f3gico\u00a0 Sabor Lim\u00f3n y Romero.<\/p>\n<p><img loading=\"lazy\" decoding=\"async\" class=\"alignnone size-full wp-image-2531\" src=\"https:\/\/www.aceitenovecientos.com\/wp-content\/uploads\/2016\/08\/Captura-tabla.png\" alt=\"\" width=\"584\" height=\"260\" srcset=\"https:\/\/www.aceitenovecientos.com\/wp-content\/uploads\/2016\/08\/Captura-tabla.png 584w, https:\/\/www.aceitenovecientos.com\/wp-content\/uploads\/2016\/08\/Captura-tabla-416x185.png 416w, https:\/\/www.aceitenovecientos.com\/wp-content\/uploads\/2016\/08\/Captura-tabla-300x134.png 300w, https:\/\/www.aceitenovecientos.com\/wp-content\/uploads\/2016\/08\/Captura-tabla-260x116.png 260w, https:\/\/www.aceitenovecientos.com\/wp-content\/uploads\/2016\/08\/Captura-tabla-50x22.png 50w, https:\/\/www.aceitenovecientos.com\/wp-content\/uploads\/2016\/08\/Captura-tabla-150x67.png 150w\" sizes=\"auto, (max-width: 584px) 100vw, 584px\" \/><\/p>","protected":false},"excerpt":{"rendered":"<p>Condimento de<strong> aceite de oliva virgen extra ecol\u00f3gico con<\/strong><b> aroma de Lim\u00f3n y Romero<\/b>. Una forma original de tomar un alimento tradicional y saludable.<\/p>\n<p>La combinaci\u00f3n perfecta entre el sabor fresco del Romero y el c\u00edtrico que caracteriza al lim\u00f3n. Con ellos conseguimos un maravilloso ACEITE DE OLIVA VIRGEN EXTRA ECOLOGICO 900 LIM\u00d3N Y ROMERO.<\/p>\n<p>Esta combinaci\u00f3n abre un amplio abanico de posibilidades a la hora de cocinar tanto carnes o pescados. Consigue un toque diferente al preparar tus platos con esta peculiar combinaci\u00f3n fusionada con un excelente AOVE ecol\u00f3gico.<\/p>\n<p>&nbsp;<\/p>\n<p>&nbsp;<\/p>","protected":false},"featured_media":2629,"comment_status":"open","ping_status":"closed","template":"","meta":[],"product_cat":[179,8,268],"product_tag":[11,25,15,12],"class_list":{"0":"post-2604","1":"product","2":"type-product","3":"status-publish","4":"has-post-thumbnail","6":"product_cat-aceite-de-oliva-aromatizado","7":"product_cat-aceite-de-oliva-virgen-extra","8":"product_cat-productos-ecologicos","9":"product_tag-aceite-de-oliva","10":"product_tag-aceite-sabor-jamon-serrano","11":"product_tag-aceite-saborizado","12":"product_tag-virgen-extra","14":"first","15":"instock","16":"taxable","17":"shipping-taxable","18":"purchasable","19":"product-type-variable"},"yoast_head":"<!-- This site is optimized with the Yoast SEO plugin v24.1 - https:\/\/yoast.com\/wordpress\/plugins\/seo\/ -->\n<title>Aceite de Oliva Sabor Jam\u00f3n Serrano. Aceite Gourmet - Aceite900<\/title>\n<meta name=\"description\" content=\"el aceite de oliva sabor jam\u00f3n es un Condimento de aceite de oliva virgen extra aromatizado con jam\u00f3n serrano. Un aceite muy saludable.\" \/>\n<meta name=\"robots\" content=\"index, follow, max-snippet:-1, max-image-preview:large, max-video-preview:-1\" \/>\n<link rel=\"canonical\" href=\"https:\/\/www.aceitenovecientos.com\/en\/product\/aceite-oliva-virgen-extra-aroma-ecologico-limon-romero-900\/\" \/>\n<meta property=\"og:locale\" content=\"en_GB\" \/>\n<meta property=\"og:type\" content=\"article\" \/>\n<meta property=\"og:title\" content=\"Aceite de Oliva Sabor Jam\u00f3n Serrano. Aceite Gourmet - Aceite900\" \/>\n<meta property=\"og:description\" content=\"el aceite de oliva sabor jam\u00f3n es un Condimento de aceite de oliva virgen extra aromatizado con jam\u00f3n serrano. Un aceite muy saludable.\" \/>\n<meta property=\"og:url\" content=\"https:\/\/www.aceitenovecientos.com\/en\/product\/aceite-oliva-virgen-extra-aroma-ecologico-limon-romero-900\/\" \/>\n<meta property=\"og:site_name\" content=\"Aceite Novecientos\" \/>\n<meta property=\"article:publisher\" content=\"https:\/\/www.facebook.com\/aceitenovecientos\/\" \/>\n<meta property=\"article:modified_time\" content=\"2023-11-07T13:24:30+00:00\" \/>\n<meta property=\"og:image\" content=\"https:\/\/www.aceitenovecientos.com\/wp-content\/uploads\/2021\/09\/AROMA-ROMERO-Y-LIMON-ECO-250-ML.jpg\" \/>\n\t<meta property=\"og:image:width\" content=\"700\" \/>\n\t<meta property=\"og:image:height\" content=\"700\" \/>\n\t<meta property=\"og:image:type\" content=\"image\/jpeg\" \/>\n<meta name=\"twitter:card\" content=\"summary_large_image\" \/>\n<meta name=\"twitter:label1\" content=\"Estimated reading time\" \/>\n\t<meta name=\"twitter:data1\" content=\"2 minutes\" \/>\n<script type=\"application\/ld+json\" class=\"yoast-schema-graph\">{\"@context\":\"https:\/\/schema.org\",\"@graph\":[{\"@type\":\"WebPage\",\"@id\":\"https:\/\/www.aceitenovecientos.com\/producto\/aceite-oliva-virgen-extra-aroma-ecologico-limon-romero-900\/\",\"url\":\"https:\/\/www.aceitenovecientos.com\/producto\/aceite-oliva-virgen-extra-aroma-ecologico-limon-romero-900\/\",\"name\":\"Aceite de Oliva Sabor Jam\u00f3n Serrano. Aceite Gourmet - Aceite900\",\"isPartOf\":{\"@id\":\"https:\/\/www.aceitenovecientos.com\/#website\"},\"primaryImageOfPage\":{\"@id\":\"https:\/\/www.aceitenovecientos.com\/producto\/aceite-oliva-virgen-extra-aroma-ecologico-limon-romero-900\/#primaryimage\"},\"image\":{\"@id\":\"https:\/\/www.aceitenovecientos.com\/producto\/aceite-oliva-virgen-extra-aroma-ecologico-limon-romero-900\/#primaryimage\"},\"thumbnailUrl\":\"https:\/\/www.aceitenovecientos.com\/wp-content\/uploads\/2021\/09\/AROMA-ROMERO-Y-LIMON-ECO-250-ML.jpg\",\"datePublished\":\"2021-09-08T08:48:18+00:00\",\"dateModified\":\"2023-11-07T13:24:30+00:00\",\"description\":\"el aceite de oliva sabor jam\u00f3n es un Condimento de aceite de oliva virgen extra aromatizado con jam\u00f3n serrano. Un aceite muy saludable.\",\"breadcrumb\":{\"@id\":\"https:\/\/www.aceitenovecientos.com\/producto\/aceite-oliva-virgen-extra-aroma-ecologico-limon-romero-900\/#breadcrumb\"},\"inLanguage\":\"en-GB\",\"potentialAction\":[{\"@type\":\"ReadAction\",\"target\":[\"https:\/\/www.aceitenovecientos.com\/producto\/aceite-oliva-virgen-extra-aroma-ecologico-limon-romero-900\/\"]}]},{\"@type\":\"ImageObject\",\"inLanguage\":\"en-GB\",\"@id\":\"https:\/\/www.aceitenovecientos.com\/producto\/aceite-oliva-virgen-extra-aroma-ecologico-limon-romero-900\/#primaryimage\",\"url\":\"https:\/\/www.aceitenovecientos.com\/wp-content\/uploads\/2021\/09\/AROMA-ROMERO-Y-LIMON-ECO-250-ML.jpg\",\"contentUrl\":\"https:\/\/www.aceitenovecientos.com\/wp-content\/uploads\/2021\/09\/AROMA-ROMERO-Y-LIMON-ECO-250-ML.jpg\",\"width\":700,\"height\":700,\"caption\":\"ARME ROMARIN ET CITRON\"},{\"@type\":\"BreadcrumbList\",\"@id\":\"https:\/\/www.aceitenovecientos.com\/producto\/aceite-oliva-virgen-extra-aroma-ecologico-limon-romero-900\/#breadcrumb\",\"itemListElement\":[{\"@type\":\"ListItem\",\"position\":1,\"name\":\"Portada\",\"item\":\"https:\/\/www.aceitenovecientos.com\/\"},{\"@type\":\"ListItem\",\"position\":2,\"name\":\"Cat\u00e1logo\",\"item\":\"https:\/\/www.aceitenovecientos.com\/shop\/\"},{\"@type\":\"ListItem\",\"position\":3,\"name\":\"Aceite de Oliva Virgen Extra Ecol\u00f3gico con sabor Lim\u00f3n y Romero 900\"}]},{\"@type\":\"WebSite\",\"@id\":\"https:\/\/www.aceitenovecientos.com\/#website\",\"url\":\"https:\/\/www.aceitenovecientos.com\/\",\"name\":\"Aceite Novecientos\",\"description\":\"Aceite de Oliva de Ja\u00e9n\",\"publisher\":{\"@id\":\"https:\/\/www.aceitenovecientos.com\/#organization\"},\"potentialAction\":[{\"@type\":\"SearchAction\",\"target\":{\"@type\":\"EntryPoint\",\"urlTemplate\":\"https:\/\/www.aceitenovecientos.com\/?s={search_term_string}\"},\"query-input\":{\"@type\":\"PropertyValueSpecification\",\"valueRequired\":true,\"valueName\":\"search_term_string\"}}],\"inLanguage\":\"en-GB\"},{\"@type\":\"Organization\",\"@id\":\"https:\/\/www.aceitenovecientos.com\/#organization\",\"name\":\"Aceite Novecientos\",\"url\":\"https:\/\/www.aceitenovecientos.com\/\",\"logo\":{\"@type\":\"ImageObject\",\"inLanguage\":\"en-GB\",\"@id\":\"https:\/\/www.aceitenovecientos.com\/#\/schema\/logo\/image\/\",\"url\":\"https:\/\/www.aceitenovecientos.com\/wp-content\/uploads\/2021\/12\/logo900-head.webp\",\"contentUrl\":\"https:\/\/www.aceitenovecientos.com\/wp-content\/uploads\/2021\/12\/logo900-head.webp\",\"width\":470,\"height\":110,\"caption\":\"Aceite Novecientos\"},\"image\":{\"@id\":\"https:\/\/www.aceitenovecientos.com\/#\/schema\/logo\/image\/\"},\"sameAs\":[\"https:\/\/www.facebook.com\/aceitenovecientos\/\"]}]}<\/script>\n<!-- \/ Yoast SEO plugin. -->","yoast_head_json":{"title":"Aceite de Oliva Sabor Jam\u00f3n Serrano. Aceite Gourmet - Aceite900","description":"el aceite de oliva sabor jam\u00f3n es un Condimento de aceite de oliva virgen extra aromatizado con jam\u00f3n serrano. Un aceite muy saludable.","robots":{"index":"index","follow":"follow","max-snippet":"max-snippet:-1","max-image-preview":"max-image-preview:large","max-video-preview":"max-video-preview:-1"},"canonical":"https:\/\/www.aceitenovecientos.com\/en\/product\/aceite-oliva-virgen-extra-aroma-ecologico-limon-romero-900\/","og_locale":"en_GB","og_type":"article","og_title":"Aceite de Oliva Sabor Jam\u00f3n Serrano. Aceite Gourmet - Aceite900","og_description":"el aceite de oliva sabor jam\u00f3n es un Condimento de aceite de oliva virgen extra aromatizado con jam\u00f3n serrano. Un aceite muy saludable.","og_url":"https:\/\/www.aceitenovecientos.com\/en\/product\/aceite-oliva-virgen-extra-aroma-ecologico-limon-romero-900\/","og_site_name":"Aceite Novecientos","article_publisher":"https:\/\/www.facebook.com\/aceitenovecientos\/","article_modified_time":"2023-11-07T13:24:30+00:00","og_image":[{"width":700,"height":700,"url":"https:\/\/www.aceitenovecientos.com\/wp-content\/uploads\/2021\/09\/AROMA-ROMERO-Y-LIMON-ECO-250-ML.jpg","type":"image\/jpeg"}],"twitter_card":"summary_large_image","twitter_misc":{"Estimated reading time":"2 minutes"},"schema":{"@context":"https:\/\/schema.org","@graph":[{"@type":"WebPage","@id":"https:\/\/www.aceitenovecientos.com\/producto\/aceite-oliva-virgen-extra-aroma-ecologico-limon-romero-900\/","url":"https:\/\/www.aceitenovecientos.com\/producto\/aceite-oliva-virgen-extra-aroma-ecologico-limon-romero-900\/","name":"Aceite de Oliva Sabor Jam\u00f3n Serrano. Aceite Gourmet - Aceite900","isPartOf":{"@id":"https:\/\/www.aceitenovecientos.com\/#website"},"primaryImageOfPage":{"@id":"https:\/\/www.aceitenovecientos.com\/producto\/aceite-oliva-virgen-extra-aroma-ecologico-limon-romero-900\/#primaryimage"},"image":{"@id":"https:\/\/www.aceitenovecientos.com\/producto\/aceite-oliva-virgen-extra-aroma-ecologico-limon-romero-900\/#primaryimage"},"thumbnailUrl":"https:\/\/www.aceitenovecientos.com\/wp-content\/uploads\/2021\/09\/AROMA-ROMERO-Y-LIMON-ECO-250-ML.jpg","datePublished":"2021-09-08T08:48:18+00:00","dateModified":"2023-11-07T13:24:30+00:00","description":"el aceite de oliva sabor jam\u00f3n es un Condimento de aceite de oliva virgen extra aromatizado con jam\u00f3n serrano. Un aceite muy saludable.","breadcrumb":{"@id":"https:\/\/www.aceitenovecientos.com\/producto\/aceite-oliva-virgen-extra-aroma-ecologico-limon-romero-900\/#breadcrumb"},"inLanguage":"en-GB","potentialAction":[{"@type":"ReadAction","target":["https:\/\/www.aceitenovecientos.com\/producto\/aceite-oliva-virgen-extra-aroma-ecologico-limon-romero-900\/"]}]},{"@type":"ImageObject","inLanguage":"en-GB","@id":"https:\/\/www.aceitenovecientos.com\/producto\/aceite-oliva-virgen-extra-aroma-ecologico-limon-romero-900\/#primaryimage","url":"https:\/\/www.aceitenovecientos.com\/wp-content\/uploads\/2021\/09\/AROMA-ROMERO-Y-LIMON-ECO-250-ML.jpg","contentUrl":"https:\/\/www.aceitenovecientos.com\/wp-content\/uploads\/2021\/09\/AROMA-ROMERO-Y-LIMON-ECO-250-ML.jpg","width":700,"height":700,"caption":"ARME ROMARIN ET CITRON"},{"@type":"BreadcrumbList","@id":"https:\/\/www.aceitenovecientos.com\/producto\/aceite-oliva-virgen-extra-aroma-ecologico-limon-romero-900\/#breadcrumb","itemListElement":[{"@type":"ListItem","position":1,"name":"Portada","item":"https:\/\/www.aceitenovecientos.com\/"},{"@type":"ListItem","position":2,"name":"Cat\u00e1logo","item":"https:\/\/www.aceitenovecientos.com\/shop\/"},{"@type":"ListItem","position":3,"name":"Aceite de Oliva Virgen Extra Ecol\u00f3gico con sabor Lim\u00f3n y Romero 900"}]},{"@type":"WebSite","@id":"https:\/\/www.aceitenovecientos.com\/#website","url":"https:\/\/www.aceitenovecientos.com\/","name":"Aceite Novecientos","description":"Aceite de Oliva de Ja\u00e9n","publisher":{"@id":"https:\/\/www.aceitenovecientos.com\/#organization"},"potentialAction":[{"@type":"SearchAction","target":{"@type":"EntryPoint","urlTemplate":"https:\/\/www.aceitenovecientos.com\/?s={search_term_string}"},"query-input":{"@type":"PropertyValueSpecification","valueRequired":true,"valueName":"search_term_string"}}],"inLanguage":"en-GB"},{"@type":"Organization","@id":"https:\/\/www.aceitenovecientos.com\/#organization","name":"Aceite Novecientos","url":"https:\/\/www.aceitenovecientos.com\/","logo":{"@type":"ImageObject","inLanguage":"en-GB","@id":"https:\/\/www.aceitenovecientos.com\/#\/schema\/logo\/image\/","url":"https:\/\/www.aceitenovecientos.com\/wp-content\/uploads\/2021\/12\/logo900-head.webp","contentUrl":"https:\/\/www.aceitenovecientos.com\/wp-content\/uploads\/2021\/12\/logo900-head.webp","width":470,"height":110,"caption":"Aceite Novecientos"},"image":{"@id":"https:\/\/www.aceitenovecientos.com\/#\/schema\/logo\/image\/"},"sameAs":["https:\/\/www.facebook.com\/aceitenovecientos\/"]}]}},"_links":{"self":[{"href":"https:\/\/www.aceitenovecientos.com\/en\/wp-json\/wp\/v2\/product\/2604","targetHints":{"allow":["GET"]}}],"collection":[{"href":"https:\/\/www.aceitenovecientos.com\/en\/wp-json\/wp\/v2\/product"}],"about":[{"href":"https:\/\/www.aceitenovecientos.com\/en\/wp-json\/wp\/v2\/types\/product"}],"replies":[{"embeddable":true,"href":"https:\/\/www.aceitenovecientos.com\/en\/wp-json\/wp\/v2\/comments?post=2604"}],"wp:featuredmedia":[{"embeddable":true,"href":"https:\/\/www.aceitenovecientos.com\/en\/wp-json\/wp\/v2\/media\/2629"}],"wp:attachment":[{"href":"https:\/\/www.aceitenovecientos.com\/en\/wp-json\/wp\/v2\/media?parent=2604"}],"wp:term":[{"taxonomy":"product_cat","embeddable":true,"href":"https:\/\/www.aceitenovecientos.com\/en\/wp-json\/wp\/v2\/product_cat?post=2604"},{"taxonomy":"product_tag","embeddable":true,"href":"https:\/\/www.aceitenovecientos.com\/en\/wp-json\/wp\/v2\/product_tag?post=2604"}],"curies":[{"name":"wp","href":"https:\/\/api.w.org\/{rel}","templated":true}]}}