{"id":2598,"date":"2021-09-08T08:21:56","date_gmt":"2021-09-08T08:21:56","guid":{"rendered":"https:\/\/www.aceitenovecientos.com\/?post_type=product&#038;p=2598"},"modified":"2023-02-07T10:21:48","modified_gmt":"2023-02-07T09:21:48","slug":"vinagre-frambuesa-900","status":"publish","type":"product","link":"https:\/\/www.aceitenovecientos.com\/en\/product\/vinagre-frambuesa-900\/","title":{"rendered":"Raspberry Vinegar 900"},"content":{"rendered":"<h2><strong>Vinagre de sabor\u00a0<\/strong><strong>a frambuesa<\/strong>.<\/h2>\n<p>Sorprende a tu paladar con un vinagre de sabor inesperado a ex\u00f3tica frambuesa.<\/p>\n<p>El vinagre de frambuesa, como compa\u00f1ero inseparable de un excepcional aceite de oliva virgen extra, no puede faltar como aderezo en nuestros men\u00fas. Utilizado especialmente en ensaladas, es un plato base de una dieta mediterr\u00e1nea y de consumo diario. En l\u00ednea con los dem\u00e1s productos de ORIGEN NOVECIENTOS , ofertamos no s\u00f3lo un vinagre de alta calidad, sino que aporte adem\u00e1s, un valor adicional por obtener un resultado de sabor diferenciador cuando se utiliza en la cocina. Aunque tradicionalmente se usa en ensaladas, puedes regar con un chorre\u00f3n platos de carnes a la brasa o pescados al horno con los vinagres de frambuesas. Adem\u00e1s potencia e sabor de la macedonia de frutas y es un acompa\u00f1ante ideal para un buen queso.<\/p>\n<h3><strong>Beneficios para la salud del vinagre de frambuesa<\/strong><\/h3>\n<p>Nos encontramos con infinidad de estudios e investigaciones que prueban los beneficios de tomar vinagre para nuestro cuerpo. A modo de resumen, estos estudios concluyen que el vinagre podr\u00eda ser un aliado perfecto contra la diabetes. Acelera el metabolismo y por lo tanto podr\u00eda ser un adelgazante natural. Un estudio realizado en 2009 por el Instituto Central de Investigaci\u00f3n del Grupo Mizkan encontr\u00f3 que el \u00e1cido ac\u00e9tico del vinagre tiene el poder de acelerar el metabolismo. Los resultados sugieren que una dosis de 30 ml o 2 cucharadas de vinagre mezclado con una bebida tienen un impacto positivo en la p\u00e9rdida de peso. Y por consiguiente en el \u00edndice de masa corporal. Se ha utilizado como secreto de belleza por que equilibra el PH de la piel.<\/p>\n<h3><strong>Conservaci\u00f3n de los vinagres de frambuesa<\/strong><\/h3>\n<p>Conservar el vinagre de frambuesa en lugar fresco y seco. Preservar de la luz y del exceso de calor.<\/p>\n<h3><strong>M\u00e1s datos sobre el Vinagre de frambuesa 900<\/strong><\/h3>\n<p><strong>Ingredientes:<\/strong>\u00a0Vinagre de vino blanco macerado en pulpa de frambuesa<\/p>\n<p><strong>Valores nutricionales:<\/strong><\/p>\n<p>Valores nutricionales por 15 ml.<br \/>\nCalorias: 2<br \/>\nAzucares: 1 g.<br \/>\nProteinas: 0 g.<br \/>\nGrasas: 0 g.<br \/>\nColesterol: 0 g.<br \/>\nSodio: 0 g.<br \/>\nHidratos de carbono: 2 g.<br \/>\nVitamina A: 1 %<br \/>\nVitamina C: 0%<br \/>\nCalcio: 0%<\/p>","protected":false},"excerpt":{"rendered":"<p><strong>Vinagre de frambuesa.<\/strong>\u00a0Sorprende a tu paladar con un sabor inesperado a ex\u00f3tica frambuesa.<\/p>\n<p>El vinagre, como compa\u00f1ero inseparable de un excepcional aceite de oliva virgen extra de calidad, no puede faltar como aderezo en nuestros men\u00fas y especialmente en ensaladas, plato base de una dieta mediterr\u00e1nea y de consumo diario. En l\u00ednea con los dem\u00e1s productos de ORIGEN NOVECIENTOS , ofertamos no s\u00f3lo un vinagre de alta calidad, sino que aporte adem\u00e1s, un valor adicional por obtener un resultado de sabor diferenciador cuando se utiliza en la cocina.<\/p>","protected":false},"featured_media":2626,"comment_status":"open","ping_status":"closed","template":"","meta":[],"product_cat":[29],"product_tag":[11,25,15,12],"class_list":{"0":"post-2598","1":"product","2":"type-product","3":"status-publish","4":"has-post-thumbnail","6":"product_cat-vinagres","7":"product_tag-aceite-de-oliva","8":"product_tag-aceite-sabor-jamon-serrano","9":"product_tag-aceite-saborizado","10":"product_tag-virgen-extra","12":"first","13":"instock","14":"taxable","15":"shipping-taxable","16":"purchasable","17":"product-type-variable"},"yoast_head":"<!-- This site is optimized with the Yoast SEO plugin v24.1 - https:\/\/yoast.com\/wordpress\/plugins\/seo\/ -->\n<title>Aceite de Oliva Sabor Jam\u00f3n Serrano. Aceite Gourmet - Aceite900<\/title>\n<meta name=\"description\" content=\"el aceite de oliva sabor jam\u00f3n es un Condimento de aceite de oliva virgen extra aromatizado con jam\u00f3n serrano. Un aceite muy saludable.\" \/>\n<meta name=\"robots\" content=\"index, follow, max-snippet:-1, max-image-preview:large, max-video-preview:-1\" \/>\n<link rel=\"canonical\" href=\"https:\/\/www.aceitenovecientos.com\/en\/product\/vinagre-frambuesa-900\/\" \/>\n<meta property=\"og:locale\" content=\"en_GB\" \/>\n<meta property=\"og:type\" content=\"article\" \/>\n<meta property=\"og:title\" content=\"Aceite de Oliva Sabor Jam\u00f3n Serrano. Aceite Gourmet - Aceite900\" \/>\n<meta property=\"og:description\" content=\"el aceite de oliva sabor jam\u00f3n es un Condimento de aceite de oliva virgen extra aromatizado con jam\u00f3n serrano. Un aceite muy saludable.\" \/>\n<meta property=\"og:url\" content=\"https:\/\/www.aceitenovecientos.com\/en\/product\/vinagre-frambuesa-900\/\" \/>\n<meta property=\"og:site_name\" content=\"Aceite Novecientos\" \/>\n<meta property=\"article:publisher\" content=\"https:\/\/www.facebook.com\/aceitenovecientos\/\" \/>\n<meta property=\"article:modified_time\" content=\"2023-02-07T09:21:48+00:00\" \/>\n<meta property=\"og:image\" content=\"https:\/\/www.aceitenovecientos.com\/wp-content\/uploads\/2021\/09\/VINAGRE-DE-FRAMBUESA-205-ML.jpg\" \/>\n\t<meta property=\"og:image:width\" content=\"700\" \/>\n\t<meta property=\"og:image:height\" content=\"700\" \/>\n\t<meta property=\"og:image:type\" content=\"image\/jpeg\" \/>\n<meta name=\"twitter:card\" content=\"summary_large_image\" \/>\n<meta name=\"twitter:label1\" content=\"Estimated reading time\" \/>\n\t<meta name=\"twitter:data1\" content=\"2 minutes\" \/>\n<script type=\"application\/ld+json\" class=\"yoast-schema-graph\">{\"@context\":\"https:\/\/schema.org\",\"@graph\":[{\"@type\":\"WebPage\",\"@id\":\"https:\/\/www.aceitenovecientos.com\/producto\/vinagre-frambuesa-900\/\",\"url\":\"https:\/\/www.aceitenovecientos.com\/producto\/vinagre-frambuesa-900\/\",\"name\":\"Aceite de Oliva Sabor Jam\u00f3n Serrano. Aceite Gourmet - Aceite900\",\"isPartOf\":{\"@id\":\"https:\/\/www.aceitenovecientos.com\/#website\"},\"primaryImageOfPage\":{\"@id\":\"https:\/\/www.aceitenovecientos.com\/producto\/vinagre-frambuesa-900\/#primaryimage\"},\"image\":{\"@id\":\"https:\/\/www.aceitenovecientos.com\/producto\/vinagre-frambuesa-900\/#primaryimage\"},\"thumbnailUrl\":\"https:\/\/www.aceitenovecientos.com\/wp-content\/uploads\/2021\/09\/VINAGRE-DE-FRAMBUESA-205-ML.jpg\",\"datePublished\":\"2021-09-08T08:21:56+00:00\",\"dateModified\":\"2023-02-07T09:21:48+00:00\",\"description\":\"el aceite de oliva sabor jam\u00f3n es un Condimento de aceite de oliva virgen extra aromatizado con jam\u00f3n serrano. Un aceite muy saludable.\",\"breadcrumb\":{\"@id\":\"https:\/\/www.aceitenovecientos.com\/producto\/vinagre-frambuesa-900\/#breadcrumb\"},\"inLanguage\":\"en-GB\",\"potentialAction\":[{\"@type\":\"ReadAction\",\"target\":[\"https:\/\/www.aceitenovecientos.com\/producto\/vinagre-frambuesa-900\/\"]}]},{\"@type\":\"ImageObject\",\"inLanguage\":\"en-GB\",\"@id\":\"https:\/\/www.aceitenovecientos.com\/producto\/vinagre-frambuesa-900\/#primaryimage\",\"url\":\"https:\/\/www.aceitenovecientos.com\/wp-content\/uploads\/2021\/09\/VINAGRE-DE-FRAMBUESA-205-ML.jpg\",\"contentUrl\":\"https:\/\/www.aceitenovecientos.com\/wp-content\/uploads\/2021\/09\/VINAGRE-DE-FRAMBUESA-205-ML.jpg\",\"width\":700,\"height\":700,\"caption\":\"RASPBERRY VINEGAR\"},{\"@type\":\"BreadcrumbList\",\"@id\":\"https:\/\/www.aceitenovecientos.com\/producto\/vinagre-frambuesa-900\/#breadcrumb\",\"itemListElement\":[{\"@type\":\"ListItem\",\"position\":1,\"name\":\"Portada\",\"item\":\"https:\/\/www.aceitenovecientos.com\/\"},{\"@type\":\"ListItem\",\"position\":2,\"name\":\"Cat\u00e1logo\",\"item\":\"https:\/\/www.aceitenovecientos.com\/shop\/\"},{\"@type\":\"ListItem\",\"position\":3,\"name\":\"VINAGRE DE FRAMBUESA 900\"}]},{\"@type\":\"WebSite\",\"@id\":\"https:\/\/www.aceitenovecientos.com\/#website\",\"url\":\"https:\/\/www.aceitenovecientos.com\/\",\"name\":\"Aceite Novecientos\",\"description\":\"Aceite de Oliva de Ja\u00e9n\",\"publisher\":{\"@id\":\"https:\/\/www.aceitenovecientos.com\/#organization\"},\"potentialAction\":[{\"@type\":\"SearchAction\",\"target\":{\"@type\":\"EntryPoint\",\"urlTemplate\":\"https:\/\/www.aceitenovecientos.com\/?s={search_term_string}\"},\"query-input\":{\"@type\":\"PropertyValueSpecification\",\"valueRequired\":true,\"valueName\":\"search_term_string\"}}],\"inLanguage\":\"en-GB\"},{\"@type\":\"Organization\",\"@id\":\"https:\/\/www.aceitenovecientos.com\/#organization\",\"name\":\"Aceite Novecientos\",\"url\":\"https:\/\/www.aceitenovecientos.com\/\",\"logo\":{\"@type\":\"ImageObject\",\"inLanguage\":\"en-GB\",\"@id\":\"https:\/\/www.aceitenovecientos.com\/#\/schema\/logo\/image\/\",\"url\":\"https:\/\/www.aceitenovecientos.com\/wp-content\/uploads\/2021\/12\/logo900-head.webp\",\"contentUrl\":\"https:\/\/www.aceitenovecientos.com\/wp-content\/uploads\/2021\/12\/logo900-head.webp\",\"width\":470,\"height\":110,\"caption\":\"Aceite Novecientos\"},\"image\":{\"@id\":\"https:\/\/www.aceitenovecientos.com\/#\/schema\/logo\/image\/\"},\"sameAs\":[\"https:\/\/www.facebook.com\/aceitenovecientos\/\"]}]}<\/script>\n<!-- \/ Yoast SEO plugin. -->","yoast_head_json":{"title":"Aceite de Oliva Sabor Jam\u00f3n Serrano. Aceite Gourmet - Aceite900","description":"el aceite de oliva sabor jam\u00f3n es un Condimento de aceite de oliva virgen extra aromatizado con jam\u00f3n serrano. Un aceite muy saludable.","robots":{"index":"index","follow":"follow","max-snippet":"max-snippet:-1","max-image-preview":"max-image-preview:large","max-video-preview":"max-video-preview:-1"},"canonical":"https:\/\/www.aceitenovecientos.com\/en\/product\/vinagre-frambuesa-900\/","og_locale":"en_GB","og_type":"article","og_title":"Aceite de Oliva Sabor Jam\u00f3n Serrano. Aceite Gourmet - Aceite900","og_description":"el aceite de oliva sabor jam\u00f3n es un Condimento de aceite de oliva virgen extra aromatizado con jam\u00f3n serrano. Un aceite muy saludable.","og_url":"https:\/\/www.aceitenovecientos.com\/en\/product\/vinagre-frambuesa-900\/","og_site_name":"Aceite Novecientos","article_publisher":"https:\/\/www.facebook.com\/aceitenovecientos\/","article_modified_time":"2023-02-07T09:21:48+00:00","og_image":[{"width":700,"height":700,"url":"https:\/\/www.aceitenovecientos.com\/wp-content\/uploads\/2021\/09\/VINAGRE-DE-FRAMBUESA-205-ML.jpg","type":"image\/jpeg"}],"twitter_card":"summary_large_image","twitter_misc":{"Estimated reading time":"2 minutes"},"schema":{"@context":"https:\/\/schema.org","@graph":[{"@type":"WebPage","@id":"https:\/\/www.aceitenovecientos.com\/producto\/vinagre-frambuesa-900\/","url":"https:\/\/www.aceitenovecientos.com\/producto\/vinagre-frambuesa-900\/","name":"Aceite de Oliva Sabor Jam\u00f3n Serrano. Aceite Gourmet - Aceite900","isPartOf":{"@id":"https:\/\/www.aceitenovecientos.com\/#website"},"primaryImageOfPage":{"@id":"https:\/\/www.aceitenovecientos.com\/producto\/vinagre-frambuesa-900\/#primaryimage"},"image":{"@id":"https:\/\/www.aceitenovecientos.com\/producto\/vinagre-frambuesa-900\/#primaryimage"},"thumbnailUrl":"https:\/\/www.aceitenovecientos.com\/wp-content\/uploads\/2021\/09\/VINAGRE-DE-FRAMBUESA-205-ML.jpg","datePublished":"2021-09-08T08:21:56+00:00","dateModified":"2023-02-07T09:21:48+00:00","description":"el aceite de oliva sabor jam\u00f3n es un Condimento de aceite de oliva virgen extra aromatizado con jam\u00f3n serrano. Un aceite muy saludable.","breadcrumb":{"@id":"https:\/\/www.aceitenovecientos.com\/producto\/vinagre-frambuesa-900\/#breadcrumb"},"inLanguage":"en-GB","potentialAction":[{"@type":"ReadAction","target":["https:\/\/www.aceitenovecientos.com\/producto\/vinagre-frambuesa-900\/"]}]},{"@type":"ImageObject","inLanguage":"en-GB","@id":"https:\/\/www.aceitenovecientos.com\/producto\/vinagre-frambuesa-900\/#primaryimage","url":"https:\/\/www.aceitenovecientos.com\/wp-content\/uploads\/2021\/09\/VINAGRE-DE-FRAMBUESA-205-ML.jpg","contentUrl":"https:\/\/www.aceitenovecientos.com\/wp-content\/uploads\/2021\/09\/VINAGRE-DE-FRAMBUESA-205-ML.jpg","width":700,"height":700,"caption":"RASPBERRY VINEGAR"},{"@type":"BreadcrumbList","@id":"https:\/\/www.aceitenovecientos.com\/producto\/vinagre-frambuesa-900\/#breadcrumb","itemListElement":[{"@type":"ListItem","position":1,"name":"Portada","item":"https:\/\/www.aceitenovecientos.com\/"},{"@type":"ListItem","position":2,"name":"Cat\u00e1logo","item":"https:\/\/www.aceitenovecientos.com\/shop\/"},{"@type":"ListItem","position":3,"name":"VINAGRE DE FRAMBUESA 900"}]},{"@type":"WebSite","@id":"https:\/\/www.aceitenovecientos.com\/#website","url":"https:\/\/www.aceitenovecientos.com\/","name":"Aceite Novecientos","description":"Aceite de Oliva de Ja\u00e9n","publisher":{"@id":"https:\/\/www.aceitenovecientos.com\/#organization"},"potentialAction":[{"@type":"SearchAction","target":{"@type":"EntryPoint","urlTemplate":"https:\/\/www.aceitenovecientos.com\/?s={search_term_string}"},"query-input":{"@type":"PropertyValueSpecification","valueRequired":true,"valueName":"search_term_string"}}],"inLanguage":"en-GB"},{"@type":"Organization","@id":"https:\/\/www.aceitenovecientos.com\/#organization","name":"Aceite Novecientos","url":"https:\/\/www.aceitenovecientos.com\/","logo":{"@type":"ImageObject","inLanguage":"en-GB","@id":"https:\/\/www.aceitenovecientos.com\/#\/schema\/logo\/image\/","url":"https:\/\/www.aceitenovecientos.com\/wp-content\/uploads\/2021\/12\/logo900-head.webp","contentUrl":"https:\/\/www.aceitenovecientos.com\/wp-content\/uploads\/2021\/12\/logo900-head.webp","width":470,"height":110,"caption":"Aceite Novecientos"},"image":{"@id":"https:\/\/www.aceitenovecientos.com\/#\/schema\/logo\/image\/"},"sameAs":["https:\/\/www.facebook.com\/aceitenovecientos\/"]}]}},"_links":{"self":[{"href":"https:\/\/www.aceitenovecientos.com\/en\/wp-json\/wp\/v2\/product\/2598","targetHints":{"allow":["GET"]}}],"collection":[{"href":"https:\/\/www.aceitenovecientos.com\/en\/wp-json\/wp\/v2\/product"}],"about":[{"href":"https:\/\/www.aceitenovecientos.com\/en\/wp-json\/wp\/v2\/types\/product"}],"replies":[{"embeddable":true,"href":"https:\/\/www.aceitenovecientos.com\/en\/wp-json\/wp\/v2\/comments?post=2598"}],"wp:featuredmedia":[{"embeddable":true,"href":"https:\/\/www.aceitenovecientos.com\/en\/wp-json\/wp\/v2\/media\/2626"}],"wp:attachment":[{"href":"https:\/\/www.aceitenovecientos.com\/en\/wp-json\/wp\/v2\/media?parent=2598"}],"wp:term":[{"taxonomy":"product_cat","embeddable":true,"href":"https:\/\/www.aceitenovecientos.com\/en\/wp-json\/wp\/v2\/product_cat?post=2598"},{"taxonomy":"product_tag","embeddable":true,"href":"https:\/\/www.aceitenovecientos.com\/en\/wp-json\/wp\/v2\/product_tag?post=2598"}],"curies":[{"name":"wp","href":"https:\/\/api.w.org\/{rel}","templated":true}]}}