{"id":2595,"date":"2021-09-08T08:12:46","date_gmt":"2021-09-08T08:12:46","guid":{"rendered":"https:\/\/www.aceitenovecientos.com\/?post_type=product&#038;p=2595"},"modified":"2022-03-02T10:11:31","modified_gmt":"2022-03-02T09:11:31","slug":"aceite-oliva-virgen-extra-aroma-naranja-900","status":"publish","type":"product","link":"https:\/\/www.aceitenovecientos.com\/en\/product\/aceite-oliva-virgen-extra-aroma-naranja-900\/","title":{"rendered":"Aceite de Oliva Virgen Extra aroma Naranja 900"},"content":{"rendered":"<h2>Aceite de Oliva aromatizado Naranja<\/h2>\n<p>Condimento de<strong>\u00a0aceite de oliva aromatizado naranja<\/strong>. Aceite aderezado con extractos de distintos sabores con caracter\u00edsticas especiales liposolubles.<\/p>\n<p>&nbsp;<\/p>\n<p>El fin es obtener una gama de aceites de oliva virgen extra con los beneficios saludables de este, pero con un toque de originalidad. De este modo se hacen m\u00e1s apetecibles a cocineros que buscan sorprender con sabores interesantes a los comensales. Como es el caso de Naranja, un sabor muy com\u00fan que al combinarla con Aceite e Oliva virgen extra se convierte en el ingrediente principal de un gran surtido de platos\u00a0 ya sean salsas, aderezos, condimentar ensaladas, platos fr\u00edos y carnes. As\u00ed como para la elaboraci\u00f3n de reposter\u00eda como bizcochos y galletas. Este Aove Aromatizado en ideal para introducir en nuestra dieta un producto tan importante como lo es Aceite de Oliva virgen Extra, el alimento estrella de una buena dieta mediterranea.<\/p>\n<p>&nbsp;<\/p>\n<h3><strong>Usos culinarios y maridaje<\/strong><\/h3>\n<p>Los \u00a0reconocidos beneficios para la salud del aceite de oliva virgen extra lo hacen id\u00f3neo como acompa\u00f1amiento y aderezo de cualquier plato de cocina ya sea sofisticado o sencillo. En crudo es acompa\u00f1ante indispensable de ensaladas de vegetales o pastas, desayunos, sopas y gazpachos fr\u00edos. En caliente crece y debido a su alta densidad no penetra en los alimentos tanto como otras grasas, haciendo que sean m\u00e1s saludables y que conserven mejor sus propiedades. Su alto contenido en \u00e1cido oleico y antioxidantes naturales lo hacen m\u00e1s estable y resistente a altas temperaturas. Es ideal para cocinar carnes, pescados, verduras, pastas y en general cualquier alimento.<\/p>\n<p>El aceite de oliva sabor naranja es el m\u00e1s vers\u00e1til en la cocina. Potencia el sabor de cualquier plato ya sea dulce o salado, carne o pescado. Sea cual sea la elecci\u00f3n, el ACEITE DE OLIVA VIRGEN EXTRA 900 NARANJA, dar\u00e1 a tus platos un suculento y agradable aroma y sabor. La naranja aporta un sabor fresco a los alimentos cocinados en el horno.<\/p>\n<p>Si te decantas por un plato dulce, te proponemos el bizcocho de naranja como plato sencillo. Sustituye cualquier otra grasa por AOVE 900 NARANJA y lo convertir\u00e1s en un plato exquisito, esponjoso y m\u00e1s beneficioso para la salud. Puedes utilizarlo para reposter\u00eda en general.<br \/>\nSi necesitas o quieres saber m\u00e1s sobre el posible uso de los aceites aromatizados, consulta el documento de Maridajes\u00a0y conoce todos los detalles.<\/p>\n<p><a href=\"http:\/\/www.aceitenovecientos.com\/wp-content\/uploads\/2016\/10\/maridajes.pdf\" target=\"_blank\" rel=\"noopener noreferrer\"><span class=\"boton\">Ver Documento<\/span><\/a><\/p>\n<p><strong>Mas datos sobre Aromatizado Naranja 900:<\/strong><\/p>\n<p><strong>Ingredientes: <\/strong>Aceite de Oliva Virgen Extra Sabor Naranja.<\/p>\n<p><img loading=\"lazy\" decoding=\"async\" class=\"alignnone size-full wp-image-2531\" src=\"https:\/\/www.aceitenovecientos.com\/wp-content\/uploads\/2016\/08\/Captura-tabla.png\" alt=\"\" width=\"584\" height=\"260\" srcset=\"https:\/\/www.aceitenovecientos.com\/wp-content\/uploads\/2016\/08\/Captura-tabla.png 584w, https:\/\/www.aceitenovecientos.com\/wp-content\/uploads\/2016\/08\/Captura-tabla-416x185.png 416w, https:\/\/www.aceitenovecientos.com\/wp-content\/uploads\/2016\/08\/Captura-tabla-300x134.png 300w, https:\/\/www.aceitenovecientos.com\/wp-content\/uploads\/2016\/08\/Captura-tabla-260x116.png 260w, https:\/\/www.aceitenovecientos.com\/wp-content\/uploads\/2016\/08\/Captura-tabla-50x22.png 50w, https:\/\/www.aceitenovecientos.com\/wp-content\/uploads\/2016\/08\/Captura-tabla-150x67.png 150w\" sizes=\"auto, (max-width: 584px) 100vw, 584px\" \/><\/p>","protected":false},"excerpt":{"rendered":"<p>Condimento de aceite de oliva virgen extra con<strong>\u00a0aroma de naranja<\/strong>. Una forma original de tomar un alimento tradicional y saludable.<\/p>\n<p>El m\u00e1s vers\u00e1til en la cocina. Potencia el sabor de cualquier plato ya sea dulce o salado, carne o pescado. Sea cual sea la elecci\u00f3n, el ACEITE DE OLIVA VIRGEN EXTRA 900 NARANJA, dar\u00e1 a tus platos un suculento y agradable aroma y sabor. La naranja aporta un sabor fresco a los alimentos cocinados en el horno.<\/p>\n<p>Si te decantas por un plato dulce, te proponemos el bizcocho de naranja como plato sencillo. Sustituye cualquier otra grasa por AOVE 900 NARANJA y lo convertir\u00e1s en un plato exquisito, esponjoso y m\u00e1s beneficioso para la salud. Puedes utilizarlo para reposter\u00eda en general.<\/p>","protected":false},"featured_media":2625,"comment_status":"open","ping_status":"closed","template":"","meta":[],"product_cat":[179,8],"product_tag":[11,25,15,12],"class_list":{"0":"post-2595","1":"product","2":"type-product","3":"status-publish","4":"has-post-thumbnail","6":"product_cat-aceite-de-oliva-aromatizado","7":"product_cat-aceite-de-oliva-virgen-extra","8":"product_tag-aceite-de-oliva","9":"product_tag-aceite-sabor-jamon-serrano","10":"product_tag-aceite-saborizado","11":"product_tag-virgen-extra","13":"first","14":"instock","15":"taxable","16":"shipping-taxable","17":"purchasable","18":"product-type-variable"},"yoast_head":"<!-- This site is optimized with the Yoast SEO plugin v24.1 - https:\/\/yoast.com\/wordpress\/plugins\/seo\/ -->\n<title>Aceite de Oliva Sabor Jam\u00f3n Serrano. Aceite Gourmet - Aceite900<\/title>\n<meta name=\"description\" content=\"el aceite de oliva sabor jam\u00f3n es un Condimento de aceite de oliva virgen extra aromatizado con jam\u00f3n serrano. Un aceite muy saludable.\" \/>\n<meta name=\"robots\" content=\"index, follow, max-snippet:-1, max-image-preview:large, max-video-preview:-1\" \/>\n<link rel=\"canonical\" href=\"https:\/\/www.aceitenovecientos.com\/en\/product\/aceite-oliva-virgen-extra-aroma-naranja-900\/\" \/>\n<meta property=\"og:locale\" content=\"en_GB\" \/>\n<meta property=\"og:type\" content=\"article\" \/>\n<meta property=\"og:title\" content=\"Aceite de Oliva Sabor Jam\u00f3n Serrano. Aceite Gourmet - Aceite900\" \/>\n<meta property=\"og:description\" content=\"el aceite de oliva sabor jam\u00f3n es un Condimento de aceite de oliva virgen extra aromatizado con jam\u00f3n serrano. Un aceite muy saludable.\" \/>\n<meta property=\"og:url\" content=\"https:\/\/www.aceitenovecientos.com\/en\/product\/aceite-oliva-virgen-extra-aroma-naranja-900\/\" \/>\n<meta property=\"og:site_name\" content=\"Aceite Novecientos\" \/>\n<meta property=\"article:publisher\" content=\"https:\/\/www.facebook.com\/aceitenovecientos\/\" \/>\n<meta property=\"article:modified_time\" content=\"2022-03-02T09:11:31+00:00\" \/>\n<meta property=\"og:image\" content=\"https:\/\/www.aceitenovecientos.com\/wp-content\/uploads\/2021\/09\/AROMA-NARANJA-250-ML.jpg\" \/>\n\t<meta property=\"og:image:width\" content=\"700\" \/>\n\t<meta property=\"og:image:height\" content=\"700\" \/>\n\t<meta property=\"og:image:type\" content=\"image\/jpeg\" \/>\n<meta name=\"twitter:card\" content=\"summary_large_image\" \/>\n<meta name=\"twitter:label1\" content=\"Estimated reading time\" \/>\n\t<meta name=\"twitter:data1\" content=\"2 minutes\" \/>\n<script type=\"application\/ld+json\" class=\"yoast-schema-graph\">{\"@context\":\"https:\/\/schema.org\",\"@graph\":[{\"@type\":\"WebPage\",\"@id\":\"https:\/\/www.aceitenovecientos.com\/producto\/aceite-oliva-virgen-extra-aroma-naranja-900\/\",\"url\":\"https:\/\/www.aceitenovecientos.com\/producto\/aceite-oliva-virgen-extra-aroma-naranja-900\/\",\"name\":\"Aceite de Oliva Sabor Jam\u00f3n Serrano. Aceite Gourmet - Aceite900\",\"isPartOf\":{\"@id\":\"https:\/\/www.aceitenovecientos.com\/#website\"},\"primaryImageOfPage\":{\"@id\":\"https:\/\/www.aceitenovecientos.com\/producto\/aceite-oliva-virgen-extra-aroma-naranja-900\/#primaryimage\"},\"image\":{\"@id\":\"https:\/\/www.aceitenovecientos.com\/producto\/aceite-oliva-virgen-extra-aroma-naranja-900\/#primaryimage\"},\"thumbnailUrl\":\"https:\/\/www.aceitenovecientos.com\/wp-content\/uploads\/2021\/09\/AROMA-NARANJA-250-ML.jpg\",\"datePublished\":\"2021-09-08T08:12:46+00:00\",\"dateModified\":\"2022-03-02T09:11:31+00:00\",\"description\":\"el aceite de oliva sabor jam\u00f3n es un Condimento de aceite de oliva virgen extra aromatizado con jam\u00f3n serrano. Un aceite muy saludable.\",\"breadcrumb\":{\"@id\":\"https:\/\/www.aceitenovecientos.com\/producto\/aceite-oliva-virgen-extra-aroma-naranja-900\/#breadcrumb\"},\"inLanguage\":\"en-GB\",\"potentialAction\":[{\"@type\":\"ReadAction\",\"target\":[\"https:\/\/www.aceitenovecientos.com\/producto\/aceite-oliva-virgen-extra-aroma-naranja-900\/\"]}]},{\"@type\":\"ImageObject\",\"inLanguage\":\"en-GB\",\"@id\":\"https:\/\/www.aceitenovecientos.com\/producto\/aceite-oliva-virgen-extra-aroma-naranja-900\/#primaryimage\",\"url\":\"https:\/\/www.aceitenovecientos.com\/wp-content\/uploads\/2021\/09\/AROMA-NARANJA-250-ML.jpg\",\"contentUrl\":\"https:\/\/www.aceitenovecientos.com\/wp-content\/uploads\/2021\/09\/AROMA-NARANJA-250-ML.jpg\",\"width\":700,\"height\":700,\"caption\":\"AROMATIZED OIL ORANGE FLAVOR\"},{\"@type\":\"BreadcrumbList\",\"@id\":\"https:\/\/www.aceitenovecientos.com\/producto\/aceite-oliva-virgen-extra-aroma-naranja-900\/#breadcrumb\",\"itemListElement\":[{\"@type\":\"ListItem\",\"position\":1,\"name\":\"Portada\",\"item\":\"https:\/\/www.aceitenovecientos.com\/\"},{\"@type\":\"ListItem\",\"position\":2,\"name\":\"Cat\u00e1logo\",\"item\":\"https:\/\/www.aceitenovecientos.com\/shop\/\"},{\"@type\":\"ListItem\",\"position\":3,\"name\":\"Aceite de Oliva Virgen Extra aroma Naranja 900\"}]},{\"@type\":\"WebSite\",\"@id\":\"https:\/\/www.aceitenovecientos.com\/#website\",\"url\":\"https:\/\/www.aceitenovecientos.com\/\",\"name\":\"Aceite Novecientos\",\"description\":\"Aceite de Oliva de Ja\u00e9n\",\"publisher\":{\"@id\":\"https:\/\/www.aceitenovecientos.com\/#organization\"},\"potentialAction\":[{\"@type\":\"SearchAction\",\"target\":{\"@type\":\"EntryPoint\",\"urlTemplate\":\"https:\/\/www.aceitenovecientos.com\/?s={search_term_string}\"},\"query-input\":{\"@type\":\"PropertyValueSpecification\",\"valueRequired\":true,\"valueName\":\"search_term_string\"}}],\"inLanguage\":\"en-GB\"},{\"@type\":\"Organization\",\"@id\":\"https:\/\/www.aceitenovecientos.com\/#organization\",\"name\":\"Aceite Novecientos\",\"url\":\"https:\/\/www.aceitenovecientos.com\/\",\"logo\":{\"@type\":\"ImageObject\",\"inLanguage\":\"en-GB\",\"@id\":\"https:\/\/www.aceitenovecientos.com\/#\/schema\/logo\/image\/\",\"url\":\"https:\/\/www.aceitenovecientos.com\/wp-content\/uploads\/2021\/12\/logo900-head.webp\",\"contentUrl\":\"https:\/\/www.aceitenovecientos.com\/wp-content\/uploads\/2021\/12\/logo900-head.webp\",\"width\":470,\"height\":110,\"caption\":\"Aceite Novecientos\"},\"image\":{\"@id\":\"https:\/\/www.aceitenovecientos.com\/#\/schema\/logo\/image\/\"},\"sameAs\":[\"https:\/\/www.facebook.com\/aceitenovecientos\/\"]}]}<\/script>\n<!-- \/ Yoast SEO plugin. -->","yoast_head_json":{"title":"Aceite de Oliva Sabor Jam\u00f3n Serrano. Aceite Gourmet - Aceite900","description":"el aceite de oliva sabor jam\u00f3n es un Condimento de aceite de oliva virgen extra aromatizado con jam\u00f3n serrano. Un aceite muy saludable.","robots":{"index":"index","follow":"follow","max-snippet":"max-snippet:-1","max-image-preview":"max-image-preview:large","max-video-preview":"max-video-preview:-1"},"canonical":"https:\/\/www.aceitenovecientos.com\/en\/product\/aceite-oliva-virgen-extra-aroma-naranja-900\/","og_locale":"en_GB","og_type":"article","og_title":"Aceite de Oliva Sabor Jam\u00f3n Serrano. Aceite Gourmet - Aceite900","og_description":"el aceite de oliva sabor jam\u00f3n es un Condimento de aceite de oliva virgen extra aromatizado con jam\u00f3n serrano. Un aceite muy saludable.","og_url":"https:\/\/www.aceitenovecientos.com\/en\/product\/aceite-oliva-virgen-extra-aroma-naranja-900\/","og_site_name":"Aceite Novecientos","article_publisher":"https:\/\/www.facebook.com\/aceitenovecientos\/","article_modified_time":"2022-03-02T09:11:31+00:00","og_image":[{"width":700,"height":700,"url":"https:\/\/www.aceitenovecientos.com\/wp-content\/uploads\/2021\/09\/AROMA-NARANJA-250-ML.jpg","type":"image\/jpeg"}],"twitter_card":"summary_large_image","twitter_misc":{"Estimated reading time":"2 minutes"},"schema":{"@context":"https:\/\/schema.org","@graph":[{"@type":"WebPage","@id":"https:\/\/www.aceitenovecientos.com\/producto\/aceite-oliva-virgen-extra-aroma-naranja-900\/","url":"https:\/\/www.aceitenovecientos.com\/producto\/aceite-oliva-virgen-extra-aroma-naranja-900\/","name":"Aceite de Oliva Sabor Jam\u00f3n Serrano. Aceite Gourmet - Aceite900","isPartOf":{"@id":"https:\/\/www.aceitenovecientos.com\/#website"},"primaryImageOfPage":{"@id":"https:\/\/www.aceitenovecientos.com\/producto\/aceite-oliva-virgen-extra-aroma-naranja-900\/#primaryimage"},"image":{"@id":"https:\/\/www.aceitenovecientos.com\/producto\/aceite-oliva-virgen-extra-aroma-naranja-900\/#primaryimage"},"thumbnailUrl":"https:\/\/www.aceitenovecientos.com\/wp-content\/uploads\/2021\/09\/AROMA-NARANJA-250-ML.jpg","datePublished":"2021-09-08T08:12:46+00:00","dateModified":"2022-03-02T09:11:31+00:00","description":"el aceite de oliva sabor jam\u00f3n es un Condimento de aceite de oliva virgen extra aromatizado con jam\u00f3n serrano. Un aceite muy saludable.","breadcrumb":{"@id":"https:\/\/www.aceitenovecientos.com\/producto\/aceite-oliva-virgen-extra-aroma-naranja-900\/#breadcrumb"},"inLanguage":"en-GB","potentialAction":[{"@type":"ReadAction","target":["https:\/\/www.aceitenovecientos.com\/producto\/aceite-oliva-virgen-extra-aroma-naranja-900\/"]}]},{"@type":"ImageObject","inLanguage":"en-GB","@id":"https:\/\/www.aceitenovecientos.com\/producto\/aceite-oliva-virgen-extra-aroma-naranja-900\/#primaryimage","url":"https:\/\/www.aceitenovecientos.com\/wp-content\/uploads\/2021\/09\/AROMA-NARANJA-250-ML.jpg","contentUrl":"https:\/\/www.aceitenovecientos.com\/wp-content\/uploads\/2021\/09\/AROMA-NARANJA-250-ML.jpg","width":700,"height":700,"caption":"AROMATIZED OIL ORANGE FLAVOR"},{"@type":"BreadcrumbList","@id":"https:\/\/www.aceitenovecientos.com\/producto\/aceite-oliva-virgen-extra-aroma-naranja-900\/#breadcrumb","itemListElement":[{"@type":"ListItem","position":1,"name":"Portada","item":"https:\/\/www.aceitenovecientos.com\/"},{"@type":"ListItem","position":2,"name":"Cat\u00e1logo","item":"https:\/\/www.aceitenovecientos.com\/shop\/"},{"@type":"ListItem","position":3,"name":"Aceite de Oliva Virgen Extra aroma Naranja 900"}]},{"@type":"WebSite","@id":"https:\/\/www.aceitenovecientos.com\/#website","url":"https:\/\/www.aceitenovecientos.com\/","name":"Aceite Novecientos","description":"Aceite de Oliva de Ja\u00e9n","publisher":{"@id":"https:\/\/www.aceitenovecientos.com\/#organization"},"potentialAction":[{"@type":"SearchAction","target":{"@type":"EntryPoint","urlTemplate":"https:\/\/www.aceitenovecientos.com\/?s={search_term_string}"},"query-input":{"@type":"PropertyValueSpecification","valueRequired":true,"valueName":"search_term_string"}}],"inLanguage":"en-GB"},{"@type":"Organization","@id":"https:\/\/www.aceitenovecientos.com\/#organization","name":"Aceite Novecientos","url":"https:\/\/www.aceitenovecientos.com\/","logo":{"@type":"ImageObject","inLanguage":"en-GB","@id":"https:\/\/www.aceitenovecientos.com\/#\/schema\/logo\/image\/","url":"https:\/\/www.aceitenovecientos.com\/wp-content\/uploads\/2021\/12\/logo900-head.webp","contentUrl":"https:\/\/www.aceitenovecientos.com\/wp-content\/uploads\/2021\/12\/logo900-head.webp","width":470,"height":110,"caption":"Aceite Novecientos"},"image":{"@id":"https:\/\/www.aceitenovecientos.com\/#\/schema\/logo\/image\/"},"sameAs":["https:\/\/www.facebook.com\/aceitenovecientos\/"]}]}},"_links":{"self":[{"href":"https:\/\/www.aceitenovecientos.com\/en\/wp-json\/wp\/v2\/product\/2595","targetHints":{"allow":["GET"]}}],"collection":[{"href":"https:\/\/www.aceitenovecientos.com\/en\/wp-json\/wp\/v2\/product"}],"about":[{"href":"https:\/\/www.aceitenovecientos.com\/en\/wp-json\/wp\/v2\/types\/product"}],"replies":[{"embeddable":true,"href":"https:\/\/www.aceitenovecientos.com\/en\/wp-json\/wp\/v2\/comments?post=2595"}],"wp:featuredmedia":[{"embeddable":true,"href":"https:\/\/www.aceitenovecientos.com\/en\/wp-json\/wp\/v2\/media\/2625"}],"wp:attachment":[{"href":"https:\/\/www.aceitenovecientos.com\/en\/wp-json\/wp\/v2\/media?parent=2595"}],"wp:term":[{"taxonomy":"product_cat","embeddable":true,"href":"https:\/\/www.aceitenovecientos.com\/en\/wp-json\/wp\/v2\/product_cat?post=2595"},{"taxonomy":"product_tag","embeddable":true,"href":"https:\/\/www.aceitenovecientos.com\/en\/wp-json\/wp\/v2\/product_tag?post=2595"}],"curies":[{"name":"wp","href":"https:\/\/api.w.org\/{rel}","templated":true}]}}