{"id":2587,"date":"2021-09-08T07:51:26","date_gmt":"2021-09-08T07:51:26","guid":{"rendered":"https:\/\/www.aceitenovecientos.com\/?post_type=product&#038;p=2587"},"modified":"2022-03-02T10:19:22","modified_gmt":"2022-03-02T09:19:22","slug":"aceite-oliva-virgen-extra-aroma-ahumado-900","status":"publish","type":"product","link":"https:\/\/www.aceitenovecientos.com\/en\/product\/aceite-oliva-virgen-extra-aroma-ahumado-900\/","title":{"rendered":"Aceite de Oliva Virgen Extra aroma Ahumado 900"},"content":{"rendered":"<h2>Aceite de Oliva Sabor Ahumado<\/h2>\n<p>Condimento de\u00a0<strong>aceite de oliva\u00a0sabor ahumado. Aceite virgen extra.<\/strong><\/p>\n<p>Aceite aderezado con extractos de distintos sabores con caracter\u00edsticas especiales liposolubles. \u00a0El fin es obtener\u00a0 aceites de oliva ahumados virgen extra con los beneficios saludables de este, con un toque de originalidad. Con un toque de este Aove ahumado conseguir\u00e1s un sabor diferente en cualquier alimento. Ya sean verduras hervidas, carnes o pescados .<\/p>\n<p>El ahumado ha sido una t\u00e9cnica de conservaci\u00f3n de alimentos utilizada desde la antig\u00fcedad. Cualquier plato de carne o pescado cocinado con este aceite resultar\u00e1 delicioso. Y que mejor forma que fusionar esta t\u00e9cnica con el aceite de oliva virgen extra. De este modo se hacen m\u00e1s apetecibles a cocineros que buscan sorprender con sabores interesantes a los comensales.<\/p>\n<h3><strong>Conservaci\u00f3n del aceite de oliva ahumado<\/strong><\/h3>\n<p>Conservar el aceite de oliva ahumado en lugar fresco y seco. Preservar de la luz y del exceso de calor. Aunque el envase ideal debe ser opaco para protegerlo de la fotoxidaci\u00f3n, si se adquiere en envase transparente, es aconsejable guardarlo dentro de un armario de cocina o trastero, as\u00ed mantendr\u00e1 todas sus propiedades durante muchos meses.<\/p>\n<h3><strong>Beneficios para la salud<\/strong><\/h3>\n<p>El aceite de oliva virgen extra tiene una serie de componentes altamente beneficiosos para la salud. Entre ellos las grasas monoinsaturada, el \u00e1cido oleico, flavonoides, polifenoles, antioxidantes y otros nutrientes antiinflamatorios. Existen m\u00faltiples estudios publicados con las propiedades saludables del AOVE. A modo de resumen vamos a enumerar algunas de ellas:<\/p>\n<ul>\n<li>Ayuda a disminuir el riesgo de enfermedad coronaria y a reducir la presi\u00f3n arterial y los niveles de colesterol malo.<\/li>\n<li>Previene el envejecimiento prematuro y ayuda a la hidrataci\u00f3n de la piel.<\/li>\n<li>Puede ayudar a perder peso debido a la sensaci\u00f3n de saciedad que produce.<\/li>\n<li>Los componentes antiinflamatorios pueden ayudar a reducir dolores asociados a las articulaciones y m\u00fasculos.<\/li>\n<li>En un estudio publicado por la revista cient\u00edfica\u00a0Diabetes Care\u00a0se revel\u00f3 que cualquier dieta mediterr\u00e1nea que tiene aceite de oliva\u00a0es capaz de reducir los casos de diabetes tipo II hasta en un 50%.\u00a0Esto se debe a que el aceite de oliva contiene grasas saludables que podr\u00edan ayudar a regular los niveles de az\u00facar en la sangre y la producci\u00f3n de insulina.<\/li>\n<\/ul>\n<h3><strong>Usos culinarios y maridaje<\/strong><\/h3>\n<p>Los reconocidos beneficios para la salud del aceite de oliva virgen extra lo hacen id\u00f3neo como acompa\u00f1amiento y aderezo de cualquier plato de cocina ya sea sofisticado o sencillo. En crudo es acompa\u00f1ante indispensable de ensaladas de vegetales o pastas, desayunos, sopas y gazpachos fr\u00edos. En caliente crece y debido a su alta densidad no penetra en los alimentos tanto como otras grasas, haciendo que sean m\u00e1s saludables y que conserven mejor sus propiedades. Su alto contenido en \u00e1cido oleico y antioxidantes naturales lo hacen m\u00e1s estable y resistente a altas temperaturas. Es ideal para cocinar carnes, pescados, verduras, pastas y en general cualquier alimento.<\/p>\n<p>El ahumado ha sido una t\u00e9cnica de conservaci\u00f3n de alimentos utilizada desde la antig\u00fcedad. Cualquier plato de carne o pescado cocinado con este aceite resultar\u00e1 delicioso.<\/p>\n<p>Aunque el ACEITE DE OLIVA SABOR\u00a0AHUMADO tiene infinidad de aplicaciones con el \u00fanico l\u00edmite de tu imaginaci\u00f3n, es el ideal acompa\u00f1ante de cualquier pescado a la plancha, merluza, aguja, salm\u00f3n, etc. A\u00f1ade una hierba arom\u00e1tica al gusto, a ser posible fresca, como cilantro, eneldo, salvia o perejil. Un plato sencillo que te ahorrar\u00e1 tiempo sin renunciar al paladar y que le dar\u00e1 un toque singular que lo har\u00e1 apetitoso.<br \/>\nSi necesitas o quieres saber m\u00e1s sobre el posible uso de los aceites saborizados en funci\u00f3n de la variedad, consulta el documento de Maridajes\u00a0y conoce todos los detalles.<\/p>\n<p><a href=\"http:\/\/www.aceitenovecientos.com\/wp-content\/uploads\/2016\/10\/maridajes.pdf\" target=\"_blank\" rel=\"noopener noreferrer\"><span class=\"boton\">Ver Documento<\/span><\/a><\/p>\n<p><strong>Mas datos sobre Aromatizado Ahumado 900:<\/strong><\/p>\n<p><strong>Ingredientes: <\/strong>Aceite de Oliva Virgen Extra Sabor Ahumado.<\/p>\n<p><img loading=\"lazy\" decoding=\"async\" class=\"alignnone size-full wp-image-2531\" src=\"https:\/\/www.aceitenovecientos.com\/wp-content\/uploads\/2016\/08\/Captura-tabla.png\" alt=\"\" width=\"584\" height=\"260\" srcset=\"https:\/\/www.aceitenovecientos.com\/wp-content\/uploads\/2016\/08\/Captura-tabla.png 584w, https:\/\/www.aceitenovecientos.com\/wp-content\/uploads\/2016\/08\/Captura-tabla-416x185.png 416w, https:\/\/www.aceitenovecientos.com\/wp-content\/uploads\/2016\/08\/Captura-tabla-300x134.png 300w, https:\/\/www.aceitenovecientos.com\/wp-content\/uploads\/2016\/08\/Captura-tabla-260x116.png 260w, https:\/\/www.aceitenovecientos.com\/wp-content\/uploads\/2016\/08\/Captura-tabla-50x22.png 50w, https:\/\/www.aceitenovecientos.com\/wp-content\/uploads\/2016\/08\/Captura-tabla-150x67.png 150w\" sizes=\"auto, (max-width: 584px) 100vw, 584px\" \/><\/p>","protected":false},"excerpt":{"rendered":"<p>Condimento de aceite de oliva virgen extra con\u00a0<strong>aroma ahumado<\/strong>. Una forma original de tomar un alimento tradicional y saludable.<\/p>\n<p>Aunque el ACEITE DE OLIVA VIRGEN EXTRA 900 AHUMADO tiene infinidad de aplicaciones con el \u00fanico l\u00edmite de tu imaginaci\u00f3n: es el ideal acompa\u00f1ante de cualquier pescado a la plancha, merluza, aguja, salm\u00f3n, etc. A\u00f1ade una hierba arom\u00e1tica al gusto, a ser posible fresca, como cilantro, eneldo, salvia o perejil. Un plato sencillo que te ahorrar\u00e1 tiempo sin renunciar al paladar y que le dar\u00e1 un toque singular que lo har\u00e1 apetitoso.<\/p>","protected":false},"featured_media":2623,"comment_status":"open","ping_status":"closed","template":"","meta":[],"product_cat":[179,8],"product_tag":[11,25,15,12],"class_list":{"0":"post-2587","1":"product","2":"type-product","3":"status-publish","4":"has-post-thumbnail","6":"product_cat-aceite-de-oliva-aromatizado","7":"product_cat-aceite-de-oliva-virgen-extra","8":"product_tag-aceite-de-oliva","9":"product_tag-aceite-sabor-jamon-serrano","10":"product_tag-aceite-saborizado","11":"product_tag-virgen-extra","13":"first","14":"instock","15":"taxable","16":"shipping-taxable","17":"purchasable","18":"product-type-variable"},"yoast_head":"<!-- This site is optimized with the Yoast SEO plugin v24.1 - https:\/\/yoast.com\/wordpress\/plugins\/seo\/ -->\n<title>Aceite de Oliva Sabor Jam\u00f3n Serrano. Aceite Gourmet - Aceite900<\/title>\n<meta name=\"description\" content=\"el aceite de oliva sabor jam\u00f3n es un Condimento de aceite de oliva virgen extra aromatizado con jam\u00f3n serrano. Un aceite muy saludable.\" \/>\n<meta name=\"robots\" content=\"index, follow, max-snippet:-1, max-image-preview:large, max-video-preview:-1\" \/>\n<link rel=\"canonical\" href=\"https:\/\/www.aceitenovecientos.com\/en\/product\/aceite-oliva-virgen-extra-aroma-ahumado-900\/\" \/>\n<meta property=\"og:locale\" content=\"en_GB\" \/>\n<meta property=\"og:type\" content=\"article\" \/>\n<meta property=\"og:title\" content=\"Aceite de Oliva Sabor Jam\u00f3n Serrano. Aceite Gourmet - Aceite900\" \/>\n<meta property=\"og:description\" content=\"el aceite de oliva sabor jam\u00f3n es un Condimento de aceite de oliva virgen extra aromatizado con jam\u00f3n serrano. Un aceite muy saludable.\" \/>\n<meta property=\"og:url\" content=\"https:\/\/www.aceitenovecientos.com\/en\/product\/aceite-oliva-virgen-extra-aroma-ahumado-900\/\" \/>\n<meta property=\"og:site_name\" content=\"Aceite Novecientos\" \/>\n<meta property=\"article:publisher\" content=\"https:\/\/www.facebook.com\/aceitenovecientos\/\" \/>\n<meta property=\"article:modified_time\" content=\"2022-03-02T09:19:22+00:00\" \/>\n<meta property=\"og:image\" content=\"https:\/\/www.aceitenovecientos.com\/wp-content\/uploads\/2021\/09\/AROMA-AHUMADO-250-ML.jpg\" \/>\n\t<meta property=\"og:image:width\" content=\"700\" \/>\n\t<meta property=\"og:image:height\" content=\"700\" \/>\n\t<meta property=\"og:image:type\" content=\"image\/jpeg\" \/>\n<meta name=\"twitter:card\" content=\"summary_large_image\" \/>\n<meta name=\"twitter:label1\" content=\"Estimated reading time\" \/>\n\t<meta name=\"twitter:data1\" content=\"3 minutes\" \/>\n<script type=\"application\/ld+json\" class=\"yoast-schema-graph\">{\"@context\":\"https:\/\/schema.org\",\"@graph\":[{\"@type\":\"WebPage\",\"@id\":\"https:\/\/www.aceitenovecientos.com\/producto\/aceite-oliva-virgen-extra-aroma-ahumado-900\/\",\"url\":\"https:\/\/www.aceitenovecientos.com\/producto\/aceite-oliva-virgen-extra-aroma-ahumado-900\/\",\"name\":\"Aceite de Oliva Sabor Jam\u00f3n Serrano. Aceite Gourmet - Aceite900\",\"isPartOf\":{\"@id\":\"https:\/\/www.aceitenovecientos.com\/#website\"},\"primaryImageOfPage\":{\"@id\":\"https:\/\/www.aceitenovecientos.com\/producto\/aceite-oliva-virgen-extra-aroma-ahumado-900\/#primaryimage\"},\"image\":{\"@id\":\"https:\/\/www.aceitenovecientos.com\/producto\/aceite-oliva-virgen-extra-aroma-ahumado-900\/#primaryimage\"},\"thumbnailUrl\":\"https:\/\/www.aceitenovecientos.com\/wp-content\/uploads\/2021\/09\/AROMA-AHUMADO-250-ML.jpg\",\"datePublished\":\"2021-09-08T07:51:26+00:00\",\"dateModified\":\"2022-03-02T09:19:22+00:00\",\"description\":\"el aceite de oliva sabor jam\u00f3n es un Condimento de aceite de oliva virgen extra aromatizado con jam\u00f3n serrano. Un aceite muy saludable.\",\"breadcrumb\":{\"@id\":\"https:\/\/www.aceitenovecientos.com\/producto\/aceite-oliva-virgen-extra-aroma-ahumado-900\/#breadcrumb\"},\"inLanguage\":\"en-GB\",\"potentialAction\":[{\"@type\":\"ReadAction\",\"target\":[\"https:\/\/www.aceitenovecientos.com\/producto\/aceite-oliva-virgen-extra-aroma-ahumado-900\/\"]}]},{\"@type\":\"ImageObject\",\"inLanguage\":\"en-GB\",\"@id\":\"https:\/\/www.aceitenovecientos.com\/producto\/aceite-oliva-virgen-extra-aroma-ahumado-900\/#primaryimage\",\"url\":\"https:\/\/www.aceitenovecientos.com\/wp-content\/uploads\/2021\/09\/AROMA-AHUMADO-250-ML.jpg\",\"contentUrl\":\"https:\/\/www.aceitenovecientos.com\/wp-content\/uploads\/2021\/09\/AROMA-AHUMADO-250-ML.jpg\",\"width\":700,\"height\":700,\"caption\":\"HUILE D'OLIVE FUM\u00c9E EXTRA VIERGE\"},{\"@type\":\"BreadcrumbList\",\"@id\":\"https:\/\/www.aceitenovecientos.com\/producto\/aceite-oliva-virgen-extra-aroma-ahumado-900\/#breadcrumb\",\"itemListElement\":[{\"@type\":\"ListItem\",\"position\":1,\"name\":\"Portada\",\"item\":\"https:\/\/www.aceitenovecientos.com\/\"},{\"@type\":\"ListItem\",\"position\":2,\"name\":\"Cat\u00e1logo\",\"item\":\"https:\/\/www.aceitenovecientos.com\/shop\/\"},{\"@type\":\"ListItem\",\"position\":3,\"name\":\"Aceite de Oliva Virgen Extra aroma Ahumado 900\"}]},{\"@type\":\"WebSite\",\"@id\":\"https:\/\/www.aceitenovecientos.com\/#website\",\"url\":\"https:\/\/www.aceitenovecientos.com\/\",\"name\":\"Aceite Novecientos\",\"description\":\"Aceite de Oliva de Ja\u00e9n\",\"publisher\":{\"@id\":\"https:\/\/www.aceitenovecientos.com\/#organization\"},\"potentialAction\":[{\"@type\":\"SearchAction\",\"target\":{\"@type\":\"EntryPoint\",\"urlTemplate\":\"https:\/\/www.aceitenovecientos.com\/?s={search_term_string}\"},\"query-input\":{\"@type\":\"PropertyValueSpecification\",\"valueRequired\":true,\"valueName\":\"search_term_string\"}}],\"inLanguage\":\"en-GB\"},{\"@type\":\"Organization\",\"@id\":\"https:\/\/www.aceitenovecientos.com\/#organization\",\"name\":\"Aceite Novecientos\",\"url\":\"https:\/\/www.aceitenovecientos.com\/\",\"logo\":{\"@type\":\"ImageObject\",\"inLanguage\":\"en-GB\",\"@id\":\"https:\/\/www.aceitenovecientos.com\/#\/schema\/logo\/image\/\",\"url\":\"https:\/\/www.aceitenovecientos.com\/wp-content\/uploads\/2021\/12\/logo900-head.webp\",\"contentUrl\":\"https:\/\/www.aceitenovecientos.com\/wp-content\/uploads\/2021\/12\/logo900-head.webp\",\"width\":470,\"height\":110,\"caption\":\"Aceite Novecientos\"},\"image\":{\"@id\":\"https:\/\/www.aceitenovecientos.com\/#\/schema\/logo\/image\/\"},\"sameAs\":[\"https:\/\/www.facebook.com\/aceitenovecientos\/\"]}]}<\/script>\n<!-- \/ Yoast SEO plugin. -->","yoast_head_json":{"title":"Aceite de Oliva Sabor Jam\u00f3n Serrano. Aceite Gourmet - Aceite900","description":"el aceite de oliva sabor jam\u00f3n es un Condimento de aceite de oliva virgen extra aromatizado con jam\u00f3n serrano. Un aceite muy saludable.","robots":{"index":"index","follow":"follow","max-snippet":"max-snippet:-1","max-image-preview":"max-image-preview:large","max-video-preview":"max-video-preview:-1"},"canonical":"https:\/\/www.aceitenovecientos.com\/en\/product\/aceite-oliva-virgen-extra-aroma-ahumado-900\/","og_locale":"en_GB","og_type":"article","og_title":"Aceite de Oliva Sabor Jam\u00f3n Serrano. Aceite Gourmet - Aceite900","og_description":"el aceite de oliva sabor jam\u00f3n es un Condimento de aceite de oliva virgen extra aromatizado con jam\u00f3n serrano. Un aceite muy saludable.","og_url":"https:\/\/www.aceitenovecientos.com\/en\/product\/aceite-oliva-virgen-extra-aroma-ahumado-900\/","og_site_name":"Aceite Novecientos","article_publisher":"https:\/\/www.facebook.com\/aceitenovecientos\/","article_modified_time":"2022-03-02T09:19:22+00:00","og_image":[{"width":700,"height":700,"url":"https:\/\/www.aceitenovecientos.com\/wp-content\/uploads\/2021\/09\/AROMA-AHUMADO-250-ML.jpg","type":"image\/jpeg"}],"twitter_card":"summary_large_image","twitter_misc":{"Estimated reading time":"3 minutes"},"schema":{"@context":"https:\/\/schema.org","@graph":[{"@type":"WebPage","@id":"https:\/\/www.aceitenovecientos.com\/producto\/aceite-oliva-virgen-extra-aroma-ahumado-900\/","url":"https:\/\/www.aceitenovecientos.com\/producto\/aceite-oliva-virgen-extra-aroma-ahumado-900\/","name":"Aceite de Oliva Sabor Jam\u00f3n Serrano. Aceite Gourmet - Aceite900","isPartOf":{"@id":"https:\/\/www.aceitenovecientos.com\/#website"},"primaryImageOfPage":{"@id":"https:\/\/www.aceitenovecientos.com\/producto\/aceite-oliva-virgen-extra-aroma-ahumado-900\/#primaryimage"},"image":{"@id":"https:\/\/www.aceitenovecientos.com\/producto\/aceite-oliva-virgen-extra-aroma-ahumado-900\/#primaryimage"},"thumbnailUrl":"https:\/\/www.aceitenovecientos.com\/wp-content\/uploads\/2021\/09\/AROMA-AHUMADO-250-ML.jpg","datePublished":"2021-09-08T07:51:26+00:00","dateModified":"2022-03-02T09:19:22+00:00","description":"el aceite de oliva sabor jam\u00f3n es un Condimento de aceite de oliva virgen extra aromatizado con jam\u00f3n serrano. Un aceite muy saludable.","breadcrumb":{"@id":"https:\/\/www.aceitenovecientos.com\/producto\/aceite-oliva-virgen-extra-aroma-ahumado-900\/#breadcrumb"},"inLanguage":"en-GB","potentialAction":[{"@type":"ReadAction","target":["https:\/\/www.aceitenovecientos.com\/producto\/aceite-oliva-virgen-extra-aroma-ahumado-900\/"]}]},{"@type":"ImageObject","inLanguage":"en-GB","@id":"https:\/\/www.aceitenovecientos.com\/producto\/aceite-oliva-virgen-extra-aroma-ahumado-900\/#primaryimage","url":"https:\/\/www.aceitenovecientos.com\/wp-content\/uploads\/2021\/09\/AROMA-AHUMADO-250-ML.jpg","contentUrl":"https:\/\/www.aceitenovecientos.com\/wp-content\/uploads\/2021\/09\/AROMA-AHUMADO-250-ML.jpg","width":700,"height":700,"caption":"HUILE D'OLIVE FUM\u00c9E EXTRA VIERGE"},{"@type":"BreadcrumbList","@id":"https:\/\/www.aceitenovecientos.com\/producto\/aceite-oliva-virgen-extra-aroma-ahumado-900\/#breadcrumb","itemListElement":[{"@type":"ListItem","position":1,"name":"Portada","item":"https:\/\/www.aceitenovecientos.com\/"},{"@type":"ListItem","position":2,"name":"Cat\u00e1logo","item":"https:\/\/www.aceitenovecientos.com\/shop\/"},{"@type":"ListItem","position":3,"name":"Aceite de Oliva Virgen Extra aroma Ahumado 900"}]},{"@type":"WebSite","@id":"https:\/\/www.aceitenovecientos.com\/#website","url":"https:\/\/www.aceitenovecientos.com\/","name":"Aceite Novecientos","description":"Aceite de Oliva de Ja\u00e9n","publisher":{"@id":"https:\/\/www.aceitenovecientos.com\/#organization"},"potentialAction":[{"@type":"SearchAction","target":{"@type":"EntryPoint","urlTemplate":"https:\/\/www.aceitenovecientos.com\/?s={search_term_string}"},"query-input":{"@type":"PropertyValueSpecification","valueRequired":true,"valueName":"search_term_string"}}],"inLanguage":"en-GB"},{"@type":"Organization","@id":"https:\/\/www.aceitenovecientos.com\/#organization","name":"Aceite Novecientos","url":"https:\/\/www.aceitenovecientos.com\/","logo":{"@type":"ImageObject","inLanguage":"en-GB","@id":"https:\/\/www.aceitenovecientos.com\/#\/schema\/logo\/image\/","url":"https:\/\/www.aceitenovecientos.com\/wp-content\/uploads\/2021\/12\/logo900-head.webp","contentUrl":"https:\/\/www.aceitenovecientos.com\/wp-content\/uploads\/2021\/12\/logo900-head.webp","width":470,"height":110,"caption":"Aceite Novecientos"},"image":{"@id":"https:\/\/www.aceitenovecientos.com\/#\/schema\/logo\/image\/"},"sameAs":["https:\/\/www.facebook.com\/aceitenovecientos\/"]}]}},"_links":{"self":[{"href":"https:\/\/www.aceitenovecientos.com\/en\/wp-json\/wp\/v2\/product\/2587","targetHints":{"allow":["GET"]}}],"collection":[{"href":"https:\/\/www.aceitenovecientos.com\/en\/wp-json\/wp\/v2\/product"}],"about":[{"href":"https:\/\/www.aceitenovecientos.com\/en\/wp-json\/wp\/v2\/types\/product"}],"replies":[{"embeddable":true,"href":"https:\/\/www.aceitenovecientos.com\/en\/wp-json\/wp\/v2\/comments?post=2587"}],"wp:featuredmedia":[{"embeddable":true,"href":"https:\/\/www.aceitenovecientos.com\/en\/wp-json\/wp\/v2\/media\/2623"}],"wp:attachment":[{"href":"https:\/\/www.aceitenovecientos.com\/en\/wp-json\/wp\/v2\/media?parent=2587"}],"wp:term":[{"taxonomy":"product_cat","embeddable":true,"href":"https:\/\/www.aceitenovecientos.com\/en\/wp-json\/wp\/v2\/product_cat?post=2587"},{"taxonomy":"product_tag","embeddable":true,"href":"https:\/\/www.aceitenovecientos.com\/en\/wp-json\/wp\/v2\/product_tag?post=2587"}],"curies":[{"name":"wp","href":"https:\/\/api.w.org\/{rel}","templated":true}]}}