{"id":2488,"date":"2021-01-22T11:38:25","date_gmt":"2021-01-22T11:38:25","guid":{"rendered":"https:\/\/www.aceitenovecientos.com\/?post_type=product&#038;p=2488"},"modified":"2023-02-07T10:30:58","modified_gmt":"2023-02-07T09:30:58","slug":"mini-oleoteca-gourmet-900","status":"publish","type":"product","link":"https:\/\/www.aceitenovecientos.com\/en\/product\/mini-oleoteca-gourmet-900\/","title":{"rendered":"LOTE MINI OLEOTECA GOURMET 900, PACK REGALO"},"content":{"rendered":"<p>900 te ofrece una selecci\u00f3n de nuestro mejores productos combinados en OLEOTECA GOURMET 900.<\/p>\n<p>Un acierto seguro a la hora de realizar un regalo gourmet. Cuenta con un surtido de productos elaborados con Aceite de Oliva Virgen Extra que sorprender\u00e1n al paladar m\u00e1s exquisito.<\/p>\n<h3>Este lote cuenta con:<\/h3>\n<p><strong>Una botella de<\/strong> <strong>Aceite de Oliva Virgen Extra 900 TOP<\/strong>, nuestro AOVE MAS PREMIUM En formato 100 ml.<\/p>\n<p><span style=\"color: #000000;\"><strong>Tres Jaleas 900<\/strong><\/span> elaboradas artesanalmente con aceite de oliva virgen extra de m\u00e1xima calidad. Una textura singular y dulce para acompa\u00f1ar a cualquier producto tradicional de la dieta mediterr\u00e1nea. 900 ha conseguido transformar el AOVE en un producto similar a la mermelada tradicional que no deja indiferente. Maridaje ideal del sabor dulce y del frutado del aceite, perfecto para platos dulces, pero tambi\u00e9n para salados.<\/p>\n<p>En sus cuatro versiones:<\/p>\n<ul>\n<li>Jalea de Aove 900 Natural.<\/li>\n<li>Jalea de Aove 900 Cacao.<\/li>\n<li>Jalea de Aove 900 Canela.<\/li>\n<li>Jalea de Aove 900 Naranja.<\/li>\n<\/ul>\n<p><span style=\"color: #000000;\"><strong>Cinco unidades de AOVE 900 <\/strong><\/span><span style=\"color: #000000;\"><b>Aromatizado<\/b><\/span>, a elegir entre nuestros siete sabores siguientes:<\/p>\n<ul>\n<li>Aove Aromatizado Chocolate.<\/li>\n<li>Aove Aromatizado Ahumado.<\/li>\n<li>Aove Aromatizado Trufa Blanca.<\/li>\n<li>Aove Aromatizado Jam\u00f3n Serrano<\/li>\n<li>Aove Aromatizado Naranja<\/li>\n<li>Aove Aromatizado Albahaca<\/li>\n<li>Aove Aromatizado Curry<\/li>\n<\/ul>\n<p><span style=\"color: #000000;\"><strong>Un bote de pat\u00e9 ecol\u00f3gico de aceituna negra <\/strong>con aceite de oliva virgen extra.<\/span><\/p>\n<p><span style=\"color: #000000;\"><b>Una botella de vinagre de frambuesa, <\/b>el cual da un toque muy peculiar a cualquier plato.<\/span><\/p>\n<h3>Experiencias 900<\/h3>\n<p>Da un toque Novecientos a tus regalos o incluso date un capricho con esta MINI OLEOTECA 900, en donde el aceite de oliva virgen extra es el protagonista.<\/p>\n<p>Debes establecer tu elecci\u00f3n en el apartado \u00abnotas del pedido\u00bb ar realizar tu pedido.<\/p>","protected":false},"excerpt":{"rendered":"<p>Lote 900 ideal para regalo, compuesto por un surtido de productos en donde el Aceite de Oliva virgen Extra es el protagonista. Compuesto por:<\/p>\n<p>-. 3 JALEAS DE ACEITE DE OLIVA VIRGEN EXTRA 900<\/p>\n<p>-. 5 AOVES AROMATIZADOS 900 DE 100 ml.<\/p>\n<p>-. 1 AOVE 900 TOP 100 ml.<\/p>\n<p>-. 1 BOTE DE SEMILLA DE OLIVO 900<\/p>\n<p>-. 1 VINAGRE FRAMBUESA 900 DE 100 ml.<\/p>\n<p>Todo a libre de elecci\u00f3n. Concrete los productos elegidos en el campo \u00abNotas de pedido\u00bb que aparece al realizar la compra o escribanos email a <a href=\"mailto:info@900foods.com\">info@900foods.com<\/a><\/p>\n<p>Sorprenda a sus familiares y amigos regalando este maravillo lote de productos de alta calidad y textura original.<\/p>","protected":false},"featured_media":3025,"comment_status":"closed","ping_status":"closed","template":"","meta":[],"product_cat":[186],"product_tag":[],"class_list":{"0":"post-2488","1":"product","2":"type-product","3":"status-publish","4":"has-post-thumbnail","6":"product_cat-regalos","8":"first","9":"instock","10":"taxable","11":"shipping-taxable","12":"purchasable","13":"product-type-simple"},"yoast_head":"<!-- This site is optimized with the Yoast SEO plugin v24.1 - https:\/\/yoast.com\/wordpress\/plugins\/seo\/ -->\n<title>LOTE MINI OLEOTECA GOURMET 900, PACK REGALO - Aceite Novecientos<\/title>\n<meta name=\"robots\" content=\"index, follow, max-snippet:-1, max-image-preview:large, max-video-preview:-1\" \/>\n<link rel=\"canonical\" href=\"https:\/\/www.aceitenovecientos.com\/en\/product\/mini-oleoteca-gourmet-900\/\" \/>\n<meta property=\"og:locale\" content=\"en_GB\" \/>\n<meta property=\"og:type\" content=\"article\" \/>\n<meta property=\"og:title\" content=\"LOTE MINI OLEOTECA GOURMET 900, PACK REGALO - Aceite Novecientos\" \/>\n<meta property=\"og:description\" content=\"Lote 900 ideal para regalo, compuesto por un surtido de productos en donde el Aceite de Oliva virgen Extra es el protagonista. Compuesto por:  -. 3 JALEAS DE ACEITE DE OLIVA VIRGEN EXTRA 900  -. 5 AOVES AROMATIZADOS 900 DE 100 ml.  -. 1 AOVE 900 TOP 100 ml.  -. 1 BOTE DE SEMILLA DE OLIVO 900  -. 1 VINAGRE FRAMBUESA 900 DE 100 ml.  Todo a libre de elecci\u00f3n. Concrete los productos elegidos en el campo &quot;Notas de pedido&quot; que aparece al realizar la compra o escribanos email a info@900foods.com  Sorprenda a sus familiares y amigos regalando este maravillo lote de productos de alta calidad y textura original.\" \/>\n<meta property=\"og:url\" content=\"https:\/\/www.aceitenovecientos.com\/en\/product\/mini-oleoteca-gourmet-900\/\" \/>\n<meta property=\"og:site_name\" content=\"Aceite Novecientos\" \/>\n<meta property=\"article:publisher\" content=\"https:\/\/www.facebook.com\/aceitenovecientos\/\" \/>\n<meta property=\"article:modified_time\" content=\"2023-02-07T09:30:58+00:00\" \/>\n<meta property=\"og:image\" content=\"https:\/\/www.aceitenovecientos.com\/wp-content\/uploads\/2021\/01\/MINI-OLEOTECA-900.png\" \/>\n\t<meta property=\"og:image:width\" content=\"560\" \/>\n\t<meta property=\"og:image:height\" content=\"445\" \/>\n\t<meta property=\"og:image:type\" content=\"image\/png\" \/>\n<meta name=\"twitter:card\" content=\"summary_large_image\" \/>\n<meta name=\"twitter:label1\" content=\"Estimated reading time\" \/>\n\t<meta name=\"twitter:data1\" content=\"2 minutes\" \/>\n<script type=\"application\/ld+json\" class=\"yoast-schema-graph\">{\"@context\":\"https:\/\/schema.org\",\"@graph\":[{\"@type\":\"WebPage\",\"@id\":\"https:\/\/www.aceitenovecientos.com\/producto\/mini-oleoteca-gourmet-900\/\",\"url\":\"https:\/\/www.aceitenovecientos.com\/producto\/mini-oleoteca-gourmet-900\/\",\"name\":\"LOTE MINI OLEOTECA GOURMET 900, PACK REGALO - Aceite Novecientos\",\"isPartOf\":{\"@id\":\"https:\/\/www.aceitenovecientos.com\/#website\"},\"primaryImageOfPage\":{\"@id\":\"https:\/\/www.aceitenovecientos.com\/producto\/mini-oleoteca-gourmet-900\/#primaryimage\"},\"image\":{\"@id\":\"https:\/\/www.aceitenovecientos.com\/producto\/mini-oleoteca-gourmet-900\/#primaryimage\"},\"thumbnailUrl\":\"https:\/\/www.aceitenovecientos.com\/wp-content\/uploads\/2021\/01\/MINI-OLEOTECA-900.png\",\"datePublished\":\"2021-01-22T11:38:25+00:00\",\"dateModified\":\"2023-02-07T09:30:58+00:00\",\"breadcrumb\":{\"@id\":\"https:\/\/www.aceitenovecientos.com\/producto\/mini-oleoteca-gourmet-900\/#breadcrumb\"},\"inLanguage\":\"en-GB\",\"potentialAction\":[{\"@type\":\"ReadAction\",\"target\":[\"https:\/\/www.aceitenovecientos.com\/producto\/mini-oleoteca-gourmet-900\/\"]}]},{\"@type\":\"ImageObject\",\"inLanguage\":\"en-GB\",\"@id\":\"https:\/\/www.aceitenovecientos.com\/producto\/mini-oleoteca-gourmet-900\/#primaryimage\",\"url\":\"https:\/\/www.aceitenovecientos.com\/wp-content\/uploads\/2021\/01\/MINI-OLEOTECA-900.png\",\"contentUrl\":\"https:\/\/www.aceitenovecientos.com\/wp-content\/uploads\/2021\/01\/MINI-OLEOTECA-900.png\",\"width\":560,\"height\":445,\"caption\":\"PACK REGALO GOURMET CON ACEITE DE JAEN\"},{\"@type\":\"BreadcrumbList\",\"@id\":\"https:\/\/www.aceitenovecientos.com\/producto\/mini-oleoteca-gourmet-900\/#breadcrumb\",\"itemListElement\":[{\"@type\":\"ListItem\",\"position\":1,\"name\":\"Portada\",\"item\":\"https:\/\/www.aceitenovecientos.com\/\"},{\"@type\":\"ListItem\",\"position\":2,\"name\":\"Cat\u00e1logo\",\"item\":\"https:\/\/www.aceitenovecientos.com\/shop\/\"},{\"@type\":\"ListItem\",\"position\":3,\"name\":\"LOTE MINI OLEOTECA GOURMET 900, PACK REGALO\"}]},{\"@type\":\"WebSite\",\"@id\":\"https:\/\/www.aceitenovecientos.com\/#website\",\"url\":\"https:\/\/www.aceitenovecientos.com\/\",\"name\":\"Aceite Novecientos\",\"description\":\"Aceite de Oliva de Ja\u00e9n\",\"publisher\":{\"@id\":\"https:\/\/www.aceitenovecientos.com\/#organization\"},\"potentialAction\":[{\"@type\":\"SearchAction\",\"target\":{\"@type\":\"EntryPoint\",\"urlTemplate\":\"https:\/\/www.aceitenovecientos.com\/?s={search_term_string}\"},\"query-input\":{\"@type\":\"PropertyValueSpecification\",\"valueRequired\":true,\"valueName\":\"search_term_string\"}}],\"inLanguage\":\"en-GB\"},{\"@type\":\"Organization\",\"@id\":\"https:\/\/www.aceitenovecientos.com\/#organization\",\"name\":\"Aceite Novecientos\",\"url\":\"https:\/\/www.aceitenovecientos.com\/\",\"logo\":{\"@type\":\"ImageObject\",\"inLanguage\":\"en-GB\",\"@id\":\"https:\/\/www.aceitenovecientos.com\/#\/schema\/logo\/image\/\",\"url\":\"https:\/\/www.aceitenovecientos.com\/wp-content\/uploads\/2021\/12\/logo900-head.webp\",\"contentUrl\":\"https:\/\/www.aceitenovecientos.com\/wp-content\/uploads\/2021\/12\/logo900-head.webp\",\"width\":470,\"height\":110,\"caption\":\"Aceite Novecientos\"},\"image\":{\"@id\":\"https:\/\/www.aceitenovecientos.com\/#\/schema\/logo\/image\/\"},\"sameAs\":[\"https:\/\/www.facebook.com\/aceitenovecientos\/\"]}]}<\/script>\n<!-- \/ Yoast SEO plugin. -->","yoast_head_json":{"title":"LOTE MINI OLEOTECA GOURMET 900, PACK REGALO - Aceite Novecientos","robots":{"index":"index","follow":"follow","max-snippet":"max-snippet:-1","max-image-preview":"max-image-preview:large","max-video-preview":"max-video-preview:-1"},"canonical":"https:\/\/www.aceitenovecientos.com\/en\/product\/mini-oleoteca-gourmet-900\/","og_locale":"en_GB","og_type":"article","og_title":"LOTE MINI OLEOTECA GOURMET 900, PACK REGALO - Aceite Novecientos","og_description":"Lote 900 ideal para regalo, compuesto por un surtido de productos en donde el Aceite de Oliva virgen Extra es el protagonista. Compuesto por:  -. 3 JALEAS DE ACEITE DE OLIVA VIRGEN EXTRA 900  -. 5 AOVES AROMATIZADOS 900 DE 100 ml.  -. 1 AOVE 900 TOP 100 ml.  -. 1 BOTE DE SEMILLA DE OLIVO 900  -. 1 VINAGRE FRAMBUESA 900 DE 100 ml.  Todo a libre de elecci\u00f3n. Concrete los productos elegidos en el campo \"Notas de pedido\" que aparece al realizar la compra o escribanos email a info@900foods.com  Sorprenda a sus familiares y amigos regalando este maravillo lote de productos de alta calidad y textura original.","og_url":"https:\/\/www.aceitenovecientos.com\/en\/product\/mini-oleoteca-gourmet-900\/","og_site_name":"Aceite Novecientos","article_publisher":"https:\/\/www.facebook.com\/aceitenovecientos\/","article_modified_time":"2023-02-07T09:30:58+00:00","og_image":[{"width":560,"height":445,"url":"https:\/\/www.aceitenovecientos.com\/wp-content\/uploads\/2021\/01\/MINI-OLEOTECA-900.png","type":"image\/png"}],"twitter_card":"summary_large_image","twitter_misc":{"Estimated reading time":"2 minutes"},"schema":{"@context":"https:\/\/schema.org","@graph":[{"@type":"WebPage","@id":"https:\/\/www.aceitenovecientos.com\/producto\/mini-oleoteca-gourmet-900\/","url":"https:\/\/www.aceitenovecientos.com\/producto\/mini-oleoteca-gourmet-900\/","name":"LOTE MINI OLEOTECA GOURMET 900, PACK REGALO - Aceite Novecientos","isPartOf":{"@id":"https:\/\/www.aceitenovecientos.com\/#website"},"primaryImageOfPage":{"@id":"https:\/\/www.aceitenovecientos.com\/producto\/mini-oleoteca-gourmet-900\/#primaryimage"},"image":{"@id":"https:\/\/www.aceitenovecientos.com\/producto\/mini-oleoteca-gourmet-900\/#primaryimage"},"thumbnailUrl":"https:\/\/www.aceitenovecientos.com\/wp-content\/uploads\/2021\/01\/MINI-OLEOTECA-900.png","datePublished":"2021-01-22T11:38:25+00:00","dateModified":"2023-02-07T09:30:58+00:00","breadcrumb":{"@id":"https:\/\/www.aceitenovecientos.com\/producto\/mini-oleoteca-gourmet-900\/#breadcrumb"},"inLanguage":"en-GB","potentialAction":[{"@type":"ReadAction","target":["https:\/\/www.aceitenovecientos.com\/producto\/mini-oleoteca-gourmet-900\/"]}]},{"@type":"ImageObject","inLanguage":"en-GB","@id":"https:\/\/www.aceitenovecientos.com\/producto\/mini-oleoteca-gourmet-900\/#primaryimage","url":"https:\/\/www.aceitenovecientos.com\/wp-content\/uploads\/2021\/01\/MINI-OLEOTECA-900.png","contentUrl":"https:\/\/www.aceitenovecientos.com\/wp-content\/uploads\/2021\/01\/MINI-OLEOTECA-900.png","width":560,"height":445,"caption":"PACK REGALO GOURMET CON ACEITE DE JAEN"},{"@type":"BreadcrumbList","@id":"https:\/\/www.aceitenovecientos.com\/producto\/mini-oleoteca-gourmet-900\/#breadcrumb","itemListElement":[{"@type":"ListItem","position":1,"name":"Portada","item":"https:\/\/www.aceitenovecientos.com\/"},{"@type":"ListItem","position":2,"name":"Cat\u00e1logo","item":"https:\/\/www.aceitenovecientos.com\/shop\/"},{"@type":"ListItem","position":3,"name":"LOTE MINI OLEOTECA GOURMET 900, PACK REGALO"}]},{"@type":"WebSite","@id":"https:\/\/www.aceitenovecientos.com\/#website","url":"https:\/\/www.aceitenovecientos.com\/","name":"Aceite Novecientos","description":"Aceite de Oliva de Ja\u00e9n","publisher":{"@id":"https:\/\/www.aceitenovecientos.com\/#organization"},"potentialAction":[{"@type":"SearchAction","target":{"@type":"EntryPoint","urlTemplate":"https:\/\/www.aceitenovecientos.com\/?s={search_term_string}"},"query-input":{"@type":"PropertyValueSpecification","valueRequired":true,"valueName":"search_term_string"}}],"inLanguage":"en-GB"},{"@type":"Organization","@id":"https:\/\/www.aceitenovecientos.com\/#organization","name":"Aceite Novecientos","url":"https:\/\/www.aceitenovecientos.com\/","logo":{"@type":"ImageObject","inLanguage":"en-GB","@id":"https:\/\/www.aceitenovecientos.com\/#\/schema\/logo\/image\/","url":"https:\/\/www.aceitenovecientos.com\/wp-content\/uploads\/2021\/12\/logo900-head.webp","contentUrl":"https:\/\/www.aceitenovecientos.com\/wp-content\/uploads\/2021\/12\/logo900-head.webp","width":470,"height":110,"caption":"Aceite Novecientos"},"image":{"@id":"https:\/\/www.aceitenovecientos.com\/#\/schema\/logo\/image\/"},"sameAs":["https:\/\/www.facebook.com\/aceitenovecientos\/"]}]}},"_links":{"self":[{"href":"https:\/\/www.aceitenovecientos.com\/en\/wp-json\/wp\/v2\/product\/2488","targetHints":{"allow":["GET"]}}],"collection":[{"href":"https:\/\/www.aceitenovecientos.com\/en\/wp-json\/wp\/v2\/product"}],"about":[{"href":"https:\/\/www.aceitenovecientos.com\/en\/wp-json\/wp\/v2\/types\/product"}],"replies":[{"embeddable":true,"href":"https:\/\/www.aceitenovecientos.com\/en\/wp-json\/wp\/v2\/comments?post=2488"}],"wp:featuredmedia":[{"embeddable":true,"href":"https:\/\/www.aceitenovecientos.com\/en\/wp-json\/wp\/v2\/media\/3025"}],"wp:attachment":[{"href":"https:\/\/www.aceitenovecientos.com\/en\/wp-json\/wp\/v2\/media?parent=2488"}],"wp:term":[{"taxonomy":"product_cat","embeddable":true,"href":"https:\/\/www.aceitenovecientos.com\/en\/wp-json\/wp\/v2\/product_cat?post=2488"},{"taxonomy":"product_tag","embeddable":true,"href":"https:\/\/www.aceitenovecientos.com\/en\/wp-json\/wp\/v2\/product_tag?post=2488"}],"curies":[{"name":"wp","href":"https:\/\/api.w.org\/{rel}","templated":true}]}}