{"id":2482,"date":"2021-01-21T12:22:23","date_gmt":"2021-01-21T12:22:23","guid":{"rendered":"https:\/\/www.aceitenovecientos.com\/?post_type=product&#038;p=2482"},"modified":"2023-02-07T10:45:25","modified_gmt":"2023-02-07T09:45:25","slug":"oleoteca-gourmet-900","status":"publish","type":"product","link":"https:\/\/www.aceitenovecientos.com\/en\/product\/oleoteca-gourmet-900\/","title":{"rendered":"OLEOTECA GOURMET 900"},"content":{"rendered":"<p>Selecci\u00f3n gourmet de productos 900 combinados en lote OLEOTECA GOURMET 900.<\/p>\n<p>Obsequio perfecto para quedar bien con tus compromisos ofreciendo una variedad de sabores y texturas que le sorprender\u00e1n por calidad y originalidad. Cuenta con un surtido de productos elaborados con Aceite de Oliva Virgen Extra como base principal y a\u00f1adiendo aromas del mundo.<\/p>\n<h2>Detalle del contenido:<\/h2>\n<p>Una botella de nuestro Aceite de Oliva Virgen Extra mas Premium,<span style=\"color: #000000;\"><strong> AOVE 900 ORIGEN<\/strong><\/span>\u00a0en formato 500 ml.<\/p>\n<p>Una botella de nuestra variedad e Aceite de Oliva Virgen Extra Ecol\u00f3gico,<span style=\"color: #000000;\"><strong> AOVE 900 ORGANIC<\/strong><\/span>\u00a0en formato 500 ml.<\/p>\n<p><span style=\"color: #000000;\"><strong>Dos Jaleas de AOVE\u00a0 900 <\/strong><\/span>elaboradas artesanalmente con aceite de oliva virgen extra de alta calidad. Una textura singular para acompa\u00f1ar a un producto tradicional de la dieta mediterr\u00e1nea. 900 ha conseguido transformar el AOVE en un producto similar a la mermelada de aceite de oliva que no deja indiferente. Maridaje ideal del sabor dulce y del frutado del aceite, efecto para platos dulces, pero tambi\u00e9n para salados.<\/p>\n<p>Selecciona entre las siguientes variedades:<\/p>\n<ul>\n<li>Jalea de Aove 900 Natural.<\/li>\n<li>Jalea de Aove 900 Cacao.<\/li>\n<li>Jalea de Aove 900 Canela.<\/li>\n<li>Jalea de Aove 900 Naranja.<\/li>\n<\/ul>\n<p><span style=\"color: #000000;\"><strong>Cinco unidades de AOVE 900\u00a0<\/strong><\/span><span style=\"color: #000000;\"><b>Aromatizado<\/b><\/span>, a elegir entre nuestros siete sabores:<\/p>\n<ul>\n<li>Aove Aromatizado Chocolate.<\/li>\n<li>Aove Aromatizado Ahumado.<\/li>\n<li>Aove Aromatizado Trufa Blanca.<\/li>\n<li>Aove Aromatizado Jam\u00f3n Serrano<\/li>\n<li>Aove Aromatizado Naranja<\/li>\n<li>Aove Aromatizado Albahaca<\/li>\n<li>Aove Aromatizado Curry<\/li>\n<\/ul>\n<p><span style=\"color: #000000;\"><strong>Un bote de semilla de Olivo<\/strong><\/span> o semillas de aceituna seg\u00fan prefieras llamarlas. Su alto contenido en prote\u00ednas, antioxidantes y fibra la convierten en un superalimento para acompa\u00f1ar tu dieta diaria. A\u00f1\u00e1delas a ensaladas o util\u00edzalas como una especie tradicional para dar intensidad y sabor a tus platos. Un producto novedoso y peculiar al cual da mucho juego a la hora de cocinar.<\/p>\n<p><strong>Un bote de Miel natural de MIL FLORES 900:<\/strong> Miel natural de mil flores, 100% Natural. Elaborado por abejas a partir del n\u00e9ctar de las variedades t\u00edpicas de flores de la sierra sur de Ja\u00e9n. Dulzor, sabor y sobre todo salud por las grandes propiedades que esta aporta a nuestra dieta.<\/p>\n<h2>Regalos gourmet<\/h2>\n<p>Sin lugar a dudas, muchas veces has buscado como sorprender a tus allegados con un regalo gourmet original. 900 te da la soluci\u00f3n con un lote que no los dejar\u00e1 indiferentes. Da un toque Novecientos a tus obsequios gourmet o incluso date un capricho con este lote o cesta OLEOTECA GOURMET 900, en donde el aceite de oliva virgen extra es el protagonista.<\/p>","protected":false},"excerpt":{"rendered":"<p>Cesta ideal para regalar, compuesto por un surtido de alimentos delicatessen donde el Aceite de Oliva virgen Extra es el protagonista. Compuesto por:<\/p>\n<p>-. 1 BOTELLA AOVE 900 ORIGEN 500 ml.<\/p>\n<p>-. 1 BOTELLA AOVE 900 ORGANIC 500 ml.<\/p>\n<p>-. 2 JALEAS DE ACEITE DE OLIVA VIRGEN EXTRA 900<\/p>\n<p>-. 5 AOVEs AROMATIZADOS 900 DE 100 ml.<\/p>\n<p>-. 1 BOTE DE MIEL DE MIL FLORES 900<\/p>\n<p>-. 1 BOTE SEMILLA DE OLIVO 900<\/p>\n<p>Confecciona tu lote personalizado eligiendo tus variedades preferidas en el campo \u00abNotas de pedido\u00bb que aparece al realizar la compra o escribanos a <a href=\"mailto:info@900foods.com\">info@900foods.com<\/a><\/p>\n<p>Sorprenda a sus familiares y amigos regalando este maravillo lote de productos de calidad.<\/p>","protected":false},"featured_media":2483,"comment_status":"closed","ping_status":"closed","template":"","meta":[],"product_cat":[186],"product_tag":[],"class_list":{"0":"post-2482","1":"product","2":"type-product","3":"status-publish","4":"has-post-thumbnail","6":"product_cat-regalos","8":"first","9":"instock","10":"taxable","11":"shipping-taxable","12":"purchasable","13":"product-type-simple"},"yoast_head":"<!-- This site is optimized with the Yoast SEO plugin v24.1 - https:\/\/yoast.com\/wordpress\/plugins\/seo\/ -->\n<title>OLEOTECA GOURMET 900 - Aceite Novecientos<\/title>\n<meta name=\"robots\" content=\"index, follow, max-snippet:-1, max-image-preview:large, max-video-preview:-1\" \/>\n<link rel=\"canonical\" href=\"https:\/\/www.aceitenovecientos.com\/en\/product\/oleoteca-gourmet-900\/\" \/>\n<meta property=\"og:locale\" content=\"en_GB\" \/>\n<meta property=\"og:type\" content=\"article\" \/>\n<meta property=\"og:title\" content=\"OLEOTECA GOURMET 900 - Aceite Novecientos\" \/>\n<meta property=\"og:description\" content=\"Cesta ideal para regalar, compuesto por un surtido de alimentos delicatessen donde el Aceite de Oliva virgen Extra es el protagonista. Compuesto por:  -. 1 BOTELLA AOVE 900 ORIGEN 500 ml.  -. 1 BOTELLA AOVE 900 ORGANIC 500 ml.  -. 2 JALEAS DE ACEITE DE OLIVA VIRGEN EXTRA 900  -. 5 AOVEs AROMATIZADOS 900 DE 100 ml.  -. 1 BOTE DE MIEL DE MIL FLORES 900  -. 1 BOTE SEMILLA DE OLIVO 900  Confecciona tu lote personalizado eligiendo tus variedades preferidas en el campo &quot;Notas de pedido&quot; que aparece al realizar la compra o escribanos a info@900foods.com  Sorprenda a sus familiares y amigos regalando este maravillo lote de productos de calidad.\" \/>\n<meta property=\"og:url\" content=\"https:\/\/www.aceitenovecientos.com\/en\/product\/oleoteca-gourmet-900\/\" \/>\n<meta property=\"og:site_name\" content=\"Aceite Novecientos\" \/>\n<meta property=\"article:publisher\" content=\"https:\/\/www.facebook.com\/aceitenovecientos\/\" \/>\n<meta property=\"article:modified_time\" content=\"2023-02-07T09:45:25+00:00\" \/>\n<meta property=\"og:image\" content=\"https:\/\/www.aceitenovecientos.com\/wp-content\/uploads\/2021\/01\/5-scaled.jpg\" \/>\n\t<meta property=\"og:image:width\" content=\"2560\" \/>\n\t<meta property=\"og:image:height\" content=\"1707\" \/>\n\t<meta property=\"og:image:type\" content=\"image\/jpeg\" \/>\n<meta name=\"twitter:card\" content=\"summary_large_image\" \/>\n<meta name=\"twitter:label1\" content=\"Estimated reading time\" \/>\n\t<meta name=\"twitter:data1\" content=\"2 minutes\" \/>\n<script type=\"application\/ld+json\" class=\"yoast-schema-graph\">{\"@context\":\"https:\/\/schema.org\",\"@graph\":[{\"@type\":\"WebPage\",\"@id\":\"https:\/\/www.aceitenovecientos.com\/producto\/oleoteca-gourmet-900\/\",\"url\":\"https:\/\/www.aceitenovecientos.com\/producto\/oleoteca-gourmet-900\/\",\"name\":\"OLEOTECA GOURMET 900 - Aceite Novecientos\",\"isPartOf\":{\"@id\":\"https:\/\/www.aceitenovecientos.com\/#website\"},\"primaryImageOfPage\":{\"@id\":\"https:\/\/www.aceitenovecientos.com\/producto\/oleoteca-gourmet-900\/#primaryimage\"},\"image\":{\"@id\":\"https:\/\/www.aceitenovecientos.com\/producto\/oleoteca-gourmet-900\/#primaryimage\"},\"thumbnailUrl\":\"https:\/\/www.aceitenovecientos.com\/wp-content\/uploads\/2021\/01\/5-scaled.jpg\",\"datePublished\":\"2021-01-21T12:22:23+00:00\",\"dateModified\":\"2023-02-07T09:45:25+00:00\",\"breadcrumb\":{\"@id\":\"https:\/\/www.aceitenovecientos.com\/producto\/oleoteca-gourmet-900\/#breadcrumb\"},\"inLanguage\":\"en-GB\",\"potentialAction\":[{\"@type\":\"ReadAction\",\"target\":[\"https:\/\/www.aceitenovecientos.com\/producto\/oleoteca-gourmet-900\/\"]}]},{\"@type\":\"ImageObject\",\"inLanguage\":\"en-GB\",\"@id\":\"https:\/\/www.aceitenovecientos.com\/producto\/oleoteca-gourmet-900\/#primaryimage\",\"url\":\"https:\/\/www.aceitenovecientos.com\/wp-content\/uploads\/2021\/01\/5-scaled.jpg\",\"contentUrl\":\"https:\/\/www.aceitenovecientos.com\/wp-content\/uploads\/2021\/01\/5-scaled.jpg\",\"width\":2560,\"height\":1707,\"caption\":\"Huile d'olive vierge extra\"},{\"@type\":\"BreadcrumbList\",\"@id\":\"https:\/\/www.aceitenovecientos.com\/producto\/oleoteca-gourmet-900\/#breadcrumb\",\"itemListElement\":[{\"@type\":\"ListItem\",\"position\":1,\"name\":\"Portada\",\"item\":\"https:\/\/www.aceitenovecientos.com\/\"},{\"@type\":\"ListItem\",\"position\":2,\"name\":\"Cat\u00e1logo\",\"item\":\"https:\/\/www.aceitenovecientos.com\/shop\/\"},{\"@type\":\"ListItem\",\"position\":3,\"name\":\"OLEOTECA GOURMET 900\"}]},{\"@type\":\"WebSite\",\"@id\":\"https:\/\/www.aceitenovecientos.com\/#website\",\"url\":\"https:\/\/www.aceitenovecientos.com\/\",\"name\":\"Aceite Novecientos\",\"description\":\"Aceite de Oliva de Ja\u00e9n\",\"publisher\":{\"@id\":\"https:\/\/www.aceitenovecientos.com\/#organization\"},\"potentialAction\":[{\"@type\":\"SearchAction\",\"target\":{\"@type\":\"EntryPoint\",\"urlTemplate\":\"https:\/\/www.aceitenovecientos.com\/?s={search_term_string}\"},\"query-input\":{\"@type\":\"PropertyValueSpecification\",\"valueRequired\":true,\"valueName\":\"search_term_string\"}}],\"inLanguage\":\"en-GB\"},{\"@type\":\"Organization\",\"@id\":\"https:\/\/www.aceitenovecientos.com\/#organization\",\"name\":\"Aceite Novecientos\",\"url\":\"https:\/\/www.aceitenovecientos.com\/\",\"logo\":{\"@type\":\"ImageObject\",\"inLanguage\":\"en-GB\",\"@id\":\"https:\/\/www.aceitenovecientos.com\/#\/schema\/logo\/image\/\",\"url\":\"https:\/\/www.aceitenovecientos.com\/wp-content\/uploads\/2021\/12\/logo900-head.webp\",\"contentUrl\":\"https:\/\/www.aceitenovecientos.com\/wp-content\/uploads\/2021\/12\/logo900-head.webp\",\"width\":470,\"height\":110,\"caption\":\"Aceite Novecientos\"},\"image\":{\"@id\":\"https:\/\/www.aceitenovecientos.com\/#\/schema\/logo\/image\/\"},\"sameAs\":[\"https:\/\/www.facebook.com\/aceitenovecientos\/\"]}]}<\/script>\n<!-- \/ Yoast SEO plugin. -->","yoast_head_json":{"title":"OLEOTECA GOURMET 900 - Aceite Novecientos","robots":{"index":"index","follow":"follow","max-snippet":"max-snippet:-1","max-image-preview":"max-image-preview:large","max-video-preview":"max-video-preview:-1"},"canonical":"https:\/\/www.aceitenovecientos.com\/en\/product\/oleoteca-gourmet-900\/","og_locale":"en_GB","og_type":"article","og_title":"OLEOTECA GOURMET 900 - Aceite Novecientos","og_description":"Cesta ideal para regalar, compuesto por un surtido de alimentos delicatessen donde el Aceite de Oliva virgen Extra es el protagonista. Compuesto por:  -. 1 BOTELLA AOVE 900 ORIGEN 500 ml.  -. 1 BOTELLA AOVE 900 ORGANIC 500 ml.  -. 2 JALEAS DE ACEITE DE OLIVA VIRGEN EXTRA 900  -. 5 AOVEs AROMATIZADOS 900 DE 100 ml.  -. 1 BOTE DE MIEL DE MIL FLORES 900  -. 1 BOTE SEMILLA DE OLIVO 900  Confecciona tu lote personalizado eligiendo tus variedades preferidas en el campo \"Notas de pedido\" que aparece al realizar la compra o escribanos a info@900foods.com  Sorprenda a sus familiares y amigos regalando este maravillo lote de productos de calidad.","og_url":"https:\/\/www.aceitenovecientos.com\/en\/product\/oleoteca-gourmet-900\/","og_site_name":"Aceite Novecientos","article_publisher":"https:\/\/www.facebook.com\/aceitenovecientos\/","article_modified_time":"2023-02-07T09:45:25+00:00","og_image":[{"width":2560,"height":1707,"url":"https:\/\/www.aceitenovecientos.com\/wp-content\/uploads\/2021\/01\/5-scaled.jpg","type":"image\/jpeg"}],"twitter_card":"summary_large_image","twitter_misc":{"Estimated reading time":"2 minutes"},"schema":{"@context":"https:\/\/schema.org","@graph":[{"@type":"WebPage","@id":"https:\/\/www.aceitenovecientos.com\/producto\/oleoteca-gourmet-900\/","url":"https:\/\/www.aceitenovecientos.com\/producto\/oleoteca-gourmet-900\/","name":"OLEOTECA GOURMET 900 - Aceite Novecientos","isPartOf":{"@id":"https:\/\/www.aceitenovecientos.com\/#website"},"primaryImageOfPage":{"@id":"https:\/\/www.aceitenovecientos.com\/producto\/oleoteca-gourmet-900\/#primaryimage"},"image":{"@id":"https:\/\/www.aceitenovecientos.com\/producto\/oleoteca-gourmet-900\/#primaryimage"},"thumbnailUrl":"https:\/\/www.aceitenovecientos.com\/wp-content\/uploads\/2021\/01\/5-scaled.jpg","datePublished":"2021-01-21T12:22:23+00:00","dateModified":"2023-02-07T09:45:25+00:00","breadcrumb":{"@id":"https:\/\/www.aceitenovecientos.com\/producto\/oleoteca-gourmet-900\/#breadcrumb"},"inLanguage":"en-GB","potentialAction":[{"@type":"ReadAction","target":["https:\/\/www.aceitenovecientos.com\/producto\/oleoteca-gourmet-900\/"]}]},{"@type":"ImageObject","inLanguage":"en-GB","@id":"https:\/\/www.aceitenovecientos.com\/producto\/oleoteca-gourmet-900\/#primaryimage","url":"https:\/\/www.aceitenovecientos.com\/wp-content\/uploads\/2021\/01\/5-scaled.jpg","contentUrl":"https:\/\/www.aceitenovecientos.com\/wp-content\/uploads\/2021\/01\/5-scaled.jpg","width":2560,"height":1707,"caption":"Huile d'olive vierge extra"},{"@type":"BreadcrumbList","@id":"https:\/\/www.aceitenovecientos.com\/producto\/oleoteca-gourmet-900\/#breadcrumb","itemListElement":[{"@type":"ListItem","position":1,"name":"Portada","item":"https:\/\/www.aceitenovecientos.com\/"},{"@type":"ListItem","position":2,"name":"Cat\u00e1logo","item":"https:\/\/www.aceitenovecientos.com\/shop\/"},{"@type":"ListItem","position":3,"name":"OLEOTECA GOURMET 900"}]},{"@type":"WebSite","@id":"https:\/\/www.aceitenovecientos.com\/#website","url":"https:\/\/www.aceitenovecientos.com\/","name":"Aceite Novecientos","description":"Aceite de Oliva de Ja\u00e9n","publisher":{"@id":"https:\/\/www.aceitenovecientos.com\/#organization"},"potentialAction":[{"@type":"SearchAction","target":{"@type":"EntryPoint","urlTemplate":"https:\/\/www.aceitenovecientos.com\/?s={search_term_string}"},"query-input":{"@type":"PropertyValueSpecification","valueRequired":true,"valueName":"search_term_string"}}],"inLanguage":"en-GB"},{"@type":"Organization","@id":"https:\/\/www.aceitenovecientos.com\/#organization","name":"Aceite Novecientos","url":"https:\/\/www.aceitenovecientos.com\/","logo":{"@type":"ImageObject","inLanguage":"en-GB","@id":"https:\/\/www.aceitenovecientos.com\/#\/schema\/logo\/image\/","url":"https:\/\/www.aceitenovecientos.com\/wp-content\/uploads\/2021\/12\/logo900-head.webp","contentUrl":"https:\/\/www.aceitenovecientos.com\/wp-content\/uploads\/2021\/12\/logo900-head.webp","width":470,"height":110,"caption":"Aceite Novecientos"},"image":{"@id":"https:\/\/www.aceitenovecientos.com\/#\/schema\/logo\/image\/"},"sameAs":["https:\/\/www.facebook.com\/aceitenovecientos\/"]}]}},"_links":{"self":[{"href":"https:\/\/www.aceitenovecientos.com\/en\/wp-json\/wp\/v2\/product\/2482","targetHints":{"allow":["GET"]}}],"collection":[{"href":"https:\/\/www.aceitenovecientos.com\/en\/wp-json\/wp\/v2\/product"}],"about":[{"href":"https:\/\/www.aceitenovecientos.com\/en\/wp-json\/wp\/v2\/types\/product"}],"replies":[{"embeddable":true,"href":"https:\/\/www.aceitenovecientos.com\/en\/wp-json\/wp\/v2\/comments?post=2482"}],"wp:featuredmedia":[{"embeddable":true,"href":"https:\/\/www.aceitenovecientos.com\/en\/wp-json\/wp\/v2\/media\/2483"}],"wp:attachment":[{"href":"https:\/\/www.aceitenovecientos.com\/en\/wp-json\/wp\/v2\/media?parent=2482"}],"wp:term":[{"taxonomy":"product_cat","embeddable":true,"href":"https:\/\/www.aceitenovecientos.com\/en\/wp-json\/wp\/v2\/product_cat?post=2482"},{"taxonomy":"product_tag","embeddable":true,"href":"https:\/\/www.aceitenovecientos.com\/en\/wp-json\/wp\/v2\/product_tag?post=2482"}],"curies":[{"name":"wp","href":"https:\/\/api.w.org\/{rel}","templated":true}]}}