{"id":2479,"date":"2021-01-21T10:59:55","date_gmt":"2021-01-21T10:59:55","guid":{"rendered":"https:\/\/www.aceitenovecientos.com\/?post_type=product&#038;p=2479"},"modified":"2023-02-07T10:49:44","modified_gmt":"2023-02-07T09:49:44","slug":"mini-oleoteca-900","status":"publish","type":"product","link":"https:\/\/www.aceitenovecientos.com\/en\/product\/mini-oleoteca-900\/","title":{"rendered":"MINI OLEOTECA 900+CHOCOLATES"},"content":{"rendered":"<p>En novecientos hemos combinado nuestros mejores productos para crear este magnifico lote MINI OLOTECA 900.<\/p>\n<p>Un acierto seguro a la hora de realizar un regalo. Cuenta con un surtido de productos realizados con Aceite de Oliva Virgen Extra los cuales sorprender\u00e1n al paladar.<\/p>\n<p>En este lote cuenta con:<\/p>\n<p><span style=\"color: #000000;\"><strong>Tres tabletas de chocolate Novecientos<\/strong><\/span> realizadas de forma artesanal con aceite e oliva virgen extra. Elige en entre 11 espectaculares sabores tales como:<\/p>\n<ul>\n<li>Chocolate de Aove y Escamas de Sal.<\/li>\n<li>Chocolate e Aove y Semilla de Olivo.<\/li>\n<li>Chocolate de Aove y Lima.<\/li>\n<li>Chocolate de AOVE relleno de Naranja.<\/li>\n<li>Chocolate de AOVE con Jengibre.<\/li>\n<li>Chocolate de AOVE al 84% Cacao.<\/li>\n<li>Chocolate de AOVE con P\u00e9talos de Violeta.<\/li>\n<li>Chocolate de AOVE con Leche.<\/li>\n<li>Chocolate de AOVE Sin Az\u00facar.<\/li>\n<li>Chocolate de AOVE Negro.<\/li>\n<li>Chocolate de AOVE y Almendras.<\/li>\n<\/ul>\n<p>Sin duda unas combinaciones que encantaran a los apasionados al chocolate.<\/p>\n<p><span style=\"color: #000000;\"><strong>Dos Jaleas Novecientos<\/strong><\/span> elaborada artesanalmente con aceite de oliva virgen extra de alta calidad. Una textura singular para acompa\u00f1ar a un producto tradicional de la dieta mediterr\u00e1nea. 900 ha conseguido transformar el AOVE en un producto similar a la mermelada de aceite de oliva que no deja indiferente. Maridaje ideal\u00a0del sabor dulce y del frutado del aceite, efecto para platos dulces, pero tambi\u00e9n para salados.<\/p>\n<p>En sus cuatro versiones:<\/p>\n<ul>\n<li>Jalea de Aove 900 Natural.<\/li>\n<li>Jalea de Aove 900 Cacao.<\/li>\n<li>Jalea de Aove 900 Canela.<\/li>\n<li>Jalea de Aove 900 Naranja.<\/li>\n<\/ul>\n<p><span style=\"color: #000000;\"><strong>Cinco unidades de AOVE 900\u00a0<\/strong><\/span><span style=\"color: #000000;\"><b>Aromatizado<\/b><\/span>, a elegir entre nuestros siete sabores:<\/p>\n<ul>\n<li>Aove Aromatizado Chocolate.<\/li>\n<li>Aove Aromatizado Ahumado.<\/li>\n<li>Aove Aromatizado Trufa Blanca.<\/li>\n<li>Aove Aromatizado Jam\u00f3n Serrano<\/li>\n<li>Aove Aromatizado Naranja<\/li>\n<li>Aove Aromatizado Albahaca<\/li>\n<li>Aove Aromatizado Curry<\/li>\n<\/ul>\n<p><span style=\"color: #000000;\"><strong>Una unidad de AOVE 900 TOP<\/strong><\/span>, nuestro Aceite de oliva virgen extra m\u00e1s premium. En formato 100 ml.<\/p>\n<p><span style=\"color: #000000;\"><strong>Un bote de pat\u00e9 ecol\u00f3gico de<\/strong> <\/span>aceitunas negras con aceite de oliva virgen extra.<\/p>\n<p>Da un toque Novecientos a tus regalos o incluso date un capricho con esta MINI OLEOTECA 900, en donde el aceite de oliva virgen extra es el protagonista.<\/p>","protected":false},"excerpt":{"rendered":"<p>Lote 900 ideal para regalo, compuesto por un surtido de productos en donde el Aceite de Oliva virgen Extra es el protagonista se compone de:<\/p>\n<p>-. 3 TABLETAS DE CHOCOLATE 900 CON AOVE A ELEGIR ENTRE: sin az\u00facar, p\u00e9talos de violeta, almendra, jengibre, semilla de olivo, escama de sal, lima y relleno de naranja.<\/p>\n<p>-. 2 JALEAS DE ACEITE DE OLIVA VIRGEN EXTRA 900 A ELEGIR ENTRE: natural, con naranja, con canela o con cacao.<\/p>\n<p>-. 5 AOVEs AROMATIZADOS 900 DE 100 ml. A ELEGIR ENTRE: chocolate, ahumado, jam\u00f3n serrano, trufa blanca, naranja, albahaca y curry.<\/p>\n<p>-. 1 AOVE 900 TOP 100 ml.<\/p>\n<p>-. 1 BOTE DE PAT\u00c9 ECOL\u00d3GICO DE ACEITUNAS NEGRAS.<\/p>\n<p>Todo a libre de elecci\u00f3n, concrete sus productos elegidos en el campo Notas de pedido que aparece al realizar la compra o escribanos a <a href=\"mailto:info@900foods.com\">info@900foods.com<\/a><\/p>\n<p>Sorprenda a sus familiares y amigos regalando este maravillo lote de productos de calidad.<\/p>","protected":false},"featured_media":2480,"comment_status":"closed","ping_status":"closed","template":"","meta":[],"product_cat":[186],"product_tag":[],"class_list":{"0":"post-2479","1":"product","2":"type-product","3":"status-publish","4":"has-post-thumbnail","6":"product_cat-regalos","8":"first","9":"instock","10":"taxable","11":"shipping-taxable","12":"purchasable","13":"product-type-simple"},"yoast_head":"<!-- This site is optimized with the Yoast SEO plugin v24.1 - https:\/\/yoast.com\/wordpress\/plugins\/seo\/ -->\n<title>MINI OLEOTECA 900+CHOCOLATES - Aceite Novecientos<\/title>\n<meta name=\"robots\" content=\"index, follow, max-snippet:-1, max-image-preview:large, max-video-preview:-1\" \/>\n<link rel=\"canonical\" href=\"https:\/\/www.aceitenovecientos.com\/en\/product\/mini-oleoteca-900\/\" \/>\n<meta property=\"og:locale\" content=\"en_GB\" \/>\n<meta property=\"og:type\" content=\"article\" \/>\n<meta property=\"og:title\" content=\"MINI OLEOTECA 900+CHOCOLATES - Aceite Novecientos\" \/>\n<meta property=\"og:description\" content=\"Lote 900 ideal para regalo, compuesto por un surtido de productos en donde el Aceite de Oliva virgen Extra es el protagonista se compone de:  -. 3 TABLETAS DE CHOCOLATE 900 CON AOVE A ELEGIR ENTRE: sin az\u00facar, p\u00e9talos de violeta, almendra, jengibre, semilla de olivo, escama de sal, lima y relleno de naranja.  -. 2 JALEAS DE ACEITE DE OLIVA VIRGEN EXTRA 900 A ELEGIR ENTRE: natural, con naranja, con canela o con cacao.  -. 5 AOVEs AROMATIZADOS 900 DE 100 ml. A ELEGIR ENTRE: chocolate, ahumado, jam\u00f3n serrano, trufa blanca, naranja, albahaca y curry.  -. 1 AOVE 900 TOP 100 ml.  -. 1 BOTE DE PAT\u00c9 ECOL\u00d3GICO DE ACEITUNAS NEGRAS.  Todo a libre de elecci\u00f3n, concrete sus productos elegidos en el campo Notas de pedido que aparece al realizar la compra o escribanos a info@900foods.com  Sorprenda a sus familiares y amigos regalando este maravillo lote de productos de calidad.\" \/>\n<meta property=\"og:url\" content=\"https:\/\/www.aceitenovecientos.com\/en\/product\/mini-oleoteca-900\/\" \/>\n<meta property=\"og:site_name\" content=\"Aceite Novecientos\" \/>\n<meta property=\"article:publisher\" content=\"https:\/\/www.facebook.com\/aceitenovecientos\/\" \/>\n<meta property=\"article:modified_time\" content=\"2023-02-07T09:49:44+00:00\" \/>\n<meta property=\"og:image\" content=\"https:\/\/www.aceitenovecientos.com\/wp-content\/uploads\/2021\/01\/1-scaled.jpg\" \/>\n\t<meta property=\"og:image:width\" content=\"2560\" \/>\n\t<meta property=\"og:image:height\" content=\"1707\" \/>\n\t<meta property=\"og:image:type\" content=\"image\/jpeg\" \/>\n<meta name=\"twitter:card\" content=\"summary_large_image\" \/>\n<meta name=\"twitter:label1\" content=\"Estimated reading time\" \/>\n\t<meta name=\"twitter:data1\" content=\"2 minutes\" \/>\n<script type=\"application\/ld+json\" class=\"yoast-schema-graph\">{\"@context\":\"https:\/\/schema.org\",\"@graph\":[{\"@type\":\"WebPage\",\"@id\":\"https:\/\/www.aceitenovecientos.com\/producto\/mini-oleoteca-900\/\",\"url\":\"https:\/\/www.aceitenovecientos.com\/producto\/mini-oleoteca-900\/\",\"name\":\"MINI OLEOTECA 900+CHOCOLATES - Aceite Novecientos\",\"isPartOf\":{\"@id\":\"https:\/\/www.aceitenovecientos.com\/#website\"},\"primaryImageOfPage\":{\"@id\":\"https:\/\/www.aceitenovecientos.com\/producto\/mini-oleoteca-900\/#primaryimage\"},\"image\":{\"@id\":\"https:\/\/www.aceitenovecientos.com\/producto\/mini-oleoteca-900\/#primaryimage\"},\"thumbnailUrl\":\"https:\/\/www.aceitenovecientos.com\/wp-content\/uploads\/2021\/01\/1-scaled.jpg\",\"datePublished\":\"2021-01-21T10:59:55+00:00\",\"dateModified\":\"2023-02-07T09:49:44+00:00\",\"breadcrumb\":{\"@id\":\"https:\/\/www.aceitenovecientos.com\/producto\/mini-oleoteca-900\/#breadcrumb\"},\"inLanguage\":\"en-GB\",\"potentialAction\":[{\"@type\":\"ReadAction\",\"target\":[\"https:\/\/www.aceitenovecientos.com\/producto\/mini-oleoteca-900\/\"]}]},{\"@type\":\"ImageObject\",\"inLanguage\":\"en-GB\",\"@id\":\"https:\/\/www.aceitenovecientos.com\/producto\/mini-oleoteca-900\/#primaryimage\",\"url\":\"https:\/\/www.aceitenovecientos.com\/wp-content\/uploads\/2021\/01\/1-scaled.jpg\",\"contentUrl\":\"https:\/\/www.aceitenovecientos.com\/wp-content\/uploads\/2021\/01\/1-scaled.jpg\",\"width\":2560,\"height\":1707,\"caption\":\"LOTE GOURMET\"},{\"@type\":\"BreadcrumbList\",\"@id\":\"https:\/\/www.aceitenovecientos.com\/producto\/mini-oleoteca-900\/#breadcrumb\",\"itemListElement\":[{\"@type\":\"ListItem\",\"position\":1,\"name\":\"Portada\",\"item\":\"https:\/\/www.aceitenovecientos.com\/\"},{\"@type\":\"ListItem\",\"position\":2,\"name\":\"Cat\u00e1logo\",\"item\":\"https:\/\/www.aceitenovecientos.com\/shop\/\"},{\"@type\":\"ListItem\",\"position\":3,\"name\":\"MINI OLEOTECA 900+CHOCOLATES\"}]},{\"@type\":\"WebSite\",\"@id\":\"https:\/\/www.aceitenovecientos.com\/#website\",\"url\":\"https:\/\/www.aceitenovecientos.com\/\",\"name\":\"Aceite Novecientos\",\"description\":\"Aceite de Oliva de Ja\u00e9n\",\"publisher\":{\"@id\":\"https:\/\/www.aceitenovecientos.com\/#organization\"},\"potentialAction\":[{\"@type\":\"SearchAction\",\"target\":{\"@type\":\"EntryPoint\",\"urlTemplate\":\"https:\/\/www.aceitenovecientos.com\/?s={search_term_string}\"},\"query-input\":{\"@type\":\"PropertyValueSpecification\",\"valueRequired\":true,\"valueName\":\"search_term_string\"}}],\"inLanguage\":\"en-GB\"},{\"@type\":\"Organization\",\"@id\":\"https:\/\/www.aceitenovecientos.com\/#organization\",\"name\":\"Aceite Novecientos\",\"url\":\"https:\/\/www.aceitenovecientos.com\/\",\"logo\":{\"@type\":\"ImageObject\",\"inLanguage\":\"en-GB\",\"@id\":\"https:\/\/www.aceitenovecientos.com\/#\/schema\/logo\/image\/\",\"url\":\"https:\/\/www.aceitenovecientos.com\/wp-content\/uploads\/2021\/12\/logo900-head.webp\",\"contentUrl\":\"https:\/\/www.aceitenovecientos.com\/wp-content\/uploads\/2021\/12\/logo900-head.webp\",\"width\":470,\"height\":110,\"caption\":\"Aceite Novecientos\"},\"image\":{\"@id\":\"https:\/\/www.aceitenovecientos.com\/#\/schema\/logo\/image\/\"},\"sameAs\":[\"https:\/\/www.facebook.com\/aceitenovecientos\/\"]}]}<\/script>\n<!-- \/ Yoast SEO plugin. -->","yoast_head_json":{"title":"MINI OLEOTECA 900+CHOCOLATES - Aceite Novecientos","robots":{"index":"index","follow":"follow","max-snippet":"max-snippet:-1","max-image-preview":"max-image-preview:large","max-video-preview":"max-video-preview:-1"},"canonical":"https:\/\/www.aceitenovecientos.com\/en\/product\/mini-oleoteca-900\/","og_locale":"en_GB","og_type":"article","og_title":"MINI OLEOTECA 900+CHOCOLATES - Aceite Novecientos","og_description":"Lote 900 ideal para regalo, compuesto por un surtido de productos en donde el Aceite de Oliva virgen Extra es el protagonista se compone de:  -. 3 TABLETAS DE CHOCOLATE 900 CON AOVE A ELEGIR ENTRE: sin az\u00facar, p\u00e9talos de violeta, almendra, jengibre, semilla de olivo, escama de sal, lima y relleno de naranja.  -. 2 JALEAS DE ACEITE DE OLIVA VIRGEN EXTRA 900 A ELEGIR ENTRE: natural, con naranja, con canela o con cacao.  -. 5 AOVEs AROMATIZADOS 900 DE 100 ml. A ELEGIR ENTRE: chocolate, ahumado, jam\u00f3n serrano, trufa blanca, naranja, albahaca y curry.  -. 1 AOVE 900 TOP 100 ml.  -. 1 BOTE DE PAT\u00c9 ECOL\u00d3GICO DE ACEITUNAS NEGRAS.  Todo a libre de elecci\u00f3n, concrete sus productos elegidos en el campo Notas de pedido que aparece al realizar la compra o escribanos a info@900foods.com  Sorprenda a sus familiares y amigos regalando este maravillo lote de productos de calidad.","og_url":"https:\/\/www.aceitenovecientos.com\/en\/product\/mini-oleoteca-900\/","og_site_name":"Aceite Novecientos","article_publisher":"https:\/\/www.facebook.com\/aceitenovecientos\/","article_modified_time":"2023-02-07T09:49:44+00:00","og_image":[{"width":2560,"height":1707,"url":"https:\/\/www.aceitenovecientos.com\/wp-content\/uploads\/2021\/01\/1-scaled.jpg","type":"image\/jpeg"}],"twitter_card":"summary_large_image","twitter_misc":{"Estimated reading time":"2 minutes"},"schema":{"@context":"https:\/\/schema.org","@graph":[{"@type":"WebPage","@id":"https:\/\/www.aceitenovecientos.com\/producto\/mini-oleoteca-900\/","url":"https:\/\/www.aceitenovecientos.com\/producto\/mini-oleoteca-900\/","name":"MINI OLEOTECA 900+CHOCOLATES - Aceite Novecientos","isPartOf":{"@id":"https:\/\/www.aceitenovecientos.com\/#website"},"primaryImageOfPage":{"@id":"https:\/\/www.aceitenovecientos.com\/producto\/mini-oleoteca-900\/#primaryimage"},"image":{"@id":"https:\/\/www.aceitenovecientos.com\/producto\/mini-oleoteca-900\/#primaryimage"},"thumbnailUrl":"https:\/\/www.aceitenovecientos.com\/wp-content\/uploads\/2021\/01\/1-scaled.jpg","datePublished":"2021-01-21T10:59:55+00:00","dateModified":"2023-02-07T09:49:44+00:00","breadcrumb":{"@id":"https:\/\/www.aceitenovecientos.com\/producto\/mini-oleoteca-900\/#breadcrumb"},"inLanguage":"en-GB","potentialAction":[{"@type":"ReadAction","target":["https:\/\/www.aceitenovecientos.com\/producto\/mini-oleoteca-900\/"]}]},{"@type":"ImageObject","inLanguage":"en-GB","@id":"https:\/\/www.aceitenovecientos.com\/producto\/mini-oleoteca-900\/#primaryimage","url":"https:\/\/www.aceitenovecientos.com\/wp-content\/uploads\/2021\/01\/1-scaled.jpg","contentUrl":"https:\/\/www.aceitenovecientos.com\/wp-content\/uploads\/2021\/01\/1-scaled.jpg","width":2560,"height":1707,"caption":"LOTE GOURMET"},{"@type":"BreadcrumbList","@id":"https:\/\/www.aceitenovecientos.com\/producto\/mini-oleoteca-900\/#breadcrumb","itemListElement":[{"@type":"ListItem","position":1,"name":"Portada","item":"https:\/\/www.aceitenovecientos.com\/"},{"@type":"ListItem","position":2,"name":"Cat\u00e1logo","item":"https:\/\/www.aceitenovecientos.com\/shop\/"},{"@type":"ListItem","position":3,"name":"MINI OLEOTECA 900+CHOCOLATES"}]},{"@type":"WebSite","@id":"https:\/\/www.aceitenovecientos.com\/#website","url":"https:\/\/www.aceitenovecientos.com\/","name":"Aceite Novecientos","description":"Aceite de Oliva de Ja\u00e9n","publisher":{"@id":"https:\/\/www.aceitenovecientos.com\/#organization"},"potentialAction":[{"@type":"SearchAction","target":{"@type":"EntryPoint","urlTemplate":"https:\/\/www.aceitenovecientos.com\/?s={search_term_string}"},"query-input":{"@type":"PropertyValueSpecification","valueRequired":true,"valueName":"search_term_string"}}],"inLanguage":"en-GB"},{"@type":"Organization","@id":"https:\/\/www.aceitenovecientos.com\/#organization","name":"Aceite Novecientos","url":"https:\/\/www.aceitenovecientos.com\/","logo":{"@type":"ImageObject","inLanguage":"en-GB","@id":"https:\/\/www.aceitenovecientos.com\/#\/schema\/logo\/image\/","url":"https:\/\/www.aceitenovecientos.com\/wp-content\/uploads\/2021\/12\/logo900-head.webp","contentUrl":"https:\/\/www.aceitenovecientos.com\/wp-content\/uploads\/2021\/12\/logo900-head.webp","width":470,"height":110,"caption":"Aceite Novecientos"},"image":{"@id":"https:\/\/www.aceitenovecientos.com\/#\/schema\/logo\/image\/"},"sameAs":["https:\/\/www.facebook.com\/aceitenovecientos\/"]}]}},"_links":{"self":[{"href":"https:\/\/www.aceitenovecientos.com\/en\/wp-json\/wp\/v2\/product\/2479","targetHints":{"allow":["GET"]}}],"collection":[{"href":"https:\/\/www.aceitenovecientos.com\/en\/wp-json\/wp\/v2\/product"}],"about":[{"href":"https:\/\/www.aceitenovecientos.com\/en\/wp-json\/wp\/v2\/types\/product"}],"replies":[{"embeddable":true,"href":"https:\/\/www.aceitenovecientos.com\/en\/wp-json\/wp\/v2\/comments?post=2479"}],"wp:featuredmedia":[{"embeddable":true,"href":"https:\/\/www.aceitenovecientos.com\/en\/wp-json\/wp\/v2\/media\/2480"}],"wp:attachment":[{"href":"https:\/\/www.aceitenovecientos.com\/en\/wp-json\/wp\/v2\/media?parent=2479"}],"wp:term":[{"taxonomy":"product_cat","embeddable":true,"href":"https:\/\/www.aceitenovecientos.com\/en\/wp-json\/wp\/v2\/product_cat?post=2479"},{"taxonomy":"product_tag","embeddable":true,"href":"https:\/\/www.aceitenovecientos.com\/en\/wp-json\/wp\/v2\/product_tag?post=2479"}],"curies":[{"name":"wp","href":"https:\/\/api.w.org\/{rel}","templated":true}]}}