{"id":2460,"date":"2021-01-12T15:15:35","date_gmt":"2021-01-12T15:15:35","guid":{"rendered":"https:\/\/www.aceitenovecientos.com\/?post_type=product&#038;p=2460"},"modified":"2023-02-07T10:54:20","modified_gmt":"2023-02-07T09:54:20","slug":"aceite-oliva-virgen-extra-900-balance-cristal","status":"publish","type":"product","link":"https:\/\/www.aceitenovecientos.com\/en\/product\/aceite-oliva-virgen-extra-900-balance-cristal\/","title":{"rendered":"Aceite de Oliva Virgen Extra 900 Balance cristal"},"content":{"rendered":"<p>Con el objetivo de ofrecer al consumidor un producto de buena muy buena calidad. Sabor excepcional y precio razonable, 900 saca al mercado el aceite de oliva virgen extra 900 BALANCE. Se trata de encontrar un balance en varios sentidos.<\/p>\n<p>En primer lugar, \u00a0en el sabor. Los aceites monovarietales nos brindan todos los atributos caracter\u00edsticos de cada variedad; ya sea el dulzor, aroma fresco a hierba, tomate, frutas como la manzana, el pl\u00e1tano, amargor, picor\u2026 Esto hace que seg\u00fan el tipo de aceituna y los gustos del consumidor, algunos aceites pueden resultar flojos; para algunos por ser demasiado dulces y otros pueden resultar extremadamente sabrosos, amargos o picantes.<\/p>\n<p>En Origen Novecientos somos conscientes de la dificultad que esto puede suponer para el consumidor a la hora de elegir un aceite en el lineal de un supermercado. Por ello, y con el \u00e1nimo de facilitar al cliente esta decisi\u00f3n hemos elaborado un coupage que re\u00fana los atributos positivos de varias aceites monovarietales; principalmente picual, picuda y hojiblanca. La elecci\u00f3n de estos tres tipos de aceite, viene condicionada por la zona en la que se producen; y porque una vez que sus zumos se han unido, el resultado final potencia lo bueno de cada una para conseguir un AOVE de sabor equilibrado y complejo.<\/p>\n<p>En segundo lugar, tratamos de elaborar un producto con la mayor versatilidad posible. Con esto lo que queremos es que el cliente con un solo producto en la cesta de la compra resuelva el consumo de aceite de oliva para la mayor\u00eda de sus platos. Es por ello que 900 BALANCE ofrece una amplia variedad de maridajes en la cocina en crudo y a la vez es una grasa perfecta para cocinar en caliente, ya sea para guisar o para fre\u00edr. Sus propiedades van a exaltar el sabor de cada plato y por a\u00f1adidura convierten la dieta en un modo saludable y sabroso de alimentarse.<\/p>\n<p>En tercer lugar, el precio es uno de los factores m\u00e1s decisivos en la cesta de la compra. 900 BALANCE trata de adaptarseal bolsillo del consumidor sin perder la alta calidad de los productos de la marca 900. Aunque 900 TOP es un producto de alta gama con el que deleitarse en la mesa, 900 BALANCE ofrece una m\u00e1s amplia gama de usos a un precio justo.<\/p>\n<p>&nbsp;<\/p>\n<h3>Usos culinarios y maridaje de BALANCE:<\/h3>\n<p>Los ampliamente reconocidos beneficios para la salud del aceite de oliva virgen extra lo hacen id\u00f3neo como acompa\u00f1amiento y aderezo de cualquier plato de cocina; ya sea sofisticado o sencillo. En crudo es acompa\u00f1ante indispensable de ensaladas de vegetales o pastas, desayunos, sopas y gazpachos fr\u00edos. En caliente crece y debido a su alta densidad no penetra en los alimentos tanto como otras grasas. De este modo hace que sean m\u00e1s saludables y que conserven mejor sus propiedades. Su alto contenido en \u00e1cido oleico y antioxidantes naturales lo hacen m\u00e1s estable y resistente a altas temperaturas. \u00a0Es ideal para cocinar carnes, pescados, verduras, pastas y en general cualquier alimento.<\/p>\n<p>Consulta nuestro blog para obtener m\u00e1s informaci\u00f3n sobre los beneficios de consumir aceite de oliva virgen extra.<\/p>\n<p>Esperamos que disfrute en su mesa del exquisito sabor de los productos 900.<\/p>\n<p><strong>Ingredientes :\u00a0<\/strong>Aceite de Oliva Virgen Extra . \u00abAceite de oliva de categor\u00eda superior obtenido directamente de aceitunadas y solo mediante procedimientos mec\u00e1nicos\u00bb<\/p>\n<p><strong>Informaci\u00f3n nutricional, contenido medio por 100gr:<\/strong><\/p>\n<p><strong>\u00a0\u00a0\u00a0\u00a0\u00a0\u00a0\u00a0\u00a0\u00a0\u00a0\u00a0\u00a0\u00a0\u00a0\u00a0 <\/strong>Valor energ\u00e9tico: 3500Kc\/900Kj<\/p>\n<p>Grasas totales: 100 g.<\/p>\n<p>Grasas saturadas: 15 g.<\/p>\n<p>Hidratos de carbono: 0 g.<\/p>\n<p>Az\u00facares: 0 g.<\/p>\n<p>Prote\u00ednas: 0 g.<\/p>\n<p>Sal: &lt;0,01 g.<\/p>","protected":false},"excerpt":{"rendered":"<p>Desde las sierras de Ja\u00e9n situadas a una altitud media de 900 metros, te ofrecemos un aceite de oliva virgen extra 900 BALANCE para el que hemos seleccionado AOVEs de distintas variedades con los que realizamos un coupage que se adapte a los paladares m\u00e1s exigentes,\u00a0 a un precio que trata de encontrar el\u00a0<strong>balance<\/strong>\u00a0justo entre el valor de mercado y la calidad ofrecida .Con ello conseguimos un zumo de aceitunas\u00a0picual, picudas y hojiblancas de alta monta\u00f1a que aportan al aceite un sabor fresco con el punto ideal de sabor, calidad y precio. Este AOVE fue galardonado por el concurso GREAT TASTE llevado a cabo en Reino Unido en 2016.<\/p>","protected":false},"featured_media":2467,"comment_status":"open","ping_status":"closed","template":"","meta":[],"product_cat":[8],"product_tag":[11,12],"class_list":{"0":"post-2460","1":"product","2":"type-product","3":"status-publish","4":"has-post-thumbnail","6":"product_cat-aceite-de-oliva-virgen-extra","7":"product_tag-aceite-de-oliva","8":"product_tag-virgen-extra","10":"first","11":"instock","12":"taxable","13":"shipping-taxable","14":"purchasable","15":"product-type-variable","16":"has-default-attributes"},"yoast_head":"<!-- This site is optimized with the Yoast SEO plugin v24.1 - https:\/\/yoast.com\/wordpress\/plugins\/seo\/ -->\n<title>El mejor aceite de oliva virgen extra - Aceite 900 - calidad premium<\/title>\n<meta name=\"description\" content=\"El mejor Aceite de Oliva Virgen Extra de Calidad Superior 900 TOP es un coupage de aceituna picual, picudo y hojiblanca. Aceite de Oliva Virgen Extra 900TOP\" \/>\n<meta name=\"robots\" content=\"index, follow, max-snippet:-1, max-image-preview:large, max-video-preview:-1\" \/>\n<link rel=\"canonical\" href=\"https:\/\/www.aceitenovecientos.com\/en\/product\/aceite-oliva-virgen-extra-900-balance-cristal\/\" \/>\n<meta property=\"og:locale\" content=\"en_GB\" \/>\n<meta property=\"og:type\" content=\"article\" \/>\n<meta property=\"og:title\" content=\"El mejor aceite de oliva virgen extra - Aceite 900 - calidad premium\" \/>\n<meta property=\"og:description\" content=\"El mejor Aceite de Oliva Virgen Extra de Calidad Superior 900 TOP es un coupage de aceituna picual, picudo y hojiblanca. Aceite de Oliva Virgen Extra 900TOP\" \/>\n<meta property=\"og:url\" content=\"https:\/\/www.aceitenovecientos.com\/en\/product\/aceite-oliva-virgen-extra-900-balance-cristal\/\" \/>\n<meta property=\"og:site_name\" content=\"Aceite Novecientos\" \/>\n<meta property=\"article:publisher\" content=\"https:\/\/www.facebook.com\/aceitenovecientos\/\" \/>\n<meta property=\"article:modified_time\" content=\"2023-02-07T09:54:20+00:00\" \/>\n<meta property=\"og:image\" content=\"https:\/\/www.aceitenovecientos.com\/wp-content\/uploads\/2021\/01\/J4A9810-scaled.jpg\" \/>\n\t<meta property=\"og:image:width\" content=\"2560\" \/>\n\t<meta property=\"og:image:height\" content=\"1707\" \/>\n\t<meta property=\"og:image:type\" content=\"image\/jpeg\" \/>\n<meta name=\"twitter:card\" content=\"summary_large_image\" \/>\n<meta name=\"twitter:label1\" content=\"Estimated reading time\" \/>\n\t<meta name=\"twitter:data1\" content=\"3 minutes\" \/>\n<script type=\"application\/ld+json\" class=\"yoast-schema-graph\">{\"@context\":\"https:\/\/schema.org\",\"@graph\":[{\"@type\":\"WebPage\",\"@id\":\"https:\/\/www.aceitenovecientos.com\/producto\/aceite-oliva-virgen-extra-900-balance-cristal\/\",\"url\":\"https:\/\/www.aceitenovecientos.com\/producto\/aceite-oliva-virgen-extra-900-balance-cristal\/\",\"name\":\"El mejor aceite de oliva virgen extra - Aceite 900 - calidad premium\",\"isPartOf\":{\"@id\":\"https:\/\/www.aceitenovecientos.com\/#website\"},\"primaryImageOfPage\":{\"@id\":\"https:\/\/www.aceitenovecientos.com\/producto\/aceite-oliva-virgen-extra-900-balance-cristal\/#primaryimage\"},\"image\":{\"@id\":\"https:\/\/www.aceitenovecientos.com\/producto\/aceite-oliva-virgen-extra-900-balance-cristal\/#primaryimage\"},\"thumbnailUrl\":\"https:\/\/www.aceitenovecientos.com\/wp-content\/uploads\/2021\/01\/J4A9810-scaled.jpg\",\"datePublished\":\"2021-01-12T15:15:35+00:00\",\"dateModified\":\"2023-02-07T09:54:20+00:00\",\"description\":\"El mejor Aceite de Oliva Virgen Extra de Calidad Superior 900 TOP es un coupage de aceituna picual, picudo y hojiblanca. Aceite de Oliva Virgen Extra 900TOP\",\"breadcrumb\":{\"@id\":\"https:\/\/www.aceitenovecientos.com\/producto\/aceite-oliva-virgen-extra-900-balance-cristal\/#breadcrumb\"},\"inLanguage\":\"en-GB\",\"potentialAction\":[{\"@type\":\"ReadAction\",\"target\":[\"https:\/\/www.aceitenovecientos.com\/producto\/aceite-oliva-virgen-extra-900-balance-cristal\/\"]}]},{\"@type\":\"ImageObject\",\"inLanguage\":\"en-GB\",\"@id\":\"https:\/\/www.aceitenovecientos.com\/producto\/aceite-oliva-virgen-extra-900-balance-cristal\/#primaryimage\",\"url\":\"https:\/\/www.aceitenovecientos.com\/wp-content\/uploads\/2021\/01\/J4A9810-scaled.jpg\",\"contentUrl\":\"https:\/\/www.aceitenovecientos.com\/wp-content\/uploads\/2021\/01\/J4A9810-scaled.jpg\",\"width\":2560,\"height\":1707,\"caption\":\"cousin EVOO\"},{\"@type\":\"BreadcrumbList\",\"@id\":\"https:\/\/www.aceitenovecientos.com\/producto\/aceite-oliva-virgen-extra-900-balance-cristal\/#breadcrumb\",\"itemListElement\":[{\"@type\":\"ListItem\",\"position\":1,\"name\":\"Portada\",\"item\":\"https:\/\/www.aceitenovecientos.com\/\"},{\"@type\":\"ListItem\",\"position\":2,\"name\":\"Cat\u00e1logo\",\"item\":\"https:\/\/www.aceitenovecientos.com\/shop\/\"},{\"@type\":\"ListItem\",\"position\":3,\"name\":\"Aceite de Oliva Virgen Extra 900 Balance cristal\"}]},{\"@type\":\"WebSite\",\"@id\":\"https:\/\/www.aceitenovecientos.com\/#website\",\"url\":\"https:\/\/www.aceitenovecientos.com\/\",\"name\":\"Aceite Novecientos\",\"description\":\"Aceite de Oliva de Ja\u00e9n\",\"publisher\":{\"@id\":\"https:\/\/www.aceitenovecientos.com\/#organization\"},\"potentialAction\":[{\"@type\":\"SearchAction\",\"target\":{\"@type\":\"EntryPoint\",\"urlTemplate\":\"https:\/\/www.aceitenovecientos.com\/?s={search_term_string}\"},\"query-input\":{\"@type\":\"PropertyValueSpecification\",\"valueRequired\":true,\"valueName\":\"search_term_string\"}}],\"inLanguage\":\"en-GB\"},{\"@type\":\"Organization\",\"@id\":\"https:\/\/www.aceitenovecientos.com\/#organization\",\"name\":\"Aceite Novecientos\",\"url\":\"https:\/\/www.aceitenovecientos.com\/\",\"logo\":{\"@type\":\"ImageObject\",\"inLanguage\":\"en-GB\",\"@id\":\"https:\/\/www.aceitenovecientos.com\/#\/schema\/logo\/image\/\",\"url\":\"https:\/\/www.aceitenovecientos.com\/wp-content\/uploads\/2021\/12\/logo900-head.webp\",\"contentUrl\":\"https:\/\/www.aceitenovecientos.com\/wp-content\/uploads\/2021\/12\/logo900-head.webp\",\"width\":470,\"height\":110,\"caption\":\"Aceite Novecientos\"},\"image\":{\"@id\":\"https:\/\/www.aceitenovecientos.com\/#\/schema\/logo\/image\/\"},\"sameAs\":[\"https:\/\/www.facebook.com\/aceitenovecientos\/\"]}]}<\/script>\n<!-- \/ Yoast SEO plugin. -->","yoast_head_json":{"title":"El mejor aceite de oliva virgen extra - Aceite 900 - calidad premium","description":"El mejor Aceite de Oliva Virgen Extra de Calidad Superior 900 TOP es un coupage de aceituna picual, picudo y hojiblanca. Aceite de Oliva Virgen Extra 900TOP","robots":{"index":"index","follow":"follow","max-snippet":"max-snippet:-1","max-image-preview":"max-image-preview:large","max-video-preview":"max-video-preview:-1"},"canonical":"https:\/\/www.aceitenovecientos.com\/en\/product\/aceite-oliva-virgen-extra-900-balance-cristal\/","og_locale":"en_GB","og_type":"article","og_title":"El mejor aceite de oliva virgen extra - Aceite 900 - calidad premium","og_description":"El mejor Aceite de Oliva Virgen Extra de Calidad Superior 900 TOP es un coupage de aceituna picual, picudo y hojiblanca. Aceite de Oliva Virgen Extra 900TOP","og_url":"https:\/\/www.aceitenovecientos.com\/en\/product\/aceite-oliva-virgen-extra-900-balance-cristal\/","og_site_name":"Aceite Novecientos","article_publisher":"https:\/\/www.facebook.com\/aceitenovecientos\/","article_modified_time":"2023-02-07T09:54:20+00:00","og_image":[{"width":2560,"height":1707,"url":"https:\/\/www.aceitenovecientos.com\/wp-content\/uploads\/2021\/01\/J4A9810-scaled.jpg","type":"image\/jpeg"}],"twitter_card":"summary_large_image","twitter_misc":{"Estimated reading time":"3 minutes"},"schema":{"@context":"https:\/\/schema.org","@graph":[{"@type":"WebPage","@id":"https:\/\/www.aceitenovecientos.com\/producto\/aceite-oliva-virgen-extra-900-balance-cristal\/","url":"https:\/\/www.aceitenovecientos.com\/producto\/aceite-oliva-virgen-extra-900-balance-cristal\/","name":"El mejor aceite de oliva virgen extra - Aceite 900 - calidad premium","isPartOf":{"@id":"https:\/\/www.aceitenovecientos.com\/#website"},"primaryImageOfPage":{"@id":"https:\/\/www.aceitenovecientos.com\/producto\/aceite-oliva-virgen-extra-900-balance-cristal\/#primaryimage"},"image":{"@id":"https:\/\/www.aceitenovecientos.com\/producto\/aceite-oliva-virgen-extra-900-balance-cristal\/#primaryimage"},"thumbnailUrl":"https:\/\/www.aceitenovecientos.com\/wp-content\/uploads\/2021\/01\/J4A9810-scaled.jpg","datePublished":"2021-01-12T15:15:35+00:00","dateModified":"2023-02-07T09:54:20+00:00","description":"El mejor Aceite de Oliva Virgen Extra de Calidad Superior 900 TOP es un coupage de aceituna picual, picudo y hojiblanca. Aceite de Oliva Virgen Extra 900TOP","breadcrumb":{"@id":"https:\/\/www.aceitenovecientos.com\/producto\/aceite-oliva-virgen-extra-900-balance-cristal\/#breadcrumb"},"inLanguage":"en-GB","potentialAction":[{"@type":"ReadAction","target":["https:\/\/www.aceitenovecientos.com\/producto\/aceite-oliva-virgen-extra-900-balance-cristal\/"]}]},{"@type":"ImageObject","inLanguage":"en-GB","@id":"https:\/\/www.aceitenovecientos.com\/producto\/aceite-oliva-virgen-extra-900-balance-cristal\/#primaryimage","url":"https:\/\/www.aceitenovecientos.com\/wp-content\/uploads\/2021\/01\/J4A9810-scaled.jpg","contentUrl":"https:\/\/www.aceitenovecientos.com\/wp-content\/uploads\/2021\/01\/J4A9810-scaled.jpg","width":2560,"height":1707,"caption":"cousin EVOO"},{"@type":"BreadcrumbList","@id":"https:\/\/www.aceitenovecientos.com\/producto\/aceite-oliva-virgen-extra-900-balance-cristal\/#breadcrumb","itemListElement":[{"@type":"ListItem","position":1,"name":"Portada","item":"https:\/\/www.aceitenovecientos.com\/"},{"@type":"ListItem","position":2,"name":"Cat\u00e1logo","item":"https:\/\/www.aceitenovecientos.com\/shop\/"},{"@type":"ListItem","position":3,"name":"Aceite de Oliva Virgen Extra 900 Balance cristal"}]},{"@type":"WebSite","@id":"https:\/\/www.aceitenovecientos.com\/#website","url":"https:\/\/www.aceitenovecientos.com\/","name":"Aceite Novecientos","description":"Aceite de Oliva de Ja\u00e9n","publisher":{"@id":"https:\/\/www.aceitenovecientos.com\/#organization"},"potentialAction":[{"@type":"SearchAction","target":{"@type":"EntryPoint","urlTemplate":"https:\/\/www.aceitenovecientos.com\/?s={search_term_string}"},"query-input":{"@type":"PropertyValueSpecification","valueRequired":true,"valueName":"search_term_string"}}],"inLanguage":"en-GB"},{"@type":"Organization","@id":"https:\/\/www.aceitenovecientos.com\/#organization","name":"Aceite Novecientos","url":"https:\/\/www.aceitenovecientos.com\/","logo":{"@type":"ImageObject","inLanguage":"en-GB","@id":"https:\/\/www.aceitenovecientos.com\/#\/schema\/logo\/image\/","url":"https:\/\/www.aceitenovecientos.com\/wp-content\/uploads\/2021\/12\/logo900-head.webp","contentUrl":"https:\/\/www.aceitenovecientos.com\/wp-content\/uploads\/2021\/12\/logo900-head.webp","width":470,"height":110,"caption":"Aceite Novecientos"},"image":{"@id":"https:\/\/www.aceitenovecientos.com\/#\/schema\/logo\/image\/"},"sameAs":["https:\/\/www.facebook.com\/aceitenovecientos\/"]}]}},"_links":{"self":[{"href":"https:\/\/www.aceitenovecientos.com\/en\/wp-json\/wp\/v2\/product\/2460","targetHints":{"allow":["GET"]}}],"collection":[{"href":"https:\/\/www.aceitenovecientos.com\/en\/wp-json\/wp\/v2\/product"}],"about":[{"href":"https:\/\/www.aceitenovecientos.com\/en\/wp-json\/wp\/v2\/types\/product"}],"replies":[{"embeddable":true,"href":"https:\/\/www.aceitenovecientos.com\/en\/wp-json\/wp\/v2\/comments?post=2460"}],"wp:featuredmedia":[{"embeddable":true,"href":"https:\/\/www.aceitenovecientos.com\/en\/wp-json\/wp\/v2\/media\/2467"}],"wp:attachment":[{"href":"https:\/\/www.aceitenovecientos.com\/en\/wp-json\/wp\/v2\/media?parent=2460"}],"wp:term":[{"taxonomy":"product_cat","embeddable":true,"href":"https:\/\/www.aceitenovecientos.com\/en\/wp-json\/wp\/v2\/product_cat?post=2460"},{"taxonomy":"product_tag","embeddable":true,"href":"https:\/\/www.aceitenovecientos.com\/en\/wp-json\/wp\/v2\/product_tag?post=2460"}],"curies":[{"name":"wp","href":"https:\/\/api.w.org\/{rel}","templated":true}]}}