{"id":2447,"date":"2021-01-12T10:39:51","date_gmt":"2021-01-12T09:39:51","guid":{"rendered":"https:\/\/www.aceitenovecientos.com\/?post_type=product&#038;p=2447"},"modified":"2023-02-07T11:13:18","modified_gmt":"2023-02-07T10:13:18","slug":"chocolate-negro-artesanal-elaborado-aceite-oliva-virgen-extra-900-copia","status":"publish","type":"product","link":"https:\/\/www.aceitenovecientos.com\/en\/product\/chocolate-negro-artesanal-elaborado-aceite-oliva-virgen-extra-900-copia\/","title":{"rendered":"Chocolate Negro al 84% de Cacao, elaborado con Aceite de Oliva Virgen Extra 900"},"content":{"rendered":"<p>Con nuestro el chocolate artesanal al 84% de cacao NOVECIENTOS, elaborado con aceite de oliva virgen extra no s\u00f3lo disfrutar\u00e1s por su intenso sabor a chocolate puro, gracias a su elevado porcentaje en cacao, sino que tambi\u00e9n le aportaras a tu organismos un alimento saludabl. En chocolate, dentro de los dulces es el m\u00e1s saludable para su consumo.<\/p>\n<p>Uno de los muchos los beneficios que tiene el chocolate, es la cantidad de energ\u00eda que proporciona al organismo. Adem\u00e1s e<strong>l chocolate negro es bueno para el esmalte de los dientes,<\/strong>\u00a0ayudando a no contraer caries. Esto se debe a que el cacao contiene \u00bbstreptococcus mutans\u00bb, \u00a0una bacteria determinante de la producci\u00f3n del \u00e1cido que provoca las caries y que viene contrastado por los antioxidantes del\u00a0cacao, que limitan la producci\u00f3n del \u00e1cido.<\/p>\n<p><strong>BENEFICIOS ADICIONALES DEL CHOCOLATE NEGRO<\/strong><\/p>\n<p>Al igual que estimula el flujo de la sangre hacia el coraz\u00f3n, lo hace tambi\u00e9n con el cerebro, del que a largo plazo podr\u00eda conseguir mejorar la funci\u00f3n cognitiva. Adem\u00e1s, es una importante fuente de diversos estimulantes naturales como la cafe\u00edna o la teobromina. Las cuales con un consumo regular pero no en grandes cantidades de chocolate negro, actuar\u00e1n reduciendo la sensaci\u00f3n de fatiga en las personas y mejorando el estado de \u00e1nimo y la calidad del sue\u00f1o, gracias a la liberaci\u00f3n de serotonina y endorfinas, que se produce. En definitiva, consigamos experimentar esa sensaci\u00f3n de bienestar y nos sintamos m\u00e1s felices.<\/p>\n<p>A su vez la teobromina tiene importantes cualidades para los dientes. Esto es as\u00ed, ya que ayudar\u00e1 al endurecimiento del esmalte. Lo que no implica que podamos depender en gran medida del chocolate negro, ya que no podemos olvidar que contiene, aunque una peque\u00f1a cantidad, pero incluye az\u00facares entre sus ingredientes, con lo que es de especial importancia mantener una buena limpieza para evitar posibles caries.<\/p>\n<p><strong>M\u00c1S IFORMACI\u00d3N SOBRE CHOCOLATE 84% CACAO 900:<\/strong><\/p>\n<p><strong>Ingredientes:<\/strong> Pasta de cacao, az\u00facar, manteca de cacao, aceite de oliva virgen extra. Emulgente: lecitina de soja, aroma natural de vainilla.<\/p>\n<p>Puede contener trazas de leche.<\/p>\n<p><strong>INFORMACION NUTRICIONAL<\/strong><\/p>\n<p>Valores medidos por 100g<\/p>\n<ul>\n<li>energ\u00e9tico: 2351 KJ\/562 Kcal<\/li>\n<li>Grasas: 52.5 g<\/li>\n<li>Grasas saturadas: 29.8 g<\/li>\n<li>Hidratos de Carbono: 20.4 g<\/li>\n<li>Az\u00facares: 14.7 g<\/li>\n<li>Fibra: 14.2 g<\/li>\n<li>Prote\u00ednas: 11.5 g<\/li>\n<li>Sal: 0.01 g<\/li>\n<\/ul>","protected":false},"excerpt":{"rendered":"<p>Chocolate artesanal elaborado con un 84% de cacao y un 5% m\u00ednimo de AOVE para dotarlo de peculiar sabor. Sabor y salud a partes iguales, evitando el uso de otras grasas nocivas para la salud como es el aceite de palma.<\/p>\n<p>Sin gluten, 115g.<\/p>","protected":false},"featured_media":2452,"comment_status":"open","ping_status":"closed","template":"","meta":[],"product_cat":[271,269],"product_tag":[],"class_list":{"0":"post-2447","1":"product","2":"type-product","3":"status-publish","4":"has-post-thumbnail","6":"product_cat-chocolates-elaborados-con-aove","7":"product_cat-dulces-saludables-con-aove-y-mieles","9":"first","10":"instock","11":"taxable","12":"shipping-taxable","13":"purchasable","14":"product-type-variable"},"yoast_head":"<!-- This site is optimized with the Yoast SEO plugin v24.1 - https:\/\/yoast.com\/wordpress\/plugins\/seo\/ -->\n<title>Chocolate Negro al 84% de Cacao, elaborado con Aceite de Oliva Virgen Extra 900 - Aceite Novecientos<\/title>\n<meta name=\"robots\" content=\"index, follow, max-snippet:-1, max-image-preview:large, max-video-preview:-1\" \/>\n<link rel=\"canonical\" href=\"https:\/\/www.aceitenovecientos.com\/en\/product\/chocolate-negro-artesanal-elaborado-aceite-oliva-virgen-extra-900-copia\/\" \/>\n<meta property=\"og:locale\" content=\"en_GB\" \/>\n<meta property=\"og:type\" content=\"article\" \/>\n<meta property=\"og:title\" content=\"Chocolate Negro al 84% de Cacao, elaborado con Aceite de Oliva Virgen Extra 900 - Aceite Novecientos\" \/>\n<meta property=\"og:description\" content=\"Chocolate artesanal elaborado con un 84% de cacao y un 5% m\u00ednimo de AOVE para dotarlo de peculiar sabor. Sabor y salud a partes iguales, evitando el uso de otras grasas nocivas para la salud como es el aceite de palma.  Sin gluten, 115g.\" \/>\n<meta property=\"og:url\" content=\"https:\/\/www.aceitenovecientos.com\/en\/product\/chocolate-negro-artesanal-elaborado-aceite-oliva-virgen-extra-900-copia\/\" \/>\n<meta property=\"og:site_name\" content=\"Aceite Novecientos\" \/>\n<meta property=\"article:publisher\" content=\"https:\/\/www.facebook.com\/aceitenovecientos\/\" \/>\n<meta property=\"article:modified_time\" content=\"2023-02-07T10:13:18+00:00\" \/>\n<meta property=\"og:image\" content=\"https:\/\/www.aceitenovecientos.com\/wp-content\/uploads\/2021\/01\/84\ufffd-scaled.jpg\" \/>\n\t<meta property=\"og:image:width\" content=\"2560\" \/>\n\t<meta property=\"og:image:height\" content=\"1707\" \/>\n\t<meta property=\"og:image:type\" content=\"image\/jpeg\" \/>\n<meta name=\"twitter:card\" content=\"summary_large_image\" \/>\n<meta name=\"twitter:label1\" content=\"Estimated reading time\" \/>\n\t<meta name=\"twitter:data1\" content=\"2 minutes\" \/>\n<script type=\"application\/ld+json\" class=\"yoast-schema-graph\">{\"@context\":\"https:\/\/schema.org\",\"@graph\":[{\"@type\":\"WebPage\",\"@id\":\"https:\/\/www.aceitenovecientos.com\/producto\/chocolate-negro-artesanal-elaborado-aceite-oliva-virgen-extra-900-copia\/\",\"url\":\"https:\/\/www.aceitenovecientos.com\/producto\/chocolate-negro-artesanal-elaborado-aceite-oliva-virgen-extra-900-copia\/\",\"name\":\"Chocolate Negro al 84% de Cacao, elaborado con Aceite de Oliva Virgen Extra 900 - Aceite Novecientos\",\"isPartOf\":{\"@id\":\"https:\/\/www.aceitenovecientos.com\/#website\"},\"primaryImageOfPage\":{\"@id\":\"https:\/\/www.aceitenovecientos.com\/producto\/chocolate-negro-artesanal-elaborado-aceite-oliva-virgen-extra-900-copia\/#primaryimage\"},\"image\":{\"@id\":\"https:\/\/www.aceitenovecientos.com\/producto\/chocolate-negro-artesanal-elaborado-aceite-oliva-virgen-extra-900-copia\/#primaryimage\"},\"thumbnailUrl\":\"https:\/\/www.aceitenovecientos.com\/wp-content\/uploads\/2021\/01\/84\ufffd-scaled.jpg\",\"datePublished\":\"2021-01-12T09:39:51+00:00\",\"dateModified\":\"2023-02-07T10:13:18+00:00\",\"breadcrumb\":{\"@id\":\"https:\/\/www.aceitenovecientos.com\/producto\/chocolate-negro-artesanal-elaborado-aceite-oliva-virgen-extra-900-copia\/#breadcrumb\"},\"inLanguage\":\"en-GB\",\"potentialAction\":[{\"@type\":\"ReadAction\",\"target\":[\"https:\/\/www.aceitenovecientos.com\/producto\/chocolate-negro-artesanal-elaborado-aceite-oliva-virgen-extra-900-copia\/\"]}]},{\"@type\":\"ImageObject\",\"inLanguage\":\"en-GB\",\"@id\":\"https:\/\/www.aceitenovecientos.com\/producto\/chocolate-negro-artesanal-elaborado-aceite-oliva-virgen-extra-900-copia\/#primaryimage\",\"url\":\"https:\/\/www.aceitenovecientos.com\/wp-content\/uploads\/2021\/01\/84\ufffd-scaled.jpg\",\"contentUrl\":\"https:\/\/www.aceitenovecientos.com\/wp-content\/uploads\/2021\/01\/84\ufffd-scaled.jpg\",\"width\":2560,\"height\":1707,\"caption\":\"CHOCOLATE NEGRO\"},{\"@type\":\"BreadcrumbList\",\"@id\":\"https:\/\/www.aceitenovecientos.com\/producto\/chocolate-negro-artesanal-elaborado-aceite-oliva-virgen-extra-900-copia\/#breadcrumb\",\"itemListElement\":[{\"@type\":\"ListItem\",\"position\":1,\"name\":\"Portada\",\"item\":\"https:\/\/www.aceitenovecientos.com\/\"},{\"@type\":\"ListItem\",\"position\":2,\"name\":\"Cat\u00e1logo\",\"item\":\"https:\/\/www.aceitenovecientos.com\/shop\/\"},{\"@type\":\"ListItem\",\"position\":3,\"name\":\"Chocolate Negro al 84% de Cacao, elaborado con Aceite de Oliva Virgen Extra 900\"}]},{\"@type\":\"WebSite\",\"@id\":\"https:\/\/www.aceitenovecientos.com\/#website\",\"url\":\"https:\/\/www.aceitenovecientos.com\/\",\"name\":\"Aceite Novecientos\",\"description\":\"Aceite de Oliva de Ja\u00e9n\",\"publisher\":{\"@id\":\"https:\/\/www.aceitenovecientos.com\/#organization\"},\"potentialAction\":[{\"@type\":\"SearchAction\",\"target\":{\"@type\":\"EntryPoint\",\"urlTemplate\":\"https:\/\/www.aceitenovecientos.com\/?s={search_term_string}\"},\"query-input\":{\"@type\":\"PropertyValueSpecification\",\"valueRequired\":true,\"valueName\":\"search_term_string\"}}],\"inLanguage\":\"en-GB\"},{\"@type\":\"Organization\",\"@id\":\"https:\/\/www.aceitenovecientos.com\/#organization\",\"name\":\"Aceite Novecientos\",\"url\":\"https:\/\/www.aceitenovecientos.com\/\",\"logo\":{\"@type\":\"ImageObject\",\"inLanguage\":\"en-GB\",\"@id\":\"https:\/\/www.aceitenovecientos.com\/#\/schema\/logo\/image\/\",\"url\":\"https:\/\/www.aceitenovecientos.com\/wp-content\/uploads\/2021\/12\/logo900-head.webp\",\"contentUrl\":\"https:\/\/www.aceitenovecientos.com\/wp-content\/uploads\/2021\/12\/logo900-head.webp\",\"width\":470,\"height\":110,\"caption\":\"Aceite Novecientos\"},\"image\":{\"@id\":\"https:\/\/www.aceitenovecientos.com\/#\/schema\/logo\/image\/\"},\"sameAs\":[\"https:\/\/www.facebook.com\/aceitenovecientos\/\"]}]}<\/script>\n<!-- \/ Yoast SEO plugin. -->","yoast_head_json":{"title":"Chocolate Negro al 84% de Cacao, elaborado con Aceite de Oliva Virgen Extra 900 - Aceite Novecientos","robots":{"index":"index","follow":"follow","max-snippet":"max-snippet:-1","max-image-preview":"max-image-preview:large","max-video-preview":"max-video-preview:-1"},"canonical":"https:\/\/www.aceitenovecientos.com\/en\/product\/chocolate-negro-artesanal-elaborado-aceite-oliva-virgen-extra-900-copia\/","og_locale":"en_GB","og_type":"article","og_title":"Chocolate Negro al 84% de Cacao, elaborado con Aceite de Oliva Virgen Extra 900 - Aceite Novecientos","og_description":"Chocolate artesanal elaborado con un 84% de cacao y un 5% m\u00ednimo de AOVE para dotarlo de peculiar sabor. Sabor y salud a partes iguales, evitando el uso de otras grasas nocivas para la salud como es el aceite de palma.  Sin gluten, 115g.","og_url":"https:\/\/www.aceitenovecientos.com\/en\/product\/chocolate-negro-artesanal-elaborado-aceite-oliva-virgen-extra-900-copia\/","og_site_name":"Aceite Novecientos","article_publisher":"https:\/\/www.facebook.com\/aceitenovecientos\/","article_modified_time":"2023-02-07T10:13:18+00:00","og_image":[{"width":2560,"height":1707,"url":"https:\/\/www.aceitenovecientos.com\/wp-content\/uploads\/2021\/01\/84\ufffd-scaled.jpg","type":"image\/jpeg"}],"twitter_card":"summary_large_image","twitter_misc":{"Estimated reading time":"2 minutes"},"schema":{"@context":"https:\/\/schema.org","@graph":[{"@type":"WebPage","@id":"https:\/\/www.aceitenovecientos.com\/producto\/chocolate-negro-artesanal-elaborado-aceite-oliva-virgen-extra-900-copia\/","url":"https:\/\/www.aceitenovecientos.com\/producto\/chocolate-negro-artesanal-elaborado-aceite-oliva-virgen-extra-900-copia\/","name":"Chocolate Negro al 84% de Cacao, elaborado con Aceite de Oliva Virgen Extra 900 - Aceite Novecientos","isPartOf":{"@id":"https:\/\/www.aceitenovecientos.com\/#website"},"primaryImageOfPage":{"@id":"https:\/\/www.aceitenovecientos.com\/producto\/chocolate-negro-artesanal-elaborado-aceite-oliva-virgen-extra-900-copia\/#primaryimage"},"image":{"@id":"https:\/\/www.aceitenovecientos.com\/producto\/chocolate-negro-artesanal-elaborado-aceite-oliva-virgen-extra-900-copia\/#primaryimage"},"thumbnailUrl":"https:\/\/www.aceitenovecientos.com\/wp-content\/uploads\/2021\/01\/84\ufffd-scaled.jpg","datePublished":"2021-01-12T09:39:51+00:00","dateModified":"2023-02-07T10:13:18+00:00","breadcrumb":{"@id":"https:\/\/www.aceitenovecientos.com\/producto\/chocolate-negro-artesanal-elaborado-aceite-oliva-virgen-extra-900-copia\/#breadcrumb"},"inLanguage":"en-GB","potentialAction":[{"@type":"ReadAction","target":["https:\/\/www.aceitenovecientos.com\/producto\/chocolate-negro-artesanal-elaborado-aceite-oliva-virgen-extra-900-copia\/"]}]},{"@type":"ImageObject","inLanguage":"en-GB","@id":"https:\/\/www.aceitenovecientos.com\/producto\/chocolate-negro-artesanal-elaborado-aceite-oliva-virgen-extra-900-copia\/#primaryimage","url":"https:\/\/www.aceitenovecientos.com\/wp-content\/uploads\/2021\/01\/84\ufffd-scaled.jpg","contentUrl":"https:\/\/www.aceitenovecientos.com\/wp-content\/uploads\/2021\/01\/84\ufffd-scaled.jpg","width":2560,"height":1707,"caption":"CHOCOLATE NEGRO"},{"@type":"BreadcrumbList","@id":"https:\/\/www.aceitenovecientos.com\/producto\/chocolate-negro-artesanal-elaborado-aceite-oliva-virgen-extra-900-copia\/#breadcrumb","itemListElement":[{"@type":"ListItem","position":1,"name":"Portada","item":"https:\/\/www.aceitenovecientos.com\/"},{"@type":"ListItem","position":2,"name":"Cat\u00e1logo","item":"https:\/\/www.aceitenovecientos.com\/shop\/"},{"@type":"ListItem","position":3,"name":"Chocolate Negro al 84% de Cacao, elaborado con Aceite de Oliva Virgen Extra 900"}]},{"@type":"WebSite","@id":"https:\/\/www.aceitenovecientos.com\/#website","url":"https:\/\/www.aceitenovecientos.com\/","name":"Aceite Novecientos","description":"Aceite de Oliva de Ja\u00e9n","publisher":{"@id":"https:\/\/www.aceitenovecientos.com\/#organization"},"potentialAction":[{"@type":"SearchAction","target":{"@type":"EntryPoint","urlTemplate":"https:\/\/www.aceitenovecientos.com\/?s={search_term_string}"},"query-input":{"@type":"PropertyValueSpecification","valueRequired":true,"valueName":"search_term_string"}}],"inLanguage":"en-GB"},{"@type":"Organization","@id":"https:\/\/www.aceitenovecientos.com\/#organization","name":"Aceite Novecientos","url":"https:\/\/www.aceitenovecientos.com\/","logo":{"@type":"ImageObject","inLanguage":"en-GB","@id":"https:\/\/www.aceitenovecientos.com\/#\/schema\/logo\/image\/","url":"https:\/\/www.aceitenovecientos.com\/wp-content\/uploads\/2021\/12\/logo900-head.webp","contentUrl":"https:\/\/www.aceitenovecientos.com\/wp-content\/uploads\/2021\/12\/logo900-head.webp","width":470,"height":110,"caption":"Aceite Novecientos"},"image":{"@id":"https:\/\/www.aceitenovecientos.com\/#\/schema\/logo\/image\/"},"sameAs":["https:\/\/www.facebook.com\/aceitenovecientos\/"]}]}},"_links":{"self":[{"href":"https:\/\/www.aceitenovecientos.com\/en\/wp-json\/wp\/v2\/product\/2447","targetHints":{"allow":["GET"]}}],"collection":[{"href":"https:\/\/www.aceitenovecientos.com\/en\/wp-json\/wp\/v2\/product"}],"about":[{"href":"https:\/\/www.aceitenovecientos.com\/en\/wp-json\/wp\/v2\/types\/product"}],"replies":[{"embeddable":true,"href":"https:\/\/www.aceitenovecientos.com\/en\/wp-json\/wp\/v2\/comments?post=2447"}],"wp:featuredmedia":[{"embeddable":true,"href":"https:\/\/www.aceitenovecientos.com\/en\/wp-json\/wp\/v2\/media\/2452"}],"wp:attachment":[{"href":"https:\/\/www.aceitenovecientos.com\/en\/wp-json\/wp\/v2\/media?parent=2447"}],"wp:term":[{"taxonomy":"product_cat","embeddable":true,"href":"https:\/\/www.aceitenovecientos.com\/en\/wp-json\/wp\/v2\/product_cat?post=2447"},{"taxonomy":"product_tag","embeddable":true,"href":"https:\/\/www.aceitenovecientos.com\/en\/wp-json\/wp\/v2\/product_tag?post=2447"}],"curies":[{"name":"wp","href":"https:\/\/api.w.org\/{rel}","templated":true}]}}