{"id":227,"date":"2016-08-10T13:41:10","date_gmt":"2016-08-10T13:41:10","guid":{"rendered":"http:\/\/www.aceitenovecientos.com\/?post_type=product&#038;p=227"},"modified":"2023-02-22T10:30:06","modified_gmt":"2023-02-22T09:30:06","slug":"vinagre-balsamico","status":"publish","type":"product","link":"https:\/\/www.aceitenovecientos.com\/en\/product\/vinagre-balsamico\/","title":{"rendered":"Vinagre Bals\u00e1mico 900"},"content":{"rendered":"<h3><strong>Vinagre bals\u00e1mico<\/strong><\/h3>\n<p>El vinagre bals\u00e1mico es un sustituto del vinagre tradicional que aportar\u00e1 a tus platos un sabor intenso y agradable.<\/p>\n<p>El vinagre, compa\u00f1ero inseparable de un excepcional aceite de oliva virgen extra, no puede faltar como aderezo en nuestros men\u00fas. Especialmente utilizado en ensaladas, plato base de una dieta mediterr\u00e1nea y de consumo diario. En l\u00ednea con los dem\u00e1s productos de ORIGEN NOVECIENTOS, ofertamos no s\u00f3lo un vinagre de alta calidad, sino que aporte adem\u00e1s, un valor adicional por obtener un resultado de sabor diferenciador cuando se utiliza en la cocina. Aunque tradicionalmente se usa en ensaladas, puedes regar con un chorre\u00f3n platos de pasta previamente salteada con unas verduras. Potencia e sabor de cualquier verdura cocinada al vapor y la hace un plato sabroso y saludable a la vez.<\/p>\n<p><strong>Beneficios para la salud<\/strong><\/p>\n<p>Nos encontramos con infinidad de estudios e investigaciones que prueban los beneficios de tomar vinagre para nuestro cuerpo. A modo de resumen, estos estudios concluyen que el vinagre podr\u00eda ser un aliado perfecto contra la diabetes, que acelera el metabolismo y por lo tanto podr\u00eda ser un adelgazante natural. Un estudio realizado en 2009 por el Instituto Central de Investigaci\u00f3n del Grupo Mizkan encontr\u00f3 que el \u00e1cido ac\u00e9tico del vinagre tiene el poder de acelerar el metabolismo. Los resultados sugieren que una dosis de 30 ml o 2 cucharadas de vinagre mezclado con una bebida tienen un impacto positivo en la p\u00e9rdida de peso y en el \u00edndice de masa corporal. Se ha utilizado como secreto de belleza por que equilibra el PH de la piel.<\/p>\n<p>Podr\u00e1s reutilizar la caja de madera del pack para cualquier cosa que se te ocurra. Te proponemos algunas opciones:<\/p>\n<p><img loading=\"lazy\" decoding=\"async\" class=\"alignnone size-full wp-image-280\" src=\"http:\/\/www.aceitenovecientos.com\/wp-content\/uploads\/2016\/08\/reutilizar-caja1.jpg\" alt=\"reutilizar-caja1\" width=\"250\" height=\"250\" srcset=\"https:\/\/www.aceitenovecientos.com\/wp-content\/uploads\/2016\/08\/reutilizar-caja1.jpg 250w, https:\/\/www.aceitenovecientos.com\/wp-content\/uploads\/2016\/08\/reutilizar-caja1-100x100.jpg 100w, https:\/\/www.aceitenovecientos.com\/wp-content\/uploads\/2016\/08\/reutilizar-caja1-150x150.jpg 150w, https:\/\/www.aceitenovecientos.com\/wp-content\/uploads\/2016\/08\/reutilizar-caja1-146x146.jpg 146w, https:\/\/www.aceitenovecientos.com\/wp-content\/uploads\/2016\/08\/reutilizar-caja1-50x50.jpg 50w, https:\/\/www.aceitenovecientos.com\/wp-content\/uploads\/2016\/08\/reutilizar-caja1-75x75.jpg 75w, https:\/\/www.aceitenovecientos.com\/wp-content\/uploads\/2016\/08\/reutilizar-caja1-85x85.jpg 85w, https:\/\/www.aceitenovecientos.com\/wp-content\/uploads\/2016\/08\/reutilizar-caja1-80x80.jpg 80w\" sizes=\"auto, (max-width: 250px) 100vw, 250px\" \/>\u00a0 \u00a0\u00a0<img loading=\"lazy\" decoding=\"async\" class=\"alignnone size-full wp-image-281\" src=\"http:\/\/www.aceitenovecientos.com\/wp-content\/uploads\/2016\/08\/reutilizar-caja2.jpg\" alt=\"reutilizar-caja2\" width=\"250\" height=\"250\" srcset=\"https:\/\/www.aceitenovecientos.com\/wp-content\/uploads\/2016\/08\/reutilizar-caja2.jpg 250w, https:\/\/www.aceitenovecientos.com\/wp-content\/uploads\/2016\/08\/reutilizar-caja2-100x100.jpg 100w, https:\/\/www.aceitenovecientos.com\/wp-content\/uploads\/2016\/08\/reutilizar-caja2-150x150.jpg 150w, https:\/\/www.aceitenovecientos.com\/wp-content\/uploads\/2016\/08\/reutilizar-caja2-146x146.jpg 146w, https:\/\/www.aceitenovecientos.com\/wp-content\/uploads\/2016\/08\/reutilizar-caja2-50x50.jpg 50w, https:\/\/www.aceitenovecientos.com\/wp-content\/uploads\/2016\/08\/reutilizar-caja2-75x75.jpg 75w, https:\/\/www.aceitenovecientos.com\/wp-content\/uploads\/2016\/08\/reutilizar-caja2-85x85.jpg 85w, https:\/\/www.aceitenovecientos.com\/wp-content\/uploads\/2016\/08\/reutilizar-caja2-80x80.jpg 80w\" sizes=\"auto, (max-width: 250px) 100vw, 250px\" \/>\u00a0 \u00a0\u00a0<img loading=\"lazy\" decoding=\"async\" class=\"alignnone size-full wp-image-282\" src=\"http:\/\/www.aceitenovecientos.com\/wp-content\/uploads\/2016\/08\/reutilizar-caja3.jpg\" alt=\"reutilizar-caja3\" width=\"250\" height=\"250\" srcset=\"https:\/\/www.aceitenovecientos.com\/wp-content\/uploads\/2016\/08\/reutilizar-caja3.jpg 250w, https:\/\/www.aceitenovecientos.com\/wp-content\/uploads\/2016\/08\/reutilizar-caja3-100x100.jpg 100w, https:\/\/www.aceitenovecientos.com\/wp-content\/uploads\/2016\/08\/reutilizar-caja3-150x150.jpg 150w, https:\/\/www.aceitenovecientos.com\/wp-content\/uploads\/2016\/08\/reutilizar-caja3-146x146.jpg 146w, https:\/\/www.aceitenovecientos.com\/wp-content\/uploads\/2016\/08\/reutilizar-caja3-50x50.jpg 50w, https:\/\/www.aceitenovecientos.com\/wp-content\/uploads\/2016\/08\/reutilizar-caja3-75x75.jpg 75w, https:\/\/www.aceitenovecientos.com\/wp-content\/uploads\/2016\/08\/reutilizar-caja3-85x85.jpg 85w, https:\/\/www.aceitenovecientos.com\/wp-content\/uploads\/2016\/08\/reutilizar-caja3-80x80.jpg 80w\" sizes=\"auto, (max-width: 250px) 100vw, 250px\" \/><\/p>\n<p><strong>M\u00e1s datos sobre el Vinagra Bals\u00e1mico 900:<\/strong><\/p>\n<p><strong>Ingredientes:<\/strong> Vinagre de mosto de uva concentrada.<\/p>\n<p><strong>Informaci\u00f3n nutricional:<\/strong><\/p>\n<ul>\n<li>Valores nutricionales por 100 g.<\/li>\n<li>Valor energ\u00e9tico: 1 78 kcal<\/li>\n<li>Grasas: 0 g.<\/li>\n<li>Sodio: 0 g.<\/li>\n<li>Colesterol: 0 g.<\/li>\n<li>Calcio: 0 g.<\/li>\n<li>Hidratos de carb.: 45 g.<\/li>\n<li>A: \u00a00<\/li>\n<li>Azucares 34 g.<\/li>\n<li>C: 0<\/li>\n<li>Prote\u00ednas: 1 g.<\/li>\n<\/ul>","protected":false},"excerpt":{"rendered":"<p><strong>Vinagre bals\u00e1mico.<\/strong> Es un sustituto del vinagre tradicional que aportar\u00e1 a tus platos un sabor intenso y agradable.<\/p>\n<p>El vinagre, como compa\u00f1ero inseparable de un excepcional AOVE, no puede faltar como aderezo en nuestros men\u00fas y especialmente en ensaladas, plato base de una dieta mediterr\u00e1nea y de consumo diario. En l\u00ednea con los dem\u00e1s productos de ORIGEN NOVECIENTOS , ofertamos no s\u00f3lo un vinagre de alta calidad, sino que aporte adem\u00e1s, un valor adicional por obtener un resultado de sabor diferenciador cuando se utiliza en la cocina.<\/p>\n<p>Formato:<\/p>\n<ul>\n<li>Botella de cristal de 100 ml.<\/li>\n<li>Caja 3 botellas de cristal de 100 ml (combinaci\u00f3n con otros sabores de 100 ml. a elegir)<\/li>\n<li>Caja de 12 botellas de cristal de 100 ml.<\/li>\n<li>Caja de madera de 6 botellas de 100 ml. (combinaci\u00f3n con otros sabores de 100 ml. a elegir).<\/li>\n<li>Caja de madera de 4 botellas de 100 ml. (Combinaci\u00f3n con otros sabores de 100 ml. y un bote de esferas de aceite de oliva virgen extra de 50 gr.)<\/li>\n<\/ul>\n<p>&nbsp;<\/p>","protected":false},"featured_media":228,"comment_status":"open","ping_status":"closed","template":"","meta":[],"product_cat":[29],"product_tag":[16,27,17],"class_list":{"0":"post-227","1":"product","2":"type-product","3":"status-publish","4":"has-post-thumbnail","6":"product_cat-vinagres","7":"product_tag-vinagre","8":"product_tag-vinagre-balsamico","9":"product_tag-vinagre-saborizado","11":"first","12":"instock","13":"taxable","14":"shipping-taxable","15":"purchasable","16":"product-type-variable"},"yoast_head":"<!-- This site is optimized with the Yoast SEO plugin v24.1 - https:\/\/yoast.com\/wordpress\/plugins\/seo\/ -->\n<title>Vinagre bals\u00e1mico gourmet y de calidad. Aceite 900<\/title>\n<meta name=\"description\" content=\"Vinagre bals\u00e1mico. Es un sustituto del vinagre tradicional que aportar\u00e1 a tus platos un sabor intenso y agradable. Vinagre Bals\u00e1mico de alta calidad.\" \/>\n<meta name=\"robots\" content=\"index, follow, max-snippet:-1, max-image-preview:large, max-video-preview:-1\" \/>\n<link rel=\"canonical\" href=\"https:\/\/www.aceitenovecientos.com\/en\/product\/vinagre-balsamico\/\" \/>\n<meta property=\"og:locale\" content=\"en_GB\" \/>\n<meta property=\"og:type\" content=\"article\" \/>\n<meta property=\"og:title\" content=\"Vinagre bals\u00e1mico gourmet y de calidad. Aceite 900\" \/>\n<meta property=\"og:description\" content=\"Vinagre bals\u00e1mico. Es un sustituto del vinagre tradicional que aportar\u00e1 a tus platos un sabor intenso y agradable. Vinagre Bals\u00e1mico de alta calidad.\" \/>\n<meta property=\"og:url\" content=\"https:\/\/www.aceitenovecientos.com\/en\/product\/vinagre-balsamico\/\" \/>\n<meta property=\"og:site_name\" content=\"Aceite Novecientos\" \/>\n<meta property=\"article:publisher\" content=\"https:\/\/www.facebook.com\/aceitenovecientos\/\" \/>\n<meta property=\"article:modified_time\" content=\"2023-02-22T09:30:06+00:00\" \/>\n<meta property=\"og:image\" content=\"https:\/\/www.aceitenovecientos.com\/wp-content\/uploads\/2016\/08\/vinagre-balsamico.jpg\" \/>\n\t<meta property=\"og:image:width\" content=\"700\" \/>\n\t<meta property=\"og:image:height\" content=\"854\" \/>\n\t<meta property=\"og:image:type\" content=\"image\/jpeg\" \/>\n<meta name=\"twitter:card\" content=\"summary_large_image\" \/>\n<meta name=\"twitter:label1\" content=\"Estimated reading time\" \/>\n\t<meta name=\"twitter:data1\" content=\"3 minutes\" \/>\n<script type=\"application\/ld+json\" class=\"yoast-schema-graph\">{\"@context\":\"https:\/\/schema.org\",\"@graph\":[{\"@type\":\"WebPage\",\"@id\":\"https:\/\/www.aceitenovecientos.com\/producto\/vinagre-balsamico\/\",\"url\":\"https:\/\/www.aceitenovecientos.com\/producto\/vinagre-balsamico\/\",\"name\":\"Vinagre bals\u00e1mico gourmet y de calidad. Aceite 900\",\"isPartOf\":{\"@id\":\"https:\/\/www.aceitenovecientos.com\/#website\"},\"primaryImageOfPage\":{\"@id\":\"https:\/\/www.aceitenovecientos.com\/producto\/vinagre-balsamico\/#primaryimage\"},\"image\":{\"@id\":\"https:\/\/www.aceitenovecientos.com\/producto\/vinagre-balsamico\/#primaryimage\"},\"thumbnailUrl\":\"https:\/\/www.aceitenovecientos.com\/wp-content\/uploads\/2016\/08\/vinagre-balsamico.jpg\",\"datePublished\":\"2016-08-10T13:41:10+00:00\",\"dateModified\":\"2023-02-22T09:30:06+00:00\",\"description\":\"Vinagre bals\u00e1mico. Es un sustituto del vinagre tradicional que aportar\u00e1 a tus platos un sabor intenso y agradable. Vinagre Bals\u00e1mico de alta calidad.\",\"breadcrumb\":{\"@id\":\"https:\/\/www.aceitenovecientos.com\/producto\/vinagre-balsamico\/#breadcrumb\"},\"inLanguage\":\"en-GB\",\"potentialAction\":[{\"@type\":\"ReadAction\",\"target\":[\"https:\/\/www.aceitenovecientos.com\/producto\/vinagre-balsamico\/\"]}]},{\"@type\":\"ImageObject\",\"inLanguage\":\"en-GB\",\"@id\":\"https:\/\/www.aceitenovecientos.com\/producto\/vinagre-balsamico\/#primaryimage\",\"url\":\"https:\/\/www.aceitenovecientos.com\/wp-content\/uploads\/2016\/08\/vinagre-balsamico.jpg\",\"contentUrl\":\"https:\/\/www.aceitenovecientos.com\/wp-content\/uploads\/2016\/08\/vinagre-balsamico.jpg\",\"width\":700,\"height\":854,\"caption\":\"\u30d0\u30eb\u30b5\u30df\u30b3\u9162\"},{\"@type\":\"BreadcrumbList\",\"@id\":\"https:\/\/www.aceitenovecientos.com\/producto\/vinagre-balsamico\/#breadcrumb\",\"itemListElement\":[{\"@type\":\"ListItem\",\"position\":1,\"name\":\"Portada\",\"item\":\"https:\/\/www.aceitenovecientos.com\/\"},{\"@type\":\"ListItem\",\"position\":2,\"name\":\"Cat\u00e1logo\",\"item\":\"https:\/\/www.aceitenovecientos.com\/shop\/\"},{\"@type\":\"ListItem\",\"position\":3,\"name\":\"Vinagre Bals\u00e1mico 900\"}]},{\"@type\":\"WebSite\",\"@id\":\"https:\/\/www.aceitenovecientos.com\/#website\",\"url\":\"https:\/\/www.aceitenovecientos.com\/\",\"name\":\"Aceite Novecientos\",\"description\":\"Aceite de Oliva de Ja\u00e9n\",\"publisher\":{\"@id\":\"https:\/\/www.aceitenovecientos.com\/#organization\"},\"potentialAction\":[{\"@type\":\"SearchAction\",\"target\":{\"@type\":\"EntryPoint\",\"urlTemplate\":\"https:\/\/www.aceitenovecientos.com\/?s={search_term_string}\"},\"query-input\":{\"@type\":\"PropertyValueSpecification\",\"valueRequired\":true,\"valueName\":\"search_term_string\"}}],\"inLanguage\":\"en-GB\"},{\"@type\":\"Organization\",\"@id\":\"https:\/\/www.aceitenovecientos.com\/#organization\",\"name\":\"Aceite Novecientos\",\"url\":\"https:\/\/www.aceitenovecientos.com\/\",\"logo\":{\"@type\":\"ImageObject\",\"inLanguage\":\"en-GB\",\"@id\":\"https:\/\/www.aceitenovecientos.com\/#\/schema\/logo\/image\/\",\"url\":\"https:\/\/www.aceitenovecientos.com\/wp-content\/uploads\/2021\/12\/logo900-head.webp\",\"contentUrl\":\"https:\/\/www.aceitenovecientos.com\/wp-content\/uploads\/2021\/12\/logo900-head.webp\",\"width\":470,\"height\":110,\"caption\":\"Aceite Novecientos\"},\"image\":{\"@id\":\"https:\/\/www.aceitenovecientos.com\/#\/schema\/logo\/image\/\"},\"sameAs\":[\"https:\/\/www.facebook.com\/aceitenovecientos\/\"]}]}<\/script>\n<!-- \/ Yoast SEO plugin. -->","yoast_head_json":{"title":"Vinagre bals\u00e1mico gourmet y de calidad. Aceite 900","description":"Vinagre bals\u00e1mico. Es un sustituto del vinagre tradicional que aportar\u00e1 a tus platos un sabor intenso y agradable. Vinagre Bals\u00e1mico de alta calidad.","robots":{"index":"index","follow":"follow","max-snippet":"max-snippet:-1","max-image-preview":"max-image-preview:large","max-video-preview":"max-video-preview:-1"},"canonical":"https:\/\/www.aceitenovecientos.com\/en\/product\/vinagre-balsamico\/","og_locale":"en_GB","og_type":"article","og_title":"Vinagre bals\u00e1mico gourmet y de calidad. Aceite 900","og_description":"Vinagre bals\u00e1mico. Es un sustituto del vinagre tradicional que aportar\u00e1 a tus platos un sabor intenso y agradable. Vinagre Bals\u00e1mico de alta calidad.","og_url":"https:\/\/www.aceitenovecientos.com\/en\/product\/vinagre-balsamico\/","og_site_name":"Aceite Novecientos","article_publisher":"https:\/\/www.facebook.com\/aceitenovecientos\/","article_modified_time":"2023-02-22T09:30:06+00:00","og_image":[{"width":700,"height":854,"url":"https:\/\/www.aceitenovecientos.com\/wp-content\/uploads\/2016\/08\/vinagre-balsamico.jpg","type":"image\/jpeg"}],"twitter_card":"summary_large_image","twitter_misc":{"Estimated reading time":"3 minutes"},"schema":{"@context":"https:\/\/schema.org","@graph":[{"@type":"WebPage","@id":"https:\/\/www.aceitenovecientos.com\/producto\/vinagre-balsamico\/","url":"https:\/\/www.aceitenovecientos.com\/producto\/vinagre-balsamico\/","name":"Vinagre bals\u00e1mico gourmet y de calidad. Aceite 900","isPartOf":{"@id":"https:\/\/www.aceitenovecientos.com\/#website"},"primaryImageOfPage":{"@id":"https:\/\/www.aceitenovecientos.com\/producto\/vinagre-balsamico\/#primaryimage"},"image":{"@id":"https:\/\/www.aceitenovecientos.com\/producto\/vinagre-balsamico\/#primaryimage"},"thumbnailUrl":"https:\/\/www.aceitenovecientos.com\/wp-content\/uploads\/2016\/08\/vinagre-balsamico.jpg","datePublished":"2016-08-10T13:41:10+00:00","dateModified":"2023-02-22T09:30:06+00:00","description":"Vinagre bals\u00e1mico. Es un sustituto del vinagre tradicional que aportar\u00e1 a tus platos un sabor intenso y agradable. Vinagre Bals\u00e1mico de alta calidad.","breadcrumb":{"@id":"https:\/\/www.aceitenovecientos.com\/producto\/vinagre-balsamico\/#breadcrumb"},"inLanguage":"en-GB","potentialAction":[{"@type":"ReadAction","target":["https:\/\/www.aceitenovecientos.com\/producto\/vinagre-balsamico\/"]}]},{"@type":"ImageObject","inLanguage":"en-GB","@id":"https:\/\/www.aceitenovecientos.com\/producto\/vinagre-balsamico\/#primaryimage","url":"https:\/\/www.aceitenovecientos.com\/wp-content\/uploads\/2016\/08\/vinagre-balsamico.jpg","contentUrl":"https:\/\/www.aceitenovecientos.com\/wp-content\/uploads\/2016\/08\/vinagre-balsamico.jpg","width":700,"height":854,"caption":"\u30d0\u30eb\u30b5\u30df\u30b3\u9162"},{"@type":"BreadcrumbList","@id":"https:\/\/www.aceitenovecientos.com\/producto\/vinagre-balsamico\/#breadcrumb","itemListElement":[{"@type":"ListItem","position":1,"name":"Portada","item":"https:\/\/www.aceitenovecientos.com\/"},{"@type":"ListItem","position":2,"name":"Cat\u00e1logo","item":"https:\/\/www.aceitenovecientos.com\/shop\/"},{"@type":"ListItem","position":3,"name":"Vinagre Bals\u00e1mico 900"}]},{"@type":"WebSite","@id":"https:\/\/www.aceitenovecientos.com\/#website","url":"https:\/\/www.aceitenovecientos.com\/","name":"Aceite Novecientos","description":"Aceite de Oliva de Ja\u00e9n","publisher":{"@id":"https:\/\/www.aceitenovecientos.com\/#organization"},"potentialAction":[{"@type":"SearchAction","target":{"@type":"EntryPoint","urlTemplate":"https:\/\/www.aceitenovecientos.com\/?s={search_term_string}"},"query-input":{"@type":"PropertyValueSpecification","valueRequired":true,"valueName":"search_term_string"}}],"inLanguage":"en-GB"},{"@type":"Organization","@id":"https:\/\/www.aceitenovecientos.com\/#organization","name":"Aceite Novecientos","url":"https:\/\/www.aceitenovecientos.com\/","logo":{"@type":"ImageObject","inLanguage":"en-GB","@id":"https:\/\/www.aceitenovecientos.com\/#\/schema\/logo\/image\/","url":"https:\/\/www.aceitenovecientos.com\/wp-content\/uploads\/2021\/12\/logo900-head.webp","contentUrl":"https:\/\/www.aceitenovecientos.com\/wp-content\/uploads\/2021\/12\/logo900-head.webp","width":470,"height":110,"caption":"Aceite Novecientos"},"image":{"@id":"https:\/\/www.aceitenovecientos.com\/#\/schema\/logo\/image\/"},"sameAs":["https:\/\/www.facebook.com\/aceitenovecientos\/"]}]}},"_links":{"self":[{"href":"https:\/\/www.aceitenovecientos.com\/en\/wp-json\/wp\/v2\/product\/227","targetHints":{"allow":["GET"]}}],"collection":[{"href":"https:\/\/www.aceitenovecientos.com\/en\/wp-json\/wp\/v2\/product"}],"about":[{"href":"https:\/\/www.aceitenovecientos.com\/en\/wp-json\/wp\/v2\/types\/product"}],"replies":[{"embeddable":true,"href":"https:\/\/www.aceitenovecientos.com\/en\/wp-json\/wp\/v2\/comments?post=227"}],"wp:featuredmedia":[{"embeddable":true,"href":"https:\/\/www.aceitenovecientos.com\/en\/wp-json\/wp\/v2\/media\/228"}],"wp:attachment":[{"href":"https:\/\/www.aceitenovecientos.com\/en\/wp-json\/wp\/v2\/media?parent=227"}],"wp:term":[{"taxonomy":"product_cat","embeddable":true,"href":"https:\/\/www.aceitenovecientos.com\/en\/wp-json\/wp\/v2\/product_cat?post=227"},{"taxonomy":"product_tag","embeddable":true,"href":"https:\/\/www.aceitenovecientos.com\/en\/wp-json\/wp\/v2\/product_tag?post=227"}],"curies":[{"name":"wp","href":"https:\/\/api.w.org\/{rel}","templated":true}]}}