{"id":225,"date":"2016-08-10T13:35:40","date_gmt":"2016-08-10T13:35:40","guid":{"rendered":"http:\/\/www.aceitenovecientos.com\/tienda-online\/aceite-de-oliva-sabor-naranja\/"},"modified":"2023-02-22T10:32:24","modified_gmt":"2023-02-22T09:32:24","slug":"aceite-de-oliva-aromatizado-naranja","status":"publish","type":"product","link":"https:\/\/www.aceitenovecientos.com\/en\/product\/aceite-de-oliva-aromatizado-naranja\/","title":{"rendered":"Aceite de Oliva Virgen Extra aroma Naranja 900"},"content":{"rendered":"<h2>Aceite de Oliva aromatizado Naranja<\/h2>\n<p>Condimento de<strong> aceite de oliva aromatizado naranja<\/strong>. Aceite aderezado con extractos de distintos sabores con caracter\u00edsticas especiales liposolubles. \u00a0El fin es obtener una gama de aceites de oliva virgen extra con los beneficios saludables de este, pero con un toque de originalidad.De este modo se hacen m\u00e1s apetecibles a cocineros que buscan sorprender con sabores interesantes a los comensales. Y tambi\u00e9n a comensales que por sus costumbres, no est\u00e1n familiarizados con el consumo de aceite de oliva. Estos sabores se convierten en un veh\u00edculo necesario para introducir el aceite de oliva virgen extra en consumidores que previamente no lo consum\u00edan. La gama de aromas es una representaci\u00f3n de sabores utilizados en diferentes puntos del mundo. All\u00ed son utilizados para crear salsas, aderezos, condimentar ensaladas, platos fr\u00edos y carnes. As\u00ed como para la elaboraci\u00f3n de reposter\u00eda como bizcochos y galletas.<\/p>\n<p>&nbsp;<\/p>\n<h3><strong>Usos culinarios y maridaje<\/strong><\/h3>\n<p>Los \u00a0reconocidos beneficios para la salud del aceite de oliva virgen extra lo hacen id\u00f3neo como acompa\u00f1amiento y aderezo de cualquier plato de cocina ya sea sofisticado o sencillo. En crudo es acompa\u00f1ante indispensable de ensaladas de vegetales o pastas, desayunos, sopas y gazpachos fr\u00edos. En caliente crece y debido a su alta densidad no penetra en los alimentos tanto como otras grasas, haciendo que sean m\u00e1s saludables y que conserven mejor sus propiedades. Su alto contenido en \u00e1cido oleico y antioxidantes naturales lo hacen m\u00e1s estable y resistente a altas temperaturas. Es ideal para cocinar carnes, pescados, verduras, pastas y en general cualquier alimento.<\/p>\n<p>El aceite de oliva sabor naranja es el m\u00e1s vers\u00e1til en la cocina. Potencia el sabor de cualquier plato ya sea dulce o salado, carne o pescado. Sea cual sea la elecci\u00f3n, el ACEITE DE OLIVA VIRGEN EXTRA 900 NARANJA, dar\u00e1 a tus platos un suculento y agradable aroma y sabor. La naranja aporta un sabor fresco a los alimentos cocinados en el horno.<\/p>\n<p>Si te decantas por un plato dulce, te proponemos el bizcocho de naranja como plato sencillo. Sustituye cualquier otra grasa por AOVE 900 NARANJA y lo convertir\u00e1s en un plato exquisito, esponjoso y m\u00e1s beneficioso para la salud. Puedes utilizarlo para reposter\u00eda en general.<br \/>\nSi necesitas o quieres saber m\u00e1s sobre el posible uso de los aceites aromatizados, consulta el documento de Maridajes\u00a0y conoce todos los detalles.<\/p>\n<p><a href=\"http:\/\/www.aceitenovecientos.com\/wp-content\/uploads\/2016\/10\/maridajes.pdf\" target=\"_blank\" rel=\"noopener noreferrer\"><span class=\"boton\">Ver Documento<\/span><\/a><\/p>\n<p>Podr\u00e1s reutilizar la caja de madera del pack para cualquier cosa que se te ocurra. Te proponemos algunas opciones:<\/p>\n<p><img loading=\"lazy\" decoding=\"async\" class=\"alignnone size-full wp-image-280\" src=\"http:\/\/www.aceitenovecientos.com\/wp-content\/uploads\/2016\/08\/reutilizar-caja1.jpg\" alt=\"reutilizar-caja1\" width=\"250\" height=\"250\" srcset=\"https:\/\/www.aceitenovecientos.com\/wp-content\/uploads\/2016\/08\/reutilizar-caja1.jpg 250w, https:\/\/www.aceitenovecientos.com\/wp-content\/uploads\/2016\/08\/reutilizar-caja1-100x100.jpg 100w, https:\/\/www.aceitenovecientos.com\/wp-content\/uploads\/2016\/08\/reutilizar-caja1-150x150.jpg 150w, https:\/\/www.aceitenovecientos.com\/wp-content\/uploads\/2016\/08\/reutilizar-caja1-146x146.jpg 146w, https:\/\/www.aceitenovecientos.com\/wp-content\/uploads\/2016\/08\/reutilizar-caja1-50x50.jpg 50w, https:\/\/www.aceitenovecientos.com\/wp-content\/uploads\/2016\/08\/reutilizar-caja1-75x75.jpg 75w, https:\/\/www.aceitenovecientos.com\/wp-content\/uploads\/2016\/08\/reutilizar-caja1-85x85.jpg 85w, https:\/\/www.aceitenovecientos.com\/wp-content\/uploads\/2016\/08\/reutilizar-caja1-80x80.jpg 80w\" sizes=\"auto, (max-width: 250px) 100vw, 250px\" \/>\u00a0 \u00a0\u00a0<img loading=\"lazy\" decoding=\"async\" class=\"alignnone size-full wp-image-281\" src=\"http:\/\/www.aceitenovecientos.com\/wp-content\/uploads\/2016\/08\/reutilizar-caja2.jpg\" alt=\"reutilizar-caja2\" width=\"250\" height=\"250\" srcset=\"https:\/\/www.aceitenovecientos.com\/wp-content\/uploads\/2016\/08\/reutilizar-caja2.jpg 250w, https:\/\/www.aceitenovecientos.com\/wp-content\/uploads\/2016\/08\/reutilizar-caja2-100x100.jpg 100w, https:\/\/www.aceitenovecientos.com\/wp-content\/uploads\/2016\/08\/reutilizar-caja2-150x150.jpg 150w, https:\/\/www.aceitenovecientos.com\/wp-content\/uploads\/2016\/08\/reutilizar-caja2-146x146.jpg 146w, https:\/\/www.aceitenovecientos.com\/wp-content\/uploads\/2016\/08\/reutilizar-caja2-50x50.jpg 50w, https:\/\/www.aceitenovecientos.com\/wp-content\/uploads\/2016\/08\/reutilizar-caja2-75x75.jpg 75w, https:\/\/www.aceitenovecientos.com\/wp-content\/uploads\/2016\/08\/reutilizar-caja2-85x85.jpg 85w, https:\/\/www.aceitenovecientos.com\/wp-content\/uploads\/2016\/08\/reutilizar-caja2-80x80.jpg 80w\" sizes=\"auto, (max-width: 250px) 100vw, 250px\" \/>\u00a0 \u00a0\u00a0<img loading=\"lazy\" decoding=\"async\" class=\"alignnone size-full wp-image-282\" src=\"http:\/\/www.aceitenovecientos.com\/wp-content\/uploads\/2016\/08\/reutilizar-caja3.jpg\" alt=\"reutilizar-caja3\" width=\"250\" height=\"250\" srcset=\"https:\/\/www.aceitenovecientos.com\/wp-content\/uploads\/2016\/08\/reutilizar-caja3.jpg 250w, https:\/\/www.aceitenovecientos.com\/wp-content\/uploads\/2016\/08\/reutilizar-caja3-100x100.jpg 100w, https:\/\/www.aceitenovecientos.com\/wp-content\/uploads\/2016\/08\/reutilizar-caja3-150x150.jpg 150w, https:\/\/www.aceitenovecientos.com\/wp-content\/uploads\/2016\/08\/reutilizar-caja3-146x146.jpg 146w, https:\/\/www.aceitenovecientos.com\/wp-content\/uploads\/2016\/08\/reutilizar-caja3-50x50.jpg 50w, https:\/\/www.aceitenovecientos.com\/wp-content\/uploads\/2016\/08\/reutilizar-caja3-75x75.jpg 75w, https:\/\/www.aceitenovecientos.com\/wp-content\/uploads\/2016\/08\/reutilizar-caja3-85x85.jpg 85w, https:\/\/www.aceitenovecientos.com\/wp-content\/uploads\/2016\/08\/reutilizar-caja3-80x80.jpg 80w\" sizes=\"auto, (max-width: 250px) 100vw, 250px\" \/><\/p>\n<p><strong>Mas datos sobre Aromatizado Naranja 900:<\/strong><\/p>\n<p><strong>Ingredientes: <\/strong>Aceite de Oliva Virgen Extra Sabor Naranja.<\/p>\n<p><img loading=\"lazy\" decoding=\"async\" class=\"alignnone size-full wp-image-2531\" src=\"https:\/\/www.aceitenovecientos.com\/wp-content\/uploads\/2016\/08\/Captura-tabla.png\" alt=\"\" width=\"584\" height=\"260\" srcset=\"https:\/\/www.aceitenovecientos.com\/wp-content\/uploads\/2016\/08\/Captura-tabla.png 584w, https:\/\/www.aceitenovecientos.com\/wp-content\/uploads\/2016\/08\/Captura-tabla-416x185.png 416w, https:\/\/www.aceitenovecientos.com\/wp-content\/uploads\/2016\/08\/Captura-tabla-300x134.png 300w, https:\/\/www.aceitenovecientos.com\/wp-content\/uploads\/2016\/08\/Captura-tabla-260x116.png 260w, https:\/\/www.aceitenovecientos.com\/wp-content\/uploads\/2016\/08\/Captura-tabla-50x22.png 50w, https:\/\/www.aceitenovecientos.com\/wp-content\/uploads\/2016\/08\/Captura-tabla-150x67.png 150w\" sizes=\"auto, (max-width: 584px) 100vw, 584px\" \/><\/p>","protected":false},"excerpt":{"rendered":"<p>Condimento de aceite de oliva virgen extra con<strong> aroma de naranja<\/strong>. Una forma original de tomar un alimento tradicional y saludable.<\/p>\n<p>El m\u00e1s vers\u00e1til en la cocina. Potencia el sabor de cualquier plato ya sea dulce o salado, carne o pescado. Sea cual sea la elecci\u00f3n, el ACEITE DE OLIVA VIRGEN EXTRA 900 NARANJA, dar\u00e1 a tus platos un suculento y agradable aroma y sabor. La naranja aporta un sabor fresco a los alimentos cocinados en el horno.<\/p>\n<p>Si te decantas por un plato dulce, te proponemos el bizcocho de naranja como plato sencillo. Sustituye cualquier otra grasa por AOVE 900 NARANJA y lo convertir\u00e1s en un plato exquisito, esponjoso y m\u00e1s beneficioso para la salud. Puedes utilizarlo para reposter\u00eda en general.<\/p>","protected":false},"featured_media":226,"comment_status":"open","ping_status":"closed","template":"","meta":[],"product_cat":[179,8],"product_tag":[11,26,15,12],"class_list":{"0":"post-225","1":"product","2":"type-product","3":"status-publish","4":"has-post-thumbnail","6":"product_cat-aceite-de-oliva-aromatizado","7":"product_cat-aceite-de-oliva-virgen-extra","8":"product_tag-aceite-de-oliva","9":"product_tag-aceite-sabor-naranja","10":"product_tag-aceite-saborizado","11":"product_tag-virgen-extra","13":"first","14":"instock","15":"taxable","16":"shipping-taxable","17":"purchasable","18":"product-type-variable"},"yoast_head":"<!-- This site is optimized with the Yoast SEO plugin v24.1 - https:\/\/yoast.com\/wordpress\/plugins\/seo\/ -->\n<title>Aceite de Oliva Aromatizado Naranja. Aceite Gourmet - Aceite 900<\/title>\n<meta name=\"description\" content=\"Condimento de Aceite de oliva aromatizado naranja. Una forma original de tomar un alimento tradicional y saludable. Aceite Oliva sabor Naranja\" \/>\n<meta name=\"robots\" content=\"index, follow, max-snippet:-1, max-image-preview:large, max-video-preview:-1\" \/>\n<link rel=\"canonical\" href=\"https:\/\/www.aceitenovecientos.com\/en\/product\/aceite-de-oliva-aromatizado-naranja\/\" \/>\n<meta property=\"og:locale\" content=\"en_GB\" \/>\n<meta property=\"og:type\" content=\"article\" \/>\n<meta property=\"og:title\" content=\"Aceite de Oliva Aromatizado Naranja. Aceite Gourmet - Aceite 900\" \/>\n<meta property=\"og:description\" content=\"Condimento de Aceite de oliva aromatizado naranja. Una forma original de tomar un alimento tradicional y saludable. Aceite Oliva sabor Naranja\" \/>\n<meta property=\"og:url\" content=\"https:\/\/www.aceitenovecientos.com\/en\/product\/aceite-de-oliva-aromatizado-naranja\/\" \/>\n<meta property=\"og:site_name\" content=\"Aceite Novecientos\" \/>\n<meta property=\"article:publisher\" content=\"https:\/\/www.facebook.com\/aceitenovecientos\/\" \/>\n<meta property=\"article:modified_time\" content=\"2023-02-22T09:32:24+00:00\" \/>\n<meta property=\"og:image\" content=\"https:\/\/www.aceitenovecientos.com\/wp-content\/uploads\/2016\/08\/aceite-naranja.jpg\" \/>\n\t<meta property=\"og:image:width\" content=\"700\" \/>\n\t<meta property=\"og:image:height\" content=\"854\" \/>\n\t<meta property=\"og:image:type\" content=\"image\/jpeg\" \/>\n<meta name=\"twitter:card\" content=\"summary_large_image\" \/>\n<meta name=\"twitter:label1\" content=\"Estimated reading time\" \/>\n\t<meta name=\"twitter:data1\" content=\"3 minutes\" \/>\n<script type=\"application\/ld+json\" class=\"yoast-schema-graph\">{\"@context\":\"https:\/\/schema.org\",\"@graph\":[{\"@type\":\"WebPage\",\"@id\":\"https:\/\/www.aceitenovecientos.com\/producto\/aceite-de-oliva-aromatizado-naranja\/\",\"url\":\"https:\/\/www.aceitenovecientos.com\/producto\/aceite-de-oliva-aromatizado-naranja\/\",\"name\":\"Aceite de Oliva Aromatizado Naranja. Aceite Gourmet - Aceite 900\",\"isPartOf\":{\"@id\":\"https:\/\/www.aceitenovecientos.com\/#website\"},\"primaryImageOfPage\":{\"@id\":\"https:\/\/www.aceitenovecientos.com\/producto\/aceite-de-oliva-aromatizado-naranja\/#primaryimage\"},\"image\":{\"@id\":\"https:\/\/www.aceitenovecientos.com\/producto\/aceite-de-oliva-aromatizado-naranja\/#primaryimage\"},\"thumbnailUrl\":\"https:\/\/www.aceitenovecientos.com\/wp-content\/uploads\/2016\/08\/aceite-naranja.jpg\",\"datePublished\":\"2016-08-10T13:35:40+00:00\",\"dateModified\":\"2023-02-22T09:32:24+00:00\",\"description\":\"Condimento de Aceite de oliva aromatizado naranja. Una forma original de tomar un alimento tradicional y saludable. Aceite Oliva sabor Naranja\",\"breadcrumb\":{\"@id\":\"https:\/\/www.aceitenovecientos.com\/producto\/aceite-de-oliva-aromatizado-naranja\/#breadcrumb\"},\"inLanguage\":\"en-GB\",\"potentialAction\":[{\"@type\":\"ReadAction\",\"target\":[\"https:\/\/www.aceitenovecientos.com\/producto\/aceite-de-oliva-aromatizado-naranja\/\"]}]},{\"@type\":\"ImageObject\",\"inLanguage\":\"en-GB\",\"@id\":\"https:\/\/www.aceitenovecientos.com\/producto\/aceite-de-oliva-aromatizado-naranja\/#primaryimage\",\"url\":\"https:\/\/www.aceitenovecientos.com\/wp-content\/uploads\/2016\/08\/aceite-naranja.jpg\",\"contentUrl\":\"https:\/\/www.aceitenovecientos.com\/wp-content\/uploads\/2016\/08\/aceite-naranja.jpg\",\"width\":700,\"height\":854,\"caption\":\"\u30aa\u30ec\u30f3\u30b8\u98a8\u5473\u306e\u30a8\u30af\u30b9\u30c8\u30e9\u30d0\u30fc\u30b8\u30f3\u30aa\u30ea\u30fc\u30d6\u30aa\u30a4\u30eb\"},{\"@type\":\"BreadcrumbList\",\"@id\":\"https:\/\/www.aceitenovecientos.com\/producto\/aceite-de-oliva-aromatizado-naranja\/#breadcrumb\",\"itemListElement\":[{\"@type\":\"ListItem\",\"position\":1,\"name\":\"Portada\",\"item\":\"https:\/\/www.aceitenovecientos.com\/\"},{\"@type\":\"ListItem\",\"position\":2,\"name\":\"Cat\u00e1logo\",\"item\":\"https:\/\/www.aceitenovecientos.com\/shop\/\"},{\"@type\":\"ListItem\",\"position\":3,\"name\":\"Aceite de Oliva Virgen Extra aroma Naranja 900\"}]},{\"@type\":\"WebSite\",\"@id\":\"https:\/\/www.aceitenovecientos.com\/#website\",\"url\":\"https:\/\/www.aceitenovecientos.com\/\",\"name\":\"Aceite Novecientos\",\"description\":\"Aceite de Oliva de Ja\u00e9n\",\"publisher\":{\"@id\":\"https:\/\/www.aceitenovecientos.com\/#organization\"},\"potentialAction\":[{\"@type\":\"SearchAction\",\"target\":{\"@type\":\"EntryPoint\",\"urlTemplate\":\"https:\/\/www.aceitenovecientos.com\/?s={search_term_string}\"},\"query-input\":{\"@type\":\"PropertyValueSpecification\",\"valueRequired\":true,\"valueName\":\"search_term_string\"}}],\"inLanguage\":\"en-GB\"},{\"@type\":\"Organization\",\"@id\":\"https:\/\/www.aceitenovecientos.com\/#organization\",\"name\":\"Aceite Novecientos\",\"url\":\"https:\/\/www.aceitenovecientos.com\/\",\"logo\":{\"@type\":\"ImageObject\",\"inLanguage\":\"en-GB\",\"@id\":\"https:\/\/www.aceitenovecientos.com\/#\/schema\/logo\/image\/\",\"url\":\"https:\/\/www.aceitenovecientos.com\/wp-content\/uploads\/2021\/12\/logo900-head.webp\",\"contentUrl\":\"https:\/\/www.aceitenovecientos.com\/wp-content\/uploads\/2021\/12\/logo900-head.webp\",\"width\":470,\"height\":110,\"caption\":\"Aceite Novecientos\"},\"image\":{\"@id\":\"https:\/\/www.aceitenovecientos.com\/#\/schema\/logo\/image\/\"},\"sameAs\":[\"https:\/\/www.facebook.com\/aceitenovecientos\/\"]}]}<\/script>\n<!-- \/ Yoast SEO plugin. -->","yoast_head_json":{"title":"Aceite de Oliva Aromatizado Naranja. Aceite Gourmet - Aceite 900","description":"Condimento de Aceite de oliva aromatizado naranja. Una forma original de tomar un alimento tradicional y saludable. Aceite Oliva sabor Naranja","robots":{"index":"index","follow":"follow","max-snippet":"max-snippet:-1","max-image-preview":"max-image-preview:large","max-video-preview":"max-video-preview:-1"},"canonical":"https:\/\/www.aceitenovecientos.com\/en\/product\/aceite-de-oliva-aromatizado-naranja\/","og_locale":"en_GB","og_type":"article","og_title":"Aceite de Oliva Aromatizado Naranja. Aceite Gourmet - Aceite 900","og_description":"Condimento de Aceite de oliva aromatizado naranja. Una forma original de tomar un alimento tradicional y saludable. Aceite Oliva sabor Naranja","og_url":"https:\/\/www.aceitenovecientos.com\/en\/product\/aceite-de-oliva-aromatizado-naranja\/","og_site_name":"Aceite Novecientos","article_publisher":"https:\/\/www.facebook.com\/aceitenovecientos\/","article_modified_time":"2023-02-22T09:32:24+00:00","og_image":[{"width":700,"height":854,"url":"https:\/\/www.aceitenovecientos.com\/wp-content\/uploads\/2016\/08\/aceite-naranja.jpg","type":"image\/jpeg"}],"twitter_card":"summary_large_image","twitter_misc":{"Estimated reading time":"3 minutes"},"schema":{"@context":"https:\/\/schema.org","@graph":[{"@type":"WebPage","@id":"https:\/\/www.aceitenovecientos.com\/producto\/aceite-de-oliva-aromatizado-naranja\/","url":"https:\/\/www.aceitenovecientos.com\/producto\/aceite-de-oliva-aromatizado-naranja\/","name":"Aceite de Oliva Aromatizado Naranja. Aceite Gourmet - Aceite 900","isPartOf":{"@id":"https:\/\/www.aceitenovecientos.com\/#website"},"primaryImageOfPage":{"@id":"https:\/\/www.aceitenovecientos.com\/producto\/aceite-de-oliva-aromatizado-naranja\/#primaryimage"},"image":{"@id":"https:\/\/www.aceitenovecientos.com\/producto\/aceite-de-oliva-aromatizado-naranja\/#primaryimage"},"thumbnailUrl":"https:\/\/www.aceitenovecientos.com\/wp-content\/uploads\/2016\/08\/aceite-naranja.jpg","datePublished":"2016-08-10T13:35:40+00:00","dateModified":"2023-02-22T09:32:24+00:00","description":"Condimento de Aceite de oliva aromatizado naranja. Una forma original de tomar un alimento tradicional y saludable. Aceite Oliva sabor Naranja","breadcrumb":{"@id":"https:\/\/www.aceitenovecientos.com\/producto\/aceite-de-oliva-aromatizado-naranja\/#breadcrumb"},"inLanguage":"en-GB","potentialAction":[{"@type":"ReadAction","target":["https:\/\/www.aceitenovecientos.com\/producto\/aceite-de-oliva-aromatizado-naranja\/"]}]},{"@type":"ImageObject","inLanguage":"en-GB","@id":"https:\/\/www.aceitenovecientos.com\/producto\/aceite-de-oliva-aromatizado-naranja\/#primaryimage","url":"https:\/\/www.aceitenovecientos.com\/wp-content\/uploads\/2016\/08\/aceite-naranja.jpg","contentUrl":"https:\/\/www.aceitenovecientos.com\/wp-content\/uploads\/2016\/08\/aceite-naranja.jpg","width":700,"height":854,"caption":"\u30aa\u30ec\u30f3\u30b8\u98a8\u5473\u306e\u30a8\u30af\u30b9\u30c8\u30e9\u30d0\u30fc\u30b8\u30f3\u30aa\u30ea\u30fc\u30d6\u30aa\u30a4\u30eb"},{"@type":"BreadcrumbList","@id":"https:\/\/www.aceitenovecientos.com\/producto\/aceite-de-oliva-aromatizado-naranja\/#breadcrumb","itemListElement":[{"@type":"ListItem","position":1,"name":"Portada","item":"https:\/\/www.aceitenovecientos.com\/"},{"@type":"ListItem","position":2,"name":"Cat\u00e1logo","item":"https:\/\/www.aceitenovecientos.com\/shop\/"},{"@type":"ListItem","position":3,"name":"Aceite de Oliva Virgen Extra aroma Naranja 900"}]},{"@type":"WebSite","@id":"https:\/\/www.aceitenovecientos.com\/#website","url":"https:\/\/www.aceitenovecientos.com\/","name":"Aceite Novecientos","description":"Aceite de Oliva de Ja\u00e9n","publisher":{"@id":"https:\/\/www.aceitenovecientos.com\/#organization"},"potentialAction":[{"@type":"SearchAction","target":{"@type":"EntryPoint","urlTemplate":"https:\/\/www.aceitenovecientos.com\/?s={search_term_string}"},"query-input":{"@type":"PropertyValueSpecification","valueRequired":true,"valueName":"search_term_string"}}],"inLanguage":"en-GB"},{"@type":"Organization","@id":"https:\/\/www.aceitenovecientos.com\/#organization","name":"Aceite Novecientos","url":"https:\/\/www.aceitenovecientos.com\/","logo":{"@type":"ImageObject","inLanguage":"en-GB","@id":"https:\/\/www.aceitenovecientos.com\/#\/schema\/logo\/image\/","url":"https:\/\/www.aceitenovecientos.com\/wp-content\/uploads\/2021\/12\/logo900-head.webp","contentUrl":"https:\/\/www.aceitenovecientos.com\/wp-content\/uploads\/2021\/12\/logo900-head.webp","width":470,"height":110,"caption":"Aceite Novecientos"},"image":{"@id":"https:\/\/www.aceitenovecientos.com\/#\/schema\/logo\/image\/"},"sameAs":["https:\/\/www.facebook.com\/aceitenovecientos\/"]}]}},"_links":{"self":[{"href":"https:\/\/www.aceitenovecientos.com\/en\/wp-json\/wp\/v2\/product\/225","targetHints":{"allow":["GET"]}}],"collection":[{"href":"https:\/\/www.aceitenovecientos.com\/en\/wp-json\/wp\/v2\/product"}],"about":[{"href":"https:\/\/www.aceitenovecientos.com\/en\/wp-json\/wp\/v2\/types\/product"}],"replies":[{"embeddable":true,"href":"https:\/\/www.aceitenovecientos.com\/en\/wp-json\/wp\/v2\/comments?post=225"}],"wp:featuredmedia":[{"embeddable":true,"href":"https:\/\/www.aceitenovecientos.com\/en\/wp-json\/wp\/v2\/media\/226"}],"wp:attachment":[{"href":"https:\/\/www.aceitenovecientos.com\/en\/wp-json\/wp\/v2\/media?parent=225"}],"wp:term":[{"taxonomy":"product_cat","embeddable":true,"href":"https:\/\/www.aceitenovecientos.com\/en\/wp-json\/wp\/v2\/product_cat?post=225"},{"taxonomy":"product_tag","embeddable":true,"href":"https:\/\/www.aceitenovecientos.com\/en\/wp-json\/wp\/v2\/product_tag?post=225"}],"curies":[{"name":"wp","href":"https:\/\/api.w.org\/{rel}","templated":true}]}}