{"id":217,"date":"2016-08-10T13:23:29","date_gmt":"2016-08-10T13:23:29","guid":{"rendered":"http:\/\/www.aceitenovecientos.com\/?post_type=product&#038;p=217"},"modified":"2023-02-22T10:37:38","modified_gmt":"2023-02-22T09:37:38","slug":"aceite-de-oliva-sabor-chocolate","status":"publish","type":"product","link":"https:\/\/www.aceitenovecientos.com\/en\/product\/aceite-de-oliva-sabor-chocolate\/","title":{"rendered":"Aceite de Oliva Virgen Extra aroma Chocolate 900"},"content":{"rendered":"<h2>Aceite de oliva sabor chocolate<\/h2>\n<p>Condimento de <strong>aceite de oliva\u00a0sabor chocolate. Aceite virgen extra.<\/strong><\/p>\n<p>Aceite aderezado con extractos de distintos sabores con caracter\u00edsticas especiales liposolubles. \u00a0El fin es obtener una gama de aceites de oliva virgen extra con los beneficios saludables de este, pero con un toque de originalidad.De este modo se hacen m\u00e1s apetecibles a cocineros que buscan sorprender con sabores interesantes a los comensales. Y tambi\u00e9n a comensales que por sus costumbres, no est\u00e1n familiarizados con el consumo de aceite de oliva. Estos sabores se convierten en un veh\u00edculo necesario para introducir el aceite de oliva virgen extra en consumidores que previamente no lo consum\u00edan. La gama de aromas es una representaci\u00f3n de sabores utilizados en diferentes puntos del mundo. All\u00ed son utilizados para crear salsas, aderezos, condimentar ensaladas, platos fr\u00edos y carnes. As\u00ed como para la elaboraci\u00f3n de reposter\u00eda como bizcochos y galletas.<\/p>\n<h3><strong>Conservaci\u00f3n<\/strong><\/h3>\n<p>Conservar en lugar fresco y seco. Preservar de la luz y del exceso de calor. Aunque el envase ideal debe ser opaco para protegerlo de la fotoxidaci\u00f3n, si se adquiere en envase transparente, es aconsejable guardarlo dentro de un armario de cocina o trastero, as\u00ed mantendr\u00e1 todas sus propiedades durante muchos meses.<\/p>\n<h3><strong>Beneficios para la salud<\/strong><\/h3>\n<p>El aceite de oliva virgen extra tiene una serie de componentes altamente beneficiosos para la salud. Entre ellos las grasas monoinsaturada, el \u00e1cido oleico, flavonoides, polifenoles, antioxidantes y otros nutrientes antiinflamatorios. Existen m\u00faltiples estudios publicados con las propiedades saludables del AOVE. A modo de resumen vamos a enumerar algunas de ellas:<\/p>\n<ul>\n<li>Ayuda a disminuir el riesgo de enfermedad coronaria y a reducir la presi\u00f3n arterial y los niveles de colesterol malo.<\/li>\n<li>Previene el envejecimiento prematuro y ayuda a la hidrataci\u00f3n de la piel.<\/li>\n<li>Puede ayudar a perder peso debido a la sensaci\u00f3n de saciedad que produce.<\/li>\n<li>Los componentes antiinflamatorios pueden ayudar a reducir dolores asociados a las articulaciones y m\u00fasculos.<\/li>\n<li>En un estudio publicado por la revista cient\u00edfica\u00a0Diabetes Care\u00a0se revel\u00f3 que cualquier dieta mediterr\u00e1nea que tiene aceite de oliva\u00a0es capaz de reducir los casos de diabetes tipo II hasta en un 50%.\u00a0Esto se debe a que el aceite de oliva contiene grasas saludables que podr\u00edan ayudar a regular los niveles de az\u00facar en la sangre y la producci\u00f3n de insulina.<\/li>\n<\/ul>\n<h3><strong>Usos culinarios y maridaje<\/strong><\/h3>\n<p>Los reconocidos beneficios para la salud del aceite de oliva virgen extra lo hacen id\u00f3neo como acompa\u00f1amiento y aderezo de cualquier plato de cocina ya sea sofisticado o sencillo. En crudo es acompa\u00f1ante indispensable de ensaladas de vegetales o pastas, desayunos, sopas y gazpachos fr\u00edos. En caliente crece y debido a su alta densidad no penetra en los alimentos tanto como otras grasas, haciendo que sean m\u00e1s saludables y que conserven mejor sus propiedades. Su alto contenido en \u00e1cido oleico y antioxidantes naturales lo hacen m\u00e1s estable y resistente a altas temperaturas. Es ideal para cocinar carnes, pescados, verduras, pastas y en general cualquier alimento.<br \/>\nTe proponemos un desayuno original y saludable: pan r\u00fastico, tu fruta favorita troceada o laminada (naranja o pl\u00e1tano por ejemplo) y un chorre\u00f3n de ACEITE DE OLIVA SABOR\u00a0CHOCOLATE. Posiblemente te lleve a recordar tu infancia.<\/p>\n<p>Puedes utilizarlo como <strong>sustituto de otras grasas<\/strong> para bizcochos o galletas. En reposter\u00eda se usa para hacer cremas y acompa\u00f1ar frutas como la pi\u00f1a. Tambi\u00e9n te recomendamos su utilizaci\u00f3n para el \u00abpollo al chocolate\u00bb o para saltear o cocinar a la plancha diferentes variedades de carnes. Sin duda sorprender\u00e1s a tu paladar.<br \/>\nSi necesitas o quieres saber m\u00e1s sobre el posible uso de los aceites aromatizados, consulta el documento de Maridajes\u00a0y conoce todos los detalles.<\/p>\n<p><a href=\"http:\/\/www.aceitenovecientos.com\/wp-content\/uploads\/2016\/10\/maridajes.pdf\" target=\"_blank\" rel=\"noopener noreferrer\"><span class=\"boton\">Ver Documento<\/span><\/a><\/p>\n<p>Tambi\u00e9n podr\u00e1s reutilizar la caja de madera del pack para cualquier cosa que se te ocurra. Te proponemos algunas opciones:<\/p>\n<p><img loading=\"lazy\" decoding=\"async\" class=\"alignnone size-full wp-image-280\" src=\"http:\/\/www.aceitenovecientos.com\/wp-content\/uploads\/2016\/08\/reutilizar-caja1.jpg\" alt=\"reutilizar-caja1\" width=\"250\" height=\"250\" srcset=\"https:\/\/www.aceitenovecientos.com\/wp-content\/uploads\/2016\/08\/reutilizar-caja1.jpg 250w, https:\/\/www.aceitenovecientos.com\/wp-content\/uploads\/2016\/08\/reutilizar-caja1-100x100.jpg 100w, https:\/\/www.aceitenovecientos.com\/wp-content\/uploads\/2016\/08\/reutilizar-caja1-150x150.jpg 150w, https:\/\/www.aceitenovecientos.com\/wp-content\/uploads\/2016\/08\/reutilizar-caja1-146x146.jpg 146w, https:\/\/www.aceitenovecientos.com\/wp-content\/uploads\/2016\/08\/reutilizar-caja1-50x50.jpg 50w, https:\/\/www.aceitenovecientos.com\/wp-content\/uploads\/2016\/08\/reutilizar-caja1-75x75.jpg 75w, https:\/\/www.aceitenovecientos.com\/wp-content\/uploads\/2016\/08\/reutilizar-caja1-85x85.jpg 85w, https:\/\/www.aceitenovecientos.com\/wp-content\/uploads\/2016\/08\/reutilizar-caja1-80x80.jpg 80w\" sizes=\"auto, (max-width: 250px) 100vw, 250px\" \/>\u00a0 \u00a0\u00a0<img loading=\"lazy\" decoding=\"async\" class=\"alignnone size-full wp-image-281\" src=\"http:\/\/www.aceitenovecientos.com\/wp-content\/uploads\/2016\/08\/reutilizar-caja2.jpg\" alt=\"reutilizar-caja2\" width=\"250\" height=\"250\" srcset=\"https:\/\/www.aceitenovecientos.com\/wp-content\/uploads\/2016\/08\/reutilizar-caja2.jpg 250w, https:\/\/www.aceitenovecientos.com\/wp-content\/uploads\/2016\/08\/reutilizar-caja2-100x100.jpg 100w, https:\/\/www.aceitenovecientos.com\/wp-content\/uploads\/2016\/08\/reutilizar-caja2-150x150.jpg 150w, https:\/\/www.aceitenovecientos.com\/wp-content\/uploads\/2016\/08\/reutilizar-caja2-146x146.jpg 146w, https:\/\/www.aceitenovecientos.com\/wp-content\/uploads\/2016\/08\/reutilizar-caja2-50x50.jpg 50w, https:\/\/www.aceitenovecientos.com\/wp-content\/uploads\/2016\/08\/reutilizar-caja2-75x75.jpg 75w, https:\/\/www.aceitenovecientos.com\/wp-content\/uploads\/2016\/08\/reutilizar-caja2-85x85.jpg 85w, https:\/\/www.aceitenovecientos.com\/wp-content\/uploads\/2016\/08\/reutilizar-caja2-80x80.jpg 80w\" sizes=\"auto, (max-width: 250px) 100vw, 250px\" \/>\u00a0 \u00a0\u00a0<img loading=\"lazy\" decoding=\"async\" class=\"alignnone size-full wp-image-282\" src=\"http:\/\/www.aceitenovecientos.com\/wp-content\/uploads\/2016\/08\/reutilizar-caja3.jpg\" alt=\"reutilizar-caja3\" width=\"250\" height=\"250\" srcset=\"https:\/\/www.aceitenovecientos.com\/wp-content\/uploads\/2016\/08\/reutilizar-caja3.jpg 250w, https:\/\/www.aceitenovecientos.com\/wp-content\/uploads\/2016\/08\/reutilizar-caja3-100x100.jpg 100w, https:\/\/www.aceitenovecientos.com\/wp-content\/uploads\/2016\/08\/reutilizar-caja3-150x150.jpg 150w, https:\/\/www.aceitenovecientos.com\/wp-content\/uploads\/2016\/08\/reutilizar-caja3-146x146.jpg 146w, https:\/\/www.aceitenovecientos.com\/wp-content\/uploads\/2016\/08\/reutilizar-caja3-50x50.jpg 50w, https:\/\/www.aceitenovecientos.com\/wp-content\/uploads\/2016\/08\/reutilizar-caja3-75x75.jpg 75w, https:\/\/www.aceitenovecientos.com\/wp-content\/uploads\/2016\/08\/reutilizar-caja3-85x85.jpg 85w, https:\/\/www.aceitenovecientos.com\/wp-content\/uploads\/2016\/08\/reutilizar-caja3-80x80.jpg 80w\" sizes=\"auto, (max-width: 250px) 100vw, 250px\" \/><\/p>\n<p><strong>Mas datos sobre Aromatizado Chocolate 900:<\/strong><\/p>\n<p><strong>Ingredientes: <\/strong>Aceite de Oliva Virgen Extra Sabor Chocolate.<\/p>\n<p><img loading=\"lazy\" decoding=\"async\" class=\"alignnone size-full wp-image-2531\" src=\"https:\/\/www.aceitenovecientos.com\/wp-content\/uploads\/2016\/08\/Captura-tabla.png\" alt=\"\" width=\"584\" height=\"260\" srcset=\"https:\/\/www.aceitenovecientos.com\/wp-content\/uploads\/2016\/08\/Captura-tabla.png 584w, https:\/\/www.aceitenovecientos.com\/wp-content\/uploads\/2016\/08\/Captura-tabla-416x185.png 416w, https:\/\/www.aceitenovecientos.com\/wp-content\/uploads\/2016\/08\/Captura-tabla-300x134.png 300w, https:\/\/www.aceitenovecientos.com\/wp-content\/uploads\/2016\/08\/Captura-tabla-260x116.png 260w, https:\/\/www.aceitenovecientos.com\/wp-content\/uploads\/2016\/08\/Captura-tabla-50x22.png 50w, https:\/\/www.aceitenovecientos.com\/wp-content\/uploads\/2016\/08\/Captura-tabla-150x67.png 150w\" sizes=\"auto, (max-width: 584px) 100vw, 584px\" \/><\/p>","protected":false},"excerpt":{"rendered":"<p>Condimento de aceite de oliva virgen extra aromatizado con CHOCOLATE. Una forma original de tomar un alimento tradicional y saludable.<br \/>\nUn desayuno original: pan r\u00fastico, tu fruta favorita troceada (naranja o pl\u00e1tano por ejemplo) y un chorre\u00f3n de AOVE 900 CHOCOLATE. Posiblemente te lleven a recordar tu infancia.<br \/>\nPuedes utilizarlo como sustituto de otras grasas para el bizcocho o galletas. En reposter\u00eda se usa para hacer cremas y acompa\u00f1ar frutas como la pi\u00f1a. Tambi\u00e9n te recomendamos su utilizaci\u00f3n para cocinar pollo al chocolate o para saltear otras carnes a la plancha.<\/p>\n<p>&nbsp;<\/p>","protected":false},"featured_media":218,"comment_status":"open","ping_status":"closed","template":"","meta":[],"product_cat":[179,8],"product_tag":[11,22,15,12],"class_list":{"0":"post-217","1":"product","2":"type-product","3":"status-publish","4":"has-post-thumbnail","6":"product_cat-aceite-de-oliva-aromatizado","7":"product_cat-aceite-de-oliva-virgen-extra","8":"product_tag-aceite-de-oliva","9":"product_tag-aceite-sabor-chocolate","10":"product_tag-aceite-saborizado","11":"product_tag-virgen-extra","13":"first","14":"instock","15":"taxable","16":"shipping-taxable","17":"purchasable","18":"product-type-variable"},"yoast_head":"<!-- This site is optimized with the Yoast SEO plugin v24.1 - https:\/\/yoast.com\/wordpress\/plugins\/seo\/ -->\n<title>Aceite de Oliva Sabor Chocolate - Aceite900- Aceites aromatizados<\/title>\n<meta name=\"description\" content=\"Aceite de oliva sabor chocolate. Aceite de oliva virgen extra.. Una forma original de tomar alimento tradicional y saludable. Aceite sabor Chocolate\" \/>\n<meta name=\"robots\" content=\"index, follow, max-snippet:-1, max-image-preview:large, max-video-preview:-1\" \/>\n<link rel=\"canonical\" href=\"https:\/\/www.aceitenovecientos.com\/en\/product\/aceite-de-oliva-sabor-chocolate\/\" \/>\n<meta property=\"og:locale\" content=\"en_GB\" \/>\n<meta property=\"og:type\" content=\"article\" \/>\n<meta property=\"og:title\" content=\"Aceite de Oliva Sabor Chocolate - Aceite900- Aceites aromatizados\" \/>\n<meta property=\"og:description\" content=\"Aceite de oliva sabor chocolate. Aceite de oliva virgen extra.. Una forma original de tomar alimento tradicional y saludable. Aceite sabor Chocolate\" \/>\n<meta property=\"og:url\" content=\"https:\/\/www.aceitenovecientos.com\/en\/product\/aceite-de-oliva-sabor-chocolate\/\" \/>\n<meta property=\"og:site_name\" content=\"Aceite Novecientos\" \/>\n<meta property=\"article:publisher\" content=\"https:\/\/www.facebook.com\/aceitenovecientos\/\" \/>\n<meta property=\"article:modified_time\" content=\"2023-02-22T09:37:38+00:00\" \/>\n<meta property=\"og:image\" content=\"https:\/\/www.aceitenovecientos.com\/wp-content\/uploads\/2016\/08\/aceite-chocolate.jpg\" \/>\n\t<meta property=\"og:image:width\" content=\"700\" \/>\n\t<meta property=\"og:image:height\" content=\"854\" \/>\n\t<meta property=\"og:image:type\" content=\"image\/jpeg\" \/>\n<meta name=\"twitter:card\" content=\"summary_large_image\" \/>\n<meta name=\"twitter:label1\" content=\"Estimated reading time\" \/>\n\t<meta name=\"twitter:data1\" content=\"4 minutes\" \/>\n<script type=\"application\/ld+json\" class=\"yoast-schema-graph\">{\"@context\":\"https:\/\/schema.org\",\"@graph\":[{\"@type\":\"WebPage\",\"@id\":\"https:\/\/www.aceitenovecientos.com\/producto\/aceite-de-oliva-sabor-chocolate\/\",\"url\":\"https:\/\/www.aceitenovecientos.com\/producto\/aceite-de-oliva-sabor-chocolate\/\",\"name\":\"Aceite de Oliva Sabor Chocolate - Aceite900- Aceites aromatizados\",\"isPartOf\":{\"@id\":\"https:\/\/www.aceitenovecientos.com\/#website\"},\"primaryImageOfPage\":{\"@id\":\"https:\/\/www.aceitenovecientos.com\/producto\/aceite-de-oliva-sabor-chocolate\/#primaryimage\"},\"image\":{\"@id\":\"https:\/\/www.aceitenovecientos.com\/producto\/aceite-de-oliva-sabor-chocolate\/#primaryimage\"},\"thumbnailUrl\":\"https:\/\/www.aceitenovecientos.com\/wp-content\/uploads\/2016\/08\/aceite-chocolate.jpg\",\"datePublished\":\"2016-08-10T13:23:29+00:00\",\"dateModified\":\"2023-02-22T09:37:38+00:00\",\"description\":\"Aceite de oliva sabor chocolate. Aceite de oliva virgen extra.. Una forma original de tomar alimento tradicional y saludable. Aceite sabor Chocolate\",\"breadcrumb\":{\"@id\":\"https:\/\/www.aceitenovecientos.com\/producto\/aceite-de-oliva-sabor-chocolate\/#breadcrumb\"},\"inLanguage\":\"en-GB\",\"potentialAction\":[{\"@type\":\"ReadAction\",\"target\":[\"https:\/\/www.aceitenovecientos.com\/producto\/aceite-de-oliva-sabor-chocolate\/\"]}]},{\"@type\":\"ImageObject\",\"inLanguage\":\"en-GB\",\"@id\":\"https:\/\/www.aceitenovecientos.com\/producto\/aceite-de-oliva-sabor-chocolate\/#primaryimage\",\"url\":\"https:\/\/www.aceitenovecientos.com\/wp-content\/uploads\/2016\/08\/aceite-chocolate.jpg\",\"contentUrl\":\"https:\/\/www.aceitenovecientos.com\/wp-content\/uploads\/2016\/08\/aceite-chocolate.jpg\",\"width\":700,\"height\":854,\"caption\":\"huile d'olive extra vierge \u00e0 saveur de chocolat\"},{\"@type\":\"BreadcrumbList\",\"@id\":\"https:\/\/www.aceitenovecientos.com\/producto\/aceite-de-oliva-sabor-chocolate\/#breadcrumb\",\"itemListElement\":[{\"@type\":\"ListItem\",\"position\":1,\"name\":\"Portada\",\"item\":\"https:\/\/www.aceitenovecientos.com\/\"},{\"@type\":\"ListItem\",\"position\":2,\"name\":\"Cat\u00e1logo\",\"item\":\"https:\/\/www.aceitenovecientos.com\/shop\/\"},{\"@type\":\"ListItem\",\"position\":3,\"name\":\"Aceite de Oliva Virgen Extra aroma Chocolate 900\"}]},{\"@type\":\"WebSite\",\"@id\":\"https:\/\/www.aceitenovecientos.com\/#website\",\"url\":\"https:\/\/www.aceitenovecientos.com\/\",\"name\":\"Aceite Novecientos\",\"description\":\"Aceite de Oliva de Ja\u00e9n\",\"publisher\":{\"@id\":\"https:\/\/www.aceitenovecientos.com\/#organization\"},\"potentialAction\":[{\"@type\":\"SearchAction\",\"target\":{\"@type\":\"EntryPoint\",\"urlTemplate\":\"https:\/\/www.aceitenovecientos.com\/?s={search_term_string}\"},\"query-input\":{\"@type\":\"PropertyValueSpecification\",\"valueRequired\":true,\"valueName\":\"search_term_string\"}}],\"inLanguage\":\"en-GB\"},{\"@type\":\"Organization\",\"@id\":\"https:\/\/www.aceitenovecientos.com\/#organization\",\"name\":\"Aceite Novecientos\",\"url\":\"https:\/\/www.aceitenovecientos.com\/\",\"logo\":{\"@type\":\"ImageObject\",\"inLanguage\":\"en-GB\",\"@id\":\"https:\/\/www.aceitenovecientos.com\/#\/schema\/logo\/image\/\",\"url\":\"https:\/\/www.aceitenovecientos.com\/wp-content\/uploads\/2021\/12\/logo900-head.webp\",\"contentUrl\":\"https:\/\/www.aceitenovecientos.com\/wp-content\/uploads\/2021\/12\/logo900-head.webp\",\"width\":470,\"height\":110,\"caption\":\"Aceite Novecientos\"},\"image\":{\"@id\":\"https:\/\/www.aceitenovecientos.com\/#\/schema\/logo\/image\/\"},\"sameAs\":[\"https:\/\/www.facebook.com\/aceitenovecientos\/\"]}]}<\/script>\n<!-- \/ Yoast SEO plugin. -->","yoast_head_json":{"title":"Aceite de Oliva Sabor Chocolate - Aceite900- Aceites aromatizados","description":"Aceite de oliva sabor chocolate. Aceite de oliva virgen extra.. Una forma original de tomar alimento tradicional y saludable. Aceite sabor Chocolate","robots":{"index":"index","follow":"follow","max-snippet":"max-snippet:-1","max-image-preview":"max-image-preview:large","max-video-preview":"max-video-preview:-1"},"canonical":"https:\/\/www.aceitenovecientos.com\/en\/product\/aceite-de-oliva-sabor-chocolate\/","og_locale":"en_GB","og_type":"article","og_title":"Aceite de Oliva Sabor Chocolate - Aceite900- Aceites aromatizados","og_description":"Aceite de oliva sabor chocolate. Aceite de oliva virgen extra.. Una forma original de tomar alimento tradicional y saludable. Aceite sabor Chocolate","og_url":"https:\/\/www.aceitenovecientos.com\/en\/product\/aceite-de-oliva-sabor-chocolate\/","og_site_name":"Aceite Novecientos","article_publisher":"https:\/\/www.facebook.com\/aceitenovecientos\/","article_modified_time":"2023-02-22T09:37:38+00:00","og_image":[{"width":700,"height":854,"url":"https:\/\/www.aceitenovecientos.com\/wp-content\/uploads\/2016\/08\/aceite-chocolate.jpg","type":"image\/jpeg"}],"twitter_card":"summary_large_image","twitter_misc":{"Estimated reading time":"4 minutes"},"schema":{"@context":"https:\/\/schema.org","@graph":[{"@type":"WebPage","@id":"https:\/\/www.aceitenovecientos.com\/producto\/aceite-de-oliva-sabor-chocolate\/","url":"https:\/\/www.aceitenovecientos.com\/producto\/aceite-de-oliva-sabor-chocolate\/","name":"Aceite de Oliva Sabor Chocolate - Aceite900- Aceites aromatizados","isPartOf":{"@id":"https:\/\/www.aceitenovecientos.com\/#website"},"primaryImageOfPage":{"@id":"https:\/\/www.aceitenovecientos.com\/producto\/aceite-de-oliva-sabor-chocolate\/#primaryimage"},"image":{"@id":"https:\/\/www.aceitenovecientos.com\/producto\/aceite-de-oliva-sabor-chocolate\/#primaryimage"},"thumbnailUrl":"https:\/\/www.aceitenovecientos.com\/wp-content\/uploads\/2016\/08\/aceite-chocolate.jpg","datePublished":"2016-08-10T13:23:29+00:00","dateModified":"2023-02-22T09:37:38+00:00","description":"Aceite de oliva sabor chocolate. Aceite de oliva virgen extra.. Una forma original de tomar alimento tradicional y saludable. Aceite sabor Chocolate","breadcrumb":{"@id":"https:\/\/www.aceitenovecientos.com\/producto\/aceite-de-oliva-sabor-chocolate\/#breadcrumb"},"inLanguage":"en-GB","potentialAction":[{"@type":"ReadAction","target":["https:\/\/www.aceitenovecientos.com\/producto\/aceite-de-oliva-sabor-chocolate\/"]}]},{"@type":"ImageObject","inLanguage":"en-GB","@id":"https:\/\/www.aceitenovecientos.com\/producto\/aceite-de-oliva-sabor-chocolate\/#primaryimage","url":"https:\/\/www.aceitenovecientos.com\/wp-content\/uploads\/2016\/08\/aceite-chocolate.jpg","contentUrl":"https:\/\/www.aceitenovecientos.com\/wp-content\/uploads\/2016\/08\/aceite-chocolate.jpg","width":700,"height":854,"caption":"huile d'olive extra vierge \u00e0 saveur de chocolat"},{"@type":"BreadcrumbList","@id":"https:\/\/www.aceitenovecientos.com\/producto\/aceite-de-oliva-sabor-chocolate\/#breadcrumb","itemListElement":[{"@type":"ListItem","position":1,"name":"Portada","item":"https:\/\/www.aceitenovecientos.com\/"},{"@type":"ListItem","position":2,"name":"Cat\u00e1logo","item":"https:\/\/www.aceitenovecientos.com\/shop\/"},{"@type":"ListItem","position":3,"name":"Aceite de Oliva Virgen Extra aroma Chocolate 900"}]},{"@type":"WebSite","@id":"https:\/\/www.aceitenovecientos.com\/#website","url":"https:\/\/www.aceitenovecientos.com\/","name":"Aceite Novecientos","description":"Aceite de Oliva de Ja\u00e9n","publisher":{"@id":"https:\/\/www.aceitenovecientos.com\/#organization"},"potentialAction":[{"@type":"SearchAction","target":{"@type":"EntryPoint","urlTemplate":"https:\/\/www.aceitenovecientos.com\/?s={search_term_string}"},"query-input":{"@type":"PropertyValueSpecification","valueRequired":true,"valueName":"search_term_string"}}],"inLanguage":"en-GB"},{"@type":"Organization","@id":"https:\/\/www.aceitenovecientos.com\/#organization","name":"Aceite Novecientos","url":"https:\/\/www.aceitenovecientos.com\/","logo":{"@type":"ImageObject","inLanguage":"en-GB","@id":"https:\/\/www.aceitenovecientos.com\/#\/schema\/logo\/image\/","url":"https:\/\/www.aceitenovecientos.com\/wp-content\/uploads\/2021\/12\/logo900-head.webp","contentUrl":"https:\/\/www.aceitenovecientos.com\/wp-content\/uploads\/2021\/12\/logo900-head.webp","width":470,"height":110,"caption":"Aceite Novecientos"},"image":{"@id":"https:\/\/www.aceitenovecientos.com\/#\/schema\/logo\/image\/"},"sameAs":["https:\/\/www.facebook.com\/aceitenovecientos\/"]}]}},"_links":{"self":[{"href":"https:\/\/www.aceitenovecientos.com\/en\/wp-json\/wp\/v2\/product\/217","targetHints":{"allow":["GET"]}}],"collection":[{"href":"https:\/\/www.aceitenovecientos.com\/en\/wp-json\/wp\/v2\/product"}],"about":[{"href":"https:\/\/www.aceitenovecientos.com\/en\/wp-json\/wp\/v2\/types\/product"}],"replies":[{"embeddable":true,"href":"https:\/\/www.aceitenovecientos.com\/en\/wp-json\/wp\/v2\/comments?post=217"}],"wp:featuredmedia":[{"embeddable":true,"href":"https:\/\/www.aceitenovecientos.com\/en\/wp-json\/wp\/v2\/media\/218"}],"wp:attachment":[{"href":"https:\/\/www.aceitenovecientos.com\/en\/wp-json\/wp\/v2\/media?parent=217"}],"wp:term":[{"taxonomy":"product_cat","embeddable":true,"href":"https:\/\/www.aceitenovecientos.com\/en\/wp-json\/wp\/v2\/product_cat?post=217"},{"taxonomy":"product_tag","embeddable":true,"href":"https:\/\/www.aceitenovecientos.com\/en\/wp-json\/wp\/v2\/product_tag?post=217"}],"curies":[{"name":"wp","href":"https:\/\/api.w.org\/{rel}","templated":true}]}}