{"id":208,"date":"2016-08-10T12:40:55","date_gmt":"2016-08-10T12:40:55","guid":{"rendered":"http:\/\/www.aceitenovecientos.com\/?post_type=product&#038;p=208"},"modified":"2023-11-07T14:51:05","modified_gmt":"2023-11-07T13:51:05","slug":"esferas-de-aceite-de-oliva","status":"publish","type":"product","link":"https:\/\/www.aceitenovecientos.com\/en\/product\/esferas-de-aceite-de-oliva\/","title":{"rendered":"Esferas de Aceite de Oliva 900. Ahora de aceite picual de intenso sabor."},"content":{"rendered":"<h2>Esferas de aceite de oliva<\/h2>\n<p><strong>Esferas de aceite de oliva virgen extra<\/strong> con aspecto de caviar o <strong>perlas de aceite de oliva<\/strong>. Se trata de esferas de aceite de oliva uniformes sin costuras, de di\u00e1metro entre 5 y 8 mm, compuesta por una membrana de alginato s\u00f3dico (procedente de las algas marinas). Estas membranas se rellenan de aceite de oliva virgen extra de calidad. Son termoirreversibles y tienen gran estabilidad t\u00e9rmica. Soportan temperaturas de hasta 100\u00baC. La estabilidad y la resistencia mec\u00e1nica de la esfera, permiten poder a\u00f1adir el producto y mezclar con otros alimentos sin que la membrana se da\u00f1e.<\/p>\n<p>Dan a los platos un aspecto est\u00e9tico y lujoso con un peque\u00f1o detalle que capta la atenci\u00f3n visual del comensal. Pero aunque su aspecto es llamativo no es su mejor atributo. Te sorprender\u00e1 c\u00f3mo una vez en boca, explotan con\u00a0cada bocado. Provocan una inesperada textura y sabor, que se mezclan con el resto de ingredientes. Puedes sentir en boca la explosi\u00f3n de la esfera y el primer contacto con la suave densidad del aceite. Sin duda esta presentaci\u00f3n hace que una buena receta se convierta en excelente. Se dice que la comida entra por los ojos, con las ESFERAS DE ACEITE DE OLIVA VIRGEN EXTRA 900, adem\u00e1s disfrutar\u00e1s de una experiencia ingeniosa en el paladar y en textura.<\/p>\n<h3><strong>Conservaci\u00f3n<\/strong><\/h3>\n<p>Conservar en lugar fresco y seco. Preservar de la luz y del exceso de calor. El envase ideal debe ser opaco para protegerlo de la fotoxidaci\u00f3n. Si se adquiere en envase transparente, es aconsejable guardarlo dentro de un armario de cocina o trastero, as\u00ed mantendr\u00e1 todas sus propiedades durante muchos meses.<\/p>\n<h3><strong>Beneficios para la salud<\/strong><\/h3>\n<p>Esta forma de consumir aceite de oliva virgen extra hace que se conserven intactas sus propiedades y atributos. El aceite de oliva virgen extra tiene una serie de componentes altamente beneficiosos para la salud. Entre ellos las grasas monoinsaturada, el \u00e1cido oleico, flavonoides, polifenoles, antioxidantes y otros nutrientes antiinflamatorios. Existen m\u00faltiples estudios publicados con las propiedades saludables del AOVE. A modo de resumen vamos a enumerar algunas de ellas:<\/p>\n<ul>\n<li>Ayuda a disminuir el riesgo de enfermedad coronaria y a reducir la presi\u00f3n arterial y los niveles de colesterol malo.<\/li>\n<li>Previene el envejecimiento prematuro y ayuda a la hidrataci\u00f3n de la piel.<\/li>\n<li>Puede ayudar a perder peso debido a la sensaci\u00f3n de saciedad que produce.<\/li>\n<li>Los componentes antiinflamatorios pueden ayudar a reducir dolores asociados a las articulaciones y m\u00fasculos.<\/li>\n<li>En un estudio publicado por la revista cient\u00edfica\u00a0Diabetes Care\u00a0se revel\u00f3 que cualquier dieta mediterr\u00e1nea que tiene aceite de oliva\u00a0es capaz de reducir los casos de diabetes tipo II hasta en un 50%.\u00a0Esto se debe a que el aceite de oliva contiene grasas saludables que podr\u00edan ayudar a regular los niveles de az\u00facar en la sangre y la producci\u00f3n de insulina.<\/li>\n<\/ul>\n<h3><strong>Usos culinarios y maridaje<\/strong><\/h3>\n<p>Los reconocidos beneficios para la salud del aceite de oliva virgen extra lo hacen id\u00f3neo como acompa\u00f1amiento y aderezo de cualquier plato de cocina ya sea sofisticado o sencillo. Debido a las peculiares propiedades de este formato se aconseja su uso en crudo como aderezo. Tambi\u00e9n se aconseja para \u00a0decoraci\u00f3n de aperitivos ya sea carnes, pescados, ensaladas o pastas. Su textura convierte cada plato en una experiencia \u00fanica para los sentidos ya que, comienza con la vista, continua con el tacto en boca, y culmina con el sabor.<\/p>\n<p><strong>Ingredientes:<\/strong> Aceite de Oliva Virgen Extra, agua, gelificante y estabilizante doduro de calcio.<\/p>\n<p><strong>Informaci\u00f3n nutricional, contenido medio por 100gr:<\/strong><br \/>\nValor energ\u00e9tico: 3145 KJ\/ 765 Kcal<br \/>\nGrasa total: 85 g.<br \/>\n\u00c1cidos grasos saturados: 12,155 g.<br \/>\nHidratos de carbono: 0,00 g.<br \/>\nAz\u00facares: 0,00 g.<br \/>\nProte\u00ednas: 0,00 g.<br \/>\nFibra: 0,08 g.<br \/>\nSal: 0,012 g.<\/p>","protected":false},"excerpt":{"rendered":"<p>Peque\u00f1as <strong>esferas de aceite de oliva virgen extra<\/strong> de calidad superior.<\/p>\n<p>Las esferas de aceite de oliva virgen extra dan a los platos un toque est\u00e9tico y lujoso, ya que su aspecto de perlas de aceite o caviar de aceite, dan un detalle de decoraci\u00f3n original. Explotan en nuestra boca con\u00a0cada bocado, provocando una inesperada textura y sabor que se mezclan con el del resto de ingredientes. Su textura convierte cada plato en una experiencia \u00fanica para los sentidos ya que, comienza con la vista, continua con el tacto en boca, y culmina con el sabor.<\/p>\n<p>Formato:<\/p>\n<ul>\n<li>Bote de cristal de 50 gr.<\/li>\n<li>Bote de cristal de 180 gr. (bajo pedido)<\/li>\n<li><a href=\"https:\/\/www.aceitenovecientos.com\/en\/product-category\/caja-con-esferas\/\">Caja de madera (combinado con 4 botellas de aceites de sabores de 100 ml.)<\/a><\/li>\n<\/ul>\n<p>&nbsp;<\/p>","protected":false},"featured_media":1009,"comment_status":"open","ping_status":"closed","template":"","meta":[],"product_cat":[8,280],"product_tag":[11,19,12],"class_list":{"0":"post-208","1":"product","2":"type-product","3":"status-publish","4":"has-post-thumbnail","6":"product_cat-aceite-de-oliva-virgen-extra","7":"product_cat-esferas-de-aceite-de-oliva-virgen-extra","8":"product_tag-aceite-de-oliva","9":"product_tag-esferas-aceite","10":"product_tag-virgen-extra","12":"first","13":"instock","14":"taxable","15":"shipping-taxable","16":"purchasable","17":"product-type-variable"},"yoast_head":"<!-- This site is optimized with the Yoast SEO plugin v24.1 - https:\/\/yoast.com\/wordpress\/plugins\/seo\/ -->\n<title>Esferas de Aceite de Oliva - Aceite900- Perlas de aceite de oliva<\/title>\n<meta name=\"description\" content=\"Peque\u00f1as esferas de aceite de oliva virgen extra con aspecto de caviar o perlas de aceite de oliva. Dan a los platos un aspecto est\u00e9tico y lujoso.\" \/>\n<meta name=\"robots\" content=\"index, follow, max-snippet:-1, max-image-preview:large, max-video-preview:-1\" \/>\n<link rel=\"canonical\" href=\"https:\/\/www.aceitenovecientos.com\/en\/product\/esferas-de-aceite-de-oliva\/\" \/>\n<meta property=\"og:locale\" content=\"en_GB\" \/>\n<meta property=\"og:type\" content=\"article\" \/>\n<meta property=\"og:title\" content=\"Esferas de Aceite de Oliva - Aceite900- Perlas de aceite de oliva\" \/>\n<meta property=\"og:description\" content=\"Peque\u00f1as esferas de aceite de oliva virgen extra con aspecto de caviar o perlas de aceite de oliva. Dan a los platos un aspecto est\u00e9tico y lujoso.\" \/>\n<meta property=\"og:url\" content=\"https:\/\/www.aceitenovecientos.com\/en\/product\/esferas-de-aceite-de-oliva\/\" \/>\n<meta property=\"og:site_name\" content=\"Aceite Novecientos\" \/>\n<meta property=\"article:publisher\" content=\"https:\/\/www.facebook.com\/aceitenovecientos\/\" \/>\n<meta property=\"article:modified_time\" content=\"2023-11-07T13:51:05+00:00\" \/>\n<meta property=\"og:image\" content=\"https:\/\/www.aceitenovecientos.com\/wp-content\/uploads\/2016\/08\/MG_0006.jpg\" \/>\n\t<meta property=\"og:image:width\" content=\"933\" \/>\n\t<meta property=\"og:image:height\" content=\"933\" \/>\n\t<meta property=\"og:image:type\" content=\"image\/jpeg\" \/>\n<meta name=\"twitter:card\" content=\"summary_large_image\" \/>\n<meta name=\"twitter:label1\" content=\"Estimated reading time\" \/>\n\t<meta name=\"twitter:data1\" content=\"3 minutes\" \/>\n<script type=\"application\/ld+json\" class=\"yoast-schema-graph\">{\"@context\":\"https:\/\/schema.org\",\"@graph\":[{\"@type\":\"WebPage\",\"@id\":\"https:\/\/www.aceitenovecientos.com\/producto\/esferas-de-aceite-de-oliva\/\",\"url\":\"https:\/\/www.aceitenovecientos.com\/producto\/esferas-de-aceite-de-oliva\/\",\"name\":\"Esferas de Aceite de Oliva - Aceite900- Perlas de aceite de oliva\",\"isPartOf\":{\"@id\":\"https:\/\/www.aceitenovecientos.com\/#website\"},\"primaryImageOfPage\":{\"@id\":\"https:\/\/www.aceitenovecientos.com\/producto\/esferas-de-aceite-de-oliva\/#primaryimage\"},\"image\":{\"@id\":\"https:\/\/www.aceitenovecientos.com\/producto\/esferas-de-aceite-de-oliva\/#primaryimage\"},\"thumbnailUrl\":\"https:\/\/www.aceitenovecientos.com\/wp-content\/uploads\/2016\/08\/MG_0006.jpg\",\"datePublished\":\"2016-08-10T12:40:55+00:00\",\"dateModified\":\"2023-11-07T13:51:05+00:00\",\"description\":\"Peque\u00f1as esferas de aceite de oliva virgen extra con aspecto de caviar o perlas de aceite de oliva. Dan a los platos un aspecto est\u00e9tico y lujoso.\",\"breadcrumb\":{\"@id\":\"https:\/\/www.aceitenovecientos.com\/producto\/esferas-de-aceite-de-oliva\/#breadcrumb\"},\"inLanguage\":\"en-GB\",\"potentialAction\":[{\"@type\":\"ReadAction\",\"target\":[\"https:\/\/www.aceitenovecientos.com\/producto\/esferas-de-aceite-de-oliva\/\"]}]},{\"@type\":\"ImageObject\",\"inLanguage\":\"en-GB\",\"@id\":\"https:\/\/www.aceitenovecientos.com\/producto\/esferas-de-aceite-de-oliva\/#primaryimage\",\"url\":\"https:\/\/www.aceitenovecientos.com\/wp-content\/uploads\/2016\/08\/MG_0006.jpg\",\"contentUrl\":\"https:\/\/www.aceitenovecientos.com\/wp-content\/uploads\/2016\/08\/MG_0006.jpg\",\"width\":933,\"height\":933,\"caption\":\"\u30ad\u30e3\u30d3\u30a2\"},{\"@type\":\"BreadcrumbList\",\"@id\":\"https:\/\/www.aceitenovecientos.com\/producto\/esferas-de-aceite-de-oliva\/#breadcrumb\",\"itemListElement\":[{\"@type\":\"ListItem\",\"position\":1,\"name\":\"Portada\",\"item\":\"https:\/\/www.aceitenovecientos.com\/\"},{\"@type\":\"ListItem\",\"position\":2,\"name\":\"Cat\u00e1logo\",\"item\":\"https:\/\/www.aceitenovecientos.com\/shop\/\"},{\"@type\":\"ListItem\",\"position\":3,\"name\":\"Esferas de Aceite de Oliva 900. Ahora de aceite picual de intenso sabor.\"}]},{\"@type\":\"WebSite\",\"@id\":\"https:\/\/www.aceitenovecientos.com\/#website\",\"url\":\"https:\/\/www.aceitenovecientos.com\/\",\"name\":\"Aceite Novecientos\",\"description\":\"Aceite de Oliva de Ja\u00e9n\",\"publisher\":{\"@id\":\"https:\/\/www.aceitenovecientos.com\/#organization\"},\"potentialAction\":[{\"@type\":\"SearchAction\",\"target\":{\"@type\":\"EntryPoint\",\"urlTemplate\":\"https:\/\/www.aceitenovecientos.com\/?s={search_term_string}\"},\"query-input\":{\"@type\":\"PropertyValueSpecification\",\"valueRequired\":true,\"valueName\":\"search_term_string\"}}],\"inLanguage\":\"en-GB\"},{\"@type\":\"Organization\",\"@id\":\"https:\/\/www.aceitenovecientos.com\/#organization\",\"name\":\"Aceite Novecientos\",\"url\":\"https:\/\/www.aceitenovecientos.com\/\",\"logo\":{\"@type\":\"ImageObject\",\"inLanguage\":\"en-GB\",\"@id\":\"https:\/\/www.aceitenovecientos.com\/#\/schema\/logo\/image\/\",\"url\":\"https:\/\/www.aceitenovecientos.com\/wp-content\/uploads\/2021\/12\/logo900-head.webp\",\"contentUrl\":\"https:\/\/www.aceitenovecientos.com\/wp-content\/uploads\/2021\/12\/logo900-head.webp\",\"width\":470,\"height\":110,\"caption\":\"Aceite Novecientos\"},\"image\":{\"@id\":\"https:\/\/www.aceitenovecientos.com\/#\/schema\/logo\/image\/\"},\"sameAs\":[\"https:\/\/www.facebook.com\/aceitenovecientos\/\"]}]}<\/script>\n<!-- \/ Yoast SEO plugin. -->","yoast_head_json":{"title":"Esferas de Aceite de Oliva - Aceite900- Perlas de aceite de oliva","description":"Peque\u00f1as esferas de aceite de oliva virgen extra con aspecto de caviar o perlas de aceite de oliva. Dan a los platos un aspecto est\u00e9tico y lujoso.","robots":{"index":"index","follow":"follow","max-snippet":"max-snippet:-1","max-image-preview":"max-image-preview:large","max-video-preview":"max-video-preview:-1"},"canonical":"https:\/\/www.aceitenovecientos.com\/en\/product\/esferas-de-aceite-de-oliva\/","og_locale":"en_GB","og_type":"article","og_title":"Esferas de Aceite de Oliva - Aceite900- Perlas de aceite de oliva","og_description":"Peque\u00f1as esferas de aceite de oliva virgen extra con aspecto de caviar o perlas de aceite de oliva. Dan a los platos un aspecto est\u00e9tico y lujoso.","og_url":"https:\/\/www.aceitenovecientos.com\/en\/product\/esferas-de-aceite-de-oliva\/","og_site_name":"Aceite Novecientos","article_publisher":"https:\/\/www.facebook.com\/aceitenovecientos\/","article_modified_time":"2023-11-07T13:51:05+00:00","og_image":[{"width":933,"height":933,"url":"https:\/\/www.aceitenovecientos.com\/wp-content\/uploads\/2016\/08\/MG_0006.jpg","type":"image\/jpeg"}],"twitter_card":"summary_large_image","twitter_misc":{"Estimated reading time":"3 minutes"},"schema":{"@context":"https:\/\/schema.org","@graph":[{"@type":"WebPage","@id":"https:\/\/www.aceitenovecientos.com\/producto\/esferas-de-aceite-de-oliva\/","url":"https:\/\/www.aceitenovecientos.com\/producto\/esferas-de-aceite-de-oliva\/","name":"Esferas de Aceite de Oliva - Aceite900- Perlas de aceite de oliva","isPartOf":{"@id":"https:\/\/www.aceitenovecientos.com\/#website"},"primaryImageOfPage":{"@id":"https:\/\/www.aceitenovecientos.com\/producto\/esferas-de-aceite-de-oliva\/#primaryimage"},"image":{"@id":"https:\/\/www.aceitenovecientos.com\/producto\/esferas-de-aceite-de-oliva\/#primaryimage"},"thumbnailUrl":"https:\/\/www.aceitenovecientos.com\/wp-content\/uploads\/2016\/08\/MG_0006.jpg","datePublished":"2016-08-10T12:40:55+00:00","dateModified":"2023-11-07T13:51:05+00:00","description":"Peque\u00f1as esferas de aceite de oliva virgen extra con aspecto de caviar o perlas de aceite de oliva. Dan a los platos un aspecto est\u00e9tico y lujoso.","breadcrumb":{"@id":"https:\/\/www.aceitenovecientos.com\/producto\/esferas-de-aceite-de-oliva\/#breadcrumb"},"inLanguage":"en-GB","potentialAction":[{"@type":"ReadAction","target":["https:\/\/www.aceitenovecientos.com\/producto\/esferas-de-aceite-de-oliva\/"]}]},{"@type":"ImageObject","inLanguage":"en-GB","@id":"https:\/\/www.aceitenovecientos.com\/producto\/esferas-de-aceite-de-oliva\/#primaryimage","url":"https:\/\/www.aceitenovecientos.com\/wp-content\/uploads\/2016\/08\/MG_0006.jpg","contentUrl":"https:\/\/www.aceitenovecientos.com\/wp-content\/uploads\/2016\/08\/MG_0006.jpg","width":933,"height":933,"caption":"\u30ad\u30e3\u30d3\u30a2"},{"@type":"BreadcrumbList","@id":"https:\/\/www.aceitenovecientos.com\/producto\/esferas-de-aceite-de-oliva\/#breadcrumb","itemListElement":[{"@type":"ListItem","position":1,"name":"Portada","item":"https:\/\/www.aceitenovecientos.com\/"},{"@type":"ListItem","position":2,"name":"Cat\u00e1logo","item":"https:\/\/www.aceitenovecientos.com\/shop\/"},{"@type":"ListItem","position":3,"name":"Esferas de Aceite de Oliva 900. Ahora de aceite picual de intenso sabor."}]},{"@type":"WebSite","@id":"https:\/\/www.aceitenovecientos.com\/#website","url":"https:\/\/www.aceitenovecientos.com\/","name":"Aceite Novecientos","description":"Aceite de Oliva de Ja\u00e9n","publisher":{"@id":"https:\/\/www.aceitenovecientos.com\/#organization"},"potentialAction":[{"@type":"SearchAction","target":{"@type":"EntryPoint","urlTemplate":"https:\/\/www.aceitenovecientos.com\/?s={search_term_string}"},"query-input":{"@type":"PropertyValueSpecification","valueRequired":true,"valueName":"search_term_string"}}],"inLanguage":"en-GB"},{"@type":"Organization","@id":"https:\/\/www.aceitenovecientos.com\/#organization","name":"Aceite Novecientos","url":"https:\/\/www.aceitenovecientos.com\/","logo":{"@type":"ImageObject","inLanguage":"en-GB","@id":"https:\/\/www.aceitenovecientos.com\/#\/schema\/logo\/image\/","url":"https:\/\/www.aceitenovecientos.com\/wp-content\/uploads\/2021\/12\/logo900-head.webp","contentUrl":"https:\/\/www.aceitenovecientos.com\/wp-content\/uploads\/2021\/12\/logo900-head.webp","width":470,"height":110,"caption":"Aceite Novecientos"},"image":{"@id":"https:\/\/www.aceitenovecientos.com\/#\/schema\/logo\/image\/"},"sameAs":["https:\/\/www.facebook.com\/aceitenovecientos\/"]}]}},"_links":{"self":[{"href":"https:\/\/www.aceitenovecientos.com\/en\/wp-json\/wp\/v2\/product\/208","targetHints":{"allow":["GET"]}}],"collection":[{"href":"https:\/\/www.aceitenovecientos.com\/en\/wp-json\/wp\/v2\/product"}],"about":[{"href":"https:\/\/www.aceitenovecientos.com\/en\/wp-json\/wp\/v2\/types\/product"}],"replies":[{"embeddable":true,"href":"https:\/\/www.aceitenovecientos.com\/en\/wp-json\/wp\/v2\/comments?post=208"}],"wp:featuredmedia":[{"embeddable":true,"href":"https:\/\/www.aceitenovecientos.com\/en\/wp-json\/wp\/v2\/media\/1009"}],"wp:attachment":[{"href":"https:\/\/www.aceitenovecientos.com\/en\/wp-json\/wp\/v2\/media?parent=208"}],"wp:term":[{"taxonomy":"product_cat","embeddable":true,"href":"https:\/\/www.aceitenovecientos.com\/en\/wp-json\/wp\/v2\/product_cat?post=208"},{"taxonomy":"product_tag","embeddable":true,"href":"https:\/\/www.aceitenovecientos.com\/en\/wp-json\/wp\/v2\/product_tag?post=208"}],"curies":[{"name":"wp","href":"https:\/\/api.w.org\/{rel}","templated":true}]}}