{"id":2075,"date":"2019-06-13T07:42:03","date_gmt":"2019-06-13T06:42:03","guid":{"rendered":"https:\/\/www.aceitenovecientos.com\/?post_type=product&#038;p=2075"},"modified":"2023-11-07T14:28:57","modified_gmt":"2023-11-07T13:28:57","slug":"caja-madera-dos-botellas-900-top-500ml-900-organic-500ml","status":"publish","type":"product","link":"https:\/\/www.aceitenovecientos.com\/en\/product\/caja-madera-dos-botellas-900-top-500ml-900-organic-500ml\/","title":{"rendered":"Caja madera 2 botellas AOVE 500 ml.: 900 ORIGEN y 900 Organic"},"content":{"rendered":"<p>Estuche-pack regalo con dos botellas de nuestro mejor aceite de oliva virgen extra.<\/p>\n<p>900 selecciona los mejores aceites de oliva virgen extra para que los lleves donde vayas. Un regalo perfecto para eventos, cenas, bodas, regalos de empresa.<\/p>\n<p>Si quieres hacer sentir especial a alguna persona obsequia con esta caja regalo de AOVEs.<\/p>\n<h3>El mejor aceite de oliva virgen extra 900<\/h3>\n<p>900 ORIGEN elaborado con una cuidada selecci\u00f3n de las mejores aceitunas verdes de cosecha temprana, mediante presi\u00f3n en frio. Con un esmerado sistema de producci\u00f3n para garantizar la calidad y la conservaci\u00f3n de aromas hasta el momento de su consumo. Disfruta del frutado intenso del picual a tomatera y hierba reci\u00e9n cortada, del dulce almendrado del picudo y del verde de la hojiblanca.<\/p>\n<p>900 ORGANIC elaborado respetando los \u00f3rdenes naturales de los sistemas de cultivo tradicionales y respetando la naturaleza. Integraci\u00f3n perfecta de tradici\u00f3n y modernidad para obtener un cultivo de olivar ecol\u00f3gico en el siglo XXI. Aceite de oliva virgen extra ecol\u00f3gico de calidad superior para que disfrute en su mesa del sabor de los olivares ecol\u00f3gicos de sierra.<\/p>\n<p>Caja de madera donde hemos querido dejar reflejo del alma del olivo que nos da el fruto m\u00e1s saludable para llevar a nuestra mesa y hacer nuestros platos \u00fanicos. La gastronom\u00eda mediterr\u00e1nea no ser\u00eda lo mismo sin \u00e9l y posiblemente nuestras vidas tampoco. Grabado en nuestra piel y en muestra mente con medio de vida.<\/p>","protected":false},"excerpt":{"rendered":"<p>Caja regalo de 5 mm para nuestros dos mejores aceites de oliva virgen extra:<\/p>\n<ul>\n<li>900 ORIGEN\u00a0 500ml: AOVE premium de las variedades picual, picudo y hojiblanca. Reconocido internacionalmente.<\/li>\n<\/ul>\n<p><img loading=\"lazy\" decoding=\"async\" class=\"wp-image-265 aligncenter\" src=\"https:\/\/www.aceitenovecientos.com\/wp-content\/uploads\/2016\/08\/premio-aceite900.jpg\" alt=\"\" width=\"241\" height=\"61\" srcset=\"https:\/\/www.aceitenovecientos.com\/wp-content\/uploads\/2016\/08\/premio-aceite900.jpg 347w, https:\/\/www.aceitenovecientos.com\/wp-content\/uploads\/2016\/08\/premio-aceite900-300x76.jpg 300w, https:\/\/www.aceitenovecientos.com\/wp-content\/uploads\/2016\/08\/premio-aceite900-260x66.jpg 260w, https:\/\/www.aceitenovecientos.com\/wp-content\/uploads\/2016\/08\/premio-aceite900-50x13.jpg 50w, https:\/\/www.aceitenovecientos.com\/wp-content\/uploads\/2016\/08\/premio-aceite900-150x38.jpg 150w\" sizes=\"auto, (max-width: 241px) 100vw, 241px\" \/><\/p>\n<ul>\n<li>900 ORGANIC: AOVE ecol\u00f3gico de calidad superior proveniente de olivares ecol\u00f3gicos de monta\u00f1a. Variedades: picual, picudo y hojiblanca.<\/li>\n<\/ul>\n<p><img loading=\"lazy\" decoding=\"async\" class=\"wp-image-2076 aligncenter\" src=\"https:\/\/www.aceitenovecientos.com\/wp-content\/uploads\/2019\/06\/certificado-agricultura-ecologica.png\" alt=\"\" width=\"182\" height=\"62\" srcset=\"https:\/\/www.aceitenovecientos.com\/wp-content\/uploads\/2019\/06\/certificado-agricultura-ecologica.png 385w, https:\/\/www.aceitenovecientos.com\/wp-content\/uploads\/2019\/06\/certificado-agricultura-ecologica-300x102.png 300w, https:\/\/www.aceitenovecientos.com\/wp-content\/uploads\/2019\/06\/certificado-agricultura-ecologica-260x88.png 260w, https:\/\/www.aceitenovecientos.com\/wp-content\/uploads\/2019\/06\/certificado-agricultura-ecologica-50x17.png 50w, https:\/\/www.aceitenovecientos.com\/wp-content\/uploads\/2019\/06\/certificado-agricultura-ecologica-150x51.png 150w\" sizes=\"auto, (max-width: 182px) 100vw, 182px\" \/><\/p>\n<p>Estuche ideal para reutilizar como un bonito recuerdo donde guardar tus objetos m\u00e1s preciados.<\/p>\n<p>Posibilidad de personalizarla con tu nombre o logo bajo pedidos m\u00ednimos, ya sea para eventos, comuniones, bodas, regalos de empresa, etc. M\u00e1s informaci\u00f3n en: info@900foods.com<\/p>","protected":false},"featured_media":2423,"comment_status":"open","ping_status":"closed","template":"","meta":[],"product_cat":[8,268,186],"product_tag":[],"class_list":{"0":"post-2075","1":"product","2":"type-product","3":"status-publish","4":"has-post-thumbnail","6":"product_cat-aceite-de-oliva-virgen-extra","7":"product_cat-productos-ecologicos","8":"product_cat-regalos","10":"first","11":"instock","12":"taxable","13":"shipping-taxable","14":"purchasable","15":"product-type-simple"},"yoast_head":"<!-- This site is optimized with the Yoast SEO plugin v24.1 - https:\/\/yoast.com\/wordpress\/plugins\/seo\/ -->\n<title>regalo de aceite de oliva virgen extra ecol\u00f3gico<\/title>\n<meta name=\"description\" content=\"Caja regalo de aceite de oliva virgen extra 900\" \/>\n<meta name=\"robots\" content=\"index, follow, max-snippet:-1, max-image-preview:large, max-video-preview:-1\" \/>\n<link rel=\"canonical\" href=\"https:\/\/www.aceitenovecientos.com\/en\/product\/caja-madera-dos-botellas-900-top-500ml-900-organic-500ml\/\" \/>\n<meta property=\"og:locale\" content=\"en_GB\" \/>\n<meta property=\"og:type\" content=\"article\" \/>\n<meta property=\"og:title\" content=\"regalo de aceite de oliva virgen extra ecol\u00f3gico\" \/>\n<meta property=\"og:description\" content=\"Caja regalo de aceite de oliva virgen extra 900\" \/>\n<meta property=\"og:url\" content=\"https:\/\/www.aceitenovecientos.com\/en\/product\/caja-madera-dos-botellas-900-top-500ml-900-organic-500ml\/\" \/>\n<meta property=\"og:site_name\" content=\"Aceite Novecientos\" \/>\n<meta property=\"article:publisher\" content=\"https:\/\/www.facebook.com\/aceitenovecientos\/\" \/>\n<meta property=\"article:modified_time\" content=\"2023-11-07T13:28:57+00:00\" \/>\n<meta property=\"og:image\" content=\"https:\/\/www.aceitenovecientos.com\/wp-content\/uploads\/2021\/01\/DSC1960.jpg\" \/>\n\t<meta property=\"og:image:width\" content=\"1279\" \/>\n\t<meta property=\"og:image:height\" content=\"1279\" \/>\n\t<meta property=\"og:image:type\" content=\"image\/jpeg\" \/>\n<meta name=\"twitter:card\" content=\"summary_large_image\" \/>\n<meta name=\"twitter:label1\" content=\"Estimated reading time\" \/>\n\t<meta name=\"twitter:data1\" content=\"2 minutes\" \/>\n<script type=\"application\/ld+json\" class=\"yoast-schema-graph\">{\"@context\":\"https:\/\/schema.org\",\"@graph\":[{\"@type\":\"WebPage\",\"@id\":\"https:\/\/www.aceitenovecientos.com\/producto\/caja-madera-dos-botellas-900-top-500ml-900-organic-500ml\/\",\"url\":\"https:\/\/www.aceitenovecientos.com\/producto\/caja-madera-dos-botellas-900-top-500ml-900-organic-500ml\/\",\"name\":\"regalo de aceite de oliva virgen extra ecol\u00f3gico\",\"isPartOf\":{\"@id\":\"https:\/\/www.aceitenovecientos.com\/#website\"},\"primaryImageOfPage\":{\"@id\":\"https:\/\/www.aceitenovecientos.com\/producto\/caja-madera-dos-botellas-900-top-500ml-900-organic-500ml\/#primaryimage\"},\"image\":{\"@id\":\"https:\/\/www.aceitenovecientos.com\/producto\/caja-madera-dos-botellas-900-top-500ml-900-organic-500ml\/#primaryimage\"},\"thumbnailUrl\":\"https:\/\/www.aceitenovecientos.com\/wp-content\/uploads\/2021\/01\/DSC1960.jpg\",\"datePublished\":\"2019-06-13T06:42:03+00:00\",\"dateModified\":\"2023-11-07T13:28:57+00:00\",\"description\":\"Caja regalo de aceite de oliva virgen extra 900\",\"breadcrumb\":{\"@id\":\"https:\/\/www.aceitenovecientos.com\/producto\/caja-madera-dos-botellas-900-top-500ml-900-organic-500ml\/#breadcrumb\"},\"inLanguage\":\"en-GB\",\"potentialAction\":[{\"@type\":\"ReadAction\",\"target\":[\"https:\/\/www.aceitenovecientos.com\/producto\/caja-madera-dos-botellas-900-top-500ml-900-organic-500ml\/\"]}]},{\"@type\":\"ImageObject\",\"inLanguage\":\"en-GB\",\"@id\":\"https:\/\/www.aceitenovecientos.com\/producto\/caja-madera-dos-botellas-900-top-500ml-900-organic-500ml\/#primaryimage\",\"url\":\"https:\/\/www.aceitenovecientos.com\/wp-content\/uploads\/2021\/01\/DSC1960.jpg\",\"contentUrl\":\"https:\/\/www.aceitenovecientos.com\/wp-content\/uploads\/2021\/01\/DSC1960.jpg\",\"width\":1279,\"height\":1279,\"caption\":\"pack regalo aove cosecha temprana premium\"},{\"@type\":\"BreadcrumbList\",\"@id\":\"https:\/\/www.aceitenovecientos.com\/producto\/caja-madera-dos-botellas-900-top-500ml-900-organic-500ml\/#breadcrumb\",\"itemListElement\":[{\"@type\":\"ListItem\",\"position\":1,\"name\":\"Portada\",\"item\":\"https:\/\/www.aceitenovecientos.com\/\"},{\"@type\":\"ListItem\",\"position\":2,\"name\":\"Cat\u00e1logo\",\"item\":\"https:\/\/www.aceitenovecientos.com\/shop\/\"},{\"@type\":\"ListItem\",\"position\":3,\"name\":\"Caja madera 2 botellas AOVE 500 ml.: 900 ORIGEN y 900 Organic\"}]},{\"@type\":\"WebSite\",\"@id\":\"https:\/\/www.aceitenovecientos.com\/#website\",\"url\":\"https:\/\/www.aceitenovecientos.com\/\",\"name\":\"Aceite Novecientos\",\"description\":\"Aceite de Oliva de Ja\u00e9n\",\"publisher\":{\"@id\":\"https:\/\/www.aceitenovecientos.com\/#organization\"},\"potentialAction\":[{\"@type\":\"SearchAction\",\"target\":{\"@type\":\"EntryPoint\",\"urlTemplate\":\"https:\/\/www.aceitenovecientos.com\/?s={search_term_string}\"},\"query-input\":{\"@type\":\"PropertyValueSpecification\",\"valueRequired\":true,\"valueName\":\"search_term_string\"}}],\"inLanguage\":\"en-GB\"},{\"@type\":\"Organization\",\"@id\":\"https:\/\/www.aceitenovecientos.com\/#organization\",\"name\":\"Aceite Novecientos\",\"url\":\"https:\/\/www.aceitenovecientos.com\/\",\"logo\":{\"@type\":\"ImageObject\",\"inLanguage\":\"en-GB\",\"@id\":\"https:\/\/www.aceitenovecientos.com\/#\/schema\/logo\/image\/\",\"url\":\"https:\/\/www.aceitenovecientos.com\/wp-content\/uploads\/2021\/12\/logo900-head.webp\",\"contentUrl\":\"https:\/\/www.aceitenovecientos.com\/wp-content\/uploads\/2021\/12\/logo900-head.webp\",\"width\":470,\"height\":110,\"caption\":\"Aceite Novecientos\"},\"image\":{\"@id\":\"https:\/\/www.aceitenovecientos.com\/#\/schema\/logo\/image\/\"},\"sameAs\":[\"https:\/\/www.facebook.com\/aceitenovecientos\/\"]}]}<\/script>\n<!-- \/ Yoast SEO plugin. -->","yoast_head_json":{"title":"regalo de aceite de oliva virgen extra ecol\u00f3gico","description":"Caja regalo de aceite de oliva virgen extra 900","robots":{"index":"index","follow":"follow","max-snippet":"max-snippet:-1","max-image-preview":"max-image-preview:large","max-video-preview":"max-video-preview:-1"},"canonical":"https:\/\/www.aceitenovecientos.com\/en\/product\/caja-madera-dos-botellas-900-top-500ml-900-organic-500ml\/","og_locale":"en_GB","og_type":"article","og_title":"regalo de aceite de oliva virgen extra ecol\u00f3gico","og_description":"Caja regalo de aceite de oliva virgen extra 900","og_url":"https:\/\/www.aceitenovecientos.com\/en\/product\/caja-madera-dos-botellas-900-top-500ml-900-organic-500ml\/","og_site_name":"Aceite Novecientos","article_publisher":"https:\/\/www.facebook.com\/aceitenovecientos\/","article_modified_time":"2023-11-07T13:28:57+00:00","og_image":[{"width":1279,"height":1279,"url":"https:\/\/www.aceitenovecientos.com\/wp-content\/uploads\/2021\/01\/DSC1960.jpg","type":"image\/jpeg"}],"twitter_card":"summary_large_image","twitter_misc":{"Estimated reading time":"2 minutes"},"schema":{"@context":"https:\/\/schema.org","@graph":[{"@type":"WebPage","@id":"https:\/\/www.aceitenovecientos.com\/producto\/caja-madera-dos-botellas-900-top-500ml-900-organic-500ml\/","url":"https:\/\/www.aceitenovecientos.com\/producto\/caja-madera-dos-botellas-900-top-500ml-900-organic-500ml\/","name":"regalo de aceite de oliva virgen extra ecol\u00f3gico","isPartOf":{"@id":"https:\/\/www.aceitenovecientos.com\/#website"},"primaryImageOfPage":{"@id":"https:\/\/www.aceitenovecientos.com\/producto\/caja-madera-dos-botellas-900-top-500ml-900-organic-500ml\/#primaryimage"},"image":{"@id":"https:\/\/www.aceitenovecientos.com\/producto\/caja-madera-dos-botellas-900-top-500ml-900-organic-500ml\/#primaryimage"},"thumbnailUrl":"https:\/\/www.aceitenovecientos.com\/wp-content\/uploads\/2021\/01\/DSC1960.jpg","datePublished":"2019-06-13T06:42:03+00:00","dateModified":"2023-11-07T13:28:57+00:00","description":"Caja regalo de aceite de oliva virgen extra 900","breadcrumb":{"@id":"https:\/\/www.aceitenovecientos.com\/producto\/caja-madera-dos-botellas-900-top-500ml-900-organic-500ml\/#breadcrumb"},"inLanguage":"en-GB","potentialAction":[{"@type":"ReadAction","target":["https:\/\/www.aceitenovecientos.com\/producto\/caja-madera-dos-botellas-900-top-500ml-900-organic-500ml\/"]}]},{"@type":"ImageObject","inLanguage":"en-GB","@id":"https:\/\/www.aceitenovecientos.com\/producto\/caja-madera-dos-botellas-900-top-500ml-900-organic-500ml\/#primaryimage","url":"https:\/\/www.aceitenovecientos.com\/wp-content\/uploads\/2021\/01\/DSC1960.jpg","contentUrl":"https:\/\/www.aceitenovecientos.com\/wp-content\/uploads\/2021\/01\/DSC1960.jpg","width":1279,"height":1279,"caption":"pack regalo aove cosecha temprana premium"},{"@type":"BreadcrumbList","@id":"https:\/\/www.aceitenovecientos.com\/producto\/caja-madera-dos-botellas-900-top-500ml-900-organic-500ml\/#breadcrumb","itemListElement":[{"@type":"ListItem","position":1,"name":"Portada","item":"https:\/\/www.aceitenovecientos.com\/"},{"@type":"ListItem","position":2,"name":"Cat\u00e1logo","item":"https:\/\/www.aceitenovecientos.com\/shop\/"},{"@type":"ListItem","position":3,"name":"Caja madera 2 botellas AOVE 500 ml.: 900 ORIGEN y 900 Organic"}]},{"@type":"WebSite","@id":"https:\/\/www.aceitenovecientos.com\/#website","url":"https:\/\/www.aceitenovecientos.com\/","name":"Aceite Novecientos","description":"Aceite de Oliva de Ja\u00e9n","publisher":{"@id":"https:\/\/www.aceitenovecientos.com\/#organization"},"potentialAction":[{"@type":"SearchAction","target":{"@type":"EntryPoint","urlTemplate":"https:\/\/www.aceitenovecientos.com\/?s={search_term_string}"},"query-input":{"@type":"PropertyValueSpecification","valueRequired":true,"valueName":"search_term_string"}}],"inLanguage":"en-GB"},{"@type":"Organization","@id":"https:\/\/www.aceitenovecientos.com\/#organization","name":"Aceite Novecientos","url":"https:\/\/www.aceitenovecientos.com\/","logo":{"@type":"ImageObject","inLanguage":"en-GB","@id":"https:\/\/www.aceitenovecientos.com\/#\/schema\/logo\/image\/","url":"https:\/\/www.aceitenovecientos.com\/wp-content\/uploads\/2021\/12\/logo900-head.webp","contentUrl":"https:\/\/www.aceitenovecientos.com\/wp-content\/uploads\/2021\/12\/logo900-head.webp","width":470,"height":110,"caption":"Aceite Novecientos"},"image":{"@id":"https:\/\/www.aceitenovecientos.com\/#\/schema\/logo\/image\/"},"sameAs":["https:\/\/www.facebook.com\/aceitenovecientos\/"]}]}},"_links":{"self":[{"href":"https:\/\/www.aceitenovecientos.com\/en\/wp-json\/wp\/v2\/product\/2075","targetHints":{"allow":["GET"]}}],"collection":[{"href":"https:\/\/www.aceitenovecientos.com\/en\/wp-json\/wp\/v2\/product"}],"about":[{"href":"https:\/\/www.aceitenovecientos.com\/en\/wp-json\/wp\/v2\/types\/product"}],"replies":[{"embeddable":true,"href":"https:\/\/www.aceitenovecientos.com\/en\/wp-json\/wp\/v2\/comments?post=2075"}],"wp:featuredmedia":[{"embeddable":true,"href":"https:\/\/www.aceitenovecientos.com\/en\/wp-json\/wp\/v2\/media\/2423"}],"wp:attachment":[{"href":"https:\/\/www.aceitenovecientos.com\/en\/wp-json\/wp\/v2\/media?parent=2075"}],"wp:term":[{"taxonomy":"product_cat","embeddable":true,"href":"https:\/\/www.aceitenovecientos.com\/en\/wp-json\/wp\/v2\/product_cat?post=2075"},{"taxonomy":"product_tag","embeddable":true,"href":"https:\/\/www.aceitenovecientos.com\/en\/wp-json\/wp\/v2\/product_tag?post=2075"}],"curies":[{"name":"wp","href":"https:\/\/api.w.org\/{rel}","templated":true}]}}