{"id":2073,"date":"2019-06-12T15:22:49","date_gmt":"2019-06-12T14:22:49","guid":{"rendered":"https:\/\/www.aceitenovecientos.com\/?post_type=product&#038;p=2073"},"modified":"2023-11-07T14:30:41","modified_gmt":"2023-11-07T13:30:41","slug":"caja-regalo-aceite-oliva-virgen-extra-ecologico-900-organic","status":"publish","type":"product","link":"https:\/\/www.aceitenovecientos.com\/en\/product\/caja-regalo-aceite-oliva-virgen-extra-ecologico-900-organic\/","title":{"rendered":"Caja Regalo Aceite de Oliva Virgen Extra Ecol\u00f3gico, 900 Organic"},"content":{"rendered":"<p>Se te ocurrir\u00e1n muchos momentos en los que puedes obsequiar a las personas que aprecias con este adecuado estuche regalo con aceite de oliva virgen extra 900 ORGANIC.<\/p>\n<p>Envuelto en una preciosa caja de madera con nuestro olivo grabado se convierte en el regalo ideal para esos momentos especiales.<\/p>\n<p>La pr\u00f3xima vez que vayas invitado a cenar ya saber que llevar.<\/p>\n<p>Si estas pensando en personalizar la caja de madera para sorprender a tus contactos, ponte en contacto con 900 en el email info@900foods.com. Te ofreceremos varias ideas de dise\u00f1os a medida. Para cada evento su regalo personalizado. Para cada evento un AOVE de alta calidad que har\u00e1 de cada plato y bocado especial de sabor y salud.<\/p>\n<h3>Regalos saludables<\/h3>\n<p>Si conoces las ventajas saludables de consumir aceite de oliva virgen extra no dudar\u00e1s en elegir este regalo para tus eventos especiales.<\/p>\n<ul>\n<li>Ayuda a disminuir el riesgo de enfermedad coronaria y a reducir la presi\u00f3n arterial y los niveles de colesterol malo.<\/li>\n<li>Previene el envejecimiento prematuro y ayuda a la hidrataci\u00f3n de la piel.<\/li>\n<li>Puede ayudar a perder peso debido a la sensaci\u00f3n de saciedad que produce.<\/li>\n<li>Los componentes antiinflamatorios pueden ayudar a reducir dolores asociados a las articulaciones y m\u00fasculos.<\/li>\n<li>En un estudio publicado por la revista cient\u00edfica\u00a0Diabetes Care\u00a0se revel\u00f3 que cualquier dieta mediterr\u00e1nea que tiene aceite de oliva\u00a0es capaz de reducir los casos de diabetes tipo II hasta en un 50%.\u00a0Esto se debe a que el aceite de oliva contiene grasas saludables que podr\u00edan ayudar a regular los niveles de az\u00facar en la sangre y la producci\u00f3n de insulina.<\/li>\n<\/ul>","protected":false},"excerpt":{"rendered":"<p>Pack caja de madera con aceite de oliva virgen extra ecol\u00f3gico de calidad superior 900 ORGANIC de 500ml.<\/p>\n<p><img loading=\"lazy\" decoding=\"async\" class=\"wp-image-2076 aligncenter\" src=\"https:\/\/www.aceitenovecientos.com\/wp-content\/uploads\/2019\/06\/certificado-agricultura-ecologica.png\" alt=\"\" width=\"182\" height=\"62\" srcset=\"https:\/\/www.aceitenovecientos.com\/wp-content\/uploads\/2019\/06\/certificado-agricultura-ecologica.png 385w, https:\/\/www.aceitenovecientos.com\/wp-content\/uploads\/2019\/06\/certificado-agricultura-ecologica-300x102.png 300w, https:\/\/www.aceitenovecientos.com\/wp-content\/uploads\/2019\/06\/certificado-agricultura-ecologica-260x88.png 260w, https:\/\/www.aceitenovecientos.com\/wp-content\/uploads\/2019\/06\/certificado-agricultura-ecologica-50x17.png 50w, https:\/\/www.aceitenovecientos.com\/wp-content\/uploads\/2019\/06\/certificado-agricultura-ecologica-150x51.png 150w\" sizes=\"auto, (max-width: 182px) 100vw, 182px\" \/><\/p>\n<p>900 Organic se presenta ahora en una elegante y r\u00fastica caja de madera dise\u00f1ada con un olivo. Nada mejor para representar el respeto y cuidado al medio ambiente. Ideal para regalar a tus seres queridos, esta caja puede reusarse, ya sea para guardar tus objetos m\u00e1s preciados o simplemente como un lindo recuerdo.<\/p>\n<p>Se puede dise\u00f1ar con tu nombre o logo bajo pedidos m\u00ednimos, ya sea para eventos, comuniones, bodas, regalos de empresa, etc. M\u00e1s informaci\u00f3n en: info@900foods.com<\/p>","protected":false},"featured_media":2362,"comment_status":"open","ping_status":"closed","template":"","meta":[],"product_cat":[8,268,186],"product_tag":[],"class_list":{"0":"post-2073","1":"product","2":"type-product","3":"status-publish","4":"has-post-thumbnail","6":"product_cat-aceite-de-oliva-virgen-extra","7":"product_cat-productos-ecologicos","8":"product_cat-regalos","10":"first","11":"instock","12":"taxable","13":"shipping-taxable","14":"purchasable","15":"product-type-simple"},"yoast_head":"<!-- This site is optimized with the Yoast SEO plugin v24.1 - https:\/\/yoast.com\/wordpress\/plugins\/seo\/ -->\n<title>Aceite de oliva para regalar<\/title>\n<meta name=\"description\" content=\"Aceite de oliva para regalar\" \/>\n<meta name=\"robots\" content=\"index, follow, max-snippet:-1, max-image-preview:large, max-video-preview:-1\" \/>\n<link rel=\"canonical\" href=\"https:\/\/www.aceitenovecientos.com\/en\/product\/caja-regalo-aceite-oliva-virgen-extra-ecologico-900-organic\/\" \/>\n<meta property=\"og:locale\" content=\"en_GB\" \/>\n<meta property=\"og:type\" content=\"article\" \/>\n<meta property=\"og:title\" content=\"Aceite de oliva para regalar\" \/>\n<meta property=\"og:description\" content=\"Aceite de oliva para regalar\" \/>\n<meta property=\"og:url\" content=\"https:\/\/www.aceitenovecientos.com\/en\/product\/caja-regalo-aceite-oliva-virgen-extra-ecologico-900-organic\/\" \/>\n<meta property=\"og:site_name\" content=\"Aceite Novecientos\" \/>\n<meta property=\"article:publisher\" content=\"https:\/\/www.facebook.com\/aceitenovecientos\/\" \/>\n<meta property=\"article:modified_time\" content=\"2023-11-07T13:30:41+00:00\" \/>\n<meta property=\"og:image\" content=\"https:\/\/www.aceitenovecientos.com\/wp-content\/uploads\/2019\/06\/DSC1964.jpg\" \/>\n\t<meta property=\"og:image:width\" content=\"1417\" \/>\n\t<meta property=\"og:image:height\" content=\"1417\" \/>\n\t<meta property=\"og:image:type\" content=\"image\/jpeg\" \/>\n<meta name=\"twitter:card\" content=\"summary_large_image\" \/>\n<meta name=\"twitter:label1\" content=\"Estimated reading time\" \/>\n\t<meta name=\"twitter:data1\" content=\"1 minute\" \/>\n<script type=\"application\/ld+json\" class=\"yoast-schema-graph\">{\"@context\":\"https:\/\/schema.org\",\"@graph\":[{\"@type\":\"WebPage\",\"@id\":\"https:\/\/www.aceitenovecientos.com\/producto\/caja-regalo-aceite-oliva-virgen-extra-ecologico-900-organic\/\",\"url\":\"https:\/\/www.aceitenovecientos.com\/producto\/caja-regalo-aceite-oliva-virgen-extra-ecologico-900-organic\/\",\"name\":\"Aceite de oliva para regalar\",\"isPartOf\":{\"@id\":\"https:\/\/www.aceitenovecientos.com\/#website\"},\"primaryImageOfPage\":{\"@id\":\"https:\/\/www.aceitenovecientos.com\/producto\/caja-regalo-aceite-oliva-virgen-extra-ecologico-900-organic\/#primaryimage\"},\"image\":{\"@id\":\"https:\/\/www.aceitenovecientos.com\/producto\/caja-regalo-aceite-oliva-virgen-extra-ecologico-900-organic\/#primaryimage\"},\"thumbnailUrl\":\"https:\/\/www.aceitenovecientos.com\/wp-content\/uploads\/2019\/06\/DSC1964.jpg\",\"datePublished\":\"2019-06-12T14:22:49+00:00\",\"dateModified\":\"2023-11-07T13:30:41+00:00\",\"description\":\"Aceite de oliva para regalar\",\"breadcrumb\":{\"@id\":\"https:\/\/www.aceitenovecientos.com\/producto\/caja-regalo-aceite-oliva-virgen-extra-ecologico-900-organic\/#breadcrumb\"},\"inLanguage\":\"en-GB\",\"potentialAction\":[{\"@type\":\"ReadAction\",\"target\":[\"https:\/\/www.aceitenovecientos.com\/producto\/caja-regalo-aceite-oliva-virgen-extra-ecologico-900-organic\/\"]}]},{\"@type\":\"ImageObject\",\"inLanguage\":\"en-GB\",\"@id\":\"https:\/\/www.aceitenovecientos.com\/producto\/caja-regalo-aceite-oliva-virgen-extra-ecologico-900-organic\/#primaryimage\",\"url\":\"https:\/\/www.aceitenovecientos.com\/wp-content\/uploads\/2019\/06\/DSC1964.jpg\",\"contentUrl\":\"https:\/\/www.aceitenovecientos.com\/wp-content\/uploads\/2019\/06\/DSC1964.jpg\",\"width\":1417,\"height\":1417,\"caption\":\"Aceite de oliva ecol\u00f3gico 900 de Ja\u00e9n\"},{\"@type\":\"BreadcrumbList\",\"@id\":\"https:\/\/www.aceitenovecientos.com\/producto\/caja-regalo-aceite-oliva-virgen-extra-ecologico-900-organic\/#breadcrumb\",\"itemListElement\":[{\"@type\":\"ListItem\",\"position\":1,\"name\":\"Portada\",\"item\":\"https:\/\/www.aceitenovecientos.com\/\"},{\"@type\":\"ListItem\",\"position\":2,\"name\":\"Cat\u00e1logo\",\"item\":\"https:\/\/www.aceitenovecientos.com\/shop\/\"},{\"@type\":\"ListItem\",\"position\":3,\"name\":\"Caja Regalo Aceite de Oliva Virgen Extra Ecol\u00f3gico, 900 Organic\"}]},{\"@type\":\"WebSite\",\"@id\":\"https:\/\/www.aceitenovecientos.com\/#website\",\"url\":\"https:\/\/www.aceitenovecientos.com\/\",\"name\":\"Aceite Novecientos\",\"description\":\"Aceite de Oliva de Ja\u00e9n\",\"publisher\":{\"@id\":\"https:\/\/www.aceitenovecientos.com\/#organization\"},\"potentialAction\":[{\"@type\":\"SearchAction\",\"target\":{\"@type\":\"EntryPoint\",\"urlTemplate\":\"https:\/\/www.aceitenovecientos.com\/?s={search_term_string}\"},\"query-input\":{\"@type\":\"PropertyValueSpecification\",\"valueRequired\":true,\"valueName\":\"search_term_string\"}}],\"inLanguage\":\"en-GB\"},{\"@type\":\"Organization\",\"@id\":\"https:\/\/www.aceitenovecientos.com\/#organization\",\"name\":\"Aceite Novecientos\",\"url\":\"https:\/\/www.aceitenovecientos.com\/\",\"logo\":{\"@type\":\"ImageObject\",\"inLanguage\":\"en-GB\",\"@id\":\"https:\/\/www.aceitenovecientos.com\/#\/schema\/logo\/image\/\",\"url\":\"https:\/\/www.aceitenovecientos.com\/wp-content\/uploads\/2021\/12\/logo900-head.webp\",\"contentUrl\":\"https:\/\/www.aceitenovecientos.com\/wp-content\/uploads\/2021\/12\/logo900-head.webp\",\"width\":470,\"height\":110,\"caption\":\"Aceite Novecientos\"},\"image\":{\"@id\":\"https:\/\/www.aceitenovecientos.com\/#\/schema\/logo\/image\/\"},\"sameAs\":[\"https:\/\/www.facebook.com\/aceitenovecientos\/\"]}]}<\/script>\n<!-- \/ Yoast SEO plugin. -->","yoast_head_json":{"title":"Aceite de oliva para regalar","description":"Aceite de oliva para regalar","robots":{"index":"index","follow":"follow","max-snippet":"max-snippet:-1","max-image-preview":"max-image-preview:large","max-video-preview":"max-video-preview:-1"},"canonical":"https:\/\/www.aceitenovecientos.com\/en\/product\/caja-regalo-aceite-oliva-virgen-extra-ecologico-900-organic\/","og_locale":"en_GB","og_type":"article","og_title":"Aceite de oliva para regalar","og_description":"Aceite de oliva para regalar","og_url":"https:\/\/www.aceitenovecientos.com\/en\/product\/caja-regalo-aceite-oliva-virgen-extra-ecologico-900-organic\/","og_site_name":"Aceite Novecientos","article_publisher":"https:\/\/www.facebook.com\/aceitenovecientos\/","article_modified_time":"2023-11-07T13:30:41+00:00","og_image":[{"width":1417,"height":1417,"url":"https:\/\/www.aceitenovecientos.com\/wp-content\/uploads\/2019\/06\/DSC1964.jpg","type":"image\/jpeg"}],"twitter_card":"summary_large_image","twitter_misc":{"Estimated reading time":"1 minute"},"schema":{"@context":"https:\/\/schema.org","@graph":[{"@type":"WebPage","@id":"https:\/\/www.aceitenovecientos.com\/producto\/caja-regalo-aceite-oliva-virgen-extra-ecologico-900-organic\/","url":"https:\/\/www.aceitenovecientos.com\/producto\/caja-regalo-aceite-oliva-virgen-extra-ecologico-900-organic\/","name":"Aceite de oliva para regalar","isPartOf":{"@id":"https:\/\/www.aceitenovecientos.com\/#website"},"primaryImageOfPage":{"@id":"https:\/\/www.aceitenovecientos.com\/producto\/caja-regalo-aceite-oliva-virgen-extra-ecologico-900-organic\/#primaryimage"},"image":{"@id":"https:\/\/www.aceitenovecientos.com\/producto\/caja-regalo-aceite-oliva-virgen-extra-ecologico-900-organic\/#primaryimage"},"thumbnailUrl":"https:\/\/www.aceitenovecientos.com\/wp-content\/uploads\/2019\/06\/DSC1964.jpg","datePublished":"2019-06-12T14:22:49+00:00","dateModified":"2023-11-07T13:30:41+00:00","description":"Aceite de oliva para regalar","breadcrumb":{"@id":"https:\/\/www.aceitenovecientos.com\/producto\/caja-regalo-aceite-oliva-virgen-extra-ecologico-900-organic\/#breadcrumb"},"inLanguage":"en-GB","potentialAction":[{"@type":"ReadAction","target":["https:\/\/www.aceitenovecientos.com\/producto\/caja-regalo-aceite-oliva-virgen-extra-ecologico-900-organic\/"]}]},{"@type":"ImageObject","inLanguage":"en-GB","@id":"https:\/\/www.aceitenovecientos.com\/producto\/caja-regalo-aceite-oliva-virgen-extra-ecologico-900-organic\/#primaryimage","url":"https:\/\/www.aceitenovecientos.com\/wp-content\/uploads\/2019\/06\/DSC1964.jpg","contentUrl":"https:\/\/www.aceitenovecientos.com\/wp-content\/uploads\/2019\/06\/DSC1964.jpg","width":1417,"height":1417,"caption":"Aceite de oliva ecol\u00f3gico 900 de Ja\u00e9n"},{"@type":"BreadcrumbList","@id":"https:\/\/www.aceitenovecientos.com\/producto\/caja-regalo-aceite-oliva-virgen-extra-ecologico-900-organic\/#breadcrumb","itemListElement":[{"@type":"ListItem","position":1,"name":"Portada","item":"https:\/\/www.aceitenovecientos.com\/"},{"@type":"ListItem","position":2,"name":"Cat\u00e1logo","item":"https:\/\/www.aceitenovecientos.com\/shop\/"},{"@type":"ListItem","position":3,"name":"Caja Regalo Aceite de Oliva Virgen Extra Ecol\u00f3gico, 900 Organic"}]},{"@type":"WebSite","@id":"https:\/\/www.aceitenovecientos.com\/#website","url":"https:\/\/www.aceitenovecientos.com\/","name":"Aceite Novecientos","description":"Aceite de Oliva de Ja\u00e9n","publisher":{"@id":"https:\/\/www.aceitenovecientos.com\/#organization"},"potentialAction":[{"@type":"SearchAction","target":{"@type":"EntryPoint","urlTemplate":"https:\/\/www.aceitenovecientos.com\/?s={search_term_string}"},"query-input":{"@type":"PropertyValueSpecification","valueRequired":true,"valueName":"search_term_string"}}],"inLanguage":"en-GB"},{"@type":"Organization","@id":"https:\/\/www.aceitenovecientos.com\/#organization","name":"Aceite Novecientos","url":"https:\/\/www.aceitenovecientos.com\/","logo":{"@type":"ImageObject","inLanguage":"en-GB","@id":"https:\/\/www.aceitenovecientos.com\/#\/schema\/logo\/image\/","url":"https:\/\/www.aceitenovecientos.com\/wp-content\/uploads\/2021\/12\/logo900-head.webp","contentUrl":"https:\/\/www.aceitenovecientos.com\/wp-content\/uploads\/2021\/12\/logo900-head.webp","width":470,"height":110,"caption":"Aceite Novecientos"},"image":{"@id":"https:\/\/www.aceitenovecientos.com\/#\/schema\/logo\/image\/"},"sameAs":["https:\/\/www.facebook.com\/aceitenovecientos\/"]}]}},"_links":{"self":[{"href":"https:\/\/www.aceitenovecientos.com\/en\/wp-json\/wp\/v2\/product\/2073","targetHints":{"allow":["GET"]}}],"collection":[{"href":"https:\/\/www.aceitenovecientos.com\/en\/wp-json\/wp\/v2\/product"}],"about":[{"href":"https:\/\/www.aceitenovecientos.com\/en\/wp-json\/wp\/v2\/types\/product"}],"replies":[{"embeddable":true,"href":"https:\/\/www.aceitenovecientos.com\/en\/wp-json\/wp\/v2\/comments?post=2073"}],"wp:featuredmedia":[{"embeddable":true,"href":"https:\/\/www.aceitenovecientos.com\/en\/wp-json\/wp\/v2\/media\/2362"}],"wp:attachment":[{"href":"https:\/\/www.aceitenovecientos.com\/en\/wp-json\/wp\/v2\/media?parent=2073"}],"wp:term":[{"taxonomy":"product_cat","embeddable":true,"href":"https:\/\/www.aceitenovecientos.com\/en\/wp-json\/wp\/v2\/product_cat?post=2073"},{"taxonomy":"product_tag","embeddable":true,"href":"https:\/\/www.aceitenovecientos.com\/en\/wp-json\/wp\/v2\/product_tag?post=2073"}],"curies":[{"name":"wp","href":"https:\/\/api.w.org\/{rel}","templated":true}]}}