{"id":1989,"date":"2019-05-16T10:59:46","date_gmt":"2019-05-16T09:59:46","guid":{"rendered":"https:\/\/www.aceitenovecientos.com\/?post_type=product&#038;p=1989"},"modified":"2023-02-07T11:29:48","modified_gmt":"2023-02-07T10:29:48","slug":"chocolate-artesanal-almendras-elaborado-aceite-oliva-virgen-extra","status":"publish","type":"product","link":"https:\/\/www.aceitenovecientos.com\/en\/product\/chocolate-artesanal-almendras-elaborado-aceite-oliva-virgen-extra\/","title":{"rendered":"Chocolate Artesanal con Almendras, elaborado con Aceite de Oliva Virgen Extra"},"content":{"rendered":"<p>El chocolate artesanal Novecientos con almendras elaborado con aceite de oliva virgen extra es un dulce que en los \u00faltimos tiempos es muy reclamado entre los amantes del chocolate.<\/p>\n<p>Al estar elaborado este producto de forma artesanal con almendras de calidad, el cacao del chocolate junto a ellas, consiguen un sabor muy exquisito que junto a la textura crujiente que aportan estos frutos secos, se convierte en el placer de muchos paladares.<\/p>\n<p>Sin duda un acierto seguro para los amantes del dulce.<\/p>\n<p><strong>PROPIEDADES DE LAS ALMENDRAS<\/strong><\/p>\n<p>Hay que tener en cuenta que, aunque el chocolate con almendras elaborado con aceite de oliva virgen extra no cuenta con una elevada cantidad de az\u00facares en su composici\u00f3n, s\u00ed resulta un alimento cal\u00f3rico, ya que los frutos secos, grupo al que pertenecen las almendras, son alimentos ricos en calor\u00edas.<\/p>\n<p>Sin embargo, tienen numerosas cualidades que las convierten en aut\u00e9nticas fuentes nutritivas para nuestro cuerpo. Adem\u00e1s, combinadas con las excelentes propiedades del cacao y el aceite de oliva, convierten al chocolate con almendras en un dulce con grandes beneficios. Las principales propiedades que caracterizan a las almendras son:<\/p>\n<ul>\n<li>Es un alimento con un alto valor energ\u00e9tico y ricos en prote\u00ednas que, si padeces cansancio o fatiga acumulada, ser\u00e1 un gran impulso para seguir el ritmo de tus actividades diarias.<\/li>\n<li>Para contrarrestar su contenido cal\u00f3rico, cuentan con un gran efecto saciante, ya que hacen que la digesti\u00f3n se realice m\u00e1s lentamente.<\/li>\n<li>Tan s\u00f3lo una peque\u00f1a parte menor al 10% son grasas saturadas, las cuales despu\u00e9s nos cuesta tanto eliminar. Lo que significa que el resto son el tipo de grasa saludable que nuestro cuerpo necesita, como las monoinsaturadas que son las mismas que las del aceite de oliva.<\/li>\n<li>Son importantes fuentes de antioxidantes, calcio y otros minerales. Con peque\u00f1as raciones, podemos aportar a nuestro cuerpo la raci\u00f3n que necesita de estos elementos.<\/li>\n<\/ul>\n<p><strong>M\u00c1S IFORMACI\u00d3N SOBRE CHOCOLATE CON ALMENDRAS 900:<\/strong><\/p>\n<p><strong>Ingredientes:<\/strong> Pasta de cacao, az\u00facar, Almendras, manteca de cacao, aceite de oliva virgen extra. Emulgente: lecitina de soja, aroma natural de vainilla.<\/p>\n<p>Puede contener trazas de leche.<\/p>\n<p><strong>INFORMACION NUTRICIONAL<\/strong><\/p>\n<p>Valores medidos por 100g<\/p>\n<ul>\n<li>energ\u00e9tico: 2243 KJ\/536Kcal<\/li>\n<li>Grasas: 35 g<\/li>\n<li>Grasas saturadas: 16.6 g<\/li>\n<li>Hidratos de Carbono: 41.5 g<\/li>\n<li>Az\u00facares: 37.9 g<\/li>\n<li>Fibra: 13.9g<\/li>\n<li>Prote\u00ednas: 6.6g<\/li>\n<li>Sal: 0.04g<\/li>\n<\/ul>","protected":false},"excerpt":{"rendered":"<p>Chocolate 100% artesanal, elaborado con un 65% de cacao, AOVE y almendras. La mejor opci\u00f3n para los amantes de lo natural y del chocolate almendrado.<\/p>\n<p>Sin gluten, 115g.<\/p>","protected":false},"featured_media":2384,"comment_status":"open","ping_status":"closed","template":"","meta":[],"product_cat":[271,269],"product_tag":[],"class_list":{"0":"post-1989","1":"product","2":"type-product","3":"status-publish","4":"has-post-thumbnail","6":"product_cat-chocolates-elaborados-con-aove","7":"product_cat-dulces-saludables-con-aove-y-mieles","9":"first","10":"instock","11":"taxable","12":"shipping-taxable","13":"purchasable","14":"product-type-variable"},"yoast_head":"<!-- This site is optimized with the Yoast SEO plugin v24.1 - https:\/\/yoast.com\/wordpress\/plugins\/seo\/ -->\n<title>Chocolate Artesanal con Almendras, elaborado con Aceite de Oliva Virgen Extra - Aceite Novecientos<\/title>\n<meta name=\"robots\" content=\"index, follow, max-snippet:-1, max-image-preview:large, max-video-preview:-1\" \/>\n<link rel=\"canonical\" href=\"https:\/\/www.aceitenovecientos.com\/en\/product\/chocolate-artesanal-almendras-elaborado-aceite-oliva-virgen-extra\/\" \/>\n<meta property=\"og:locale\" content=\"en_GB\" \/>\n<meta property=\"og:type\" content=\"article\" \/>\n<meta property=\"og:title\" content=\"Chocolate Artesanal con Almendras, elaborado con Aceite de Oliva Virgen Extra - Aceite Novecientos\" \/>\n<meta property=\"og:description\" content=\"Chocolate 100% artesanal, elaborado con un 65% de cacao, AOVE y almendras. La mejor opci\u00f3n para los amantes de lo natural y del chocolate almendrado.  Sin gluten, 115g.\" \/>\n<meta property=\"og:url\" content=\"https:\/\/www.aceitenovecientos.com\/en\/product\/chocolate-artesanal-almendras-elaborado-aceite-oliva-virgen-extra\/\" \/>\n<meta property=\"og:site_name\" content=\"Aceite Novecientos\" \/>\n<meta property=\"article:publisher\" content=\"https:\/\/www.facebook.com\/aceitenovecientos\/\" \/>\n<meta property=\"article:modified_time\" content=\"2023-02-07T10:29:48+00:00\" \/>\n<meta property=\"og:image\" content=\"https:\/\/www.aceitenovecientos.com\/wp-content\/uploads\/2019\/05\/almendras-scaled.jpg\" \/>\n\t<meta property=\"og:image:width\" content=\"2560\" \/>\n\t<meta property=\"og:image:height\" content=\"1707\" \/>\n\t<meta property=\"og:image:type\" content=\"image\/jpeg\" \/>\n<meta name=\"twitter:card\" content=\"summary_large_image\" \/>\n<meta name=\"twitter:label1\" content=\"Estimated reading time\" \/>\n\t<meta name=\"twitter:data1\" content=\"2 minutes\" \/>\n<script type=\"application\/ld+json\" class=\"yoast-schema-graph\">{\"@context\":\"https:\/\/schema.org\",\"@graph\":[{\"@type\":\"WebPage\",\"@id\":\"https:\/\/www.aceitenovecientos.com\/producto\/chocolate-artesanal-almendras-elaborado-aceite-oliva-virgen-extra\/\",\"url\":\"https:\/\/www.aceitenovecientos.com\/producto\/chocolate-artesanal-almendras-elaborado-aceite-oliva-virgen-extra\/\",\"name\":\"Chocolate Artesanal con Almendras, elaborado con Aceite de Oliva Virgen Extra - Aceite Novecientos\",\"isPartOf\":{\"@id\":\"https:\/\/www.aceitenovecientos.com\/#website\"},\"primaryImageOfPage\":{\"@id\":\"https:\/\/www.aceitenovecientos.com\/producto\/chocolate-artesanal-almendras-elaborado-aceite-oliva-virgen-extra\/#primaryimage\"},\"image\":{\"@id\":\"https:\/\/www.aceitenovecientos.com\/producto\/chocolate-artesanal-almendras-elaborado-aceite-oliva-virgen-extra\/#primaryimage\"},\"thumbnailUrl\":\"https:\/\/www.aceitenovecientos.com\/wp-content\/uploads\/2019\/05\/almendras-scaled.jpg\",\"datePublished\":\"2019-05-16T09:59:46+00:00\",\"dateModified\":\"2023-02-07T10:29:48+00:00\",\"breadcrumb\":{\"@id\":\"https:\/\/www.aceitenovecientos.com\/producto\/chocolate-artesanal-almendras-elaborado-aceite-oliva-virgen-extra\/#breadcrumb\"},\"inLanguage\":\"en-GB\",\"potentialAction\":[{\"@type\":\"ReadAction\",\"target\":[\"https:\/\/www.aceitenovecientos.com\/producto\/chocolate-artesanal-almendras-elaborado-aceite-oliva-virgen-extra\/\"]}]},{\"@type\":\"ImageObject\",\"inLanguage\":\"en-GB\",\"@id\":\"https:\/\/www.aceitenovecientos.com\/producto\/chocolate-artesanal-almendras-elaborado-aceite-oliva-virgen-extra\/#primaryimage\",\"url\":\"https:\/\/www.aceitenovecientos.com\/wp-content\/uploads\/2019\/05\/almendras-scaled.jpg\",\"contentUrl\":\"https:\/\/www.aceitenovecientos.com\/wp-content\/uploads\/2019\/05\/almendras-scaled.jpg\",\"width\":2560,\"height\":1707,\"caption\":\"\u30a2\u30fc\u30e2\u30f3\u30c9\"},{\"@type\":\"BreadcrumbList\",\"@id\":\"https:\/\/www.aceitenovecientos.com\/producto\/chocolate-artesanal-almendras-elaborado-aceite-oliva-virgen-extra\/#breadcrumb\",\"itemListElement\":[{\"@type\":\"ListItem\",\"position\":1,\"name\":\"Portada\",\"item\":\"https:\/\/www.aceitenovecientos.com\/\"},{\"@type\":\"ListItem\",\"position\":2,\"name\":\"Cat\u00e1logo\",\"item\":\"https:\/\/www.aceitenovecientos.com\/shop\/\"},{\"@type\":\"ListItem\",\"position\":3,\"name\":\"Chocolate Artesanal con Almendras, elaborado con Aceite de Oliva Virgen Extra\"}]},{\"@type\":\"WebSite\",\"@id\":\"https:\/\/www.aceitenovecientos.com\/#website\",\"url\":\"https:\/\/www.aceitenovecientos.com\/\",\"name\":\"Aceite Novecientos\",\"description\":\"Aceite de Oliva de Ja\u00e9n\",\"publisher\":{\"@id\":\"https:\/\/www.aceitenovecientos.com\/#organization\"},\"potentialAction\":[{\"@type\":\"SearchAction\",\"target\":{\"@type\":\"EntryPoint\",\"urlTemplate\":\"https:\/\/www.aceitenovecientos.com\/?s={search_term_string}\"},\"query-input\":{\"@type\":\"PropertyValueSpecification\",\"valueRequired\":true,\"valueName\":\"search_term_string\"}}],\"inLanguage\":\"en-GB\"},{\"@type\":\"Organization\",\"@id\":\"https:\/\/www.aceitenovecientos.com\/#organization\",\"name\":\"Aceite Novecientos\",\"url\":\"https:\/\/www.aceitenovecientos.com\/\",\"logo\":{\"@type\":\"ImageObject\",\"inLanguage\":\"en-GB\",\"@id\":\"https:\/\/www.aceitenovecientos.com\/#\/schema\/logo\/image\/\",\"url\":\"https:\/\/www.aceitenovecientos.com\/wp-content\/uploads\/2021\/12\/logo900-head.webp\",\"contentUrl\":\"https:\/\/www.aceitenovecientos.com\/wp-content\/uploads\/2021\/12\/logo900-head.webp\",\"width\":470,\"height\":110,\"caption\":\"Aceite Novecientos\"},\"image\":{\"@id\":\"https:\/\/www.aceitenovecientos.com\/#\/schema\/logo\/image\/\"},\"sameAs\":[\"https:\/\/www.facebook.com\/aceitenovecientos\/\"]}]}<\/script>\n<!-- \/ Yoast SEO plugin. -->","yoast_head_json":{"title":"Chocolate Artesanal con Almendras, elaborado con Aceite de Oliva Virgen Extra - Aceite Novecientos","robots":{"index":"index","follow":"follow","max-snippet":"max-snippet:-1","max-image-preview":"max-image-preview:large","max-video-preview":"max-video-preview:-1"},"canonical":"https:\/\/www.aceitenovecientos.com\/en\/product\/chocolate-artesanal-almendras-elaborado-aceite-oliva-virgen-extra\/","og_locale":"en_GB","og_type":"article","og_title":"Chocolate Artesanal con Almendras, elaborado con Aceite de Oliva Virgen Extra - Aceite Novecientos","og_description":"Chocolate 100% artesanal, elaborado con un 65% de cacao, AOVE y almendras. La mejor opci\u00f3n para los amantes de lo natural y del chocolate almendrado.  Sin gluten, 115g.","og_url":"https:\/\/www.aceitenovecientos.com\/en\/product\/chocolate-artesanal-almendras-elaborado-aceite-oliva-virgen-extra\/","og_site_name":"Aceite Novecientos","article_publisher":"https:\/\/www.facebook.com\/aceitenovecientos\/","article_modified_time":"2023-02-07T10:29:48+00:00","og_image":[{"width":2560,"height":1707,"url":"https:\/\/www.aceitenovecientos.com\/wp-content\/uploads\/2019\/05\/almendras-scaled.jpg","type":"image\/jpeg"}],"twitter_card":"summary_large_image","twitter_misc":{"Estimated reading time":"2 minutes"},"schema":{"@context":"https:\/\/schema.org","@graph":[{"@type":"WebPage","@id":"https:\/\/www.aceitenovecientos.com\/producto\/chocolate-artesanal-almendras-elaborado-aceite-oliva-virgen-extra\/","url":"https:\/\/www.aceitenovecientos.com\/producto\/chocolate-artesanal-almendras-elaborado-aceite-oliva-virgen-extra\/","name":"Chocolate Artesanal con Almendras, elaborado con Aceite de Oliva Virgen Extra - Aceite Novecientos","isPartOf":{"@id":"https:\/\/www.aceitenovecientos.com\/#website"},"primaryImageOfPage":{"@id":"https:\/\/www.aceitenovecientos.com\/producto\/chocolate-artesanal-almendras-elaborado-aceite-oliva-virgen-extra\/#primaryimage"},"image":{"@id":"https:\/\/www.aceitenovecientos.com\/producto\/chocolate-artesanal-almendras-elaborado-aceite-oliva-virgen-extra\/#primaryimage"},"thumbnailUrl":"https:\/\/www.aceitenovecientos.com\/wp-content\/uploads\/2019\/05\/almendras-scaled.jpg","datePublished":"2019-05-16T09:59:46+00:00","dateModified":"2023-02-07T10:29:48+00:00","breadcrumb":{"@id":"https:\/\/www.aceitenovecientos.com\/producto\/chocolate-artesanal-almendras-elaborado-aceite-oliva-virgen-extra\/#breadcrumb"},"inLanguage":"en-GB","potentialAction":[{"@type":"ReadAction","target":["https:\/\/www.aceitenovecientos.com\/producto\/chocolate-artesanal-almendras-elaborado-aceite-oliva-virgen-extra\/"]}]},{"@type":"ImageObject","inLanguage":"en-GB","@id":"https:\/\/www.aceitenovecientos.com\/producto\/chocolate-artesanal-almendras-elaborado-aceite-oliva-virgen-extra\/#primaryimage","url":"https:\/\/www.aceitenovecientos.com\/wp-content\/uploads\/2019\/05\/almendras-scaled.jpg","contentUrl":"https:\/\/www.aceitenovecientos.com\/wp-content\/uploads\/2019\/05\/almendras-scaled.jpg","width":2560,"height":1707,"caption":"\u30a2\u30fc\u30e2\u30f3\u30c9"},{"@type":"BreadcrumbList","@id":"https:\/\/www.aceitenovecientos.com\/producto\/chocolate-artesanal-almendras-elaborado-aceite-oliva-virgen-extra\/#breadcrumb","itemListElement":[{"@type":"ListItem","position":1,"name":"Portada","item":"https:\/\/www.aceitenovecientos.com\/"},{"@type":"ListItem","position":2,"name":"Cat\u00e1logo","item":"https:\/\/www.aceitenovecientos.com\/shop\/"},{"@type":"ListItem","position":3,"name":"Chocolate Artesanal con Almendras, elaborado con Aceite de Oliva Virgen Extra"}]},{"@type":"WebSite","@id":"https:\/\/www.aceitenovecientos.com\/#website","url":"https:\/\/www.aceitenovecientos.com\/","name":"Aceite Novecientos","description":"Aceite de Oliva de Ja\u00e9n","publisher":{"@id":"https:\/\/www.aceitenovecientos.com\/#organization"},"potentialAction":[{"@type":"SearchAction","target":{"@type":"EntryPoint","urlTemplate":"https:\/\/www.aceitenovecientos.com\/?s={search_term_string}"},"query-input":{"@type":"PropertyValueSpecification","valueRequired":true,"valueName":"search_term_string"}}],"inLanguage":"en-GB"},{"@type":"Organization","@id":"https:\/\/www.aceitenovecientos.com\/#organization","name":"Aceite Novecientos","url":"https:\/\/www.aceitenovecientos.com\/","logo":{"@type":"ImageObject","inLanguage":"en-GB","@id":"https:\/\/www.aceitenovecientos.com\/#\/schema\/logo\/image\/","url":"https:\/\/www.aceitenovecientos.com\/wp-content\/uploads\/2021\/12\/logo900-head.webp","contentUrl":"https:\/\/www.aceitenovecientos.com\/wp-content\/uploads\/2021\/12\/logo900-head.webp","width":470,"height":110,"caption":"Aceite Novecientos"},"image":{"@id":"https:\/\/www.aceitenovecientos.com\/#\/schema\/logo\/image\/"},"sameAs":["https:\/\/www.facebook.com\/aceitenovecientos\/"]}]}},"_links":{"self":[{"href":"https:\/\/www.aceitenovecientos.com\/en\/wp-json\/wp\/v2\/product\/1989","targetHints":{"allow":["GET"]}}],"collection":[{"href":"https:\/\/www.aceitenovecientos.com\/en\/wp-json\/wp\/v2\/product"}],"about":[{"href":"https:\/\/www.aceitenovecientos.com\/en\/wp-json\/wp\/v2\/types\/product"}],"replies":[{"embeddable":true,"href":"https:\/\/www.aceitenovecientos.com\/en\/wp-json\/wp\/v2\/comments?post=1989"}],"wp:featuredmedia":[{"embeddable":true,"href":"https:\/\/www.aceitenovecientos.com\/en\/wp-json\/wp\/v2\/media\/2384"}],"wp:attachment":[{"href":"https:\/\/www.aceitenovecientos.com\/en\/wp-json\/wp\/v2\/media?parent=1989"}],"wp:term":[{"taxonomy":"product_cat","embeddable":true,"href":"https:\/\/www.aceitenovecientos.com\/en\/wp-json\/wp\/v2\/product_cat?post=1989"},{"taxonomy":"product_tag","embeddable":true,"href":"https:\/\/www.aceitenovecientos.com\/en\/wp-json\/wp\/v2\/product_tag?post=1989"}],"curies":[{"name":"wp","href":"https:\/\/api.w.org\/{rel}","templated":true}]}}