{"id":1986,"date":"2019-05-16T11:01:04","date_gmt":"2019-05-16T10:01:04","guid":{"rendered":"https:\/\/www.aceitenovecientos.com\/?post_type=product&#038;p=1986"},"modified":"2023-02-07T11:28:24","modified_gmt":"2023-02-07T10:28:24","slug":"chocolate-artesanal-sin-azucar-elaborado-aceite-oliva-virgen-extra","status":"publish","type":"product","link":"https:\/\/www.aceitenovecientos.com\/en\/product\/chocolate-artesanal-sin-azucar-elaborado-aceite-oliva-virgen-extra\/","title":{"rendered":"Chocolate Artesanal sin Az\u00facar, elaborado con Aceite de Oliva Virgen Extra"},"content":{"rendered":"<p>El chocolate negro sin az\u00facar con aceite de oliva virgen extra puede ser tu compa\u00f1ero perfecto para seguir disfrutando del intenso sabor negro del chocolate, eliminando los negativos efectos de los az\u00facares.<\/p>\n<p>Este alimento resulta ser la opci\u00f3n perfecta de entre los dulces que existen en el mercado, no s\u00f3lo para aquellas personas que por enfermedades como la diabetes no toleren la ingesta del chocolate, sino tambi\u00e9n para aquellos que deseen cuidar su dieta, sin perder el gusto por la intensidad del chocolate negro.<\/p>\n<p><strong>PRINCIPALES BENEFICIOS DEL CHOCOLATE NEGRO:<\/strong><\/p>\n<p>Adem\u00e1s, de para ayudar a mantener una dieta equilibrada y reducir el consumo de az\u00facares, el chocolate negro realiza aportaciones muy beneficiosas para el correcto desarrollo de nuestra salud. Los beneficios m\u00e1s destacables de este alimento son:<\/p>\n<p>La cantidad de antioxidantes que componen al chocolate negro, le otorgan importantes propiedades para prevenir enfermedades del coraz\u00f3n y con ello reducir el colesterol y bajar la presi\u00f3n sangu\u00ednea alta. Gracias en su totalidad, a que los antioxidantes facilitan al cuerpo la expulsi\u00f3n de los radicales libres, causantes de la oxidaci\u00f3n de las c\u00e9lulas. Lo cual, a su vez, repercute en un mejor estado y visibilidad de la piel.<\/p>\n<p>Uno de los ingredientes por los que el chocolate ha sido considerado como un alimento negativo para la salud, ha sido por las grasas saturadas de la manteca de cacao. Sin embargo, por diversos estudios realizados se ha conocido, que una parte de estas grasas est\u00e1 formada por \u00e1cido este\u00e1rico, el cual el h\u00edgado tiene la capacidad de convertir en \u00e1cido oleico considerado una grasa insaturada, la cual es positiva y necesaria para el organismo.<\/p>\n<p>Otra de sus importantes propiedades es que es antiinflamatorio, con lo que favorece a la reducci\u00f3n de la inflamaci\u00f3n y mejora de le flexibilidad de los vasos sangu\u00edneos, adem\u00e1s de la disminuci\u00f3n de la presi\u00f3n arterial.<\/p>\n<p><strong>M\u00c1S IFORMACI\u00d3N SOBRE CHOCOLATE SIN AZ\u00daCAR:<\/strong><\/p>\n<p><strong>Ingredientes:<\/strong> Pasta de cacao, edulcorantes (maltitol, lactitol, acesulfame K) , manteca de cacao, cacao en polvo, aceite de oliva virgen extra. Emulgente: lecitina de soja, aroma natural de vainilla.<\/p>\n<p>Puede contener trazas de leche.<\/p>\n<p><strong>INFORMACION NUTRICIONAL<\/strong><\/p>\n<p>Valores medidos por 100g<\/p>\n<ul>\n<li>energ\u00e9tico: 2110 KJ\/505Kcal<\/li>\n<li>Grasas: 33.3 \u00bag<\/li>\n<li>Grasas saturadas: 17.8 g<\/li>\n<li>Hidratos de Carbono: 35.1 g<\/li>\n<li>Az\u00facares: 0.3 g<\/li>\n<li>Fibra: 14.3 g<\/li>\n<li>Prote\u00ednas: 5 g<\/li>\n<li>Sal: 0.04g<\/li>\n<\/ul>","protected":false},"excerpt":{"rendered":"<p>Elaborado artesanal elaborado con un 70% de cacao y 5% de AOVE. Y adem\u00e1s&#8230; 0% az\u00facar. Para aquellos que busquen mantener la forma o simplemente evitar el az\u00facar,\u00a0 este es el tentempi\u00e9 m\u00e1s indicado.\u00a0 Las propiedades combinadas del cacao natural y del Aceite de Oliva Virgen Extra pueden ser muy beneficiosas en las dietas de muchos deportistas de \u00e9lite (ciclismo, nataci\u00f3n, musculaci\u00f3n, futbol..).<\/p>\n<p>Sin gluten, 115g.<\/p>","protected":false},"featured_media":2437,"comment_status":"open","ping_status":"closed","template":"","meta":[],"product_cat":[271,269],"product_tag":[],"class_list":{"0":"post-1986","1":"product","2":"type-product","3":"status-publish","4":"has-post-thumbnail","6":"product_cat-chocolates-elaborados-con-aove","7":"product_cat-dulces-saludables-con-aove-y-mieles","9":"first","10":"instock","11":"taxable","12":"shipping-taxable","13":"purchasable","14":"product-type-variable"},"yoast_head":"<!-- This site is optimized with the Yoast SEO plugin v24.1 - https:\/\/yoast.com\/wordpress\/plugins\/seo\/ -->\n<title>Chocolate Artesanal sin Az\u00facar, elaborado con Aceite de Oliva Virgen Extra - Aceite Novecientos<\/title>\n<meta name=\"robots\" content=\"index, follow, max-snippet:-1, max-image-preview:large, max-video-preview:-1\" \/>\n<link rel=\"canonical\" href=\"https:\/\/www.aceitenovecientos.com\/en\/product\/chocolate-artesanal-sin-azucar-elaborado-aceite-oliva-virgen-extra\/\" \/>\n<meta property=\"og:locale\" content=\"en_GB\" \/>\n<meta property=\"og:type\" content=\"article\" \/>\n<meta property=\"og:title\" content=\"Chocolate Artesanal sin Az\u00facar, elaborado con Aceite de Oliva Virgen Extra - Aceite Novecientos\" \/>\n<meta property=\"og:description\" content=\"Elaborado artesanal elaborado con un 70% de cacao y 5% de AOVE. Y adem\u00e1s... 0% az\u00facar. Para aquellos que busquen mantener la forma o simplemente evitar el az\u00facar,\u00a0 este es el tentempi\u00e9 m\u00e1s indicado.\u00a0 Las propiedades combinadas del cacao natural y del Aceite de Oliva Virgen Extra pueden ser muy beneficiosas en las dietas de muchos deportistas de \u00e9lite (ciclismo, nataci\u00f3n, musculaci\u00f3n, futbol..).  Sin gluten, 115g.\" \/>\n<meta property=\"og:url\" content=\"https:\/\/www.aceitenovecientos.com\/en\/product\/chocolate-artesanal-sin-azucar-elaborado-aceite-oliva-virgen-extra\/\" \/>\n<meta property=\"og:site_name\" content=\"Aceite Novecientos\" \/>\n<meta property=\"article:publisher\" content=\"https:\/\/www.facebook.com\/aceitenovecientos\/\" \/>\n<meta property=\"article:modified_time\" content=\"2023-02-07T10:28:24+00:00\" \/>\n<meta property=\"og:image\" content=\"https:\/\/www.aceitenovecientos.com\/wp-content\/uploads\/2019\/05\/sin-azucar-1-scaled.jpg\" \/>\n\t<meta property=\"og:image:width\" content=\"2560\" \/>\n\t<meta property=\"og:image:height\" content=\"1707\" \/>\n\t<meta property=\"og:image:type\" content=\"image\/jpeg\" \/>\n<meta name=\"twitter:card\" content=\"summary_large_image\" \/>\n<meta name=\"twitter:label1\" content=\"Estimated reading time\" \/>\n\t<meta name=\"twitter:data1\" content=\"2 minutes\" \/>\n<script type=\"application\/ld+json\" class=\"yoast-schema-graph\">{\"@context\":\"https:\/\/schema.org\",\"@graph\":[{\"@type\":\"WebPage\",\"@id\":\"https:\/\/www.aceitenovecientos.com\/producto\/chocolate-artesanal-sin-azucar-elaborado-aceite-oliva-virgen-extra\/\",\"url\":\"https:\/\/www.aceitenovecientos.com\/producto\/chocolate-artesanal-sin-azucar-elaborado-aceite-oliva-virgen-extra\/\",\"name\":\"Chocolate Artesanal sin Az\u00facar, elaborado con Aceite de Oliva Virgen Extra - Aceite Novecientos\",\"isPartOf\":{\"@id\":\"https:\/\/www.aceitenovecientos.com\/#website\"},\"primaryImageOfPage\":{\"@id\":\"https:\/\/www.aceitenovecientos.com\/producto\/chocolate-artesanal-sin-azucar-elaborado-aceite-oliva-virgen-extra\/#primaryimage\"},\"image\":{\"@id\":\"https:\/\/www.aceitenovecientos.com\/producto\/chocolate-artesanal-sin-azucar-elaborado-aceite-oliva-virgen-extra\/#primaryimage\"},\"thumbnailUrl\":\"https:\/\/www.aceitenovecientos.com\/wp-content\/uploads\/2019\/05\/sin-azucar-1-scaled.jpg\",\"datePublished\":\"2019-05-16T10:01:04+00:00\",\"dateModified\":\"2023-02-07T10:28:24+00:00\",\"breadcrumb\":{\"@id\":\"https:\/\/www.aceitenovecientos.com\/producto\/chocolate-artesanal-sin-azucar-elaborado-aceite-oliva-virgen-extra\/#breadcrumb\"},\"inLanguage\":\"en-GB\",\"potentialAction\":[{\"@type\":\"ReadAction\",\"target\":[\"https:\/\/www.aceitenovecientos.com\/producto\/chocolate-artesanal-sin-azucar-elaborado-aceite-oliva-virgen-extra\/\"]}]},{\"@type\":\"ImageObject\",\"inLanguage\":\"en-GB\",\"@id\":\"https:\/\/www.aceitenovecientos.com\/producto\/chocolate-artesanal-sin-azucar-elaborado-aceite-oliva-virgen-extra\/#primaryimage\",\"url\":\"https:\/\/www.aceitenovecientos.com\/wp-content\/uploads\/2019\/05\/sin-azucar-1-scaled.jpg\",\"contentUrl\":\"https:\/\/www.aceitenovecientos.com\/wp-content\/uploads\/2019\/05\/sin-azucar-1-scaled.jpg\",\"width\":2560,\"height\":1707,\"caption\":\"\u30b7\u30e5\u30ac\u30fc\u30d5\u30ea\u30fc\"},{\"@type\":\"BreadcrumbList\",\"@id\":\"https:\/\/www.aceitenovecientos.com\/producto\/chocolate-artesanal-sin-azucar-elaborado-aceite-oliva-virgen-extra\/#breadcrumb\",\"itemListElement\":[{\"@type\":\"ListItem\",\"position\":1,\"name\":\"Portada\",\"item\":\"https:\/\/www.aceitenovecientos.com\/\"},{\"@type\":\"ListItem\",\"position\":2,\"name\":\"Cat\u00e1logo\",\"item\":\"https:\/\/www.aceitenovecientos.com\/shop\/\"},{\"@type\":\"ListItem\",\"position\":3,\"name\":\"Chocolate Artesanal sin Az\u00facar, elaborado con Aceite de Oliva Virgen Extra\"}]},{\"@type\":\"WebSite\",\"@id\":\"https:\/\/www.aceitenovecientos.com\/#website\",\"url\":\"https:\/\/www.aceitenovecientos.com\/\",\"name\":\"Aceite Novecientos\",\"description\":\"Aceite de Oliva de Ja\u00e9n\",\"publisher\":{\"@id\":\"https:\/\/www.aceitenovecientos.com\/#organization\"},\"potentialAction\":[{\"@type\":\"SearchAction\",\"target\":{\"@type\":\"EntryPoint\",\"urlTemplate\":\"https:\/\/www.aceitenovecientos.com\/?s={search_term_string}\"},\"query-input\":{\"@type\":\"PropertyValueSpecification\",\"valueRequired\":true,\"valueName\":\"search_term_string\"}}],\"inLanguage\":\"en-GB\"},{\"@type\":\"Organization\",\"@id\":\"https:\/\/www.aceitenovecientos.com\/#organization\",\"name\":\"Aceite Novecientos\",\"url\":\"https:\/\/www.aceitenovecientos.com\/\",\"logo\":{\"@type\":\"ImageObject\",\"inLanguage\":\"en-GB\",\"@id\":\"https:\/\/www.aceitenovecientos.com\/#\/schema\/logo\/image\/\",\"url\":\"https:\/\/www.aceitenovecientos.com\/wp-content\/uploads\/2021\/12\/logo900-head.webp\",\"contentUrl\":\"https:\/\/www.aceitenovecientos.com\/wp-content\/uploads\/2021\/12\/logo900-head.webp\",\"width\":470,\"height\":110,\"caption\":\"Aceite Novecientos\"},\"image\":{\"@id\":\"https:\/\/www.aceitenovecientos.com\/#\/schema\/logo\/image\/\"},\"sameAs\":[\"https:\/\/www.facebook.com\/aceitenovecientos\/\"]}]}<\/script>\n<!-- \/ Yoast SEO plugin. -->","yoast_head_json":{"title":"Chocolate Artesanal sin Az\u00facar, elaborado con Aceite de Oliva Virgen Extra - Aceite Novecientos","robots":{"index":"index","follow":"follow","max-snippet":"max-snippet:-1","max-image-preview":"max-image-preview:large","max-video-preview":"max-video-preview:-1"},"canonical":"https:\/\/www.aceitenovecientos.com\/en\/product\/chocolate-artesanal-sin-azucar-elaborado-aceite-oliva-virgen-extra\/","og_locale":"en_GB","og_type":"article","og_title":"Chocolate Artesanal sin Az\u00facar, elaborado con Aceite de Oliva Virgen Extra - Aceite Novecientos","og_description":"Elaborado artesanal elaborado con un 70% de cacao y 5% de AOVE. Y adem\u00e1s... 0% az\u00facar. Para aquellos que busquen mantener la forma o simplemente evitar el az\u00facar,\u00a0 este es el tentempi\u00e9 m\u00e1s indicado.\u00a0 Las propiedades combinadas del cacao natural y del Aceite de Oliva Virgen Extra pueden ser muy beneficiosas en las dietas de muchos deportistas de \u00e9lite (ciclismo, nataci\u00f3n, musculaci\u00f3n, futbol..).  Sin gluten, 115g.","og_url":"https:\/\/www.aceitenovecientos.com\/en\/product\/chocolate-artesanal-sin-azucar-elaborado-aceite-oliva-virgen-extra\/","og_site_name":"Aceite Novecientos","article_publisher":"https:\/\/www.facebook.com\/aceitenovecientos\/","article_modified_time":"2023-02-07T10:28:24+00:00","og_image":[{"width":2560,"height":1707,"url":"https:\/\/www.aceitenovecientos.com\/wp-content\/uploads\/2019\/05\/sin-azucar-1-scaled.jpg","type":"image\/jpeg"}],"twitter_card":"summary_large_image","twitter_misc":{"Estimated reading time":"2 minutes"},"schema":{"@context":"https:\/\/schema.org","@graph":[{"@type":"WebPage","@id":"https:\/\/www.aceitenovecientos.com\/producto\/chocolate-artesanal-sin-azucar-elaborado-aceite-oliva-virgen-extra\/","url":"https:\/\/www.aceitenovecientos.com\/producto\/chocolate-artesanal-sin-azucar-elaborado-aceite-oliva-virgen-extra\/","name":"Chocolate Artesanal sin Az\u00facar, elaborado con Aceite de Oliva Virgen Extra - Aceite Novecientos","isPartOf":{"@id":"https:\/\/www.aceitenovecientos.com\/#website"},"primaryImageOfPage":{"@id":"https:\/\/www.aceitenovecientos.com\/producto\/chocolate-artesanal-sin-azucar-elaborado-aceite-oliva-virgen-extra\/#primaryimage"},"image":{"@id":"https:\/\/www.aceitenovecientos.com\/producto\/chocolate-artesanal-sin-azucar-elaborado-aceite-oliva-virgen-extra\/#primaryimage"},"thumbnailUrl":"https:\/\/www.aceitenovecientos.com\/wp-content\/uploads\/2019\/05\/sin-azucar-1-scaled.jpg","datePublished":"2019-05-16T10:01:04+00:00","dateModified":"2023-02-07T10:28:24+00:00","breadcrumb":{"@id":"https:\/\/www.aceitenovecientos.com\/producto\/chocolate-artesanal-sin-azucar-elaborado-aceite-oliva-virgen-extra\/#breadcrumb"},"inLanguage":"en-GB","potentialAction":[{"@type":"ReadAction","target":["https:\/\/www.aceitenovecientos.com\/producto\/chocolate-artesanal-sin-azucar-elaborado-aceite-oliva-virgen-extra\/"]}]},{"@type":"ImageObject","inLanguage":"en-GB","@id":"https:\/\/www.aceitenovecientos.com\/producto\/chocolate-artesanal-sin-azucar-elaborado-aceite-oliva-virgen-extra\/#primaryimage","url":"https:\/\/www.aceitenovecientos.com\/wp-content\/uploads\/2019\/05\/sin-azucar-1-scaled.jpg","contentUrl":"https:\/\/www.aceitenovecientos.com\/wp-content\/uploads\/2019\/05\/sin-azucar-1-scaled.jpg","width":2560,"height":1707,"caption":"\u30b7\u30e5\u30ac\u30fc\u30d5\u30ea\u30fc"},{"@type":"BreadcrumbList","@id":"https:\/\/www.aceitenovecientos.com\/producto\/chocolate-artesanal-sin-azucar-elaborado-aceite-oliva-virgen-extra\/#breadcrumb","itemListElement":[{"@type":"ListItem","position":1,"name":"Portada","item":"https:\/\/www.aceitenovecientos.com\/"},{"@type":"ListItem","position":2,"name":"Cat\u00e1logo","item":"https:\/\/www.aceitenovecientos.com\/shop\/"},{"@type":"ListItem","position":3,"name":"Chocolate Artesanal sin Az\u00facar, elaborado con Aceite de Oliva Virgen Extra"}]},{"@type":"WebSite","@id":"https:\/\/www.aceitenovecientos.com\/#website","url":"https:\/\/www.aceitenovecientos.com\/","name":"Aceite Novecientos","description":"Aceite de Oliva de Ja\u00e9n","publisher":{"@id":"https:\/\/www.aceitenovecientos.com\/#organization"},"potentialAction":[{"@type":"SearchAction","target":{"@type":"EntryPoint","urlTemplate":"https:\/\/www.aceitenovecientos.com\/?s={search_term_string}"},"query-input":{"@type":"PropertyValueSpecification","valueRequired":true,"valueName":"search_term_string"}}],"inLanguage":"en-GB"},{"@type":"Organization","@id":"https:\/\/www.aceitenovecientos.com\/#organization","name":"Aceite Novecientos","url":"https:\/\/www.aceitenovecientos.com\/","logo":{"@type":"ImageObject","inLanguage":"en-GB","@id":"https:\/\/www.aceitenovecientos.com\/#\/schema\/logo\/image\/","url":"https:\/\/www.aceitenovecientos.com\/wp-content\/uploads\/2021\/12\/logo900-head.webp","contentUrl":"https:\/\/www.aceitenovecientos.com\/wp-content\/uploads\/2021\/12\/logo900-head.webp","width":470,"height":110,"caption":"Aceite Novecientos"},"image":{"@id":"https:\/\/www.aceitenovecientos.com\/#\/schema\/logo\/image\/"},"sameAs":["https:\/\/www.facebook.com\/aceitenovecientos\/"]}]}},"_links":{"self":[{"href":"https:\/\/www.aceitenovecientos.com\/en\/wp-json\/wp\/v2\/product\/1986","targetHints":{"allow":["GET"]}}],"collection":[{"href":"https:\/\/www.aceitenovecientos.com\/en\/wp-json\/wp\/v2\/product"}],"about":[{"href":"https:\/\/www.aceitenovecientos.com\/en\/wp-json\/wp\/v2\/types\/product"}],"replies":[{"embeddable":true,"href":"https:\/\/www.aceitenovecientos.com\/en\/wp-json\/wp\/v2\/comments?post=1986"}],"wp:featuredmedia":[{"embeddable":true,"href":"https:\/\/www.aceitenovecientos.com\/en\/wp-json\/wp\/v2\/media\/2437"}],"wp:attachment":[{"href":"https:\/\/www.aceitenovecientos.com\/en\/wp-json\/wp\/v2\/media?parent=1986"}],"wp:term":[{"taxonomy":"product_cat","embeddable":true,"href":"https:\/\/www.aceitenovecientos.com\/en\/wp-json\/wp\/v2\/product_cat?post=1986"},{"taxonomy":"product_tag","embeddable":true,"href":"https:\/\/www.aceitenovecientos.com\/en\/wp-json\/wp\/v2\/product_tag?post=1986"}],"curies":[{"name":"wp","href":"https:\/\/api.w.org\/{rel}","templated":true}]}}