{"id":1983,"date":"2019-05-16T11:06:23","date_gmt":"2019-05-16T10:06:23","guid":{"rendered":"https:\/\/www.aceitenovecientos.com\/?post_type=product&#038;p=1983"},"modified":"2023-02-07T11:17:31","modified_gmt":"2023-02-07T10:17:31","slug":"chocolate-artesanal-jengibreelaborado-aceite-oliva-virgen-extra","status":"publish","type":"product","link":"https:\/\/www.aceitenovecientos.com\/en\/product\/chocolate-artesanal-jengibreelaborado-aceite-oliva-virgen-extra\/","title":{"rendered":"Chocolate Artesanal con Jengibre, elaborado con Aceite de Oliva Virgen Extra"},"content":{"rendered":"<p>El chocolate artesanal con jengibre elaborado con aceite de oliva virgen extra es una combinaci\u00f3n que en muy pocas ocasiones se encuentra en el mercado, por eso mismo la hace muy especial y se trata de un producto gourmet. Gracias a que este chocolate con jengibre, est\u00e1 combinado con el aceite de oliva virgen extra, podr\u00e1s estar disfrutando de un alimento mientras que te preocupas por tu salud.<\/p>\n<p><strong>BENEFICIOS DEL JENGIBRE<\/strong><\/p>\n<p>Son muy variados los beneficios que se obtienen del consumo del jengibre, aunque tambi\u00e9n es cierto que hay muchos de ellos que han sido mitificados dada la fama que ha adoptado el jengibre en el mercado.<\/p>\n<p>Pero si tenemos en cuenta todos los valores a\u00f1adidos que aporta a nuestro cuerpo, m\u00e1s los beneficios saludables que nos aporta el aceite de oliva virgen extra, debemos tener en cuenta que estamos consumiendo un alimento que a pesar de ser un dulce, tiene grandes propiedades para nuestro cuerpo. Que nos permite poder disfrutar de \u00e9l m\u00e1s a menudo en los postres o las meriendas para endulzar nuestro d\u00eda.<\/p>\n<p>Algunos de los beneficios m\u00e1s importantes del jengibre que se ven potenciados con la uni\u00f3n del cacao y el aceite de oliva virgen extra son los siguientes:<\/p>\n<ul>\n<li>Facilita el proceso digestivo debido a que es una fuente de fibra.<\/li>\n<li>Si eres una persona que sufre migra\u00f1as muy a menudo, el chocolate con jengibre te permitir\u00e1 reducirlas considerablemente.<\/li>\n<li>Es un estimulante de las hormonas que ayudan a que nuestro estado de \u00e1nimo sea m\u00e1s positivo, entre ellas la serotonina. Por ello, se considera un antidepresivo y nos ayuda a mantener controlado el estr\u00e9s que padecemos d\u00eda tras d\u00eda.<\/li>\n<li>Es un remedio natural perfecto para eliminar el mareo o las sensaciones de nauseas.<\/li>\n<li>Ayudar\u00e1 a reducir las enfermedades cardiovasculares, gracias al aumento del flujo de sangre que produce.<strong>M\u00c1S IFORMACI\u00d3N SOBRE CHOCOLATE CON JENGIBRE 900:<\/strong><strong>Ingredientes:<\/strong> Pasta de cacao, az\u00facar, jengibre (jengibre, az\u00facar de ca\u00f1a y conservador: di\u00f3xido de azufre) manteca de cacao, aceite de oliva virgen extra. Emulgente: lecitina de soja, aroma natural de vainilla.Puede contener trazas de leche.<strong>INFORMACION NUTRICIONAL<\/strong>Valores medidos por 100g\n<ul>\n<li>energ\u00e9tico: 1987 KJ\/475 Kcal<\/li>\n<li>Grasas: 30 g<\/li>\n<li>Grasas saturadas: 15.5 g<\/li>\n<li>Hidratos de Carbono: 39.6 g<\/li>\n<li>Az\u00facares: 36.1 g<\/li>\n<li>Fibra: 12.6 g<\/li>\n<li>Prote\u00ednas: 5.3 g<\/li>\n<li>Sal: 0.01 g<\/li>\n<\/ul>\n<\/li>\n<\/ul>","protected":false},"excerpt":{"rendered":"<p>Chocolate artesano elaborado con 5% AOVE, 65% cacao y jengibre. Excelente contraste entre el dulzor del chocolate y la intensidad del AOVE y del jengibre. D\u00e9jate sorprender por este excelente y peculiar sabor que te har\u00e1 descubrir la forma m\u00e1s sabrosa de consumir dos superalimentos al mismo tiempo: dos Aceite de Oliva y el jengibre.<\/p>\n<p>Sin gluten, peso neto 115g.<\/p>","protected":false},"featured_media":2371,"comment_status":"open","ping_status":"closed","template":"","meta":[],"product_cat":[271,269],"product_tag":[],"class_list":{"0":"post-1983","1":"product","2":"type-product","3":"status-publish","4":"has-post-thumbnail","6":"product_cat-chocolates-elaborados-con-aove","7":"product_cat-dulces-saludables-con-aove-y-mieles","9":"first","10":"instock","11":"taxable","12":"shipping-taxable","13":"purchasable","14":"product-type-variable"},"yoast_head":"<!-- This site is optimized with the Yoast SEO plugin v24.1 - https:\/\/yoast.com\/wordpress\/plugins\/seo\/ -->\n<title>Chocolate Artesanal con Jengibre, elaborado con Aceite de Oliva Virgen Extra - Aceite Novecientos<\/title>\n<meta name=\"robots\" content=\"index, follow, max-snippet:-1, max-image-preview:large, max-video-preview:-1\" \/>\n<link rel=\"canonical\" href=\"https:\/\/www.aceitenovecientos.com\/en\/product\/chocolate-artesanal-jengibreelaborado-aceite-oliva-virgen-extra\/\" \/>\n<meta property=\"og:locale\" content=\"en_GB\" \/>\n<meta property=\"og:type\" content=\"article\" \/>\n<meta property=\"og:title\" content=\"Chocolate Artesanal con Jengibre, elaborado con Aceite de Oliva Virgen Extra - Aceite Novecientos\" \/>\n<meta property=\"og:description\" content=\"Chocolate artesano elaborado con 5% AOVE, 65% cacao y jengibre. Excelente contraste entre el dulzor del chocolate y la intensidad del AOVE y del jengibre. D\u00e9jate sorprender por este excelente y peculiar sabor que te har\u00e1 descubrir la forma m\u00e1s sabrosa de consumir dos superalimentos al mismo tiempo: dos Aceite de Oliva y el jengibre.  Sin gluten, peso neto 115g.\" \/>\n<meta property=\"og:url\" content=\"https:\/\/www.aceitenovecientos.com\/en\/product\/chocolate-artesanal-jengibreelaborado-aceite-oliva-virgen-extra\/\" \/>\n<meta property=\"og:site_name\" content=\"Aceite Novecientos\" \/>\n<meta property=\"article:publisher\" content=\"https:\/\/www.facebook.com\/aceitenovecientos\/\" \/>\n<meta property=\"article:modified_time\" content=\"2023-02-07T10:17:31+00:00\" \/>\n<meta property=\"og:image\" content=\"https:\/\/www.aceitenovecientos.com\/wp-content\/uploads\/2019\/05\/jengibre-scaled.jpg\" \/>\n\t<meta property=\"og:image:width\" content=\"2560\" \/>\n\t<meta property=\"og:image:height\" content=\"1707\" \/>\n\t<meta property=\"og:image:type\" content=\"image\/jpeg\" \/>\n<meta name=\"twitter:card\" content=\"summary_large_image\" \/>\n<meta name=\"twitter:label1\" content=\"Estimated reading time\" \/>\n\t<meta name=\"twitter:data1\" content=\"2 minutes\" \/>\n<script type=\"application\/ld+json\" class=\"yoast-schema-graph\">{\"@context\":\"https:\/\/schema.org\",\"@graph\":[{\"@type\":\"WebPage\",\"@id\":\"https:\/\/www.aceitenovecientos.com\/producto\/chocolate-artesanal-jengibreelaborado-aceite-oliva-virgen-extra\/\",\"url\":\"https:\/\/www.aceitenovecientos.com\/producto\/chocolate-artesanal-jengibreelaborado-aceite-oliva-virgen-extra\/\",\"name\":\"Chocolate Artesanal con Jengibre, elaborado con Aceite de Oliva Virgen Extra - Aceite Novecientos\",\"isPartOf\":{\"@id\":\"https:\/\/www.aceitenovecientos.com\/#website\"},\"primaryImageOfPage\":{\"@id\":\"https:\/\/www.aceitenovecientos.com\/producto\/chocolate-artesanal-jengibreelaborado-aceite-oliva-virgen-extra\/#primaryimage\"},\"image\":{\"@id\":\"https:\/\/www.aceitenovecientos.com\/producto\/chocolate-artesanal-jengibreelaborado-aceite-oliva-virgen-extra\/#primaryimage\"},\"thumbnailUrl\":\"https:\/\/www.aceitenovecientos.com\/wp-content\/uploads\/2019\/05\/jengibre-scaled.jpg\",\"datePublished\":\"2019-05-16T10:06:23+00:00\",\"dateModified\":\"2023-02-07T10:17:31+00:00\",\"breadcrumb\":{\"@id\":\"https:\/\/www.aceitenovecientos.com\/producto\/chocolate-artesanal-jengibreelaborado-aceite-oliva-virgen-extra\/#breadcrumb\"},\"inLanguage\":\"en-GB\",\"potentialAction\":[{\"@type\":\"ReadAction\",\"target\":[\"https:\/\/www.aceitenovecientos.com\/producto\/chocolate-artesanal-jengibreelaborado-aceite-oliva-virgen-extra\/\"]}]},{\"@type\":\"ImageObject\",\"inLanguage\":\"en-GB\",\"@id\":\"https:\/\/www.aceitenovecientos.com\/producto\/chocolate-artesanal-jengibreelaborado-aceite-oliva-virgen-extra\/#primaryimage\",\"url\":\"https:\/\/www.aceitenovecientos.com\/wp-content\/uploads\/2019\/05\/jengibre-scaled.jpg\",\"contentUrl\":\"https:\/\/www.aceitenovecientos.com\/wp-content\/uploads\/2019\/05\/jengibre-scaled.jpg\",\"width\":2560,\"height\":1707,\"caption\":\"EVOO chocolate with ginger\"},{\"@type\":\"BreadcrumbList\",\"@id\":\"https:\/\/www.aceitenovecientos.com\/producto\/chocolate-artesanal-jengibreelaborado-aceite-oliva-virgen-extra\/#breadcrumb\",\"itemListElement\":[{\"@type\":\"ListItem\",\"position\":1,\"name\":\"Portada\",\"item\":\"https:\/\/www.aceitenovecientos.com\/\"},{\"@type\":\"ListItem\",\"position\":2,\"name\":\"Cat\u00e1logo\",\"item\":\"https:\/\/www.aceitenovecientos.com\/shop\/\"},{\"@type\":\"ListItem\",\"position\":3,\"name\":\"Chocolate Artesanal con Jengibre, elaborado con Aceite de Oliva Virgen Extra\"}]},{\"@type\":\"WebSite\",\"@id\":\"https:\/\/www.aceitenovecientos.com\/#website\",\"url\":\"https:\/\/www.aceitenovecientos.com\/\",\"name\":\"Aceite Novecientos\",\"description\":\"Aceite de Oliva de Ja\u00e9n\",\"publisher\":{\"@id\":\"https:\/\/www.aceitenovecientos.com\/#organization\"},\"potentialAction\":[{\"@type\":\"SearchAction\",\"target\":{\"@type\":\"EntryPoint\",\"urlTemplate\":\"https:\/\/www.aceitenovecientos.com\/?s={search_term_string}\"},\"query-input\":{\"@type\":\"PropertyValueSpecification\",\"valueRequired\":true,\"valueName\":\"search_term_string\"}}],\"inLanguage\":\"en-GB\"},{\"@type\":\"Organization\",\"@id\":\"https:\/\/www.aceitenovecientos.com\/#organization\",\"name\":\"Aceite Novecientos\",\"url\":\"https:\/\/www.aceitenovecientos.com\/\",\"logo\":{\"@type\":\"ImageObject\",\"inLanguage\":\"en-GB\",\"@id\":\"https:\/\/www.aceitenovecientos.com\/#\/schema\/logo\/image\/\",\"url\":\"https:\/\/www.aceitenovecientos.com\/wp-content\/uploads\/2021\/12\/logo900-head.webp\",\"contentUrl\":\"https:\/\/www.aceitenovecientos.com\/wp-content\/uploads\/2021\/12\/logo900-head.webp\",\"width\":470,\"height\":110,\"caption\":\"Aceite Novecientos\"},\"image\":{\"@id\":\"https:\/\/www.aceitenovecientos.com\/#\/schema\/logo\/image\/\"},\"sameAs\":[\"https:\/\/www.facebook.com\/aceitenovecientos\/\"]}]}<\/script>\n<!-- \/ Yoast SEO plugin. -->","yoast_head_json":{"title":"Chocolate Artesanal con Jengibre, elaborado con Aceite de Oliva Virgen Extra - Aceite Novecientos","robots":{"index":"index","follow":"follow","max-snippet":"max-snippet:-1","max-image-preview":"max-image-preview:large","max-video-preview":"max-video-preview:-1"},"canonical":"https:\/\/www.aceitenovecientos.com\/en\/product\/chocolate-artesanal-jengibreelaborado-aceite-oliva-virgen-extra\/","og_locale":"en_GB","og_type":"article","og_title":"Chocolate Artesanal con Jengibre, elaborado con Aceite de Oliva Virgen Extra - Aceite Novecientos","og_description":"Chocolate artesano elaborado con 5% AOVE, 65% cacao y jengibre. Excelente contraste entre el dulzor del chocolate y la intensidad del AOVE y del jengibre. D\u00e9jate sorprender por este excelente y peculiar sabor que te har\u00e1 descubrir la forma m\u00e1s sabrosa de consumir dos superalimentos al mismo tiempo: dos Aceite de Oliva y el jengibre.  Sin gluten, peso neto 115g.","og_url":"https:\/\/www.aceitenovecientos.com\/en\/product\/chocolate-artesanal-jengibreelaborado-aceite-oliva-virgen-extra\/","og_site_name":"Aceite Novecientos","article_publisher":"https:\/\/www.facebook.com\/aceitenovecientos\/","article_modified_time":"2023-02-07T10:17:31+00:00","og_image":[{"width":2560,"height":1707,"url":"https:\/\/www.aceitenovecientos.com\/wp-content\/uploads\/2019\/05\/jengibre-scaled.jpg","type":"image\/jpeg"}],"twitter_card":"summary_large_image","twitter_misc":{"Estimated reading time":"2 minutes"},"schema":{"@context":"https:\/\/schema.org","@graph":[{"@type":"WebPage","@id":"https:\/\/www.aceitenovecientos.com\/producto\/chocolate-artesanal-jengibreelaborado-aceite-oliva-virgen-extra\/","url":"https:\/\/www.aceitenovecientos.com\/producto\/chocolate-artesanal-jengibreelaborado-aceite-oliva-virgen-extra\/","name":"Chocolate Artesanal con Jengibre, elaborado con Aceite de Oliva Virgen Extra - Aceite Novecientos","isPartOf":{"@id":"https:\/\/www.aceitenovecientos.com\/#website"},"primaryImageOfPage":{"@id":"https:\/\/www.aceitenovecientos.com\/producto\/chocolate-artesanal-jengibreelaborado-aceite-oliva-virgen-extra\/#primaryimage"},"image":{"@id":"https:\/\/www.aceitenovecientos.com\/producto\/chocolate-artesanal-jengibreelaborado-aceite-oliva-virgen-extra\/#primaryimage"},"thumbnailUrl":"https:\/\/www.aceitenovecientos.com\/wp-content\/uploads\/2019\/05\/jengibre-scaled.jpg","datePublished":"2019-05-16T10:06:23+00:00","dateModified":"2023-02-07T10:17:31+00:00","breadcrumb":{"@id":"https:\/\/www.aceitenovecientos.com\/producto\/chocolate-artesanal-jengibreelaborado-aceite-oliva-virgen-extra\/#breadcrumb"},"inLanguage":"en-GB","potentialAction":[{"@type":"ReadAction","target":["https:\/\/www.aceitenovecientos.com\/producto\/chocolate-artesanal-jengibreelaborado-aceite-oliva-virgen-extra\/"]}]},{"@type":"ImageObject","inLanguage":"en-GB","@id":"https:\/\/www.aceitenovecientos.com\/producto\/chocolate-artesanal-jengibreelaborado-aceite-oliva-virgen-extra\/#primaryimage","url":"https:\/\/www.aceitenovecientos.com\/wp-content\/uploads\/2019\/05\/jengibre-scaled.jpg","contentUrl":"https:\/\/www.aceitenovecientos.com\/wp-content\/uploads\/2019\/05\/jengibre-scaled.jpg","width":2560,"height":1707,"caption":"EVOO chocolate with ginger"},{"@type":"BreadcrumbList","@id":"https:\/\/www.aceitenovecientos.com\/producto\/chocolate-artesanal-jengibreelaborado-aceite-oliva-virgen-extra\/#breadcrumb","itemListElement":[{"@type":"ListItem","position":1,"name":"Portada","item":"https:\/\/www.aceitenovecientos.com\/"},{"@type":"ListItem","position":2,"name":"Cat\u00e1logo","item":"https:\/\/www.aceitenovecientos.com\/shop\/"},{"@type":"ListItem","position":3,"name":"Chocolate Artesanal con Jengibre, elaborado con Aceite de Oliva Virgen Extra"}]},{"@type":"WebSite","@id":"https:\/\/www.aceitenovecientos.com\/#website","url":"https:\/\/www.aceitenovecientos.com\/","name":"Aceite Novecientos","description":"Aceite de Oliva de Ja\u00e9n","publisher":{"@id":"https:\/\/www.aceitenovecientos.com\/#organization"},"potentialAction":[{"@type":"SearchAction","target":{"@type":"EntryPoint","urlTemplate":"https:\/\/www.aceitenovecientos.com\/?s={search_term_string}"},"query-input":{"@type":"PropertyValueSpecification","valueRequired":true,"valueName":"search_term_string"}}],"inLanguage":"en-GB"},{"@type":"Organization","@id":"https:\/\/www.aceitenovecientos.com\/#organization","name":"Aceite Novecientos","url":"https:\/\/www.aceitenovecientos.com\/","logo":{"@type":"ImageObject","inLanguage":"en-GB","@id":"https:\/\/www.aceitenovecientos.com\/#\/schema\/logo\/image\/","url":"https:\/\/www.aceitenovecientos.com\/wp-content\/uploads\/2021\/12\/logo900-head.webp","contentUrl":"https:\/\/www.aceitenovecientos.com\/wp-content\/uploads\/2021\/12\/logo900-head.webp","width":470,"height":110,"caption":"Aceite Novecientos"},"image":{"@id":"https:\/\/www.aceitenovecientos.com\/#\/schema\/logo\/image\/"},"sameAs":["https:\/\/www.facebook.com\/aceitenovecientos\/"]}]}},"_links":{"self":[{"href":"https:\/\/www.aceitenovecientos.com\/en\/wp-json\/wp\/v2\/product\/1983","targetHints":{"allow":["GET"]}}],"collection":[{"href":"https:\/\/www.aceitenovecientos.com\/en\/wp-json\/wp\/v2\/product"}],"about":[{"href":"https:\/\/www.aceitenovecientos.com\/en\/wp-json\/wp\/v2\/types\/product"}],"replies":[{"embeddable":true,"href":"https:\/\/www.aceitenovecientos.com\/en\/wp-json\/wp\/v2\/comments?post=1983"}],"wp:featuredmedia":[{"embeddable":true,"href":"https:\/\/www.aceitenovecientos.com\/en\/wp-json\/wp\/v2\/media\/2371"}],"wp:attachment":[{"href":"https:\/\/www.aceitenovecientos.com\/en\/wp-json\/wp\/v2\/media?parent=1983"}],"wp:term":[{"taxonomy":"product_cat","embeddable":true,"href":"https:\/\/www.aceitenovecientos.com\/en\/wp-json\/wp\/v2\/product_cat?post=1983"},{"taxonomy":"product_tag","embeddable":true,"href":"https:\/\/www.aceitenovecientos.com\/en\/wp-json\/wp\/v2\/product_tag?post=1983"}],"curies":[{"name":"wp","href":"https:\/\/api.w.org\/{rel}","templated":true}]}}