{"id":1980,"date":"2019-05-16T11:03:59","date_gmt":"2019-05-16T10:03:59","guid":{"rendered":"https:\/\/www.aceitenovecientos.com\/?post_type=product&#038;p=1980"},"modified":"2023-02-07T11:24:57","modified_gmt":"2023-02-07T10:24:57","slug":"chocolate-artesanal-leche-elaborado-aceite-oliva-virgen-extra","status":"publish","type":"product","link":"https:\/\/www.aceitenovecientos.com\/en\/product\/chocolate-artesanal-leche-elaborado-aceite-oliva-virgen-extra\/","title":{"rendered":"Chocolate Artesanal con Leche, elaborado con Aceite de Oliva Virgen Extra"},"content":{"rendered":"<p>Con el chocolate con leche elaborado con aceite de oliva virgen extra disfrutar\u00e1s de la incre\u00edble mezcla del sabor dulce del chocolate, con el toque del aceite de oliva virgen extra, que le aportar\u00e1 ese valor a\u00f1adido para conseguir un delicioso producto gourmet.<\/p>\n<p>Adem\u00e1s, la elaboraci\u00f3n de forma artesanal de este chocolate con leche elaborado con aceite de oliva virgen extra hace que, aunque no deje de ser un dulce con el componente de az\u00facar que ello conlleva, se utilizan grasas vegetales que no eliminan las propiedades beneficiosas que tiene el cacao. Como ocurre con los chocolates industriales, los cuales tienen entre sus ingredientes mucha mayor cantidad de az\u00facares y grasas saturadas, que cacao y que, por tanto, son m\u00e1s perjudiciales para la salud.<\/p>\n<p><strong>POSTRES CON CHOCOLATE CON LECHE<\/strong><\/p>\n<p>De por s\u00ed, el chocolate con leche artesanal puede ser el postre o la merienda perfecta. Sin embargo, tambi\u00e9n podr\u00e1s usarlo como un ingrediente m\u00e1s para elaborar otros postres. Y con \u00e9l conseguir\u00e1s un toque de calidad y sabor gourmet adicional, para dejar a tus comensales totalmente impresionados.<\/p>\n<p>Los postres que te proponemos para hacer con chocolate son:<\/p>\n<ul>\n<li>El coulant de chocolate cuya receta es muy sencilla y te permitir\u00e1 disfrutar plenamente del sabor tan exquisito de este chocolate fundido.<\/li>\n<li>El brownie de chocolate con el que no s\u00f3lo disfrutar\u00e1s por su sabor, sino que gracias a la sencillez y rapidez de su receta podr\u00e1s elaborar el postre perfecto, para una situaci\u00f3n o compromiso inesperado.<\/li>\n<li>Unas galletas para las que, combinando el chocolate con leche con diversos frutos como los ar\u00e1ndanos, las frambuesas o cualquier otro permiten obtener un postre, aunque simple, con un sabor especial y diferente<\/li>\n<\/ul>\n<p>Con estas sugerencias y muchas m\u00e1s podr\u00e1s sacarle el m\u00e1ximo partido a tu chocolate con leche elaborado con aceite de oliva virgen extra.<\/p>\n<p><strong>M\u00c1S IFORMACI\u00d3N SOBRE CHOCOLATE CON LECHE 900:<\/strong><\/p>\n<p><strong>Ingredientes:<\/strong> az\u00facar, manteca de cacao, leche desnatada en polvo, pasta de cacao, lactosuero en polvo, aceite de oliva virgen extra. Materia grasa l\u00e1ctea anhidra, leche entera en polvo Emulgente: lecitina de soja, aroma natural de vainilla.<\/p>\n<p>Puede contener trazas de leche.<\/p>\n<p><strong>INFORMACION NUTRICIONAL<\/strong><\/p>\n<p>Valores medidos por 100g<\/p>\n<ul>\n<li>energ\u00e9tico: 2322 KJ\/555 Kcal<\/li>\n<li>Grasas: 34.7 g<\/li>\n<li>Grasas saturadas: 18.7 g<\/li>\n<li>Hidratos de Carbono: 51.5 g<\/li>\n<li>Az\u00facares: 51.5 g<\/li>\n<li>Fibra: 0.76 g<\/li>\n<li>Prote\u00ednas: 8.8 g<\/li>\n<li>Sal: 0.1 g<\/li>\n<\/ul>","protected":false},"excerpt":{"rendered":"<p>Chocolate artesanal elaborado con leche, cacao y el mejor Aceite de Oliva Virgen Extra de nuestras fincas. Disfruta del chocolate m\u00e1s sabroso y dulce de nuestra gama, que te dejar\u00e1 con ganas de repetir una y otra&#8230; \u00a1y otra vez!<\/p>\n<p>Sin gluten, 115g.<\/p>","protected":false},"featured_media":2375,"comment_status":"open","ping_status":"closed","template":"","meta":[],"product_cat":[271,269],"product_tag":[],"class_list":{"0":"post-1980","1":"product","2":"type-product","3":"status-publish","4":"has-post-thumbnail","6":"product_cat-chocolates-elaborados-con-aove","7":"product_cat-dulces-saludables-con-aove-y-mieles","9":"first","10":"instock","11":"taxable","12":"shipping-taxable","13":"purchasable","14":"product-type-variable"},"yoast_head":"<!-- This site is optimized with the Yoast SEO plugin v24.1 - https:\/\/yoast.com\/wordpress\/plugins\/seo\/ -->\n<title>Chocolate Artesanal con Leche, elaborado con Aceite de Oliva Virgen Extra - Aceite Novecientos<\/title>\n<meta name=\"robots\" content=\"index, follow, max-snippet:-1, max-image-preview:large, max-video-preview:-1\" \/>\n<link rel=\"canonical\" href=\"https:\/\/www.aceitenovecientos.com\/en\/product\/chocolate-artesanal-leche-elaborado-aceite-oliva-virgen-extra\/\" \/>\n<meta property=\"og:locale\" content=\"en_GB\" \/>\n<meta property=\"og:type\" content=\"article\" \/>\n<meta property=\"og:title\" content=\"Chocolate Artesanal con Leche, elaborado con Aceite de Oliva Virgen Extra - Aceite Novecientos\" \/>\n<meta property=\"og:description\" content=\"Chocolate artesanal elaborado con leche, cacao y el mejor Aceite de Oliva Virgen Extra de nuestras fincas. Disfruta del chocolate m\u00e1s sabroso y dulce de nuestra gama, que te dejar\u00e1 con ganas de repetir una y otra... \u00a1y otra vez!  Sin gluten, 115g.\" \/>\n<meta property=\"og:url\" content=\"https:\/\/www.aceitenovecientos.com\/en\/product\/chocolate-artesanal-leche-elaborado-aceite-oliva-virgen-extra\/\" \/>\n<meta property=\"og:site_name\" content=\"Aceite Novecientos\" \/>\n<meta property=\"article:publisher\" content=\"https:\/\/www.facebook.com\/aceitenovecientos\/\" \/>\n<meta property=\"article:modified_time\" content=\"2023-02-07T10:24:57+00:00\" \/>\n<meta property=\"og:image\" content=\"https:\/\/www.aceitenovecientos.com\/wp-content\/uploads\/2019\/05\/leche-scaled.jpg\" \/>\n\t<meta property=\"og:image:width\" content=\"2560\" \/>\n\t<meta property=\"og:image:height\" content=\"1707\" \/>\n\t<meta property=\"og:image:type\" content=\"image\/jpeg\" \/>\n<meta name=\"twitter:card\" content=\"summary_large_image\" \/>\n<meta name=\"twitter:label1\" content=\"Estimated reading time\" \/>\n\t<meta name=\"twitter:data1\" content=\"2 minutes\" \/>\n<script type=\"application\/ld+json\" class=\"yoast-schema-graph\">{\"@context\":\"https:\/\/schema.org\",\"@graph\":[{\"@type\":\"WebPage\",\"@id\":\"https:\/\/www.aceitenovecientos.com\/producto\/chocolate-artesanal-leche-elaborado-aceite-oliva-virgen-extra\/\",\"url\":\"https:\/\/www.aceitenovecientos.com\/producto\/chocolate-artesanal-leche-elaborado-aceite-oliva-virgen-extra\/\",\"name\":\"Chocolate Artesanal con Leche, elaborado con Aceite de Oliva Virgen Extra - Aceite Novecientos\",\"isPartOf\":{\"@id\":\"https:\/\/www.aceitenovecientos.com\/#website\"},\"primaryImageOfPage\":{\"@id\":\"https:\/\/www.aceitenovecientos.com\/producto\/chocolate-artesanal-leche-elaborado-aceite-oliva-virgen-extra\/#primaryimage\"},\"image\":{\"@id\":\"https:\/\/www.aceitenovecientos.com\/producto\/chocolate-artesanal-leche-elaborado-aceite-oliva-virgen-extra\/#primaryimage\"},\"thumbnailUrl\":\"https:\/\/www.aceitenovecientos.com\/wp-content\/uploads\/2019\/05\/leche-scaled.jpg\",\"datePublished\":\"2019-05-16T10:03:59+00:00\",\"dateModified\":\"2023-02-07T10:24:57+00:00\",\"breadcrumb\":{\"@id\":\"https:\/\/www.aceitenovecientos.com\/producto\/chocolate-artesanal-leche-elaborado-aceite-oliva-virgen-extra\/#breadcrumb\"},\"inLanguage\":\"en-GB\",\"potentialAction\":[{\"@type\":\"ReadAction\",\"target\":[\"https:\/\/www.aceitenovecientos.com\/producto\/chocolate-artesanal-leche-elaborado-aceite-oliva-virgen-extra\/\"]}]},{\"@type\":\"ImageObject\",\"inLanguage\":\"en-GB\",\"@id\":\"https:\/\/www.aceitenovecientos.com\/producto\/chocolate-artesanal-leche-elaborado-aceite-oliva-virgen-extra\/#primaryimage\",\"url\":\"https:\/\/www.aceitenovecientos.com\/wp-content\/uploads\/2019\/05\/leche-scaled.jpg\",\"contentUrl\":\"https:\/\/www.aceitenovecientos.com\/wp-content\/uploads\/2019\/05\/leche-scaled.jpg\",\"width\":2560,\"height\":1707,\"caption\":\"chocolate artesanal\"},{\"@type\":\"BreadcrumbList\",\"@id\":\"https:\/\/www.aceitenovecientos.com\/producto\/chocolate-artesanal-leche-elaborado-aceite-oliva-virgen-extra\/#breadcrumb\",\"itemListElement\":[{\"@type\":\"ListItem\",\"position\":1,\"name\":\"Portada\",\"item\":\"https:\/\/www.aceitenovecientos.com\/\"},{\"@type\":\"ListItem\",\"position\":2,\"name\":\"Cat\u00e1logo\",\"item\":\"https:\/\/www.aceitenovecientos.com\/shop\/\"},{\"@type\":\"ListItem\",\"position\":3,\"name\":\"Chocolate Artesanal con Leche, elaborado con Aceite de Oliva Virgen Extra\"}]},{\"@type\":\"WebSite\",\"@id\":\"https:\/\/www.aceitenovecientos.com\/#website\",\"url\":\"https:\/\/www.aceitenovecientos.com\/\",\"name\":\"Aceite Novecientos\",\"description\":\"Aceite de Oliva de Ja\u00e9n\",\"publisher\":{\"@id\":\"https:\/\/www.aceitenovecientos.com\/#organization\"},\"potentialAction\":[{\"@type\":\"SearchAction\",\"target\":{\"@type\":\"EntryPoint\",\"urlTemplate\":\"https:\/\/www.aceitenovecientos.com\/?s={search_term_string}\"},\"query-input\":{\"@type\":\"PropertyValueSpecification\",\"valueRequired\":true,\"valueName\":\"search_term_string\"}}],\"inLanguage\":\"en-GB\"},{\"@type\":\"Organization\",\"@id\":\"https:\/\/www.aceitenovecientos.com\/#organization\",\"name\":\"Aceite Novecientos\",\"url\":\"https:\/\/www.aceitenovecientos.com\/\",\"logo\":{\"@type\":\"ImageObject\",\"inLanguage\":\"en-GB\",\"@id\":\"https:\/\/www.aceitenovecientos.com\/#\/schema\/logo\/image\/\",\"url\":\"https:\/\/www.aceitenovecientos.com\/wp-content\/uploads\/2021\/12\/logo900-head.webp\",\"contentUrl\":\"https:\/\/www.aceitenovecientos.com\/wp-content\/uploads\/2021\/12\/logo900-head.webp\",\"width\":470,\"height\":110,\"caption\":\"Aceite Novecientos\"},\"image\":{\"@id\":\"https:\/\/www.aceitenovecientos.com\/#\/schema\/logo\/image\/\"},\"sameAs\":[\"https:\/\/www.facebook.com\/aceitenovecientos\/\"]}]}<\/script>\n<!-- \/ Yoast SEO plugin. -->","yoast_head_json":{"title":"Chocolate Artesanal con Leche, elaborado con Aceite de Oliva Virgen Extra - Aceite Novecientos","robots":{"index":"index","follow":"follow","max-snippet":"max-snippet:-1","max-image-preview":"max-image-preview:large","max-video-preview":"max-video-preview:-1"},"canonical":"https:\/\/www.aceitenovecientos.com\/en\/product\/chocolate-artesanal-leche-elaborado-aceite-oliva-virgen-extra\/","og_locale":"en_GB","og_type":"article","og_title":"Chocolate Artesanal con Leche, elaborado con Aceite de Oliva Virgen Extra - Aceite Novecientos","og_description":"Chocolate artesanal elaborado con leche, cacao y el mejor Aceite de Oliva Virgen Extra de nuestras fincas. Disfruta del chocolate m\u00e1s sabroso y dulce de nuestra gama, que te dejar\u00e1 con ganas de repetir una y otra... \u00a1y otra vez!  Sin gluten, 115g.","og_url":"https:\/\/www.aceitenovecientos.com\/en\/product\/chocolate-artesanal-leche-elaborado-aceite-oliva-virgen-extra\/","og_site_name":"Aceite Novecientos","article_publisher":"https:\/\/www.facebook.com\/aceitenovecientos\/","article_modified_time":"2023-02-07T10:24:57+00:00","og_image":[{"width":2560,"height":1707,"url":"https:\/\/www.aceitenovecientos.com\/wp-content\/uploads\/2019\/05\/leche-scaled.jpg","type":"image\/jpeg"}],"twitter_card":"summary_large_image","twitter_misc":{"Estimated reading time":"2 minutes"},"schema":{"@context":"https:\/\/schema.org","@graph":[{"@type":"WebPage","@id":"https:\/\/www.aceitenovecientos.com\/producto\/chocolate-artesanal-leche-elaborado-aceite-oliva-virgen-extra\/","url":"https:\/\/www.aceitenovecientos.com\/producto\/chocolate-artesanal-leche-elaborado-aceite-oliva-virgen-extra\/","name":"Chocolate Artesanal con Leche, elaborado con Aceite de Oliva Virgen Extra - Aceite Novecientos","isPartOf":{"@id":"https:\/\/www.aceitenovecientos.com\/#website"},"primaryImageOfPage":{"@id":"https:\/\/www.aceitenovecientos.com\/producto\/chocolate-artesanal-leche-elaborado-aceite-oliva-virgen-extra\/#primaryimage"},"image":{"@id":"https:\/\/www.aceitenovecientos.com\/producto\/chocolate-artesanal-leche-elaborado-aceite-oliva-virgen-extra\/#primaryimage"},"thumbnailUrl":"https:\/\/www.aceitenovecientos.com\/wp-content\/uploads\/2019\/05\/leche-scaled.jpg","datePublished":"2019-05-16T10:03:59+00:00","dateModified":"2023-02-07T10:24:57+00:00","breadcrumb":{"@id":"https:\/\/www.aceitenovecientos.com\/producto\/chocolate-artesanal-leche-elaborado-aceite-oliva-virgen-extra\/#breadcrumb"},"inLanguage":"en-GB","potentialAction":[{"@type":"ReadAction","target":["https:\/\/www.aceitenovecientos.com\/producto\/chocolate-artesanal-leche-elaborado-aceite-oliva-virgen-extra\/"]}]},{"@type":"ImageObject","inLanguage":"en-GB","@id":"https:\/\/www.aceitenovecientos.com\/producto\/chocolate-artesanal-leche-elaborado-aceite-oliva-virgen-extra\/#primaryimage","url":"https:\/\/www.aceitenovecientos.com\/wp-content\/uploads\/2019\/05\/leche-scaled.jpg","contentUrl":"https:\/\/www.aceitenovecientos.com\/wp-content\/uploads\/2019\/05\/leche-scaled.jpg","width":2560,"height":1707,"caption":"chocolate artesanal"},{"@type":"BreadcrumbList","@id":"https:\/\/www.aceitenovecientos.com\/producto\/chocolate-artesanal-leche-elaborado-aceite-oliva-virgen-extra\/#breadcrumb","itemListElement":[{"@type":"ListItem","position":1,"name":"Portada","item":"https:\/\/www.aceitenovecientos.com\/"},{"@type":"ListItem","position":2,"name":"Cat\u00e1logo","item":"https:\/\/www.aceitenovecientos.com\/shop\/"},{"@type":"ListItem","position":3,"name":"Chocolate Artesanal con Leche, elaborado con Aceite de Oliva Virgen Extra"}]},{"@type":"WebSite","@id":"https:\/\/www.aceitenovecientos.com\/#website","url":"https:\/\/www.aceitenovecientos.com\/","name":"Aceite Novecientos","description":"Aceite de Oliva de Ja\u00e9n","publisher":{"@id":"https:\/\/www.aceitenovecientos.com\/#organization"},"potentialAction":[{"@type":"SearchAction","target":{"@type":"EntryPoint","urlTemplate":"https:\/\/www.aceitenovecientos.com\/?s={search_term_string}"},"query-input":{"@type":"PropertyValueSpecification","valueRequired":true,"valueName":"search_term_string"}}],"inLanguage":"en-GB"},{"@type":"Organization","@id":"https:\/\/www.aceitenovecientos.com\/#organization","name":"Aceite Novecientos","url":"https:\/\/www.aceitenovecientos.com\/","logo":{"@type":"ImageObject","inLanguage":"en-GB","@id":"https:\/\/www.aceitenovecientos.com\/#\/schema\/logo\/image\/","url":"https:\/\/www.aceitenovecientos.com\/wp-content\/uploads\/2021\/12\/logo900-head.webp","contentUrl":"https:\/\/www.aceitenovecientos.com\/wp-content\/uploads\/2021\/12\/logo900-head.webp","width":470,"height":110,"caption":"Aceite Novecientos"},"image":{"@id":"https:\/\/www.aceitenovecientos.com\/#\/schema\/logo\/image\/"},"sameAs":["https:\/\/www.facebook.com\/aceitenovecientos\/"]}]}},"_links":{"self":[{"href":"https:\/\/www.aceitenovecientos.com\/en\/wp-json\/wp\/v2\/product\/1980","targetHints":{"allow":["GET"]}}],"collection":[{"href":"https:\/\/www.aceitenovecientos.com\/en\/wp-json\/wp\/v2\/product"}],"about":[{"href":"https:\/\/www.aceitenovecientos.com\/en\/wp-json\/wp\/v2\/types\/product"}],"replies":[{"embeddable":true,"href":"https:\/\/www.aceitenovecientos.com\/en\/wp-json\/wp\/v2\/comments?post=1980"}],"wp:featuredmedia":[{"embeddable":true,"href":"https:\/\/www.aceitenovecientos.com\/en\/wp-json\/wp\/v2\/media\/2375"}],"wp:attachment":[{"href":"https:\/\/www.aceitenovecientos.com\/en\/wp-json\/wp\/v2\/media?parent=1980"}],"wp:term":[{"taxonomy":"product_cat","embeddable":true,"href":"https:\/\/www.aceitenovecientos.com\/en\/wp-json\/wp\/v2\/product_cat?post=1980"},{"taxonomy":"product_tag","embeddable":true,"href":"https:\/\/www.aceitenovecientos.com\/en\/wp-json\/wp\/v2\/product_tag?post=1980"}],"curies":[{"name":"wp","href":"https:\/\/api.w.org\/{rel}","templated":true}]}}