{"id":1977,"date":"2019-05-16T11:05:12","date_gmt":"2019-05-16T10:05:12","guid":{"rendered":"https:\/\/www.aceitenovecientos.com\/?post_type=product&#038;p=1977"},"modified":"2023-02-07T11:21:34","modified_gmt":"2023-02-07T10:21:34","slug":"chocolate-artesanal-naranja-elaborado-aceite-oliva-virgen-extra","status":"publish","type":"product","link":"https:\/\/www.aceitenovecientos.com\/en\/product\/chocolate-artesanal-naranja-elaborado-aceite-oliva-virgen-extra\/","title":{"rendered":"Chocolate Artesanal con Naranja, elaborado con Aceite de Oliva Virgen Extra"},"content":{"rendered":"<p>El chocolate artesanal con naranja elaborado con aceite de oliva virgen extra puede resultar una mezcla un tanto diferente y sorprendente en un comienzo. Sin embargo, la combinaci\u00f3n del chocolate con naranja y aceite de oliva virgen extra puede ser el compa\u00f1ero perfecto para aquellos que les gusta la mezcla de sabores tan diferentes e intensos como son el c\u00edtrico de la naranja y el toque amargo del chocolate.<\/p>\n<p>Sorprende a los paladares mas exquisitos con nuestro chocolate artesanal\u00a0 Novecientos relleno de naranja, sin olvidarnos del aporte saludable que le da el aceite de oliva virgen extra.<\/p>\n<p><strong>POSIBLES RECETAS DE COCINA CON CHOCOLATE CON NARANJA:<br \/>\n<\/strong><\/p>\n<p>La existencia de una gran variedad de combinaciones de sabores con el chocolate, supone una gran ventaja para los amantes del chocolate, no s\u00f3lo por la posibilidad de disfrutar de tabletas con sabores muy diferentes, entre los cuales, cualquier puede encontrar el que busca. Sino tambi\u00e9n por el abanico de posibilidades que se abre en la elaboraci\u00f3n de recetas de cocina. Concretamente en la elaboraci\u00f3n de dulces.<\/p>\n<p>Esto significa que por ejemplo en este caso, con el chocolate con naranja podr\u00e1s elaborar recetas muy b\u00e1sicas como un bizcocho, unas magdalenas, un brownie o incluso una mousse tengan un toque especial. Pasando as\u00ed de ser un postre com\u00fan que estamos m\u00e1s acostumbrados a consumir, a ser un postre con un sabor gourmet y m\u00e1s diferente.<\/p>\n<p>Uno de los mejores usos en lo que a reposter\u00eda se refiere que se le puede dar a nuestro chocolate artesanal con naranja elaborado con aceite de oliva, es el de usarlo como cobertura para una gran variedad de tartas o biscochos. De esta manera, se a\u00f1adir\u00e1 un sabor adicional que complementa el interior del postre.<\/p>\n<p>Sin duda un producto que se convertir\u00e1 en indispensable en las cocinas de los mas golosos.<\/p>\n<p><strong>M\u00c1S IFORMACI\u00d3N SOBRE CHOCOLATE RELLEO DE NARANJA 900:<\/strong><\/p>\n<p><strong>Ingredientes:<\/strong> pasta de cacao, az\u00facar, manteca de cacao, aceite de oliva virgen extra. Emulgente: lecitina de soja, aroma natural de vainilla, cacao.<\/p>\n<p>Relleno: leche, az\u00facar, naranja, manteca de cacao, aceite de oliva virgen extra, materia grasa l\u00e1ctea anhidra, pectina, lim\u00f3n, aroma<\/p>\n<p>Puede contener trazas de leche.<\/p>\n<p><strong>INFORMACION NUTRICIONAL<\/strong><\/p>\n<p>Valores medidos por 100g<\/p>\n<ul>\n<li>energ\u00e9tico: 2100 KJ\/502 Kcal<\/li>\n<li>Grasas: 29.7 g<\/li>\n<li>Grasas saturadas: 15.9 g<\/li>\n<li>Hidratos de Carbono: 48.2 g<\/li>\n<li>Az\u00facares: 45.5 g<\/li>\n<li>Fibra: 10.7 g<\/li>\n<li>Prote\u00ednas: 5.2 g<\/li>\n<li>Sal: 0.09 g<\/li>\n<\/ul>","protected":false},"excerpt":{"rendered":"<p>Chocolate elaborado a mano con el mejor AOVE (5%), cacao\u00a0 y naranja. El dulzor del chocolate contrastado con la intensidad y el frescor de un c\u00edtrico como es la naranja har\u00e1n hacerte repetir una y otra vez. Salud, sabor y dulzor sin igual.<\/p>\n<p>Sin gluten, 115g.<\/p>","protected":false},"featured_media":2373,"comment_status":"open","ping_status":"closed","template":"","meta":[],"product_cat":[271,269],"product_tag":[],"class_list":{"0":"post-1977","1":"product","2":"type-product","3":"status-publish","4":"has-post-thumbnail","6":"product_cat-chocolates-elaborados-con-aove","7":"product_cat-dulces-saludables-con-aove-y-mieles","9":"first","10":"instock","11":"taxable","12":"shipping-taxable","13":"purchasable","14":"product-type-variable"},"yoast_head":"<!-- This site is optimized with the Yoast SEO plugin v24.1 - https:\/\/yoast.com\/wordpress\/plugins\/seo\/ -->\n<title>Chocolate Artesanal con Naranja, elaborado con Aceite de Oliva Virgen Extra - Aceite Novecientos<\/title>\n<meta name=\"robots\" content=\"index, follow, max-snippet:-1, max-image-preview:large, max-video-preview:-1\" \/>\n<link rel=\"canonical\" href=\"https:\/\/www.aceitenovecientos.com\/en\/product\/chocolate-artesanal-naranja-elaborado-aceite-oliva-virgen-extra\/\" \/>\n<meta property=\"og:locale\" content=\"en_GB\" \/>\n<meta property=\"og:type\" content=\"article\" \/>\n<meta property=\"og:title\" content=\"Chocolate Artesanal con Naranja, elaborado con Aceite de Oliva Virgen Extra - Aceite Novecientos\" \/>\n<meta property=\"og:description\" content=\"Chocolate elaborado a mano con el mejor AOVE (5%), cacao\u00a0 y naranja. El dulzor del chocolate contrastado con la intensidad y el frescor de un c\u00edtrico como es la naranja har\u00e1n hacerte repetir una y otra vez. Salud, sabor y dulzor sin igual.  Sin gluten, 115g.\" \/>\n<meta property=\"og:url\" content=\"https:\/\/www.aceitenovecientos.com\/en\/product\/chocolate-artesanal-naranja-elaborado-aceite-oliva-virgen-extra\/\" \/>\n<meta property=\"og:site_name\" content=\"Aceite Novecientos\" \/>\n<meta property=\"article:publisher\" content=\"https:\/\/www.facebook.com\/aceitenovecientos\/\" \/>\n<meta property=\"article:modified_time\" content=\"2023-02-07T10:21:34+00:00\" \/>\n<meta property=\"og:image\" content=\"https:\/\/www.aceitenovecientos.com\/wp-content\/uploads\/2019\/05\/naranja-scaled.jpg\" \/>\n\t<meta property=\"og:image:width\" content=\"2560\" \/>\n\t<meta property=\"og:image:height\" content=\"1707\" \/>\n\t<meta property=\"og:image:type\" content=\"image\/jpeg\" \/>\n<meta name=\"twitter:card\" content=\"summary_large_image\" \/>\n<meta name=\"twitter:label1\" content=\"Estimated reading time\" \/>\n\t<meta name=\"twitter:data1\" content=\"2 minutes\" \/>\n<script type=\"application\/ld+json\" class=\"yoast-schema-graph\">{\"@context\":\"https:\/\/schema.org\",\"@graph\":[{\"@type\":\"WebPage\",\"@id\":\"https:\/\/www.aceitenovecientos.com\/producto\/chocolate-artesanal-naranja-elaborado-aceite-oliva-virgen-extra\/\",\"url\":\"https:\/\/www.aceitenovecientos.com\/producto\/chocolate-artesanal-naranja-elaborado-aceite-oliva-virgen-extra\/\",\"name\":\"Chocolate Artesanal con Naranja, elaborado con Aceite de Oliva Virgen Extra - Aceite Novecientos\",\"isPartOf\":{\"@id\":\"https:\/\/www.aceitenovecientos.com\/#website\"},\"primaryImageOfPage\":{\"@id\":\"https:\/\/www.aceitenovecientos.com\/producto\/chocolate-artesanal-naranja-elaborado-aceite-oliva-virgen-extra\/#primaryimage\"},\"image\":{\"@id\":\"https:\/\/www.aceitenovecientos.com\/producto\/chocolate-artesanal-naranja-elaborado-aceite-oliva-virgen-extra\/#primaryimage\"},\"thumbnailUrl\":\"https:\/\/www.aceitenovecientos.com\/wp-content\/uploads\/2019\/05\/naranja-scaled.jpg\",\"datePublished\":\"2019-05-16T10:05:12+00:00\",\"dateModified\":\"2023-02-07T10:21:34+00:00\",\"breadcrumb\":{\"@id\":\"https:\/\/www.aceitenovecientos.com\/producto\/chocolate-artesanal-naranja-elaborado-aceite-oliva-virgen-extra\/#breadcrumb\"},\"inLanguage\":\"en-GB\",\"potentialAction\":[{\"@type\":\"ReadAction\",\"target\":[\"https:\/\/www.aceitenovecientos.com\/producto\/chocolate-artesanal-naranja-elaborado-aceite-oliva-virgen-extra\/\"]}]},{\"@type\":\"ImageObject\",\"inLanguage\":\"en-GB\",\"@id\":\"https:\/\/www.aceitenovecientos.com\/producto\/chocolate-artesanal-naranja-elaborado-aceite-oliva-virgen-extra\/#primaryimage\",\"url\":\"https:\/\/www.aceitenovecientos.com\/wp-content\/uploads\/2019\/05\/naranja-scaled.jpg\",\"contentUrl\":\"https:\/\/www.aceitenovecientos.com\/wp-content\/uploads\/2019\/05\/naranja-scaled.jpg\",\"width\":2560,\"height\":1707,\"caption\":\"\u30aa\u30ec\u30f3\u30b8\u5165\u308a\u30c1\u30e7\u30b3\u30ec\u30fc\u30c8\"},{\"@type\":\"BreadcrumbList\",\"@id\":\"https:\/\/www.aceitenovecientos.com\/producto\/chocolate-artesanal-naranja-elaborado-aceite-oliva-virgen-extra\/#breadcrumb\",\"itemListElement\":[{\"@type\":\"ListItem\",\"position\":1,\"name\":\"Portada\",\"item\":\"https:\/\/www.aceitenovecientos.com\/\"},{\"@type\":\"ListItem\",\"position\":2,\"name\":\"Cat\u00e1logo\",\"item\":\"https:\/\/www.aceitenovecientos.com\/shop\/\"},{\"@type\":\"ListItem\",\"position\":3,\"name\":\"Chocolate Artesanal con Naranja, elaborado con Aceite de Oliva Virgen Extra\"}]},{\"@type\":\"WebSite\",\"@id\":\"https:\/\/www.aceitenovecientos.com\/#website\",\"url\":\"https:\/\/www.aceitenovecientos.com\/\",\"name\":\"Aceite Novecientos\",\"description\":\"Aceite de Oliva de Ja\u00e9n\",\"publisher\":{\"@id\":\"https:\/\/www.aceitenovecientos.com\/#organization\"},\"potentialAction\":[{\"@type\":\"SearchAction\",\"target\":{\"@type\":\"EntryPoint\",\"urlTemplate\":\"https:\/\/www.aceitenovecientos.com\/?s={search_term_string}\"},\"query-input\":{\"@type\":\"PropertyValueSpecification\",\"valueRequired\":true,\"valueName\":\"search_term_string\"}}],\"inLanguage\":\"en-GB\"},{\"@type\":\"Organization\",\"@id\":\"https:\/\/www.aceitenovecientos.com\/#organization\",\"name\":\"Aceite Novecientos\",\"url\":\"https:\/\/www.aceitenovecientos.com\/\",\"logo\":{\"@type\":\"ImageObject\",\"inLanguage\":\"en-GB\",\"@id\":\"https:\/\/www.aceitenovecientos.com\/#\/schema\/logo\/image\/\",\"url\":\"https:\/\/www.aceitenovecientos.com\/wp-content\/uploads\/2021\/12\/logo900-head.webp\",\"contentUrl\":\"https:\/\/www.aceitenovecientos.com\/wp-content\/uploads\/2021\/12\/logo900-head.webp\",\"width\":470,\"height\":110,\"caption\":\"Aceite Novecientos\"},\"image\":{\"@id\":\"https:\/\/www.aceitenovecientos.com\/#\/schema\/logo\/image\/\"},\"sameAs\":[\"https:\/\/www.facebook.com\/aceitenovecientos\/\"]}]}<\/script>\n<!-- \/ Yoast SEO plugin. -->","yoast_head_json":{"title":"Chocolate Artesanal con Naranja, elaborado con Aceite de Oliva Virgen Extra - Aceite Novecientos","robots":{"index":"index","follow":"follow","max-snippet":"max-snippet:-1","max-image-preview":"max-image-preview:large","max-video-preview":"max-video-preview:-1"},"canonical":"https:\/\/www.aceitenovecientos.com\/en\/product\/chocolate-artesanal-naranja-elaborado-aceite-oliva-virgen-extra\/","og_locale":"en_GB","og_type":"article","og_title":"Chocolate Artesanal con Naranja, elaborado con Aceite de Oliva Virgen Extra - Aceite Novecientos","og_description":"Chocolate elaborado a mano con el mejor AOVE (5%), cacao\u00a0 y naranja. El dulzor del chocolate contrastado con la intensidad y el frescor de un c\u00edtrico como es la naranja har\u00e1n hacerte repetir una y otra vez. Salud, sabor y dulzor sin igual.  Sin gluten, 115g.","og_url":"https:\/\/www.aceitenovecientos.com\/en\/product\/chocolate-artesanal-naranja-elaborado-aceite-oliva-virgen-extra\/","og_site_name":"Aceite Novecientos","article_publisher":"https:\/\/www.facebook.com\/aceitenovecientos\/","article_modified_time":"2023-02-07T10:21:34+00:00","og_image":[{"width":2560,"height":1707,"url":"https:\/\/www.aceitenovecientos.com\/wp-content\/uploads\/2019\/05\/naranja-scaled.jpg","type":"image\/jpeg"}],"twitter_card":"summary_large_image","twitter_misc":{"Estimated reading time":"2 minutes"},"schema":{"@context":"https:\/\/schema.org","@graph":[{"@type":"WebPage","@id":"https:\/\/www.aceitenovecientos.com\/producto\/chocolate-artesanal-naranja-elaborado-aceite-oliva-virgen-extra\/","url":"https:\/\/www.aceitenovecientos.com\/producto\/chocolate-artesanal-naranja-elaborado-aceite-oliva-virgen-extra\/","name":"Chocolate Artesanal con Naranja, elaborado con Aceite de Oliva Virgen Extra - Aceite Novecientos","isPartOf":{"@id":"https:\/\/www.aceitenovecientos.com\/#website"},"primaryImageOfPage":{"@id":"https:\/\/www.aceitenovecientos.com\/producto\/chocolate-artesanal-naranja-elaborado-aceite-oliva-virgen-extra\/#primaryimage"},"image":{"@id":"https:\/\/www.aceitenovecientos.com\/producto\/chocolate-artesanal-naranja-elaborado-aceite-oliva-virgen-extra\/#primaryimage"},"thumbnailUrl":"https:\/\/www.aceitenovecientos.com\/wp-content\/uploads\/2019\/05\/naranja-scaled.jpg","datePublished":"2019-05-16T10:05:12+00:00","dateModified":"2023-02-07T10:21:34+00:00","breadcrumb":{"@id":"https:\/\/www.aceitenovecientos.com\/producto\/chocolate-artesanal-naranja-elaborado-aceite-oliva-virgen-extra\/#breadcrumb"},"inLanguage":"en-GB","potentialAction":[{"@type":"ReadAction","target":["https:\/\/www.aceitenovecientos.com\/producto\/chocolate-artesanal-naranja-elaborado-aceite-oliva-virgen-extra\/"]}]},{"@type":"ImageObject","inLanguage":"en-GB","@id":"https:\/\/www.aceitenovecientos.com\/producto\/chocolate-artesanal-naranja-elaborado-aceite-oliva-virgen-extra\/#primaryimage","url":"https:\/\/www.aceitenovecientos.com\/wp-content\/uploads\/2019\/05\/naranja-scaled.jpg","contentUrl":"https:\/\/www.aceitenovecientos.com\/wp-content\/uploads\/2019\/05\/naranja-scaled.jpg","width":2560,"height":1707,"caption":"\u30aa\u30ec\u30f3\u30b8\u5165\u308a\u30c1\u30e7\u30b3\u30ec\u30fc\u30c8"},{"@type":"BreadcrumbList","@id":"https:\/\/www.aceitenovecientos.com\/producto\/chocolate-artesanal-naranja-elaborado-aceite-oliva-virgen-extra\/#breadcrumb","itemListElement":[{"@type":"ListItem","position":1,"name":"Portada","item":"https:\/\/www.aceitenovecientos.com\/"},{"@type":"ListItem","position":2,"name":"Cat\u00e1logo","item":"https:\/\/www.aceitenovecientos.com\/shop\/"},{"@type":"ListItem","position":3,"name":"Chocolate Artesanal con Naranja, elaborado con Aceite de Oliva Virgen Extra"}]},{"@type":"WebSite","@id":"https:\/\/www.aceitenovecientos.com\/#website","url":"https:\/\/www.aceitenovecientos.com\/","name":"Aceite Novecientos","description":"Aceite de Oliva de Ja\u00e9n","publisher":{"@id":"https:\/\/www.aceitenovecientos.com\/#organization"},"potentialAction":[{"@type":"SearchAction","target":{"@type":"EntryPoint","urlTemplate":"https:\/\/www.aceitenovecientos.com\/?s={search_term_string}"},"query-input":{"@type":"PropertyValueSpecification","valueRequired":true,"valueName":"search_term_string"}}],"inLanguage":"en-GB"},{"@type":"Organization","@id":"https:\/\/www.aceitenovecientos.com\/#organization","name":"Aceite Novecientos","url":"https:\/\/www.aceitenovecientos.com\/","logo":{"@type":"ImageObject","inLanguage":"en-GB","@id":"https:\/\/www.aceitenovecientos.com\/#\/schema\/logo\/image\/","url":"https:\/\/www.aceitenovecientos.com\/wp-content\/uploads\/2021\/12\/logo900-head.webp","contentUrl":"https:\/\/www.aceitenovecientos.com\/wp-content\/uploads\/2021\/12\/logo900-head.webp","width":470,"height":110,"caption":"Aceite Novecientos"},"image":{"@id":"https:\/\/www.aceitenovecientos.com\/#\/schema\/logo\/image\/"},"sameAs":["https:\/\/www.facebook.com\/aceitenovecientos\/"]}]}},"_links":{"self":[{"href":"https:\/\/www.aceitenovecientos.com\/en\/wp-json\/wp\/v2\/product\/1977","targetHints":{"allow":["GET"]}}],"collection":[{"href":"https:\/\/www.aceitenovecientos.com\/en\/wp-json\/wp\/v2\/product"}],"about":[{"href":"https:\/\/www.aceitenovecientos.com\/en\/wp-json\/wp\/v2\/types\/product"}],"replies":[{"embeddable":true,"href":"https:\/\/www.aceitenovecientos.com\/en\/wp-json\/wp\/v2\/comments?post=1977"}],"wp:featuredmedia":[{"embeddable":true,"href":"https:\/\/www.aceitenovecientos.com\/en\/wp-json\/wp\/v2\/media\/2373"}],"wp:attachment":[{"href":"https:\/\/www.aceitenovecientos.com\/en\/wp-json\/wp\/v2\/media?parent=1977"}],"wp:term":[{"taxonomy":"product_cat","embeddable":true,"href":"https:\/\/www.aceitenovecientos.com\/en\/wp-json\/wp\/v2\/product_cat?post=1977"},{"taxonomy":"product_tag","embeddable":true,"href":"https:\/\/www.aceitenovecientos.com\/en\/wp-json\/wp\/v2\/product_tag?post=1977"}],"curies":[{"name":"wp","href":"https:\/\/api.w.org\/{rel}","templated":true}]}}