{"id":1968,"date":"2019-05-16T11:07:10","date_gmt":"2019-05-16T10:07:10","guid":{"rendered":"https:\/\/www.aceitenovecientos.com\/?post_type=product&#038;p=1968"},"modified":"2023-02-07T11:12:16","modified_gmt":"2023-02-07T10:12:16","slug":"chocolate-artesanal-petalos-violeta-elaborado-aceite-oliva-virgen-extra-2","status":"publish","type":"product","link":"https:\/\/www.aceitenovecientos.com\/en\/product\/chocolate-artesanal-petalos-violeta-elaborado-aceite-oliva-virgen-extra-2\/","title":{"rendered":"Chocolate Artesanal con P\u00e9talos de Violeta, elaborado con Aceite de Oliva Virgen Extra"},"content":{"rendered":"<p>El chocolate artesanal con p\u00e9talos de violeta elaborado con aceite de oliva virgen extra resulta una combinaci\u00f3n muy especial, por lo original del ingrediente que acompa\u00f1a al chocolate. Los p\u00e9talos de violeta le dan al chocolate un toque muy frutal, que combina muy bien con su dulzor. Con todo ello, se consigue un sabor totalmente nuevo y una textura crujiente, que lo convierten en un producto gourmet.<\/p>\n<p>De por s\u00ed nuestro chocolate realizado con aceite de oliva virgen extra, tiene unas caracter\u00edsticas muy especiales y diferentes.\u00a0 Nuestro chocolate de aceite de oliva virgen extra y p\u00e9talos de violeta puede resultar un postre perfecto para consumir una onza de la tableta, despu\u00e9s de comer o de acompa\u00f1amiento con el caf\u00e9 en la merienda.<\/p>\n<p>Sorprende a tus comensales un placer para el gusto, muy poco com\u00fan como es nuestro chocolate artesanal.<\/p>\n<p><strong>VENTAJAS DEL CHOCOLATE CON P\u00c9TALOS DE VIOLETA<\/strong><\/p>\n<p>Este chocolate est\u00e1 formado por un 65% de cacao, lo que significa que m\u00e1s de la mitad de su composici\u00f3n no son grasas o cualquier otro elemento que aumente su aporte cal\u00f3rico y que, por tanto, resulte m\u00e1s negativo para la salud de los consumidores. Si bien es cierto, en este sentido no significa que podamos ingerir la cantidad que nos apetezca, sino que, para consumirlo de vez en cuando, resulta un alimento m\u00e1s saludable que otros dulces que se consumen m\u00e1s asiduamente.<\/p>\n<p>Otro dato importante a tener en cuenta seria que nuestro chocolate con p\u00e9talos de violeta, que puede ser consumido por cel\u00edacos o personas intolerantes al gluten, ya que carece por completo de este ingrediente.<\/p>\n<p>Todo ello hace al chocolate Novecientos con p\u00e9talos de violeta elaborado con aceite de oliva virgen extra, un complemento perfecto para ofrecer a tus invitados una merienda diferente y de la que muchos podr\u00e1n disfrutar sin ning\u00fan problema.<\/p>\n<p><strong>M\u00c1S IFORMACI\u00d3N SOBRE CHOCOLATE CON PETALOS DE VIOLETA 900:<\/strong><\/p>\n<p><strong>Ingredientes<\/strong>: Pasta de cacao, az\u00facar, violeta (az\u00facar, flores naturales, espesante: goma ar\u00e1bica, colorantes: rojo carm\u00edn, indigotina, aroma) manteca de cacao, aceite de oliva virgen extra. Emulgente: lecitina de soja, aroma natural de vainilla.<\/p>\n<p>Puede contener trazas de leche.<\/p>\n<p><strong>INFORMACION NUTRICIONAL<\/strong><\/p>\n<p>Valores medidos por 100g<\/p>\n<ul>\n<li>energ\u00e9tico: 2213 KJ\/529 Kcal<\/li>\n<li>Grasas: 32.9 g<\/li>\n<li>Grasas saturadas: 17.6 g<\/li>\n<li>Hidratos de Carbono: 46 g<\/li>\n<li>Az\u00facares: 42.4 g<\/li>\n<li>Fibra: 14.1 g<\/li>\n<li>Prote\u00ednas: 5 g<\/li>\n<li>Sal: 0.04 g<\/li>\n<\/ul>","protected":false},"excerpt":{"rendered":"<p>El mejor chocolate artesanal elaborado con un 5% de Aceite de Oliva Virgen Extra\u00a0 de la Sierra Sur de Ja\u00e9n y con un 65% de cacao. Esta variedad con p\u00e9talos de violeta te sorprender\u00e1 por su original e incre\u00edble sabor.<\/p>\n<p>Salud y dulzor por igual.<\/p>\n<p>Sin gluten, peso 115g.<\/p>","protected":false},"featured_media":2369,"comment_status":"open","ping_status":"closed","template":"","meta":[],"product_cat":[271,269],"product_tag":[],"class_list":{"0":"post-1968","1":"product","2":"type-product","3":"status-publish","4":"has-post-thumbnail","6":"product_cat-chocolates-elaborados-con-aove","7":"product_cat-dulces-saludables-con-aove-y-mieles","9":"first","10":"instock","11":"taxable","12":"shipping-taxable","13":"purchasable","14":"product-type-variable"},"yoast_head":"<!-- This site is optimized with the Yoast SEO plugin v24.1 - https:\/\/yoast.com\/wordpress\/plugins\/seo\/ -->\n<title>Chocolate Artesanal con P\u00e9talos de Violeta, elaborado con Aceite de Oliva Virgen Extra - Aceite Novecientos<\/title>\n<meta name=\"robots\" content=\"index, follow, max-snippet:-1, max-image-preview:large, max-video-preview:-1\" \/>\n<link rel=\"canonical\" href=\"https:\/\/www.aceitenovecientos.com\/en\/product\/chocolate-artesanal-petalos-violeta-elaborado-aceite-oliva-virgen-extra-2\/\" \/>\n<meta property=\"og:locale\" content=\"en_GB\" \/>\n<meta property=\"og:type\" content=\"article\" \/>\n<meta property=\"og:title\" content=\"Chocolate Artesanal con P\u00e9talos de Violeta, elaborado con Aceite de Oliva Virgen Extra - Aceite Novecientos\" \/>\n<meta property=\"og:description\" content=\"El mejor chocolate artesanal elaborado con un 5% de Aceite de Oliva Virgen Extra\u00a0 de la Sierra Sur de Ja\u00e9n y con un 65% de cacao. Esta variedad con p\u00e9talos de violeta te sorprender\u00e1 por su original e incre\u00edble sabor.  Salud y dulzor por igual.  Sin gluten, peso 115g.\" \/>\n<meta property=\"og:url\" content=\"https:\/\/www.aceitenovecientos.com\/en\/product\/chocolate-artesanal-petalos-violeta-elaborado-aceite-oliva-virgen-extra-2\/\" \/>\n<meta property=\"og:site_name\" content=\"Aceite Novecientos\" \/>\n<meta property=\"article:publisher\" content=\"https:\/\/www.facebook.com\/aceitenovecientos\/\" \/>\n<meta property=\"article:modified_time\" content=\"2023-02-07T10:12:16+00:00\" \/>\n<meta property=\"og:image\" content=\"https:\/\/www.aceitenovecientos.com\/wp-content\/uploads\/2019\/05\/violeta-scaled.jpg\" \/>\n\t<meta property=\"og:image:width\" content=\"2560\" \/>\n\t<meta property=\"og:image:height\" content=\"1707\" \/>\n\t<meta property=\"og:image:type\" content=\"image\/jpeg\" \/>\n<meta name=\"twitter:card\" content=\"summary_large_image\" \/>\n<meta name=\"twitter:label1\" content=\"Estimated reading time\" \/>\n\t<meta name=\"twitter:data1\" content=\"2 minutes\" \/>\n<script type=\"application\/ld+json\" class=\"yoast-schema-graph\">{\"@context\":\"https:\/\/schema.org\",\"@graph\":[{\"@type\":\"WebPage\",\"@id\":\"https:\/\/www.aceitenovecientos.com\/producto\/chocolate-artesanal-petalos-violeta-elaborado-aceite-oliva-virgen-extra-2\/\",\"url\":\"https:\/\/www.aceitenovecientos.com\/producto\/chocolate-artesanal-petalos-violeta-elaborado-aceite-oliva-virgen-extra-2\/\",\"name\":\"Chocolate Artesanal con P\u00e9talos de Violeta, elaborado con Aceite de Oliva Virgen Extra - Aceite Novecientos\",\"isPartOf\":{\"@id\":\"https:\/\/www.aceitenovecientos.com\/#website\"},\"primaryImageOfPage\":{\"@id\":\"https:\/\/www.aceitenovecientos.com\/producto\/chocolate-artesanal-petalos-violeta-elaborado-aceite-oliva-virgen-extra-2\/#primaryimage\"},\"image\":{\"@id\":\"https:\/\/www.aceitenovecientos.com\/producto\/chocolate-artesanal-petalos-violeta-elaborado-aceite-oliva-virgen-extra-2\/#primaryimage\"},\"thumbnailUrl\":\"https:\/\/www.aceitenovecientos.com\/wp-content\/uploads\/2019\/05\/violeta-scaled.jpg\",\"datePublished\":\"2019-05-16T10:07:10+00:00\",\"dateModified\":\"2023-02-07T10:12:16+00:00\",\"breadcrumb\":{\"@id\":\"https:\/\/www.aceitenovecientos.com\/producto\/chocolate-artesanal-petalos-violeta-elaborado-aceite-oliva-virgen-extra-2\/#breadcrumb\"},\"inLanguage\":\"en-GB\",\"potentialAction\":[{\"@type\":\"ReadAction\",\"target\":[\"https:\/\/www.aceitenovecientos.com\/producto\/chocolate-artesanal-petalos-violeta-elaborado-aceite-oliva-virgen-extra-2\/\"]}]},{\"@type\":\"ImageObject\",\"inLanguage\":\"en-GB\",\"@id\":\"https:\/\/www.aceitenovecientos.com\/producto\/chocolate-artesanal-petalos-violeta-elaborado-aceite-oliva-virgen-extra-2\/#primaryimage\",\"url\":\"https:\/\/www.aceitenovecientos.com\/wp-content\/uploads\/2019\/05\/violeta-scaled.jpg\",\"contentUrl\":\"https:\/\/www.aceitenovecientos.com\/wp-content\/uploads\/2019\/05\/violeta-scaled.jpg\",\"width\":2560,\"height\":1707,\"caption\":\"chocolate de violeta y aceite de oliva virgen extra 900\"},{\"@type\":\"BreadcrumbList\",\"@id\":\"https:\/\/www.aceitenovecientos.com\/producto\/chocolate-artesanal-petalos-violeta-elaborado-aceite-oliva-virgen-extra-2\/#breadcrumb\",\"itemListElement\":[{\"@type\":\"ListItem\",\"position\":1,\"name\":\"Portada\",\"item\":\"https:\/\/www.aceitenovecientos.com\/\"},{\"@type\":\"ListItem\",\"position\":2,\"name\":\"Cat\u00e1logo\",\"item\":\"https:\/\/www.aceitenovecientos.com\/shop\/\"},{\"@type\":\"ListItem\",\"position\":3,\"name\":\"Chocolate Artesanal con P\u00e9talos de Violeta, elaborado con Aceite de Oliva Virgen Extra\"}]},{\"@type\":\"WebSite\",\"@id\":\"https:\/\/www.aceitenovecientos.com\/#website\",\"url\":\"https:\/\/www.aceitenovecientos.com\/\",\"name\":\"Aceite Novecientos\",\"description\":\"Aceite de Oliva de Ja\u00e9n\",\"publisher\":{\"@id\":\"https:\/\/www.aceitenovecientos.com\/#organization\"},\"potentialAction\":[{\"@type\":\"SearchAction\",\"target\":{\"@type\":\"EntryPoint\",\"urlTemplate\":\"https:\/\/www.aceitenovecientos.com\/?s={search_term_string}\"},\"query-input\":{\"@type\":\"PropertyValueSpecification\",\"valueRequired\":true,\"valueName\":\"search_term_string\"}}],\"inLanguage\":\"en-GB\"},{\"@type\":\"Organization\",\"@id\":\"https:\/\/www.aceitenovecientos.com\/#organization\",\"name\":\"Aceite Novecientos\",\"url\":\"https:\/\/www.aceitenovecientos.com\/\",\"logo\":{\"@type\":\"ImageObject\",\"inLanguage\":\"en-GB\",\"@id\":\"https:\/\/www.aceitenovecientos.com\/#\/schema\/logo\/image\/\",\"url\":\"https:\/\/www.aceitenovecientos.com\/wp-content\/uploads\/2021\/12\/logo900-head.webp\",\"contentUrl\":\"https:\/\/www.aceitenovecientos.com\/wp-content\/uploads\/2021\/12\/logo900-head.webp\",\"width\":470,\"height\":110,\"caption\":\"Aceite Novecientos\"},\"image\":{\"@id\":\"https:\/\/www.aceitenovecientos.com\/#\/schema\/logo\/image\/\"},\"sameAs\":[\"https:\/\/www.facebook.com\/aceitenovecientos\/\"]}]}<\/script>\n<!-- \/ Yoast SEO plugin. -->","yoast_head_json":{"title":"Chocolate Artesanal con P\u00e9talos de Violeta, elaborado con Aceite de Oliva Virgen Extra - Aceite Novecientos","robots":{"index":"index","follow":"follow","max-snippet":"max-snippet:-1","max-image-preview":"max-image-preview:large","max-video-preview":"max-video-preview:-1"},"canonical":"https:\/\/www.aceitenovecientos.com\/en\/product\/chocolate-artesanal-petalos-violeta-elaborado-aceite-oliva-virgen-extra-2\/","og_locale":"en_GB","og_type":"article","og_title":"Chocolate Artesanal con P\u00e9talos de Violeta, elaborado con Aceite de Oliva Virgen Extra - Aceite Novecientos","og_description":"El mejor chocolate artesanal elaborado con un 5% de Aceite de Oliva Virgen Extra\u00a0 de la Sierra Sur de Ja\u00e9n y con un 65% de cacao. Esta variedad con p\u00e9talos de violeta te sorprender\u00e1 por su original e incre\u00edble sabor.  Salud y dulzor por igual.  Sin gluten, peso 115g.","og_url":"https:\/\/www.aceitenovecientos.com\/en\/product\/chocolate-artesanal-petalos-violeta-elaborado-aceite-oliva-virgen-extra-2\/","og_site_name":"Aceite Novecientos","article_publisher":"https:\/\/www.facebook.com\/aceitenovecientos\/","article_modified_time":"2023-02-07T10:12:16+00:00","og_image":[{"width":2560,"height":1707,"url":"https:\/\/www.aceitenovecientos.com\/wp-content\/uploads\/2019\/05\/violeta-scaled.jpg","type":"image\/jpeg"}],"twitter_card":"summary_large_image","twitter_misc":{"Estimated reading time":"2 minutes"},"schema":{"@context":"https:\/\/schema.org","@graph":[{"@type":"WebPage","@id":"https:\/\/www.aceitenovecientos.com\/producto\/chocolate-artesanal-petalos-violeta-elaborado-aceite-oliva-virgen-extra-2\/","url":"https:\/\/www.aceitenovecientos.com\/producto\/chocolate-artesanal-petalos-violeta-elaborado-aceite-oliva-virgen-extra-2\/","name":"Chocolate Artesanal con P\u00e9talos de Violeta, elaborado con Aceite de Oliva Virgen Extra - Aceite Novecientos","isPartOf":{"@id":"https:\/\/www.aceitenovecientos.com\/#website"},"primaryImageOfPage":{"@id":"https:\/\/www.aceitenovecientos.com\/producto\/chocolate-artesanal-petalos-violeta-elaborado-aceite-oliva-virgen-extra-2\/#primaryimage"},"image":{"@id":"https:\/\/www.aceitenovecientos.com\/producto\/chocolate-artesanal-petalos-violeta-elaborado-aceite-oliva-virgen-extra-2\/#primaryimage"},"thumbnailUrl":"https:\/\/www.aceitenovecientos.com\/wp-content\/uploads\/2019\/05\/violeta-scaled.jpg","datePublished":"2019-05-16T10:07:10+00:00","dateModified":"2023-02-07T10:12:16+00:00","breadcrumb":{"@id":"https:\/\/www.aceitenovecientos.com\/producto\/chocolate-artesanal-petalos-violeta-elaborado-aceite-oliva-virgen-extra-2\/#breadcrumb"},"inLanguage":"en-GB","potentialAction":[{"@type":"ReadAction","target":["https:\/\/www.aceitenovecientos.com\/producto\/chocolate-artesanal-petalos-violeta-elaborado-aceite-oliva-virgen-extra-2\/"]}]},{"@type":"ImageObject","inLanguage":"en-GB","@id":"https:\/\/www.aceitenovecientos.com\/producto\/chocolate-artesanal-petalos-violeta-elaborado-aceite-oliva-virgen-extra-2\/#primaryimage","url":"https:\/\/www.aceitenovecientos.com\/wp-content\/uploads\/2019\/05\/violeta-scaled.jpg","contentUrl":"https:\/\/www.aceitenovecientos.com\/wp-content\/uploads\/2019\/05\/violeta-scaled.jpg","width":2560,"height":1707,"caption":"chocolate de violeta y aceite de oliva virgen extra 900"},{"@type":"BreadcrumbList","@id":"https:\/\/www.aceitenovecientos.com\/producto\/chocolate-artesanal-petalos-violeta-elaborado-aceite-oliva-virgen-extra-2\/#breadcrumb","itemListElement":[{"@type":"ListItem","position":1,"name":"Portada","item":"https:\/\/www.aceitenovecientos.com\/"},{"@type":"ListItem","position":2,"name":"Cat\u00e1logo","item":"https:\/\/www.aceitenovecientos.com\/shop\/"},{"@type":"ListItem","position":3,"name":"Chocolate Artesanal con P\u00e9talos de Violeta, elaborado con Aceite de Oliva Virgen Extra"}]},{"@type":"WebSite","@id":"https:\/\/www.aceitenovecientos.com\/#website","url":"https:\/\/www.aceitenovecientos.com\/","name":"Aceite Novecientos","description":"Aceite de Oliva de Ja\u00e9n","publisher":{"@id":"https:\/\/www.aceitenovecientos.com\/#organization"},"potentialAction":[{"@type":"SearchAction","target":{"@type":"EntryPoint","urlTemplate":"https:\/\/www.aceitenovecientos.com\/?s={search_term_string}"},"query-input":{"@type":"PropertyValueSpecification","valueRequired":true,"valueName":"search_term_string"}}],"inLanguage":"en-GB"},{"@type":"Organization","@id":"https:\/\/www.aceitenovecientos.com\/#organization","name":"Aceite Novecientos","url":"https:\/\/www.aceitenovecientos.com\/","logo":{"@type":"ImageObject","inLanguage":"en-GB","@id":"https:\/\/www.aceitenovecientos.com\/#\/schema\/logo\/image\/","url":"https:\/\/www.aceitenovecientos.com\/wp-content\/uploads\/2021\/12\/logo900-head.webp","contentUrl":"https:\/\/www.aceitenovecientos.com\/wp-content\/uploads\/2021\/12\/logo900-head.webp","width":470,"height":110,"caption":"Aceite Novecientos"},"image":{"@id":"https:\/\/www.aceitenovecientos.com\/#\/schema\/logo\/image\/"},"sameAs":["https:\/\/www.facebook.com\/aceitenovecientos\/"]}]}},"_links":{"self":[{"href":"https:\/\/www.aceitenovecientos.com\/en\/wp-json\/wp\/v2\/product\/1968","targetHints":{"allow":["GET"]}}],"collection":[{"href":"https:\/\/www.aceitenovecientos.com\/en\/wp-json\/wp\/v2\/product"}],"about":[{"href":"https:\/\/www.aceitenovecientos.com\/en\/wp-json\/wp\/v2\/types\/product"}],"replies":[{"embeddable":true,"href":"https:\/\/www.aceitenovecientos.com\/en\/wp-json\/wp\/v2\/comments?post=1968"}],"wp:featuredmedia":[{"embeddable":true,"href":"https:\/\/www.aceitenovecientos.com\/en\/wp-json\/wp\/v2\/media\/2369"}],"wp:attachment":[{"href":"https:\/\/www.aceitenovecientos.com\/en\/wp-json\/wp\/v2\/media?parent=1968"}],"wp:term":[{"taxonomy":"product_cat","embeddable":true,"href":"https:\/\/www.aceitenovecientos.com\/en\/wp-json\/wp\/v2\/product_cat?post=1968"},{"taxonomy":"product_tag","embeddable":true,"href":"https:\/\/www.aceitenovecientos.com\/en\/wp-json\/wp\/v2\/product_tag?post=1968"}],"curies":[{"name":"wp","href":"https:\/\/api.w.org\/{rel}","templated":true}]}}