{"id":188,"date":"2016-08-10T11:52:26","date_gmt":"2016-08-10T11:52:26","guid":{"rendered":"http:\/\/www.aceitenovecientos.com\/?post_type=product&#038;p=188"},"modified":"2023-11-07T14:48:51","modified_gmt":"2023-11-07T13:48:51","slug":"aceite-de-oliva-virgen-extra-ecologico-500-ml","status":"publish","type":"product","link":"https:\/\/www.aceitenovecientos.com\/en\/product\/aceite-de-oliva-virgen-extra-ecologico-500-ml\/","title":{"rendered":"Aceite de Oliva Virgen Extra Ecol\u00f3gico 900 ORGANIC."},"content":{"rendered":"<h2><strong>Aceite de oliva virgen extra ecol\u00f3gico<\/strong><\/h2>\n<p>El aceite de oliva virgen extra ecol\u00f3gico procede de olivos de agricultura ecol\u00f3gica. La producci\u00f3n de estos cultivos ecol\u00f3gicos est\u00e1 garantizada y certificada por CAAE (Comit\u00e9 Andaluz de Agricultura Ecol\u00f3gica). Sus caracter\u00edsticas principales son las siguientes:<\/p>\n<h3><strong>Conservaci\u00f3n del aceite ecol\u00f3gico<\/strong>:<\/h3>\n<p>Conservar en lugar fresco y seco. Preservar de la luz y del exceso de calor. El envase ideal debe ser opaco para protegerlo de la fotoxidaci\u00f3n. Mientras que si se adquiere en envase transparente, es aconsejable guardarlo dentro de un armario de cocina o trastero, as\u00ed mantendr\u00e1 todas sus propiedades durante muchos meses.<\/p>\n<h3><strong>Beneficios para la salud del aceite ecol\u00f3gico<\/strong>:<\/h3>\n<p>El aceite de oliva ecol\u00f3gico virgen extra tiene una serie de componentes altamente beneficiosos para la salud como son las grasas monoinsaturada, el \u00e1cido oleico, flavonoides, polifenoles, antioxidantes y otros nutrientes antiinflamatorios. Existen m\u00faltiples estudios publicados con las propiedades saludables del AOVE. A modo de resumen vamos a enumerar algunas de ellas:<\/p>\n<ul>\n<li>Ayuda a disminuir el riesgo de enfermedad coronaria y a reducir la presi\u00f3n arterial y los niveles de colesterol malo.<\/li>\n<li>Previene el envejecimiento prematuro y ayuda a la hidrataci\u00f3n de la piel.<\/li>\n<li>Puede ayudar a perder peso debido a la sensaci\u00f3n de saciedad que produce.<\/li>\n<li>Los componentes antiinflamatorios pueden ayudar a reducir dolores asociados a las articulaciones y m\u00fasculos.<\/li>\n<li>En un estudio publicado por la revista cient\u00edfica\u00a0Diabetes Care\u00a0se revel\u00f3 que cualquier dieta mediterr\u00e1nea que tiene aceite de oliva\u00a0es capaz de reducir los casos de diabetes tipo II hasta en un 50%.\u00a0Esto se debe a que el aceite de oliva contiene grasas saludables que podr\u00edan ayudar a regular los niveles de az\u00facar en la sangre y la producci\u00f3n de insulina.<\/li>\n<\/ul>\n<h3><strong>Aove ecol\u00f3gico, usos culinarios y maridaje<\/strong>:<\/h3>\n<p>Los ampliamente reconocidos beneficios para la salud del aceite ecol\u00f3gico de oliva virgen extra\u00a0 lo hacen id\u00f3neo como acompa\u00f1amiento y aderezo de cualquier plato de cocina ya sea sofisticado o sencillo. En crudo es acompa\u00f1ante indispensable de ensaladas de vegetales o pastas, desayunos, sopas y gazpachos fr\u00edos. En caliente crece y debido a su alta densidad no penetra en los alimentos tanto como otras grasas, haciendo que sean m\u00e1s saludables y que conserven mejor sus propiedades. Su alto contenido en \u00e1cido oleico y antioxidantes naturales lo hacen m\u00e1s estable y resistente a altas temperaturas. Es ideal para cocinar carnes, pescados, verduras, pastas y en general cualquier alimento.<\/p>\n<p><strong>Ingredientes :\u00a0<\/strong>Aceite de Oliva Virgen Extra . \u00abAceite de oliva de categor\u00eda superior obtenido directamente de aceitunadas y solo mediante procedimientos mec\u00e1nicos\u00bb<\/p>\n<p><strong>Informaci\u00f3n nutricional, contenido medio por 100gr:<\/strong><\/p>\n<p><strong>\u00a0\u00a0\u00a0\u00a0\u00a0\u00a0\u00a0\u00a0\u00a0\u00a0\u00a0\u00a0\u00a0\u00a0\u00a0 <\/strong>Valor energ\u00e9tico: 3500Kc\/900Kj<\/p>\n<p>Grasas totales: 100 g.<\/p>\n<p>Grasas saturadas: 15 g.<\/p>\n<p>Hidratos de carbono: 0 g.<\/p>\n<p>Az\u00facares: 0 g.<\/p>\n<p>Prote\u00ednas: 0 g.<\/p>\n<p>Sal: &lt;0,01 g.<\/p>","protected":false},"excerpt":{"rendered":"<p>Aceite de oliva virgen extra ecol\u00f3gico procedente de olivos de agricultura ecol\u00f3gica, obteniendo un aceite de m\u00e1xima calidad y respetando el medio ambiente y los ciclos biol\u00f3gicos del sistema agrario, mediante la reinserci\u00f3n de las especies aut\u00f3ctonas de la cubierta vegetal y facilitando la regeneraci\u00f3n de todo el ecosistema de insectos, p\u00e1jaros, reptiles y fauna de la zona,\u00a0todo ello garantizando la calidad nutritiva y sensorial del producto.<\/p>\n<p><img loading=\"lazy\" decoding=\"async\" class=\"wp-image-2076 aligncenter\" src=\"https:\/\/www.aceitenovecientos.com\/wp-content\/uploads\/2019\/06\/certificado-agricultura-ecologica.png\" alt=\"\" width=\"164\" height=\"56\" srcset=\"https:\/\/www.aceitenovecientos.com\/wp-content\/uploads\/2019\/06\/certificado-agricultura-ecologica.png 385w, https:\/\/www.aceitenovecientos.com\/wp-content\/uploads\/2019\/06\/certificado-agricultura-ecologica-300x102.png 300w, https:\/\/www.aceitenovecientos.com\/wp-content\/uploads\/2019\/06\/certificado-agricultura-ecologica-260x88.png 260w, https:\/\/www.aceitenovecientos.com\/wp-content\/uploads\/2019\/06\/certificado-agricultura-ecologica-50x17.png 50w, https:\/\/www.aceitenovecientos.com\/wp-content\/uploads\/2019\/06\/certificado-agricultura-ecologica-150x51.png 150w\" sizes=\"auto, (max-width: 164px) 100vw, 164px\" \/><\/p>\n<p>Este aceite ecol\u00f3gico destaca por su alto contenido en polifenoles, los cuales confieren al aceite de oliva ecol\u00f3gico su cualidad antioxidante, protector de enfermedades cardiovasculares y anticancer\u00edgeno, entre otros.<\/p>","protected":false},"featured_media":2277,"comment_status":"open","ping_status":"closed","template":"","meta":[],"product_cat":[8,268],"product_tag":[11,9,10,12],"class_list":{"0":"post-188","1":"product","2":"type-product","3":"status-publish","4":"has-post-thumbnail","6":"product_cat-aceite-de-oliva-virgen-extra","7":"product_cat-productos-ecologicos","8":"product_tag-aceite-de-oliva","9":"product_tag-aceite-ecologico","10":"product_tag-ecologico","11":"product_tag-virgen-extra","13":"first","14":"instock","15":"taxable","16":"shipping-taxable","17":"purchasable","18":"product-type-variable"},"yoast_head":"<!-- This site is optimized with the Yoast SEO plugin v24.1 - https:\/\/yoast.com\/wordpress\/plugins\/seo\/ -->\n<title>Aceite de Oliva Virgen Extra Ecologico. Organic 900, 500 ml - Aceite 900<\/title>\n<meta name=\"description\" content=\"Aceite de oliva virgen extra ecologico procedente de olivos de agricultura ecol\u00f3gica, obteniendo un aceite de m\u00e1xima calidad y respetando el medio ambiente.\" \/>\n<meta name=\"robots\" content=\"index, follow, max-snippet:-1, max-image-preview:large, max-video-preview:-1\" \/>\n<link rel=\"canonical\" href=\"https:\/\/www.aceitenovecientos.com\/en\/product\/aceite-de-oliva-virgen-extra-ecologico-500-ml\/\" \/>\n<meta property=\"og:locale\" content=\"en_GB\" \/>\n<meta property=\"og:type\" content=\"article\" \/>\n<meta property=\"og:title\" content=\"Aceite de Oliva Virgen Extra Ecologico. Organic 900, 500 ml - Aceite 900\" \/>\n<meta property=\"og:description\" content=\"Aceite de oliva virgen extra ecologico procedente de olivos de agricultura ecol\u00f3gica, obteniendo un aceite de m\u00e1xima calidad y respetando el medio ambiente.\" \/>\n<meta property=\"og:url\" content=\"https:\/\/www.aceitenovecientos.com\/en\/product\/aceite-de-oliva-virgen-extra-ecologico-500-ml\/\" \/>\n<meta property=\"og:site_name\" content=\"Aceite Novecientos\" \/>\n<meta property=\"article:publisher\" content=\"https:\/\/www.facebook.com\/aceitenovecientos\/\" \/>\n<meta property=\"article:modified_time\" content=\"2023-11-07T13:48:51+00:00\" \/>\n<meta property=\"og:image\" content=\"https:\/\/www.aceitenovecientos.com\/wp-content\/uploads\/2016\/08\/Organic.jpeg\" \/>\n\t<meta property=\"og:image:width\" content=\"1600\" \/>\n\t<meta property=\"og:image:height\" content=\"1600\" \/>\n\t<meta property=\"og:image:type\" content=\"image\/jpeg\" \/>\n<meta name=\"twitter:card\" content=\"summary_large_image\" \/>\n<meta name=\"twitter:label1\" content=\"Estimated reading time\" \/>\n\t<meta name=\"twitter:data1\" content=\"3 minutes\" \/>\n<script type=\"application\/ld+json\" class=\"yoast-schema-graph\">{\"@context\":\"https:\/\/schema.org\",\"@graph\":[{\"@type\":\"WebPage\",\"@id\":\"https:\/\/www.aceitenovecientos.com\/producto\/aceite-de-oliva-virgen-extra-ecologico-500-ml\/\",\"url\":\"https:\/\/www.aceitenovecientos.com\/producto\/aceite-de-oliva-virgen-extra-ecologico-500-ml\/\",\"name\":\"Aceite de Oliva Virgen Extra Ecologico. Organic 900, 500 ml - Aceite 900\",\"isPartOf\":{\"@id\":\"https:\/\/www.aceitenovecientos.com\/#website\"},\"primaryImageOfPage\":{\"@id\":\"https:\/\/www.aceitenovecientos.com\/producto\/aceite-de-oliva-virgen-extra-ecologico-500-ml\/#primaryimage\"},\"image\":{\"@id\":\"https:\/\/www.aceitenovecientos.com\/producto\/aceite-de-oliva-virgen-extra-ecologico-500-ml\/#primaryimage\"},\"thumbnailUrl\":\"https:\/\/www.aceitenovecientos.com\/wp-content\/uploads\/2016\/08\/Organic.jpeg\",\"datePublished\":\"2016-08-10T11:52:26+00:00\",\"dateModified\":\"2023-11-07T13:48:51+00:00\",\"description\":\"Aceite de oliva virgen extra ecologico procedente de olivos de agricultura ecol\u00f3gica, obteniendo un aceite de m\u00e1xima calidad y respetando el medio ambiente.\",\"breadcrumb\":{\"@id\":\"https:\/\/www.aceitenovecientos.com\/producto\/aceite-de-oliva-virgen-extra-ecologico-500-ml\/#breadcrumb\"},\"inLanguage\":\"en-GB\",\"potentialAction\":[{\"@type\":\"ReadAction\",\"target\":[\"https:\/\/www.aceitenovecientos.com\/producto\/aceite-de-oliva-virgen-extra-ecologico-500-ml\/\"]}]},{\"@type\":\"ImageObject\",\"inLanguage\":\"en-GB\",\"@id\":\"https:\/\/www.aceitenovecientos.com\/producto\/aceite-de-oliva-virgen-extra-ecologico-500-ml\/#primaryimage\",\"url\":\"https:\/\/www.aceitenovecientos.com\/wp-content\/uploads\/2016\/08\/Organic.jpeg\",\"contentUrl\":\"https:\/\/www.aceitenovecientos.com\/wp-content\/uploads\/2016\/08\/Organic.jpeg\",\"width\":1600,\"height\":1600,\"caption\":\"\u6709\u6a5f\u30a8\u30ad\u30b9\u30c8\u30e9\u30d0\u30fc\u30b8\u30f3\u30aa\u30ea\u30fc\u30d6\u30aa\u30a4\u30eb\"},{\"@type\":\"BreadcrumbList\",\"@id\":\"https:\/\/www.aceitenovecientos.com\/producto\/aceite-de-oliva-virgen-extra-ecologico-500-ml\/#breadcrumb\",\"itemListElement\":[{\"@type\":\"ListItem\",\"position\":1,\"name\":\"Portada\",\"item\":\"https:\/\/www.aceitenovecientos.com\/\"},{\"@type\":\"ListItem\",\"position\":2,\"name\":\"Cat\u00e1logo\",\"item\":\"https:\/\/www.aceitenovecientos.com\/shop\/\"},{\"@type\":\"ListItem\",\"position\":3,\"name\":\"Aceite de Oliva Virgen Extra Ecol\u00f3gico 900 ORGANIC.\"}]},{\"@type\":\"WebSite\",\"@id\":\"https:\/\/www.aceitenovecientos.com\/#website\",\"url\":\"https:\/\/www.aceitenovecientos.com\/\",\"name\":\"Aceite Novecientos\",\"description\":\"Aceite de Oliva de Ja\u00e9n\",\"publisher\":{\"@id\":\"https:\/\/www.aceitenovecientos.com\/#organization\"},\"potentialAction\":[{\"@type\":\"SearchAction\",\"target\":{\"@type\":\"EntryPoint\",\"urlTemplate\":\"https:\/\/www.aceitenovecientos.com\/?s={search_term_string}\"},\"query-input\":{\"@type\":\"PropertyValueSpecification\",\"valueRequired\":true,\"valueName\":\"search_term_string\"}}],\"inLanguage\":\"en-GB\"},{\"@type\":\"Organization\",\"@id\":\"https:\/\/www.aceitenovecientos.com\/#organization\",\"name\":\"Aceite Novecientos\",\"url\":\"https:\/\/www.aceitenovecientos.com\/\",\"logo\":{\"@type\":\"ImageObject\",\"inLanguage\":\"en-GB\",\"@id\":\"https:\/\/www.aceitenovecientos.com\/#\/schema\/logo\/image\/\",\"url\":\"https:\/\/www.aceitenovecientos.com\/wp-content\/uploads\/2021\/12\/logo900-head.webp\",\"contentUrl\":\"https:\/\/www.aceitenovecientos.com\/wp-content\/uploads\/2021\/12\/logo900-head.webp\",\"width\":470,\"height\":110,\"caption\":\"Aceite Novecientos\"},\"image\":{\"@id\":\"https:\/\/www.aceitenovecientos.com\/#\/schema\/logo\/image\/\"},\"sameAs\":[\"https:\/\/www.facebook.com\/aceitenovecientos\/\"]}]}<\/script>\n<!-- \/ Yoast SEO plugin. -->","yoast_head_json":{"title":"Aceite de Oliva Virgen Extra Ecologico. Organic 900, 500 ml - Aceite 900","description":"Aceite de oliva virgen extra ecologico procedente de olivos de agricultura ecol\u00f3gica, obteniendo un aceite de m\u00e1xima calidad y respetando el medio ambiente.","robots":{"index":"index","follow":"follow","max-snippet":"max-snippet:-1","max-image-preview":"max-image-preview:large","max-video-preview":"max-video-preview:-1"},"canonical":"https:\/\/www.aceitenovecientos.com\/en\/product\/aceite-de-oliva-virgen-extra-ecologico-500-ml\/","og_locale":"en_GB","og_type":"article","og_title":"Aceite de Oliva Virgen Extra Ecologico. Organic 900, 500 ml - Aceite 900","og_description":"Aceite de oliva virgen extra ecologico procedente de olivos de agricultura ecol\u00f3gica, obteniendo un aceite de m\u00e1xima calidad y respetando el medio ambiente.","og_url":"https:\/\/www.aceitenovecientos.com\/en\/product\/aceite-de-oliva-virgen-extra-ecologico-500-ml\/","og_site_name":"Aceite Novecientos","article_publisher":"https:\/\/www.facebook.com\/aceitenovecientos\/","article_modified_time":"2023-11-07T13:48:51+00:00","og_image":[{"width":1600,"height":1600,"url":"https:\/\/www.aceitenovecientos.com\/wp-content\/uploads\/2016\/08\/Organic.jpeg","type":"image\/jpeg"}],"twitter_card":"summary_large_image","twitter_misc":{"Estimated reading time":"3 minutes"},"schema":{"@context":"https:\/\/schema.org","@graph":[{"@type":"WebPage","@id":"https:\/\/www.aceitenovecientos.com\/producto\/aceite-de-oliva-virgen-extra-ecologico-500-ml\/","url":"https:\/\/www.aceitenovecientos.com\/producto\/aceite-de-oliva-virgen-extra-ecologico-500-ml\/","name":"Aceite de Oliva Virgen Extra Ecologico. Organic 900, 500 ml - Aceite 900","isPartOf":{"@id":"https:\/\/www.aceitenovecientos.com\/#website"},"primaryImageOfPage":{"@id":"https:\/\/www.aceitenovecientos.com\/producto\/aceite-de-oliva-virgen-extra-ecologico-500-ml\/#primaryimage"},"image":{"@id":"https:\/\/www.aceitenovecientos.com\/producto\/aceite-de-oliva-virgen-extra-ecologico-500-ml\/#primaryimage"},"thumbnailUrl":"https:\/\/www.aceitenovecientos.com\/wp-content\/uploads\/2016\/08\/Organic.jpeg","datePublished":"2016-08-10T11:52:26+00:00","dateModified":"2023-11-07T13:48:51+00:00","description":"Aceite de oliva virgen extra ecologico procedente de olivos de agricultura ecol\u00f3gica, obteniendo un aceite de m\u00e1xima calidad y respetando el medio ambiente.","breadcrumb":{"@id":"https:\/\/www.aceitenovecientos.com\/producto\/aceite-de-oliva-virgen-extra-ecologico-500-ml\/#breadcrumb"},"inLanguage":"en-GB","potentialAction":[{"@type":"ReadAction","target":["https:\/\/www.aceitenovecientos.com\/producto\/aceite-de-oliva-virgen-extra-ecologico-500-ml\/"]}]},{"@type":"ImageObject","inLanguage":"en-GB","@id":"https:\/\/www.aceitenovecientos.com\/producto\/aceite-de-oliva-virgen-extra-ecologico-500-ml\/#primaryimage","url":"https:\/\/www.aceitenovecientos.com\/wp-content\/uploads\/2016\/08\/Organic.jpeg","contentUrl":"https:\/\/www.aceitenovecientos.com\/wp-content\/uploads\/2016\/08\/Organic.jpeg","width":1600,"height":1600,"caption":"\u6709\u6a5f\u30a8\u30ad\u30b9\u30c8\u30e9\u30d0\u30fc\u30b8\u30f3\u30aa\u30ea\u30fc\u30d6\u30aa\u30a4\u30eb"},{"@type":"BreadcrumbList","@id":"https:\/\/www.aceitenovecientos.com\/producto\/aceite-de-oliva-virgen-extra-ecologico-500-ml\/#breadcrumb","itemListElement":[{"@type":"ListItem","position":1,"name":"Portada","item":"https:\/\/www.aceitenovecientos.com\/"},{"@type":"ListItem","position":2,"name":"Cat\u00e1logo","item":"https:\/\/www.aceitenovecientos.com\/shop\/"},{"@type":"ListItem","position":3,"name":"Aceite de Oliva Virgen Extra Ecol\u00f3gico 900 ORGANIC."}]},{"@type":"WebSite","@id":"https:\/\/www.aceitenovecientos.com\/#website","url":"https:\/\/www.aceitenovecientos.com\/","name":"Aceite Novecientos","description":"Aceite de Oliva de Ja\u00e9n","publisher":{"@id":"https:\/\/www.aceitenovecientos.com\/#organization"},"potentialAction":[{"@type":"SearchAction","target":{"@type":"EntryPoint","urlTemplate":"https:\/\/www.aceitenovecientos.com\/?s={search_term_string}"},"query-input":{"@type":"PropertyValueSpecification","valueRequired":true,"valueName":"search_term_string"}}],"inLanguage":"en-GB"},{"@type":"Organization","@id":"https:\/\/www.aceitenovecientos.com\/#organization","name":"Aceite Novecientos","url":"https:\/\/www.aceitenovecientos.com\/","logo":{"@type":"ImageObject","inLanguage":"en-GB","@id":"https:\/\/www.aceitenovecientos.com\/#\/schema\/logo\/image\/","url":"https:\/\/www.aceitenovecientos.com\/wp-content\/uploads\/2021\/12\/logo900-head.webp","contentUrl":"https:\/\/www.aceitenovecientos.com\/wp-content\/uploads\/2021\/12\/logo900-head.webp","width":470,"height":110,"caption":"Aceite Novecientos"},"image":{"@id":"https:\/\/www.aceitenovecientos.com\/#\/schema\/logo\/image\/"},"sameAs":["https:\/\/www.facebook.com\/aceitenovecientos\/"]}]}},"_links":{"self":[{"href":"https:\/\/www.aceitenovecientos.com\/en\/wp-json\/wp\/v2\/product\/188","targetHints":{"allow":["GET"]}}],"collection":[{"href":"https:\/\/www.aceitenovecientos.com\/en\/wp-json\/wp\/v2\/product"}],"about":[{"href":"https:\/\/www.aceitenovecientos.com\/en\/wp-json\/wp\/v2\/types\/product"}],"replies":[{"embeddable":true,"href":"https:\/\/www.aceitenovecientos.com\/en\/wp-json\/wp\/v2\/comments?post=188"}],"wp:featuredmedia":[{"embeddable":true,"href":"https:\/\/www.aceitenovecientos.com\/en\/wp-json\/wp\/v2\/media\/2277"}],"wp:attachment":[{"href":"https:\/\/www.aceitenovecientos.com\/en\/wp-json\/wp\/v2\/media?parent=188"}],"wp:term":[{"taxonomy":"product_cat","embeddable":true,"href":"https:\/\/www.aceitenovecientos.com\/en\/wp-json\/wp\/v2\/product_cat?post=188"},{"taxonomy":"product_tag","embeddable":true,"href":"https:\/\/www.aceitenovecientos.com\/en\/wp-json\/wp\/v2\/product_tag?post=188"}],"curies":[{"name":"wp","href":"https:\/\/api.w.org\/{rel}","templated":true}]}}