{"id":1854,"date":"2019-03-15T12:05:01","date_gmt":"2019-03-15T11:05:01","guid":{"rendered":"https:\/\/www.aceitenovecientos.com\/?post_type=product&#038;p=1854"},"modified":"2023-11-07T14:31:05","modified_gmt":"2023-11-07T13:31:05","slug":"monodosis-aceite-oliva-virgen-extra-10ml","status":"publish","type":"product","link":"https:\/\/www.aceitenovecientos.com\/en\/product\/monodosis-aceite-oliva-virgen-extra-10ml\/","title":{"rendered":"Monodosis de Aceite de Oliva Virgen Extra, tarrina de 10 ml."},"content":{"rendered":"<h2>Monodosis de aceite de oliva virgen extra<\/h2>\n<p>Monodosis de aceite de oliva virgen extra de 10 ml. con calidad 900 BALANCE. Tarrinas especialmente dise\u00f1adas para hosteler\u00eda y restauraci\u00f3n. Caja de 360 unidades.<\/p>\n<p>Formato ideal para llevar intacta al consumidor la calidad de los productos 900. Se trata de un c\u00f3modo envase, f\u00e1cil de utilizar y que conserva las propiedades del AOVE 900 tal y c\u00f3mo queremos que lleguen a su mesa. La monodosis de aceite de oliva virgen extra de 900 facilita la manipulaci\u00f3n del producto y aporta una sensaci\u00f3n de categor\u00eda con su cuidado dise\u00f1o.<\/p>\n<h3>Aceite de oliva para el sector HORECA<\/h3>\n<p>Las monodosis de aceite de oliva son cada d\u00edas m\u00e1s y m\u00e1s demandadas por el sector HORECA. Esto es debido a que contiene la\u00a0 dosis \u00f3ptima de producto y que su formato facilita su conservaci\u00f3n y uso. Cada vez son m\u00e1s los restaurantes, hoteles y caterings que desean ofrecer un servicio de calidad cuidando cada detalle. Es por ello, por lo que ofrecemos monodosis de aceite de oliva virgen extra de alta calidad <a href=\"\/en\/?p=1334\">900 Balance<\/a>. Se trata de un coupage de hojiblanca, picual y picudo de una gran relaci\u00f3n calidad &#8211; precio, y un AOVE vers\u00e1til para maridar con diferentes platos.<\/p>\n<h3>Aceite de oliva para llevar<\/h3>\n<p>Si buscas un plus de confort y calidad en tus comidas diarias fuera de casa, las monodosis de aceite de oliva virgen extra 900 Balance son tu mejor opci\u00f3n. Ll\u00e9vate contigo los sabores, aromas y propiedades de uno de los super alimentos m\u00e1s saludables del mercado all\u00e1 donde quieras.<\/p>\n<p><strong>Ingredientes :\u00a0<\/strong>Aceite de Oliva Virgen Extra . \u00abAceite de oliva de categor\u00eda superior obtenido directamente de aceitunadas y solo mediante procedimientos mec\u00e1nicos\u00bb<\/p>\n<p><strong>Informaci\u00f3n nutricional, contenido medio por 100gr:<\/strong><\/p>\n<p><strong>\u00a0\u00a0\u00a0\u00a0\u00a0\u00a0\u00a0\u00a0\u00a0\u00a0\u00a0\u00a0\u00a0\u00a0\u00a0 <\/strong>Valor energ\u00e9tico: 3500Kc\/900Kj<\/p>\n<p>Grasas totales: 100 g.<\/p>\n<p>Grasas saturadas: 15 g.<\/p>\n<p>Hidratos de carbono: 0 g.<\/p>\n<p>Az\u00facares: 0 g.<\/p>\n<p>Prote\u00ednas: 0 g.<\/p>\n<p>Sal: &lt;0,01 g.<\/p>\n<p>&nbsp;<\/p>","protected":false},"excerpt":{"rendered":"<p>Monodosis de aceite de oliva virgen extra Balance 900, tarrina de 15 ml.<\/p>\n<p>Aceite de oliva virgen extra de alta calidad obtenido a partir de un coupage de las variedades picual, picudo y hojiblanca. Mejor relaci\u00f3n calidad &#8211; precio y un AOVE vers\u00e1til con adaptabilidad a cada plato. Formato c\u00f3modo de usar y de un s\u00f3lo uso, ideal para llevar o para establecimientos de hosteler\u00eda o restauraci\u00f3n.<\/p>\n<p>SI ERES DEL SECTOR HOSTELER\u00cdA SOLICITA NUESTRA TARIFA EN: info@900foods.com o en el telefono 626409361.<\/p>","protected":false},"featured_media":1855,"comment_status":"open","ping_status":"closed","template":"","meta":[],"product_cat":[8],"product_tag":[],"class_list":{"0":"post-1854","1":"product","2":"type-product","3":"status-publish","4":"has-post-thumbnail","6":"product_cat-aceite-de-oliva-virgen-extra","8":"first","9":"instock","10":"taxable","11":"shipping-taxable","12":"purchasable","13":"product-type-simple"},"yoast_head":"<!-- This site is optimized with the Yoast SEO plugin v24.1 - https:\/\/yoast.com\/wordpress\/plugins\/seo\/ -->\n<title>Monodosis de aceite de oliva virgen extra 15ml. Restaurante catering hotel<\/title>\n<meta name=\"description\" content=\"Monodosis de aceite de oliva virgen extra Balance 900, 15 ml. C\u00f3modo suministro de aceite de oliva para hoteles, restaurantes, catering o para el hogar.\" \/>\n<meta name=\"robots\" content=\"index, follow, max-snippet:-1, max-image-preview:large, max-video-preview:-1\" \/>\n<link rel=\"canonical\" href=\"https:\/\/www.aceitenovecientos.com\/en\/product\/monodosis-aceite-oliva-virgen-extra-10ml\/\" \/>\n<meta property=\"og:locale\" content=\"en_GB\" \/>\n<meta property=\"og:type\" content=\"article\" \/>\n<meta property=\"og:title\" content=\"Monodosis de aceite de oliva virgen extra 15ml. Restaurante catering hotel\" \/>\n<meta property=\"og:description\" content=\"Monodosis de aceite de oliva virgen extra Balance 900, 15 ml. C\u00f3modo suministro de aceite de oliva para hoteles, restaurantes, catering o para el hogar.\" \/>\n<meta property=\"og:url\" content=\"https:\/\/www.aceitenovecientos.com\/en\/product\/monodosis-aceite-oliva-virgen-extra-10ml\/\" \/>\n<meta property=\"og:site_name\" content=\"Aceite Novecientos\" \/>\n<meta property=\"article:publisher\" content=\"https:\/\/www.facebook.com\/aceitenovecientos\/\" \/>\n<meta property=\"article:modified_time\" content=\"2023-11-07T13:31:05+00:00\" \/>\n<meta property=\"og:image\" content=\"https:\/\/www.aceitenovecientos.com\/wp-content\/uploads\/2019\/03\/monodosis-tarrina-10ml-catering.jpg\" \/>\n\t<meta property=\"og:image:width\" content=\"1293\" \/>\n\t<meta property=\"og:image:height\" content=\"1293\" \/>\n\t<meta property=\"og:image:type\" content=\"image\/jpeg\" \/>\n<meta name=\"twitter:card\" content=\"summary_large_image\" \/>\n<meta name=\"twitter:label1\" content=\"Estimated reading time\" \/>\n\t<meta name=\"twitter:data1\" content=\"2 minutes\" \/>\n<script type=\"application\/ld+json\" class=\"yoast-schema-graph\">{\"@context\":\"https:\/\/schema.org\",\"@graph\":[{\"@type\":\"WebPage\",\"@id\":\"https:\/\/www.aceitenovecientos.com\/producto\/monodosis-aceite-oliva-virgen-extra-10ml\/\",\"url\":\"https:\/\/www.aceitenovecientos.com\/producto\/monodosis-aceite-oliva-virgen-extra-10ml\/\",\"name\":\"Monodosis de aceite de oliva virgen extra 15ml. Restaurante catering hotel\",\"isPartOf\":{\"@id\":\"https:\/\/www.aceitenovecientos.com\/#website\"},\"primaryImageOfPage\":{\"@id\":\"https:\/\/www.aceitenovecientos.com\/producto\/monodosis-aceite-oliva-virgen-extra-10ml\/#primaryimage\"},\"image\":{\"@id\":\"https:\/\/www.aceitenovecientos.com\/producto\/monodosis-aceite-oliva-virgen-extra-10ml\/#primaryimage\"},\"thumbnailUrl\":\"https:\/\/www.aceitenovecientos.com\/wp-content\/uploads\/2019\/03\/monodosis-tarrina-10ml-catering.jpg\",\"datePublished\":\"2019-03-15T11:05:01+00:00\",\"dateModified\":\"2023-11-07T13:31:05+00:00\",\"description\":\"Monodosis de aceite de oliva virgen extra Balance 900, 15 ml. C\u00f3modo suministro de aceite de oliva para hoteles, restaurantes, catering o para el hogar.\",\"breadcrumb\":{\"@id\":\"https:\/\/www.aceitenovecientos.com\/producto\/monodosis-aceite-oliva-virgen-extra-10ml\/#breadcrumb\"},\"inLanguage\":\"en-GB\",\"potentialAction\":[{\"@type\":\"ReadAction\",\"target\":[\"https:\/\/www.aceitenovecientos.com\/producto\/monodosis-aceite-oliva-virgen-extra-10ml\/\"]}]},{\"@type\":\"ImageObject\",\"inLanguage\":\"en-GB\",\"@id\":\"https:\/\/www.aceitenovecientos.com\/producto\/monodosis-aceite-oliva-virgen-extra-10ml\/#primaryimage\",\"url\":\"https:\/\/www.aceitenovecientos.com\/wp-content\/uploads\/2019\/03\/monodosis-tarrina-10ml-catering.jpg\",\"contentUrl\":\"https:\/\/www.aceitenovecientos.com\/wp-content\/uploads\/2019\/03\/monodosis-tarrina-10ml-catering.jpg\",\"width\":1293,\"height\":1293,\"caption\":\"\u30a8\u30af\u30b9\u30c8\u30e9\u30d0\u30fc\u30b8\u30f3\u30aa\u30ea\u30fc\u30d6\u30aa\u30a4\u30eb\u306e\u5358\u56de\u6295\u4e0eBalance 900, tarrina de 10ml\"},{\"@type\":\"BreadcrumbList\",\"@id\":\"https:\/\/www.aceitenovecientos.com\/producto\/monodosis-aceite-oliva-virgen-extra-10ml\/#breadcrumb\",\"itemListElement\":[{\"@type\":\"ListItem\",\"position\":1,\"name\":\"Portada\",\"item\":\"https:\/\/www.aceitenovecientos.com\/\"},{\"@type\":\"ListItem\",\"position\":2,\"name\":\"Cat\u00e1logo\",\"item\":\"https:\/\/www.aceitenovecientos.com\/shop\/\"},{\"@type\":\"ListItem\",\"position\":3,\"name\":\"Monodosis de Aceite de Oliva Virgen Extra, tarrina de 10 ml.\"}]},{\"@type\":\"WebSite\",\"@id\":\"https:\/\/www.aceitenovecientos.com\/#website\",\"url\":\"https:\/\/www.aceitenovecientos.com\/\",\"name\":\"Aceite Novecientos\",\"description\":\"Aceite de Oliva de Ja\u00e9n\",\"publisher\":{\"@id\":\"https:\/\/www.aceitenovecientos.com\/#organization\"},\"potentialAction\":[{\"@type\":\"SearchAction\",\"target\":{\"@type\":\"EntryPoint\",\"urlTemplate\":\"https:\/\/www.aceitenovecientos.com\/?s={search_term_string}\"},\"query-input\":{\"@type\":\"PropertyValueSpecification\",\"valueRequired\":true,\"valueName\":\"search_term_string\"}}],\"inLanguage\":\"en-GB\"},{\"@type\":\"Organization\",\"@id\":\"https:\/\/www.aceitenovecientos.com\/#organization\",\"name\":\"Aceite Novecientos\",\"url\":\"https:\/\/www.aceitenovecientos.com\/\",\"logo\":{\"@type\":\"ImageObject\",\"inLanguage\":\"en-GB\",\"@id\":\"https:\/\/www.aceitenovecientos.com\/#\/schema\/logo\/image\/\",\"url\":\"https:\/\/www.aceitenovecientos.com\/wp-content\/uploads\/2021\/12\/logo900-head.webp\",\"contentUrl\":\"https:\/\/www.aceitenovecientos.com\/wp-content\/uploads\/2021\/12\/logo900-head.webp\",\"width\":470,\"height\":110,\"caption\":\"Aceite Novecientos\"},\"image\":{\"@id\":\"https:\/\/www.aceitenovecientos.com\/#\/schema\/logo\/image\/\"},\"sameAs\":[\"https:\/\/www.facebook.com\/aceitenovecientos\/\"]}]}<\/script>\n<!-- \/ Yoast SEO plugin. -->","yoast_head_json":{"title":"Monodosis de aceite de oliva virgen extra 15ml. Restaurante catering hotel","description":"Monodosis de aceite de oliva virgen extra Balance 900, 15 ml. C\u00f3modo suministro de aceite de oliva para hoteles, restaurantes, catering o para el hogar.","robots":{"index":"index","follow":"follow","max-snippet":"max-snippet:-1","max-image-preview":"max-image-preview:large","max-video-preview":"max-video-preview:-1"},"canonical":"https:\/\/www.aceitenovecientos.com\/en\/product\/monodosis-aceite-oliva-virgen-extra-10ml\/","og_locale":"en_GB","og_type":"article","og_title":"Monodosis de aceite de oliva virgen extra 15ml. Restaurante catering hotel","og_description":"Monodosis de aceite de oliva virgen extra Balance 900, 15 ml. C\u00f3modo suministro de aceite de oliva para hoteles, restaurantes, catering o para el hogar.","og_url":"https:\/\/www.aceitenovecientos.com\/en\/product\/monodosis-aceite-oliva-virgen-extra-10ml\/","og_site_name":"Aceite Novecientos","article_publisher":"https:\/\/www.facebook.com\/aceitenovecientos\/","article_modified_time":"2023-11-07T13:31:05+00:00","og_image":[{"width":1293,"height":1293,"url":"https:\/\/www.aceitenovecientos.com\/wp-content\/uploads\/2019\/03\/monodosis-tarrina-10ml-catering.jpg","type":"image\/jpeg"}],"twitter_card":"summary_large_image","twitter_misc":{"Estimated reading time":"2 minutes"},"schema":{"@context":"https:\/\/schema.org","@graph":[{"@type":"WebPage","@id":"https:\/\/www.aceitenovecientos.com\/producto\/monodosis-aceite-oliva-virgen-extra-10ml\/","url":"https:\/\/www.aceitenovecientos.com\/producto\/monodosis-aceite-oliva-virgen-extra-10ml\/","name":"Monodosis de aceite de oliva virgen extra 15ml. Restaurante catering hotel","isPartOf":{"@id":"https:\/\/www.aceitenovecientos.com\/#website"},"primaryImageOfPage":{"@id":"https:\/\/www.aceitenovecientos.com\/producto\/monodosis-aceite-oliva-virgen-extra-10ml\/#primaryimage"},"image":{"@id":"https:\/\/www.aceitenovecientos.com\/producto\/monodosis-aceite-oliva-virgen-extra-10ml\/#primaryimage"},"thumbnailUrl":"https:\/\/www.aceitenovecientos.com\/wp-content\/uploads\/2019\/03\/monodosis-tarrina-10ml-catering.jpg","datePublished":"2019-03-15T11:05:01+00:00","dateModified":"2023-11-07T13:31:05+00:00","description":"Monodosis de aceite de oliva virgen extra Balance 900, 15 ml. C\u00f3modo suministro de aceite de oliva para hoteles, restaurantes, catering o para el hogar.","breadcrumb":{"@id":"https:\/\/www.aceitenovecientos.com\/producto\/monodosis-aceite-oliva-virgen-extra-10ml\/#breadcrumb"},"inLanguage":"en-GB","potentialAction":[{"@type":"ReadAction","target":["https:\/\/www.aceitenovecientos.com\/producto\/monodosis-aceite-oliva-virgen-extra-10ml\/"]}]},{"@type":"ImageObject","inLanguage":"en-GB","@id":"https:\/\/www.aceitenovecientos.com\/producto\/monodosis-aceite-oliva-virgen-extra-10ml\/#primaryimage","url":"https:\/\/www.aceitenovecientos.com\/wp-content\/uploads\/2019\/03\/monodosis-tarrina-10ml-catering.jpg","contentUrl":"https:\/\/www.aceitenovecientos.com\/wp-content\/uploads\/2019\/03\/monodosis-tarrina-10ml-catering.jpg","width":1293,"height":1293,"caption":"\u30a8\u30af\u30b9\u30c8\u30e9\u30d0\u30fc\u30b8\u30f3\u30aa\u30ea\u30fc\u30d6\u30aa\u30a4\u30eb\u306e\u5358\u56de\u6295\u4e0eBalance 900, tarrina de 10ml"},{"@type":"BreadcrumbList","@id":"https:\/\/www.aceitenovecientos.com\/producto\/monodosis-aceite-oliva-virgen-extra-10ml\/#breadcrumb","itemListElement":[{"@type":"ListItem","position":1,"name":"Portada","item":"https:\/\/www.aceitenovecientos.com\/"},{"@type":"ListItem","position":2,"name":"Cat\u00e1logo","item":"https:\/\/www.aceitenovecientos.com\/shop\/"},{"@type":"ListItem","position":3,"name":"Monodosis de Aceite de Oliva Virgen Extra, tarrina de 10 ml."}]},{"@type":"WebSite","@id":"https:\/\/www.aceitenovecientos.com\/#website","url":"https:\/\/www.aceitenovecientos.com\/","name":"Aceite Novecientos","description":"Aceite de Oliva de Ja\u00e9n","publisher":{"@id":"https:\/\/www.aceitenovecientos.com\/#organization"},"potentialAction":[{"@type":"SearchAction","target":{"@type":"EntryPoint","urlTemplate":"https:\/\/www.aceitenovecientos.com\/?s={search_term_string}"},"query-input":{"@type":"PropertyValueSpecification","valueRequired":true,"valueName":"search_term_string"}}],"inLanguage":"en-GB"},{"@type":"Organization","@id":"https:\/\/www.aceitenovecientos.com\/#organization","name":"Aceite Novecientos","url":"https:\/\/www.aceitenovecientos.com\/","logo":{"@type":"ImageObject","inLanguage":"en-GB","@id":"https:\/\/www.aceitenovecientos.com\/#\/schema\/logo\/image\/","url":"https:\/\/www.aceitenovecientos.com\/wp-content\/uploads\/2021\/12\/logo900-head.webp","contentUrl":"https:\/\/www.aceitenovecientos.com\/wp-content\/uploads\/2021\/12\/logo900-head.webp","width":470,"height":110,"caption":"Aceite Novecientos"},"image":{"@id":"https:\/\/www.aceitenovecientos.com\/#\/schema\/logo\/image\/"},"sameAs":["https:\/\/www.facebook.com\/aceitenovecientos\/"]}]}},"_links":{"self":[{"href":"https:\/\/www.aceitenovecientos.com\/en\/wp-json\/wp\/v2\/product\/1854","targetHints":{"allow":["GET"]}}],"collection":[{"href":"https:\/\/www.aceitenovecientos.com\/en\/wp-json\/wp\/v2\/product"}],"about":[{"href":"https:\/\/www.aceitenovecientos.com\/en\/wp-json\/wp\/v2\/types\/product"}],"replies":[{"embeddable":true,"href":"https:\/\/www.aceitenovecientos.com\/en\/wp-json\/wp\/v2\/comments?post=1854"}],"wp:featuredmedia":[{"embeddable":true,"href":"https:\/\/www.aceitenovecientos.com\/en\/wp-json\/wp\/v2\/media\/1855"}],"wp:attachment":[{"href":"https:\/\/www.aceitenovecientos.com\/en\/wp-json\/wp\/v2\/media?parent=1854"}],"wp:term":[{"taxonomy":"product_cat","embeddable":true,"href":"https:\/\/www.aceitenovecientos.com\/en\/wp-json\/wp\/v2\/product_cat?post=1854"},{"taxonomy":"product_tag","embeddable":true,"href":"https:\/\/www.aceitenovecientos.com\/en\/wp-json\/wp\/v2\/product_tag?post=1854"}],"curies":[{"name":"wp","href":"https:\/\/api.w.org\/{rel}","templated":true}]}}