{"id":1825,"date":"2019-03-13T08:57:45","date_gmt":"2019-03-13T08:57:45","guid":{"rendered":"https:\/\/www.aceitenovecientos.com\/?post_type=product&#038;p=1825"},"modified":"2023-02-07T11:33:06","modified_gmt":"2023-02-07T10:33:06","slug":"miel-natural-mil-flores-900","status":"publish","type":"product","link":"https:\/\/www.aceitenovecientos.com\/en\/product\/miel-natural-mil-flores-900\/","title":{"rendered":"Miel Natural de Mil Flores 900"},"content":{"rendered":"<p>Miel natural obtenida por las abejas que habitan en los bellos paisajes de la sierra sur de Ja\u00e9n, a 900 de altura. Se trata de una miel natural al 100% obtenida a partir del n\u00e9ctar de diferentes flores, de las cuales se obtienen unas excelentes propiedades. Por lo general, es antimicrobiana y antis\u00e9ptica, perfecta para prevenir catarros.<\/p>\n<h2>Miel Natural de Mil Flores<\/h2>\n<p>Se trata de una miel natural al 100%, que adem\u00e1s es multifloral (compuesta por miles de flores). Lo que la hace diferente de las mieles monoflorares (en la que destaca una variedad de miel). Adem\u00e1s, suele cosecharse en mayo, cuando comienza la campa\u00f1a ap\u00edcola y que aunque depende mucho del clima, suele finalizar en septiembre. A 900 metros de altura en la Sierra Sur de Ja\u00e9n encontramos multitud de variedades florares entre chaparros y olivares. El clima y la biodiversidad del ecosistema que est\u00e1 instaurado en nuestras fincas ecol\u00f3gicas, determina en gran medida la calidad y propiedades \u00fanicas de nuestra miel natural.<\/p>\n<h3>Propiedades de la mieles naturales<\/h3>\n<p>Son muchas las propiedades que una miel natural de alta calidad puede proporcionarnos, algunas de las m\u00e1s importantes son:<\/p>\n<ul>\n<li><em><strong>Tratamiento de heridas:<\/strong> <\/em>Una propiedad curativa de las mieles naturales es su poder antibi\u00f3tico (evita la infecci\u00f3n) y emoliente (baja la inflamaci\u00f3n).<\/li>\n<li><strong>La miel suaviza y tonifica la piel<\/strong><\/li>\n<li><strong><em>Tratamientos capilares: <\/em><\/strong>Para cabellos secos, una parte de miel con tres partes de oliva generan una mascarilla hidratante excelente.<\/li>\n<li><strong><em>Remedio contra afecciones respiratorias<\/em><\/strong><\/li>\n<li><em><strong>Aplicaciones en problemas card\u00edacos:<\/strong> <\/em>su propiedad digestiva y de f\u00e1cil asimilaci\u00f3n aporta r\u00e1pidamente energ\u00eda al miocardio.<\/li>\n<li><strong><em>Afecciones del sistema digestivo:<\/em><\/strong> favorece la asimilaci\u00f3n de nutrientes y el movimiento intestinal.<\/li>\n<li><strong><em>Alteraciones del sistema nervioso: <\/em><\/strong>La miel natural se recomienda para tratar el agotamiento f\u00edsico y ps\u00edquico.<\/li>\n<li><strong><em>La miel relaja y ayuda a conciliar el sue\u00f1o:<\/em><\/strong><\/li>\n<li><strong><em>Osteoporosis, Menopausia y Fracturas \u00d3seas<\/em><\/strong><\/li>\n<li><strong><em>Remedios contra la artritis: <\/em><\/strong>Un gran remedio para los casos de artritis es la miel natural, para lo cual se mezcla una taza de agua caliente con dos cucharaditas de miel y una cucharada de canela en polvo.<\/li>\n<\/ul>\n<p><strong>M\u00e1s datos de inter\u00e9s sobre la Miel 900<\/strong><\/p>\n<p><strong>Informaci\u00f3n nutricional:<\/strong><\/p>\n<ul>\n<li>Valores nutricionales por 100 g.<\/li>\n<li>Valor energ\u00e9tico: 129kJ.\/304kcal<\/li>\n<li>Grasas: 0 g.<\/li>\n<li>Grasas saturadas: 0 g.<\/li>\n<li>Calcio: 0 g.<\/li>\n<li>Carbohidratos: 81 g.<\/li>\n<li>Azucares 81 g.<\/li>\n<li>Prote\u00ednas: 1 g.<\/li>\n<li>Sal: 0.02 g.<\/li>\n<\/ul>","protected":false},"excerpt":{"rendered":"<p>Miel natural de mil flores, 100% Natural. Elaborado por abejas a partir del nectar de las variedades t\u00edpicas de flores de la sierra sur de Ja\u00e9n. Dulzor, sabor y sobre todo salud por las grandes propiedades que esta aporta a nuestra dieta.<\/p>","protected":false},"featured_media":2029,"comment_status":"open","ping_status":"closed","template":"","meta":[],"product_cat":[269],"product_tag":[],"class_list":{"0":"post-1825","1":"product","2":"type-product","3":"status-publish","4":"has-post-thumbnail","6":"product_cat-dulces-saludables-con-aove-y-mieles","8":"first","9":"instock","10":"taxable","11":"shipping-taxable","12":"purchasable","13":"product-type-variable"},"yoast_head":"<!-- This site is optimized with the Yoast SEO plugin v24.1 - https:\/\/yoast.com\/wordpress\/plugins\/seo\/ -->\n<title>Miel Natural de Mil Flores, 100% Natural y saludable - Aceites Novecientos<\/title>\n<meta name=\"description\" content=\"Miel natural de Mil Flores, 100% Natural y saludable. Obtenida a partir del n\u00e9ctar de diferentes flores. Excelente sabor natural y propiedades saludables\" \/>\n<meta name=\"robots\" content=\"index, follow, max-snippet:-1, max-image-preview:large, max-video-preview:-1\" \/>\n<link rel=\"canonical\" href=\"https:\/\/www.aceitenovecientos.com\/en\/product\/miel-natural-mil-flores-900\/\" \/>\n<meta property=\"og:locale\" content=\"en_GB\" \/>\n<meta property=\"og:type\" content=\"article\" \/>\n<meta property=\"og:title\" content=\"Miel Natural de Mil Flores, 100% Natural y saludable - Aceites Novecientos\" \/>\n<meta property=\"og:description\" content=\"Miel natural de Mil Flores, 100% Natural y saludable. Obtenida a partir del n\u00e9ctar de diferentes flores. Excelente sabor natural y propiedades saludables\" \/>\n<meta property=\"og:url\" content=\"https:\/\/www.aceitenovecientos.com\/en\/product\/miel-natural-mil-flores-900\/\" \/>\n<meta property=\"og:site_name\" content=\"Aceite Novecientos\" \/>\n<meta property=\"article:publisher\" content=\"https:\/\/www.facebook.com\/aceitenovecientos\/\" \/>\n<meta property=\"article:modified_time\" content=\"2023-02-07T10:33:06+00:00\" \/>\n<meta property=\"og:image\" content=\"https:\/\/www.aceitenovecientos.com\/wp-content\/uploads\/2019\/05\/miel-natural-milflores-scaled.jpg\" \/>\n\t<meta property=\"og:image:width\" content=\"2560\" \/>\n\t<meta property=\"og:image:height\" content=\"1707\" \/>\n\t<meta property=\"og:image:type\" content=\"image\/jpeg\" \/>\n<meta name=\"twitter:card\" content=\"summary_large_image\" \/>\n<meta name=\"twitter:label1\" content=\"Estimated reading time\" \/>\n\t<meta name=\"twitter:data1\" content=\"2 minutes\" \/>\n<script type=\"application\/ld+json\" class=\"yoast-schema-graph\">{\"@context\":\"https:\/\/schema.org\",\"@graph\":[{\"@type\":\"WebPage\",\"@id\":\"https:\/\/www.aceitenovecientos.com\/producto\/miel-natural-mil-flores-900\/\",\"url\":\"https:\/\/www.aceitenovecientos.com\/producto\/miel-natural-mil-flores-900\/\",\"name\":\"Miel Natural de Mil Flores, 100% Natural y saludable - Aceites Novecientos\",\"isPartOf\":{\"@id\":\"https:\/\/www.aceitenovecientos.com\/#website\"},\"primaryImageOfPage\":{\"@id\":\"https:\/\/www.aceitenovecientos.com\/producto\/miel-natural-mil-flores-900\/#primaryimage\"},\"image\":{\"@id\":\"https:\/\/www.aceitenovecientos.com\/producto\/miel-natural-mil-flores-900\/#primaryimage\"},\"thumbnailUrl\":\"https:\/\/www.aceitenovecientos.com\/wp-content\/uploads\/2019\/05\/miel-natural-milflores-scaled.jpg\",\"datePublished\":\"2019-03-13T08:57:45+00:00\",\"dateModified\":\"2023-02-07T10:33:06+00:00\",\"description\":\"Miel natural de Mil Flores, 100% Natural y saludable. Obtenida a partir del n\u00e9ctar de diferentes flores. Excelente sabor natural y propiedades saludables\",\"breadcrumb\":{\"@id\":\"https:\/\/www.aceitenovecientos.com\/producto\/miel-natural-mil-flores-900\/#breadcrumb\"},\"inLanguage\":\"en-GB\",\"potentialAction\":[{\"@type\":\"ReadAction\",\"target\":[\"https:\/\/www.aceitenovecientos.com\/producto\/miel-natural-mil-flores-900\/\"]}]},{\"@type\":\"ImageObject\",\"inLanguage\":\"en-GB\",\"@id\":\"https:\/\/www.aceitenovecientos.com\/producto\/miel-natural-mil-flores-900\/#primaryimage\",\"url\":\"https:\/\/www.aceitenovecientos.com\/wp-content\/uploads\/2019\/05\/miel-natural-milflores-scaled.jpg\",\"contentUrl\":\"https:\/\/www.aceitenovecientos.com\/wp-content\/uploads\/2019\/05\/miel-natural-milflores-scaled.jpg\",\"width\":2560,\"height\":1707,\"caption\":\"Miel Natural de Milflores\"},{\"@type\":\"BreadcrumbList\",\"@id\":\"https:\/\/www.aceitenovecientos.com\/producto\/miel-natural-mil-flores-900\/#breadcrumb\",\"itemListElement\":[{\"@type\":\"ListItem\",\"position\":1,\"name\":\"Portada\",\"item\":\"https:\/\/www.aceitenovecientos.com\/\"},{\"@type\":\"ListItem\",\"position\":2,\"name\":\"Cat\u00e1logo\",\"item\":\"https:\/\/www.aceitenovecientos.com\/shop\/\"},{\"@type\":\"ListItem\",\"position\":3,\"name\":\"Miel Natural de Mil Flores 900\"}]},{\"@type\":\"WebSite\",\"@id\":\"https:\/\/www.aceitenovecientos.com\/#website\",\"url\":\"https:\/\/www.aceitenovecientos.com\/\",\"name\":\"Aceite Novecientos\",\"description\":\"Aceite de Oliva de Ja\u00e9n\",\"publisher\":{\"@id\":\"https:\/\/www.aceitenovecientos.com\/#organization\"},\"potentialAction\":[{\"@type\":\"SearchAction\",\"target\":{\"@type\":\"EntryPoint\",\"urlTemplate\":\"https:\/\/www.aceitenovecientos.com\/?s={search_term_string}\"},\"query-input\":{\"@type\":\"PropertyValueSpecification\",\"valueRequired\":true,\"valueName\":\"search_term_string\"}}],\"inLanguage\":\"en-GB\"},{\"@type\":\"Organization\",\"@id\":\"https:\/\/www.aceitenovecientos.com\/#organization\",\"name\":\"Aceite Novecientos\",\"url\":\"https:\/\/www.aceitenovecientos.com\/\",\"logo\":{\"@type\":\"ImageObject\",\"inLanguage\":\"en-GB\",\"@id\":\"https:\/\/www.aceitenovecientos.com\/#\/schema\/logo\/image\/\",\"url\":\"https:\/\/www.aceitenovecientos.com\/wp-content\/uploads\/2021\/12\/logo900-head.webp\",\"contentUrl\":\"https:\/\/www.aceitenovecientos.com\/wp-content\/uploads\/2021\/12\/logo900-head.webp\",\"width\":470,\"height\":110,\"caption\":\"Aceite Novecientos\"},\"image\":{\"@id\":\"https:\/\/www.aceitenovecientos.com\/#\/schema\/logo\/image\/\"},\"sameAs\":[\"https:\/\/www.facebook.com\/aceitenovecientos\/\"]}]}<\/script>\n<!-- \/ Yoast SEO plugin. -->","yoast_head_json":{"title":"Miel Natural de Mil Flores, 100% Natural y saludable - Aceites Novecientos","description":"Miel natural de Mil Flores, 100% Natural y saludable. Obtenida a partir del n\u00e9ctar de diferentes flores. Excelente sabor natural y propiedades saludables","robots":{"index":"index","follow":"follow","max-snippet":"max-snippet:-1","max-image-preview":"max-image-preview:large","max-video-preview":"max-video-preview:-1"},"canonical":"https:\/\/www.aceitenovecientos.com\/en\/product\/miel-natural-mil-flores-900\/","og_locale":"en_GB","og_type":"article","og_title":"Miel Natural de Mil Flores, 100% Natural y saludable - Aceites Novecientos","og_description":"Miel natural de Mil Flores, 100% Natural y saludable. Obtenida a partir del n\u00e9ctar de diferentes flores. Excelente sabor natural y propiedades saludables","og_url":"https:\/\/www.aceitenovecientos.com\/en\/product\/miel-natural-mil-flores-900\/","og_site_name":"Aceite Novecientos","article_publisher":"https:\/\/www.facebook.com\/aceitenovecientos\/","article_modified_time":"2023-02-07T10:33:06+00:00","og_image":[{"width":2560,"height":1707,"url":"https:\/\/www.aceitenovecientos.com\/wp-content\/uploads\/2019\/05\/miel-natural-milflores-scaled.jpg","type":"image\/jpeg"}],"twitter_card":"summary_large_image","twitter_misc":{"Estimated reading time":"2 minutes"},"schema":{"@context":"https:\/\/schema.org","@graph":[{"@type":"WebPage","@id":"https:\/\/www.aceitenovecientos.com\/producto\/miel-natural-mil-flores-900\/","url":"https:\/\/www.aceitenovecientos.com\/producto\/miel-natural-mil-flores-900\/","name":"Miel Natural de Mil Flores, 100% Natural y saludable - Aceites Novecientos","isPartOf":{"@id":"https:\/\/www.aceitenovecientos.com\/#website"},"primaryImageOfPage":{"@id":"https:\/\/www.aceitenovecientos.com\/producto\/miel-natural-mil-flores-900\/#primaryimage"},"image":{"@id":"https:\/\/www.aceitenovecientos.com\/producto\/miel-natural-mil-flores-900\/#primaryimage"},"thumbnailUrl":"https:\/\/www.aceitenovecientos.com\/wp-content\/uploads\/2019\/05\/miel-natural-milflores-scaled.jpg","datePublished":"2019-03-13T08:57:45+00:00","dateModified":"2023-02-07T10:33:06+00:00","description":"Miel natural de Mil Flores, 100% Natural y saludable. Obtenida a partir del n\u00e9ctar de diferentes flores. Excelente sabor natural y propiedades saludables","breadcrumb":{"@id":"https:\/\/www.aceitenovecientos.com\/producto\/miel-natural-mil-flores-900\/#breadcrumb"},"inLanguage":"en-GB","potentialAction":[{"@type":"ReadAction","target":["https:\/\/www.aceitenovecientos.com\/producto\/miel-natural-mil-flores-900\/"]}]},{"@type":"ImageObject","inLanguage":"en-GB","@id":"https:\/\/www.aceitenovecientos.com\/producto\/miel-natural-mil-flores-900\/#primaryimage","url":"https:\/\/www.aceitenovecientos.com\/wp-content\/uploads\/2019\/05\/miel-natural-milflores-scaled.jpg","contentUrl":"https:\/\/www.aceitenovecientos.com\/wp-content\/uploads\/2019\/05\/miel-natural-milflores-scaled.jpg","width":2560,"height":1707,"caption":"Miel Natural de Milflores"},{"@type":"BreadcrumbList","@id":"https:\/\/www.aceitenovecientos.com\/producto\/miel-natural-mil-flores-900\/#breadcrumb","itemListElement":[{"@type":"ListItem","position":1,"name":"Portada","item":"https:\/\/www.aceitenovecientos.com\/"},{"@type":"ListItem","position":2,"name":"Cat\u00e1logo","item":"https:\/\/www.aceitenovecientos.com\/shop\/"},{"@type":"ListItem","position":3,"name":"Miel Natural de Mil Flores 900"}]},{"@type":"WebSite","@id":"https:\/\/www.aceitenovecientos.com\/#website","url":"https:\/\/www.aceitenovecientos.com\/","name":"Aceite Novecientos","description":"Aceite de Oliva de Ja\u00e9n","publisher":{"@id":"https:\/\/www.aceitenovecientos.com\/#organization"},"potentialAction":[{"@type":"SearchAction","target":{"@type":"EntryPoint","urlTemplate":"https:\/\/www.aceitenovecientos.com\/?s={search_term_string}"},"query-input":{"@type":"PropertyValueSpecification","valueRequired":true,"valueName":"search_term_string"}}],"inLanguage":"en-GB"},{"@type":"Organization","@id":"https:\/\/www.aceitenovecientos.com\/#organization","name":"Aceite Novecientos","url":"https:\/\/www.aceitenovecientos.com\/","logo":{"@type":"ImageObject","inLanguage":"en-GB","@id":"https:\/\/www.aceitenovecientos.com\/#\/schema\/logo\/image\/","url":"https:\/\/www.aceitenovecientos.com\/wp-content\/uploads\/2021\/12\/logo900-head.webp","contentUrl":"https:\/\/www.aceitenovecientos.com\/wp-content\/uploads\/2021\/12\/logo900-head.webp","width":470,"height":110,"caption":"Aceite Novecientos"},"image":{"@id":"https:\/\/www.aceitenovecientos.com\/#\/schema\/logo\/image\/"},"sameAs":["https:\/\/www.facebook.com\/aceitenovecientos\/"]}]}},"_links":{"self":[{"href":"https:\/\/www.aceitenovecientos.com\/en\/wp-json\/wp\/v2\/product\/1825","targetHints":{"allow":["GET"]}}],"collection":[{"href":"https:\/\/www.aceitenovecientos.com\/en\/wp-json\/wp\/v2\/product"}],"about":[{"href":"https:\/\/www.aceitenovecientos.com\/en\/wp-json\/wp\/v2\/types\/product"}],"replies":[{"embeddable":true,"href":"https:\/\/www.aceitenovecientos.com\/en\/wp-json\/wp\/v2\/comments?post=1825"}],"wp:featuredmedia":[{"embeddable":true,"href":"https:\/\/www.aceitenovecientos.com\/en\/wp-json\/wp\/v2\/media\/2029"}],"wp:attachment":[{"href":"https:\/\/www.aceitenovecientos.com\/en\/wp-json\/wp\/v2\/media?parent=1825"}],"wp:term":[{"taxonomy":"product_cat","embeddable":true,"href":"https:\/\/www.aceitenovecientos.com\/en\/wp-json\/wp\/v2\/product_cat?post=1825"},{"taxonomy":"product_tag","embeddable":true,"href":"https:\/\/www.aceitenovecientos.com\/en\/wp-json\/wp\/v2\/product_tag?post=1825"}],"curies":[{"name":"wp","href":"https:\/\/api.w.org\/{rel}","templated":true}]}}