{"id":177,"date":"2016-08-10T09:43:34","date_gmt":"2016-08-10T09:43:34","guid":{"rendered":"http:\/\/www.aceitenovecientos.com\/?post_type=product&#038;p=177"},"modified":"2023-11-07T14:45:06","modified_gmt":"2023-11-07T13:45:06","slug":"caja-regalo-de-aceite-virgen-extra-900","status":"publish","type":"product","link":"https:\/\/www.aceitenovecientos.com\/en\/product\/caja-regalo-de-aceite-virgen-extra-900\/","title":{"rendered":"Caja Regalo Aceite de Oliva Virgen Extra Superior 900 ORIGEN"},"content":{"rendered":"<h2>Caja regalo de aceite de Oliva Virgen Extra Superior<\/h2>\n<p><strong>Caja regalo de aceite de madera con Aceite de oliva virgen extra 900 ORIGEN de calidad superior.<\/strong> Obtenido del fruto del olivo \u00fanicamente por procedimientos mec\u00e1nicos\u00a0 que no produzcan la alteraci\u00f3n del aceite. El esmerado cuidado en el cultivo confieren a nuestro AOVE 900 ORIGEN unas caracter\u00edsticas organol\u00e9pticas \u00fanicas. Para ello ponemos especial atenci\u00f3n en el producto desde la recolecci\u00f3n, selecci\u00f3n del fruto y elaboraci\u00f3n y conservaci\u00f3n del aceite. Estas condiciones aportan un sabor y aroma con reminiscencias a hierba y tomate reci\u00e9n cortado. Adem\u00e1s las condiciones climatol\u00f3gicas, la de altitud de los olivares de la zona y las variedades de aceituna seleccionadas, \u00a0hacen que haya sido reconocido mediante varios galardones internacionales.<\/p>\n<ul>\n<li>Medalla de oro en el Concurso Internacional de Aceite de Oliva celebrado en Nueva York en 2013. Con una calificaci\u00f3n de 9,5 puntos, la cuarta nota m\u00e1s alta del concurso y la m\u00e1s alta otorgada a un aceite espa\u00f1ol.<\/li>\n<li>Premio SUPERIOR TEST AWARD en el prestigioso concurso ITQI celebrado en la ciudad de Bruselas en 2014. Con una puntuaci\u00f3n final \u00a0de 89, la m\u00e1s alta de un aceite de oliva espa\u00f1ol. \u00abiTQi Superior Taste Award\u00bb es el \u00fanico sello de calidad en sabor otorgado por l\u00edderes de opini\u00f3n, Chefs y Sommeliers con estrellas Michelin.<\/li>\n<li>Premio GREAT TASTE AWARD 2014 en el prestigioso concurso celebrado en la ciudad de Londres.<\/li>\n<li>Medalla de oro en el Concurso Internacional de Aceite de oliva celebrado en Nueva York en 2015.<\/li>\n<\/ul>\n<p>900 ORIGENes un coupage de las variedades picual, picudo y hojiblanca. Cultivadas en la zona y que mezcladas\u00a0 en sus perfectas proporciones a\u00fanan sus beneficios para otorgar a 900 ORIGEN sus caracter\u00edsticas organol\u00e9pticas.<\/p>\n<h3><strong>Conservaci\u00f3n:<\/strong><\/h3>\n<p>La caja regalo de aceite es ideal para la conservaci\u00f3n del aceite.<\/p>\n<p>Conservar en lugar fresco y seco. Preservar de la luz y del exceso de calor. El envase ideal debe ser opaco para protegerlo de la fotoxidaci\u00f3n. Si se adquiere en envase transparente, es aconsejable guardarlo dentro de un armario de cocina o trastero. As\u00ed mantendr\u00e1 todas sus propiedades durante muchos meses.<\/p>\n<h3><strong>Beneficios para la salud:<\/strong><\/h3>\n<p>El aceite de oliva virgen extra tiene una serie de componentes altamente beneficiosos para la salud como son las grasas monoinsaturada, el \u00e1cido oleico, flavonoides, polifenoles, antioxidantes y otros nutrientes antiinflamatorios. Existen m\u00faltiples estudios publicados con las propiedades saludables del\u00a0 aceite de oliva virgen extra. A modo de resumen vamos a enumerar algunas de ellas:<\/p>\n<ul>\n<li>Ayuda a disminuir el riesgo de enfermedad coronaria y a reducir la presi\u00f3n arterial y los niveles de colesterol malo.<\/li>\n<li>Previene el envejecimiento prematuro\u00a0 y ayuda a la hidrataci\u00f3n de la piel.<\/li>\n<li>Puede ayudar a perder peso debido a la sensaci\u00f3n de saciedad que produce.<\/li>\n<li>Los componentes antiinflamatorios pueden ayudar a reducir dolores asociados a las articulaciones y m\u00fasculos.<\/li>\n<li>En un estudio publicado por la revista cient\u00edfica\u00a0<em>Diabetes Care<\/em>\u00a0se revel\u00f3 que cualquier dieta mediterr\u00e1nea que tiene aceite de oliva\u00a0es capaz de reducir los casos de diabetes tipo II hasta en un 50%.\u00a0Esto se debe a que el aceite de oliva contiene grasas saludables que podr\u00edan ayudar a regular los niveles de az\u00facar en la sangre y la producci\u00f3n de insulina.<\/li>\n<\/ul>\n<h3><strong>Usos culinarios y maridaje:<\/strong><\/h3>\n<p>Los ampliamente reconocidos beneficios para la salud del aceite de oliva virgen extra lo hacen id\u00f3neo como acompa\u00f1amiento y aderezo de cualquier plato de cocina, ya sea sofisticado o sencillo. En crudo es acompa\u00f1ante indispensable de ensaladas de vegetales o pastas, desayunos, sopas y gazpachos fr\u00edos. En caliente crece y debido a su alta densidad no penetra en los alimentos tanto como otras grasas. De este modo hace que sean m\u00e1s saludables y que conserven mejor sus propiedades. Su alto contenido en \u00e1cido oleico y antioxidantes naturales lo hacen m\u00e1s estable y resistente a altas temperaturas. \u00a0Es ideal para cocinar carnes, pescados, verduras, pastas y en general cualquier alimento.<\/p>\n<p>Consulta nuestro blog para obtener m\u00e1s informaci\u00f3n sobre los beneficios de consumir aceite de oliva virgen extra.<\/p>","protected":false},"excerpt":{"rendered":"<p><img loading=\"lazy\" decoding=\"async\" class=\"size-full wp-image-265 aligncenter\" src=\"http:\/\/www.aceitenovecientos.com\/wp-content\/uploads\/2016\/08\/premio-aceite900.jpg\" alt=\"premio-aceite900\" width=\"347\" height=\"88\" srcset=\"https:\/\/www.aceitenovecientos.com\/wp-content\/uploads\/2016\/08\/premio-aceite900.jpg 347w, https:\/\/www.aceitenovecientos.com\/wp-content\/uploads\/2016\/08\/premio-aceite900-300x76.jpg 300w, https:\/\/www.aceitenovecientos.com\/wp-content\/uploads\/2016\/08\/premio-aceite900-260x66.jpg 260w, https:\/\/www.aceitenovecientos.com\/wp-content\/uploads\/2016\/08\/premio-aceite900-50x13.jpg 50w, https:\/\/www.aceitenovecientos.com\/wp-content\/uploads\/2016\/08\/premio-aceite900-150x38.jpg 150w\" sizes=\"auto, (max-width: 347px) 100vw, 347px\" \/>Pack caja de madera con aceite de oliva virgen extra de calidad superior 900 ORIGEN, reconocido internacionalmente mediante varios galardones.<\/p>\n<p>El Aceite de Oliva Virgen Extra de Calidad Superior 900 ORIGEN es un coupage de las variedades picual, picudo y hojiblanca obtenido de aceitunas cultivadas con la altitud y climatolog\u00eda id\u00f3neas y\u00a0 cosechadas en su \u00f3ptimo punto de maduraci\u00f3n que confieren a su zumo ese sabor y aroma a hierba y tomate reci\u00e9n cortado tan apreciado por el paladar.<\/p>","protected":false},"featured_media":2361,"comment_status":"open","ping_status":"closed","template":"","meta":[],"product_cat":[8,186],"product_tag":[11,63,12],"class_list":{"0":"post-177","1":"product","2":"type-product","3":"status-publish","4":"has-post-thumbnail","6":"product_cat-aceite-de-oliva-virgen-extra","7":"product_cat-regalos","8":"product_tag-aceite-de-oliva","9":"product_tag-caja-regalo-aceite","10":"product_tag-virgen-extra","12":"first","13":"instock","14":"taxable","15":"shipping-taxable","16":"purchasable","17":"product-type-simple"},"yoast_head":"<!-- This site is optimized with the Yoast SEO plugin v24.1 - https:\/\/yoast.com\/wordpress\/plugins\/seo\/ -->\n<title>Caja Regalo de Aceite de Oliva Virgen Extra Superior | Aceite Novecientos<\/title>\n<meta name=\"description\" content=\"Pack caja regalo de aceite de madera con aceite de oliva virgen extra de calidad superior 900 TOP, reconocido internacionalmente mediante varios galardones.\" \/>\n<meta name=\"robots\" content=\"index, follow, max-snippet:-1, max-image-preview:large, max-video-preview:-1\" \/>\n<link rel=\"canonical\" href=\"https:\/\/www.aceitenovecientos.com\/en\/product\/caja-regalo-de-aceite-virgen-extra-900\/\" \/>\n<meta property=\"og:locale\" content=\"en_GB\" \/>\n<meta property=\"og:type\" content=\"article\" \/>\n<meta property=\"og:title\" content=\"Caja Regalo de Aceite de Oliva Virgen Extra Superior | Aceite Novecientos\" \/>\n<meta property=\"og:description\" content=\"Pack caja regalo de aceite de madera con aceite de oliva virgen extra de calidad superior 900 TOP, reconocido internacionalmente mediante varios galardones.\" \/>\n<meta property=\"og:url\" content=\"https:\/\/www.aceitenovecientos.com\/en\/product\/caja-regalo-de-aceite-virgen-extra-900\/\" \/>\n<meta property=\"og:site_name\" content=\"Aceite Novecientos\" \/>\n<meta property=\"article:publisher\" content=\"https:\/\/www.facebook.com\/aceitenovecientos\/\" \/>\n<meta property=\"article:modified_time\" content=\"2023-11-07T13:45:06+00:00\" \/>\n<meta property=\"og:image\" content=\"https:\/\/www.aceitenovecientos.com\/wp-content\/uploads\/2019\/06\/DSC1962.jpg\" \/>\n\t<meta property=\"og:image:width\" content=\"1517\" \/>\n\t<meta property=\"og:image:height\" content=\"1517\" \/>\n\t<meta property=\"og:image:type\" content=\"image\/jpeg\" \/>\n<meta name=\"twitter:card\" content=\"summary_large_image\" \/>\n<meta name=\"twitter:label1\" content=\"Estimated reading time\" \/>\n\t<meta name=\"twitter:data1\" content=\"4 minutes\" \/>\n<script type=\"application\/ld+json\" class=\"yoast-schema-graph\">{\"@context\":\"https:\/\/schema.org\",\"@graph\":[{\"@type\":\"WebPage\",\"@id\":\"https:\/\/www.aceitenovecientos.com\/producto\/caja-regalo-de-aceite-virgen-extra-900\/\",\"url\":\"https:\/\/www.aceitenovecientos.com\/producto\/caja-regalo-de-aceite-virgen-extra-900\/\",\"name\":\"Caja Regalo de Aceite de Oliva Virgen Extra Superior | Aceite Novecientos\",\"isPartOf\":{\"@id\":\"https:\/\/www.aceitenovecientos.com\/#website\"},\"primaryImageOfPage\":{\"@id\":\"https:\/\/www.aceitenovecientos.com\/producto\/caja-regalo-de-aceite-virgen-extra-900\/#primaryimage\"},\"image\":{\"@id\":\"https:\/\/www.aceitenovecientos.com\/producto\/caja-regalo-de-aceite-virgen-extra-900\/#primaryimage\"},\"thumbnailUrl\":\"https:\/\/www.aceitenovecientos.com\/wp-content\/uploads\/2019\/06\/DSC1962.jpg\",\"datePublished\":\"2016-08-10T09:43:34+00:00\",\"dateModified\":\"2023-11-07T13:45:06+00:00\",\"description\":\"Pack caja regalo de aceite de madera con aceite de oliva virgen extra de calidad superior 900 TOP, reconocido internacionalmente mediante varios galardones.\",\"breadcrumb\":{\"@id\":\"https:\/\/www.aceitenovecientos.com\/producto\/caja-regalo-de-aceite-virgen-extra-900\/#breadcrumb\"},\"inLanguage\":\"en-GB\",\"potentialAction\":[{\"@type\":\"ReadAction\",\"target\":[\"https:\/\/www.aceitenovecientos.com\/producto\/caja-regalo-de-aceite-virgen-extra-900\/\"]}]},{\"@type\":\"ImageObject\",\"inLanguage\":\"en-GB\",\"@id\":\"https:\/\/www.aceitenovecientos.com\/producto\/caja-regalo-de-aceite-virgen-extra-900\/#primaryimage\",\"url\":\"https:\/\/www.aceitenovecientos.com\/wp-content\/uploads\/2019\/06\/DSC1962.jpg\",\"contentUrl\":\"https:\/\/www.aceitenovecientos.com\/wp-content\/uploads\/2019\/06\/DSC1962.jpg\",\"width\":1517,\"height\":1517,\"caption\":\"El mejor aceite de oliva virgen extra de Espa\u00f1a\"},{\"@type\":\"BreadcrumbList\",\"@id\":\"https:\/\/www.aceitenovecientos.com\/producto\/caja-regalo-de-aceite-virgen-extra-900\/#breadcrumb\",\"itemListElement\":[{\"@type\":\"ListItem\",\"position\":1,\"name\":\"Portada\",\"item\":\"https:\/\/www.aceitenovecientos.com\/\"},{\"@type\":\"ListItem\",\"position\":2,\"name\":\"Cat\u00e1logo\",\"item\":\"https:\/\/www.aceitenovecientos.com\/shop\/\"},{\"@type\":\"ListItem\",\"position\":3,\"name\":\"Caja Regalo Aceite de Oliva Virgen Extra Superior 900 ORIGEN\"}]},{\"@type\":\"WebSite\",\"@id\":\"https:\/\/www.aceitenovecientos.com\/#website\",\"url\":\"https:\/\/www.aceitenovecientos.com\/\",\"name\":\"Aceite Novecientos\",\"description\":\"Aceite de Oliva de Ja\u00e9n\",\"publisher\":{\"@id\":\"https:\/\/www.aceitenovecientos.com\/#organization\"},\"potentialAction\":[{\"@type\":\"SearchAction\",\"target\":{\"@type\":\"EntryPoint\",\"urlTemplate\":\"https:\/\/www.aceitenovecientos.com\/?s={search_term_string}\"},\"query-input\":{\"@type\":\"PropertyValueSpecification\",\"valueRequired\":true,\"valueName\":\"search_term_string\"}}],\"inLanguage\":\"en-GB\"},{\"@type\":\"Organization\",\"@id\":\"https:\/\/www.aceitenovecientos.com\/#organization\",\"name\":\"Aceite Novecientos\",\"url\":\"https:\/\/www.aceitenovecientos.com\/\",\"logo\":{\"@type\":\"ImageObject\",\"inLanguage\":\"en-GB\",\"@id\":\"https:\/\/www.aceitenovecientos.com\/#\/schema\/logo\/image\/\",\"url\":\"https:\/\/www.aceitenovecientos.com\/wp-content\/uploads\/2021\/12\/logo900-head.webp\",\"contentUrl\":\"https:\/\/www.aceitenovecientos.com\/wp-content\/uploads\/2021\/12\/logo900-head.webp\",\"width\":470,\"height\":110,\"caption\":\"Aceite Novecientos\"},\"image\":{\"@id\":\"https:\/\/www.aceitenovecientos.com\/#\/schema\/logo\/image\/\"},\"sameAs\":[\"https:\/\/www.facebook.com\/aceitenovecientos\/\"]}]}<\/script>\n<!-- \/ Yoast SEO plugin. -->","yoast_head_json":{"title":"Caja Regalo de Aceite de Oliva Virgen Extra Superior | Aceite Novecientos","description":"Pack caja regalo de aceite de madera con aceite de oliva virgen extra de calidad superior 900 TOP, reconocido internacionalmente mediante varios galardones.","robots":{"index":"index","follow":"follow","max-snippet":"max-snippet:-1","max-image-preview":"max-image-preview:large","max-video-preview":"max-video-preview:-1"},"canonical":"https:\/\/www.aceitenovecientos.com\/en\/product\/caja-regalo-de-aceite-virgen-extra-900\/","og_locale":"en_GB","og_type":"article","og_title":"Caja Regalo de Aceite de Oliva Virgen Extra Superior | Aceite Novecientos","og_description":"Pack caja regalo de aceite de madera con aceite de oliva virgen extra de calidad superior 900 TOP, reconocido internacionalmente mediante varios galardones.","og_url":"https:\/\/www.aceitenovecientos.com\/en\/product\/caja-regalo-de-aceite-virgen-extra-900\/","og_site_name":"Aceite Novecientos","article_publisher":"https:\/\/www.facebook.com\/aceitenovecientos\/","article_modified_time":"2023-11-07T13:45:06+00:00","og_image":[{"width":1517,"height":1517,"url":"https:\/\/www.aceitenovecientos.com\/wp-content\/uploads\/2019\/06\/DSC1962.jpg","type":"image\/jpeg"}],"twitter_card":"summary_large_image","twitter_misc":{"Estimated reading time":"4 minutes"},"schema":{"@context":"https:\/\/schema.org","@graph":[{"@type":"WebPage","@id":"https:\/\/www.aceitenovecientos.com\/producto\/caja-regalo-de-aceite-virgen-extra-900\/","url":"https:\/\/www.aceitenovecientos.com\/producto\/caja-regalo-de-aceite-virgen-extra-900\/","name":"Caja Regalo de Aceite de Oliva Virgen Extra Superior | Aceite Novecientos","isPartOf":{"@id":"https:\/\/www.aceitenovecientos.com\/#website"},"primaryImageOfPage":{"@id":"https:\/\/www.aceitenovecientos.com\/producto\/caja-regalo-de-aceite-virgen-extra-900\/#primaryimage"},"image":{"@id":"https:\/\/www.aceitenovecientos.com\/producto\/caja-regalo-de-aceite-virgen-extra-900\/#primaryimage"},"thumbnailUrl":"https:\/\/www.aceitenovecientos.com\/wp-content\/uploads\/2019\/06\/DSC1962.jpg","datePublished":"2016-08-10T09:43:34+00:00","dateModified":"2023-11-07T13:45:06+00:00","description":"Pack caja regalo de aceite de madera con aceite de oliva virgen extra de calidad superior 900 TOP, reconocido internacionalmente mediante varios galardones.","breadcrumb":{"@id":"https:\/\/www.aceitenovecientos.com\/producto\/caja-regalo-de-aceite-virgen-extra-900\/#breadcrumb"},"inLanguage":"en-GB","potentialAction":[{"@type":"ReadAction","target":["https:\/\/www.aceitenovecientos.com\/producto\/caja-regalo-de-aceite-virgen-extra-900\/"]}]},{"@type":"ImageObject","inLanguage":"en-GB","@id":"https:\/\/www.aceitenovecientos.com\/producto\/caja-regalo-de-aceite-virgen-extra-900\/#primaryimage","url":"https:\/\/www.aceitenovecientos.com\/wp-content\/uploads\/2019\/06\/DSC1962.jpg","contentUrl":"https:\/\/www.aceitenovecientos.com\/wp-content\/uploads\/2019\/06\/DSC1962.jpg","width":1517,"height":1517,"caption":"El mejor aceite de oliva virgen extra de Espa\u00f1a"},{"@type":"BreadcrumbList","@id":"https:\/\/www.aceitenovecientos.com\/producto\/caja-regalo-de-aceite-virgen-extra-900\/#breadcrumb","itemListElement":[{"@type":"ListItem","position":1,"name":"Portada","item":"https:\/\/www.aceitenovecientos.com\/"},{"@type":"ListItem","position":2,"name":"Cat\u00e1logo","item":"https:\/\/www.aceitenovecientos.com\/shop\/"},{"@type":"ListItem","position":3,"name":"Caja Regalo Aceite de Oliva Virgen Extra Superior 900 ORIGEN"}]},{"@type":"WebSite","@id":"https:\/\/www.aceitenovecientos.com\/#website","url":"https:\/\/www.aceitenovecientos.com\/","name":"Aceite Novecientos","description":"Aceite de Oliva de Ja\u00e9n","publisher":{"@id":"https:\/\/www.aceitenovecientos.com\/#organization"},"potentialAction":[{"@type":"SearchAction","target":{"@type":"EntryPoint","urlTemplate":"https:\/\/www.aceitenovecientos.com\/?s={search_term_string}"},"query-input":{"@type":"PropertyValueSpecification","valueRequired":true,"valueName":"search_term_string"}}],"inLanguage":"en-GB"},{"@type":"Organization","@id":"https:\/\/www.aceitenovecientos.com\/#organization","name":"Aceite Novecientos","url":"https:\/\/www.aceitenovecientos.com\/","logo":{"@type":"ImageObject","inLanguage":"en-GB","@id":"https:\/\/www.aceitenovecientos.com\/#\/schema\/logo\/image\/","url":"https:\/\/www.aceitenovecientos.com\/wp-content\/uploads\/2021\/12\/logo900-head.webp","contentUrl":"https:\/\/www.aceitenovecientos.com\/wp-content\/uploads\/2021\/12\/logo900-head.webp","width":470,"height":110,"caption":"Aceite Novecientos"},"image":{"@id":"https:\/\/www.aceitenovecientos.com\/#\/schema\/logo\/image\/"},"sameAs":["https:\/\/www.facebook.com\/aceitenovecientos\/"]}]}},"_links":{"self":[{"href":"https:\/\/www.aceitenovecientos.com\/en\/wp-json\/wp\/v2\/product\/177","targetHints":{"allow":["GET"]}}],"collection":[{"href":"https:\/\/www.aceitenovecientos.com\/en\/wp-json\/wp\/v2\/product"}],"about":[{"href":"https:\/\/www.aceitenovecientos.com\/en\/wp-json\/wp\/v2\/types\/product"}],"replies":[{"embeddable":true,"href":"https:\/\/www.aceitenovecientos.com\/en\/wp-json\/wp\/v2\/comments?post=177"}],"wp:featuredmedia":[{"embeddable":true,"href":"https:\/\/www.aceitenovecientos.com\/en\/wp-json\/wp\/v2\/media\/2361"}],"wp:attachment":[{"href":"https:\/\/www.aceitenovecientos.com\/en\/wp-json\/wp\/v2\/media?parent=177"}],"wp:term":[{"taxonomy":"product_cat","embeddable":true,"href":"https:\/\/www.aceitenovecientos.com\/en\/wp-json\/wp\/v2\/product_cat?post=177"},{"taxonomy":"product_tag","embeddable":true,"href":"https:\/\/www.aceitenovecientos.com\/en\/wp-json\/wp\/v2\/product_tag?post=177"}],"curies":[{"name":"wp","href":"https:\/\/api.w.org\/{rel}","templated":true}]}}