{"id":1640,"date":"2018-12-26T09:33:10","date_gmt":"2018-12-26T09:33:10","guid":{"rendered":"https:\/\/www.aceitenovecientos.com\/?post_type=product&#038;p=1640"},"modified":"2019-03-17T11:50:42","modified_gmt":"2019-03-17T11:50:42","slug":"caja-regalo-aove-premium-top-900-jalea-aove-natural-vinagre-frambuesa","status":"publish","type":"product","link":"https:\/\/www.aceitenovecientos.com\/en\/product\/caja-regalo-aove-premium-top-900-jalea-aove-natural-vinagre-frambuesa\/","title":{"rendered":"Caja Regalo con AOVE premium 900 TOP, Jalea de AOVE Natural y Vinagre de Frambuesa"},"content":{"rendered":"<h2 class=\"product_title entry-title\">Caja regalo con AOVE\u00a0 900 TOP, mermelada de aceite de oliva virgen extra sabor natural\u00a0 y vinagre de frambuesa.<\/h2>\n<p>Mermelada de aceite con una cantidad m\u00ednima de az\u00facar, AOVE de alta calidad y ex\u00f3tico vinagre dulce de frambuesa.Una combinaci\u00f3n de sabores de tradici\u00f3n mediterr\u00e1nea pero con un toque de originalidad. Regala este pack a los consumidores m\u00e1s tradicionales y a los m\u00e1s vanguardistas.<\/p>\n<h2 class=\"product_title entry-title\">Aceite de Oliva Virgen Extra Premium, TOP 900<\/h2>\n<div>\n<p>Los ampliamente reconocidos beneficios para la salud del aceite premium de alta calidad, lo hacen id\u00f3neo como acompa\u00f1amiento y aderezo de cualquier plato de cocina, ya sea sofisticado o sencillo. Destaca en crudo como acompa\u00f1ante indispensable de ensaladas de vegetales o pastas, desayunos, sopas y gazpachos fr\u00edos.<\/p>\n<\/div>\n<h2>Jalea de Aceite de Oliva Virgen Extra Picual sabor natural<\/h2>\n<p>Mermelada de aceite de oliva virgen extra,\u00a0 elaborada con nuestro mejor AOVE de sierra. Supone una excelente armon\u00eda entre la intensidad del frutado del AOVE y dulzor de jalea. Este manjar abre las puertas a consumir AOVE de una manera m\u00e1s deliciosa. Que adem\u00e1s, marida a la perfecci\u00f3n con platos dulces y salados. Atr\u00e9vete a combinarla con ensaladas, quesos frescos o curados, pat\u00e9s, postres l\u00e1cteos o reposter\u00eda en general. Disfruta de unas tostadas de pan r\u00fastico untadas con mermelada de AOVE o cubre tus bizcochos y galletas para darles m\u00e1s sabor. Y si te gusta el helado, ya tienen un nuevo topping que probar con tus sabores favoritos.<\/p>\n<h2 class=\"product_title entry-title\">Vinagre de Frambuesa<\/h2>\n<div>\n<p>Sorprende a tu paladar con un sabor inesperado a ex\u00f3tica frambuesa. El vinagre, como compa\u00f1ero inseparable de un excepcional aceite de oliva virgen extra de calidad, no puede faltar como aderezo en nuestros men\u00fas y especialmente en ensaladas, plato base de una dieta mediterr\u00e1nea y de consumo diario. Con alto contenido de componentes beneficiosos para la salud.<\/p>\n<\/div>\n<div><\/div>\n<div>Para m\u00e1s ideas, consulte nuestro <a href=\"\/en\/?page_id=308\">blog<\/a>.<\/div>\n<div><\/div>\n<p>&nbsp;<\/p>","protected":false},"excerpt":{"rendered":"<p><em>(1 bote de 140gr. y 2 botellas de 100ml) <\/em>Caja trio con 1 botes de 140 gr. de Jalea de AOVE y dos botellas de 100ml. Un pack que agrupa el internacional aceite de oliva virgen extra premium, TOP 900, la mermelada de aceite de oliva virgen extra y el galardonado vinagre de frambuesa . Conjunto ideal para nos consumidores m\u00e1s tradicionales.<em><br \/>\n<\/em><\/p>\n<p><em>Apl\u00edcalos a tu gusto, en el <a href=\"https:\/\/www.aceitenovecientos.com\/en\/blog\/\">blog<\/a> presentamos algunas ideas.<\/em><\/p>\n<p>La Caja\u00a0incluye:<\/p>\n<p>&#8211;\u00a0 Aceite de Oliva Virgen Extra Premium,\u00a0 TOP 900.<\/p>\n<p>&#8211;\u00a0Jalea de Aceite de Oliva Virgen Extra Natural, Delicius 900.<\/p>\n<p>&#8211; Vinagre de Framnbuesa.<\/p>\n<p><strong>Si est\u00e1s interesado en combinar otros productos en tu pack de 3, s\u00f3lo tienes que solicit\u00e1rnoslo v\u00eda email en\u00a0<a href=\"mailto:info@900foods.com\">info@900foods.com<\/a><\/strong><\/p>","protected":false},"featured_media":1651,"comment_status":"open","ping_status":"closed","template":"","meta":[],"product_cat":[8,269,186,29],"product_tag":[133,11,63,194,204,18,12],"class_list":{"0":"post-1640","1":"product","2":"type-product","3":"status-publish","4":"has-post-thumbnail","6":"product_cat-aceite-de-oliva-virgen-extra","7":"product_cat-dulces-saludables-con-aove-y-mieles","8":"product_cat-regalos","9":"product_cat-vinagres","10":"product_tag-aceite-aromatizado","11":"product_tag-aceite-de-oliva","12":"product_tag-caja-regalo-aceite","13":"product_tag-mermelada-de-aceite-de-oliva-con-naranja","14":"product_tag-mermelada-de-aceite-de-oliva-virgen-extra","15":"product_tag-vinagre-frambuesa","16":"product_tag-virgen-extra","18":"first","19":"instock","20":"taxable","21":"shipping-taxable","22":"purchasable","23":"product-type-simple"},"yoast_head":"<!-- This site is optimized with the Yoast SEO plugin v24.1 - https:\/\/yoast.com\/wordpress\/plugins\/seo\/ -->\n<title>Caja Regalo con AOVE premium, mermelada de aceite, vinagre frambuesa<\/title>\n<meta name=\"description\" content=\"Caja Regalo con AOVE premium TOP 900, mermelada de Aceite de Oliva Virgen Extra Picual de alta calidad y Vinagre Frambuesa. Ideal para los m\u00e1s tradicionales\" \/>\n<meta name=\"robots\" content=\"index, follow, max-snippet:-1, max-image-preview:large, max-video-preview:-1\" \/>\n<link rel=\"canonical\" href=\"https:\/\/www.aceitenovecientos.com\/en\/product\/caja-regalo-aove-premium-top-900-jalea-aove-natural-vinagre-frambuesa\/\" \/>\n<meta property=\"og:locale\" content=\"en_GB\" \/>\n<meta property=\"og:type\" content=\"article\" \/>\n<meta property=\"og:title\" content=\"Caja Regalo con AOVE premium, mermelada de aceite, vinagre frambuesa\" \/>\n<meta property=\"og:description\" content=\"Caja Regalo con AOVE premium TOP 900, mermelada de Aceite de Oliva Virgen Extra Picual de alta calidad y Vinagre Frambuesa. Ideal para los m\u00e1s tradicionales\" \/>\n<meta property=\"og:url\" content=\"https:\/\/www.aceitenovecientos.com\/en\/product\/caja-regalo-aove-premium-top-900-jalea-aove-natural-vinagre-frambuesa\/\" \/>\n<meta property=\"og:site_name\" content=\"Aceite Novecientos\" \/>\n<meta property=\"article:publisher\" content=\"https:\/\/www.facebook.com\/aceitenovecientos\/\" \/>\n<meta property=\"article:modified_time\" content=\"2019-03-17T11:50:42+00:00\" \/>\n<meta property=\"og:image\" content=\"https:\/\/www.aceitenovecientos.com\/wp-content\/uploads\/2018\/12\/Caja-regalo-aceite-oliva-virgen-extra-mermelada-vinagre-frambuesa.jpg\" \/>\n\t<meta property=\"og:image:width\" content=\"1566\" \/>\n\t<meta property=\"og:image:height\" content=\"1255\" \/>\n\t<meta property=\"og:image:type\" content=\"image\/jpeg\" \/>\n<meta name=\"twitter:card\" content=\"summary_large_image\" \/>\n<meta name=\"twitter:label1\" content=\"Estimated reading time\" \/>\n\t<meta name=\"twitter:data1\" content=\"2 minutes\" \/>\n<script type=\"application\/ld+json\" class=\"yoast-schema-graph\">{\"@context\":\"https:\/\/schema.org\",\"@graph\":[{\"@type\":\"WebPage\",\"@id\":\"https:\/\/www.aceitenovecientos.com\/producto\/caja-regalo-aove-premium-top-900-jalea-aove-natural-vinagre-frambuesa\/\",\"url\":\"https:\/\/www.aceitenovecientos.com\/producto\/caja-regalo-aove-premium-top-900-jalea-aove-natural-vinagre-frambuesa\/\",\"name\":\"Caja Regalo con AOVE premium, mermelada de aceite, vinagre frambuesa\",\"isPartOf\":{\"@id\":\"https:\/\/www.aceitenovecientos.com\/#website\"},\"primaryImageOfPage\":{\"@id\":\"https:\/\/www.aceitenovecientos.com\/producto\/caja-regalo-aove-premium-top-900-jalea-aove-natural-vinagre-frambuesa\/#primaryimage\"},\"image\":{\"@id\":\"https:\/\/www.aceitenovecientos.com\/producto\/caja-regalo-aove-premium-top-900-jalea-aove-natural-vinagre-frambuesa\/#primaryimage\"},\"thumbnailUrl\":\"https:\/\/www.aceitenovecientos.com\/wp-content\/uploads\/2018\/12\/Caja-regalo-aceite-oliva-virgen-extra-mermelada-vinagre-frambuesa.jpg\",\"datePublished\":\"2018-12-26T09:33:10+00:00\",\"dateModified\":\"2019-03-17T11:50:42+00:00\",\"description\":\"Caja Regalo con AOVE premium TOP 900, mermelada de Aceite de Oliva Virgen Extra Picual de alta calidad y Vinagre Frambuesa. Ideal para los m\u00e1s tradicionales\",\"breadcrumb\":{\"@id\":\"https:\/\/www.aceitenovecientos.com\/producto\/caja-regalo-aove-premium-top-900-jalea-aove-natural-vinagre-frambuesa\/#breadcrumb\"},\"inLanguage\":\"en-GB\",\"potentialAction\":[{\"@type\":\"ReadAction\",\"target\":[\"https:\/\/www.aceitenovecientos.com\/producto\/caja-regalo-aove-premium-top-900-jalea-aove-natural-vinagre-frambuesa\/\"]}]},{\"@type\":\"ImageObject\",\"inLanguage\":\"en-GB\",\"@id\":\"https:\/\/www.aceitenovecientos.com\/producto\/caja-regalo-aove-premium-top-900-jalea-aove-natural-vinagre-frambuesa\/#primaryimage\",\"url\":\"https:\/\/www.aceitenovecientos.com\/wp-content\/uploads\/2018\/12\/Caja-regalo-aceite-oliva-virgen-extra-mermelada-vinagre-frambuesa.jpg\",\"contentUrl\":\"https:\/\/www.aceitenovecientos.com\/wp-content\/uploads\/2018\/12\/Caja-regalo-aceite-oliva-virgen-extra-mermelada-vinagre-frambuesa.jpg\",\"width\":1566,\"height\":1255,\"caption\":\"Caja de regalo con aceite de oliva virgen extra TOP 900, Jalea de AOVE y vinagre de Frambuesa\"},{\"@type\":\"BreadcrumbList\",\"@id\":\"https:\/\/www.aceitenovecientos.com\/producto\/caja-regalo-aove-premium-top-900-jalea-aove-natural-vinagre-frambuesa\/#breadcrumb\",\"itemListElement\":[{\"@type\":\"ListItem\",\"position\":1,\"name\":\"Portada\",\"item\":\"https:\/\/www.aceitenovecientos.com\/\"},{\"@type\":\"ListItem\",\"position\":2,\"name\":\"Cat\u00e1logo\",\"item\":\"https:\/\/www.aceitenovecientos.com\/shop\/\"},{\"@type\":\"ListItem\",\"position\":3,\"name\":\"Caja Regalo con AOVE premium 900 TOP, Jalea de AOVE Natural y Vinagre de Frambuesa\"}]},{\"@type\":\"WebSite\",\"@id\":\"https:\/\/www.aceitenovecientos.com\/#website\",\"url\":\"https:\/\/www.aceitenovecientos.com\/\",\"name\":\"Aceite Novecientos\",\"description\":\"Aceite de Oliva de Ja\u00e9n\",\"publisher\":{\"@id\":\"https:\/\/www.aceitenovecientos.com\/#organization\"},\"potentialAction\":[{\"@type\":\"SearchAction\",\"target\":{\"@type\":\"EntryPoint\",\"urlTemplate\":\"https:\/\/www.aceitenovecientos.com\/?s={search_term_string}\"},\"query-input\":{\"@type\":\"PropertyValueSpecification\",\"valueRequired\":true,\"valueName\":\"search_term_string\"}}],\"inLanguage\":\"en-GB\"},{\"@type\":\"Organization\",\"@id\":\"https:\/\/www.aceitenovecientos.com\/#organization\",\"name\":\"Aceite Novecientos\",\"url\":\"https:\/\/www.aceitenovecientos.com\/\",\"logo\":{\"@type\":\"ImageObject\",\"inLanguage\":\"en-GB\",\"@id\":\"https:\/\/www.aceitenovecientos.com\/#\/schema\/logo\/image\/\",\"url\":\"https:\/\/www.aceitenovecientos.com\/wp-content\/uploads\/2021\/12\/logo900-head.webp\",\"contentUrl\":\"https:\/\/www.aceitenovecientos.com\/wp-content\/uploads\/2021\/12\/logo900-head.webp\",\"width\":470,\"height\":110,\"caption\":\"Aceite Novecientos\"},\"image\":{\"@id\":\"https:\/\/www.aceitenovecientos.com\/#\/schema\/logo\/image\/\"},\"sameAs\":[\"https:\/\/www.facebook.com\/aceitenovecientos\/\"]}]}<\/script>\n<!-- \/ Yoast SEO plugin. -->","yoast_head_json":{"title":"Caja Regalo con AOVE premium, mermelada de aceite, vinagre frambuesa","description":"Caja Regalo con AOVE premium TOP 900, mermelada de Aceite de Oliva Virgen Extra Picual de alta calidad y Vinagre Frambuesa. Ideal para los m\u00e1s tradicionales","robots":{"index":"index","follow":"follow","max-snippet":"max-snippet:-1","max-image-preview":"max-image-preview:large","max-video-preview":"max-video-preview:-1"},"canonical":"https:\/\/www.aceitenovecientos.com\/en\/product\/caja-regalo-aove-premium-top-900-jalea-aove-natural-vinagre-frambuesa\/","og_locale":"en_GB","og_type":"article","og_title":"Caja Regalo con AOVE premium, mermelada de aceite, vinagre frambuesa","og_description":"Caja Regalo con AOVE premium TOP 900, mermelada de Aceite de Oliva Virgen Extra Picual de alta calidad y Vinagre Frambuesa. Ideal para los m\u00e1s tradicionales","og_url":"https:\/\/www.aceitenovecientos.com\/en\/product\/caja-regalo-aove-premium-top-900-jalea-aove-natural-vinagre-frambuesa\/","og_site_name":"Aceite Novecientos","article_publisher":"https:\/\/www.facebook.com\/aceitenovecientos\/","article_modified_time":"2019-03-17T11:50:42+00:00","og_image":[{"width":1566,"height":1255,"url":"https:\/\/www.aceitenovecientos.com\/wp-content\/uploads\/2018\/12\/Caja-regalo-aceite-oliva-virgen-extra-mermelada-vinagre-frambuesa.jpg","type":"image\/jpeg"}],"twitter_card":"summary_large_image","twitter_misc":{"Estimated reading time":"2 minutes"},"schema":{"@context":"https:\/\/schema.org","@graph":[{"@type":"WebPage","@id":"https:\/\/www.aceitenovecientos.com\/producto\/caja-regalo-aove-premium-top-900-jalea-aove-natural-vinagre-frambuesa\/","url":"https:\/\/www.aceitenovecientos.com\/producto\/caja-regalo-aove-premium-top-900-jalea-aove-natural-vinagre-frambuesa\/","name":"Caja Regalo con AOVE premium, mermelada de aceite, vinagre frambuesa","isPartOf":{"@id":"https:\/\/www.aceitenovecientos.com\/#website"},"primaryImageOfPage":{"@id":"https:\/\/www.aceitenovecientos.com\/producto\/caja-regalo-aove-premium-top-900-jalea-aove-natural-vinagre-frambuesa\/#primaryimage"},"image":{"@id":"https:\/\/www.aceitenovecientos.com\/producto\/caja-regalo-aove-premium-top-900-jalea-aove-natural-vinagre-frambuesa\/#primaryimage"},"thumbnailUrl":"https:\/\/www.aceitenovecientos.com\/wp-content\/uploads\/2018\/12\/Caja-regalo-aceite-oliva-virgen-extra-mermelada-vinagre-frambuesa.jpg","datePublished":"2018-12-26T09:33:10+00:00","dateModified":"2019-03-17T11:50:42+00:00","description":"Caja Regalo con AOVE premium TOP 900, mermelada de Aceite de Oliva Virgen Extra Picual de alta calidad y Vinagre Frambuesa. Ideal para los m\u00e1s tradicionales","breadcrumb":{"@id":"https:\/\/www.aceitenovecientos.com\/producto\/caja-regalo-aove-premium-top-900-jalea-aove-natural-vinagre-frambuesa\/#breadcrumb"},"inLanguage":"en-GB","potentialAction":[{"@type":"ReadAction","target":["https:\/\/www.aceitenovecientos.com\/producto\/caja-regalo-aove-premium-top-900-jalea-aove-natural-vinagre-frambuesa\/"]}]},{"@type":"ImageObject","inLanguage":"en-GB","@id":"https:\/\/www.aceitenovecientos.com\/producto\/caja-regalo-aove-premium-top-900-jalea-aove-natural-vinagre-frambuesa\/#primaryimage","url":"https:\/\/www.aceitenovecientos.com\/wp-content\/uploads\/2018\/12\/Caja-regalo-aceite-oliva-virgen-extra-mermelada-vinagre-frambuesa.jpg","contentUrl":"https:\/\/www.aceitenovecientos.com\/wp-content\/uploads\/2018\/12\/Caja-regalo-aceite-oliva-virgen-extra-mermelada-vinagre-frambuesa.jpg","width":1566,"height":1255,"caption":"Caja de regalo con aceite de oliva virgen extra TOP 900, Jalea de AOVE y vinagre de Frambuesa"},{"@type":"BreadcrumbList","@id":"https:\/\/www.aceitenovecientos.com\/producto\/caja-regalo-aove-premium-top-900-jalea-aove-natural-vinagre-frambuesa\/#breadcrumb","itemListElement":[{"@type":"ListItem","position":1,"name":"Portada","item":"https:\/\/www.aceitenovecientos.com\/"},{"@type":"ListItem","position":2,"name":"Cat\u00e1logo","item":"https:\/\/www.aceitenovecientos.com\/shop\/"},{"@type":"ListItem","position":3,"name":"Caja Regalo con AOVE premium 900 TOP, Jalea de AOVE Natural y Vinagre de Frambuesa"}]},{"@type":"WebSite","@id":"https:\/\/www.aceitenovecientos.com\/#website","url":"https:\/\/www.aceitenovecientos.com\/","name":"Aceite Novecientos","description":"Aceite de Oliva de Ja\u00e9n","publisher":{"@id":"https:\/\/www.aceitenovecientos.com\/#organization"},"potentialAction":[{"@type":"SearchAction","target":{"@type":"EntryPoint","urlTemplate":"https:\/\/www.aceitenovecientos.com\/?s={search_term_string}"},"query-input":{"@type":"PropertyValueSpecification","valueRequired":true,"valueName":"search_term_string"}}],"inLanguage":"en-GB"},{"@type":"Organization","@id":"https:\/\/www.aceitenovecientos.com\/#organization","name":"Aceite Novecientos","url":"https:\/\/www.aceitenovecientos.com\/","logo":{"@type":"ImageObject","inLanguage":"en-GB","@id":"https:\/\/www.aceitenovecientos.com\/#\/schema\/logo\/image\/","url":"https:\/\/www.aceitenovecientos.com\/wp-content\/uploads\/2021\/12\/logo900-head.webp","contentUrl":"https:\/\/www.aceitenovecientos.com\/wp-content\/uploads\/2021\/12\/logo900-head.webp","width":470,"height":110,"caption":"Aceite Novecientos"},"image":{"@id":"https:\/\/www.aceitenovecientos.com\/#\/schema\/logo\/image\/"},"sameAs":["https:\/\/www.facebook.com\/aceitenovecientos\/"]}]}},"_links":{"self":[{"href":"https:\/\/www.aceitenovecientos.com\/en\/wp-json\/wp\/v2\/product\/1640","targetHints":{"allow":["GET"]}}],"collection":[{"href":"https:\/\/www.aceitenovecientos.com\/en\/wp-json\/wp\/v2\/product"}],"about":[{"href":"https:\/\/www.aceitenovecientos.com\/en\/wp-json\/wp\/v2\/types\/product"}],"replies":[{"embeddable":true,"href":"https:\/\/www.aceitenovecientos.com\/en\/wp-json\/wp\/v2\/comments?post=1640"}],"wp:featuredmedia":[{"embeddable":true,"href":"https:\/\/www.aceitenovecientos.com\/en\/wp-json\/wp\/v2\/media\/1651"}],"wp:attachment":[{"href":"https:\/\/www.aceitenovecientos.com\/en\/wp-json\/wp\/v2\/media?parent=1640"}],"wp:term":[{"taxonomy":"product_cat","embeddable":true,"href":"https:\/\/www.aceitenovecientos.com\/en\/wp-json\/wp\/v2\/product_cat?post=1640"},{"taxonomy":"product_tag","embeddable":true,"href":"https:\/\/www.aceitenovecientos.com\/en\/wp-json\/wp\/v2\/product_tag?post=1640"}],"curies":[{"name":"wp","href":"https:\/\/api.w.org\/{rel}","templated":true}]}}