{"id":1638,"date":"2018-12-26T09:19:47","date_gmt":"2018-12-26T09:19:47","guid":{"rendered":"https:\/\/www.aceitenovecientos.com\/?post_type=product&#038;p=1638"},"modified":"2019-03-17T11:51:51","modified_gmt":"2019-03-17T11:51:51","slug":"caja-regalo-aromatizado-aove-sabor-albahaca-jalea-aove-naranja-aromatizado-aove-trufa-blanca","status":"publish","type":"product","link":"https:\/\/www.aceitenovecientos.com\/en\/product\/caja-regalo-aromatizado-aove-sabor-albahaca-jalea-aove-naranja-aromatizado-aove-trufa-blanca\/","title":{"rendered":"Pack Regalo con Jalea de AOVE con naranja y Aromatizados de AOVE Trufa blanca y Albahaca"},"content":{"rendered":"<h2 class=\"product_title entry-title\">Pack regalo con\u00a0 jalea de aceite de oliva virgen extra con naranja y aromatizados de AOVE trufa blanca y albahaca<\/h2>\n<p>Pack regalo compuesto por una mermelada de AOVE con piel de naranja y por dos aromatizados de AOVE: trufa blanca y albahaca. Tres productos de alta calidad y con diversas texturas, sabores y aromas para innovar en la cocina.<\/p>\n<p>&nbsp;<\/p>\n<h2>Jalea de AOVE con Naranja<\/h2>\n<p>Mermelada de aceite de oliva con piel de naranja,\u00a0 elaborada con nuestro mejor AOVE. Con una textura \u00fanica y un inconfundible y delicioso sabor. Combinaci\u00f3n especial que da lugar a un producto de calidad y un acompa\u00f1ante ejemplar y vers\u00e1til para cada plato. Marida a la perfecci\u00f3n con platos dulces y salados. Atr\u00e9vete a combinarla con ensaladas, quesos, pat\u00e9s, l\u00e1cteos o postres en general.<\/p>\n<p>&nbsp;<\/p>\n<h2 class=\"product_title entry-title\">Aromatizado de AOVE sabor Trufa Blanca<\/h2>\n<div>\n<p>Condimento de aceite de oliva virgen extra con<strong>\u00a0aroma de trufa blanca<\/strong>. Uno de los aromatizados m\u00e1s tradicionales y vers\u00e1tiles en cocina.<\/p>\n<p>Saltea cualquier pasta una vez cocida, ACEITE DE OLIVA VIRGEN EXTRA 900 TRUFA BLANCA. A\u00f1ade los dem\u00e1s ingredientes seleccionados seg\u00fan tus preferencias, verduras, hierbas arom\u00e1ticas, trocitos de pescado al gusto o pollo. Un salteado de cebolla, calabac\u00edn y zanahoria ser\u00e1 estupendo. Si adem\u00e1s a\u00f1ades unas tiras de pollo o pavo a la plancha conseguir\u00e1s un plato incre\u00edblemente sabroso y nutritivo con alimentos sanos.<\/p>\n<\/div>\n<h2 class=\"product_title entry-title\">Aromatizado de AOVE sabor Albahaca<\/h2>\n<div>\n<p>\u00a0Condimento de aceite de oliva virgen extra con<strong>\u00a0aroma de albahaca<\/strong>. Con un aroma inconfundible y un ex\u00f3tico sabor, es uno de los aromatizados m\u00e1s exitoso.Ideal para saltear la pasta, para ali\u00f1ar ensaladas y carnes o pescados a la plancha.<\/p>\n<p>A\u00f1ade este aceite a la sart\u00e9n para dar un sabor sofisticado a los alimentos cocinados a la plancha, ya sean pescados o carnes. Ali\u00f1a verduras cocidas al vapor con un chorre\u00f3n de AOVE 900 ALBAHACA y acompa\u00f1a con ella otros platos en el almuerzo o la cena.<\/p>\n<p>Un tomate troceado con queso fresco, nueces y este aceite, es una cena perfecta.<\/p>\n<\/div>\n<div><\/div>\n<div>Para m\u00e1s ideas, consulte nuestro <a href=\"\/en\/?page_id=308\">blog<\/a>.<\/div>\n<div><\/div>\n<p>&nbsp;<\/p>","protected":false},"excerpt":{"rendered":"<p><em>(1 bote de 140gr. y 2 botellas de 100ml) <\/em>Caja trio con 1 botes de 140gr de Jalea de AOVE y dos botellas de 100ml con AOVE aromatizado. Un pack que agrupa la mermelada de aceite de oliva virgen extra y los aromatizados de AOVE. Elige la manera en que deseas disfrutar del Aceite de Oliva Virgen Extra, siente la experiencia 900.<em><br \/>\n<\/em><\/p>\n<p><em>Apl\u00edcalos a tu gusto, en el <a href=\"https:\/\/www.aceitenovecientos.com\/en\/blog\/\">blog<\/a> presentamos algunas ideas.<\/em><\/p>\n<p>La Caja\u00a0incluye:<\/p>\n<p>&#8211;\u00a0Jalea de Aceite de Oliva Virgen Extra con piel de naranja.<\/p>\n<p>&#8211;\u00a0 AOVE aromatizado con sabor a trufa blanca.<\/p>\n<p>&#8211; AOVE aromatizado con sabor a albahaca.<\/p>\n<p><strong>Si est\u00e1s interesado en combinar otros productos en tu pack de 3, s\u00f3lo tienes que solicit\u00e1rnoslo v\u00eda email en\u00a0<a href=\"mailto:info@900foods.com\">info@900foods.com<\/a><\/strong><\/p>","protected":false},"featured_media":1649,"comment_status":"open","ping_status":"closed","template":"","meta":[],"product_cat":[179,8,269,186],"product_tag":[133,11,134,132,24,20,15,168,12],"class_list":{"0":"post-1638","1":"product","2":"type-product","3":"status-publish","4":"has-post-thumbnail","6":"product_cat-aceite-de-oliva-aromatizado","7":"product_cat-aceite-de-oliva-virgen-extra","8":"product_cat-dulces-saludables-con-aove-y-mieles","9":"product_cat-regalos","10":"product_tag-aceite-aromatizado","11":"product_tag-aceite-de-oliva","12":"product_tag-aceite-de-sabores","13":"product_tag-aceite-regalo","14":"product_tag-aceite-sabor-albahaca","15":"product_tag-aceite-sabor-trufa-blanca","16":"product_tag-aceite-saborizado","17":"product_tag-jalea-de-aceite-de-oliva","18":"product_tag-virgen-extra","20":"first","21":"instock","22":"taxable","23":"shipping-taxable","24":"purchasable","25":"product-type-simple"},"yoast_head":"<!-- This site is optimized with the Yoast SEO plugin v24.1 - https:\/\/yoast.com\/wordpress\/plugins\/seo\/ -->\n<title>Pack regalo mermelada AOVE naranja+AOVE con albahaca y trufa blanca<\/title>\n<meta name=\"description\" content=\"Pack regalo que incluye una mermelada de Aceite de Oliva Virgen Extra con piel de naranja y aromatizados de AOVE sabor trufa blanca y de albahaca\" \/>\n<meta name=\"robots\" content=\"index, follow, max-snippet:-1, max-image-preview:large, max-video-preview:-1\" \/>\n<link rel=\"canonical\" href=\"https:\/\/www.aceitenovecientos.com\/en\/product\/caja-regalo-aromatizado-aove-sabor-albahaca-jalea-aove-naranja-aromatizado-aove-trufa-blanca\/\" \/>\n<meta property=\"og:locale\" content=\"en_GB\" \/>\n<meta property=\"og:type\" content=\"article\" \/>\n<meta property=\"og:title\" content=\"Pack regalo mermelada AOVE naranja+AOVE con albahaca y trufa blanca\" \/>\n<meta property=\"og:description\" content=\"Pack regalo que incluye una mermelada de Aceite de Oliva Virgen Extra con piel de naranja y aromatizados de AOVE sabor trufa blanca y de albahaca\" \/>\n<meta property=\"og:url\" content=\"https:\/\/www.aceitenovecientos.com\/en\/product\/caja-regalo-aromatizado-aove-sabor-albahaca-jalea-aove-naranja-aromatizado-aove-trufa-blanca\/\" \/>\n<meta property=\"og:site_name\" content=\"Aceite Novecientos\" \/>\n<meta property=\"article:publisher\" content=\"https:\/\/www.facebook.com\/aceitenovecientos\/\" \/>\n<meta property=\"article:modified_time\" content=\"2019-03-17T11:51:51+00:00\" \/>\n<meta property=\"og:image\" content=\"https:\/\/www.aceitenovecientos.com\/wp-content\/uploads\/2018\/12\/Caja-jalea-aromatizados-AOVE-trufa-branca-albahaca-naranja.jpg\" \/>\n\t<meta property=\"og:image:width\" content=\"1666\" \/>\n\t<meta property=\"og:image:height\" content=\"1301\" \/>\n\t<meta property=\"og:image:type\" content=\"image\/jpeg\" \/>\n<meta name=\"twitter:card\" content=\"summary_large_image\" \/>\n<meta name=\"twitter:label1\" content=\"Estimated reading time\" \/>\n\t<meta name=\"twitter:data1\" content=\"2 minutes\" \/>\n<script type=\"application\/ld+json\" class=\"yoast-schema-graph\">{\"@context\":\"https:\/\/schema.org\",\"@graph\":[{\"@type\":\"WebPage\",\"@id\":\"https:\/\/www.aceitenovecientos.com\/producto\/caja-regalo-aromatizado-aove-sabor-albahaca-jalea-aove-naranja-aromatizado-aove-trufa-blanca\/\",\"url\":\"https:\/\/www.aceitenovecientos.com\/producto\/caja-regalo-aromatizado-aove-sabor-albahaca-jalea-aove-naranja-aromatizado-aove-trufa-blanca\/\",\"name\":\"Pack regalo mermelada AOVE naranja+AOVE con albahaca y trufa blanca\",\"isPartOf\":{\"@id\":\"https:\/\/www.aceitenovecientos.com\/#website\"},\"primaryImageOfPage\":{\"@id\":\"https:\/\/www.aceitenovecientos.com\/producto\/caja-regalo-aromatizado-aove-sabor-albahaca-jalea-aove-naranja-aromatizado-aove-trufa-blanca\/#primaryimage\"},\"image\":{\"@id\":\"https:\/\/www.aceitenovecientos.com\/producto\/caja-regalo-aromatizado-aove-sabor-albahaca-jalea-aove-naranja-aromatizado-aove-trufa-blanca\/#primaryimage\"},\"thumbnailUrl\":\"https:\/\/www.aceitenovecientos.com\/wp-content\/uploads\/2018\/12\/Caja-jalea-aromatizados-AOVE-trufa-branca-albahaca-naranja.jpg\",\"datePublished\":\"2018-12-26T09:19:47+00:00\",\"dateModified\":\"2019-03-17T11:51:51+00:00\",\"description\":\"Pack regalo que incluye una mermelada de Aceite de Oliva Virgen Extra con piel de naranja y aromatizados de AOVE sabor trufa blanca y de albahaca\",\"breadcrumb\":{\"@id\":\"https:\/\/www.aceitenovecientos.com\/producto\/caja-regalo-aromatizado-aove-sabor-albahaca-jalea-aove-naranja-aromatizado-aove-trufa-blanca\/#breadcrumb\"},\"inLanguage\":\"en-GB\",\"potentialAction\":[{\"@type\":\"ReadAction\",\"target\":[\"https:\/\/www.aceitenovecientos.com\/producto\/caja-regalo-aromatizado-aove-sabor-albahaca-jalea-aove-naranja-aromatizado-aove-trufa-blanca\/\"]}]},{\"@type\":\"ImageObject\",\"inLanguage\":\"en-GB\",\"@id\":\"https:\/\/www.aceitenovecientos.com\/producto\/caja-regalo-aromatizado-aove-sabor-albahaca-jalea-aove-naranja-aromatizado-aove-trufa-blanca\/#primaryimage\",\"url\":\"https:\/\/www.aceitenovecientos.com\/wp-content\/uploads\/2018\/12\/Caja-jalea-aromatizados-AOVE-trufa-branca-albahaca-naranja.jpg\",\"contentUrl\":\"https:\/\/www.aceitenovecientos.com\/wp-content\/uploads\/2018\/12\/Caja-jalea-aromatizados-AOVE-trufa-branca-albahaca-naranja.jpg\",\"width\":1666,\"height\":1301,\"caption\":\"Caja de regalo con Jalea de AOVE con naranja y aromatizados de AOVE de trufa blanca y albahaca.\"},{\"@type\":\"BreadcrumbList\",\"@id\":\"https:\/\/www.aceitenovecientos.com\/producto\/caja-regalo-aromatizado-aove-sabor-albahaca-jalea-aove-naranja-aromatizado-aove-trufa-blanca\/#breadcrumb\",\"itemListElement\":[{\"@type\":\"ListItem\",\"position\":1,\"name\":\"Portada\",\"item\":\"https:\/\/www.aceitenovecientos.com\/\"},{\"@type\":\"ListItem\",\"position\":2,\"name\":\"Cat\u00e1logo\",\"item\":\"https:\/\/www.aceitenovecientos.com\/shop\/\"},{\"@type\":\"ListItem\",\"position\":3,\"name\":\"Pack Regalo con Jalea de AOVE con naranja y Aromatizados de AOVE Trufa blanca y Albahaca\"}]},{\"@type\":\"WebSite\",\"@id\":\"https:\/\/www.aceitenovecientos.com\/#website\",\"url\":\"https:\/\/www.aceitenovecientos.com\/\",\"name\":\"Aceite Novecientos\",\"description\":\"Aceite de Oliva de Ja\u00e9n\",\"publisher\":{\"@id\":\"https:\/\/www.aceitenovecientos.com\/#organization\"},\"potentialAction\":[{\"@type\":\"SearchAction\",\"target\":{\"@type\":\"EntryPoint\",\"urlTemplate\":\"https:\/\/www.aceitenovecientos.com\/?s={search_term_string}\"},\"query-input\":{\"@type\":\"PropertyValueSpecification\",\"valueRequired\":true,\"valueName\":\"search_term_string\"}}],\"inLanguage\":\"en-GB\"},{\"@type\":\"Organization\",\"@id\":\"https:\/\/www.aceitenovecientos.com\/#organization\",\"name\":\"Aceite Novecientos\",\"url\":\"https:\/\/www.aceitenovecientos.com\/\",\"logo\":{\"@type\":\"ImageObject\",\"inLanguage\":\"en-GB\",\"@id\":\"https:\/\/www.aceitenovecientos.com\/#\/schema\/logo\/image\/\",\"url\":\"https:\/\/www.aceitenovecientos.com\/wp-content\/uploads\/2021\/12\/logo900-head.webp\",\"contentUrl\":\"https:\/\/www.aceitenovecientos.com\/wp-content\/uploads\/2021\/12\/logo900-head.webp\",\"width\":470,\"height\":110,\"caption\":\"Aceite Novecientos\"},\"image\":{\"@id\":\"https:\/\/www.aceitenovecientos.com\/#\/schema\/logo\/image\/\"},\"sameAs\":[\"https:\/\/www.facebook.com\/aceitenovecientos\/\"]}]}<\/script>\n<!-- \/ Yoast SEO plugin. -->","yoast_head_json":{"title":"Pack regalo mermelada AOVE naranja+AOVE con albahaca y trufa blanca","description":"Pack regalo que incluye una mermelada de Aceite de Oliva Virgen Extra con piel de naranja y aromatizados de AOVE sabor trufa blanca y de albahaca","robots":{"index":"index","follow":"follow","max-snippet":"max-snippet:-1","max-image-preview":"max-image-preview:large","max-video-preview":"max-video-preview:-1"},"canonical":"https:\/\/www.aceitenovecientos.com\/en\/product\/caja-regalo-aromatizado-aove-sabor-albahaca-jalea-aove-naranja-aromatizado-aove-trufa-blanca\/","og_locale":"en_GB","og_type":"article","og_title":"Pack regalo mermelada AOVE naranja+AOVE con albahaca y trufa blanca","og_description":"Pack regalo que incluye una mermelada de Aceite de Oliva Virgen Extra con piel de naranja y aromatizados de AOVE sabor trufa blanca y de albahaca","og_url":"https:\/\/www.aceitenovecientos.com\/en\/product\/caja-regalo-aromatizado-aove-sabor-albahaca-jalea-aove-naranja-aromatizado-aove-trufa-blanca\/","og_site_name":"Aceite Novecientos","article_publisher":"https:\/\/www.facebook.com\/aceitenovecientos\/","article_modified_time":"2019-03-17T11:51:51+00:00","og_image":[{"width":1666,"height":1301,"url":"https:\/\/www.aceitenovecientos.com\/wp-content\/uploads\/2018\/12\/Caja-jalea-aromatizados-AOVE-trufa-branca-albahaca-naranja.jpg","type":"image\/jpeg"}],"twitter_card":"summary_large_image","twitter_misc":{"Estimated reading time":"2 minutes"},"schema":{"@context":"https:\/\/schema.org","@graph":[{"@type":"WebPage","@id":"https:\/\/www.aceitenovecientos.com\/producto\/caja-regalo-aromatizado-aove-sabor-albahaca-jalea-aove-naranja-aromatizado-aove-trufa-blanca\/","url":"https:\/\/www.aceitenovecientos.com\/producto\/caja-regalo-aromatizado-aove-sabor-albahaca-jalea-aove-naranja-aromatizado-aove-trufa-blanca\/","name":"Pack regalo mermelada AOVE naranja+AOVE con albahaca y trufa blanca","isPartOf":{"@id":"https:\/\/www.aceitenovecientos.com\/#website"},"primaryImageOfPage":{"@id":"https:\/\/www.aceitenovecientos.com\/producto\/caja-regalo-aromatizado-aove-sabor-albahaca-jalea-aove-naranja-aromatizado-aove-trufa-blanca\/#primaryimage"},"image":{"@id":"https:\/\/www.aceitenovecientos.com\/producto\/caja-regalo-aromatizado-aove-sabor-albahaca-jalea-aove-naranja-aromatizado-aove-trufa-blanca\/#primaryimage"},"thumbnailUrl":"https:\/\/www.aceitenovecientos.com\/wp-content\/uploads\/2018\/12\/Caja-jalea-aromatizados-AOVE-trufa-branca-albahaca-naranja.jpg","datePublished":"2018-12-26T09:19:47+00:00","dateModified":"2019-03-17T11:51:51+00:00","description":"Pack regalo que incluye una mermelada de Aceite de Oliva Virgen Extra con piel de naranja y aromatizados de AOVE sabor trufa blanca y de albahaca","breadcrumb":{"@id":"https:\/\/www.aceitenovecientos.com\/producto\/caja-regalo-aromatizado-aove-sabor-albahaca-jalea-aove-naranja-aromatizado-aove-trufa-blanca\/#breadcrumb"},"inLanguage":"en-GB","potentialAction":[{"@type":"ReadAction","target":["https:\/\/www.aceitenovecientos.com\/producto\/caja-regalo-aromatizado-aove-sabor-albahaca-jalea-aove-naranja-aromatizado-aove-trufa-blanca\/"]}]},{"@type":"ImageObject","inLanguage":"en-GB","@id":"https:\/\/www.aceitenovecientos.com\/producto\/caja-regalo-aromatizado-aove-sabor-albahaca-jalea-aove-naranja-aromatizado-aove-trufa-blanca\/#primaryimage","url":"https:\/\/www.aceitenovecientos.com\/wp-content\/uploads\/2018\/12\/Caja-jalea-aromatizados-AOVE-trufa-branca-albahaca-naranja.jpg","contentUrl":"https:\/\/www.aceitenovecientos.com\/wp-content\/uploads\/2018\/12\/Caja-jalea-aromatizados-AOVE-trufa-branca-albahaca-naranja.jpg","width":1666,"height":1301,"caption":"Caja de regalo con Jalea de AOVE con naranja y aromatizados de AOVE de trufa blanca y albahaca."},{"@type":"BreadcrumbList","@id":"https:\/\/www.aceitenovecientos.com\/producto\/caja-regalo-aromatizado-aove-sabor-albahaca-jalea-aove-naranja-aromatizado-aove-trufa-blanca\/#breadcrumb","itemListElement":[{"@type":"ListItem","position":1,"name":"Portada","item":"https:\/\/www.aceitenovecientos.com\/"},{"@type":"ListItem","position":2,"name":"Cat\u00e1logo","item":"https:\/\/www.aceitenovecientos.com\/shop\/"},{"@type":"ListItem","position":3,"name":"Pack Regalo con Jalea de AOVE con naranja y Aromatizados de AOVE Trufa blanca y Albahaca"}]},{"@type":"WebSite","@id":"https:\/\/www.aceitenovecientos.com\/#website","url":"https:\/\/www.aceitenovecientos.com\/","name":"Aceite Novecientos","description":"Aceite de Oliva de Ja\u00e9n","publisher":{"@id":"https:\/\/www.aceitenovecientos.com\/#organization"},"potentialAction":[{"@type":"SearchAction","target":{"@type":"EntryPoint","urlTemplate":"https:\/\/www.aceitenovecientos.com\/?s={search_term_string}"},"query-input":{"@type":"PropertyValueSpecification","valueRequired":true,"valueName":"search_term_string"}}],"inLanguage":"en-GB"},{"@type":"Organization","@id":"https:\/\/www.aceitenovecientos.com\/#organization","name":"Aceite Novecientos","url":"https:\/\/www.aceitenovecientos.com\/","logo":{"@type":"ImageObject","inLanguage":"en-GB","@id":"https:\/\/www.aceitenovecientos.com\/#\/schema\/logo\/image\/","url":"https:\/\/www.aceitenovecientos.com\/wp-content\/uploads\/2021\/12\/logo900-head.webp","contentUrl":"https:\/\/www.aceitenovecientos.com\/wp-content\/uploads\/2021\/12\/logo900-head.webp","width":470,"height":110,"caption":"Aceite Novecientos"},"image":{"@id":"https:\/\/www.aceitenovecientos.com\/#\/schema\/logo\/image\/"},"sameAs":["https:\/\/www.facebook.com\/aceitenovecientos\/"]}]}},"_links":{"self":[{"href":"https:\/\/www.aceitenovecientos.com\/en\/wp-json\/wp\/v2\/product\/1638","targetHints":{"allow":["GET"]}}],"collection":[{"href":"https:\/\/www.aceitenovecientos.com\/en\/wp-json\/wp\/v2\/product"}],"about":[{"href":"https:\/\/www.aceitenovecientos.com\/en\/wp-json\/wp\/v2\/types\/product"}],"replies":[{"embeddable":true,"href":"https:\/\/www.aceitenovecientos.com\/en\/wp-json\/wp\/v2\/comments?post=1638"}],"wp:featuredmedia":[{"embeddable":true,"href":"https:\/\/www.aceitenovecientos.com\/en\/wp-json\/wp\/v2\/media\/1649"}],"wp:attachment":[{"href":"https:\/\/www.aceitenovecientos.com\/en\/wp-json\/wp\/v2\/media?parent=1638"}],"wp:term":[{"taxonomy":"product_cat","embeddable":true,"href":"https:\/\/www.aceitenovecientos.com\/en\/wp-json\/wp\/v2\/product_cat?post=1638"},{"taxonomy":"product_tag","embeddable":true,"href":"https:\/\/www.aceitenovecientos.com\/en\/wp-json\/wp\/v2\/product_tag?post=1638"}],"curies":[{"name":"wp","href":"https:\/\/api.w.org\/{rel}","templated":true}]}}