{"id":1633,"date":"2018-12-26T09:00:19","date_gmt":"2018-12-26T09:00:19","guid":{"rendered":"https:\/\/www.aceitenovecientos.com\/?post_type=product&#038;p=1633"},"modified":"2021-01-24T11:25:45","modified_gmt":"2021-01-24T11:25:45","slug":"caja-regalo-3-jaleas-aceite-oliva-virgen-extra","status":"publish","type":"product","link":"https:\/\/www.aceitenovecientos.com\/en\/product\/caja-regalo-3-jaleas-aceite-oliva-virgen-extra\/","title":{"rendered":"Caja regalo con 3 Jaleas de Aceite de Oliva Virgen Extra"},"content":{"rendered":"<h2 class=\"product_title entry-title\">Caja regalo con 3 jaleas de aceite de oliva virgen extra, sabores Natural, cacao y naranja.<\/h2>\n<p>Caja regalo compuesta por mermeladas de AOVE con sabores natural, cacao y naranja. Regala salud y sabor de la manera m\u00e1s original y dulce.<\/p>\n<h2><\/h2>\n<h2 class=\"product_title entry-title\">Jalea de AOVE Natural<\/h2>\n<p class=\"product_title entry-title\">Mermelada de aceite de oliva elaborada con nuestro mejor aceite de oliva virgen extra, frutado, sabroso, con aromas a las sierras de las que precede a 900 metros de altitud. Con una textura que no te va a dejar indiferente porque tanto su sabor, como su suavidad en boca, te van a sorprender. La jalea de aceite 900 te har\u00e1 vivir una experiencia especial por su sabor y por la sensaci\u00f3n buco t\u00e1ctil que deja en la boca en cada bocado.<\/p>\n<div><\/div>\n<h2 class=\"product_title entry-title\">Jalea de AOVE con cacao<\/h2>\n<div>\u00a0Hemos reunido los aromas de los aceites de sierra, a 900 metros de altitud, con los aromas del cacao que engancha a la primera inhalaci\u00f3n. Sabor y textura inconfundible que lo hace irresistible. La combinaci\u00f3n de la jalea de aceite de oliva con cacao 900 te har\u00e1 sentir \u00a0experiencias sensoriales \u00fanicas por su sabor y por la sensaci\u00f3n que deja tanto en el paladar como en buco. Cada bocado, un sentimiento.<\/div>\n<div><\/div>\n<h2>Jalea de AOVE con Naranja<\/h2>\n<p>Mermelada de aceite de oliva con piel de naranja, de gran calidad y elaborada con nuestro mejor aceite. Con una textura gelatinosa que dan lugar a sensaciones \u00fanicas por su inconfundible sabor. Ponemos a disposici\u00f3n de los cocineros m\u00e1s caseros, un producto de calidad y un acompa\u00f1ante ejemplar para mejorar cada plato. Sorprende su versatilidad, ya que combina a la perfecci\u00f3n con platos dulces y salados. Atr\u00e9vete a combinarla con quesos, pat\u00e9s o l\u00e1cteos.<\/p>\n<p>&nbsp;<\/p>","protected":false},"excerpt":{"rendered":"<p><em>(Botes de 140gr.) <\/em>Caja trio con 3 botes de 140gr.. con una gama completamente diferente de mermeladas de aceite de oliva virgen extra con diferentes\u00a0sabores\u00a0 para degustar y endulzar tu paladar, para experimentar en la cocina con l\u00e1cteos, frutas, pat\u00e9s, quesos, helados favoritos y mucho m\u00e1s.<em><br \/>\n<\/em><\/p>\n<p>Maridaje apropiado para platos dulces y salados.<em><br \/>\n<\/em><\/p>\n<p>La Caja\u00a0incluye:<\/p>\n<p>&#8211;\u00a0Jalea de Aceite de Oliva Virgen Extra Natural<\/p>\n<p>&#8211; Jalea de Aceite de Oliva Virgen Extra con Cacao.<\/p>\n<p>&#8211; Jalea de Aceite de Oliva Virgen Extra con Naranja<\/p>\n<p>Si est\u00e1s interesado en comprar varias Jaleas de AOVE, <strong>hazte con el pack de 3 y ahorra en la compra<\/strong>.<\/p>\n<p><strong>Disponemos adem\u00e1s de Jalea de AOVE con Canela, puedes incluirla contactando con nosotros<\/strong><strong>.<\/strong><\/p>\n<p><strong> Y si quieres realizar cualquier\u00a0otra combinaci\u00f3n de sabores, p\u00f3ngase en contacto con nosotros a trav\u00e9s del email <a href=\"mailto:info@900foods.com\">info@900foods.com<\/a><\/strong><\/p>","protected":false},"featured_media":1648,"comment_status":"open","ping_status":"closed","template":"","meta":[],"product_cat":[269,186],"product_tag":[11,63,129,168,167,203,196,194,204],"class_list":{"0":"post-1633","1":"product","2":"type-product","3":"status-publish","4":"has-post-thumbnail","6":"product_cat-dulces-saludables-con-aove-y-mieles","7":"product_cat-regalos","8":"product_tag-aceite-de-oliva","9":"product_tag-caja-regalo-aceite","10":"product_tag-delicatesen","11":"product_tag-jalea-de-aceite-de-oliva","12":"product_tag-mermelada-de-aceite-de-oliva","13":"product_tag-mermelada-de-aceite-de-oliva-con-cacao","14":"product_tag-mermelada-de-aceite-de-oliva-con-canela","15":"product_tag-mermelada-de-aceite-de-oliva-con-naranja","16":"product_tag-mermelada-de-aceite-de-oliva-virgen-extra","18":"first","19":"instock","20":"taxable","21":"shipping-taxable","22":"purchasable","23":"product-type-simple"},"yoast_head":"<!-- This site is optimized with the Yoast SEO plugin v24.1 - https:\/\/yoast.com\/wordpress\/plugins\/seo\/ -->\n<title>Caja Regalo con jaleas de Aceite Oliva Virgen de Extra. cacao, naranja.<\/title>\n<meta name=\"description\" content=\"Caja Regalo con jaleas de Aceite Oliva Virgen de Extra. Natural, cacao y naranja. Mermeladas de AOVE dulces, saludables y deliciosas.\" \/>\n<meta name=\"robots\" content=\"index, follow, max-snippet:-1, max-image-preview:large, max-video-preview:-1\" \/>\n<link rel=\"canonical\" href=\"https:\/\/www.aceitenovecientos.com\/en\/product\/caja-regalo-3-jaleas-aceite-oliva-virgen-extra\/\" \/>\n<meta property=\"og:locale\" content=\"en_GB\" \/>\n<meta property=\"og:type\" content=\"article\" \/>\n<meta property=\"og:title\" content=\"Caja Regalo con jaleas de Aceite Oliva Virgen de Extra. cacao, naranja.\" \/>\n<meta property=\"og:description\" content=\"Caja Regalo con jaleas de Aceite Oliva Virgen de Extra. Natural, cacao y naranja. Mermeladas de AOVE dulces, saludables y deliciosas.\" \/>\n<meta property=\"og:url\" content=\"https:\/\/www.aceitenovecientos.com\/en\/product\/caja-regalo-3-jaleas-aceite-oliva-virgen-extra\/\" \/>\n<meta property=\"og:site_name\" content=\"Aceite Novecientos\" \/>\n<meta property=\"article:publisher\" content=\"https:\/\/www.facebook.com\/aceitenovecientos\/\" \/>\n<meta property=\"article:modified_time\" content=\"2021-01-24T11:25:45+00:00\" \/>\n<meta property=\"og:image\" content=\"https:\/\/www.aceitenovecientos.com\/wp-content\/uploads\/2018\/12\/Caja-3-mermelada-Aceite-Oliva-Virgen-Extra-cacao-naranja.jpg\" \/>\n\t<meta property=\"og:image:width\" content=\"1572\" \/>\n\t<meta property=\"og:image:height\" content=\"1243\" \/>\n\t<meta property=\"og:image:type\" content=\"image\/jpeg\" \/>\n<meta name=\"twitter:card\" content=\"summary_large_image\" \/>\n<meta name=\"twitter:label1\" content=\"Estimated reading time\" \/>\n\t<meta name=\"twitter:data1\" content=\"1 minute\" \/>\n<script type=\"application\/ld+json\" class=\"yoast-schema-graph\">{\"@context\":\"https:\/\/schema.org\",\"@graph\":[{\"@type\":\"WebPage\",\"@id\":\"https:\/\/www.aceitenovecientos.com\/en\/product\/caja-regalo-3-jaleas-aceite-oliva-virgen-extra\/\",\"url\":\"https:\/\/www.aceitenovecientos.com\/en\/product\/caja-regalo-3-jaleas-aceite-oliva-virgen-extra\/\",\"name\":\"Caja Regalo con jaleas de Aceite Oliva Virgen de Extra. cacao, naranja.\",\"isPartOf\":{\"@id\":\"https:\/\/www.aceitenovecientos.com\/#website\"},\"primaryImageOfPage\":{\"@id\":\"https:\/\/www.aceitenovecientos.com\/en\/product\/caja-regalo-3-jaleas-aceite-oliva-virgen-extra\/#primaryimage\"},\"image\":{\"@id\":\"https:\/\/www.aceitenovecientos.com\/en\/product\/caja-regalo-3-jaleas-aceite-oliva-virgen-extra\/#primaryimage\"},\"thumbnailUrl\":\"https:\/\/www.aceitenovecientos.com\/wp-content\/uploads\/2018\/12\/Caja-3-mermelada-Aceite-Oliva-Virgen-Extra-cacao-naranja.jpg\",\"datePublished\":\"2018-12-26T09:00:19+00:00\",\"dateModified\":\"2021-01-24T11:25:45+00:00\",\"description\":\"Caja Regalo con jaleas de Aceite Oliva Virgen de Extra. Natural, cacao y naranja. Mermeladas de AOVE dulces, saludables y deliciosas.\",\"breadcrumb\":{\"@id\":\"https:\/\/www.aceitenovecientos.com\/en\/product\/caja-regalo-3-jaleas-aceite-oliva-virgen-extra\/#breadcrumb\"},\"inLanguage\":\"en-GB\",\"potentialAction\":[{\"@type\":\"ReadAction\",\"target\":[\"https:\/\/www.aceitenovecientos.com\/en\/product\/caja-regalo-3-jaleas-aceite-oliva-virgen-extra\/\"]}]},{\"@type\":\"ImageObject\",\"inLanguage\":\"en-GB\",\"@id\":\"https:\/\/www.aceitenovecientos.com\/en\/product\/caja-regalo-3-jaleas-aceite-oliva-virgen-extra\/#primaryimage\",\"url\":\"https:\/\/www.aceitenovecientos.com\/wp-content\/uploads\/2018\/12\/Caja-3-mermelada-Aceite-Oliva-Virgen-Extra-cacao-naranja.jpg\",\"contentUrl\":\"https:\/\/www.aceitenovecientos.com\/wp-content\/uploads\/2018\/12\/Caja-3-mermelada-Aceite-Oliva-Virgen-Extra-cacao-naranja.jpg\",\"width\":1572,\"height\":1243,\"caption\":\"Caja regalo con Jalea de Aceite de Oliva Virgen Extra. Natural, con cacao y con naranja.\"},{\"@type\":\"BreadcrumbList\",\"@id\":\"https:\/\/www.aceitenovecientos.com\/en\/product\/caja-regalo-3-jaleas-aceite-oliva-virgen-extra\/#breadcrumb\",\"itemListElement\":[{\"@type\":\"ListItem\",\"position\":1,\"name\":\"Portada\",\"item\":\"https:\/\/www.aceitenovecientos.com\/\"},{\"@type\":\"ListItem\",\"position\":2,\"name\":\"Cat\u00e1logo\",\"item\":\"https:\/\/www.aceitenovecientos.com\/shop\/\"},{\"@type\":\"ListItem\",\"position\":3,\"name\":\"Caja regalo con 3 Jaleas de Aceite de Oliva Virgen Extra\"}]},{\"@type\":\"WebSite\",\"@id\":\"https:\/\/www.aceitenovecientos.com\/#website\",\"url\":\"https:\/\/www.aceitenovecientos.com\/\",\"name\":\"Aceite Novecientos\",\"description\":\"Aceite de Oliva de Ja\u00e9n\",\"publisher\":{\"@id\":\"https:\/\/www.aceitenovecientos.com\/#organization\"},\"potentialAction\":[{\"@type\":\"SearchAction\",\"target\":{\"@type\":\"EntryPoint\",\"urlTemplate\":\"https:\/\/www.aceitenovecientos.com\/?s={search_term_string}\"},\"query-input\":{\"@type\":\"PropertyValueSpecification\",\"valueRequired\":true,\"valueName\":\"search_term_string\"}}],\"inLanguage\":\"en-GB\"},{\"@type\":\"Organization\",\"@id\":\"https:\/\/www.aceitenovecientos.com\/#organization\",\"name\":\"Aceite Novecientos\",\"url\":\"https:\/\/www.aceitenovecientos.com\/\",\"logo\":{\"@type\":\"ImageObject\",\"inLanguage\":\"en-GB\",\"@id\":\"https:\/\/www.aceitenovecientos.com\/#\/schema\/logo\/image\/\",\"url\":\"https:\/\/www.aceitenovecientos.com\/wp-content\/uploads\/2021\/12\/logo900-head.webp\",\"contentUrl\":\"https:\/\/www.aceitenovecientos.com\/wp-content\/uploads\/2021\/12\/logo900-head.webp\",\"width\":470,\"height\":110,\"caption\":\"Aceite Novecientos\"},\"image\":{\"@id\":\"https:\/\/www.aceitenovecientos.com\/#\/schema\/logo\/image\/\"},\"sameAs\":[\"https:\/\/www.facebook.com\/aceitenovecientos\/\"]}]}<\/script>\n<!-- \/ Yoast SEO plugin. -->","yoast_head_json":{"title":"Caja Regalo con jaleas de Aceite Oliva Virgen de Extra. cacao, naranja.","description":"Caja Regalo con jaleas de Aceite Oliva Virgen de Extra. Natural, cacao y naranja. Mermeladas de AOVE dulces, saludables y deliciosas.","robots":{"index":"index","follow":"follow","max-snippet":"max-snippet:-1","max-image-preview":"max-image-preview:large","max-video-preview":"max-video-preview:-1"},"canonical":"https:\/\/www.aceitenovecientos.com\/en\/product\/caja-regalo-3-jaleas-aceite-oliva-virgen-extra\/","og_locale":"en_GB","og_type":"article","og_title":"Caja Regalo con jaleas de Aceite Oliva Virgen de Extra. cacao, naranja.","og_description":"Caja Regalo con jaleas de Aceite Oliva Virgen de Extra. Natural, cacao y naranja. Mermeladas de AOVE dulces, saludables y deliciosas.","og_url":"https:\/\/www.aceitenovecientos.com\/en\/product\/caja-regalo-3-jaleas-aceite-oliva-virgen-extra\/","og_site_name":"Aceite Novecientos","article_publisher":"https:\/\/www.facebook.com\/aceitenovecientos\/","article_modified_time":"2021-01-24T11:25:45+00:00","og_image":[{"width":1572,"height":1243,"url":"https:\/\/www.aceitenovecientos.com\/wp-content\/uploads\/2018\/12\/Caja-3-mermelada-Aceite-Oliva-Virgen-Extra-cacao-naranja.jpg","type":"image\/jpeg"}],"twitter_card":"summary_large_image","twitter_misc":{"Estimated reading time":"1 minute"},"schema":{"@context":"https:\/\/schema.org","@graph":[{"@type":"WebPage","@id":"https:\/\/www.aceitenovecientos.com\/en\/product\/caja-regalo-3-jaleas-aceite-oliva-virgen-extra\/","url":"https:\/\/www.aceitenovecientos.com\/en\/product\/caja-regalo-3-jaleas-aceite-oliva-virgen-extra\/","name":"Caja Regalo con jaleas de Aceite Oliva Virgen de Extra. cacao, naranja.","isPartOf":{"@id":"https:\/\/www.aceitenovecientos.com\/#website"},"primaryImageOfPage":{"@id":"https:\/\/www.aceitenovecientos.com\/en\/product\/caja-regalo-3-jaleas-aceite-oliva-virgen-extra\/#primaryimage"},"image":{"@id":"https:\/\/www.aceitenovecientos.com\/en\/product\/caja-regalo-3-jaleas-aceite-oliva-virgen-extra\/#primaryimage"},"thumbnailUrl":"https:\/\/www.aceitenovecientos.com\/wp-content\/uploads\/2018\/12\/Caja-3-mermelada-Aceite-Oliva-Virgen-Extra-cacao-naranja.jpg","datePublished":"2018-12-26T09:00:19+00:00","dateModified":"2021-01-24T11:25:45+00:00","description":"Caja Regalo con jaleas de Aceite Oliva Virgen de Extra. Natural, cacao y naranja. Mermeladas de AOVE dulces, saludables y deliciosas.","breadcrumb":{"@id":"https:\/\/www.aceitenovecientos.com\/en\/product\/caja-regalo-3-jaleas-aceite-oliva-virgen-extra\/#breadcrumb"},"inLanguage":"en-GB","potentialAction":[{"@type":"ReadAction","target":["https:\/\/www.aceitenovecientos.com\/en\/product\/caja-regalo-3-jaleas-aceite-oliva-virgen-extra\/"]}]},{"@type":"ImageObject","inLanguage":"en-GB","@id":"https:\/\/www.aceitenovecientos.com\/en\/product\/caja-regalo-3-jaleas-aceite-oliva-virgen-extra\/#primaryimage","url":"https:\/\/www.aceitenovecientos.com\/wp-content\/uploads\/2018\/12\/Caja-3-mermelada-Aceite-Oliva-Virgen-Extra-cacao-naranja.jpg","contentUrl":"https:\/\/www.aceitenovecientos.com\/wp-content\/uploads\/2018\/12\/Caja-3-mermelada-Aceite-Oliva-Virgen-Extra-cacao-naranja.jpg","width":1572,"height":1243,"caption":"Caja regalo con Jalea de Aceite de Oliva Virgen Extra. Natural, con cacao y con naranja."},{"@type":"BreadcrumbList","@id":"https:\/\/www.aceitenovecientos.com\/en\/product\/caja-regalo-3-jaleas-aceite-oliva-virgen-extra\/#breadcrumb","itemListElement":[{"@type":"ListItem","position":1,"name":"Portada","item":"https:\/\/www.aceitenovecientos.com\/"},{"@type":"ListItem","position":2,"name":"Cat\u00e1logo","item":"https:\/\/www.aceitenovecientos.com\/shop\/"},{"@type":"ListItem","position":3,"name":"Caja regalo con 3 Jaleas de Aceite de Oliva Virgen Extra"}]},{"@type":"WebSite","@id":"https:\/\/www.aceitenovecientos.com\/#website","url":"https:\/\/www.aceitenovecientos.com\/","name":"Aceite Novecientos","description":"Aceite de Oliva de Ja\u00e9n","publisher":{"@id":"https:\/\/www.aceitenovecientos.com\/#organization"},"potentialAction":[{"@type":"SearchAction","target":{"@type":"EntryPoint","urlTemplate":"https:\/\/www.aceitenovecientos.com\/?s={search_term_string}"},"query-input":{"@type":"PropertyValueSpecification","valueRequired":true,"valueName":"search_term_string"}}],"inLanguage":"en-GB"},{"@type":"Organization","@id":"https:\/\/www.aceitenovecientos.com\/#organization","name":"Aceite Novecientos","url":"https:\/\/www.aceitenovecientos.com\/","logo":{"@type":"ImageObject","inLanguage":"en-GB","@id":"https:\/\/www.aceitenovecientos.com\/#\/schema\/logo\/image\/","url":"https:\/\/www.aceitenovecientos.com\/wp-content\/uploads\/2021\/12\/logo900-head.webp","contentUrl":"https:\/\/www.aceitenovecientos.com\/wp-content\/uploads\/2021\/12\/logo900-head.webp","width":470,"height":110,"caption":"Aceite Novecientos"},"image":{"@id":"https:\/\/www.aceitenovecientos.com\/#\/schema\/logo\/image\/"},"sameAs":["https:\/\/www.facebook.com\/aceitenovecientos\/"]}]}},"_links":{"self":[{"href":"https:\/\/www.aceitenovecientos.com\/en\/wp-json\/wp\/v2\/product\/1633","targetHints":{"allow":["GET"]}}],"collection":[{"href":"https:\/\/www.aceitenovecientos.com\/en\/wp-json\/wp\/v2\/product"}],"about":[{"href":"https:\/\/www.aceitenovecientos.com\/en\/wp-json\/wp\/v2\/types\/product"}],"replies":[{"embeddable":true,"href":"https:\/\/www.aceitenovecientos.com\/en\/wp-json\/wp\/v2\/comments?post=1633"}],"wp:featuredmedia":[{"embeddable":true,"href":"https:\/\/www.aceitenovecientos.com\/en\/wp-json\/wp\/v2\/media\/1648"}],"wp:attachment":[{"href":"https:\/\/www.aceitenovecientos.com\/en\/wp-json\/wp\/v2\/media?parent=1633"}],"wp:term":[{"taxonomy":"product_cat","embeddable":true,"href":"https:\/\/www.aceitenovecientos.com\/en\/wp-json\/wp\/v2\/product_cat?post=1633"},{"taxonomy":"product_tag","embeddable":true,"href":"https:\/\/www.aceitenovecientos.com\/en\/wp-json\/wp\/v2\/product_tag?post=1633"}],"curies":[{"name":"wp","href":"https:\/\/api.w.org\/{rel}","templated":true}]}}