{"id":1369,"date":"2018-05-09T21:28:23","date_gmt":"2018-05-09T21:28:23","guid":{"rendered":"https:\/\/www.aceitenovecientos.com\/producto\/jaleas-aceite-oliva-virgen-extra-900\/"},"modified":"2023-02-07T11:51:38","modified_gmt":"2023-02-07T10:51:38","slug":"jaleas-aceite-oliva-virgen-extra-900","status":"publish","type":"product","link":"https:\/\/www.aceitenovecientos.com\/en\/product\/jaleas-aceite-oliva-virgen-extra-900\/","title":{"rendered":"Jaleas de Aceite de Oliva Virgen Extra 900"},"content":{"rendered":"<h2>Mermelada de Aceite de Oliva Virgen Extra<\/h2>\n<p>Producto elaborado con nuestro mejor aceite de oliva virgen extra, frutado, sabroso, con aromas a las sierras de las que precede a 900 metros de altitud. Con una textura que no te va a dejar indiferente porque tanto su sabor, como su suavidad en boca, te van a sorprender. Ponemos a disposici\u00f3n de los comensales m\u00e1s exigentes, no s\u00f3lo un producto de calidad; sino un acompa\u00f1ante ideal para hacer cada plato m\u00e1s intenso, apetitoso y atrayente. Una mermelada de aceite de oliva virgen extra que te har\u00e1 vivir una experiencia especial por su sabor y por la sensaci\u00f3n buco t\u00e1ctil que deja en la boca en cada bocado.<\/p>\n<p>Adem\u00e1s de la degustaci\u00f3n por puro placer, le estas aportando a tu dieta todos los beneficios saludables de consumir AOVE por la cantidad de antioxidantes y otros componentes saludables que te ayudar\u00e1n a prevenir enfermedades cardiovasculares y a cuidar tu piel.<\/p>\n<h4><strong>Maridaje<\/strong><\/h4>\n<p>Se trata de un producto novedoso y por lo tanto, vemos recomendable dar algunos consejos de utilizaci\u00f3n como ideas para su consumo.<\/p>\n<p>Aunque estas ideas pueden servir como gu\u00eda, ni que decir tiene que la imaginaci\u00f3n y sabidur\u00eda de cada cocinero son el mejor maridaje de un producto de calidad. Pero si a\u00fan no sabes con qu\u00e9 acompa\u00f1arlo 900 te propone:<\/p>\n<p>-. La forma m\u00e1s c\u00f3moda y com\u00fan es en tostada. Ahora el mercado te ofrece una amplia gama de panes de diferentes cereales y composici\u00f3n. Solo tienes que tostarlo, untar tu jalea favorita, ya sea normal o de chocolate y a disfrutar del mejor desayuno posible.<\/p>\n<p>-. Cobertura de toda clase de bizcochos o tartas elaborados con la infinidad de recetas que te puedes encontrar. S\u00f3lo tienes que esperar a que se enfr\u00ede y cubrir tu\u00a0 bizcocho con una capa de jalea de aceite 900. No s\u00f3lo estas cambiando su sabor sino que estas incorporando una textura fresca y diferente. Tambi\u00e9n puedes usarlo para cubrir galletas antes o despu\u00e9s de hornearlas, a tu elecci\u00f3n. En general, es un alimento que acompa\u00f1a muy bien cualquier plato dulce.<\/p>\n<p>-. Pates: Elige tus pat\u00e9s preferidos o elabora tus mejores recetas y como guinda, adorna tu plato en la presentaci\u00f3n con una cobertura de esta riqu\u00edsima mermelada de aceite de oliva. No necesitar\u00e1s nada m\u00e1s para quedar como el mejor chef.<\/p>\n<p>-. Quesos en todo su amplio rango de variedades, yogur, cuajada, pudin, mousse, nata, crema y cualquier otro postre realizado con l\u00e1cteos. Marida perfectamente y realza su sabor.<\/p>\n<p>-.\u00a0 Un chorre\u00f3n sobre un helado y lo habr\u00e1s convertido en un postre de categor\u00eda superior. Los sabores que 900 te recomienda son vainilla, naranja y lim\u00f3n; pero como ya hemos comentado, la imaginaci\u00f3n del comensal es el mejor maridaje.<\/p>\n<h4>M\u00e1s ideas<\/h4>\n<p>-. Elaboraci\u00f3n de salsas y vinagretas. Cualquier ensalada puede ser aderezada con este super alimento; pero tambi\u00e9n lo puedes utilizar para hacer las vinagretas e incorporar as\u00ed su delicioso sabor a tus platos.<\/p>\n<p>-. Decoraci\u00f3n de tapas, aperitivos, tentempi\u00e9, bocados, canap\u00e9s, entremeses, piscolabis, buf\u00e9s, pinchos\u2026\u2026\u2026\u2026\u2026\u2026.<\/p>\n<p>-. Decora platos de carne o pescado en su base o como guarnici\u00f3n o acompa\u00f1amiento. Ver\u00e1s que \u00e9xito.<\/p>\n<p><strong>Ingredientes<\/strong>: Aceite de Oliva Virgen Extra, az\u00facar, agua, emulgente (goma xantana). Dependiendo del tipo contiene: piel de naranja, canela o cacao. No contiene al\u00e9rgenos.<\/p>\n<p><strong>Informaci\u00f3n nutricional, contenido medio por 100gr para jalea natural, naranja y canela:<\/strong><br \/>\nValor energ\u00e9tico\u2026\u2026\u2026\u2026..\u2026\u2026.. 2.084 kJ\/497,92 kcal.<br \/>\nGrasa Total\u2026\u2026\u2026\u2026\u2026..\u2026.\u2026\u2026\u2026.. 42,00 g.<br \/>\nDe las cuales grasa saturada\u2026 5,46 g.<br \/>\nHidratos de carbono \u2026\u2026\u2026.\u2026.. 29,00 g.<br \/>\nDe los cuales Az\u00facares\u2026\u2026\u2026\u2026 28,00 g.<br \/>\nProte\u00ednas\u2026\u2026\u2026\u2026\u2026\u2026\u2026\u2026\u2026\u2026\u2026&#8230; 0,35 g.<br \/>\nSal\u2026\u2026.\u2026\u2026\u2026\u2026\u2026\u2026..\u2026\u2026\u2026\u2026\u2026\u2026. 0,1 g.<\/p>\n<p><strong>Informaci\u00f3n nutricional, contenido medio por 100gr para jalea cacao:<\/strong><br \/>\nValor energ\u00e9tico\u2026\u2026\u2026\u2026..\u2026\u2026.. 2.552,89 kJ\/609,99 kcal.<br \/>\nGrasa Total\u2026\u2026\u2026\u2026\u2026..\u2026.\u2026\u2026\u2026.. 60,35 g.<br \/>\nDe las cuales grasa saturada\u2026 7,56 g.<br \/>\nHidratos de carbono \u2026\u2026\u2026.\u2026.. 13,91g.<br \/>\nDe los cuales Az\u00facares\u2026\u2026\u2026\u2026 4,91 g.<br \/>\nProte\u00ednas\u2026\u2026\u2026\u2026\u2026\u2026\u2026\u2026\u2026\u2026\u2026&#8230; 1,4 g.<br \/>\nSal\u2026\u2026.\u2026\u2026\u2026\u2026\u2026\u2026..\u2026\u2026\u2026\u2026\u2026\u2026. 0,9 g<\/p>","protected":false},"excerpt":{"rendered":"<p>Jalea elaborada artesanalmente con \u00a0aceite de oliva virgen extra de alta calidad. Una textura singular para acompa\u00f1ar a un producto tradicional de la dieta mediterr\u00e1nea. 900 ha conseguido transformar el AOVE en un producto similar a la mermelada de aceite de oliva que no deja indiferente. Maridaje ideal\u00a0 del sabor dulce y del frutado del aceite,\u00a0 perfecto para platos dulces pero tambi\u00e9n para salados.<\/p>\n<p>Formato:<\/p>\n<p>Bote de cristal de 140 g.<\/p>\n<p>Caja de 12 botes de cristal de 140 g.<\/p>","protected":false},"featured_media":1366,"comment_status":"open","ping_status":"closed","template":"","meta":[],"product_cat":[269],"product_tag":[168,167,169],"class_list":{"0":"post-1369","1":"product","2":"type-product","3":"status-publish","4":"has-post-thumbnail","6":"product_cat-dulces-saludables-con-aove-y-mieles","7":"product_tag-jalea-de-aceite-de-oliva","8":"product_tag-mermelada-de-aceite-de-oliva","9":"product_tag-postres-con-aceite-de-oliva","11":"first","12":"instock","13":"taxable","14":"shipping-taxable","15":"purchasable","16":"product-type-variable"},"yoast_head":"<!-- This site is optimized with the Yoast SEO plugin v24.1 - https:\/\/yoast.com\/wordpress\/plugins\/seo\/ -->\n<title>mermelada de aceite de oliva virgen extra 900-Jalea de AOVE<\/title>\n<meta name=\"description\" content=\"jalea o mermelada de aceite de oliva virgen extra. AOVE con textura y dulzor como nunca lo has tomado. Maridaje perfecto para postre con AOVE.\" \/>\n<meta name=\"robots\" content=\"index, follow, max-snippet:-1, max-image-preview:large, max-video-preview:-1\" \/>\n<link rel=\"canonical\" href=\"https:\/\/www.aceitenovecientos.com\/en\/product\/jaleas-aceite-oliva-virgen-extra-900\/\" \/>\n<meta property=\"og:locale\" content=\"en_GB\" \/>\n<meta property=\"og:type\" content=\"article\" \/>\n<meta property=\"og:title\" content=\"mermelada de aceite de oliva virgen extra 900-Jalea de AOVE\" \/>\n<meta property=\"og:description\" content=\"jalea o mermelada de aceite de oliva virgen extra. AOVE con textura y dulzor como nunca lo has tomado. Maridaje perfecto para postre con AOVE.\" \/>\n<meta property=\"og:url\" content=\"https:\/\/www.aceitenovecientos.com\/en\/product\/jaleas-aceite-oliva-virgen-extra-900\/\" \/>\n<meta property=\"og:site_name\" content=\"Aceite Novecientos\" \/>\n<meta property=\"article:publisher\" content=\"https:\/\/www.facebook.com\/aceitenovecientos\/\" \/>\n<meta property=\"article:modified_time\" content=\"2023-02-07T10:51:38+00:00\" \/>\n<meta property=\"og:image\" content=\"https:\/\/www.aceitenovecientos.com\/wp-content\/uploads\/2018\/05\/Jaleas-2-1.jpg\" \/>\n\t<meta property=\"og:image:width\" content=\"1134\" \/>\n\t<meta property=\"og:image:height\" content=\"1134\" \/>\n\t<meta property=\"og:image:type\" content=\"image\/jpeg\" \/>\n<meta name=\"twitter:card\" content=\"summary_large_image\" \/>\n<meta name=\"twitter:label1\" content=\"Estimated reading time\" \/>\n\t<meta name=\"twitter:data1\" content=\"3 minutes\" \/>\n<script type=\"application\/ld+json\" class=\"yoast-schema-graph\">{\"@context\":\"https:\/\/schema.org\",\"@graph\":[{\"@type\":\"WebPage\",\"@id\":\"https:\/\/www.aceitenovecientos.com\/producto\/jaleas-aceite-oliva-virgen-extra-900\/\",\"url\":\"https:\/\/www.aceitenovecientos.com\/producto\/jaleas-aceite-oliva-virgen-extra-900\/\",\"name\":\"mermelada de aceite de oliva virgen extra 900-Jalea de AOVE\",\"isPartOf\":{\"@id\":\"https:\/\/www.aceitenovecientos.com\/#website\"},\"primaryImageOfPage\":{\"@id\":\"https:\/\/www.aceitenovecientos.com\/producto\/jaleas-aceite-oliva-virgen-extra-900\/#primaryimage\"},\"image\":{\"@id\":\"https:\/\/www.aceitenovecientos.com\/producto\/jaleas-aceite-oliva-virgen-extra-900\/#primaryimage\"},\"thumbnailUrl\":\"https:\/\/www.aceitenovecientos.com\/wp-content\/uploads\/2018\/05\/Jaleas-2-1.jpg\",\"datePublished\":\"2018-05-09T21:28:23+00:00\",\"dateModified\":\"2023-02-07T10:51:38+00:00\",\"description\":\"jalea o mermelada de aceite de oliva virgen extra. AOVE con textura y dulzor como nunca lo has tomado. Maridaje perfecto para postre con AOVE.\",\"breadcrumb\":{\"@id\":\"https:\/\/www.aceitenovecientos.com\/producto\/jaleas-aceite-oliva-virgen-extra-900\/#breadcrumb\"},\"inLanguage\":\"en-GB\",\"potentialAction\":[{\"@type\":\"ReadAction\",\"target\":[\"https:\/\/www.aceitenovecientos.com\/producto\/jaleas-aceite-oliva-virgen-extra-900\/\"]}]},{\"@type\":\"ImageObject\",\"inLanguage\":\"en-GB\",\"@id\":\"https:\/\/www.aceitenovecientos.com\/producto\/jaleas-aceite-oliva-virgen-extra-900\/#primaryimage\",\"url\":\"https:\/\/www.aceitenovecientos.com\/wp-content\/uploads\/2018\/05\/Jaleas-2-1.jpg\",\"contentUrl\":\"https:\/\/www.aceitenovecientos.com\/wp-content\/uploads\/2018\/05\/Jaleas-2-1.jpg\",\"width\":1134,\"height\":1134,\"caption\":\"artisan jam\"},{\"@type\":\"BreadcrumbList\",\"@id\":\"https:\/\/www.aceitenovecientos.com\/producto\/jaleas-aceite-oliva-virgen-extra-900\/#breadcrumb\",\"itemListElement\":[{\"@type\":\"ListItem\",\"position\":1,\"name\":\"Portada\",\"item\":\"https:\/\/www.aceitenovecientos.com\/\"},{\"@type\":\"ListItem\",\"position\":2,\"name\":\"Cat\u00e1logo\",\"item\":\"https:\/\/www.aceitenovecientos.com\/shop\/\"},{\"@type\":\"ListItem\",\"position\":3,\"name\":\"Jaleas de Aceite de Oliva Virgen Extra 900\"}]},{\"@type\":\"WebSite\",\"@id\":\"https:\/\/www.aceitenovecientos.com\/#website\",\"url\":\"https:\/\/www.aceitenovecientos.com\/\",\"name\":\"Aceite Novecientos\",\"description\":\"Aceite de Oliva de Ja\u00e9n\",\"publisher\":{\"@id\":\"https:\/\/www.aceitenovecientos.com\/#organization\"},\"potentialAction\":[{\"@type\":\"SearchAction\",\"target\":{\"@type\":\"EntryPoint\",\"urlTemplate\":\"https:\/\/www.aceitenovecientos.com\/?s={search_term_string}\"},\"query-input\":{\"@type\":\"PropertyValueSpecification\",\"valueRequired\":true,\"valueName\":\"search_term_string\"}}],\"inLanguage\":\"en-GB\"},{\"@type\":\"Organization\",\"@id\":\"https:\/\/www.aceitenovecientos.com\/#organization\",\"name\":\"Aceite Novecientos\",\"url\":\"https:\/\/www.aceitenovecientos.com\/\",\"logo\":{\"@type\":\"ImageObject\",\"inLanguage\":\"en-GB\",\"@id\":\"https:\/\/www.aceitenovecientos.com\/#\/schema\/logo\/image\/\",\"url\":\"https:\/\/www.aceitenovecientos.com\/wp-content\/uploads\/2021\/12\/logo900-head.webp\",\"contentUrl\":\"https:\/\/www.aceitenovecientos.com\/wp-content\/uploads\/2021\/12\/logo900-head.webp\",\"width\":470,\"height\":110,\"caption\":\"Aceite Novecientos\"},\"image\":{\"@id\":\"https:\/\/www.aceitenovecientos.com\/#\/schema\/logo\/image\/\"},\"sameAs\":[\"https:\/\/www.facebook.com\/aceitenovecientos\/\"]}]}<\/script>\n<!-- \/ Yoast SEO plugin. -->","yoast_head_json":{"title":"mermelada de aceite de oliva virgen extra 900-Jalea de AOVE","description":"jalea o mermelada de aceite de oliva virgen extra. AOVE con textura y dulzor como nunca lo has tomado. Maridaje perfecto para postre con AOVE.","robots":{"index":"index","follow":"follow","max-snippet":"max-snippet:-1","max-image-preview":"max-image-preview:large","max-video-preview":"max-video-preview:-1"},"canonical":"https:\/\/www.aceitenovecientos.com\/en\/product\/jaleas-aceite-oliva-virgen-extra-900\/","og_locale":"en_GB","og_type":"article","og_title":"mermelada de aceite de oliva virgen extra 900-Jalea de AOVE","og_description":"jalea o mermelada de aceite de oliva virgen extra. AOVE con textura y dulzor como nunca lo has tomado. Maridaje perfecto para postre con AOVE.","og_url":"https:\/\/www.aceitenovecientos.com\/en\/product\/jaleas-aceite-oliva-virgen-extra-900\/","og_site_name":"Aceite Novecientos","article_publisher":"https:\/\/www.facebook.com\/aceitenovecientos\/","article_modified_time":"2023-02-07T10:51:38+00:00","og_image":[{"width":1134,"height":1134,"url":"https:\/\/www.aceitenovecientos.com\/wp-content\/uploads\/2018\/05\/Jaleas-2-1.jpg","type":"image\/jpeg"}],"twitter_card":"summary_large_image","twitter_misc":{"Estimated reading time":"3 minutes"},"schema":{"@context":"https:\/\/schema.org","@graph":[{"@type":"WebPage","@id":"https:\/\/www.aceitenovecientos.com\/producto\/jaleas-aceite-oliva-virgen-extra-900\/","url":"https:\/\/www.aceitenovecientos.com\/producto\/jaleas-aceite-oliva-virgen-extra-900\/","name":"mermelada de aceite de oliva virgen extra 900-Jalea de AOVE","isPartOf":{"@id":"https:\/\/www.aceitenovecientos.com\/#website"},"primaryImageOfPage":{"@id":"https:\/\/www.aceitenovecientos.com\/producto\/jaleas-aceite-oliva-virgen-extra-900\/#primaryimage"},"image":{"@id":"https:\/\/www.aceitenovecientos.com\/producto\/jaleas-aceite-oliva-virgen-extra-900\/#primaryimage"},"thumbnailUrl":"https:\/\/www.aceitenovecientos.com\/wp-content\/uploads\/2018\/05\/Jaleas-2-1.jpg","datePublished":"2018-05-09T21:28:23+00:00","dateModified":"2023-02-07T10:51:38+00:00","description":"jalea o mermelada de aceite de oliva virgen extra. AOVE con textura y dulzor como nunca lo has tomado. Maridaje perfecto para postre con AOVE.","breadcrumb":{"@id":"https:\/\/www.aceitenovecientos.com\/producto\/jaleas-aceite-oliva-virgen-extra-900\/#breadcrumb"},"inLanguage":"en-GB","potentialAction":[{"@type":"ReadAction","target":["https:\/\/www.aceitenovecientos.com\/producto\/jaleas-aceite-oliva-virgen-extra-900\/"]}]},{"@type":"ImageObject","inLanguage":"en-GB","@id":"https:\/\/www.aceitenovecientos.com\/producto\/jaleas-aceite-oliva-virgen-extra-900\/#primaryimage","url":"https:\/\/www.aceitenovecientos.com\/wp-content\/uploads\/2018\/05\/Jaleas-2-1.jpg","contentUrl":"https:\/\/www.aceitenovecientos.com\/wp-content\/uploads\/2018\/05\/Jaleas-2-1.jpg","width":1134,"height":1134,"caption":"artisan jam"},{"@type":"BreadcrumbList","@id":"https:\/\/www.aceitenovecientos.com\/producto\/jaleas-aceite-oliva-virgen-extra-900\/#breadcrumb","itemListElement":[{"@type":"ListItem","position":1,"name":"Portada","item":"https:\/\/www.aceitenovecientos.com\/"},{"@type":"ListItem","position":2,"name":"Cat\u00e1logo","item":"https:\/\/www.aceitenovecientos.com\/shop\/"},{"@type":"ListItem","position":3,"name":"Jaleas de Aceite de Oliva Virgen Extra 900"}]},{"@type":"WebSite","@id":"https:\/\/www.aceitenovecientos.com\/#website","url":"https:\/\/www.aceitenovecientos.com\/","name":"Aceite Novecientos","description":"Aceite de Oliva de Ja\u00e9n","publisher":{"@id":"https:\/\/www.aceitenovecientos.com\/#organization"},"potentialAction":[{"@type":"SearchAction","target":{"@type":"EntryPoint","urlTemplate":"https:\/\/www.aceitenovecientos.com\/?s={search_term_string}"},"query-input":{"@type":"PropertyValueSpecification","valueRequired":true,"valueName":"search_term_string"}}],"inLanguage":"en-GB"},{"@type":"Organization","@id":"https:\/\/www.aceitenovecientos.com\/#organization","name":"Aceite Novecientos","url":"https:\/\/www.aceitenovecientos.com\/","logo":{"@type":"ImageObject","inLanguage":"en-GB","@id":"https:\/\/www.aceitenovecientos.com\/#\/schema\/logo\/image\/","url":"https:\/\/www.aceitenovecientos.com\/wp-content\/uploads\/2021\/12\/logo900-head.webp","contentUrl":"https:\/\/www.aceitenovecientos.com\/wp-content\/uploads\/2021\/12\/logo900-head.webp","width":470,"height":110,"caption":"Aceite Novecientos"},"image":{"@id":"https:\/\/www.aceitenovecientos.com\/#\/schema\/logo\/image\/"},"sameAs":["https:\/\/www.facebook.com\/aceitenovecientos\/"]}]}},"_links":{"self":[{"href":"https:\/\/www.aceitenovecientos.com\/en\/wp-json\/wp\/v2\/product\/1369","targetHints":{"allow":["GET"]}}],"collection":[{"href":"https:\/\/www.aceitenovecientos.com\/en\/wp-json\/wp\/v2\/product"}],"about":[{"href":"https:\/\/www.aceitenovecientos.com\/en\/wp-json\/wp\/v2\/types\/product"}],"replies":[{"embeddable":true,"href":"https:\/\/www.aceitenovecientos.com\/en\/wp-json\/wp\/v2\/comments?post=1369"}],"wp:featuredmedia":[{"embeddable":true,"href":"https:\/\/www.aceitenovecientos.com\/en\/wp-json\/wp\/v2\/media\/1366"}],"wp:attachment":[{"href":"https:\/\/www.aceitenovecientos.com\/en\/wp-json\/wp\/v2\/media?parent=1369"}],"wp:term":[{"taxonomy":"product_cat","embeddable":true,"href":"https:\/\/www.aceitenovecientos.com\/en\/wp-json\/wp\/v2\/product_cat?post=1369"},{"taxonomy":"product_tag","embeddable":true,"href":"https:\/\/www.aceitenovecientos.com\/en\/wp-json\/wp\/v2\/product_tag?post=1369"}],"curies":[{"name":"wp","href":"https:\/\/api.w.org\/{rel}","templated":true}]}}