{"id":1341,"date":"2018-05-02T08:46:26","date_gmt":"2018-05-02T08:46:26","guid":{"rendered":"https:\/\/www.aceitenovecientos.com\/producto\/aceite-de-oliva-virgen-extra-superior-900-top\/"},"modified":"2023-11-07T14:43:55","modified_gmt":"2023-11-07T13:43:55","slug":"aceite-de-oliva-virgen-extra-superior-900-top-2","status":"publish","type":"product","link":"https:\/\/www.aceitenovecientos.com\/en\/product\/aceite-de-oliva-virgen-extra-superior-900-top-2\/","title":{"rendered":"Aceite de Oliva Virgen Extra Superior 900 Origen"},"content":{"rendered":"<h2>El mejor aceite de oliva virgen extra<\/h2>\n<p><strong>El mejor aceite de oliva virgen extra de calidad superior<\/strong> obtenido del fruto del olivo \u00fanicamente por procedimientos mec\u00e1nicos\u00a0 que no produzcan la alteraci\u00f3n del aceite. El esmerado cuidado en el cultivo confieren a 900 ORIGEN unas caracter\u00edsticas organol\u00e9pticas \u00fanicas, para ser el mejor aceite de oliva virgen extra . Para ello ponemos especial atenci\u00f3n en el producto desde la recolecci\u00f3n, selecci\u00f3n del fruto y elaboraci\u00f3n y conservaci\u00f3n del aceite.<\/p>\n<p>Estas condiciones aportan un sabor y aroma con reminiscencias a hierba y tomate reci\u00e9n cortado. Adem\u00e1s las condiciones climatol\u00f3gicas, la de altitud de los olivares de la zona y las variedades de aceituna seleccionadas, \u00a0hacen que haya sido reconocido mediante varios galardones internacionales.<\/p>\n<ul>\n<li>Medalla de oro en el Concurso Internacional de Aceite de Oliva celebrado en Nueva York en 2013. Con una calificaci\u00f3n de 9,5 puntos, la cuarta nota m\u00e1s alta del concurso y el mejor aceite de oliva virgen extra espa\u00f1ol.<\/li>\n<li>Premio SUPERIOR TEST AWARD en el prestigioso concurso ITQI celebrado en la ciudad de Bruselas en 2014. Con una puntuaci\u00f3n final \u00a0de 89, la m\u00e1s alta de un aceite de oliva espa\u00f1ol. \u00abiTQi Superior Taste Award\u00bb es el \u00fanico sello de calidad en sabor otorgado por l\u00edderes de opini\u00f3n, Chefs y Sommeliers con estrellas Michelin.<\/li>\n<li>Premio GREAT TASTE AWARD 2014 en el prestigioso concurso celebrado en la ciudad de Londres.<\/li>\n<li>Medalla de oro en el Concurso Internacional de Aceite de oliva celebrado en Nueva York en 2015.<\/li>\n<li>Medalla de plata en la Olive Japan Competition celebrada en Tokyo (Jap\u00f3n) en 2019.<\/li>\n<\/ul>\n<p>El mejor aceite de oliva virgen extra es un coupage de las variedades picual, picudo y hojiblanca. Cultivadas en la zona y que mezcladas\u00a0 en sus perfectas proporciones a\u00fanan sus beneficios para otorgar a 900 ORIGEN sus caracter\u00edsticas organol\u00e9pticas.<\/p>\n<h3>Caracter\u00edsticas de aceite virgen extra 900 ORIGEN:<\/h3>\n<p>Coupage elaborado por un catador experto de aceites que combina en su perfecta proporci\u00f3n las caracter\u00edsticas de cada una de las variedades:<\/p>\n<ul>\n<li>Picual: Frutado verde estable, e intenso a hoja y tomate (Intensidad y estabilidad a lo largo del tiempo)<\/li>\n<li>Picudo: Frutado dulce a manzana y almendra. (Dulzor)<\/li>\n<li>Hojiblanca: Frutado dulce y picante a hierba y fruta fresca. (Intenso aroma)<\/li>\n<\/ul>\n<p>Sus indescriptibles caracter\u00edsticas han conseguido que este AOVE de exquisita calidad este valorado entre los mejores aceites del mundo.<\/p>\n<h3><strong>Conservaci\u00f3n del aceite virgen extra 900 ORIGEN:<\/strong><\/h3>\n<p>Conservar en lugar fresco y seco. Preservar de la luz y del exceso de calor. El envase ideal debe ser opaco para protegerlo de la fotoxidaci\u00f3n. Si se adquiere en envase transparente, es aconsejable guardarlo dentro de un armario de cocina o trastero. As\u00ed el mejor aceite de oliva extra virgen mantendr\u00e1 todas sus propiedades durante muchos meses.<\/p>\n<h3><strong>Beneficios para la salud:<\/strong><\/h3>\n<p>El mejor aceite de oliva virgen extra tiene una serie de componentes altamente beneficiosos para la salud como son las grasas monoinsaturada, el \u00e1cido oleico, flavonoides, polifenoles, antioxidantes y otros nutrientes antiinflamatorios. Existen m\u00faltiples estudios publicados con las propiedades saludables, que destacan en el mejor aceite de oliva virgen extra cosechado en envero. A modo de resumen vamos a enumerar algunas de ellas:<\/p>\n<ul>\n<li>Ayuda a disminuir el riesgo de enfermedad coronaria y a reducir la presi\u00f3n arterial y los niveles de colesterol malo.<\/li>\n<li>Previene el envejecimiento prematuro\u00a0 y ayuda a la hidrataci\u00f3n de la piel.<\/li>\n<li>Puede ayudar a perder peso debido a la sensaci\u00f3n de saciedad que produce.<\/li>\n<li>Los componentes antiinflamatorios pueden ayudar a reducir dolores asociados a las articulaciones y m\u00fasculos.<\/li>\n<li>En un estudio publicado por la revista cient\u00edfica\u00a0<em>Diabetes Care<\/em>\u00a0se revel\u00f3 que cualquier dieta mediterr\u00e1nea que tiene aceite de oliva\u00a0es capaz de reducir los casos de diabetes tipo II hasta en un 50%.\u00a0Esto se debe a que el aceite de oliva contiene grasas saludables que podr\u00edan ayudar a regular los niveles de az\u00facar en la sangre y la producci\u00f3n de insulina.<\/li>\n<\/ul>\n<h3><strong>Usos culinarios y maridaje:<\/strong><\/h3>\n<p>Los ampliamente reconocidos beneficios para la salud en el mejor aceite de oliva virgen extra lo hacen id\u00f3neo como acompa\u00f1amiento y aderezo de cualquier plato de cocina, ya sea sofisticado o sencillo. En crudo es acompa\u00f1ante indispensable de ensaladas de vegetales o pastas, desayunos, sopas y gazpachos fr\u00edos.<\/p>\n<p>En caliente crece y debido a su alta densidad no penetra en los alimentos tanto como otras grasas. De este modo hace que sean m\u00e1s saludables y que conserven mejor sus propiedades. Su alto contenido en \u00e1cido oleico y antioxidantes naturales lo hacen m\u00e1s estable y resistente a altas temperaturas. \u00a0Es ideal para cocinar carnes, pescados, verduras, pastas y en general cualquier alimento.<\/p>\n<p>Consulta nuestro blog para obtener m\u00e1s informaci\u00f3n sobre los beneficios de consumir el mejor aceite de oliva virgen extra.<\/p>\n<p><strong>Ingredientes :\u00a0<\/strong>Aceite de Oliva Virgen Extra . \u00abAceite de oliva de categor\u00eda superior obtenido directamente de aceitunadas y solo mediante procedimientos mec\u00e1nicos\u00bb<\/p>\n<p><strong>Informaci\u00f3n nutricional, contenido medio por 100gr:<\/strong><\/p>\n<p><strong>\u00a0\u00a0\u00a0\u00a0\u00a0\u00a0\u00a0\u00a0\u00a0\u00a0\u00a0\u00a0\u00a0\u00a0\u00a0 <\/strong>Valor energ\u00e9tico: 3500Kc\/900Kj<\/p>\n<p>Grasas totales: 100 g.<\/p>\n<p>Grasas saturadas: 15 g.<\/p>\n<p>Hidratos de carbono: 0 g.<\/p>\n<p>Az\u00facares: 0 g.<\/p>\n<p>Prote\u00ednas: 0 g.<\/p>\n<p>Sal: &lt;0,01 g.<\/p>","protected":false},"excerpt":{"rendered":"<p><img loading=\"lazy\" decoding=\"async\" class=\"size-full wp-image-265 alignleft\" src=\"https:\/\/www.aceitenovecientos.com\/wp-content\/uploads\/2016\/08\/premio-aceite900.jpg\" alt=\"premio-aceite900\" width=\"347\" height=\"88\" srcset=\"https:\/\/www.aceitenovecientos.com\/wp-content\/uploads\/2016\/08\/premio-aceite900.jpg 347w, https:\/\/www.aceitenovecientos.com\/wp-content\/uploads\/2016\/08\/premio-aceite900-300x76.jpg 300w, https:\/\/www.aceitenovecientos.com\/wp-content\/uploads\/2016\/08\/premio-aceite900-260x66.jpg 260w, https:\/\/www.aceitenovecientos.com\/wp-content\/uploads\/2016\/08\/premio-aceite900-50x13.jpg 50w, https:\/\/www.aceitenovecientos.com\/wp-content\/uploads\/2016\/08\/premio-aceite900-150x38.jpg 150w\" sizes=\"auto, (max-width: 347px) 100vw, 347px\" \/><img loading=\"lazy\" decoding=\"async\" class=\"wp-image-2078 alignleft\" src=\"https:\/\/www.aceitenovecientos.com\/wp-content\/uploads\/2019\/06\/medalla-de-plata-olive-japan-competition.jpg\" alt=\"\" width=\"68\" height=\"67\" srcset=\"https:\/\/www.aceitenovecientos.com\/wp-content\/uploads\/2019\/06\/medalla-de-plata-olive-japan-competition.jpg 857w, https:\/\/www.aceitenovecientos.com\/wp-content\/uploads\/2019\/06\/medalla-de-plata-olive-japan-competition-324x324.jpg 324w, https:\/\/www.aceitenovecientos.com\/wp-content\/uploads\/2019\/06\/medalla-de-plata-olive-japan-competition-100x100.jpg 100w, https:\/\/www.aceitenovecientos.com\/wp-content\/uploads\/2019\/06\/medalla-de-plata-olive-japan-competition-416x412.jpg 416w, https:\/\/www.aceitenovecientos.com\/wp-content\/uploads\/2019\/06\/medalla-de-plata-olive-japan-competition-150x150.jpg 150w, https:\/\/www.aceitenovecientos.com\/wp-content\/uploads\/2019\/06\/medalla-de-plata-olive-japan-competition-300x297.jpg 300w, https:\/\/www.aceitenovecientos.com\/wp-content\/uploads\/2019\/06\/medalla-de-plata-olive-japan-competition-768x761.jpg 768w, https:\/\/www.aceitenovecientos.com\/wp-content\/uploads\/2019\/06\/medalla-de-plata-olive-japan-competition-147x146.jpg 147w, https:\/\/www.aceitenovecientos.com\/wp-content\/uploads\/2019\/06\/medalla-de-plata-olive-japan-competition-50x50.jpg 50w, https:\/\/www.aceitenovecientos.com\/wp-content\/uploads\/2019\/06\/medalla-de-plata-olive-japan-competition-76x75.jpg 76w, https:\/\/www.aceitenovecientos.com\/wp-content\/uploads\/2019\/06\/medalla-de-plata-olive-japan-competition-85x85.jpg 85w, https:\/\/www.aceitenovecientos.com\/wp-content\/uploads\/2019\/06\/medalla-de-plata-olive-japan-competition-80x80.jpg 80w\" sizes=\"auto, (max-width: 68px) 100vw, 68px\" \/><\/p>\n<p>&nbsp;<\/p>\n<p>&nbsp;<\/p>\n<p>&nbsp;<\/p>\n<p>Aceite de oliva virgen extra de calidad superior reconocido internacionalmente mediante varios galardones.<\/p>\n<p>El AOVE Superior 900 ORIGEN es un coupage de las variedades picual, picudo y hojiblanca obtenido de aceitunas cultivadas con la altitud y climatolog\u00eda id\u00f3neas y\u00a0 cosechadas en su \u00f3ptimo punto de maduraci\u00f3n que confieren a su zumo ese sabor y aroma a hierba y tomate reci\u00e9n cortado tan apreciado por el paladar.<\/p>","protected":false},"featured_media":2289,"comment_status":"open","ping_status":"closed","template":"","meta":[],"product_cat":[8],"product_tag":[11,12],"class_list":{"0":"post-1341","1":"product","2":"type-product","3":"status-publish","4":"has-post-thumbnail","6":"product_cat-aceite-de-oliva-virgen-extra","7":"product_tag-aceite-de-oliva","8":"product_tag-virgen-extra","10":"first","11":"instock","12":"taxable","13":"shipping-taxable","14":"purchasable","15":"product-type-variable","16":"has-default-attributes"},"yoast_head":"<!-- This site is optimized with the Yoast SEO plugin v24.1 - https:\/\/yoast.com\/wordpress\/plugins\/seo\/ -->\n<title>El mejor aceite de oliva virgen extra - Aceite 900 - calidad premium<\/title>\n<meta name=\"description\" content=\"El mejor Aceite de Oliva Virgen Extra de Calidad Superior 900 TOP es un coupage de aceituna picual, picudo y hojiblanca. Aceite de Oliva Virgen Extra 900TOP\" \/>\n<meta name=\"robots\" content=\"index, follow, max-snippet:-1, max-image-preview:large, max-video-preview:-1\" \/>\n<link rel=\"canonical\" href=\"https:\/\/www.aceitenovecientos.com\/en\/product\/aceite-de-oliva-virgen-extra-superior-900-top-2\/\" \/>\n<meta property=\"og:locale\" content=\"en_GB\" \/>\n<meta property=\"og:type\" content=\"article\" \/>\n<meta property=\"og:title\" content=\"El mejor aceite de oliva virgen extra - Aceite 900 - calidad premium\" \/>\n<meta property=\"og:description\" content=\"El mejor Aceite de Oliva Virgen Extra de Calidad Superior 900 TOP es un coupage de aceituna picual, picudo y hojiblanca. Aceite de Oliva Virgen Extra 900TOP\" \/>\n<meta property=\"og:url\" content=\"https:\/\/www.aceitenovecientos.com\/en\/product\/aceite-de-oliva-virgen-extra-superior-900-top-2\/\" \/>\n<meta property=\"og:site_name\" content=\"Aceite Novecientos\" \/>\n<meta property=\"article:publisher\" content=\"https:\/\/www.facebook.com\/aceitenovecientos\/\" \/>\n<meta property=\"article:modified_time\" content=\"2023-11-07T13:43:55+00:00\" \/>\n<meta property=\"og:image\" content=\"https:\/\/www.aceitenovecientos.com\/wp-content\/uploads\/2018\/05\/WhatsApp-Image-2020-07-06-at-11.42.53.jpeg\" \/>\n\t<meta property=\"og:image:width\" content=\"1600\" \/>\n\t<meta property=\"og:image:height\" content=\"1600\" \/>\n\t<meta property=\"og:image:type\" content=\"image\/jpeg\" \/>\n<meta name=\"twitter:card\" content=\"summary_large_image\" \/>\n<meta name=\"twitter:label1\" content=\"Estimated reading time\" \/>\n\t<meta name=\"twitter:data1\" content=\"4 minutes\" \/>\n<script type=\"application\/ld+json\" class=\"yoast-schema-graph\">{\"@context\":\"https:\/\/schema.org\",\"@graph\":[{\"@type\":\"WebPage\",\"@id\":\"https:\/\/www.aceitenovecientos.com\/producto\/aceite-de-oliva-virgen-extra-superior-900-top-2\/\",\"url\":\"https:\/\/www.aceitenovecientos.com\/producto\/aceite-de-oliva-virgen-extra-superior-900-top-2\/\",\"name\":\"El mejor aceite de oliva virgen extra - Aceite 900 - calidad premium\",\"isPartOf\":{\"@id\":\"https:\/\/www.aceitenovecientos.com\/#website\"},\"primaryImageOfPage\":{\"@id\":\"https:\/\/www.aceitenovecientos.com\/producto\/aceite-de-oliva-virgen-extra-superior-900-top-2\/#primaryimage\"},\"image\":{\"@id\":\"https:\/\/www.aceitenovecientos.com\/producto\/aceite-de-oliva-virgen-extra-superior-900-top-2\/#primaryimage\"},\"thumbnailUrl\":\"https:\/\/www.aceitenovecientos.com\/wp-content\/uploads\/2018\/05\/WhatsApp-Image-2020-07-06-at-11.42.53.jpeg\",\"datePublished\":\"2018-05-02T08:46:26+00:00\",\"dateModified\":\"2023-11-07T13:43:55+00:00\",\"description\":\"El mejor Aceite de Oliva Virgen Extra de Calidad Superior 900 TOP es un coupage de aceituna picual, picudo y hojiblanca. Aceite de Oliva Virgen Extra 900TOP\",\"breadcrumb\":{\"@id\":\"https:\/\/www.aceitenovecientos.com\/producto\/aceite-de-oliva-virgen-extra-superior-900-top-2\/#breadcrumb\"},\"inLanguage\":\"en-GB\",\"potentialAction\":[{\"@type\":\"ReadAction\",\"target\":[\"https:\/\/www.aceitenovecientos.com\/producto\/aceite-de-oliva-virgen-extra-superior-900-top-2\/\"]}]},{\"@type\":\"ImageObject\",\"inLanguage\":\"en-GB\",\"@id\":\"https:\/\/www.aceitenovecientos.com\/producto\/aceite-de-oliva-virgen-extra-superior-900-top-2\/#primaryimage\",\"url\":\"https:\/\/www.aceitenovecientos.com\/wp-content\/uploads\/2018\/05\/WhatsApp-Image-2020-07-06-at-11.42.53.jpeg\",\"contentUrl\":\"https:\/\/www.aceitenovecientos.com\/wp-content\/uploads\/2018\/05\/WhatsApp-Image-2020-07-06-at-11.42.53.jpeg\",\"width\":1600,\"height\":1600,\"caption\":\"\u30d7\u30ec\u30df\u30a2\u30e0\u30a8\u30af\u30b9\u30c8\u30e9\u30d0\u30fc\u30b8\u30f3\u30aa\u30ea\u30fc\u30d6\u30aa\u30a4\u30eb\"},{\"@type\":\"BreadcrumbList\",\"@id\":\"https:\/\/www.aceitenovecientos.com\/producto\/aceite-de-oliva-virgen-extra-superior-900-top-2\/#breadcrumb\",\"itemListElement\":[{\"@type\":\"ListItem\",\"position\":1,\"name\":\"Portada\",\"item\":\"https:\/\/www.aceitenovecientos.com\/\"},{\"@type\":\"ListItem\",\"position\":2,\"name\":\"Cat\u00e1logo\",\"item\":\"https:\/\/www.aceitenovecientos.com\/shop\/\"},{\"@type\":\"ListItem\",\"position\":3,\"name\":\"Aceite de Oliva Virgen Extra Superior 900 Origen\"}]},{\"@type\":\"WebSite\",\"@id\":\"https:\/\/www.aceitenovecientos.com\/#website\",\"url\":\"https:\/\/www.aceitenovecientos.com\/\",\"name\":\"Aceite Novecientos\",\"description\":\"Aceite de Oliva de Ja\u00e9n\",\"publisher\":{\"@id\":\"https:\/\/www.aceitenovecientos.com\/#organization\"},\"potentialAction\":[{\"@type\":\"SearchAction\",\"target\":{\"@type\":\"EntryPoint\",\"urlTemplate\":\"https:\/\/www.aceitenovecientos.com\/?s={search_term_string}\"},\"query-input\":{\"@type\":\"PropertyValueSpecification\",\"valueRequired\":true,\"valueName\":\"search_term_string\"}}],\"inLanguage\":\"en-GB\"},{\"@type\":\"Organization\",\"@id\":\"https:\/\/www.aceitenovecientos.com\/#organization\",\"name\":\"Aceite Novecientos\",\"url\":\"https:\/\/www.aceitenovecientos.com\/\",\"logo\":{\"@type\":\"ImageObject\",\"inLanguage\":\"en-GB\",\"@id\":\"https:\/\/www.aceitenovecientos.com\/#\/schema\/logo\/image\/\",\"url\":\"https:\/\/www.aceitenovecientos.com\/wp-content\/uploads\/2021\/12\/logo900-head.webp\",\"contentUrl\":\"https:\/\/www.aceitenovecientos.com\/wp-content\/uploads\/2021\/12\/logo900-head.webp\",\"width\":470,\"height\":110,\"caption\":\"Aceite Novecientos\"},\"image\":{\"@id\":\"https:\/\/www.aceitenovecientos.com\/#\/schema\/logo\/image\/\"},\"sameAs\":[\"https:\/\/www.facebook.com\/aceitenovecientos\/\"]}]}<\/script>\n<!-- \/ Yoast SEO plugin. -->","yoast_head_json":{"title":"El mejor aceite de oliva virgen extra - Aceite 900 - calidad premium","description":"El mejor Aceite de Oliva Virgen Extra de Calidad Superior 900 TOP es un coupage de aceituna picual, picudo y hojiblanca. Aceite de Oliva Virgen Extra 900TOP","robots":{"index":"index","follow":"follow","max-snippet":"max-snippet:-1","max-image-preview":"max-image-preview:large","max-video-preview":"max-video-preview:-1"},"canonical":"https:\/\/www.aceitenovecientos.com\/en\/product\/aceite-de-oliva-virgen-extra-superior-900-top-2\/","og_locale":"en_GB","og_type":"article","og_title":"El mejor aceite de oliva virgen extra - Aceite 900 - calidad premium","og_description":"El mejor Aceite de Oliva Virgen Extra de Calidad Superior 900 TOP es un coupage de aceituna picual, picudo y hojiblanca. Aceite de Oliva Virgen Extra 900TOP","og_url":"https:\/\/www.aceitenovecientos.com\/en\/product\/aceite-de-oliva-virgen-extra-superior-900-top-2\/","og_site_name":"Aceite Novecientos","article_publisher":"https:\/\/www.facebook.com\/aceitenovecientos\/","article_modified_time":"2023-11-07T13:43:55+00:00","og_image":[{"width":1600,"height":1600,"url":"https:\/\/www.aceitenovecientos.com\/wp-content\/uploads\/2018\/05\/WhatsApp-Image-2020-07-06-at-11.42.53.jpeg","type":"image\/jpeg"}],"twitter_card":"summary_large_image","twitter_misc":{"Estimated reading time":"4 minutes"},"schema":{"@context":"https:\/\/schema.org","@graph":[{"@type":"WebPage","@id":"https:\/\/www.aceitenovecientos.com\/producto\/aceite-de-oliva-virgen-extra-superior-900-top-2\/","url":"https:\/\/www.aceitenovecientos.com\/producto\/aceite-de-oliva-virgen-extra-superior-900-top-2\/","name":"El mejor aceite de oliva virgen extra - Aceite 900 - calidad premium","isPartOf":{"@id":"https:\/\/www.aceitenovecientos.com\/#website"},"primaryImageOfPage":{"@id":"https:\/\/www.aceitenovecientos.com\/producto\/aceite-de-oliva-virgen-extra-superior-900-top-2\/#primaryimage"},"image":{"@id":"https:\/\/www.aceitenovecientos.com\/producto\/aceite-de-oliva-virgen-extra-superior-900-top-2\/#primaryimage"},"thumbnailUrl":"https:\/\/www.aceitenovecientos.com\/wp-content\/uploads\/2018\/05\/WhatsApp-Image-2020-07-06-at-11.42.53.jpeg","datePublished":"2018-05-02T08:46:26+00:00","dateModified":"2023-11-07T13:43:55+00:00","description":"El mejor Aceite de Oliva Virgen Extra de Calidad Superior 900 TOP es un coupage de aceituna picual, picudo y hojiblanca. Aceite de Oliva Virgen Extra 900TOP","breadcrumb":{"@id":"https:\/\/www.aceitenovecientos.com\/producto\/aceite-de-oliva-virgen-extra-superior-900-top-2\/#breadcrumb"},"inLanguage":"en-GB","potentialAction":[{"@type":"ReadAction","target":["https:\/\/www.aceitenovecientos.com\/producto\/aceite-de-oliva-virgen-extra-superior-900-top-2\/"]}]},{"@type":"ImageObject","inLanguage":"en-GB","@id":"https:\/\/www.aceitenovecientos.com\/producto\/aceite-de-oliva-virgen-extra-superior-900-top-2\/#primaryimage","url":"https:\/\/www.aceitenovecientos.com\/wp-content\/uploads\/2018\/05\/WhatsApp-Image-2020-07-06-at-11.42.53.jpeg","contentUrl":"https:\/\/www.aceitenovecientos.com\/wp-content\/uploads\/2018\/05\/WhatsApp-Image-2020-07-06-at-11.42.53.jpeg","width":1600,"height":1600,"caption":"\u30d7\u30ec\u30df\u30a2\u30e0\u30a8\u30af\u30b9\u30c8\u30e9\u30d0\u30fc\u30b8\u30f3\u30aa\u30ea\u30fc\u30d6\u30aa\u30a4\u30eb"},{"@type":"BreadcrumbList","@id":"https:\/\/www.aceitenovecientos.com\/producto\/aceite-de-oliva-virgen-extra-superior-900-top-2\/#breadcrumb","itemListElement":[{"@type":"ListItem","position":1,"name":"Portada","item":"https:\/\/www.aceitenovecientos.com\/"},{"@type":"ListItem","position":2,"name":"Cat\u00e1logo","item":"https:\/\/www.aceitenovecientos.com\/shop\/"},{"@type":"ListItem","position":3,"name":"Aceite de Oliva Virgen Extra Superior 900 Origen"}]},{"@type":"WebSite","@id":"https:\/\/www.aceitenovecientos.com\/#website","url":"https:\/\/www.aceitenovecientos.com\/","name":"Aceite Novecientos","description":"Aceite de Oliva de Ja\u00e9n","publisher":{"@id":"https:\/\/www.aceitenovecientos.com\/#organization"},"potentialAction":[{"@type":"SearchAction","target":{"@type":"EntryPoint","urlTemplate":"https:\/\/www.aceitenovecientos.com\/?s={search_term_string}"},"query-input":{"@type":"PropertyValueSpecification","valueRequired":true,"valueName":"search_term_string"}}],"inLanguage":"en-GB"},{"@type":"Organization","@id":"https:\/\/www.aceitenovecientos.com\/#organization","name":"Aceite Novecientos","url":"https:\/\/www.aceitenovecientos.com\/","logo":{"@type":"ImageObject","inLanguage":"en-GB","@id":"https:\/\/www.aceitenovecientos.com\/#\/schema\/logo\/image\/","url":"https:\/\/www.aceitenovecientos.com\/wp-content\/uploads\/2021\/12\/logo900-head.webp","contentUrl":"https:\/\/www.aceitenovecientos.com\/wp-content\/uploads\/2021\/12\/logo900-head.webp","width":470,"height":110,"caption":"Aceite Novecientos"},"image":{"@id":"https:\/\/www.aceitenovecientos.com\/#\/schema\/logo\/image\/"},"sameAs":["https:\/\/www.facebook.com\/aceitenovecientos\/"]}]}},"_links":{"self":[{"href":"https:\/\/www.aceitenovecientos.com\/en\/wp-json\/wp\/v2\/product\/1341","targetHints":{"allow":["GET"]}}],"collection":[{"href":"https:\/\/www.aceitenovecientos.com\/en\/wp-json\/wp\/v2\/product"}],"about":[{"href":"https:\/\/www.aceitenovecientos.com\/en\/wp-json\/wp\/v2\/types\/product"}],"replies":[{"embeddable":true,"href":"https:\/\/www.aceitenovecientos.com\/en\/wp-json\/wp\/v2\/comments?post=1341"}],"wp:featuredmedia":[{"embeddable":true,"href":"https:\/\/www.aceitenovecientos.com\/en\/wp-json\/wp\/v2\/media\/2289"}],"wp:attachment":[{"href":"https:\/\/www.aceitenovecientos.com\/en\/wp-json\/wp\/v2\/media?parent=1341"}],"wp:term":[{"taxonomy":"product_cat","embeddable":true,"href":"https:\/\/www.aceitenovecientos.com\/en\/wp-json\/wp\/v2\/product_cat?post=1341"},{"taxonomy":"product_tag","embeddable":true,"href":"https:\/\/www.aceitenovecientos.com\/en\/wp-json\/wp\/v2\/product_tag?post=1341"}],"curies":[{"name":"wp","href":"https:\/\/api.w.org\/{rel}","templated":true}]}}