{"id":1324,"date":"2018-04-26T08:56:11","date_gmt":"2018-04-26T08:56:11","guid":{"rendered":"https:\/\/www.aceitenovecientos.com\/producto\/pack-especial-descubre-900\/"},"modified":"2022-09-14T11:28:58","modified_gmt":"2022-09-14T10:28:58","slug":"mini-oleoteca-aove-sabor-900","status":"publish","type":"product","link":"https:\/\/www.aceitenovecientos.com\/en\/product\/mini-oleoteca-aove-sabor-900\/","title":{"rendered":"Mini Oleoteca  AOVE + sabor 900"},"content":{"rendered":"<h3><\/h3>\n<h3>IDEAS PARA DISFRUTAR DE ESTE PACK ESPECIAL<\/h3>\n<p>Para facilitar el uso del aceite de oliva virgen extra (AOVE) y aportar a los plato un valor adicional en originalidad y sorpresa al paladar, te mostramos algunas ideas para triunfar en la mesa, recomendamos este\u00a0PACK ESPECIAL.<\/p>\n<h4><u>AOVE 900 TRUFA BLANCA<\/u><\/h4>\n<p>Saltea cualquier pasta una vez cocida, AOVE 900 TRUFA BLANCA. A\u00f1ade los dem\u00e1s ingredientes seleccionados seg\u00fan tus preferencias, verduras, hierbas arom\u00e1ticas, trocitos de pescado al gusto o pollo.<\/p>\n<p>Un salteado de cebolla, calabac\u00edn y zanahoria ser\u00e1 estupendo. Si adem\u00e1s a\u00f1ades unas tiras de pollo o pavo a la plancha conseguir\u00e1s un plato incre\u00edblemente sabroso y nutritivo con alimentos sanos.<\/p>\n<p>Puedes utilizar el AOVE 900 TRUFA BLANCA para marcar cualquier carne o pescado a la plancha.<\/p>\n<h4><u>AOVE 900 AHUMADO<\/u><\/h4>\n<p>El ahumado ha sido una t\u00e9cnica de conservaci\u00f3n de alimentos utilizada desde la antig\u00fcedad.\u00a0 Cualquier plato de carne o pescado cocinado con este aceite resultar\u00e1 delicioso.<\/p>\n<p>Aunque el AOVE 900 AHUMADO tiene infinidad de aplicaciones con el \u00fanico l\u00edmite de tu imaginaci\u00f3n, es el ideal acompa\u00f1ante de cualquier pescado a la plancha, merluza, aguja, salm\u00f3n, etc. A\u00f1ade una hierba arom\u00e1tica al gusto, a ser posible fresca, como cilantro, eneldo, salvia o perejil. Un plato sencillo que te ahorrar\u00e1 tiempo sin renunciar al\u00a0 paladar y que le dar\u00e1 un toque singular que lo har\u00e1 apetitoso.<\/p>\n<h4><u>AOVE 900 JAM\u00d3N SERRANO<\/u><\/h4>\n<p>El JAMON SERRANO es uno de los alimentos m\u00e1s valiosos de Espa\u00f1a y est\u00e1 totalmente integrado en nuestra cultura, al igual que el aceite de oliva virgen extra.<\/p>\n<p>La mejor forma y m\u00e1s saludable de tomar AOVE 900 JAM\u00d3N SERRANO es como aderezo de\u00a0 ensaladas. Exaltar\u00e1 su delicioso paladar sin duda. Un chorre\u00f3n generoso de AOVE 900 JAM\u00d3N SERRANO, \u00a0puede hacer que\u00a0 la tostada del desayuno, un s\u00e1ndwich o un bocadillo, no sean simplemente un alimento importante del d\u00eda, sino un momento para disfrutar de un capricho.<\/p>\n<p>Adereza el salmorejo, una vez terminado, con un chorre\u00f3n de este aceite y huevo cocido picado. Delicioso.<\/p>\n<h4><u>AOVE 900 ALBAHACA<\/u><\/h4>\n<p>La albahaca es el ingrediente principal de la salsa pesto para pastas. Para conseguir un plato perfecto, saltea la pasta con AOVE 900 ALBAHACA.<\/p>\n<p>A\u00f1ade este aceite a la sart\u00e9n para dar un sabor sofisticado a los alimentos cocinados a la plancha, ya sean pescados o carnes. Ali\u00f1a verduras cocidas al vapor con un chorre\u00f3n de AOVE 900 ALBAHACA y acompa\u00f1a con ella otros platos en el almuerzo o la cena. Un tomate troceado con queso fresco, nueces y este aceite, es una cena perfecta.<\/p>\n<h4><u>AOVE 900 CURRY<\/u><\/h4>\n<p>Sabor de origen asi\u00e1tico pero mundialmente utilizado para aderezar pastas y carnes. Sus aplicaciones son infinitas y puedes probarlo con casi todo. Como plato tradicional sugerimos el kus-kus con verduras pero realmente puedes ali\u00f1ar cualquiera de tus recetas preferidas.<\/p>\n<h4><u>AOVE 900 NARANJA<\/u><\/h4>\n<p>Quiz\u00e1 el m\u00e1s vers\u00e1til en la cocina. Potencia el sabor de cualquier plato ya sea dulce o salado, carne o pescado. Sea cual sea la elecci\u00f3n,\u00a0 el AOVE 90 NARANJA, dar\u00e1 a tus platos un suculento y agradable aroma y sabor. La naranja aporta un sabor fresco a los alimentos cocinados en el horno.<\/p>\n<p>Si te decantas por un plato dulce, te proponemos el bizcocho de naranja como plato sencillo. Sustituye cualquier otra grasa por AOVE 900 NARANJA y lo convertir\u00e1s en un plato exquisito, esponjoso y m\u00e1s beneficioso para la salud. Puedes utilizarlo para reposter\u00eda en general.<\/p>\n<h4><u>AOVE 900 CHOCOLATE<\/u><\/h4>\n<p>Un desayuno original: pan r\u00fastico, tu fruta favorita troceada (naranja o pl\u00e1tano por ejemplo)\u00a0 y un chorre\u00f3n de AOVE 900 CHOCOLATE. Posiblemente te lleven a recordar tu infancia.<\/p>\n<p>Puedes utilizarlo como sustituto de otras grasas para el bizcocho o galletas. En reposter\u00eda se usa para hacer cremas y acompa\u00f1ar frutas como la pi\u00f1a. Tambi\u00e9n te recomendamos su utilizaci\u00f3n para el pollo al chocolate o para saltear otras carnes a la plancha.<\/p>\n<p>En nuestra web encontrar\u00e1s ideas\u00a0 f\u00e1ciles pero originales para el d\u00eda a d\u00eda. Estar\u00edamos encantados de que nos contaras en que recetas lo has utilizado. Puedes ponerte en contacto con nosotros y\u00a0 sorprendernos.<\/p>\n<p>&nbsp;<\/p>\n<h4><u>JALEAS 900<\/u><\/h4>\n<p>&#8211; La forma m\u00e1s c\u00f3moda y com\u00fan es con pan tostado. Ahora el panadero te ofrece un amplio abanico de panes de variados cereales y composici\u00f3n. Solo tienes que pasarlo por la tostadora, untar tu jalea favorita, ya sea normal o de chocolate y a disfrutar del mejor desayuno posible.<\/p>\n<p>&#8211; Cobertura de toda clase de bizcochos o tartas elaborados con la infinidad de recetas que te puedes encontrar. S\u00f3lo tienes que esperar a que se enfr\u00ede y cubrir tu\u00a0 bizcocho con una capa de jalea de aceite 900. No s\u00f3lo estas cambiando su sabor sino que estas incorporando una textura fresca y diferente.<\/p>\n<h5>Otras formas para usarla<\/h5>\n<p>Tambi\u00e9n puedes usarlo para cubrir galletas antes o despu\u00e9s de hornearlas, a tu elecci\u00f3n. En general, es un alimento que acompa\u00f1a muy bien cualquier plato dulce.<\/p>\n<p>&#8211; Acompa\u00f1a\u00a0 platos de carnes a la brasa con una nuez de jalea de chocolate. Seguro que aciertas y sorprendes.<\/p>\n<p>&#8211; Pates: Elige tus pat\u00e9s preferidos o elabora tus mejores recetas y como guinda, adorna tu plato en la presentaci\u00f3n con una cobertura de esta riqu\u00edsima mermelada de aceite de oliva. No necesitar\u00e1s nada m\u00e1s para quedar como el mejor chef.<\/p>\n<h4><u>TOP 900<\/u><\/h4>\n<p>Los ampliamente reconocidos beneficios para la salud del aceite premium, lo hacen id\u00f3neo como acompa\u00f1amiento y aderezo de cualquier plato de cocina, ya sea sofisticado o sencillo. En crudo es acompa\u00f1ante indispensable de ensaladas de vegetales o pastas, desayunos, sopas y gazpachos fr\u00edos.<\/p>\n<h5>Es interesante saber<\/h5>\n<p>En caliente crece y debido a su alta densidad no penetra en los alimentos tanto como otras grasas. De este modo hace que sean m\u00e1s saludables y que conserven mejor sus propiedades. Su alto contenido en \u00e1cido oleico y antioxidantes naturales lo hacen m\u00e1s estable y resistente a altas temperaturas.<\/p>\n<p>Es ideal para cocinar carnes, pescados, verduras, pastas y en general cualquier alimento.<\/p>\n<p>Disfruta de este\u00a0pack especial de gran calidad y exquisito sabor.<\/p>","protected":false},"excerpt":{"rendered":"<p>Pack delicatessen de 12 unidades para disfrutar de diferentes texturas y sabores de aceite de oliva virgen extra. Gama especial experiencias gourmet con AOVE 900:<\/p>\n<p><em><strong>\u00a1\u00a1Ll\u00e9vate adem\u00e1s un delantal 900 gratis!!<\/strong><\/em><\/p>\n<p>&#8211; Aceite de Oliva\u00a0Virgen Extra 900 TOP de calidad superior galardonado con premios internacionales, 100 ml.<\/p>\n<p>&#8211; Aceite de Oliva Virgen Extra\u00a0 Sabor Ahumado, 100 ml.<\/p>\n<p>&#8211; Aceite de Oliva Virgen Extra\u00a0Sabor Jam\u00f3n Serrano, 100ml.<\/p>\n<p>&#8211; Aceite de Oliva Virgen Extra\u00a0Sabor Curry, 100 ml.<\/p>\n<p>&#8211; Aceite de Oliva Virgen Extra\u00a0Sabor Albahaca , 100 ml.<\/p>\n<p>&#8211; Aceite de Oliva Virgen Extra\u00a0Sabor Chocolate, 100 ml.<\/p>\n<p>&#8211; Aceite de Oliva Virgen Extra\u00a0Sabor Naranja, 100 ml.<\/p>\n<p>&#8211; Aceite de Oliva Virgen Extra\u00a0Sabor Trufa Blanca, 100 ml.<\/p>\n<p>&#8211; Jalea (mermelada de aceite de oliva virgen extra)\u00a0Natural 140 g.<\/p>\n<p>&#8211; Jalea de AOVE con Cacao Puro. 140 g.<\/p>\n<p>&#8211; Jalea (mermelada de aceite de oliva virgen extra)\u00a0con Canela. 140 g.<\/p>\n<p>&#8211; Jalea (mermelada de aceite de oliva virgen extra) con Naranja. 140 g.<\/p>\n<p>&nbsp;<\/p>","protected":false},"featured_media":2435,"comment_status":"open","ping_status":"closed","template":"","meta":[],"product_cat":[179,8,269,186],"product_tag":[133,134,132,23,24,22,21,25,26,20,110,168,167,203,196,194,204,16],"class_list":{"0":"post-1324","1":"product","2":"type-product","3":"status-publish","4":"has-post-thumbnail","6":"product_cat-aceite-de-oliva-aromatizado","7":"product_cat-aceite-de-oliva-virgen-extra","8":"product_cat-dulces-saludables-con-aove-y-mieles","9":"product_cat-regalos","10":"product_tag-aceite-aromatizado","11":"product_tag-aceite-de-sabores","12":"product_tag-aceite-regalo","13":"product_tag-aceite-sabor-ahumado","14":"product_tag-aceite-sabor-albahaca","15":"product_tag-aceite-sabor-chocolate","16":"product_tag-aceite-sabor-curry","17":"product_tag-aceite-sabor-jamon-serrano","18":"product_tag-aceite-sabor-naranja","19":"product_tag-aceite-sabor-trufa-blanca","20":"product_tag-aove","21":"product_tag-jalea-de-aceite-de-oliva","22":"product_tag-mermelada-de-aceite-de-oliva","23":"product_tag-mermelada-de-aceite-de-oliva-con-cacao","24":"product_tag-mermelada-de-aceite-de-oliva-con-canela","25":"product_tag-mermelada-de-aceite-de-oliva-con-naranja","26":"product_tag-mermelada-de-aceite-de-oliva-virgen-extra","27":"product_tag-vinagre","29":"first","30":"instock","31":"taxable","32":"shipping-taxable","33":"purchasable","34":"product-type-simple"},"yoast_head":"<!-- This site is optimized with the Yoast SEO plugin v24.1 - https:\/\/yoast.com\/wordpress\/plugins\/seo\/ -->\n<title>PACK ESPECIAL Oleoteca by 900 DESCUBRE SABORES Y AROMAS.<\/title>\n<meta name=\"description\" content=\"Pack especial dceite de aromas 900 y vinagre de frambuesa. Prueba el sabor de la albahaca, jam\u00f3n serrano, curry y ahumado de forma diferente y saludable\" \/>\n<meta name=\"robots\" content=\"index, follow, max-snippet:-1, max-image-preview:large, max-video-preview:-1\" \/>\n<link rel=\"canonical\" href=\"https:\/\/www.aceitenovecientos.com\/en\/product\/mini-oleoteca-aove-sabor-900\/\" \/>\n<meta property=\"og:locale\" content=\"en_GB\" \/>\n<meta property=\"og:type\" content=\"article\" \/>\n<meta property=\"og:title\" content=\"PACK ESPECIAL Oleoteca by 900 DESCUBRE SABORES Y AROMAS.\" \/>\n<meta property=\"og:description\" content=\"Pack especial dceite de aromas 900 y vinagre de frambuesa. Prueba el sabor de la albahaca, jam\u00f3n serrano, curry y ahumado de forma diferente y saludable\" \/>\n<meta property=\"og:url\" content=\"https:\/\/www.aceitenovecientos.com\/en\/product\/mini-oleoteca-aove-sabor-900\/\" \/>\n<meta property=\"og:site_name\" content=\"Aceite Novecientos\" \/>\n<meta property=\"article:publisher\" content=\"https:\/\/www.facebook.com\/aceitenovecientos\/\" \/>\n<meta property=\"article:modified_time\" content=\"2022-09-14T10:28:58+00:00\" \/>\n<meta property=\"og:image\" content=\"https:\/\/www.aceitenovecientos.com\/wp-content\/uploads\/2018\/04\/DSC1996.jpg\" \/>\n\t<meta property=\"og:image:width\" content=\"1701\" \/>\n\t<meta property=\"og:image:height\" content=\"1134\" \/>\n\t<meta property=\"og:image:type\" content=\"image\/jpeg\" \/>\n<meta name=\"twitter:card\" content=\"summary_large_image\" \/>\n<meta name=\"twitter:label1\" content=\"Estimated reading time\" \/>\n\t<meta name=\"twitter:data1\" content=\"5 minutes\" \/>\n<script type=\"application\/ld+json\" class=\"yoast-schema-graph\">{\"@context\":\"https:\/\/schema.org\",\"@graph\":[{\"@type\":\"WebPage\",\"@id\":\"https:\/\/www.aceitenovecientos.com\/producto\/mini-oleoteca-aove-sabor-900\/\",\"url\":\"https:\/\/www.aceitenovecientos.com\/producto\/mini-oleoteca-aove-sabor-900\/\",\"name\":\"PACK ESPECIAL Oleoteca by 900 DESCUBRE SABORES Y AROMAS.\",\"isPartOf\":{\"@id\":\"https:\/\/www.aceitenovecientos.com\/#website\"},\"primaryImageOfPage\":{\"@id\":\"https:\/\/www.aceitenovecientos.com\/producto\/mini-oleoteca-aove-sabor-900\/#primaryimage\"},\"image\":{\"@id\":\"https:\/\/www.aceitenovecientos.com\/producto\/mini-oleoteca-aove-sabor-900\/#primaryimage\"},\"thumbnailUrl\":\"https:\/\/www.aceitenovecientos.com\/wp-content\/uploads\/2018\/04\/DSC1996.jpg\",\"datePublished\":\"2018-04-26T08:56:11+00:00\",\"dateModified\":\"2022-09-14T10:28:58+00:00\",\"description\":\"Pack especial dceite de aromas 900 y vinagre de frambuesa. Prueba el sabor de la albahaca, jam\u00f3n serrano, curry y ahumado de forma diferente y saludable\",\"breadcrumb\":{\"@id\":\"https:\/\/www.aceitenovecientos.com\/producto\/mini-oleoteca-aove-sabor-900\/#breadcrumb\"},\"inLanguage\":\"en-GB\",\"potentialAction\":[{\"@type\":\"ReadAction\",\"target\":[\"https:\/\/www.aceitenovecientos.com\/producto\/mini-oleoteca-aove-sabor-900\/\"]}]},{\"@type\":\"ImageObject\",\"inLanguage\":\"en-GB\",\"@id\":\"https:\/\/www.aceitenovecientos.com\/producto\/mini-oleoteca-aove-sabor-900\/#primaryimage\",\"url\":\"https:\/\/www.aceitenovecientos.com\/wp-content\/uploads\/2018\/04\/DSC1996.jpg\",\"contentUrl\":\"https:\/\/www.aceitenovecientos.com\/wp-content\/uploads\/2018\/04\/DSC1996.jpg\",\"width\":1701,\"height\":1134,\"caption\":\"Oleoteca 900 aceite de oliva con diferentes texturas y sabores\"},{\"@type\":\"BreadcrumbList\",\"@id\":\"https:\/\/www.aceitenovecientos.com\/producto\/mini-oleoteca-aove-sabor-900\/#breadcrumb\",\"itemListElement\":[{\"@type\":\"ListItem\",\"position\":1,\"name\":\"Portada\",\"item\":\"https:\/\/www.aceitenovecientos.com\/\"},{\"@type\":\"ListItem\",\"position\":2,\"name\":\"Cat\u00e1logo\",\"item\":\"https:\/\/www.aceitenovecientos.com\/shop\/\"},{\"@type\":\"ListItem\",\"position\":3,\"name\":\"Mini Oleoteca AOVE + sabor 900\"}]},{\"@type\":\"WebSite\",\"@id\":\"https:\/\/www.aceitenovecientos.com\/#website\",\"url\":\"https:\/\/www.aceitenovecientos.com\/\",\"name\":\"Aceite Novecientos\",\"description\":\"Aceite de Oliva de Ja\u00e9n\",\"publisher\":{\"@id\":\"https:\/\/www.aceitenovecientos.com\/#organization\"},\"potentialAction\":[{\"@type\":\"SearchAction\",\"target\":{\"@type\":\"EntryPoint\",\"urlTemplate\":\"https:\/\/www.aceitenovecientos.com\/?s={search_term_string}\"},\"query-input\":{\"@type\":\"PropertyValueSpecification\",\"valueRequired\":true,\"valueName\":\"search_term_string\"}}],\"inLanguage\":\"en-GB\"},{\"@type\":\"Organization\",\"@id\":\"https:\/\/www.aceitenovecientos.com\/#organization\",\"name\":\"Aceite Novecientos\",\"url\":\"https:\/\/www.aceitenovecientos.com\/\",\"logo\":{\"@type\":\"ImageObject\",\"inLanguage\":\"en-GB\",\"@id\":\"https:\/\/www.aceitenovecientos.com\/#\/schema\/logo\/image\/\",\"url\":\"https:\/\/www.aceitenovecientos.com\/wp-content\/uploads\/2021\/12\/logo900-head.webp\",\"contentUrl\":\"https:\/\/www.aceitenovecientos.com\/wp-content\/uploads\/2021\/12\/logo900-head.webp\",\"width\":470,\"height\":110,\"caption\":\"Aceite Novecientos\"},\"image\":{\"@id\":\"https:\/\/www.aceitenovecientos.com\/#\/schema\/logo\/image\/\"},\"sameAs\":[\"https:\/\/www.facebook.com\/aceitenovecientos\/\"]}]}<\/script>\n<!-- \/ Yoast SEO plugin. -->","yoast_head_json":{"title":"PACK ESPECIAL Oleoteca by 900 DESCUBRE SABORES Y AROMAS.","description":"Pack especial dceite de aromas 900 y vinagre de frambuesa. Prueba el sabor de la albahaca, jam\u00f3n serrano, curry y ahumado de forma diferente y saludable","robots":{"index":"index","follow":"follow","max-snippet":"max-snippet:-1","max-image-preview":"max-image-preview:large","max-video-preview":"max-video-preview:-1"},"canonical":"https:\/\/www.aceitenovecientos.com\/en\/product\/mini-oleoteca-aove-sabor-900\/","og_locale":"en_GB","og_type":"article","og_title":"PACK ESPECIAL Oleoteca by 900 DESCUBRE SABORES Y AROMAS.","og_description":"Pack especial dceite de aromas 900 y vinagre de frambuesa. Prueba el sabor de la albahaca, jam\u00f3n serrano, curry y ahumado de forma diferente y saludable","og_url":"https:\/\/www.aceitenovecientos.com\/en\/product\/mini-oleoteca-aove-sabor-900\/","og_site_name":"Aceite Novecientos","article_publisher":"https:\/\/www.facebook.com\/aceitenovecientos\/","article_modified_time":"2022-09-14T10:28:58+00:00","og_image":[{"width":1701,"height":1134,"url":"https:\/\/www.aceitenovecientos.com\/wp-content\/uploads\/2018\/04\/DSC1996.jpg","type":"image\/jpeg"}],"twitter_card":"summary_large_image","twitter_misc":{"Estimated reading time":"5 minutes"},"schema":{"@context":"https:\/\/schema.org","@graph":[{"@type":"WebPage","@id":"https:\/\/www.aceitenovecientos.com\/producto\/mini-oleoteca-aove-sabor-900\/","url":"https:\/\/www.aceitenovecientos.com\/producto\/mini-oleoteca-aove-sabor-900\/","name":"PACK ESPECIAL Oleoteca by 900 DESCUBRE SABORES Y AROMAS.","isPartOf":{"@id":"https:\/\/www.aceitenovecientos.com\/#website"},"primaryImageOfPage":{"@id":"https:\/\/www.aceitenovecientos.com\/producto\/mini-oleoteca-aove-sabor-900\/#primaryimage"},"image":{"@id":"https:\/\/www.aceitenovecientos.com\/producto\/mini-oleoteca-aove-sabor-900\/#primaryimage"},"thumbnailUrl":"https:\/\/www.aceitenovecientos.com\/wp-content\/uploads\/2018\/04\/DSC1996.jpg","datePublished":"2018-04-26T08:56:11+00:00","dateModified":"2022-09-14T10:28:58+00:00","description":"Pack especial dceite de aromas 900 y vinagre de frambuesa. Prueba el sabor de la albahaca, jam\u00f3n serrano, curry y ahumado de forma diferente y saludable","breadcrumb":{"@id":"https:\/\/www.aceitenovecientos.com\/producto\/mini-oleoteca-aove-sabor-900\/#breadcrumb"},"inLanguage":"en-GB","potentialAction":[{"@type":"ReadAction","target":["https:\/\/www.aceitenovecientos.com\/producto\/mini-oleoteca-aove-sabor-900\/"]}]},{"@type":"ImageObject","inLanguage":"en-GB","@id":"https:\/\/www.aceitenovecientos.com\/producto\/mini-oleoteca-aove-sabor-900\/#primaryimage","url":"https:\/\/www.aceitenovecientos.com\/wp-content\/uploads\/2018\/04\/DSC1996.jpg","contentUrl":"https:\/\/www.aceitenovecientos.com\/wp-content\/uploads\/2018\/04\/DSC1996.jpg","width":1701,"height":1134,"caption":"Oleoteca 900 aceite de oliva con diferentes texturas y sabores"},{"@type":"BreadcrumbList","@id":"https:\/\/www.aceitenovecientos.com\/producto\/mini-oleoteca-aove-sabor-900\/#breadcrumb","itemListElement":[{"@type":"ListItem","position":1,"name":"Portada","item":"https:\/\/www.aceitenovecientos.com\/"},{"@type":"ListItem","position":2,"name":"Cat\u00e1logo","item":"https:\/\/www.aceitenovecientos.com\/shop\/"},{"@type":"ListItem","position":3,"name":"Mini Oleoteca AOVE + sabor 900"}]},{"@type":"WebSite","@id":"https:\/\/www.aceitenovecientos.com\/#website","url":"https:\/\/www.aceitenovecientos.com\/","name":"Aceite Novecientos","description":"Aceite de Oliva de Ja\u00e9n","publisher":{"@id":"https:\/\/www.aceitenovecientos.com\/#organization"},"potentialAction":[{"@type":"SearchAction","target":{"@type":"EntryPoint","urlTemplate":"https:\/\/www.aceitenovecientos.com\/?s={search_term_string}"},"query-input":{"@type":"PropertyValueSpecification","valueRequired":true,"valueName":"search_term_string"}}],"inLanguage":"en-GB"},{"@type":"Organization","@id":"https:\/\/www.aceitenovecientos.com\/#organization","name":"Aceite Novecientos","url":"https:\/\/www.aceitenovecientos.com\/","logo":{"@type":"ImageObject","inLanguage":"en-GB","@id":"https:\/\/www.aceitenovecientos.com\/#\/schema\/logo\/image\/","url":"https:\/\/www.aceitenovecientos.com\/wp-content\/uploads\/2021\/12\/logo900-head.webp","contentUrl":"https:\/\/www.aceitenovecientos.com\/wp-content\/uploads\/2021\/12\/logo900-head.webp","width":470,"height":110,"caption":"Aceite Novecientos"},"image":{"@id":"https:\/\/www.aceitenovecientos.com\/#\/schema\/logo\/image\/"},"sameAs":["https:\/\/www.facebook.com\/aceitenovecientos\/"]}]}},"_links":{"self":[{"href":"https:\/\/www.aceitenovecientos.com\/en\/wp-json\/wp\/v2\/product\/1324","targetHints":{"allow":["GET"]}}],"collection":[{"href":"https:\/\/www.aceitenovecientos.com\/en\/wp-json\/wp\/v2\/product"}],"about":[{"href":"https:\/\/www.aceitenovecientos.com\/en\/wp-json\/wp\/v2\/types\/product"}],"replies":[{"embeddable":true,"href":"https:\/\/www.aceitenovecientos.com\/en\/wp-json\/wp\/v2\/comments?post=1324"}],"wp:featuredmedia":[{"embeddable":true,"href":"https:\/\/www.aceitenovecientos.com\/en\/wp-json\/wp\/v2\/media\/2435"}],"wp:attachment":[{"href":"https:\/\/www.aceitenovecientos.com\/en\/wp-json\/wp\/v2\/media?parent=1324"}],"wp:term":[{"taxonomy":"product_cat","embeddable":true,"href":"https:\/\/www.aceitenovecientos.com\/en\/wp-json\/wp\/v2\/product_cat?post=1324"},{"taxonomy":"product_tag","embeddable":true,"href":"https:\/\/www.aceitenovecientos.com\/en\/wp-json\/wp\/v2\/product_tag?post=1324"}],"curies":[{"name":"wp","href":"https:\/\/api.w.org\/{rel}","templated":true}]}}