{"id":1161,"date":"2018-02-14T12:26:00","date_gmt":"2018-02-14T12:26:00","guid":{"rendered":"https:\/\/www.aceitenovecientos.com\/?post_type=product&#038;p=1161"},"modified":"2023-02-07T12:53:44","modified_gmt":"2023-02-07T11:53:44","slug":"aceite-oliva-virgen-extra-900-balance-botella-100-ml","status":"publish","type":"product","link":"https:\/\/www.aceitenovecientos.com\/en\/product\/aceite-oliva-virgen-extra-900-balance-botella-100-ml\/","title":{"rendered":"Aceite de Oliva Virgen Extra 900 BALANCE, botella 100 ml."},"content":{"rendered":"<h2>Para regalo, comuniones, bautizos, bodas&#8230;<\/h2>\n<p>Un obsequio saludable y original para los eventos m\u00e1s importantes de tu vida. Ideal para regalo, comuniones, bautizos, bodas, presentaciones de empresas o cualquier otro acontecimiento en el que quieras entregar a los asistentes un recuerdo especial de una fecha inolvidable.<\/p>\n<p>Con el objetivo de ofrecer al consumidor un producto de buena muy buena calidad. Sabor excepcional y precio razonable, 900 te ofrece el aceite de oliva virgen extra 900 BALANCE. Se trata de encontrar un balance en varios sentidos.<\/p>\n<h3>Sabor<\/h3>\n<p>En primer lugar, \u00a0en el sabor. Los aceites monovarietales nos brindan todos los atributos caracter\u00edsticos de cada variedad ya sea el dulzor, aroma fresco a hierba, tomate, frutas como la manzana, el pl\u00e1tano, amargor, picor\u2026 Esto hace que seg\u00fan el tipo de aceituna y los gustos del consumidor, algunos aceites pueden resultar flojos para algunos por ser demasiado dulces y otros pueden resultar extremadamente sabrosos, amargos o picantes.<\/p>\n<p>En Origen Novecientos somos conscientes de la dificultad que esto puede suponer para el consumidor a la hora de elegir un aceite en el lineal de un supermercado. Por ello, y con el \u00e1nimo de facilitar al cliente esta decisi\u00f3n hemos elaborado un coupage que re\u00fana los atributos positivos de varias aceites monovarietales principalmente picual, picuda y hojiblanca. La elecci\u00f3n de estos tres tipos de aceite viene condicionada por la zona en la que se producen y porque una vez que sus zumos se han unido, el resultado final potencia lo bueno de cada una para conseguir un AOVE de sabor equilibrado y complejo.<\/p>\n<p>En segundo lugar, tratamos de elaborar un producto con la mayor versatilidad posible. Con esto lo que queremos; es que el cliente con un producto\u00a0 resuelva el consumo de aceite de oliva para la mayor\u00eda de sus platos. Es por ello que 900 BALANCE ofrece una amplia variedad de maridajes en la cocina en crudo; y a la vez es una grasa perfecta para cocinar en caliente, ya sea para guisar o para fre\u00edr. Sus propiedades van a exaltar el sabor de cada plato. Y por a\u00f1adidura convierten la dieta en un modo saludable y sabroso de alimentarse.<\/p>\n<h3>Precio<\/h3>\n<p>En tercer lugar, el precio es uno de los factores m\u00e1s decisivos en la cesta de la compra. 900 BALANCE trata de adaptarse al bolsillo del consumidor sin perder la alta calidad de los productos 900. Aunque 900 TOP es un producto de alta gama con el que deleitarse en la mesa; 900 BALANCE ofrece una m\u00e1s amplia gama de usos a un precio equilibrado.<\/p>\n<p><strong>Ingredientes :\u00a0<\/strong>Aceite de Oliva Virgen Extra . \u00abAceite de oliva de categor\u00eda superior obtenido directamente de aceitunadas y solo mediante procedimientos mec\u00e1nicos\u00bb<\/p>\n<p><strong>Informaci\u00f3n nutricional, contenido medio por 100gr:<\/strong><\/p>\n<p><strong>\u00a0\u00a0\u00a0\u00a0\u00a0\u00a0\u00a0\u00a0\u00a0\u00a0\u00a0\u00a0\u00a0\u00a0\u00a0 <\/strong>Valor energ\u00e9tico: 3500Kc\/900Kj<\/p>\n<p>Grasas totales: 100 g.<\/p>\n<p>Grasas saturadas: 15 g.<\/p>\n<p>Hidratos de carbono: 0 g.<\/p>\n<p>Az\u00facares: 0 g.<\/p>\n<p>Prote\u00ednas: 0 g.<\/p>\n<p>Sal: &lt;0,01 g.<\/p>","protected":false},"excerpt":{"rendered":"<p>Aceite de Oliva Virgen Extra 900 BALANCE en envase de cristal 100 ml.<\/p>\n<p>Ideal para regalo de comuniones, bodas, bautizos y otros eventos.<\/p>\n<p>Desde las sierras de Ja\u00e9n situadas a una altitud media de 900 metros, te ofrecemos un aceite de oliva virgen extra 900 BALANCE para el que hemos seleccionado AOVEs de distintas variedades con los que realizamos un coupage que se adapte a los paladares m\u00e1s exigentes,\u00a0 a un precio que trata de encontrar el\u00a0<strong>balance<\/strong>\u00a0justo entre el valor de mercado y la calidad ofrecida. Con ello conseguimos un zumo de aceitunas\u00a0picual, picudas y hojiblancas de alta monta\u00f1a que aportan al aceite un \u00a0sabor fresco con el punto ideal de sabor, calidad y precio.<\/p>\n<h4>Formatos disponibles:<\/h4>\n<p>Caja 12 botellas de 100 ml.<\/p>\n<p>Caja de 15 latas de aluminio de 250 ml.<\/p>\n<p>Caja de 15 latas de aluminio de 500 ml.<\/p>\n<p>Caja de 10 latas de aluminio de 1.000 ml.<\/p>\n<p>Caja de 4 latas de aluminio de 2.500 ml.<\/p>","protected":false},"featured_media":1169,"comment_status":"open","ping_status":"closed","template":"","meta":[],"product_cat":[8],"product_tag":[176,161,162,163,160],"class_list":{"0":"post-1161","1":"product","2":"type-product","3":"status-publish","4":"has-post-thumbnail","6":"product_cat-aceite-de-oliva-virgen-extra","7":"product_tag-balance","8":"product_tag-bautizo","9":"product_tag-bodas-y-eventos","10":"product_tag-regalar-aceite-de-oliva","11":"product_tag-regalo-comunion","13":"first","14":"instock","15":"sale","16":"taxable","17":"shipping-taxable","18":"purchasable","19":"product-type-variable"},"yoast_head":"<!-- This site is optimized with the Yoast SEO plugin v24.1 - https:\/\/yoast.com\/wordpress\/plugins\/seo\/ -->\n<title>Regalo, comuniones, bautizos, bodas.Aceite de Oliva Virgen Extra Balance<\/title>\n<meta name=\"description\" content=\"Aceite de Oliva Virgen Extra Balance 900. En formato de cristal de 100 ml. Ideal para regalo, comuniones, bautizos, bodas...\" \/>\n<meta name=\"robots\" content=\"index, follow, max-snippet:-1, max-image-preview:large, max-video-preview:-1\" \/>\n<link rel=\"canonical\" href=\"https:\/\/www.aceitenovecientos.com\/en\/product\/aceite-oliva-virgen-extra-900-balance-botella-100-ml\/\" \/>\n<meta property=\"og:locale\" content=\"en_GB\" \/>\n<meta property=\"og:type\" content=\"article\" \/>\n<meta property=\"og:title\" content=\"Regalo, comuniones, bautizos, bodas.Aceite de Oliva Virgen Extra Balance\" \/>\n<meta property=\"og:description\" content=\"Aceite de Oliva Virgen Extra Balance 900. En formato de cristal de 100 ml. Ideal para regalo, comuniones, bautizos, bodas...\" \/>\n<meta property=\"og:url\" content=\"https:\/\/www.aceitenovecientos.com\/en\/product\/aceite-oliva-virgen-extra-900-balance-botella-100-ml\/\" \/>\n<meta property=\"og:site_name\" content=\"Aceite Novecientos\" \/>\n<meta property=\"article:publisher\" content=\"https:\/\/www.facebook.com\/aceitenovecientos\/\" \/>\n<meta property=\"article:modified_time\" content=\"2023-02-07T11:53:44+00:00\" \/>\n<meta property=\"og:image\" content=\"https:\/\/www.aceitenovecientos.com\/wp-content\/uploads\/2018\/02\/12A0549.jpg\" \/>\n\t<meta property=\"og:image:width\" content=\"1134\" \/>\n\t<meta property=\"og:image:height\" content=\"1134\" \/>\n\t<meta property=\"og:image:type\" content=\"image\/jpeg\" \/>\n<meta name=\"twitter:card\" content=\"summary_large_image\" \/>\n<meta name=\"twitter:label1\" content=\"Estimated reading time\" \/>\n\t<meta name=\"twitter:data1\" content=\"3 minutes\" \/>\n<script type=\"application\/ld+json\" class=\"yoast-schema-graph\">{\"@context\":\"https:\/\/schema.org\",\"@graph\":[{\"@type\":\"WebPage\",\"@id\":\"https:\/\/www.aceitenovecientos.com\/producto\/aceite-oliva-virgen-extra-900-balance-botella-100-ml\/\",\"url\":\"https:\/\/www.aceitenovecientos.com\/producto\/aceite-oliva-virgen-extra-900-balance-botella-100-ml\/\",\"name\":\"Regalo, comuniones, bautizos, bodas.Aceite de Oliva Virgen Extra Balance\",\"isPartOf\":{\"@id\":\"https:\/\/www.aceitenovecientos.com\/#website\"},\"primaryImageOfPage\":{\"@id\":\"https:\/\/www.aceitenovecientos.com\/producto\/aceite-oliva-virgen-extra-900-balance-botella-100-ml\/#primaryimage\"},\"image\":{\"@id\":\"https:\/\/www.aceitenovecientos.com\/producto\/aceite-oliva-virgen-extra-900-balance-botella-100-ml\/#primaryimage\"},\"thumbnailUrl\":\"https:\/\/www.aceitenovecientos.com\/wp-content\/uploads\/2018\/02\/12A0549.jpg\",\"datePublished\":\"2018-02-14T12:26:00+00:00\",\"dateModified\":\"2023-02-07T11:53:44+00:00\",\"description\":\"Aceite de Oliva Virgen Extra Balance 900. En formato de cristal de 100 ml. Ideal para regalo, comuniones, bautizos, bodas...\",\"breadcrumb\":{\"@id\":\"https:\/\/www.aceitenovecientos.com\/producto\/aceite-oliva-virgen-extra-900-balance-botella-100-ml\/#breadcrumb\"},\"inLanguage\":\"en-GB\",\"potentialAction\":[{\"@type\":\"ReadAction\",\"target\":[\"https:\/\/www.aceitenovecientos.com\/producto\/aceite-oliva-virgen-extra-900-balance-botella-100-ml\/\"]}]},{\"@type\":\"ImageObject\",\"inLanguage\":\"en-GB\",\"@id\":\"https:\/\/www.aceitenovecientos.com\/producto\/aceite-oliva-virgen-extra-900-balance-botella-100-ml\/#primaryimage\",\"url\":\"https:\/\/www.aceitenovecientos.com\/wp-content\/uploads\/2018\/02\/12A0549.jpg\",\"contentUrl\":\"https:\/\/www.aceitenovecientos.com\/wp-content\/uploads\/2018\/02\/12A0549.jpg\",\"width\":1134,\"height\":1134,\"caption\":\"aceite de oliva regalo, comuniones, bautizos, bodas, eventos\"},{\"@type\":\"BreadcrumbList\",\"@id\":\"https:\/\/www.aceitenovecientos.com\/producto\/aceite-oliva-virgen-extra-900-balance-botella-100-ml\/#breadcrumb\",\"itemListElement\":[{\"@type\":\"ListItem\",\"position\":1,\"name\":\"Portada\",\"item\":\"https:\/\/www.aceitenovecientos.com\/\"},{\"@type\":\"ListItem\",\"position\":2,\"name\":\"Cat\u00e1logo\",\"item\":\"https:\/\/www.aceitenovecientos.com\/shop\/\"},{\"@type\":\"ListItem\",\"position\":3,\"name\":\"Aceite de Oliva Virgen Extra 900 BALANCE, botella 100 ml.\"}]},{\"@type\":\"WebSite\",\"@id\":\"https:\/\/www.aceitenovecientos.com\/#website\",\"url\":\"https:\/\/www.aceitenovecientos.com\/\",\"name\":\"Aceite Novecientos\",\"description\":\"Aceite de Oliva de Ja\u00e9n\",\"publisher\":{\"@id\":\"https:\/\/www.aceitenovecientos.com\/#organization\"},\"potentialAction\":[{\"@type\":\"SearchAction\",\"target\":{\"@type\":\"EntryPoint\",\"urlTemplate\":\"https:\/\/www.aceitenovecientos.com\/?s={search_term_string}\"},\"query-input\":{\"@type\":\"PropertyValueSpecification\",\"valueRequired\":true,\"valueName\":\"search_term_string\"}}],\"inLanguage\":\"en-GB\"},{\"@type\":\"Organization\",\"@id\":\"https:\/\/www.aceitenovecientos.com\/#organization\",\"name\":\"Aceite Novecientos\",\"url\":\"https:\/\/www.aceitenovecientos.com\/\",\"logo\":{\"@type\":\"ImageObject\",\"inLanguage\":\"en-GB\",\"@id\":\"https:\/\/www.aceitenovecientos.com\/#\/schema\/logo\/image\/\",\"url\":\"https:\/\/www.aceitenovecientos.com\/wp-content\/uploads\/2021\/12\/logo900-head.webp\",\"contentUrl\":\"https:\/\/www.aceitenovecientos.com\/wp-content\/uploads\/2021\/12\/logo900-head.webp\",\"width\":470,\"height\":110,\"caption\":\"Aceite Novecientos\"},\"image\":{\"@id\":\"https:\/\/www.aceitenovecientos.com\/#\/schema\/logo\/image\/\"},\"sameAs\":[\"https:\/\/www.facebook.com\/aceitenovecientos\/\"]}]}<\/script>\n<!-- \/ Yoast SEO plugin. -->","yoast_head_json":{"title":"Regalo, comuniones, bautizos, bodas.Aceite de Oliva Virgen Extra Balance","description":"Aceite de Oliva Virgen Extra Balance 900. En formato de cristal de 100 ml. Ideal para regalo, comuniones, bautizos, bodas...","robots":{"index":"index","follow":"follow","max-snippet":"max-snippet:-1","max-image-preview":"max-image-preview:large","max-video-preview":"max-video-preview:-1"},"canonical":"https:\/\/www.aceitenovecientos.com\/en\/product\/aceite-oliva-virgen-extra-900-balance-botella-100-ml\/","og_locale":"en_GB","og_type":"article","og_title":"Regalo, comuniones, bautizos, bodas.Aceite de Oliva Virgen Extra Balance","og_description":"Aceite de Oliva Virgen Extra Balance 900. En formato de cristal de 100 ml. Ideal para regalo, comuniones, bautizos, bodas...","og_url":"https:\/\/www.aceitenovecientos.com\/en\/product\/aceite-oliva-virgen-extra-900-balance-botella-100-ml\/","og_site_name":"Aceite Novecientos","article_publisher":"https:\/\/www.facebook.com\/aceitenovecientos\/","article_modified_time":"2023-02-07T11:53:44+00:00","og_image":[{"width":1134,"height":1134,"url":"https:\/\/www.aceitenovecientos.com\/wp-content\/uploads\/2018\/02\/12A0549.jpg","type":"image\/jpeg"}],"twitter_card":"summary_large_image","twitter_misc":{"Estimated reading time":"3 minutes"},"schema":{"@context":"https:\/\/schema.org","@graph":[{"@type":"WebPage","@id":"https:\/\/www.aceitenovecientos.com\/producto\/aceite-oliva-virgen-extra-900-balance-botella-100-ml\/","url":"https:\/\/www.aceitenovecientos.com\/producto\/aceite-oliva-virgen-extra-900-balance-botella-100-ml\/","name":"Regalo, comuniones, bautizos, bodas.Aceite de Oliva Virgen Extra Balance","isPartOf":{"@id":"https:\/\/www.aceitenovecientos.com\/#website"},"primaryImageOfPage":{"@id":"https:\/\/www.aceitenovecientos.com\/producto\/aceite-oliva-virgen-extra-900-balance-botella-100-ml\/#primaryimage"},"image":{"@id":"https:\/\/www.aceitenovecientos.com\/producto\/aceite-oliva-virgen-extra-900-balance-botella-100-ml\/#primaryimage"},"thumbnailUrl":"https:\/\/www.aceitenovecientos.com\/wp-content\/uploads\/2018\/02\/12A0549.jpg","datePublished":"2018-02-14T12:26:00+00:00","dateModified":"2023-02-07T11:53:44+00:00","description":"Aceite de Oliva Virgen Extra Balance 900. En formato de cristal de 100 ml. Ideal para regalo, comuniones, bautizos, bodas...","breadcrumb":{"@id":"https:\/\/www.aceitenovecientos.com\/producto\/aceite-oliva-virgen-extra-900-balance-botella-100-ml\/#breadcrumb"},"inLanguage":"en-GB","potentialAction":[{"@type":"ReadAction","target":["https:\/\/www.aceitenovecientos.com\/producto\/aceite-oliva-virgen-extra-900-balance-botella-100-ml\/"]}]},{"@type":"ImageObject","inLanguage":"en-GB","@id":"https:\/\/www.aceitenovecientos.com\/producto\/aceite-oliva-virgen-extra-900-balance-botella-100-ml\/#primaryimage","url":"https:\/\/www.aceitenovecientos.com\/wp-content\/uploads\/2018\/02\/12A0549.jpg","contentUrl":"https:\/\/www.aceitenovecientos.com\/wp-content\/uploads\/2018\/02\/12A0549.jpg","width":1134,"height":1134,"caption":"aceite de oliva regalo, comuniones, bautizos, bodas, eventos"},{"@type":"BreadcrumbList","@id":"https:\/\/www.aceitenovecientos.com\/producto\/aceite-oliva-virgen-extra-900-balance-botella-100-ml\/#breadcrumb","itemListElement":[{"@type":"ListItem","position":1,"name":"Portada","item":"https:\/\/www.aceitenovecientos.com\/"},{"@type":"ListItem","position":2,"name":"Cat\u00e1logo","item":"https:\/\/www.aceitenovecientos.com\/shop\/"},{"@type":"ListItem","position":3,"name":"Aceite de Oliva Virgen Extra 900 BALANCE, botella 100 ml."}]},{"@type":"WebSite","@id":"https:\/\/www.aceitenovecientos.com\/#website","url":"https:\/\/www.aceitenovecientos.com\/","name":"Aceite Novecientos","description":"Aceite de Oliva de Ja\u00e9n","publisher":{"@id":"https:\/\/www.aceitenovecientos.com\/#organization"},"potentialAction":[{"@type":"SearchAction","target":{"@type":"EntryPoint","urlTemplate":"https:\/\/www.aceitenovecientos.com\/?s={search_term_string}"},"query-input":{"@type":"PropertyValueSpecification","valueRequired":true,"valueName":"search_term_string"}}],"inLanguage":"en-GB"},{"@type":"Organization","@id":"https:\/\/www.aceitenovecientos.com\/#organization","name":"Aceite Novecientos","url":"https:\/\/www.aceitenovecientos.com\/","logo":{"@type":"ImageObject","inLanguage":"en-GB","@id":"https:\/\/www.aceitenovecientos.com\/#\/schema\/logo\/image\/","url":"https:\/\/www.aceitenovecientos.com\/wp-content\/uploads\/2021\/12\/logo900-head.webp","contentUrl":"https:\/\/www.aceitenovecientos.com\/wp-content\/uploads\/2021\/12\/logo900-head.webp","width":470,"height":110,"caption":"Aceite Novecientos"},"image":{"@id":"https:\/\/www.aceitenovecientos.com\/#\/schema\/logo\/image\/"},"sameAs":["https:\/\/www.facebook.com\/aceitenovecientos\/"]}]}},"_links":{"self":[{"href":"https:\/\/www.aceitenovecientos.com\/en\/wp-json\/wp\/v2\/product\/1161","targetHints":{"allow":["GET"]}}],"collection":[{"href":"https:\/\/www.aceitenovecientos.com\/en\/wp-json\/wp\/v2\/product"}],"about":[{"href":"https:\/\/www.aceitenovecientos.com\/en\/wp-json\/wp\/v2\/types\/product"}],"replies":[{"embeddable":true,"href":"https:\/\/www.aceitenovecientos.com\/en\/wp-json\/wp\/v2\/comments?post=1161"}],"wp:featuredmedia":[{"embeddable":true,"href":"https:\/\/www.aceitenovecientos.com\/en\/wp-json\/wp\/v2\/media\/1169"}],"wp:attachment":[{"href":"https:\/\/www.aceitenovecientos.com\/en\/wp-json\/wp\/v2\/media?parent=1161"}],"wp:term":[{"taxonomy":"product_cat","embeddable":true,"href":"https:\/\/www.aceitenovecientos.com\/en\/wp-json\/wp\/v2\/product_cat?post=1161"},{"taxonomy":"product_tag","embeddable":true,"href":"https:\/\/www.aceitenovecientos.com\/en\/wp-json\/wp\/v2\/product_tag?post=1161"}],"curies":[{"name":"wp","href":"https:\/\/api.w.org\/{rel}","templated":true}]}}