{"id":1053,"date":"2017-06-22T10:05:16","date_gmt":"2017-06-22T09:05:16","guid":{"rendered":"http:\/\/www.aceitenovecientos.com\/?post_type=product&#038;p=1053"},"modified":"2023-02-07T12:56:12","modified_gmt":"2023-02-07T11:56:12","slug":"caja-regalo-perlas-vinagre-aove","status":"publish","type":"product","link":"https:\/\/www.aceitenovecientos.com\/en\/product\/caja-regalo-perlas-vinagre-aove\/","title":{"rendered":"Caja gourmet 904 con perlas de aceite, vinagre de frambuesa, AOVE 900 TOP y aromatizados 900"},"content":{"rendered":"<h2>Lote de \u00a0regalo realizado en elegante madera que contiene aceite de oliva virgen extra de aromas sorprendentes, vinagre de frambuesa y perlas de aceite de oliva.<\/h2>\n<p>Podr\u00e1s reutilizar la caja regalo aceite de madera del pack para cualquier cosa que se te ocurra. Te proponemos algunas opciones:<\/p>\n<h4>Reuliliza las cajas 900<\/h4>\n<p><img loading=\"lazy\" decoding=\"async\" class=\"alignnone size-full wp-image-280\" src=\"http:\/\/www.aceitenovecientos.com\/wp-content\/uploads\/2016\/08\/reutilizar-caja1.jpg\" alt=\"reutilizar-caja1\" width=\"250\" height=\"250\" srcset=\"https:\/\/www.aceitenovecientos.com\/wp-content\/uploads\/2016\/08\/reutilizar-caja1.jpg 250w, https:\/\/www.aceitenovecientos.com\/wp-content\/uploads\/2016\/08\/reutilizar-caja1-100x100.jpg 100w, https:\/\/www.aceitenovecientos.com\/wp-content\/uploads\/2016\/08\/reutilizar-caja1-150x150.jpg 150w, https:\/\/www.aceitenovecientos.com\/wp-content\/uploads\/2016\/08\/reutilizar-caja1-146x146.jpg 146w, https:\/\/www.aceitenovecientos.com\/wp-content\/uploads\/2016\/08\/reutilizar-caja1-50x50.jpg 50w, https:\/\/www.aceitenovecientos.com\/wp-content\/uploads\/2016\/08\/reutilizar-caja1-75x75.jpg 75w, https:\/\/www.aceitenovecientos.com\/wp-content\/uploads\/2016\/08\/reutilizar-caja1-85x85.jpg 85w, https:\/\/www.aceitenovecientos.com\/wp-content\/uploads\/2016\/08\/reutilizar-caja1-80x80.jpg 80w\" sizes=\"auto, (max-width: 250px) 100vw, 250px\" \/>\u00a0 \u00a0\u00a0<img loading=\"lazy\" decoding=\"async\" class=\"alignnone size-full wp-image-281\" src=\"http:\/\/www.aceitenovecientos.com\/wp-content\/uploads\/2016\/08\/reutilizar-caja2.jpg\" alt=\"reutilizar-caja2\" width=\"250\" height=\"250\" srcset=\"https:\/\/www.aceitenovecientos.com\/wp-content\/uploads\/2016\/08\/reutilizar-caja2.jpg 250w, https:\/\/www.aceitenovecientos.com\/wp-content\/uploads\/2016\/08\/reutilizar-caja2-100x100.jpg 100w, https:\/\/www.aceitenovecientos.com\/wp-content\/uploads\/2016\/08\/reutilizar-caja2-150x150.jpg 150w, https:\/\/www.aceitenovecientos.com\/wp-content\/uploads\/2016\/08\/reutilizar-caja2-146x146.jpg 146w, https:\/\/www.aceitenovecientos.com\/wp-content\/uploads\/2016\/08\/reutilizar-caja2-50x50.jpg 50w, https:\/\/www.aceitenovecientos.com\/wp-content\/uploads\/2016\/08\/reutilizar-caja2-75x75.jpg 75w, https:\/\/www.aceitenovecientos.com\/wp-content\/uploads\/2016\/08\/reutilizar-caja2-85x85.jpg 85w, https:\/\/www.aceitenovecientos.com\/wp-content\/uploads\/2016\/08\/reutilizar-caja2-80x80.jpg 80w\" sizes=\"auto, (max-width: 250px) 100vw, 250px\" \/>\u00a0 \u00a0\u00a0<img loading=\"lazy\" decoding=\"async\" class=\"alignnone size-full wp-image-282\" src=\"http:\/\/www.aceitenovecientos.com\/wp-content\/uploads\/2016\/08\/reutilizar-caja3.jpg\" alt=\"reutilizar-caja3\" width=\"250\" height=\"250\" srcset=\"https:\/\/www.aceitenovecientos.com\/wp-content\/uploads\/2016\/08\/reutilizar-caja3.jpg 250w, https:\/\/www.aceitenovecientos.com\/wp-content\/uploads\/2016\/08\/reutilizar-caja3-100x100.jpg 100w, https:\/\/www.aceitenovecientos.com\/wp-content\/uploads\/2016\/08\/reutilizar-caja3-150x150.jpg 150w, https:\/\/www.aceitenovecientos.com\/wp-content\/uploads\/2016\/08\/reutilizar-caja3-146x146.jpg 146w, https:\/\/www.aceitenovecientos.com\/wp-content\/uploads\/2016\/08\/reutilizar-caja3-50x50.jpg 50w, https:\/\/www.aceitenovecientos.com\/wp-content\/uploads\/2016\/08\/reutilizar-caja3-75x75.jpg 75w, https:\/\/www.aceitenovecientos.com\/wp-content\/uploads\/2016\/08\/reutilizar-caja3-85x85.jpg 85w, https:\/\/www.aceitenovecientos.com\/wp-content\/uploads\/2016\/08\/reutilizar-caja3-80x80.jpg 80w\" sizes=\"auto, (max-width: 250px) 100vw, 250px\" \/><\/p>\n<p>La Caja regalo aceite contiene:<\/p>\n<p>Bote Esferas AOVE, Vinagre Frambuesa, Aceite Chocolate, Aceite Jam\u00f3n Serrano y 900 TOP<\/p>\n<h3>IDEAS PARA UTILIZAR ACEITES DE OLIVA VIRGEN EXTRA AROMATIZADOS<\/h3>\n<p>Para facilitar el uso del aceite de oliva virgen extra (AOVE) y aportar a los plato un valor adicional en originalidad y sorpresa al paladar, te mostramos algunas ideas para triunfar en la mesa.<\/p>\n<h5><u>AOVE 900 TRUFA BLANCA<\/u><\/h5>\n<p>Saltea cualquier pasta una vez cocida, AOVE 900 TRUFA BLANCA. A\u00f1ade los dem\u00e1s ingredientes seleccionados seg\u00fan tus preferencias, verduras, hierbas arom\u00e1ticas, trocitos de pescado al gusto o pollo. Un salteado de cebolla, calabac\u00edn y zanahoria ser\u00e1 estupendo. Si adem\u00e1s a\u00f1ades unas tiras de pollo o pavo a la plancha conseguir\u00e1s un plato incre\u00edblemente sabroso y nutritivo con alimentos sanos.<\/p>\n<p>Puedes utilizar el AOVE 900 TRUFA BLANCA para marcar cualquier carne o pescado a la plancha.<\/p>\n<p><u>\u00a0<\/u><\/p>\n<h5><u>AOVE 900 AHUMADO<\/u><\/h5>\n<p>El ahumado ha sido una t\u00e9cnica de conservaci\u00f3n de alimentos utilizada desde la antig\u00fcedad.\u00a0 Cualquier plato de carne o pescado cocinado con este aceite resultar\u00e1 delicioso.<\/p>\n<p>Aunque el AOVE 900 AHUMADO tiene infinidad de aplicaciones con el \u00fanico l\u00edmite de tu imaginaci\u00f3n, es el ideal acompa\u00f1ante de cualquier pescado a la plancha, merluza, aguja, salm\u00f3n, etc. A\u00f1ade una hierba arom\u00e1tica al gusto, a ser posible fresca, como cilantro, eneldo, salvia o perejil. Un plato sencillo que te ahorrar\u00e1 tiempo sin renunciar al\u00a0 paladar y que le dar\u00e1 un toque singular que lo har\u00e1 apetitoso.<\/p>\n<h5><u>AOVE 900 JAM\u00d3N SERRANO<\/u><\/h5>\n<p>El JAMON SERRANO es uno de los alimentos m\u00e1s valiosos de Espa\u00f1a y est\u00e1 totalmente integrado en nuestra cultura, al igual que el aceite de oliva virgen extra.<\/p>\n<p>La mejor forma y m\u00e1s saludable de tomar AOVE 900 JAM\u00d3N SERRANO es como aderezo de\u00a0 ensaladas. Exaltar\u00e1 su delicioso paladar sin duda. Un chorre\u00f3n generoso de AOVE 900 JAM\u00d3N SERRANO, \u00a0puede hacer que\u00a0 la tostada del desayuno, un s\u00e1ndwich o un bocadillo, no sean simplemente un alimento importante del d\u00eda, sino un momento para disfrutar de un capricho.<\/p>\n<p>Adereza el salmorejo, una vez terminado, con un chorre\u00f3n de este aceite y huevo cocido picado. Delicioso.<\/p>\n<h3>M\u00c1S SABORES:<\/h3>\n<h5><u>AOVE 900 NARANJA<\/u><\/h5>\n<p>Quiz\u00e1 el m\u00e1s vers\u00e1til en la cocina. Potencia el sabor de cualquier plato ya sea dulce o salado, carne o pescado. Sea cual sea la elecci\u00f3n,\u00a0 el AOVE 90 NARANJA, dar\u00e1 a tus platos un suculento y agradable aroma y sabor. La naranja aporta un sabor fresco a los alimentos cocinados en el horno.<\/p>\n<p>Si te decantas por un plato dulce, te proponemos el bizcocho de naranja como plato sencillo. Sustituye cualquier otra grasa por AOVE 900 NARANJA y lo convertir\u00e1s en un plato exquisito, esponjoso y m\u00e1s beneficioso para la salud. Puedes utilizarlo para reposter\u00eda en general.<\/p>\n<h5><u>AOVE 900 ALBAHACA<\/u><\/h5>\n<p>La albahaca es el ingrediente principal de la salsa pesto para pastas. Para conseguir un plato perfecto, saltea la pasta con AOVE 900 ALBAHACA.<\/p>\n<p>A\u00f1ade este aceite a la sart\u00e9n para dar un sabor sofisticado a los alimentos cocinados a la plancha, ya sean pescados o carnes. Ali\u00f1a verduras cocidas al vapor con un chorre\u00f3n de AOVE 900 ALBAHACA y acompa\u00f1a con ella otros platos en el almuerzo o la cena. Un tomate troceado con queso fresco, nueces y este aceite, es una cena perfecta.<\/p>\n<h5><u>AOVE 900 CURRY<\/u><\/h5>\n<p>Sabor de origen asi\u00e1tico pero mundialmente utilizado para aderezar pastas y carnes. Sus aplicaciones son infinitas y puedes probarlo con casi todo. Como plato tradicional sugerimos el kus-kus con verduras pero realmente puedes ali\u00f1ar cualquiera de tus recetas preferidas.<\/p>\n<h5><u>AOVE 900 CHOCOLATE<\/u><\/h5>\n<p>Un desayuno original: pan r\u00fastico, tu fruta favorita troceada (naranja o pl\u00e1tano por ejemplo)\u00a0 y un chorre\u00f3n de AOVE 900 CHOCOLATE. Posiblemente te lleven a recordar tu infancia.<\/p>\n<p>Puedes utilizarlo como sustituto de otras grasas para el bizcocho o galletas. En reposter\u00eda se usa para hacer cremas y acompa\u00f1ar frutas como la pi\u00f1a. Tambi\u00e9n te recomendamos su utilizaci\u00f3n para el pollo al chocolate o para saltear otras carnes a la plancha.<\/p>\n<p>En nuestra web encontrar\u00e1s ideas\u00a0 f\u00e1ciles pero originales para el d\u00eda a d\u00eda. Estar\u00edamos encantados de que nos contaras en que recetas lo has utilizado. Puedes ponerte en contacto con nosotros y\u00a0 sorprendernos.<\/p>","protected":false},"excerpt":{"rendered":"<p><em>Te presentamos un lote de 4 Botellas 100 ml. de aceites con sabores incre\u00edbles\u00a0y vinagre de frambuesa+ 1 Esfera 50 ml.<\/em>\u00a0Caja de madera re-utilizable con una gama completamente diferente de <strong>aceite de oliva virgen extra con diferentes\u00a0sabores<\/strong>\u00a0 para degustar y sorprender a tu paladar, experimentar en la cocina con ensaladas y platos fr\u00edos y para dar un toque especial y sabroso a carnes y pescados.<\/p>\n<p>Tambi\u00e9n es un aceite\u00a0apropiado para preparar dulces, galletas o bizcochos.<\/p>\n<p>El pack incluye:<\/p>\n<p>&#8211;\u00a0Bote de esferas de aceite de oliva virgen extra de 50 gr.<\/p>\n<p>&#8211;\u00a0Botella de Aceite 900 TOP de calidad premium reconocido con galardones internacionales.<\/p>\n<p>&#8211;\u00a0Botella Vinagre de Frambuesa<\/p>\n<p>&#8211; Botella Aceite de Oliva Sabor Chocolate<\/p>\n<p>&#8211; Botella Aceite de Oliva Sabor\u00a0Jam\u00f3n<\/p>","protected":false},"featured_media":1054,"comment_status":"open","ping_status":"closed","template":"","meta":[],"product_cat":[179,8,280,186,29],"product_tag":[146,145,144,129,147,148],"class_list":{"0":"post-1053","1":"product","2":"type-product","3":"status-publish","4":"has-post-thumbnail","6":"product_cat-aceite-de-oliva-aromatizado","7":"product_cat-aceite-de-oliva-virgen-extra","8":"product_cat-esferas-de-aceite-de-oliva-virgen-extra","9":"product_cat-regalos","10":"product_cat-vinagres","11":"product_tag-aceite-de-chocolate","12":"product_tag-aceite-de-espana","13":"product_tag-chocolate","14":"product_tag-delicatesen","15":"product_tag-regalo-diferente","16":"product_tag-regalo-para-mujer","18":"first","19":"instock","20":"taxable","21":"shipping-taxable","22":"purchasable","23":"product-type-simple"},"yoast_head":"<!-- This site is optimized with the Yoast SEO plugin v24.1 - https:\/\/yoast.com\/wordpress\/plugins\/seo\/ -->\n<title>Lote con aceite de chocolate y jam\u00f3n serrano y de otros productos 900<\/title>\n<meta name=\"description\" content=\"Prestigioso lote de aceites aromatizados, caviar de aceite y vinagre de frambuesa. Sorprende con un regalo original de alta calidad y sabor inolvidable.\" \/>\n<meta name=\"robots\" content=\"index, follow, max-snippet:-1, max-image-preview:large, max-video-preview:-1\" \/>\n<link rel=\"canonical\" href=\"https:\/\/www.aceitenovecientos.com\/en\/product\/caja-regalo-perlas-vinagre-aove\/\" \/>\n<meta property=\"og:locale\" content=\"en_GB\" \/>\n<meta property=\"og:type\" content=\"article\" \/>\n<meta property=\"og:title\" content=\"Lote con aceite de chocolate y jam\u00f3n serrano y de otros productos 900\" \/>\n<meta property=\"og:description\" content=\"Prestigioso lote de aceites aromatizados, caviar de aceite y vinagre de frambuesa. Sorprende con un regalo original de alta calidad y sabor inolvidable.\" \/>\n<meta property=\"og:url\" content=\"https:\/\/www.aceitenovecientos.com\/en\/product\/caja-regalo-perlas-vinagre-aove\/\" \/>\n<meta property=\"og:site_name\" content=\"Aceite Novecientos\" \/>\n<meta property=\"article:publisher\" content=\"https:\/\/www.facebook.com\/aceitenovecientos\/\" \/>\n<meta property=\"article:modified_time\" content=\"2023-02-07T11:56:12+00:00\" \/>\n<meta property=\"og:image\" content=\"https:\/\/www.aceitenovecientos.com\/wp-content\/uploads\/2017\/06\/MG_0027.jpg\" \/>\n\t<meta property=\"og:image:width\" content=\"1233\" \/>\n\t<meta property=\"og:image:height\" content=\"1233\" \/>\n\t<meta property=\"og:image:type\" content=\"image\/jpeg\" \/>\n<meta name=\"twitter:card\" content=\"summary_large_image\" \/>\n<meta name=\"twitter:label1\" content=\"Estimated reading time\" \/>\n\t<meta name=\"twitter:data1\" content=\"4 minutes\" \/>\n<script type=\"application\/ld+json\" class=\"yoast-schema-graph\">{\"@context\":\"https:\/\/schema.org\",\"@graph\":[{\"@type\":\"WebPage\",\"@id\":\"https:\/\/www.aceitenovecientos.com\/producto\/caja-regalo-perlas-vinagre-aove\/\",\"url\":\"https:\/\/www.aceitenovecientos.com\/producto\/caja-regalo-perlas-vinagre-aove\/\",\"name\":\"Lote con aceite de chocolate y jam\u00f3n serrano y de otros productos 900\",\"isPartOf\":{\"@id\":\"https:\/\/www.aceitenovecientos.com\/#website\"},\"primaryImageOfPage\":{\"@id\":\"https:\/\/www.aceitenovecientos.com\/producto\/caja-regalo-perlas-vinagre-aove\/#primaryimage\"},\"image\":{\"@id\":\"https:\/\/www.aceitenovecientos.com\/producto\/caja-regalo-perlas-vinagre-aove\/#primaryimage\"},\"thumbnailUrl\":\"https:\/\/www.aceitenovecientos.com\/wp-content\/uploads\/2017\/06\/MG_0027.jpg\",\"datePublished\":\"2017-06-22T09:05:16+00:00\",\"dateModified\":\"2023-02-07T11:56:12+00:00\",\"description\":\"Prestigioso lote de aceites aromatizados, caviar de aceite y vinagre de frambuesa. Sorprende con un regalo original de alta calidad y sabor inolvidable.\",\"breadcrumb\":{\"@id\":\"https:\/\/www.aceitenovecientos.com\/producto\/caja-regalo-perlas-vinagre-aove\/#breadcrumb\"},\"inLanguage\":\"en-GB\",\"potentialAction\":[{\"@type\":\"ReadAction\",\"target\":[\"https:\/\/www.aceitenovecientos.com\/producto\/caja-regalo-perlas-vinagre-aove\/\"]}]},{\"@type\":\"ImageObject\",\"inLanguage\":\"en-GB\",\"@id\":\"https:\/\/www.aceitenovecientos.com\/producto\/caja-regalo-perlas-vinagre-aove\/#primaryimage\",\"url\":\"https:\/\/www.aceitenovecientos.com\/wp-content\/uploads\/2017\/06\/MG_0027.jpg\",\"contentUrl\":\"https:\/\/www.aceitenovecientos.com\/wp-content\/uploads\/2017\/06\/MG_0027.jpg\",\"width\":1233,\"height\":1233,\"caption\":\"Lote sabor chocolate, jam\u00f3n serrano, aceite de oliva, frambuesa y caviar de aceite 900\"},{\"@type\":\"BreadcrumbList\",\"@id\":\"https:\/\/www.aceitenovecientos.com\/producto\/caja-regalo-perlas-vinagre-aove\/#breadcrumb\",\"itemListElement\":[{\"@type\":\"ListItem\",\"position\":1,\"name\":\"Portada\",\"item\":\"https:\/\/www.aceitenovecientos.com\/\"},{\"@type\":\"ListItem\",\"position\":2,\"name\":\"Cat\u00e1logo\",\"item\":\"https:\/\/www.aceitenovecientos.com\/shop\/\"},{\"@type\":\"ListItem\",\"position\":3,\"name\":\"Caja gourmet 904 con perlas de aceite, vinagre de frambuesa, AOVE 900 TOP y aromatizados 900\"}]},{\"@type\":\"WebSite\",\"@id\":\"https:\/\/www.aceitenovecientos.com\/#website\",\"url\":\"https:\/\/www.aceitenovecientos.com\/\",\"name\":\"Aceite Novecientos\",\"description\":\"Aceite de Oliva de Ja\u00e9n\",\"publisher\":{\"@id\":\"https:\/\/www.aceitenovecientos.com\/#organization\"},\"potentialAction\":[{\"@type\":\"SearchAction\",\"target\":{\"@type\":\"EntryPoint\",\"urlTemplate\":\"https:\/\/www.aceitenovecientos.com\/?s={search_term_string}\"},\"query-input\":{\"@type\":\"PropertyValueSpecification\",\"valueRequired\":true,\"valueName\":\"search_term_string\"}}],\"inLanguage\":\"en-GB\"},{\"@type\":\"Organization\",\"@id\":\"https:\/\/www.aceitenovecientos.com\/#organization\",\"name\":\"Aceite Novecientos\",\"url\":\"https:\/\/www.aceitenovecientos.com\/\",\"logo\":{\"@type\":\"ImageObject\",\"inLanguage\":\"en-GB\",\"@id\":\"https:\/\/www.aceitenovecientos.com\/#\/schema\/logo\/image\/\",\"url\":\"https:\/\/www.aceitenovecientos.com\/wp-content\/uploads\/2021\/12\/logo900-head.webp\",\"contentUrl\":\"https:\/\/www.aceitenovecientos.com\/wp-content\/uploads\/2021\/12\/logo900-head.webp\",\"width\":470,\"height\":110,\"caption\":\"Aceite Novecientos\"},\"image\":{\"@id\":\"https:\/\/www.aceitenovecientos.com\/#\/schema\/logo\/image\/\"},\"sameAs\":[\"https:\/\/www.facebook.com\/aceitenovecientos\/\"]}]}<\/script>\n<!-- \/ Yoast SEO plugin. -->","yoast_head_json":{"title":"Lote con aceite de chocolate y jam\u00f3n serrano y de otros productos 900","description":"Prestigioso lote de aceites aromatizados, caviar de aceite y vinagre de frambuesa. Sorprende con un regalo original de alta calidad y sabor inolvidable.","robots":{"index":"index","follow":"follow","max-snippet":"max-snippet:-1","max-image-preview":"max-image-preview:large","max-video-preview":"max-video-preview:-1"},"canonical":"https:\/\/www.aceitenovecientos.com\/en\/product\/caja-regalo-perlas-vinagre-aove\/","og_locale":"en_GB","og_type":"article","og_title":"Lote con aceite de chocolate y jam\u00f3n serrano y de otros productos 900","og_description":"Prestigioso lote de aceites aromatizados, caviar de aceite y vinagre de frambuesa. Sorprende con un regalo original de alta calidad y sabor inolvidable.","og_url":"https:\/\/www.aceitenovecientos.com\/en\/product\/caja-regalo-perlas-vinagre-aove\/","og_site_name":"Aceite Novecientos","article_publisher":"https:\/\/www.facebook.com\/aceitenovecientos\/","article_modified_time":"2023-02-07T11:56:12+00:00","og_image":[{"width":1233,"height":1233,"url":"https:\/\/www.aceitenovecientos.com\/wp-content\/uploads\/2017\/06\/MG_0027.jpg","type":"image\/jpeg"}],"twitter_card":"summary_large_image","twitter_misc":{"Estimated reading time":"4 minutes"},"schema":{"@context":"https:\/\/schema.org","@graph":[{"@type":"WebPage","@id":"https:\/\/www.aceitenovecientos.com\/producto\/caja-regalo-perlas-vinagre-aove\/","url":"https:\/\/www.aceitenovecientos.com\/producto\/caja-regalo-perlas-vinagre-aove\/","name":"Lote con aceite de chocolate y jam\u00f3n serrano y de otros productos 900","isPartOf":{"@id":"https:\/\/www.aceitenovecientos.com\/#website"},"primaryImageOfPage":{"@id":"https:\/\/www.aceitenovecientos.com\/producto\/caja-regalo-perlas-vinagre-aove\/#primaryimage"},"image":{"@id":"https:\/\/www.aceitenovecientos.com\/producto\/caja-regalo-perlas-vinagre-aove\/#primaryimage"},"thumbnailUrl":"https:\/\/www.aceitenovecientos.com\/wp-content\/uploads\/2017\/06\/MG_0027.jpg","datePublished":"2017-06-22T09:05:16+00:00","dateModified":"2023-02-07T11:56:12+00:00","description":"Prestigioso lote de aceites aromatizados, caviar de aceite y vinagre de frambuesa. Sorprende con un regalo original de alta calidad y sabor inolvidable.","breadcrumb":{"@id":"https:\/\/www.aceitenovecientos.com\/producto\/caja-regalo-perlas-vinagre-aove\/#breadcrumb"},"inLanguage":"en-GB","potentialAction":[{"@type":"ReadAction","target":["https:\/\/www.aceitenovecientos.com\/producto\/caja-regalo-perlas-vinagre-aove\/"]}]},{"@type":"ImageObject","inLanguage":"en-GB","@id":"https:\/\/www.aceitenovecientos.com\/producto\/caja-regalo-perlas-vinagre-aove\/#primaryimage","url":"https:\/\/www.aceitenovecientos.com\/wp-content\/uploads\/2017\/06\/MG_0027.jpg","contentUrl":"https:\/\/www.aceitenovecientos.com\/wp-content\/uploads\/2017\/06\/MG_0027.jpg","width":1233,"height":1233,"caption":"Lote sabor chocolate, jam\u00f3n serrano, aceite de oliva, frambuesa y caviar de aceite 900"},{"@type":"BreadcrumbList","@id":"https:\/\/www.aceitenovecientos.com\/producto\/caja-regalo-perlas-vinagre-aove\/#breadcrumb","itemListElement":[{"@type":"ListItem","position":1,"name":"Portada","item":"https:\/\/www.aceitenovecientos.com\/"},{"@type":"ListItem","position":2,"name":"Cat\u00e1logo","item":"https:\/\/www.aceitenovecientos.com\/shop\/"},{"@type":"ListItem","position":3,"name":"Caja gourmet 904 con perlas de aceite, vinagre de frambuesa, AOVE 900 TOP y aromatizados 900"}]},{"@type":"WebSite","@id":"https:\/\/www.aceitenovecientos.com\/#website","url":"https:\/\/www.aceitenovecientos.com\/","name":"Aceite Novecientos","description":"Aceite de Oliva de Ja\u00e9n","publisher":{"@id":"https:\/\/www.aceitenovecientos.com\/#organization"},"potentialAction":[{"@type":"SearchAction","target":{"@type":"EntryPoint","urlTemplate":"https:\/\/www.aceitenovecientos.com\/?s={search_term_string}"},"query-input":{"@type":"PropertyValueSpecification","valueRequired":true,"valueName":"search_term_string"}}],"inLanguage":"en-GB"},{"@type":"Organization","@id":"https:\/\/www.aceitenovecientos.com\/#organization","name":"Aceite Novecientos","url":"https:\/\/www.aceitenovecientos.com\/","logo":{"@type":"ImageObject","inLanguage":"en-GB","@id":"https:\/\/www.aceitenovecientos.com\/#\/schema\/logo\/image\/","url":"https:\/\/www.aceitenovecientos.com\/wp-content\/uploads\/2021\/12\/logo900-head.webp","contentUrl":"https:\/\/www.aceitenovecientos.com\/wp-content\/uploads\/2021\/12\/logo900-head.webp","width":470,"height":110,"caption":"Aceite Novecientos"},"image":{"@id":"https:\/\/www.aceitenovecientos.com\/#\/schema\/logo\/image\/"},"sameAs":["https:\/\/www.facebook.com\/aceitenovecientos\/"]}]}},"_links":{"self":[{"href":"https:\/\/www.aceitenovecientos.com\/en\/wp-json\/wp\/v2\/product\/1053","targetHints":{"allow":["GET"]}}],"collection":[{"href":"https:\/\/www.aceitenovecientos.com\/en\/wp-json\/wp\/v2\/product"}],"about":[{"href":"https:\/\/www.aceitenovecientos.com\/en\/wp-json\/wp\/v2\/types\/product"}],"replies":[{"embeddable":true,"href":"https:\/\/www.aceitenovecientos.com\/en\/wp-json\/wp\/v2\/comments?post=1053"}],"wp:featuredmedia":[{"embeddable":true,"href":"https:\/\/www.aceitenovecientos.com\/en\/wp-json\/wp\/v2\/media\/1054"}],"wp:attachment":[{"href":"https:\/\/www.aceitenovecientos.com\/en\/wp-json\/wp\/v2\/media?parent=1053"}],"wp:term":[{"taxonomy":"product_cat","embeddable":true,"href":"https:\/\/www.aceitenovecientos.com\/en\/wp-json\/wp\/v2\/product_cat?post=1053"},{"taxonomy":"product_tag","embeddable":true,"href":"https:\/\/www.aceitenovecientos.com\/en\/wp-json\/wp\/v2\/product_tag?post=1053"}],"curies":[{"name":"wp","href":"https:\/\/api.w.org\/{rel}","templated":true}]}}