{"id":850,"date":"2017-03-13T12:38:43","date_gmt":"2017-03-13T12:38:43","guid":{"rendered":"http:\/\/www.aceitenovecientos.com\/?page_id=850"},"modified":"2022-03-04T15:07:11","modified_gmt":"2022-03-04T14:07:11","slug":"metodos-de-pago","status":"publish","type":"page","link":"https:\/\/www.aceitenovecientos.com\/en\/metodos-de-pago\/","title":{"rendered":"M\u00e9todos de pago"},"content":{"rendered":"<div class=\"vc_row wpb_row vc_row-fluid\"><div class=\"wpb_column vc_column_container vc_col-sm-12\"><div class=\"vc_column-inner\"><div class=\"wpb_wrapper\">\n\t<div class=\"wpb_text_column wpb_content_element\">\n\t\t<div class=\"wpb_wrapper\">\n\t\t\t<blockquote><p>\nAnte la nueva normativa para comercios que hacen transacciones en entornos virtuales, ORIGEN NOVECIENTOS S.L. cumple el requerimiento de especificar que desarrolla la actividad principal de su comercio en el pa\u00eds de Espa\u00f1a.\n<\/p><\/blockquote>\n<p>Los m\u00e9todos de pago aceptados son:<\/p>\n<ul>\n<li>Trasferencia bancaria \u00a0 \u00a0 <img loading=\"lazy\" decoding=\"async\" class=\"alignnone wp-image-2944\" src=\"https:\/\/www.aceitenovecientos.com\/wp-content\/uploads\/2022\/03\/logo_bbva.jpg\" alt=\"\" width=\"100\" height=\"100\" srcset=\"https:\/\/www.aceitenovecientos.com\/wp-content\/uploads\/2022\/03\/logo_bbva.jpg 225w, https:\/\/www.aceitenovecientos.com\/wp-content\/uploads\/2022\/03\/logo_bbva-150x150.jpg 150w, https:\/\/www.aceitenovecientos.com\/wp-content\/uploads\/2022\/03\/logo_bbva-12x12.jpg 12w, https:\/\/www.aceitenovecientos.com\/wp-content\/uploads\/2022\/03\/logo_bbva-100x100.jpg 100w\" sizes=\"auto, (max-width: 100px) 100vw, 100px\" \/><\/li>\n<\/ul>\n<p>A cuenta BBVA<\/p>\n<ul>\n<li>Paypal \u00a0 \u00a0 <img loading=\"lazy\" decoding=\"async\" class=\"alignnone wp-image-2945\" src=\"https:\/\/www.aceitenovecientos.com\/wp-content\/uploads\/2022\/03\/logo_paypal-300x77.png\" alt=\"\" width=\"140\" height=\"36\" srcset=\"https:\/\/www.aceitenovecientos.com\/wp-content\/uploads\/2022\/03\/logo_paypal-300x77.png 300w, https:\/\/www.aceitenovecientos.com\/wp-content\/uploads\/2022\/03\/logo_paypal-18x5.png 18w, https:\/\/www.aceitenovecientos.com\/wp-content\/uploads\/2022\/03\/logo_paypal-416x107.png 416w, https:\/\/www.aceitenovecientos.com\/wp-content\/uploads\/2022\/03\/logo_paypal.png 443w\" sizes=\"auto, (max-width: 140px) 100vw, 140px\" \/><\/li>\n<\/ul>\n<p>PayPal permite a las empresas o consumidores que dispongan de correo electr\u00f3nico enviar y recibir pagos en Internet de forma segura, c\u00f3moda y rentable.<\/p>\n<ul>\n<li>Tarjetas Redsys \u00a0 \u00a0 <img loading=\"lazy\" decoding=\"async\" class=\"alignnone size-full wp-image-2943\" src=\"https:\/\/www.aceitenovecientos.com\/wp-content\/uploads\/2022\/03\/logo_redsys.png\" alt=\"\" width=\"119\" height=\"42\" srcset=\"https:\/\/www.aceitenovecientos.com\/wp-content\/uploads\/2022\/03\/logo_redsys.png 119w, https:\/\/www.aceitenovecientos.com\/wp-content\/uploads\/2022\/03\/logo_redsys-18x6.png 18w\" sizes=\"auto, (max-width: 119px) 100vw, 119px\" \/><\/li>\n<\/ul>\n<p>Pasarela de pago con tarjeta de Redsys. Te ayudamos en todo lo que necesites desde nuestra web: www.redsys.es<\/p>\n\n\t\t<\/div>\n\t<\/div>\n<\/div><\/div><\/div><\/div>","protected":false},"excerpt":{"rendered":"Ante la nueva normativa para comercios que hacen transacciones en entornos virtuales, ORIGEN NOVECIENTOS S.L. cumple el requerimiento de especificar que desarrolla la actividad principal de su comercio en el pa\u00eds de Espa\u00f1a. Los m\u00e9todos de pago aceptados son: Trasferencia bancaria \u00a0 \u00a0 A cuenta BBVA Paypal \u00a0 \u00a0 PayPal permite a las empresas o [...]","protected":false},"author":1,"featured_media":0,"parent":0,"menu_order":0,"comment_status":"closed","ping_status":"closed","template":"","meta":{"footnotes":""},"class_list":["post-850","page","type-page","status-publish","hentry"],"yoast_head":"<!-- This site is optimized with the Yoast SEO plugin v24.1 - https:\/\/yoast.com\/wordpress\/plugins\/seo\/ -->\n<title>M\u00e9todos de pago - Aceite Novecientos<\/title>\n<meta name=\"robots\" content=\"index, follow, max-snippet:-1, max-image-preview:large, max-video-preview:-1\" \/>\n<link rel=\"canonical\" href=\"https:\/\/www.aceitenovecientos.com\/en\/metodos-de-pago\/\" \/>\n<meta property=\"og:locale\" content=\"en_GB\" \/>\n<meta property=\"og:type\" content=\"article\" \/>\n<meta property=\"og:title\" content=\"M\u00e9todos de pago - Aceite Novecientos\" \/>\n<meta property=\"og:url\" content=\"https:\/\/www.aceitenovecientos.com\/en\/metodos-de-pago\/\" \/>\n<meta property=\"og:site_name\" content=\"Aceite Novecientos\" \/>\n<meta property=\"article:publisher\" content=\"https:\/\/www.facebook.com\/aceitenovecientos\/\" \/>\n<meta property=\"article:modified_time\" content=\"2022-03-04T14:07:11+00:00\" \/>\n<meta property=\"og:image\" content=\"https:\/\/www.aceitenovecientos.com\/wp-content\/uploads\/2022\/03\/logo_bbva.jpg\" \/>\n<meta name=\"twitter:card\" content=\"summary_large_image\" \/>\n<meta name=\"twitter:label1\" content=\"Estimated reading time\" \/>\n\t<meta name=\"twitter:data1\" content=\"2 minutes\" \/>\n<script type=\"application\/ld+json\" class=\"yoast-schema-graph\">{\"@context\":\"https:\/\/schema.org\",\"@graph\":[{\"@type\":\"WebPage\",\"@id\":\"https:\/\/www.aceitenovecientos.com\/metodos-de-pago\/\",\"url\":\"https:\/\/www.aceitenovecientos.com\/metodos-de-pago\/\",\"name\":\"M\u00e9todos de pago - Aceite Novecientos\",\"isPartOf\":{\"@id\":\"https:\/\/www.aceitenovecientos.com\/#website\"},\"primaryImageOfPage\":{\"@id\":\"https:\/\/www.aceitenovecientos.com\/metodos-de-pago\/#primaryimage\"},\"image\":{\"@id\":\"https:\/\/www.aceitenovecientos.com\/metodos-de-pago\/#primaryimage\"},\"thumbnailUrl\":\"https:\/\/www.aceitenovecientos.com\/wp-content\/uploads\/2022\/03\/logo_bbva.jpg\",\"datePublished\":\"2017-03-13T12:38:43+00:00\",\"dateModified\":\"2022-03-04T14:07:11+00:00\",\"breadcrumb\":{\"@id\":\"https:\/\/www.aceitenovecientos.com\/metodos-de-pago\/#breadcrumb\"},\"inLanguage\":\"en-GB\",\"potentialAction\":[{\"@type\":\"ReadAction\",\"target\":[\"https:\/\/www.aceitenovecientos.com\/metodos-de-pago\/\"]}]},{\"@type\":\"ImageObject\",\"inLanguage\":\"en-GB\",\"@id\":\"https:\/\/www.aceitenovecientos.com\/metodos-de-pago\/#primaryimage\",\"url\":\"https:\/\/www.aceitenovecientos.com\/wp-content\/uploads\/2022\/03\/logo_bbva.jpg\",\"contentUrl\":\"https:\/\/www.aceitenovecientos.com\/wp-content\/uploads\/2022\/03\/logo_bbva.jpg\"},{\"@type\":\"BreadcrumbList\",\"@id\":\"https:\/\/www.aceitenovecientos.com\/metodos-de-pago\/#breadcrumb\",\"itemListElement\":[{\"@type\":\"ListItem\",\"position\":1,\"name\":\"Portada\",\"item\":\"https:\/\/www.aceitenovecientos.com\/\"},{\"@type\":\"ListItem\",\"position\":2,\"name\":\"M\u00e9todos de pago\"}]},{\"@type\":\"WebSite\",\"@id\":\"https:\/\/www.aceitenovecientos.com\/#website\",\"url\":\"https:\/\/www.aceitenovecientos.com\/\",\"name\":\"Aceite Novecientos\",\"description\":\"Aceite de Oliva de Ja\u00e9n\",\"publisher\":{\"@id\":\"https:\/\/www.aceitenovecientos.com\/#organization\"},\"potentialAction\":[{\"@type\":\"SearchAction\",\"target\":{\"@type\":\"EntryPoint\",\"urlTemplate\":\"https:\/\/www.aceitenovecientos.com\/?s={search_term_string}\"},\"query-input\":{\"@type\":\"PropertyValueSpecification\",\"valueRequired\":true,\"valueName\":\"search_term_string\"}}],\"inLanguage\":\"en-GB\"},{\"@type\":\"Organization\",\"@id\":\"https:\/\/www.aceitenovecientos.com\/#organization\",\"name\":\"Aceite Novecientos\",\"url\":\"https:\/\/www.aceitenovecientos.com\/\",\"logo\":{\"@type\":\"ImageObject\",\"inLanguage\":\"en-GB\",\"@id\":\"https:\/\/www.aceitenovecientos.com\/#\/schema\/logo\/image\/\",\"url\":\"https:\/\/www.aceitenovecientos.com\/wp-content\/uploads\/2021\/12\/logo900-head.webp\",\"contentUrl\":\"https:\/\/www.aceitenovecientos.com\/wp-content\/uploads\/2021\/12\/logo900-head.webp\",\"width\":470,\"height\":110,\"caption\":\"Aceite Novecientos\"},\"image\":{\"@id\":\"https:\/\/www.aceitenovecientos.com\/#\/schema\/logo\/image\/\"},\"sameAs\":[\"https:\/\/www.facebook.com\/aceitenovecientos\/\"]}]}<\/script>\n<!-- \/ Yoast SEO plugin. -->","yoast_head_json":{"title":"M\u00e9todos de pago - Aceite Novecientos","robots":{"index":"index","follow":"follow","max-snippet":"max-snippet:-1","max-image-preview":"max-image-preview:large","max-video-preview":"max-video-preview:-1"},"canonical":"https:\/\/www.aceitenovecientos.com\/en\/metodos-de-pago\/","og_locale":"en_GB","og_type":"article","og_title":"M\u00e9todos de pago - Aceite Novecientos","og_url":"https:\/\/www.aceitenovecientos.com\/en\/metodos-de-pago\/","og_site_name":"Aceite Novecientos","article_publisher":"https:\/\/www.facebook.com\/aceitenovecientos\/","article_modified_time":"2022-03-04T14:07:11+00:00","og_image":[{"url":"https:\/\/www.aceitenovecientos.com\/wp-content\/uploads\/2022\/03\/logo_bbva.jpg","type":"","width":"","height":""}],"twitter_card":"summary_large_image","twitter_misc":{"Estimated reading time":"2 minutes"},"schema":{"@context":"https:\/\/schema.org","@graph":[{"@type":"WebPage","@id":"https:\/\/www.aceitenovecientos.com\/metodos-de-pago\/","url":"https:\/\/www.aceitenovecientos.com\/metodos-de-pago\/","name":"M\u00e9todos de pago - Aceite Novecientos","isPartOf":{"@id":"https:\/\/www.aceitenovecientos.com\/#website"},"primaryImageOfPage":{"@id":"https:\/\/www.aceitenovecientos.com\/metodos-de-pago\/#primaryimage"},"image":{"@id":"https:\/\/www.aceitenovecientos.com\/metodos-de-pago\/#primaryimage"},"thumbnailUrl":"https:\/\/www.aceitenovecientos.com\/wp-content\/uploads\/2022\/03\/logo_bbva.jpg","datePublished":"2017-03-13T12:38:43+00:00","dateModified":"2022-03-04T14:07:11+00:00","breadcrumb":{"@id":"https:\/\/www.aceitenovecientos.com\/metodos-de-pago\/#breadcrumb"},"inLanguage":"en-GB","potentialAction":[{"@type":"ReadAction","target":["https:\/\/www.aceitenovecientos.com\/metodos-de-pago\/"]}]},{"@type":"ImageObject","inLanguage":"en-GB","@id":"https:\/\/www.aceitenovecientos.com\/metodos-de-pago\/#primaryimage","url":"https:\/\/www.aceitenovecientos.com\/wp-content\/uploads\/2022\/03\/logo_bbva.jpg","contentUrl":"https:\/\/www.aceitenovecientos.com\/wp-content\/uploads\/2022\/03\/logo_bbva.jpg"},{"@type":"BreadcrumbList","@id":"https:\/\/www.aceitenovecientos.com\/metodos-de-pago\/#breadcrumb","itemListElement":[{"@type":"ListItem","position":1,"name":"Portada","item":"https:\/\/www.aceitenovecientos.com\/"},{"@type":"ListItem","position":2,"name":"M\u00e9todos de pago"}]},{"@type":"WebSite","@id":"https:\/\/www.aceitenovecientos.com\/#website","url":"https:\/\/www.aceitenovecientos.com\/","name":"Aceite Novecientos","description":"Aceite de Oliva de Ja\u00e9n","publisher":{"@id":"https:\/\/www.aceitenovecientos.com\/#organization"},"potentialAction":[{"@type":"SearchAction","target":{"@type":"EntryPoint","urlTemplate":"https:\/\/www.aceitenovecientos.com\/?s={search_term_string}"},"query-input":{"@type":"PropertyValueSpecification","valueRequired":true,"valueName":"search_term_string"}}],"inLanguage":"en-GB"},{"@type":"Organization","@id":"https:\/\/www.aceitenovecientos.com\/#organization","name":"Aceite Novecientos","url":"https:\/\/www.aceitenovecientos.com\/","logo":{"@type":"ImageObject","inLanguage":"en-GB","@id":"https:\/\/www.aceitenovecientos.com\/#\/schema\/logo\/image\/","url":"https:\/\/www.aceitenovecientos.com\/wp-content\/uploads\/2021\/12\/logo900-head.webp","contentUrl":"https:\/\/www.aceitenovecientos.com\/wp-content\/uploads\/2021\/12\/logo900-head.webp","width":470,"height":110,"caption":"Aceite Novecientos"},"image":{"@id":"https:\/\/www.aceitenovecientos.com\/#\/schema\/logo\/image\/"},"sameAs":["https:\/\/www.facebook.com\/aceitenovecientos\/"]}]}},"_links":{"self":[{"href":"https:\/\/www.aceitenovecientos.com\/en\/wp-json\/wp\/v2\/pages\/850","targetHints":{"allow":["GET"]}}],"collection":[{"href":"https:\/\/www.aceitenovecientos.com\/en\/wp-json\/wp\/v2\/pages"}],"about":[{"href":"https:\/\/www.aceitenovecientos.com\/en\/wp-json\/wp\/v2\/types\/page"}],"author":[{"embeddable":true,"href":"https:\/\/www.aceitenovecientos.com\/en\/wp-json\/wp\/v2\/users\/1"}],"replies":[{"embeddable":true,"href":"https:\/\/www.aceitenovecientos.com\/en\/wp-json\/wp\/v2\/comments?post=850"}],"version-history":[{"count":5,"href":"https:\/\/www.aceitenovecientos.com\/en\/wp-json\/wp\/v2\/pages\/850\/revisions"}],"predecessor-version":[{"id":2947,"href":"https:\/\/www.aceitenovecientos.com\/en\/wp-json\/wp\/v2\/pages\/850\/revisions\/2947"}],"wp:attachment":[{"href":"https:\/\/www.aceitenovecientos.com\/en\/wp-json\/wp\/v2\/media?parent=850"}],"curies":[{"name":"wp","href":"https:\/\/api.w.org\/{rel}","templated":true}]}}