{"id":450,"date":"2016-08-08T14:02:19","date_gmt":"2016-08-08T13:02:19","guid":{"rendered":"http:\/\/www.aceitenovecientos.com\/nuestros-olivares\/?lang=en"},"modified":"2022-01-31T19:59:37","modified_gmt":"2022-01-31T18:59:37","slug":"nuestros-olivares","status":"publish","type":"page","link":"https:\/\/www.aceitenovecientos.com\/en\/nuestros-olivares\/","title":{"rendered":"Nuestros olivares"},"content":{"rendered":"<div class=\"vc_row wpb_row vc_row-fluid\"><div class=\"wpb_column vc_column_container vc_col-sm-12\"><div class=\"vc_column-inner\"><div class=\"wpb_wrapper\">\n\t<div class=\"wpb_text_column wpb_content_element\">\n\t\t<div class=\"wpb_wrapper\">\n\t\t\t<div class=\"wrap mcb-wrap one-fourth columna4 valign-top clearfix\">\n<div class=\"mcb-wrap-inner\">\n<div class=\"column mcb-column one column_column column-margin-\">\n<div class=\"column_attr clearfix align_justify\">\n<p>La calidad de Novecientos es el resultado del conjunto de todos los cuidados de la aceituna desde nuestros \u00e1rboles hasta su mesa. Por este motivo prestamos especial atenci\u00f3n a nuestros olivos, pues son el comienzo de un proceso que nos garantizar\u00e1 la intensidad de sabor y equilibrio que deseamos en nuestro aceite.<\/p>\n<\/div>\n<\/div>\n<\/div>\n<\/div>\n\n\t\t<\/div>\n\t<\/div>\n<\/div><\/div><\/div><\/div><div class=\"vc_row wpb_row vc_row-fluid\"><div class=\"wpb_column vc_column_container vc_col-sm-12\"><div class=\"vc_column-inner\"><div class=\"wpb_wrapper\">\n\t<div class=\"wpb_text_column wpb_content_element\">\n\t\t<div class=\"wpb_wrapper\">\n\t\t\t<div class=\"wrap mcb-wrap one-fourth columna4 valign-top clearfix\">\n<div class=\"mcb-wrap-inner\">\n<div class=\"column mcb-column one column_column column-margin-\">\n<div class=\"column_attr clearfix align_justify\">\n<h2>\u00bfEn que se diferencian nuestros campos de olivar?<\/h2>\n<p>Nuestra situaci\u00f3n privilegiada, a NOVECIENTOS metros de altitud, es la que nos ayuda a obtener un aceite diferente. Nuestras parcelas se encuentran en el coraz\u00f3n de la Sierra Sur de la provincia de Ja\u00e9n, con un clima sorprendentemente duro para quienes imaginan una c\u00e1lida Andaluc\u00eda.<\/p>\n<p>Las bajas temperaturas de las <b>noches de verano<\/b> favorecen una maduraci\u00f3n lenta de los frutos aport\u00e1ndoles un aroma \u00fanico y especial.<\/p>\n<p>Las fuertes <b>heladas invernales<\/b> combaten de forma natural la mayor\u00eda de las amenazas de nuestro olivar.<\/p>\n<p>En estas condiciones nuestros olivos nos ofrecen un fruto sano y con todas sus propiedades intactas para llegar a la almazara.<\/p>\n<\/div>\n<\/div>\n<\/div>\n<\/div>\n\n\t\t<\/div>\n\t<\/div>\n<\/div><\/div><\/div><\/div><div class=\"vc_row wpb_row vc_row-fluid\"><div class=\"wpb_column vc_column_container vc_col-sm-12\"><div class=\"vc_column-inner\"><div class=\"wpb_wrapper\">\n\t<div class=\"wpb_text_column wpb_content_element\">\n\t\t<div class=\"wpb_wrapper\">\n\t\t\t<div class=\"wrap mcb-wrap one-fourth columna4 valign-top clearfix\">\n<div class=\"mcb-wrap-inner\">\n<div class=\"column mcb-column one column_column column-margin-\">\n<div class=\"column_attr clearfix align_justify\">\n<h2>\u00bfAdem\u00e1s de la altitud, que m\u00e1s caracteriza a nuestras parcelas?<\/h2>\n<p>La pendiente caracteriza nuestras parcelas y condiciona el modo de cultivar nuestros olivos. En muchas zonas no hay lugar para sofisticada maquinaria y las operaciones se realizan de forma manual. Sea cual sea el mecanismo utilizado para la recolecci\u00f3n, lo imprescindible es que en pocas horas la aceituna llege a la almazara donde se procesa de inmediato, de manera natural.<\/p>\n<p>Estos olivares tradicionales, con grandes marcos de plantaci\u00f3n, es decir, con mucha superficie ocupada por cada olivo, consiguen maximizar la luz y facilitan la aireaci\u00f3n necesaria para que la maduraci\u00f3n sea \u00f3ptima.<\/p>\n<\/div>\n<\/div>\n<\/div>\n<\/div>\n\n\t\t<\/div>\n\t<\/div>\n<\/div><\/div><\/div><\/div><div class=\"vc_row wpb_row vc_row-fluid\"><div class=\"wpb_column vc_column_container vc_col-sm-12\"><div class=\"vc_column-inner\"><div class=\"wpb_wrapper\">\n\t<div class=\"wpb_text_column wpb_content_element\">\n\t\t<div class=\"wpb_wrapper\">\n\t\t\t<div class=\"wrap mcb-wrap one-fourth columna4 valign-top clearfix\">\n<div class=\"mcb-wrap-inner\">\n<div class=\"column mcb-column one column_column column-margin-\">\n<div class=\"column_attr clearfix align_justify\">\n<h2>\u00bfY los agricultores?<\/h2>\n<p>Sin un convencimiento claro de que su trabajo es el origen de la calidad final, nada de lo anterior tendr\u00eda sentido. Fruto de esta idea y de la asociaci\u00f3n de agricultores con inquietudes similares, nace este zumo de oliva con un extra de calidad y un sabor original y diferente.<\/p>\n<p>Cuidamos de nuestros olivos respetando el Medio Ambiente, con pr\u00e1cticas que garanticen la sostenibilidad de nuestro medio de vida.<\/p>\n<\/div>\n<\/div>\n<\/div>\n<\/div>\n\n\t\t<\/div>\n\t<\/div>\n<\/div><\/div><\/div><\/div>","protected":false},"excerpt":{"rendered":"La calidad de Novecientos es el resultado del conjunto de todos los cuidados de la aceituna desde nuestros \u00e1rboles hasta su mesa. Por este motivo prestamos especial atenci\u00f3n a nuestros olivos, pues son el comienzo de un proceso que nos garantizar\u00e1 la intensidad de sabor y equilibrio que deseamos en nuestro aceite. \u00bfEn que se [...]","protected":false},"author":1,"featured_media":129,"parent":0,"menu_order":0,"comment_status":"closed","ping_status":"closed","template":"","meta":{"footnotes":""},"class_list":["post-450","page","type-page","status-publish","has-post-thumbnail","hentry"],"yoast_head":"<!-- This site is optimized with the Yoast SEO plugin v24.1 - https:\/\/yoast.com\/wordpress\/plugins\/seo\/ -->\n<title>Nuestros Olivares - Aceite Novecientos<\/title>\n<meta name=\"description\" content=\"La calidad de Novecientos es el resultado del conjunto de todos los cuidados de la aceituna desde nuestros \u00e1rboles hasta su mesa\" \/>\n<meta name=\"robots\" content=\"index, follow, max-snippet:-1, max-image-preview:large, max-video-preview:-1\" \/>\n<link rel=\"canonical\" href=\"https:\/\/www.aceitenovecientos.com\/en\/nuestros-olivares\/\" \/>\n<meta property=\"og:locale\" content=\"en_GB\" \/>\n<meta property=\"og:type\" content=\"article\" \/>\n<meta property=\"og:title\" content=\"Nuestros Olivares - Aceite Novecientos\" \/>\n<meta property=\"og:description\" content=\"La calidad de Novecientos es el resultado del conjunto de todos los cuidados de la aceituna desde nuestros \u00e1rboles hasta su mesa\" \/>\n<meta property=\"og:url\" content=\"https:\/\/www.aceitenovecientos.com\/en\/nuestros-olivares\/\" \/>\n<meta property=\"og:site_name\" content=\"Aceite Novecientos\" \/>\n<meta property=\"article:publisher\" content=\"https:\/\/www.facebook.com\/aceitenovecientos\/\" \/>\n<meta property=\"article:modified_time\" content=\"2022-01-31T18:59:37+00:00\" \/>\n<meta property=\"og:image\" content=\"https:\/\/www.aceitenovecientos.com\/wp-content\/uploads\/2016\/08\/olivares1.jpg\" \/>\n\t<meta property=\"og:image:width\" content=\"1199\" \/>\n\t<meta property=\"og:image:height\" content=\"453\" \/>\n\t<meta property=\"og:image:type\" content=\"image\/jpeg\" \/>\n<meta name=\"twitter:card\" content=\"summary_large_image\" \/>\n<meta name=\"twitter:label1\" content=\"Estimated reading time\" \/>\n\t<meta name=\"twitter:data1\" content=\"2 minutes\" \/>\n<script type=\"application\/ld+json\" class=\"yoast-schema-graph\">{\"@context\":\"https:\/\/schema.org\",\"@graph\":[{\"@type\":\"WebPage\",\"@id\":\"https:\/\/www.aceitenovecientos.com\/nuestros-olivares\/\",\"url\":\"https:\/\/www.aceitenovecientos.com\/nuestros-olivares\/\",\"name\":\"Nuestros Olivares - Aceite Novecientos\",\"isPartOf\":{\"@id\":\"https:\/\/www.aceitenovecientos.com\/#website\"},\"primaryImageOfPage\":{\"@id\":\"https:\/\/www.aceitenovecientos.com\/nuestros-olivares\/#primaryimage\"},\"image\":{\"@id\":\"https:\/\/www.aceitenovecientos.com\/nuestros-olivares\/#primaryimage\"},\"thumbnailUrl\":\"https:\/\/www.aceitenovecientos.com\/wp-content\/uploads\/2016\/08\/olivares1.jpg\",\"datePublished\":\"2016-08-08T13:02:19+00:00\",\"dateModified\":\"2022-01-31T18:59:37+00:00\",\"description\":\"La calidad de Novecientos es el resultado del conjunto de todos los cuidados de la aceituna desde nuestros \u00e1rboles hasta su mesa\",\"breadcrumb\":{\"@id\":\"https:\/\/www.aceitenovecientos.com\/nuestros-olivares\/#breadcrumb\"},\"inLanguage\":\"en-GB\",\"potentialAction\":[{\"@type\":\"ReadAction\",\"target\":[\"https:\/\/www.aceitenovecientos.com\/nuestros-olivares\/\"]}]},{\"@type\":\"ImageObject\",\"inLanguage\":\"en-GB\",\"@id\":\"https:\/\/www.aceitenovecientos.com\/nuestros-olivares\/#primaryimage\",\"url\":\"https:\/\/www.aceitenovecientos.com\/wp-content\/uploads\/2016\/08\/olivares1.jpg\",\"contentUrl\":\"https:\/\/www.aceitenovecientos.com\/wp-content\/uploads\/2016\/08\/olivares1.jpg\",\"width\":1199,\"height\":453},{\"@type\":\"BreadcrumbList\",\"@id\":\"https:\/\/www.aceitenovecientos.com\/nuestros-olivares\/#breadcrumb\",\"itemListElement\":[{\"@type\":\"ListItem\",\"position\":1,\"name\":\"Portada\",\"item\":\"https:\/\/www.aceitenovecientos.com\/\"},{\"@type\":\"ListItem\",\"position\":2,\"name\":\"Nuestros olivares\"}]},{\"@type\":\"WebSite\",\"@id\":\"https:\/\/www.aceitenovecientos.com\/#website\",\"url\":\"https:\/\/www.aceitenovecientos.com\/\",\"name\":\"Aceite Novecientos\",\"description\":\"Aceite de Oliva de Ja\u00e9n\",\"publisher\":{\"@id\":\"https:\/\/www.aceitenovecientos.com\/#organization\"},\"potentialAction\":[{\"@type\":\"SearchAction\",\"target\":{\"@type\":\"EntryPoint\",\"urlTemplate\":\"https:\/\/www.aceitenovecientos.com\/?s={search_term_string}\"},\"query-input\":{\"@type\":\"PropertyValueSpecification\",\"valueRequired\":true,\"valueName\":\"search_term_string\"}}],\"inLanguage\":\"en-GB\"},{\"@type\":\"Organization\",\"@id\":\"https:\/\/www.aceitenovecientos.com\/#organization\",\"name\":\"Aceite Novecientos\",\"url\":\"https:\/\/www.aceitenovecientos.com\/\",\"logo\":{\"@type\":\"ImageObject\",\"inLanguage\":\"en-GB\",\"@id\":\"https:\/\/www.aceitenovecientos.com\/#\/schema\/logo\/image\/\",\"url\":\"https:\/\/www.aceitenovecientos.com\/wp-content\/uploads\/2021\/12\/logo900-head.webp\",\"contentUrl\":\"https:\/\/www.aceitenovecientos.com\/wp-content\/uploads\/2021\/12\/logo900-head.webp\",\"width\":470,\"height\":110,\"caption\":\"Aceite Novecientos\"},\"image\":{\"@id\":\"https:\/\/www.aceitenovecientos.com\/#\/schema\/logo\/image\/\"},\"sameAs\":[\"https:\/\/www.facebook.com\/aceitenovecientos\/\"]}]}<\/script>\n<!-- \/ Yoast SEO plugin. -->","yoast_head_json":{"title":"Nuestros Olivares - Aceite Novecientos","description":"La calidad de Novecientos es el resultado del conjunto de todos los cuidados de la aceituna desde nuestros \u00e1rboles hasta su mesa","robots":{"index":"index","follow":"follow","max-snippet":"max-snippet:-1","max-image-preview":"max-image-preview:large","max-video-preview":"max-video-preview:-1"},"canonical":"https:\/\/www.aceitenovecientos.com\/en\/nuestros-olivares\/","og_locale":"en_GB","og_type":"article","og_title":"Nuestros Olivares - Aceite Novecientos","og_description":"La calidad de Novecientos es el resultado del conjunto de todos los cuidados de la aceituna desde nuestros \u00e1rboles hasta su mesa","og_url":"https:\/\/www.aceitenovecientos.com\/en\/nuestros-olivares\/","og_site_name":"Aceite Novecientos","article_publisher":"https:\/\/www.facebook.com\/aceitenovecientos\/","article_modified_time":"2022-01-31T18:59:37+00:00","og_image":[{"width":1199,"height":453,"url":"https:\/\/www.aceitenovecientos.com\/wp-content\/uploads\/2016\/08\/olivares1.jpg","type":"image\/jpeg"}],"twitter_card":"summary_large_image","twitter_misc":{"Estimated reading time":"2 minutes"},"schema":{"@context":"https:\/\/schema.org","@graph":[{"@type":"WebPage","@id":"https:\/\/www.aceitenovecientos.com\/nuestros-olivares\/","url":"https:\/\/www.aceitenovecientos.com\/nuestros-olivares\/","name":"Nuestros Olivares - Aceite Novecientos","isPartOf":{"@id":"https:\/\/www.aceitenovecientos.com\/#website"},"primaryImageOfPage":{"@id":"https:\/\/www.aceitenovecientos.com\/nuestros-olivares\/#primaryimage"},"image":{"@id":"https:\/\/www.aceitenovecientos.com\/nuestros-olivares\/#primaryimage"},"thumbnailUrl":"https:\/\/www.aceitenovecientos.com\/wp-content\/uploads\/2016\/08\/olivares1.jpg","datePublished":"2016-08-08T13:02:19+00:00","dateModified":"2022-01-31T18:59:37+00:00","description":"La calidad de Novecientos es el resultado del conjunto de todos los cuidados de la aceituna desde nuestros \u00e1rboles hasta su mesa","breadcrumb":{"@id":"https:\/\/www.aceitenovecientos.com\/nuestros-olivares\/#breadcrumb"},"inLanguage":"en-GB","potentialAction":[{"@type":"ReadAction","target":["https:\/\/www.aceitenovecientos.com\/nuestros-olivares\/"]}]},{"@type":"ImageObject","inLanguage":"en-GB","@id":"https:\/\/www.aceitenovecientos.com\/nuestros-olivares\/#primaryimage","url":"https:\/\/www.aceitenovecientos.com\/wp-content\/uploads\/2016\/08\/olivares1.jpg","contentUrl":"https:\/\/www.aceitenovecientos.com\/wp-content\/uploads\/2016\/08\/olivares1.jpg","width":1199,"height":453},{"@type":"BreadcrumbList","@id":"https:\/\/www.aceitenovecientos.com\/nuestros-olivares\/#breadcrumb","itemListElement":[{"@type":"ListItem","position":1,"name":"Portada","item":"https:\/\/www.aceitenovecientos.com\/"},{"@type":"ListItem","position":2,"name":"Nuestros olivares"}]},{"@type":"WebSite","@id":"https:\/\/www.aceitenovecientos.com\/#website","url":"https:\/\/www.aceitenovecientos.com\/","name":"Aceite Novecientos","description":"Aceite de Oliva de Ja\u00e9n","publisher":{"@id":"https:\/\/www.aceitenovecientos.com\/#organization"},"potentialAction":[{"@type":"SearchAction","target":{"@type":"EntryPoint","urlTemplate":"https:\/\/www.aceitenovecientos.com\/?s={search_term_string}"},"query-input":{"@type":"PropertyValueSpecification","valueRequired":true,"valueName":"search_term_string"}}],"inLanguage":"en-GB"},{"@type":"Organization","@id":"https:\/\/www.aceitenovecientos.com\/#organization","name":"Aceite Novecientos","url":"https:\/\/www.aceitenovecientos.com\/","logo":{"@type":"ImageObject","inLanguage":"en-GB","@id":"https:\/\/www.aceitenovecientos.com\/#\/schema\/logo\/image\/","url":"https:\/\/www.aceitenovecientos.com\/wp-content\/uploads\/2021\/12\/logo900-head.webp","contentUrl":"https:\/\/www.aceitenovecientos.com\/wp-content\/uploads\/2021\/12\/logo900-head.webp","width":470,"height":110,"caption":"Aceite Novecientos"},"image":{"@id":"https:\/\/www.aceitenovecientos.com\/#\/schema\/logo\/image\/"},"sameAs":["https:\/\/www.facebook.com\/aceitenovecientos\/"]}]}},"_links":{"self":[{"href":"https:\/\/www.aceitenovecientos.com\/en\/wp-json\/wp\/v2\/pages\/450","targetHints":{"allow":["GET"]}}],"collection":[{"href":"https:\/\/www.aceitenovecientos.com\/en\/wp-json\/wp\/v2\/pages"}],"about":[{"href":"https:\/\/www.aceitenovecientos.com\/en\/wp-json\/wp\/v2\/types\/page"}],"author":[{"embeddable":true,"href":"https:\/\/www.aceitenovecientos.com\/en\/wp-json\/wp\/v2\/users\/1"}],"replies":[{"embeddable":true,"href":"https:\/\/www.aceitenovecientos.com\/en\/wp-json\/wp\/v2\/comments?post=450"}],"version-history":[{"count":6,"href":"https:\/\/www.aceitenovecientos.com\/en\/wp-json\/wp\/v2\/pages\/450\/revisions"}],"predecessor-version":[{"id":2851,"href":"https:\/\/www.aceitenovecientos.com\/en\/wp-json\/wp\/v2\/pages\/450\/revisions\/2851"}],"wp:featuredmedia":[{"embeddable":true,"href":"https:\/\/www.aceitenovecientos.com\/en\/wp-json\/wp\/v2\/media\/129"}],"wp:attachment":[{"href":"https:\/\/www.aceitenovecientos.com\/en\/wp-json\/wp\/v2\/media?parent=450"}],"curies":[{"name":"wp","href":"https:\/\/api.w.org\/{rel}","templated":true}]}}